{"id":29887,"date":"2021-05-11T13:49:31","date_gmt":"2021-05-11T11:49:31","guid":{"rendered":"https:\/\/ueberlebenskunst.at\/survivalshop\/?post_type=product&#038;p=29887"},"modified":"2024-03-20T18:56:45","modified_gmt":"2024-03-20T17:56:45","slug":"united-cutlery-colombian-raptor-machete","status":"seo-produkt","type":"product","link":"https:\/\/ueberlebenskunst.at\/survivalshop\/shop\/united-cutlery-colombian-raptor-machete\/","title":{"rendered":"United Cutlery Colombian Raptor Machete"},"content":{"rendered":"<p>Diese stabile Gebrauchsmachete erledigt Hauarbeiten.<\/p>\n<p>Die Colombian Raptor Machete hat eine gerade Klinge aus robustem 3Cr13-Edelstahl.<\/p>\n<p>Eine lange R\u00fcckens\u00e4ge und ein Rei\u00dfhaken sind willkommene Gimmicks.<\/p>\n<h3>Produktinfo:<\/h3>\n<ul>\n<li>45 cm Gesamtl\u00e4nge<\/li>\n<li>Klingenl\u00e4nge 30,5 cm, 3,6 mm stark<\/li>\n<li>wiegt 540 g<\/li>\n<li>rutschfester Griff aus desert-farbenem ABS-Kunststoff<\/li>\n<li>mit Fangriemen\u00f6se<\/li>\n<\/ul>\n<h3>Lieferumgang:<\/h3>\n<ul>\n<li>Nylon-G\u00fcrtelscheide<\/li>\n<\/ul>\n<p><span style=\"color: #ff0000;\">AUSWEIS ERFORDERLICH &#8211; <\/span><span style=\"color: #ff0000;\"><strong>Achtung: Die Machete kann nur an Personen \u00fcber 18 Jahre abgegeben werden.<\/strong><\/span><br \/>\n<span style=\"color: #ff0000;\"><strong>Bitte eine Ausweiskopie beim Bestellabschluss hochladen.<\/strong><\/span><\/p>\n","protected":false},"excerpt":{"rendered":"<p>Machete<\/p>\n<p>WICHTIG! Verkauf erfolgt erst ab 18 Jahren.<\/p>\n","protected":false},"featured_media":29889,"comment_status":"open","ping_status":"closed","template":"","meta":{"_acf_changed":false},"product_brand":[],"product_cat":[426],"product_tag":[874,875,870,451],"class_list":{"0":"post-29887","1":"product","2":"type-product","3":"status-seo-produkt","4":"has-post-thumbnail","6":"product_cat-unkategorisiert","7":"product_tag-3cr13","8":"product_tag-abs","9":"product_tag-feststehend","10":"product_tag-machete","12":"first","13":"outofstock","14":"taxable","15":"shipping-taxable","16":"product-type-simple"},"acf":[],"yoast_head":"<!-- This site is optimized with the Yoast SEO plugin v27.1.1 - https:\/\/yoast.com\/product\/yoast-seo-wordpress\/ -->\n<title>United Cutlery Colombian Raptor Machete erledigt jeden Job<\/title>\n<meta name=\"description\" content=\"Die Colombian Raptor Machete ist mit einer R\u00fcckens\u00e4ge und Rei\u00dfhaken ausgestattet, mit rutschfestem Griff und Fangriemen\u00f6se.\" \/>\n<meta name=\"robots\" content=\"index, follow, max-snippet:-1, max-image-preview:large, max-video-preview:-1\" \/>\n<link rel=\"canonical\" href=\"https:\/\/ueberlebenskunst.at\/survivalshop\/shop\/united-cutlery-colombian-raptor-machete\/\" \/>\n<meta property=\"og:locale\" content=\"de_DE\" \/>\n<meta property=\"og:type\" content=\"article\" \/>\n<meta property=\"og:title\" content=\"United Cutlery Colombian Raptor Machete erledigt jeden Job\" \/>\n<meta property=\"og:description\" content=\"Die Colombian Raptor Machete ist mit einer R\u00fcckens\u00e4ge und Rei\u00dfhaken ausgestattet, mit rutschfestem Griff und Fangriemen\u00f6se.\" \/>\n<meta property=\"og:url\" content=\"https:\/\/ueberlebenskunst.at\/survivalshop\/shop\/united-cutlery-colombian-raptor-machete\/\" \/>\n<meta property=\"og:site_name\" content=\"Reini Rossmann - Survival Shop\" \/>\n<meta property=\"article:publisher\" content=\"https:\/\/www.facebook.com\/survival24.org\/\" \/>\n<meta property=\"article:modified_time\" content=\"2024-03-20T17:56:45+00:00\" \/>\n<meta property=\"og:image\" content=\"https:\/\/ueberlebenskunst.at\/survivalshop\/wp-content\/uploads\/2021\/05\/United-Cutlery-Colombian-Raptor-Machete_02UC023.jpg\" \/>\n\t<meta property=\"og:image:width\" content=\"551\" \/>\n\t<meta property=\"og:image:height\" content=\"399\" \/>\n\t<meta property=\"og:image:type\" content=\"image\/jpeg\" \/>\n<meta name=\"twitter:card\" content=\"summary_large_image\" \/>\n<meta name=\"twitter:label1\" content=\"Gesch\u00e4tzte Lesezeit\" \/>\n\t<meta name=\"twitter:data1\" content=\"1\u00a0Minute\" \/>\n<script type=\"application\/ld+json\" class=\"yoast-schema-graph\">{\"@context\":\"https:\/\/schema.org\",\"@graph\":[{\"@type\":\"WebPage\",\"@id\":\"https:\/\/ueberlebenskunst.at\/survivalshop\/shop\/united-cutlery-colombian-raptor-machete\/\",\"url\":\"https:\/\/ueberlebenskunst.at\/survivalshop\/shop\/united-cutlery-colombian-raptor-machete\/\",\"name\":\"United Cutlery Colombian Raptor Machete erledigt jeden Job\",\"isPartOf\":{\"@id\":\"https:\/\/ueberlebenskunst.at\/survivalshop\/#website\"},\"primaryImageOfPage\":{\"@id\":\"https:\/\/ueberlebenskunst.at\/survivalshop\/shop\/united-cutlery-colombian-raptor-machete\/#primaryimage\"},\"image\":{\"@id\":\"https:\/\/ueberlebenskunst.at\/survivalshop\/shop\/united-cutlery-colombian-raptor-machete\/#primaryimage\"},\"thumbnailUrl\":\"https:\/\/ueberlebenskunst.at\/survivalshop\/wp-content\/uploads\/2021\/05\/United-Cutlery-Colombian-Raptor-Machete_02UC023.jpg\",\"datePublished\":\"2021-05-11T11:49:31+00:00\",\"dateModified\":\"2024-03-20T17:56:45+00:00\",\"description\":\"Die Colombian Raptor Machete ist mit einer R\u00fcckens\u00e4ge und Rei\u00dfhaken ausgestattet, mit rutschfestem Griff und Fangriemen\u00f6se.\",\"breadcrumb\":{\"@id\":\"https:\/\/ueberlebenskunst.at\/survivalshop\/shop\/united-cutlery-colombian-raptor-machete\/#breadcrumb\"},\"inLanguage\":\"de\",\"potentialAction\":[{\"@type\":\"ReadAction\",\"target\":[\"https:\/\/ueberlebenskunst.at\/survivalshop\/shop\/united-cutlery-colombian-raptor-machete\/\"]}]},{\"@type\":\"ImageObject\",\"inLanguage\":\"de\",\"@id\":\"https:\/\/ueberlebenskunst.at\/survivalshop\/shop\/united-cutlery-colombian-raptor-machete\/#primaryimage\",\"url\":\"https:\/\/ueberlebenskunst.at\/survivalshop\/wp-content\/uploads\/2021\/05\/United-Cutlery-Colombian-Raptor-Machete_02UC023.jpg\",\"contentUrl\":\"https:\/\/ueberlebenskunst.at\/survivalshop\/wp-content\/uploads\/2021\/05\/United-Cutlery-Colombian-Raptor-Machete_02UC023.jpg\",\"width\":551,\"height\":399},{\"@type\":\"BreadcrumbList\",\"@id\":\"https:\/\/ueberlebenskunst.at\/survivalshop\/shop\/united-cutlery-colombian-raptor-machete\/#breadcrumb\",\"itemListElement\":[{\"@type\":\"ListItem\",\"position\":1,\"name\":\"Startseite\",\"item\":\"https:\/\/ueberlebenskunst.at\/survivalshop\/\"},{\"@type\":\"ListItem\",\"position\":2,\"name\":\"Shop\",\"item\":\"https:\/\/ueberlebenskunst.at\/survivalshop\/shop\/\"},{\"@type\":\"ListItem\",\"position\":3,\"name\":\"United Cutlery Colombian Raptor Machete\"}]},{\"@type\":\"WebSite\",\"@id\":\"https:\/\/ueberlebenskunst.at\/survivalshop\/#website\",\"url\":\"https:\/\/ueberlebenskunst.at\/survivalshop\/\",\"name\":\"Reini Rossmann - Survival Shop\",\"description\":\"Survival Shop f\u00fcr Survival, Bushcraft und Prepper\",\"potentialAction\":[{\"@type\":\"SearchAction\",\"target\":{\"@type\":\"EntryPoint\",\"urlTemplate\":\"https:\/\/ueberlebenskunst.at\/survivalshop\/?s={search_term_string}\"},\"query-input\":{\"@type\":\"PropertyValueSpecification\",\"valueRequired\":true,\"valueName\":\"search_term_string\"}}],\"inLanguage\":\"de\"}]}<\/script>\n<!-- \/ Yoast SEO plugin. -->","yoast_head_json":{"title":"United Cutlery Colombian Raptor Machete erledigt jeden Job","description":"Die Colombian Raptor Machete ist mit einer R\u00fcckens\u00e4ge und Rei\u00dfhaken ausgestattet, mit rutschfestem Griff und Fangriemen\u00f6se.","robots":{"index":"index","follow":"follow","max-snippet":"max-snippet:-1","max-image-preview":"max-image-preview:large","max-video-preview":"max-video-preview:-1"},"canonical":"https:\/\/ueberlebenskunst.at\/survivalshop\/shop\/united-cutlery-colombian-raptor-machete\/","og_locale":"de_DE","og_type":"article","og_title":"United Cutlery Colombian Raptor Machete erledigt jeden Job","og_description":"Die Colombian Raptor Machete ist mit einer R\u00fcckens\u00e4ge und Rei\u00dfhaken ausgestattet, mit rutschfestem Griff und Fangriemen\u00f6se.","og_url":"https:\/\/ueberlebenskunst.at\/survivalshop\/shop\/united-cutlery-colombian-raptor-machete\/","og_site_name":"Reini Rossmann - Survival Shop","article_publisher":"https:\/\/www.facebook.com\/survival24.org\/","article_modified_time":"2024-03-20T17:56:45+00:00","og_image":[{"width":551,"height":399,"url":"https:\/\/ueberlebenskunst.at\/survivalshop\/wp-content\/uploads\/2021\/05\/United-Cutlery-Colombian-Raptor-Machete_02UC023.jpg","type":"image\/jpeg"}],"twitter_card":"summary_large_image","twitter_misc":{"Gesch\u00e4tzte Lesezeit":"1\u00a0Minute"},"schema":{"@context":"https:\/\/schema.org","@graph":[{"@type":"WebPage","@id":"https:\/\/ueberlebenskunst.at\/survivalshop\/shop\/united-cutlery-colombian-raptor-machete\/","url":"https:\/\/ueberlebenskunst.at\/survivalshop\/shop\/united-cutlery-colombian-raptor-machete\/","name":"United Cutlery Colombian Raptor Machete erledigt jeden Job","isPartOf":{"@id":"https:\/\/ueberlebenskunst.at\/survivalshop\/#website"},"primaryImageOfPage":{"@id":"https:\/\/ueberlebenskunst.at\/survivalshop\/shop\/united-cutlery-colombian-raptor-machete\/#primaryimage"},"image":{"@id":"https:\/\/ueberlebenskunst.at\/survivalshop\/shop\/united-cutlery-colombian-raptor-machete\/#primaryimage"},"thumbnailUrl":"https:\/\/ueberlebenskunst.at\/survivalshop\/wp-content\/uploads\/2021\/05\/United-Cutlery-Colombian-Raptor-Machete_02UC023.jpg","datePublished":"2021-05-11T11:49:31+00:00","dateModified":"2024-03-20T17:56:45+00:00","description":"Die Colombian Raptor Machete ist mit einer R\u00fcckens\u00e4ge und Rei\u00dfhaken ausgestattet, mit rutschfestem Griff und Fangriemen\u00f6se.","breadcrumb":{"@id":"https:\/\/ueberlebenskunst.at\/survivalshop\/shop\/united-cutlery-colombian-raptor-machete\/#breadcrumb"},"inLanguage":"de","potentialAction":[{"@type":"ReadAction","target":["https:\/\/ueberlebenskunst.at\/survivalshop\/shop\/united-cutlery-colombian-raptor-machete\/"]}]},{"@type":"ImageObject","inLanguage":"de","@id":"https:\/\/ueberlebenskunst.at\/survivalshop\/shop\/united-cutlery-colombian-raptor-machete\/#primaryimage","url":"https:\/\/ueberlebenskunst.at\/survivalshop\/wp-content\/uploads\/2021\/05\/United-Cutlery-Colombian-Raptor-Machete_02UC023.jpg","contentUrl":"https:\/\/ueberlebenskunst.at\/survivalshop\/wp-content\/uploads\/2021\/05\/United-Cutlery-Colombian-Raptor-Machete_02UC023.jpg","width":551,"height":399},{"@type":"BreadcrumbList","@id":"https:\/\/ueberlebenskunst.at\/survivalshop\/shop\/united-cutlery-colombian-raptor-machete\/#breadcrumb","itemListElement":[{"@type":"ListItem","position":1,"name":"Startseite","item":"https:\/\/ueberlebenskunst.at\/survivalshop\/"},{"@type":"ListItem","position":2,"name":"Shop","item":"https:\/\/ueberlebenskunst.at\/survivalshop\/shop\/"},{"@type":"ListItem","position":3,"name":"United Cutlery Colombian Raptor Machete"}]},{"@type":"WebSite","@id":"https:\/\/ueberlebenskunst.at\/survivalshop\/#website","url":"https:\/\/ueberlebenskunst.at\/survivalshop\/","name":"Reini Rossmann - Survival Shop","description":"Survival Shop f\u00fcr Survival, Bushcraft und Prepper","potentialAction":[{"@type":"SearchAction","target":{"@type":"EntryPoint","urlTemplate":"https:\/\/ueberlebenskunst.at\/survivalshop\/?s={search_term_string}"},"query-input":{"@type":"PropertyValueSpecification","valueRequired":true,"valueName":"search_term_string"}}],"inLanguage":"de"}]}},"_links":{"self":[{"href":"https:\/\/ueberlebenskunst.at\/survivalshop\/wp-json\/wp\/v2\/product\/29887","targetHints":{"allow":["GET"]}}],"collection":[{"href":"https:\/\/ueberlebenskunst.at\/survivalshop\/wp-json\/wp\/v2\/product"}],"about":[{"href":"https:\/\/ueberlebenskunst.at\/survivalshop\/wp-json\/wp\/v2\/types\/product"}],"replies":[{"embeddable":true,"href":"https:\/\/ueberlebenskunst.at\/survivalshop\/wp-json\/wp\/v2\/comments?post=29887"}],"wp:featuredmedia":[{"embeddable":true,"href":"https:\/\/ueberlebenskunst.at\/survivalshop\/wp-json\/wp\/v2\/media\/29889"}],"wp:attachment":[{"href":"https:\/\/ueberlebenskunst.at\/survivalshop\/wp-json\/wp\/v2\/media?parent=29887"}],"wp:term":[{"taxonomy":"product_brand","embeddable":true,"href":"https:\/\/ueberlebenskunst.at\/survivalshop\/wp-json\/wp\/v2\/product_brand?post=29887"},{"taxonomy":"product_cat","embeddable":true,"href":"https:\/\/ueberlebenskunst.at\/survivalshop\/wp-json\/wp\/v2\/product_cat?post=29887"},{"taxonomy":"product_tag","embeddable":true,"href":"https:\/\/ueberlebenskunst.at\/survivalshop\/wp-json\/wp\/v2\/product_tag?post=29887"}],"curies":[{"name":"wp","href":"https:\/\/api.w.org\/{rel}","templated":true}]}}