{"id":29870,"date":"2021-05-11T10:53:08","date_gmt":"2021-05-11T08:53:08","guid":{"rendered":"https:\/\/ueberlebenskunst.at\/survivalshop\/?post_type=product&#038;p=29870"},"modified":"2024-03-20T18:57:28","modified_gmt":"2024-03-20T17:57:28","slug":"bastinelli-knives-diagnostic-black","status":"seo-produkt","type":"product","link":"https:\/\/ueberlebenskunst.at\/survivalshop\/shop\/bastinelli-knives-diagnostic-black\/","title":{"rendered":"Bastinelli Knives Diagnostic Black"},"content":{"rendered":"<h3>Bastinelli Knives Diagnostic Black<\/h3>\n<p>Ein handliches Karambit Neck Knife mit &#8220;Chisel Grind&#8221;, das bedeutet eine Seite der Klinge ist geschliffen, die andere bleibt flach, f\u00fcr eine h\u00f6here Sch\u00e4rfe.<\/p>\n<h3>Produktinfo:<\/h3>\n<ul>\n<li>Gesamtl\u00e4nge 9,8 cm<\/li>\n<li>Klingenl\u00e4nge 3,8 cm<\/li>\n<li>Klingenmaterial N69<\/li>\n<li>Cerakote-Beschichtung<\/li>\n<li>Feststehend, mit Daumenloch, strukturierte Auflagefl\u00e4che f\u00fcr perfektes Hantieren<\/li>\n<li>EDC geeignet<\/li>\n<\/ul>\n<h3>\u00a0Lieferumfang:<\/h3>\n<ul>\n<li>Kydexscheide<\/li>\n<li>Kugelkette<\/li>\n<\/ul>\n<p>&nbsp;<\/p>\n<p><span style=\"color: #ff0000;\">AUSWEIS ERFORDERLICH\u00a0<\/span><\/p>\n<p><span style=\"color: #ff0000;\"><strong>Achtung: Das Messer kann nur an Personen \u00fcber 18 Jahre abgegeben werden.<\/strong><\/span><br \/>\n<span style=\"color: #ff0000;\"><strong>Bitte eine Ausweiskopie beim Bestellabschluss hochladen.<\/strong><\/span><\/p>\n","protected":false},"excerpt":{"rendered":"<p>Feststehendes Einsatzmesser von Bastinelli<\/p>\n<p><strong>WICHTIG! Verkauf erfolgt erst ab 18 Jahren.<\/strong><\/p>\n<p>&nbsp;<\/p>\n","protected":false},"featured_media":29871,"comment_status":"open","ping_status":"closed","template":"","meta":{"_acf_changed":false},"product_brand":[],"product_cat":[426],"product_tag":[862,864,270,861,767,672,386,863,688],"class_list":{"0":"post-29870","1":"product","2":"type-product","3":"status-seo-produkt","4":"has-post-thumbnail","6":"product_cat-unkategorisiert","7":"product_tag-bastinelli","8":"product_tag-cerakote","9":"product_tag-edc","10":"product_tag-einsatzmesser","11":"product_tag-feststehende-messer","12":"product_tag-karambit","13":"product_tag-kydexscheide","14":"product_tag-n690","15":"product_tag-neckknife","17":"first","18":"outofstock","19":"taxable","20":"shipping-taxable","21":"product-type-simple"},"acf":[],"yoast_head":"<!-- This site is optimized with the Yoast SEO plugin v27.1.1 - https:\/\/yoast.com\/product\/yoast-seo-wordpress\/ -->\n<title>Bastinelli Knives Diagnostic Black - Karambit Neckknife vom Feinsten<\/title>\n<meta name=\"description\" content=\"Mit Kugelkette und Kydexscheide fungiert es wunderbar als Neckknife. Aus N690 Edelstahl und Cerakote Beschichtung.\" \/>\n<meta name=\"robots\" content=\"index, follow, max-snippet:-1, max-image-preview:large, max-video-preview:-1\" \/>\n<link rel=\"canonical\" href=\"https:\/\/ueberlebenskunst.at\/survivalshop\/shop\/bastinelli-knives-diagnostic-black\/\" \/>\n<meta property=\"og:locale\" content=\"de_DE\" \/>\n<meta property=\"og:type\" content=\"article\" \/>\n<meta property=\"og:title\" content=\"Bastinelli Knives Diagnostic Black - Karambit Neckknife vom Feinsten\" \/>\n<meta property=\"og:description\" content=\"Mit Kugelkette und Kydexscheide fungiert es wunderbar als Neckknife. Aus N690 Edelstahl und Cerakote Beschichtung.\" \/>\n<meta property=\"og:url\" content=\"https:\/\/ueberlebenskunst.at\/survivalshop\/shop\/bastinelli-knives-diagnostic-black\/\" \/>\n<meta property=\"og:site_name\" content=\"Reini Rossmann - Survival Shop\" \/>\n<meta property=\"article:publisher\" content=\"https:\/\/www.facebook.com\/survival24.org\/\" \/>\n<meta property=\"article:modified_time\" content=\"2024-03-20T17:57:28+00:00\" \/>\n<meta property=\"og:image\" content=\"https:\/\/ueberlebenskunst.at\/survivalshop\/wp-content\/uploads\/2021\/05\/Bastinelli-Knives-Diagnostic-Black_02BT021.jpg\" \/>\n\t<meta property=\"og:image:width\" content=\"536\" \/>\n\t<meta property=\"og:image:height\" content=\"399\" \/>\n\t<meta property=\"og:image:type\" content=\"image\/jpeg\" \/>\n<meta name=\"twitter:card\" content=\"summary_large_image\" \/>\n<meta name=\"twitter:label1\" content=\"Gesch\u00e4tzte Lesezeit\" \/>\n\t<meta name=\"twitter:data1\" content=\"1\u00a0Minute\" \/>\n<script type=\"application\/ld+json\" class=\"yoast-schema-graph\">{\"@context\":\"https:\/\/schema.org\",\"@graph\":[{\"@type\":\"WebPage\",\"@id\":\"https:\/\/ueberlebenskunst.at\/survivalshop\/shop\/bastinelli-knives-diagnostic-black\/\",\"url\":\"https:\/\/ueberlebenskunst.at\/survivalshop\/shop\/bastinelli-knives-diagnostic-black\/\",\"name\":\"Bastinelli Knives Diagnostic Black - Karambit Neckknife vom Feinsten\",\"isPartOf\":{\"@id\":\"https:\/\/ueberlebenskunst.at\/survivalshop\/#website\"},\"primaryImageOfPage\":{\"@id\":\"https:\/\/ueberlebenskunst.at\/survivalshop\/shop\/bastinelli-knives-diagnostic-black\/#primaryimage\"},\"image\":{\"@id\":\"https:\/\/ueberlebenskunst.at\/survivalshop\/shop\/bastinelli-knives-diagnostic-black\/#primaryimage\"},\"thumbnailUrl\":\"https:\/\/ueberlebenskunst.at\/survivalshop\/wp-content\/uploads\/2021\/05\/Bastinelli-Knives-Diagnostic-Black_02BT021.jpg\",\"datePublished\":\"2021-05-11T08:53:08+00:00\",\"dateModified\":\"2024-03-20T17:57:28+00:00\",\"description\":\"Mit Kugelkette und Kydexscheide fungiert es wunderbar als Neckknife. Aus N690 Edelstahl und Cerakote Beschichtung.\",\"breadcrumb\":{\"@id\":\"https:\/\/ueberlebenskunst.at\/survivalshop\/shop\/bastinelli-knives-diagnostic-black\/#breadcrumb\"},\"inLanguage\":\"de\",\"potentialAction\":[{\"@type\":\"ReadAction\",\"target\":[\"https:\/\/ueberlebenskunst.at\/survivalshop\/shop\/bastinelli-knives-diagnostic-black\/\"]}]},{\"@type\":\"ImageObject\",\"inLanguage\":\"de\",\"@id\":\"https:\/\/ueberlebenskunst.at\/survivalshop\/shop\/bastinelli-knives-diagnostic-black\/#primaryimage\",\"url\":\"https:\/\/ueberlebenskunst.at\/survivalshop\/wp-content\/uploads\/2021\/05\/Bastinelli-Knives-Diagnostic-Black_02BT021.jpg\",\"contentUrl\":\"https:\/\/ueberlebenskunst.at\/survivalshop\/wp-content\/uploads\/2021\/05\/Bastinelli-Knives-Diagnostic-Black_02BT021.jpg\",\"width\":536,\"height\":399},{\"@type\":\"BreadcrumbList\",\"@id\":\"https:\/\/ueberlebenskunst.at\/survivalshop\/shop\/bastinelli-knives-diagnostic-black\/#breadcrumb\",\"itemListElement\":[{\"@type\":\"ListItem\",\"position\":1,\"name\":\"Startseite\",\"item\":\"https:\/\/ueberlebenskunst.at\/survivalshop\/\"},{\"@type\":\"ListItem\",\"position\":2,\"name\":\"Shop\",\"item\":\"https:\/\/ueberlebenskunst.at\/survivalshop\/shop\/\"},{\"@type\":\"ListItem\",\"position\":3,\"name\":\"Bastinelli Knives Diagnostic Black\"}]},{\"@type\":\"WebSite\",\"@id\":\"https:\/\/ueberlebenskunst.at\/survivalshop\/#website\",\"url\":\"https:\/\/ueberlebenskunst.at\/survivalshop\/\",\"name\":\"Reini Rossmann - Survival Shop\",\"description\":\"Survival Shop f\u00fcr Survival, Bushcraft und Prepper\",\"potentialAction\":[{\"@type\":\"SearchAction\",\"target\":{\"@type\":\"EntryPoint\",\"urlTemplate\":\"https:\/\/ueberlebenskunst.at\/survivalshop\/?s={search_term_string}\"},\"query-input\":{\"@type\":\"PropertyValueSpecification\",\"valueRequired\":true,\"valueName\":\"search_term_string\"}}],\"inLanguage\":\"de\"}]}<\/script>\n<!-- \/ Yoast SEO plugin. -->","yoast_head_json":{"title":"Bastinelli Knives Diagnostic Black - Karambit Neckknife vom Feinsten","description":"Mit Kugelkette und Kydexscheide fungiert es wunderbar als Neckknife. Aus N690 Edelstahl und Cerakote Beschichtung.","robots":{"index":"index","follow":"follow","max-snippet":"max-snippet:-1","max-image-preview":"max-image-preview:large","max-video-preview":"max-video-preview:-1"},"canonical":"https:\/\/ueberlebenskunst.at\/survivalshop\/shop\/bastinelli-knives-diagnostic-black\/","og_locale":"de_DE","og_type":"article","og_title":"Bastinelli Knives Diagnostic Black - Karambit Neckknife vom Feinsten","og_description":"Mit Kugelkette und Kydexscheide fungiert es wunderbar als Neckknife. Aus N690 Edelstahl und Cerakote Beschichtung.","og_url":"https:\/\/ueberlebenskunst.at\/survivalshop\/shop\/bastinelli-knives-diagnostic-black\/","og_site_name":"Reini Rossmann - Survival Shop","article_publisher":"https:\/\/www.facebook.com\/survival24.org\/","article_modified_time":"2024-03-20T17:57:28+00:00","og_image":[{"width":536,"height":399,"url":"https:\/\/ueberlebenskunst.at\/survivalshop\/wp-content\/uploads\/2021\/05\/Bastinelli-Knives-Diagnostic-Black_02BT021.jpg","type":"image\/jpeg"}],"twitter_card":"summary_large_image","twitter_misc":{"Gesch\u00e4tzte Lesezeit":"1\u00a0Minute"},"schema":{"@context":"https:\/\/schema.org","@graph":[{"@type":"WebPage","@id":"https:\/\/ueberlebenskunst.at\/survivalshop\/shop\/bastinelli-knives-diagnostic-black\/","url":"https:\/\/ueberlebenskunst.at\/survivalshop\/shop\/bastinelli-knives-diagnostic-black\/","name":"Bastinelli Knives Diagnostic Black - Karambit Neckknife vom Feinsten","isPartOf":{"@id":"https:\/\/ueberlebenskunst.at\/survivalshop\/#website"},"primaryImageOfPage":{"@id":"https:\/\/ueberlebenskunst.at\/survivalshop\/shop\/bastinelli-knives-diagnostic-black\/#primaryimage"},"image":{"@id":"https:\/\/ueberlebenskunst.at\/survivalshop\/shop\/bastinelli-knives-diagnostic-black\/#primaryimage"},"thumbnailUrl":"https:\/\/ueberlebenskunst.at\/survivalshop\/wp-content\/uploads\/2021\/05\/Bastinelli-Knives-Diagnostic-Black_02BT021.jpg","datePublished":"2021-05-11T08:53:08+00:00","dateModified":"2024-03-20T17:57:28+00:00","description":"Mit Kugelkette und Kydexscheide fungiert es wunderbar als Neckknife. Aus N690 Edelstahl und Cerakote Beschichtung.","breadcrumb":{"@id":"https:\/\/ueberlebenskunst.at\/survivalshop\/shop\/bastinelli-knives-diagnostic-black\/#breadcrumb"},"inLanguage":"de","potentialAction":[{"@type":"ReadAction","target":["https:\/\/ueberlebenskunst.at\/survivalshop\/shop\/bastinelli-knives-diagnostic-black\/"]}]},{"@type":"ImageObject","inLanguage":"de","@id":"https:\/\/ueberlebenskunst.at\/survivalshop\/shop\/bastinelli-knives-diagnostic-black\/#primaryimage","url":"https:\/\/ueberlebenskunst.at\/survivalshop\/wp-content\/uploads\/2021\/05\/Bastinelli-Knives-Diagnostic-Black_02BT021.jpg","contentUrl":"https:\/\/ueberlebenskunst.at\/survivalshop\/wp-content\/uploads\/2021\/05\/Bastinelli-Knives-Diagnostic-Black_02BT021.jpg","width":536,"height":399},{"@type":"BreadcrumbList","@id":"https:\/\/ueberlebenskunst.at\/survivalshop\/shop\/bastinelli-knives-diagnostic-black\/#breadcrumb","itemListElement":[{"@type":"ListItem","position":1,"name":"Startseite","item":"https:\/\/ueberlebenskunst.at\/survivalshop\/"},{"@type":"ListItem","position":2,"name":"Shop","item":"https:\/\/ueberlebenskunst.at\/survivalshop\/shop\/"},{"@type":"ListItem","position":3,"name":"Bastinelli Knives Diagnostic Black"}]},{"@type":"WebSite","@id":"https:\/\/ueberlebenskunst.at\/survivalshop\/#website","url":"https:\/\/ueberlebenskunst.at\/survivalshop\/","name":"Reini Rossmann - Survival Shop","description":"Survival Shop f\u00fcr Survival, Bushcraft und Prepper","potentialAction":[{"@type":"SearchAction","target":{"@type":"EntryPoint","urlTemplate":"https:\/\/ueberlebenskunst.at\/survivalshop\/?s={search_term_string}"},"query-input":{"@type":"PropertyValueSpecification","valueRequired":true,"valueName":"search_term_string"}}],"inLanguage":"de"}]}},"_links":{"self":[{"href":"https:\/\/ueberlebenskunst.at\/survivalshop\/wp-json\/wp\/v2\/product\/29870","targetHints":{"allow":["GET"]}}],"collection":[{"href":"https:\/\/ueberlebenskunst.at\/survivalshop\/wp-json\/wp\/v2\/product"}],"about":[{"href":"https:\/\/ueberlebenskunst.at\/survivalshop\/wp-json\/wp\/v2\/types\/product"}],"replies":[{"embeddable":true,"href":"https:\/\/ueberlebenskunst.at\/survivalshop\/wp-json\/wp\/v2\/comments?post=29870"}],"wp:featuredmedia":[{"embeddable":true,"href":"https:\/\/ueberlebenskunst.at\/survivalshop\/wp-json\/wp\/v2\/media\/29871"}],"wp:attachment":[{"href":"https:\/\/ueberlebenskunst.at\/survivalshop\/wp-json\/wp\/v2\/media?parent=29870"}],"wp:term":[{"taxonomy":"product_brand","embeddable":true,"href":"https:\/\/ueberlebenskunst.at\/survivalshop\/wp-json\/wp\/v2\/product_brand?post=29870"},{"taxonomy":"product_cat","embeddable":true,"href":"https:\/\/ueberlebenskunst.at\/survivalshop\/wp-json\/wp\/v2\/product_cat?post=29870"},{"taxonomy":"product_tag","embeddable":true,"href":"https:\/\/ueberlebenskunst.at\/survivalshop\/wp-json\/wp\/v2\/product_tag?post=29870"}],"curies":[{"name":"wp","href":"https:\/\/api.w.org\/{rel}","templated":true}]}}