{"id":25666,"date":"2021-04-04T18:10:06","date_gmt":"2021-04-04T16:10:06","guid":{"rendered":"https:\/\/ueberlebenskunst.at\/survivalshop\/?post_type=product&#038;p=25666"},"modified":"2025-11-24T11:58:30","modified_gmt":"2025-11-24T10:58:30","slug":"reini-rossmann-messer-bushcraft-beaver","status":"publish","type":"product","link":"https:\/\/ueberlebenskunst.at\/survivalshop\/shop\/reini-rossmann-messer-bushcraft-beaver\/","title":{"rendered":"Reini Rossmann Messer &#8211; Bushcraft Beaver"},"content":{"rendered":"<p>Seit vielen Monaten, ja sogar Jahren ist es nun endlich soweit. Der Bushcraft Beaver ist verf\u00fcgbar.<\/p>\n<h3>Die Idee und der Einsatzbereich des Bushcraft Beavers<\/h3>\n<p>Auf der Suche nach einem Allround Outdoor Messer habe ich viele Klingen in H\u00e4nden halten d\u00fcrfen.<br \/>\nEs waren hunderte vielleicht so \u00fcber tausend unterschiedliche Messertypen, mit denen ich gearbeitet bzw. die ich zumindest in der Hand hatte.<br \/>\nJedes Messer hat sein Einsatzgebiet, seine Vor- und Nachteile. Das hat mich dazu bewegt, ein Bushcraft und Outdoor Survival Messer zu erstellen,<br \/>\ndas meinen Vorstellungen und meiner Art zu arbeiten entspricht.<\/p>\n<h3>Technische Daten im \u00dcberblick:<\/h3>\n<ul>\n<li>Stahl: D2 Kohlenstoffstahl mit rosttr\u00e4ger Eigenschaft<\/li>\n<li>H\u00e4rte: 60 HRC<\/li>\n<li>Klingenl\u00e4nge: ca. 13,2 cm<\/li>\n<li>Klingendicke: 4,1 mm<\/li>\n<li>Klingenh\u00f6he: 34 mm<\/li>\n<li>Griffl\u00e4nge: ca. 13,2 cm<\/li>\n<li>Gewicht: ca. 270 g<\/li>\n<li>G10 Griffschalen mit farbigen Einlagen<\/li>\n<\/ul>\n<h3>Lieferumfang im Detail:<\/h3>\n<ul>\n<li>Messer<\/li>\n<li>passende Kydexscheide<\/li>\n<li>Dangler-Adapter inkl. Leder-Gurtriemen<\/li>\n<li>Tek-Lok<\/li>\n<\/ul>\n<p><a href=\"https:\/\/ueberlebenskunst.at\/survivalshop\/Datenblatt_Messer\" target=\"_blank\" rel=\"noopener\"><strong>&gt;&gt; Download Sicherheitsdatenblatt &lt;&lt;<\/strong><\/a><\/p>\n<p><a href=\"https:\/\/ueberlebenskunst.at\/survivalshop\/wp-content\/uploads\/2021\/11\/Logo_Messer.png\"><img decoding=\"async\" class=\"alignnone wp-image-179575\" src=\"https:\/\/ueberlebenskunst.at\/survivalshop\/wp-content\/uploads\/2021\/11\/Logo_Messer-300x85.png\" alt=\"\" width=\"281\" height=\"80\" srcset=\"https:\/\/ueberlebenskunst.at\/survivalshop\/wp-content\/uploads\/2021\/11\/Logo_Messer-300x85.png 300w, https:\/\/ueberlebenskunst.at\/survivalshop\/wp-content\/uploads\/2021\/11\/Logo_Messer-64x18.png 64w, https:\/\/ueberlebenskunst.at\/survivalshop\/wp-content\/uploads\/2021\/11\/Logo_Messer.png 365w\" sizes=\"(max-width: 281px) 100vw, 281px\" \/><\/a><\/p>\n","protected":false},"excerpt":{"rendered":"<p>Seit vielen Monaten, ja sogar Jahren ist es nun endlich soweit. Der Bushcraft Beaver ist verf\u00fcgbar. Die Idee und der Einsatzbereich des Bushcraft Beavers Auf der Suche nach einem Allround Outdoor Messer habe ich viele Klingen in H\u00e4nden halten d\u00fcrfen. Es waren hunderte vielleicht so \u00fcber tausend unterschiedliche Messertypen, mit denen ich gearbeitet bzw. die [&hellip;]<\/p>\n","protected":false},"featured_media":136354,"comment_status":"open","ping_status":"closed","template":"","meta":{"_acf_changed":false},"product_brand":[],"product_cat":[1790,1805],"product_tag":[711,803,818],"class_list":{"0":"post-25666","1":"product","2":"type-product","3":"status-publish","4":"has-post-thumbnail","6":"product_cat-knives-4","7":"product_cat-messer-messer-tools","8":"product_tag-bushcraft-messer","9":"product_tag-d2","10":"product_tag-reini-rossmann-messer","11":"pa_platform-schwarz-poliert","12":"pa_platform-schwarz-stonewashed","13":"pa_platform-schwarz-orange-poliert","14":"pa_platform-schwarz-orange-stonewashed","16":"first","17":"outofstock","18":"taxable","19":"shipping-taxable","20":"product-type-variable","21":"has-default-attributes"},"acf":[],"yoast_head":"<!-- This site is optimized with the Yoast SEO plugin v27.1.1 - https:\/\/yoast.com\/product\/yoast-seo-wordpress\/ -->\n<title>Reini Rossmann Messer - Bushcraft Beaver<\/title>\n<meta name=\"robots\" content=\"index, follow, max-snippet:-1, max-image-preview:large, max-video-preview:-1\" \/>\n<link rel=\"canonical\" href=\"https:\/\/ueberlebenskunst.at\/survivalshop\/shop\/reini-rossmann-messer-bushcraft-beaver\/\" \/>\n<meta property=\"og:locale\" content=\"de_DE\" \/>\n<meta property=\"og:type\" content=\"article\" \/>\n<meta property=\"og:title\" content=\"Reini Rossmann Messer - Bushcraft Beaver\" \/>\n<meta property=\"og:description\" content=\"Seit vielen Monaten, ja sogar Jahren ist es nun endlich soweit. Der Bushcraft Beaver ist verf\u00fcgbar. Die Idee und der Einsatzbereich des Bushcraft Beavers Auf der Suche nach einem Allround Outdoor Messer habe ich viele Klingen in H\u00e4nden halten d\u00fcrfen. Es waren hunderte vielleicht so \u00fcber tausend unterschiedliche Messertypen, mit denen ich gearbeitet bzw. die [&hellip;]\" \/>\n<meta property=\"og:url\" content=\"https:\/\/ueberlebenskunst.at\/survivalshop\/shop\/reini-rossmann-messer-bushcraft-beaver\/\" \/>\n<meta property=\"og:site_name\" content=\"Reini Rossmann - Survival Shop\" \/>\n<meta property=\"article:publisher\" content=\"https:\/\/www.facebook.com\/survival24.org\/\" \/>\n<meta property=\"article:modified_time\" content=\"2025-11-24T10:58:30+00:00\" \/>\n<meta property=\"og:image\" content=\"https:\/\/ueberlebenskunst.at\/survivalshop\/wp-content\/uploads\/2021\/04\/K4_Bushcraft_Beaver_Messer_schwarz_orange_sk-1.jpg\" \/>\n\t<meta property=\"og:image:width\" content=\"400\" \/>\n\t<meta property=\"og:image:height\" content=\"400\" \/>\n\t<meta property=\"og:image:type\" content=\"image\/jpeg\" \/>\n<meta name=\"twitter:card\" content=\"summary_large_image\" \/>\n<meta name=\"twitter:label1\" content=\"Gesch\u00e4tzte Lesezeit\" \/>\n\t<meta name=\"twitter:data1\" content=\"2\u00a0Minuten\" \/>\n<script type=\"application\/ld+json\" class=\"yoast-schema-graph\">{\"@context\":\"https:\/\/schema.org\",\"@graph\":[{\"@type\":\"WebPage\",\"@id\":\"https:\/\/ueberlebenskunst.at\/survivalshop\/shop\/reini-rossmann-messer-bushcraft-beaver\/\",\"url\":\"https:\/\/ueberlebenskunst.at\/survivalshop\/shop\/reini-rossmann-messer-bushcraft-beaver\/\",\"name\":\"Reini Rossmann Messer - Bushcraft Beaver\",\"isPartOf\":{\"@id\":\"https:\/\/ueberlebenskunst.at\/survivalshop\/#website\"},\"primaryImageOfPage\":{\"@id\":\"https:\/\/ueberlebenskunst.at\/survivalshop\/shop\/reini-rossmann-messer-bushcraft-beaver\/#primaryimage\"},\"image\":{\"@id\":\"https:\/\/ueberlebenskunst.at\/survivalshop\/shop\/reini-rossmann-messer-bushcraft-beaver\/#primaryimage\"},\"thumbnailUrl\":\"https:\/\/ueberlebenskunst.at\/survivalshop\/wp-content\/uploads\/2021\/04\/K4_Bushcraft_Beaver_Messer_schwarz_orange_sk-1.jpg\",\"datePublished\":\"2021-04-04T16:10:06+00:00\",\"dateModified\":\"2025-11-24T10:58:30+00:00\",\"breadcrumb\":{\"@id\":\"https:\/\/ueberlebenskunst.at\/survivalshop\/shop\/reini-rossmann-messer-bushcraft-beaver\/#breadcrumb\"},\"inLanguage\":\"de\",\"potentialAction\":[{\"@type\":\"ReadAction\",\"target\":[\"https:\/\/ueberlebenskunst.at\/survivalshop\/shop\/reini-rossmann-messer-bushcraft-beaver\/\"]}]},{\"@type\":\"ImageObject\",\"inLanguage\":\"de\",\"@id\":\"https:\/\/ueberlebenskunst.at\/survivalshop\/shop\/reini-rossmann-messer-bushcraft-beaver\/#primaryimage\",\"url\":\"https:\/\/ueberlebenskunst.at\/survivalshop\/wp-content\/uploads\/2021\/04\/K4_Bushcraft_Beaver_Messer_schwarz_orange_sk-1.jpg\",\"contentUrl\":\"https:\/\/ueberlebenskunst.at\/survivalshop\/wp-content\/uploads\/2021\/04\/K4_Bushcraft_Beaver_Messer_schwarz_orange_sk-1.jpg\",\"width\":400,\"height\":400},{\"@type\":\"BreadcrumbList\",\"@id\":\"https:\/\/ueberlebenskunst.at\/survivalshop\/shop\/reini-rossmann-messer-bushcraft-beaver\/#breadcrumb\",\"itemListElement\":[{\"@type\":\"ListItem\",\"position\":1,\"name\":\"Startseite\",\"item\":\"https:\/\/ueberlebenskunst.at\/survivalshop\/\"},{\"@type\":\"ListItem\",\"position\":2,\"name\":\"Shop\",\"item\":\"https:\/\/ueberlebenskunst.at\/survivalshop\/shop\/\"},{\"@type\":\"ListItem\",\"position\":3,\"name\":\"Reini Rossmann Messer &#8211; Bushcraft Beaver\"}]},{\"@type\":\"WebSite\",\"@id\":\"https:\/\/ueberlebenskunst.at\/survivalshop\/#website\",\"url\":\"https:\/\/ueberlebenskunst.at\/survivalshop\/\",\"name\":\"Reini Rossmann - Survival Shop\",\"description\":\"Survival Shop f\u00fcr Survival, Bushcraft und Prepper\",\"potentialAction\":[{\"@type\":\"SearchAction\",\"target\":{\"@type\":\"EntryPoint\",\"urlTemplate\":\"https:\/\/ueberlebenskunst.at\/survivalshop\/?s={search_term_string}\"},\"query-input\":{\"@type\":\"PropertyValueSpecification\",\"valueRequired\":true,\"valueName\":\"search_term_string\"}}],\"inLanguage\":\"de\"}]}<\/script>\n<!-- \/ Yoast SEO plugin. -->","yoast_head_json":{"title":"Reini Rossmann Messer - Bushcraft Beaver","robots":{"index":"index","follow":"follow","max-snippet":"max-snippet:-1","max-image-preview":"max-image-preview:large","max-video-preview":"max-video-preview:-1"},"canonical":"https:\/\/ueberlebenskunst.at\/survivalshop\/shop\/reini-rossmann-messer-bushcraft-beaver\/","og_locale":"de_DE","og_type":"article","og_title":"Reini Rossmann Messer - Bushcraft Beaver","og_description":"Seit vielen Monaten, ja sogar Jahren ist es nun endlich soweit. Der Bushcraft Beaver ist verf\u00fcgbar. Die Idee und der Einsatzbereich des Bushcraft Beavers Auf der Suche nach einem Allround Outdoor Messer habe ich viele Klingen in H\u00e4nden halten d\u00fcrfen. Es waren hunderte vielleicht so \u00fcber tausend unterschiedliche Messertypen, mit denen ich gearbeitet bzw. die [&hellip;]","og_url":"https:\/\/ueberlebenskunst.at\/survivalshop\/shop\/reini-rossmann-messer-bushcraft-beaver\/","og_site_name":"Reini Rossmann - Survival Shop","article_publisher":"https:\/\/www.facebook.com\/survival24.org\/","article_modified_time":"2025-11-24T10:58:30+00:00","og_image":[{"width":400,"height":400,"url":"https:\/\/ueberlebenskunst.at\/survivalshop\/wp-content\/uploads\/2021\/04\/K4_Bushcraft_Beaver_Messer_schwarz_orange_sk-1.jpg","type":"image\/jpeg"}],"twitter_card":"summary_large_image","twitter_misc":{"Gesch\u00e4tzte Lesezeit":"2\u00a0Minuten"},"schema":{"@context":"https:\/\/schema.org","@graph":[{"@type":"WebPage","@id":"https:\/\/ueberlebenskunst.at\/survivalshop\/shop\/reini-rossmann-messer-bushcraft-beaver\/","url":"https:\/\/ueberlebenskunst.at\/survivalshop\/shop\/reini-rossmann-messer-bushcraft-beaver\/","name":"Reini Rossmann Messer - Bushcraft Beaver","isPartOf":{"@id":"https:\/\/ueberlebenskunst.at\/survivalshop\/#website"},"primaryImageOfPage":{"@id":"https:\/\/ueberlebenskunst.at\/survivalshop\/shop\/reini-rossmann-messer-bushcraft-beaver\/#primaryimage"},"image":{"@id":"https:\/\/ueberlebenskunst.at\/survivalshop\/shop\/reini-rossmann-messer-bushcraft-beaver\/#primaryimage"},"thumbnailUrl":"https:\/\/ueberlebenskunst.at\/survivalshop\/wp-content\/uploads\/2021\/04\/K4_Bushcraft_Beaver_Messer_schwarz_orange_sk-1.jpg","datePublished":"2021-04-04T16:10:06+00:00","dateModified":"2025-11-24T10:58:30+00:00","breadcrumb":{"@id":"https:\/\/ueberlebenskunst.at\/survivalshop\/shop\/reini-rossmann-messer-bushcraft-beaver\/#breadcrumb"},"inLanguage":"de","potentialAction":[{"@type":"ReadAction","target":["https:\/\/ueberlebenskunst.at\/survivalshop\/shop\/reini-rossmann-messer-bushcraft-beaver\/"]}]},{"@type":"ImageObject","inLanguage":"de","@id":"https:\/\/ueberlebenskunst.at\/survivalshop\/shop\/reini-rossmann-messer-bushcraft-beaver\/#primaryimage","url":"https:\/\/ueberlebenskunst.at\/survivalshop\/wp-content\/uploads\/2021\/04\/K4_Bushcraft_Beaver_Messer_schwarz_orange_sk-1.jpg","contentUrl":"https:\/\/ueberlebenskunst.at\/survivalshop\/wp-content\/uploads\/2021\/04\/K4_Bushcraft_Beaver_Messer_schwarz_orange_sk-1.jpg","width":400,"height":400},{"@type":"BreadcrumbList","@id":"https:\/\/ueberlebenskunst.at\/survivalshop\/shop\/reini-rossmann-messer-bushcraft-beaver\/#breadcrumb","itemListElement":[{"@type":"ListItem","position":1,"name":"Startseite","item":"https:\/\/ueberlebenskunst.at\/survivalshop\/"},{"@type":"ListItem","position":2,"name":"Shop","item":"https:\/\/ueberlebenskunst.at\/survivalshop\/shop\/"},{"@type":"ListItem","position":3,"name":"Reini Rossmann Messer &#8211; Bushcraft Beaver"}]},{"@type":"WebSite","@id":"https:\/\/ueberlebenskunst.at\/survivalshop\/#website","url":"https:\/\/ueberlebenskunst.at\/survivalshop\/","name":"Reini Rossmann - Survival Shop","description":"Survival Shop f\u00fcr Survival, Bushcraft und Prepper","potentialAction":[{"@type":"SearchAction","target":{"@type":"EntryPoint","urlTemplate":"https:\/\/ueberlebenskunst.at\/survivalshop\/?s={search_term_string}"},"query-input":{"@type":"PropertyValueSpecification","valueRequired":true,"valueName":"search_term_string"}}],"inLanguage":"de"}]}},"_links":{"self":[{"href":"https:\/\/ueberlebenskunst.at\/survivalshop\/wp-json\/wp\/v2\/product\/25666","targetHints":{"allow":["GET"]}}],"collection":[{"href":"https:\/\/ueberlebenskunst.at\/survivalshop\/wp-json\/wp\/v2\/product"}],"about":[{"href":"https:\/\/ueberlebenskunst.at\/survivalshop\/wp-json\/wp\/v2\/types\/product"}],"replies":[{"embeddable":true,"href":"https:\/\/ueberlebenskunst.at\/survivalshop\/wp-json\/wp\/v2\/comments?post=25666"}],"wp:featuredmedia":[{"embeddable":true,"href":"https:\/\/ueberlebenskunst.at\/survivalshop\/wp-json\/wp\/v2\/media\/136354"}],"wp:attachment":[{"href":"https:\/\/ueberlebenskunst.at\/survivalshop\/wp-json\/wp\/v2\/media?parent=25666"}],"wp:term":[{"taxonomy":"product_brand","embeddable":true,"href":"https:\/\/ueberlebenskunst.at\/survivalshop\/wp-json\/wp\/v2\/product_brand?post=25666"},{"taxonomy":"product_cat","embeddable":true,"href":"https:\/\/ueberlebenskunst.at\/survivalshop\/wp-json\/wp\/v2\/product_cat?post=25666"},{"taxonomy":"product_tag","embeddable":true,"href":"https:\/\/ueberlebenskunst.at\/survivalshop\/wp-json\/wp\/v2\/product_tag?post=25666"}],"curies":[{"name":"wp","href":"https:\/\/api.w.org\/{rel}","templated":true}]}}