{"id":25260,"date":"2021-03-29T10:26:33","date_gmt":"2021-03-29T08:26:33","guid":{"rendered":"https:\/\/ueberlebenskunst.at\/survivalshop\/?post_type=product&#038;p=25260"},"modified":"2025-09-29T06:19:32","modified_gmt":"2025-09-29T04:19:32","slug":"ek-archery-siege-300","status":"seo-produkt","type":"product","link":"https:\/\/ueberlebenskunst.at\/survivalshop\/shop\/ek-archery-siege-300\/","title":{"rendered":"EK Archery Siege 300"},"content":{"rendered":"<p>Die Armbrust verf\u00fcgt \u00fcber einen AR15 Schaft, der die Armbrust f\u00fcr Sch\u00fctzen aller Gr\u00f6\u00dfen komfortabel macht. Aufgrund des genialen Spannmechanismus ist es m\u00f6glich mit geringem Kraftaufwand und k\u00fcrzerer Spannzeit Bolzen zu verschie\u00dfen.<br \/>\nEine weitere Besonderheit der Armbrust ist, dass die Leistung (Auszugsgewicht) einstellbar und das Wechseln von Kabel und Sehne ohne Bogenpresse m\u00f6glich ist. Die Armbrust wird mit einem Visier, einem Frontgriff und einem verstellbaren Schaft geliefert, der mit einem h\u00f6henverstellbaren Backenst\u00fcck ausgestattet ist.<\/p>\n<h3>Technische Eigenschaften:<\/h3>\n<ul>\n<li>Leistung: 150 lbs<\/li>\n<li>Geschwindigkeit der Pfeile: 330 km\/h<\/li>\n<li>Gewicht: 3,4 kg<\/li>\n<li>L\u00e4nge: 83,20 &#8211; 92,7 cm<\/li>\n<\/ul>\n<h3>Lieferumfang:<\/h3>\n<ul>\n<li>1 x verstellbarer Schaft<\/li>\n<li>1x Zweibein<\/li>\n<li>1x Wachs<\/li>\n<li>1x K\u00f6cher<\/li>\n<li>1 x Schulterriemen<\/li>\n<li>1 x Vordergriff<\/li>\n<li>1 x Zielfernrohr<\/li>\n<li>3 x 15,5 Zoll Pfeile<\/li>\n<li>1 x Schutzbrille<\/li>\n<li>1 x Anleitung in Englisch<\/li>\n<\/ul>\n<p>Die Armbrust verf\u00fcgt \u00fcber einen Anti-Vakuum-Zugmechanismus, der beim Einsetzen eines Pfeils einrastet. Wenn kein Pfeil gesetzt und geschossen wird, bleibt die Schnur durch diesen Mechanismus erhalten. Nie leer schie\u00dfen, die Sicherheitsvorrichtungen nicht umgehen, um die Armbrust durch Schie\u00dfen ohne Pfeil zu entsch\u00e4rfen.<\/p>\n<h3>Passendes Zubeh\u00f6r:<\/h3>\n<ul>\n<li><a href=\"https:\/\/ueberlebenskunst.at\/survivalshop\/shop\/ek-archery-siege-300-carbon-bolt-155\/\">EK Siege Ersatzpfeile<\/a><\/li>\n<li><a href=\"https:\/\/ueberlebenskunst.at\/survivalshop\/shop\/fenris-jagdspitzen-wolf-fangs-set-aus-3-stueck\/\">Steambow Fang-Broadheads<\/a><\/li>\n<li><a href=\"https:\/\/ueberlebenskunst.at\/survivalshop\/shop\/hawke-armbrust-zielfernrohr-15-5x32\/\">Verbessertes Armbrust Zielfernrohr<\/a><\/li>\n<li><a href=\"https:\/\/ueberlebenskunst.at\/survivalshop\/kategorie\/bogensport\/armbrueste\/ziele-3d-ziele\/\">Zielscheiben<\/a><\/li>\n<\/ul>\n<p><span style=\"color: #ff0000;\"><strong>WICHTIG!<\/strong><\/span> Verkauf kann erst ab 18 Jahren erfolgen. Bitte lade bei deiner Bestellung eine Kopie deines Ausweises hoch \u2013 so k\u00f6nnen wir deinen Auftrag rasch bearbeiten. Ohne Ausweiskopie erfolgt kein Versand!<\/p>\n","protected":false},"excerpt":{"rendered":"<p>Die Armbrust verf\u00fcgt \u00fcber einen AR15 Schaft, der die Armbrust f\u00fcr Sch\u00fctzen aller Gr\u00f6\u00dfen komfortabel macht. Aufgrund des genialen Spannmechanismus ist es m\u00f6glich mit geringem Kraftaufwand und k\u00fcrzerer Spannzeit Bolzen zu verschie\u00dfen. Eine weitere Besonderheit der Armbrust ist, dass die Leistung (Auszugsgewicht) einstellbar und das Wechseln von Kabel und Sehne ohne Bogenpresse m\u00f6glich ist. Die [&hellip;]<\/p>\n","protected":false},"featured_media":25263,"comment_status":"open","ping_status":"closed","template":"","meta":{"_acf_changed":false},"product_brand":[],"product_cat":[1896],"product_tag":[405,781],"class_list":{"0":"post-25260","1":"product","2":"type-product","3":"status-seo-produkt","4":"has-post-thumbnail","6":"product_cat-ek-archery-siege-bogensport-pfeil-kugel","7":"product_tag-armbrust","8":"product_tag-ek","9":"pa_genre-150lbs","10":"pa_genre-95lbs","12":"first","13":"outofstock","14":"taxable","15":"shipping-taxable","16":"product-type-variable","17":"has-default-attributes"},"acf":[],"yoast_head":"<!-- This site is optimized with the Yoast SEO plugin v27.1.1 - https:\/\/yoast.com\/product\/yoast-seo-wordpress\/ -->\n<title>EK Archery Siege 300 Armbrust mit vielen Highlights<\/title>\n<meta name=\"description\" content=\"Aufgrund des genialen Spannmechanismus ist es m\u00f6glich mit geringem Kraftaufwand und k\u00fcrzerer Spannzeit Bolzen zu verschie\u00dfen.\" \/>\n<meta name=\"robots\" content=\"index, follow, max-snippet:-1, max-image-preview:large, max-video-preview:-1\" \/>\n<link rel=\"canonical\" href=\"https:\/\/ueberlebenskunst.at\/survivalshop\/shop\/ek-archery-siege-300\/\" \/>\n<meta property=\"og:locale\" content=\"de_DE\" \/>\n<meta property=\"og:type\" content=\"article\" \/>\n<meta property=\"og:title\" content=\"EK Archery Siege 300 Armbrust mit vielen Highlights\" \/>\n<meta property=\"og:description\" content=\"Aufgrund des genialen Spannmechanismus ist es m\u00f6glich mit geringem Kraftaufwand und k\u00fcrzerer Spannzeit Bolzen zu verschie\u00dfen.\" \/>\n<meta property=\"og:url\" content=\"https:\/\/ueberlebenskunst.at\/survivalshop\/shop\/ek-archery-siege-300\/\" \/>\n<meta property=\"og:site_name\" content=\"Reini Rossmann - Survival Shop\" \/>\n<meta property=\"article:publisher\" content=\"https:\/\/www.facebook.com\/survival24.org\/\" \/>\n<meta property=\"article:modified_time\" content=\"2025-09-29T04:19:32+00:00\" \/>\n<meta property=\"og:image\" content=\"https:\/\/ueberlebenskunst.at\/survivalshop\/wp-content\/uploads\/2021\/03\/EK-Archery-Cobra-Siege-300.jpg\" \/>\n\t<meta property=\"og:image:width\" content=\"764\" \/>\n\t<meta property=\"og:image:height\" content=\"493\" \/>\n\t<meta property=\"og:image:type\" content=\"image\/jpeg\" \/>\n<meta name=\"twitter:card\" content=\"summary_large_image\" \/>\n<meta name=\"twitter:label1\" content=\"Gesch\u00e4tzte Lesezeit\" \/>\n\t<meta name=\"twitter:data1\" content=\"2\u00a0Minuten\" \/>\n<script type=\"application\/ld+json\" class=\"yoast-schema-graph\">{\"@context\":\"https:\/\/schema.org\",\"@graph\":[{\"@type\":\"WebPage\",\"@id\":\"https:\/\/ueberlebenskunst.at\/survivalshop\/shop\/ek-archery-siege-300\/\",\"url\":\"https:\/\/ueberlebenskunst.at\/survivalshop\/shop\/ek-archery-siege-300\/\",\"name\":\"EK Archery Siege 300 Armbrust mit vielen Highlights\",\"isPartOf\":{\"@id\":\"https:\/\/ueberlebenskunst.at\/survivalshop\/#website\"},\"primaryImageOfPage\":{\"@id\":\"https:\/\/ueberlebenskunst.at\/survivalshop\/shop\/ek-archery-siege-300\/#primaryimage\"},\"image\":{\"@id\":\"https:\/\/ueberlebenskunst.at\/survivalshop\/shop\/ek-archery-siege-300\/#primaryimage\"},\"thumbnailUrl\":\"https:\/\/ueberlebenskunst.at\/survivalshop\/wp-content\/uploads\/2021\/03\/EK-Archery-Cobra-Siege-300.jpg\",\"datePublished\":\"2021-03-29T08:26:33+00:00\",\"dateModified\":\"2025-09-29T04:19:32+00:00\",\"description\":\"Aufgrund des genialen Spannmechanismus ist es m\u00f6glich mit geringem Kraftaufwand und k\u00fcrzerer Spannzeit Bolzen zu verschie\u00dfen.\",\"breadcrumb\":{\"@id\":\"https:\/\/ueberlebenskunst.at\/survivalshop\/shop\/ek-archery-siege-300\/#breadcrumb\"},\"inLanguage\":\"de\",\"potentialAction\":[{\"@type\":\"ReadAction\",\"target\":[\"https:\/\/ueberlebenskunst.at\/survivalshop\/shop\/ek-archery-siege-300\/\"]}]},{\"@type\":\"ImageObject\",\"inLanguage\":\"de\",\"@id\":\"https:\/\/ueberlebenskunst.at\/survivalshop\/shop\/ek-archery-siege-300\/#primaryimage\",\"url\":\"https:\/\/ueberlebenskunst.at\/survivalshop\/wp-content\/uploads\/2021\/03\/EK-Archery-Cobra-Siege-300.jpg\",\"contentUrl\":\"https:\/\/ueberlebenskunst.at\/survivalshop\/wp-content\/uploads\/2021\/03\/EK-Archery-Cobra-Siege-300.jpg\",\"width\":764,\"height\":493},{\"@type\":\"BreadcrumbList\",\"@id\":\"https:\/\/ueberlebenskunst.at\/survivalshop\/shop\/ek-archery-siege-300\/#breadcrumb\",\"itemListElement\":[{\"@type\":\"ListItem\",\"position\":1,\"name\":\"Startseite\",\"item\":\"https:\/\/ueberlebenskunst.at\/survivalshop\/\"},{\"@type\":\"ListItem\",\"position\":2,\"name\":\"Shop\",\"item\":\"https:\/\/ueberlebenskunst.at\/survivalshop\/shop\/\"},{\"@type\":\"ListItem\",\"position\":3,\"name\":\"EK Archery Siege 300\"}]},{\"@type\":\"WebSite\",\"@id\":\"https:\/\/ueberlebenskunst.at\/survivalshop\/#website\",\"url\":\"https:\/\/ueberlebenskunst.at\/survivalshop\/\",\"name\":\"Reini Rossmann - Survival Shop\",\"description\":\"Survival Shop f\u00fcr Survival, Bushcraft und Prepper\",\"potentialAction\":[{\"@type\":\"SearchAction\",\"target\":{\"@type\":\"EntryPoint\",\"urlTemplate\":\"https:\/\/ueberlebenskunst.at\/survivalshop\/?s={search_term_string}\"},\"query-input\":{\"@type\":\"PropertyValueSpecification\",\"valueRequired\":true,\"valueName\":\"search_term_string\"}}],\"inLanguage\":\"de\"}]}<\/script>\n<!-- \/ Yoast SEO plugin. -->","yoast_head_json":{"title":"EK Archery Siege 300 Armbrust mit vielen Highlights","description":"Aufgrund des genialen Spannmechanismus ist es m\u00f6glich mit geringem Kraftaufwand und k\u00fcrzerer Spannzeit Bolzen zu verschie\u00dfen.","robots":{"index":"index","follow":"follow","max-snippet":"max-snippet:-1","max-image-preview":"max-image-preview:large","max-video-preview":"max-video-preview:-1"},"canonical":"https:\/\/ueberlebenskunst.at\/survivalshop\/shop\/ek-archery-siege-300\/","og_locale":"de_DE","og_type":"article","og_title":"EK Archery Siege 300 Armbrust mit vielen Highlights","og_description":"Aufgrund des genialen Spannmechanismus ist es m\u00f6glich mit geringem Kraftaufwand und k\u00fcrzerer Spannzeit Bolzen zu verschie\u00dfen.","og_url":"https:\/\/ueberlebenskunst.at\/survivalshop\/shop\/ek-archery-siege-300\/","og_site_name":"Reini Rossmann - Survival Shop","article_publisher":"https:\/\/www.facebook.com\/survival24.org\/","article_modified_time":"2025-09-29T04:19:32+00:00","og_image":[{"width":764,"height":493,"url":"https:\/\/ueberlebenskunst.at\/survivalshop\/wp-content\/uploads\/2021\/03\/EK-Archery-Cobra-Siege-300.jpg","type":"image\/jpeg"}],"twitter_card":"summary_large_image","twitter_misc":{"Gesch\u00e4tzte Lesezeit":"2\u00a0Minuten"},"schema":{"@context":"https:\/\/schema.org","@graph":[{"@type":"WebPage","@id":"https:\/\/ueberlebenskunst.at\/survivalshop\/shop\/ek-archery-siege-300\/","url":"https:\/\/ueberlebenskunst.at\/survivalshop\/shop\/ek-archery-siege-300\/","name":"EK Archery Siege 300 Armbrust mit vielen Highlights","isPartOf":{"@id":"https:\/\/ueberlebenskunst.at\/survivalshop\/#website"},"primaryImageOfPage":{"@id":"https:\/\/ueberlebenskunst.at\/survivalshop\/shop\/ek-archery-siege-300\/#primaryimage"},"image":{"@id":"https:\/\/ueberlebenskunst.at\/survivalshop\/shop\/ek-archery-siege-300\/#primaryimage"},"thumbnailUrl":"https:\/\/ueberlebenskunst.at\/survivalshop\/wp-content\/uploads\/2021\/03\/EK-Archery-Cobra-Siege-300.jpg","datePublished":"2021-03-29T08:26:33+00:00","dateModified":"2025-09-29T04:19:32+00:00","description":"Aufgrund des genialen Spannmechanismus ist es m\u00f6glich mit geringem Kraftaufwand und k\u00fcrzerer Spannzeit Bolzen zu verschie\u00dfen.","breadcrumb":{"@id":"https:\/\/ueberlebenskunst.at\/survivalshop\/shop\/ek-archery-siege-300\/#breadcrumb"},"inLanguage":"de","potentialAction":[{"@type":"ReadAction","target":["https:\/\/ueberlebenskunst.at\/survivalshop\/shop\/ek-archery-siege-300\/"]}]},{"@type":"ImageObject","inLanguage":"de","@id":"https:\/\/ueberlebenskunst.at\/survivalshop\/shop\/ek-archery-siege-300\/#primaryimage","url":"https:\/\/ueberlebenskunst.at\/survivalshop\/wp-content\/uploads\/2021\/03\/EK-Archery-Cobra-Siege-300.jpg","contentUrl":"https:\/\/ueberlebenskunst.at\/survivalshop\/wp-content\/uploads\/2021\/03\/EK-Archery-Cobra-Siege-300.jpg","width":764,"height":493},{"@type":"BreadcrumbList","@id":"https:\/\/ueberlebenskunst.at\/survivalshop\/shop\/ek-archery-siege-300\/#breadcrumb","itemListElement":[{"@type":"ListItem","position":1,"name":"Startseite","item":"https:\/\/ueberlebenskunst.at\/survivalshop\/"},{"@type":"ListItem","position":2,"name":"Shop","item":"https:\/\/ueberlebenskunst.at\/survivalshop\/shop\/"},{"@type":"ListItem","position":3,"name":"EK Archery Siege 300"}]},{"@type":"WebSite","@id":"https:\/\/ueberlebenskunst.at\/survivalshop\/#website","url":"https:\/\/ueberlebenskunst.at\/survivalshop\/","name":"Reini Rossmann - Survival Shop","description":"Survival Shop f\u00fcr Survival, Bushcraft und Prepper","potentialAction":[{"@type":"SearchAction","target":{"@type":"EntryPoint","urlTemplate":"https:\/\/ueberlebenskunst.at\/survivalshop\/?s={search_term_string}"},"query-input":{"@type":"PropertyValueSpecification","valueRequired":true,"valueName":"search_term_string"}}],"inLanguage":"de"}]}},"_links":{"self":[{"href":"https:\/\/ueberlebenskunst.at\/survivalshop\/wp-json\/wp\/v2\/product\/25260","targetHints":{"allow":["GET"]}}],"collection":[{"href":"https:\/\/ueberlebenskunst.at\/survivalshop\/wp-json\/wp\/v2\/product"}],"about":[{"href":"https:\/\/ueberlebenskunst.at\/survivalshop\/wp-json\/wp\/v2\/types\/product"}],"replies":[{"embeddable":true,"href":"https:\/\/ueberlebenskunst.at\/survivalshop\/wp-json\/wp\/v2\/comments?post=25260"}],"wp:featuredmedia":[{"embeddable":true,"href":"https:\/\/ueberlebenskunst.at\/survivalshop\/wp-json\/wp\/v2\/media\/25263"}],"wp:attachment":[{"href":"https:\/\/ueberlebenskunst.at\/survivalshop\/wp-json\/wp\/v2\/media?parent=25260"}],"wp:term":[{"taxonomy":"product_brand","embeddable":true,"href":"https:\/\/ueberlebenskunst.at\/survivalshop\/wp-json\/wp\/v2\/product_brand?post=25260"},{"taxonomy":"product_cat","embeddable":true,"href":"https:\/\/ueberlebenskunst.at\/survivalshop\/wp-json\/wp\/v2\/product_cat?post=25260"},{"taxonomy":"product_tag","embeddable":true,"href":"https:\/\/ueberlebenskunst.at\/survivalshop\/wp-json\/wp\/v2\/product_tag?post=25260"}],"curies":[{"name":"wp","href":"https:\/\/api.w.org\/{rel}","templated":true}]}}