{"id":24813,"date":"2021-03-29T20:50:38","date_gmt":"2021-03-29T18:50:38","guid":{"rendered":"https:\/\/ueberlebenskunst.at\/survivalshop\/?post_type=product&#038;p=24813"},"modified":"2024-03-18T06:39:34","modified_gmt":"2024-03-18T05:39:34","slug":"boeker-magnet-stecketui","status":"seo-produkt","type":"product","link":"https:\/\/ueberlebenskunst.at\/survivalshop\/shop\/boeker-magnet-stecketui\/","title":{"rendered":"B\u00f6ker Magnet-Stecketui"},"content":{"rendered":"<p><span class=\"description\">Dank des praktischen B\u00f6ker Magnet-Stecketuis aus edlem Nubukleder lassen sich Taschenmesser ohne Clip am Hosenbund oder Taschensaum tragen. Mit dekorativen Ziern\u00e4hten und einem gepr\u00e4gten B\u00f6ker Baumzeichen auf der Lasche.<\/span><\/p>\n<p>Das B\u00f6ker Magnet-Stecketui ist erh\u00e4ltlich:<\/p>\n<ul>\n<li>schwarz klein = <span class=\"description\">Gesamtl\u00e4nge: 11,7 cm, f\u00fcr Messer mit einer Heftl\u00e4nge von max. 9,5 cm<\/span><\/li>\n<li>schwarz gro\u00df = Gesamtl\u00e4nge: 13 cm, f\u00fcr Messer mit einer Heftl\u00e4nge von max. 10,5 cm<\/li>\n<\/ul>\n","protected":false},"excerpt":{"rendered":"<p>Stecketui mit Magnet aus Nubukleder<\/p>\n","protected":false},"featured_media":24824,"comment_status":"open","ping_status":"closed","template":"","meta":{"_acf_changed":false},"product_brand":[],"product_cat":[1805,1047,1949],"product_tag":[251,777,752],"class_list":{"0":"post-24813","1":"product","2":"type-product","3":"status-seo-produkt","4":"has-post-thumbnail","6":"product_cat-messer-messer-tools","7":"product_cat-messer-tools","8":"product_cat-zubehoer","9":"product_tag-boeker","10":"product_tag-stecketui","11":"product_tag-taschenmesser","12":"pa_farbe-braun-gross","13":"pa_farbe-braun-klein","14":"pa_farbe-schwarz-gross","15":"pa_farbe-schwarz-klein","17":"first","18":"outofstock","19":"taxable","20":"shipping-taxable","21":"product-type-variable","22":"has-default-attributes"},"acf":[],"yoast_head":"<!-- This site is optimized with the Yoast SEO plugin v27.1.1 - https:\/\/yoast.com\/product\/yoast-seo-wordpress\/ -->\n<title>B\u00f6ker Magnet-Stecketui in 4 verschiedenen Varianten<\/title>\n<meta name=\"description\" content=\"Mit diesem Magnet-Stecketui aus edlem braunen oder schwarzem Nubukleder lassen sich Taschenmesser ohne Clip am Hosenbund tragen. Mit Ziern\u00e4hten und Baumzeichen.\" \/>\n<meta name=\"robots\" content=\"index, follow, max-snippet:-1, max-image-preview:large, max-video-preview:-1\" \/>\n<link rel=\"canonical\" href=\"https:\/\/ueberlebenskunst.at\/survivalshop\/shop\/boeker-magnet-stecketui\/\" \/>\n<meta property=\"og:locale\" content=\"de_DE\" \/>\n<meta property=\"og:type\" content=\"article\" \/>\n<meta property=\"og:title\" content=\"B\u00f6ker Magnet-Stecketui in 4 verschiedenen Varianten\" \/>\n<meta property=\"og:description\" content=\"Mit diesem Magnet-Stecketui aus edlem braunen oder schwarzem Nubukleder lassen sich Taschenmesser ohne Clip am Hosenbund tragen. Mit Ziern\u00e4hten und Baumzeichen.\" \/>\n<meta property=\"og:url\" content=\"https:\/\/ueberlebenskunst.at\/survivalshop\/shop\/boeker-magnet-stecketui\/\" \/>\n<meta property=\"og:site_name\" content=\"Reini Rossmann - Survival Shop\" \/>\n<meta property=\"article:publisher\" content=\"https:\/\/www.facebook.com\/survival24.org\/\" \/>\n<meta property=\"article:modified_time\" content=\"2024-03-18T05:39:34+00:00\" \/>\n<meta property=\"og:image\" content=\"https:\/\/ueberlebenskunst.at\/survivalshop\/wp-content\/uploads\/2021\/03\/Boeker-Magnet-Stecketui-Schwarz-Gross-09BO294.jpg\" \/>\n\t<meta property=\"og:image:width\" content=\"541\" \/>\n\t<meta property=\"og:image:height\" content=\"398\" \/>\n\t<meta property=\"og:image:type\" content=\"image\/jpeg\" \/>\n<meta name=\"twitter:card\" content=\"summary_large_image\" \/>\n<meta name=\"twitter:label1\" content=\"Gesch\u00e4tzte Lesezeit\" \/>\n\t<meta name=\"twitter:data1\" content=\"1\u00a0Minute\" \/>\n<script type=\"application\/ld+json\" class=\"yoast-schema-graph\">{\"@context\":\"https:\/\/schema.org\",\"@graph\":[{\"@type\":\"WebPage\",\"@id\":\"https:\/\/ueberlebenskunst.at\/survivalshop\/shop\/boeker-magnet-stecketui\/\",\"url\":\"https:\/\/ueberlebenskunst.at\/survivalshop\/shop\/boeker-magnet-stecketui\/\",\"name\":\"B\u00f6ker Magnet-Stecketui in 4 verschiedenen Varianten\",\"isPartOf\":{\"@id\":\"https:\/\/ueberlebenskunst.at\/survivalshop\/#website\"},\"primaryImageOfPage\":{\"@id\":\"https:\/\/ueberlebenskunst.at\/survivalshop\/shop\/boeker-magnet-stecketui\/#primaryimage\"},\"image\":{\"@id\":\"https:\/\/ueberlebenskunst.at\/survivalshop\/shop\/boeker-magnet-stecketui\/#primaryimage\"},\"thumbnailUrl\":\"https:\/\/ueberlebenskunst.at\/survivalshop\/wp-content\/uploads\/2021\/03\/Boeker-Magnet-Stecketui-Schwarz-Gross-09BO294.jpg\",\"datePublished\":\"2021-03-29T18:50:38+00:00\",\"dateModified\":\"2024-03-18T05:39:34+00:00\",\"description\":\"Mit diesem Magnet-Stecketui aus edlem braunen oder schwarzem Nubukleder lassen sich Taschenmesser ohne Clip am Hosenbund tragen. Mit Ziern\u00e4hten und Baumzeichen.\",\"breadcrumb\":{\"@id\":\"https:\/\/ueberlebenskunst.at\/survivalshop\/shop\/boeker-magnet-stecketui\/#breadcrumb\"},\"inLanguage\":\"de\",\"potentialAction\":[{\"@type\":\"ReadAction\",\"target\":[\"https:\/\/ueberlebenskunst.at\/survivalshop\/shop\/boeker-magnet-stecketui\/\"]}]},{\"@type\":\"ImageObject\",\"inLanguage\":\"de\",\"@id\":\"https:\/\/ueberlebenskunst.at\/survivalshop\/shop\/boeker-magnet-stecketui\/#primaryimage\",\"url\":\"https:\/\/ueberlebenskunst.at\/survivalshop\/wp-content\/uploads\/2021\/03\/Boeker-Magnet-Stecketui-Schwarz-Gross-09BO294.jpg\",\"contentUrl\":\"https:\/\/ueberlebenskunst.at\/survivalshop\/wp-content\/uploads\/2021\/03\/Boeker-Magnet-Stecketui-Schwarz-Gross-09BO294.jpg\",\"width\":541,\"height\":398},{\"@type\":\"BreadcrumbList\",\"@id\":\"https:\/\/ueberlebenskunst.at\/survivalshop\/shop\/boeker-magnet-stecketui\/#breadcrumb\",\"itemListElement\":[{\"@type\":\"ListItem\",\"position\":1,\"name\":\"Startseite\",\"item\":\"https:\/\/ueberlebenskunst.at\/survivalshop\/\"},{\"@type\":\"ListItem\",\"position\":2,\"name\":\"Shop\",\"item\":\"https:\/\/ueberlebenskunst.at\/survivalshop\/shop\/\"},{\"@type\":\"ListItem\",\"position\":3,\"name\":\"B\u00f6ker Magnet-Stecketui\"}]},{\"@type\":\"WebSite\",\"@id\":\"https:\/\/ueberlebenskunst.at\/survivalshop\/#website\",\"url\":\"https:\/\/ueberlebenskunst.at\/survivalshop\/\",\"name\":\"Reini Rossmann - Survival Shop\",\"description\":\"Survival Shop f\u00fcr Survival, Bushcraft und Prepper\",\"potentialAction\":[{\"@type\":\"SearchAction\",\"target\":{\"@type\":\"EntryPoint\",\"urlTemplate\":\"https:\/\/ueberlebenskunst.at\/survivalshop\/?s={search_term_string}\"},\"query-input\":{\"@type\":\"PropertyValueSpecification\",\"valueRequired\":true,\"valueName\":\"search_term_string\"}}],\"inLanguage\":\"de\"}]}<\/script>\n<!-- \/ Yoast SEO plugin. -->","yoast_head_json":{"title":"B\u00f6ker Magnet-Stecketui in 4 verschiedenen Varianten","description":"Mit diesem Magnet-Stecketui aus edlem braunen oder schwarzem Nubukleder lassen sich Taschenmesser ohne Clip am Hosenbund tragen. Mit Ziern\u00e4hten und Baumzeichen.","robots":{"index":"index","follow":"follow","max-snippet":"max-snippet:-1","max-image-preview":"max-image-preview:large","max-video-preview":"max-video-preview:-1"},"canonical":"https:\/\/ueberlebenskunst.at\/survivalshop\/shop\/boeker-magnet-stecketui\/","og_locale":"de_DE","og_type":"article","og_title":"B\u00f6ker Magnet-Stecketui in 4 verschiedenen Varianten","og_description":"Mit diesem Magnet-Stecketui aus edlem braunen oder schwarzem Nubukleder lassen sich Taschenmesser ohne Clip am Hosenbund tragen. Mit Ziern\u00e4hten und Baumzeichen.","og_url":"https:\/\/ueberlebenskunst.at\/survivalshop\/shop\/boeker-magnet-stecketui\/","og_site_name":"Reini Rossmann - Survival Shop","article_publisher":"https:\/\/www.facebook.com\/survival24.org\/","article_modified_time":"2024-03-18T05:39:34+00:00","og_image":[{"width":541,"height":398,"url":"https:\/\/ueberlebenskunst.at\/survivalshop\/wp-content\/uploads\/2021\/03\/Boeker-Magnet-Stecketui-Schwarz-Gross-09BO294.jpg","type":"image\/jpeg"}],"twitter_card":"summary_large_image","twitter_misc":{"Gesch\u00e4tzte Lesezeit":"1\u00a0Minute"},"schema":{"@context":"https:\/\/schema.org","@graph":[{"@type":"WebPage","@id":"https:\/\/ueberlebenskunst.at\/survivalshop\/shop\/boeker-magnet-stecketui\/","url":"https:\/\/ueberlebenskunst.at\/survivalshop\/shop\/boeker-magnet-stecketui\/","name":"B\u00f6ker Magnet-Stecketui in 4 verschiedenen Varianten","isPartOf":{"@id":"https:\/\/ueberlebenskunst.at\/survivalshop\/#website"},"primaryImageOfPage":{"@id":"https:\/\/ueberlebenskunst.at\/survivalshop\/shop\/boeker-magnet-stecketui\/#primaryimage"},"image":{"@id":"https:\/\/ueberlebenskunst.at\/survivalshop\/shop\/boeker-magnet-stecketui\/#primaryimage"},"thumbnailUrl":"https:\/\/ueberlebenskunst.at\/survivalshop\/wp-content\/uploads\/2021\/03\/Boeker-Magnet-Stecketui-Schwarz-Gross-09BO294.jpg","datePublished":"2021-03-29T18:50:38+00:00","dateModified":"2024-03-18T05:39:34+00:00","description":"Mit diesem Magnet-Stecketui aus edlem braunen oder schwarzem Nubukleder lassen sich Taschenmesser ohne Clip am Hosenbund tragen. Mit Ziern\u00e4hten und Baumzeichen.","breadcrumb":{"@id":"https:\/\/ueberlebenskunst.at\/survivalshop\/shop\/boeker-magnet-stecketui\/#breadcrumb"},"inLanguage":"de","potentialAction":[{"@type":"ReadAction","target":["https:\/\/ueberlebenskunst.at\/survivalshop\/shop\/boeker-magnet-stecketui\/"]}]},{"@type":"ImageObject","inLanguage":"de","@id":"https:\/\/ueberlebenskunst.at\/survivalshop\/shop\/boeker-magnet-stecketui\/#primaryimage","url":"https:\/\/ueberlebenskunst.at\/survivalshop\/wp-content\/uploads\/2021\/03\/Boeker-Magnet-Stecketui-Schwarz-Gross-09BO294.jpg","contentUrl":"https:\/\/ueberlebenskunst.at\/survivalshop\/wp-content\/uploads\/2021\/03\/Boeker-Magnet-Stecketui-Schwarz-Gross-09BO294.jpg","width":541,"height":398},{"@type":"BreadcrumbList","@id":"https:\/\/ueberlebenskunst.at\/survivalshop\/shop\/boeker-magnet-stecketui\/#breadcrumb","itemListElement":[{"@type":"ListItem","position":1,"name":"Startseite","item":"https:\/\/ueberlebenskunst.at\/survivalshop\/"},{"@type":"ListItem","position":2,"name":"Shop","item":"https:\/\/ueberlebenskunst.at\/survivalshop\/shop\/"},{"@type":"ListItem","position":3,"name":"B\u00f6ker Magnet-Stecketui"}]},{"@type":"WebSite","@id":"https:\/\/ueberlebenskunst.at\/survivalshop\/#website","url":"https:\/\/ueberlebenskunst.at\/survivalshop\/","name":"Reini Rossmann - Survival Shop","description":"Survival Shop f\u00fcr Survival, Bushcraft und Prepper","potentialAction":[{"@type":"SearchAction","target":{"@type":"EntryPoint","urlTemplate":"https:\/\/ueberlebenskunst.at\/survivalshop\/?s={search_term_string}"},"query-input":{"@type":"PropertyValueSpecification","valueRequired":true,"valueName":"search_term_string"}}],"inLanguage":"de"}]}},"_links":{"self":[{"href":"https:\/\/ueberlebenskunst.at\/survivalshop\/wp-json\/wp\/v2\/product\/24813","targetHints":{"allow":["GET"]}}],"collection":[{"href":"https:\/\/ueberlebenskunst.at\/survivalshop\/wp-json\/wp\/v2\/product"}],"about":[{"href":"https:\/\/ueberlebenskunst.at\/survivalshop\/wp-json\/wp\/v2\/types\/product"}],"replies":[{"embeddable":true,"href":"https:\/\/ueberlebenskunst.at\/survivalshop\/wp-json\/wp\/v2\/comments?post=24813"}],"wp:featuredmedia":[{"embeddable":true,"href":"https:\/\/ueberlebenskunst.at\/survivalshop\/wp-json\/wp\/v2\/media\/24824"}],"wp:attachment":[{"href":"https:\/\/ueberlebenskunst.at\/survivalshop\/wp-json\/wp\/v2\/media?parent=24813"}],"wp:term":[{"taxonomy":"product_brand","embeddable":true,"href":"https:\/\/ueberlebenskunst.at\/survivalshop\/wp-json\/wp\/v2\/product_brand?post=24813"},{"taxonomy":"product_cat","embeddable":true,"href":"https:\/\/ueberlebenskunst.at\/survivalshop\/wp-json\/wp\/v2\/product_cat?post=24813"},{"taxonomy":"product_tag","embeddable":true,"href":"https:\/\/ueberlebenskunst.at\/survivalshop\/wp-json\/wp\/v2\/product_tag?post=24813"}],"curies":[{"name":"wp","href":"https:\/\/api.w.org\/{rel}","templated":true}]}}