{"id":24292,"date":"2021-03-19T13:17:51","date_gmt":"2021-03-19T11:17:51","guid":{"rendered":"https:\/\/ueberlebenskunst.at\/survivalshop\/?post_type=product&#038;p=24292"},"modified":"2025-06-04T09:19:23","modified_gmt":"2025-06-04T07:19:23","slug":"survival-wasseraufbereitung-onlinkurs","status":"publish","type":"product","link":"https:\/\/ueberlebenskunst.at\/survivalshop\/shop\/survival-wasseraufbereitung-onlinkurs\/","title":{"rendered":"Survival Wasseraufbereitung &#8211; Onlinekurs"},"content":{"rendered":"<p><strong>Ohne Wasser kein Leben!<br \/>\n<\/strong><br \/>\nF\u00fcr wen ist der Online-Kurs?<br \/>\n\u2013 Wenn du wissen willst, wie und wo du sicheres Trinkwasser finden kannst.<br \/>\n\u2013 Wenn du lernen willst gefundenes Wasser aufzubereiten und haltbar zu machen.<br \/>\n\u2013 Wenn du lernen willst, richtige Priorit\u00e4ten zu setzten.<br \/>\n\u2013 F\u00fcr alle Wanderer, Survivalisten, Bushcrafter, Outdoorbegeisterten und Kristenvorbereiter<br \/>\n\u2013 Geeignet f\u00fcr alle, die sich f\u00fcr das Thema Wasseraufbereitung und sicheres Wasser interessieren! Du wirst \u00fcberrascht sein was alles m\u00f6glich ist!<\/p>\n<p>&nbsp;<\/p>\n<p><strong>Inhalte:<\/strong><br \/>\nIn 6 Modulen mit insgesamt 32 Lektionen werden dir die folgenden Themen n\u00e4hergebracht:<br \/>\n\u2013 Priorit\u00e4ten im Survival (physiologische Zusammenh\u00e4nge und die Grundlagen zum Thema Wasser im Survival)<br \/>\n\u2013 Wasserquellen in der Natur<br \/>\n\u2013 UV-Wasseraufbereitung und Strategien zum Wasser finden<br \/>\n\u2013 Ausr\u00fcstung<br \/>\n\u2013 Die Wasserkarte<br \/>\n\u2013 Unterschiedliche biologische und chemische Gefahren<br \/>\n\u2013 Wasser filtern und kochen<br \/>\n\u2013 Destillieren<\/p>\n<p><strong>Wie l\u00e4uft der Kurs ab?<\/strong><br \/>\nNach erfolgreicher Anmeldung bekommst du die Zugangsdaten zu unserer eLearningplattform. Dort steht dir der Kurs zur Verf\u00fcgung und zwar 365 Tage im Jahr ein Leben lang. In 32 Lektionen mit einer Gesamtlaufzeit von ca. 362 Minuten (ca. 6 Stunden) wird dir das Wissen vermittelt, mit dem du dann sofort selbst nach drau\u00dfen gehen und dein erworbenes Wissen ausprobieren\/\u00fcben kannst. Bei Fragen steht dir unser Team jederzeit via E-Mail zur Verf\u00fcgung. Au\u00dferdem gibt es eine aktive Facebook Gruppe, die sehr gerne f\u00fcr Fragen, Austausch und Diskussionen genutzt wird.<\/p>\n","protected":false},"excerpt":{"rendered":"<p>Ohne Wasser kein Leben! F\u00fcr wen ist der Online-Kurs? \u2013 Wenn du wissen willst, wie und wo du sicheres Trinkwasser finden kannst. \u2013 Wenn du lernen willst gefundenes Wasser aufzubereiten und haltbar zu machen. \u2013 Wenn du lernen willst, richtige Priorit\u00e4ten zu setzten. \u2013 F\u00fcr alle Wanderer, Survivalisten, Bushcrafter, Outdoorbegeisterten und Kristenvorbereiter \u2013 Geeignet f\u00fcr [&hellip;]<\/p>\n","protected":false},"featured_media":24315,"comment_status":"open","ping_status":"closed","template":"","meta":{"_acf_changed":false},"product_brand":[],"product_cat":[1863],"product_tag":[814,816,810,811,748,812,817,815,809],"class_list":{"0":"post-24292","1":"product","2":"type-product","3":"status-publish","4":"has-post-thumbnail","6":"product_cat-survival-kurse","7":"product_tag-awareness","8":"product_tag-beratungsgespraech-mit-reini","9":"product_tag-erste-hilfe","10":"product_tag-krise","11":"product_tag-nahrung","12":"product_tag-orientierung","13":"product_tag-selbstversorgung-aus-dem-garten","14":"product_tag-survival-coach","15":"product_tag-wasserkurs","17":"first","18":"instock","19":"virtual","20":"taxable","21":"product-type-simple"},"acf":[],"yoast_head":"<!-- This site is optimized with the Yoast SEO plugin v27.1.1 - https:\/\/yoast.com\/product\/yoast-seo-wordpress\/ -->\n<title>Survival Wasseraufbereitung - Onlinekurs von Reini Rossmann<\/title>\n<meta name=\"description\" content=\"Ohne Wasser kein Leben! Dieser Onlinekurs ist f\u00fcr, Survivalisten, Bushcafter, Outdoorbegeisterten, Krisenvorbereiter, gleichema\u00dfen geeignet!\" \/>\n<meta name=\"robots\" content=\"index, follow, max-snippet:-1, max-image-preview:large, max-video-preview:-1\" \/>\n<link rel=\"canonical\" href=\"https:\/\/ueberlebenskunst.at\/survivalshop\/shop\/survival-wasseraufbereitung-onlinkurs\/\" \/>\n<meta property=\"og:locale\" content=\"de_DE\" \/>\n<meta property=\"og:type\" content=\"article\" \/>\n<meta property=\"og:title\" content=\"Survival Wasseraufbereitung - Onlinekurs von Reini Rossmann\" \/>\n<meta property=\"og:description\" content=\"Ohne Wasser kein Leben! Dieser Onlinekurs ist f\u00fcr, Survivalisten, Bushcafter, Outdoorbegeisterten, Krisenvorbereiter, gleichema\u00dfen geeignet!\" \/>\n<meta property=\"og:url\" content=\"https:\/\/ueberlebenskunst.at\/survivalshop\/shop\/survival-wasseraufbereitung-onlinkurs\/\" \/>\n<meta property=\"og:site_name\" content=\"Reini Rossmann - Survival Shop\" \/>\n<meta property=\"article:publisher\" content=\"https:\/\/www.facebook.com\/survival24.org\/\" \/>\n<meta property=\"article:modified_time\" content=\"2025-06-04T07:19:23+00:00\" \/>\n<meta property=\"og:image\" content=\"https:\/\/ueberlebenskunst.at\/survivalshop\/wp-content\/uploads\/2021\/03\/Wasserkurs.gif\" \/>\n\t<meta property=\"og:image:width\" content=\"269\" \/>\n\t<meta property=\"og:image:height\" content=\"297\" \/>\n\t<meta property=\"og:image:type\" content=\"image\/gif\" \/>\n<meta name=\"twitter:card\" content=\"summary_large_image\" \/>\n<meta name=\"twitter:label1\" content=\"Gesch\u00e4tzte Lesezeit\" \/>\n\t<meta name=\"twitter:data1\" content=\"2\u00a0Minuten\" \/>\n<script type=\"application\/ld+json\" class=\"yoast-schema-graph\">{\"@context\":\"https:\/\/schema.org\",\"@graph\":[{\"@type\":\"WebPage\",\"@id\":\"https:\/\/ueberlebenskunst.at\/survivalshop\/shop\/survival-wasseraufbereitung-onlinkurs\/\",\"url\":\"https:\/\/ueberlebenskunst.at\/survivalshop\/shop\/survival-wasseraufbereitung-onlinkurs\/\",\"name\":\"Survival Wasseraufbereitung - Onlinekurs von Reini Rossmann\",\"isPartOf\":{\"@id\":\"https:\/\/ueberlebenskunst.at\/survivalshop\/#website\"},\"primaryImageOfPage\":{\"@id\":\"https:\/\/ueberlebenskunst.at\/survivalshop\/shop\/survival-wasseraufbereitung-onlinkurs\/#primaryimage\"},\"image\":{\"@id\":\"https:\/\/ueberlebenskunst.at\/survivalshop\/shop\/survival-wasseraufbereitung-onlinkurs\/#primaryimage\"},\"thumbnailUrl\":\"https:\/\/ueberlebenskunst.at\/survivalshop\/wp-content\/uploads\/2021\/03\/Wasserkurs.gif\",\"datePublished\":\"2021-03-19T11:17:51+00:00\",\"dateModified\":\"2025-06-04T07:19:23+00:00\",\"description\":\"Ohne Wasser kein Leben! Dieser Onlinekurs ist f\u00fcr, Survivalisten, Bushcafter, Outdoorbegeisterten, Krisenvorbereiter, gleichema\u00dfen geeignet!\",\"breadcrumb\":{\"@id\":\"https:\/\/ueberlebenskunst.at\/survivalshop\/shop\/survival-wasseraufbereitung-onlinkurs\/#breadcrumb\"},\"inLanguage\":\"de\",\"potentialAction\":[{\"@type\":\"ReadAction\",\"target\":[\"https:\/\/ueberlebenskunst.at\/survivalshop\/shop\/survival-wasseraufbereitung-onlinkurs\/\"]}]},{\"@type\":\"ImageObject\",\"inLanguage\":\"de\",\"@id\":\"https:\/\/ueberlebenskunst.at\/survivalshop\/shop\/survival-wasseraufbereitung-onlinkurs\/#primaryimage\",\"url\":\"https:\/\/ueberlebenskunst.at\/survivalshop\/wp-content\/uploads\/2021\/03\/Wasserkurs.gif\",\"contentUrl\":\"https:\/\/ueberlebenskunst.at\/survivalshop\/wp-content\/uploads\/2021\/03\/Wasserkurs.gif\",\"width\":269,\"height\":297},{\"@type\":\"BreadcrumbList\",\"@id\":\"https:\/\/ueberlebenskunst.at\/survivalshop\/shop\/survival-wasseraufbereitung-onlinkurs\/#breadcrumb\",\"itemListElement\":[{\"@type\":\"ListItem\",\"position\":1,\"name\":\"Startseite\",\"item\":\"https:\/\/ueberlebenskunst.at\/survivalshop\/\"},{\"@type\":\"ListItem\",\"position\":2,\"name\":\"Shop\",\"item\":\"https:\/\/ueberlebenskunst.at\/survivalshop\/shop\/\"},{\"@type\":\"ListItem\",\"position\":3,\"name\":\"Survival Wasseraufbereitung &#8211; Onlinekurs\"}]},{\"@type\":\"WebSite\",\"@id\":\"https:\/\/ueberlebenskunst.at\/survivalshop\/#website\",\"url\":\"https:\/\/ueberlebenskunst.at\/survivalshop\/\",\"name\":\"Reini Rossmann - Survival Shop\",\"description\":\"Survival Shop f\u00fcr Survival, Bushcraft und Prepper\",\"potentialAction\":[{\"@type\":\"SearchAction\",\"target\":{\"@type\":\"EntryPoint\",\"urlTemplate\":\"https:\/\/ueberlebenskunst.at\/survivalshop\/?s={search_term_string}\"},\"query-input\":{\"@type\":\"PropertyValueSpecification\",\"valueRequired\":true,\"valueName\":\"search_term_string\"}}],\"inLanguage\":\"de\"}]}<\/script>\n<!-- \/ Yoast SEO plugin. -->","yoast_head_json":{"title":"Survival Wasseraufbereitung - Onlinekurs von Reini Rossmann","description":"Ohne Wasser kein Leben! Dieser Onlinekurs ist f\u00fcr, Survivalisten, Bushcafter, Outdoorbegeisterten, Krisenvorbereiter, gleichema\u00dfen geeignet!","robots":{"index":"index","follow":"follow","max-snippet":"max-snippet:-1","max-image-preview":"max-image-preview:large","max-video-preview":"max-video-preview:-1"},"canonical":"https:\/\/ueberlebenskunst.at\/survivalshop\/shop\/survival-wasseraufbereitung-onlinkurs\/","og_locale":"de_DE","og_type":"article","og_title":"Survival Wasseraufbereitung - Onlinekurs von Reini Rossmann","og_description":"Ohne Wasser kein Leben! Dieser Onlinekurs ist f\u00fcr, Survivalisten, Bushcafter, Outdoorbegeisterten, Krisenvorbereiter, gleichema\u00dfen geeignet!","og_url":"https:\/\/ueberlebenskunst.at\/survivalshop\/shop\/survival-wasseraufbereitung-onlinkurs\/","og_site_name":"Reini Rossmann - Survival Shop","article_publisher":"https:\/\/www.facebook.com\/survival24.org\/","article_modified_time":"2025-06-04T07:19:23+00:00","og_image":[{"width":269,"height":297,"url":"https:\/\/ueberlebenskunst.at\/survivalshop\/wp-content\/uploads\/2021\/03\/Wasserkurs.gif","type":"image\/gif"}],"twitter_card":"summary_large_image","twitter_misc":{"Gesch\u00e4tzte Lesezeit":"2\u00a0Minuten"},"schema":{"@context":"https:\/\/schema.org","@graph":[{"@type":"WebPage","@id":"https:\/\/ueberlebenskunst.at\/survivalshop\/shop\/survival-wasseraufbereitung-onlinkurs\/","url":"https:\/\/ueberlebenskunst.at\/survivalshop\/shop\/survival-wasseraufbereitung-onlinkurs\/","name":"Survival Wasseraufbereitung - Onlinekurs von Reini Rossmann","isPartOf":{"@id":"https:\/\/ueberlebenskunst.at\/survivalshop\/#website"},"primaryImageOfPage":{"@id":"https:\/\/ueberlebenskunst.at\/survivalshop\/shop\/survival-wasseraufbereitung-onlinkurs\/#primaryimage"},"image":{"@id":"https:\/\/ueberlebenskunst.at\/survivalshop\/shop\/survival-wasseraufbereitung-onlinkurs\/#primaryimage"},"thumbnailUrl":"https:\/\/ueberlebenskunst.at\/survivalshop\/wp-content\/uploads\/2021\/03\/Wasserkurs.gif","datePublished":"2021-03-19T11:17:51+00:00","dateModified":"2025-06-04T07:19:23+00:00","description":"Ohne Wasser kein Leben! Dieser Onlinekurs ist f\u00fcr, Survivalisten, Bushcafter, Outdoorbegeisterten, Krisenvorbereiter, gleichema\u00dfen geeignet!","breadcrumb":{"@id":"https:\/\/ueberlebenskunst.at\/survivalshop\/shop\/survival-wasseraufbereitung-onlinkurs\/#breadcrumb"},"inLanguage":"de","potentialAction":[{"@type":"ReadAction","target":["https:\/\/ueberlebenskunst.at\/survivalshop\/shop\/survival-wasseraufbereitung-onlinkurs\/"]}]},{"@type":"ImageObject","inLanguage":"de","@id":"https:\/\/ueberlebenskunst.at\/survivalshop\/shop\/survival-wasseraufbereitung-onlinkurs\/#primaryimage","url":"https:\/\/ueberlebenskunst.at\/survivalshop\/wp-content\/uploads\/2021\/03\/Wasserkurs.gif","contentUrl":"https:\/\/ueberlebenskunst.at\/survivalshop\/wp-content\/uploads\/2021\/03\/Wasserkurs.gif","width":269,"height":297},{"@type":"BreadcrumbList","@id":"https:\/\/ueberlebenskunst.at\/survivalshop\/shop\/survival-wasseraufbereitung-onlinkurs\/#breadcrumb","itemListElement":[{"@type":"ListItem","position":1,"name":"Startseite","item":"https:\/\/ueberlebenskunst.at\/survivalshop\/"},{"@type":"ListItem","position":2,"name":"Shop","item":"https:\/\/ueberlebenskunst.at\/survivalshop\/shop\/"},{"@type":"ListItem","position":3,"name":"Survival Wasseraufbereitung &#8211; Onlinekurs"}]},{"@type":"WebSite","@id":"https:\/\/ueberlebenskunst.at\/survivalshop\/#website","url":"https:\/\/ueberlebenskunst.at\/survivalshop\/","name":"Reini Rossmann - Survival Shop","description":"Survival Shop f\u00fcr Survival, Bushcraft und Prepper","potentialAction":[{"@type":"SearchAction","target":{"@type":"EntryPoint","urlTemplate":"https:\/\/ueberlebenskunst.at\/survivalshop\/?s={search_term_string}"},"query-input":{"@type":"PropertyValueSpecification","valueRequired":true,"valueName":"search_term_string"}}],"inLanguage":"de"}]}},"_links":{"self":[{"href":"https:\/\/ueberlebenskunst.at\/survivalshop\/wp-json\/wp\/v2\/product\/24292","targetHints":{"allow":["GET"]}}],"collection":[{"href":"https:\/\/ueberlebenskunst.at\/survivalshop\/wp-json\/wp\/v2\/product"}],"about":[{"href":"https:\/\/ueberlebenskunst.at\/survivalshop\/wp-json\/wp\/v2\/types\/product"}],"replies":[{"embeddable":true,"href":"https:\/\/ueberlebenskunst.at\/survivalshop\/wp-json\/wp\/v2\/comments?post=24292"}],"wp:featuredmedia":[{"embeddable":true,"href":"https:\/\/ueberlebenskunst.at\/survivalshop\/wp-json\/wp\/v2\/media\/24315"}],"wp:attachment":[{"href":"https:\/\/ueberlebenskunst.at\/survivalshop\/wp-json\/wp\/v2\/media?parent=24292"}],"wp:term":[{"taxonomy":"product_brand","embeddable":true,"href":"https:\/\/ueberlebenskunst.at\/survivalshop\/wp-json\/wp\/v2\/product_brand?post=24292"},{"taxonomy":"product_cat","embeddable":true,"href":"https:\/\/ueberlebenskunst.at\/survivalshop\/wp-json\/wp\/v2\/product_cat?post=24292"},{"taxonomy":"product_tag","embeddable":true,"href":"https:\/\/ueberlebenskunst.at\/survivalshop\/wp-json\/wp\/v2\/product_tag?post=24292"}],"curies":[{"name":"wp","href":"https:\/\/api.w.org\/{rel}","templated":true}]}}