{"id":24131,"date":"2021-03-16T22:48:49","date_gmt":"2021-03-16T20:48:49","guid":{"rendered":"https:\/\/ueberlebenskunst.at\/survivalshop\/?post_type=product&#038;p=24131"},"modified":"2025-06-04T09:19:28","modified_gmt":"2025-06-04T07:19:28","slug":"outdoor-erste-hilfe-training","status":"publish","type":"product","link":"https:\/\/ueberlebenskunst.at\/survivalshop\/shop\/outdoor-erste-hilfe-training\/","title":{"rendered":"Outdoor Erste Hilfe Training"},"content":{"rendered":"<p><strong>Erste Hilfe Notf\u00e4lle sind <\/strong><strong>die WAHREN Survival Situationen <\/strong><strong>in unserer Welt!<br \/>\n<\/strong>Warum? Weil diese Survival Szenarien die Wahrscheinlichsten sind!<\/p>\n<p>Gemeinsam mit Dr. Thomas Girgis FA f\u00fcr Unfallchirurgie, Arzt f\u00fcr Allgemeinmedizin,<br \/>\nNotarzt und Lehrbeauftragter f\u00fcr Erste Hilfe seit 2000, haben wir f\u00fcr einen Erste Hilfe Online Training konzipiert.<\/p>\n<p><iframe hcb-fetch-image-from=\"https:\/\/youtu.be\/G731GzYftJc\" title=\"Erste Hilfe Online Training Beschreibung\" width=\"640\" height=\"360\" src=\"https:\/\/www.youtube.com\/embed\/G731GzYftJc?feature=oembed\" frameborder=\"0\" allow=\"accelerometer; autoplay; clipboard-write; encrypted-media; gyroscope; picture-in-picture; web-share\" referrerpolicy=\"strict-origin-when-cross-origin\" allowfullscreen><\/iframe><\/p>\n<p>In 10 Modulen mit vielen einzelnen Video-Lektionen erf\u00e4hrst du das Wichtigste zum Thema Erste Hilfe. Das wird dir dabei helfen solche Situationen meistern zu k\u00f6nnen.<\/p>\n<ul>\n<li><strong>Module 1 Einf\u00fchrung und Gefahren:<\/strong>\n<div class=\"et_pb_column et_pb_column_1_2 et_pb_column_13 et_pb_css_mix_blend_mode_passthrough\">\n<div class=\"et_pb_module et_pb_text et_pb_text_5 et_pb_text_align_left et_pb_bg_layout_light\">&#8220;Know Your Enemy&#8221; &#8211; Kenne Deinen Feind. Welche Notf\u00e4lle<br \/>\noder Erste Hilfe Situationen gibt es \u00fcberhaupt und wie solltest Du sie priorisieren?<\/div>\n<\/div>\n<\/li>\n<li><strong>Modul 2 Gefahrenzone &#8211; Notfallcheck<\/strong><br \/>\nWas bedeutet Gefahrenzone, und wie machst Du den Notfallcheck?<br \/>\nWarum ist das wo wichtig, und inwieweit beeinflusst Dich das in der Entscheidung,<br \/>\nwas als N\u00e4chstes im Notfall zu tun ist? Was bringt dich als Erstes um?<\/li>\n<li><strong>Modul 3 Stabile Seitenlage &#8211; Wiederbelebung<\/strong><br \/>\nSchritt f\u00fcr Schritt in die stabile Seitenlage, mit allen notwendigen Infos,<br \/>\ndie Du dabei beachten solltest. Wiederbelebungsma\u00dfnahmen nach den neuesten<br \/>\nErkenntnissen und warum Dein Selbstschutz dabei so wichtig ist!<\/li>\n<li><strong>Modul 4 Erste Hilfe in der Praxis<\/strong><br \/>\nWas ist zu tun, wenn wirklich etwas passiert? Von der einfachen Verstauchung,<br \/>\n\u00fcber Blutungen, Verbrennungen, Kopfverletzung oder offener Bruch.<br \/>\nIn diesem Modul erf\u00e4hrst Du, was Du tun kannst, wenn doch etwas passiert ist.<\/li>\n<li><strong>Modul 5 Ausr\u00fcstung<\/strong><br \/>\nDr. Thomas Girgis empfiehlt Dir Ausr\u00fcstungsgegenst\u00e4nde<br \/>\nund zeigt Dir wie Du diese in Erste Hilfe Notsituationen anwendest.<\/li>\n<li><strong>Modul 6 Erste Hilfe Mythen<\/strong><br \/>\nMythen rund um die Themen Wundreinigung, Wunden vern\u00e4hen, Medikamente verabreichen,<br \/>\nLungenpunktion und Luftr\u00f6hrenschritt &#8211; von Dr. Girgis analysiert und erkl\u00e4rt.<\/li>\n<li><strong>Modul 7 Spezial &#8211; Vergiftung<\/strong><br \/>\nEs gibt mehrere M\u00f6glichkeiten, wie es zu einer Vergiftung kommen kann.<br \/>\nSind Dir Alle Vergiftungsm\u00f6glichkeiten durch Einnahme, Haut und Inhalation schon bekannt?<\/li>\n<li><strong>Modul 8 Spezial &#8211; Dehydration<\/strong><br \/>\nWie erkennst Du Dehydration bei Patienten, die bei Bewusstsein sind,<br \/>\nund welche &#8220;richtigen&#8221; und &#8220;falschen&#8221; Mythen gibt es zu diesem Thema?<\/li>\n<li><strong>Modul 9 Spezial &#8211; Verletzung der Augen<\/strong><br \/>\nDer Klassiker auch im Wald! Wann und vor allem wie verbindest Du Augen richtig,<br \/>\nund was darfst Du in keinem Fall machen?<\/li>\n<li><strong>Modul 10 Spezial &#8211; Allergien<\/strong><br \/>\nWas ist eigentlich eine Allergie, und wie reagiert der K\u00f6rper auf Histamine? Welche Ausl\u00f6ser gibt es und wie reagierst Du im Notfall darauf.<\/li>\n<\/ul>\n<p>&nbsp;<\/p>\n<h3>Wie funktioniert diese Ausbildung?<\/h3>\n<p>Du bekommst die Zugangsdaten zur Ausbildung\u00a0 per Mail und kannst Dir so oft und so lange du willst, alle<br \/>\nModule mit den Vidoes ansehen.<\/p>\n<p>&nbsp;<\/p>\n","protected":false},"excerpt":{"rendered":"<p>Erste Hilfe Notf\u00e4lle sind die WAHREN Survival Situationen in unserer Welt! Warum? Weil diese Survival Szenarien die Wahrscheinlichsten sind! Gemeinsam mit Dr. Thomas Girgis FA f\u00fcr Unfallchirurgie, Arzt f\u00fcr Allgemeinmedizin, Notarzt und Lehrbeauftragter f\u00fcr Erste Hilfe seit 2000, haben wir f\u00fcr einen Erste Hilfe Online Training konzipiert. In 10 Modulen mit vielen einzelnen Video-Lektionen erf\u00e4hrst [&hellip;]<\/p>\n","protected":false},"featured_media":24303,"comment_status":"open","ping_status":"closed","template":"","meta":{"_acf_changed":false},"product_brand":[],"product_cat":[1863],"product_tag":[814,816,810,811,748,812,817,815,538,809],"class_list":{"0":"post-24131","1":"product","2":"type-product","3":"status-publish","4":"has-post-thumbnail","6":"product_cat-survival-kurse","7":"product_tag-awareness","8":"product_tag-beratungsgespraech-mit-reini","9":"product_tag-erste-hilfe","10":"product_tag-krise","11":"product_tag-nahrung","12":"product_tag-orientierung","13":"product_tag-selbstversorgung-aus-dem-garten","14":"product_tag-survival-coach","15":"product_tag-survival-erste-hilfe","16":"product_tag-wasserkurs","18":"first","19":"instock","20":"virtual","21":"taxable","22":"product-type-simple"},"acf":[],"yoast_head":"<!-- This site is optimized with the Yoast SEO plugin v27.1.1 - https:\/\/yoast.com\/product\/yoast-seo-wordpress\/ -->\n<title>Outdoor Erste Hilfe Training mit Dr. Thomas Girgis und Reini Rossmann<\/title>\n<meta name=\"description\" content=\"Erste Hilfe Notf\u00e4lle sind die WAHREN Survival Situationen in unserer Welt! Warum? Weil diese Survival Szenarien die wahrscheinlichsten sind!\" \/>\n<meta name=\"robots\" content=\"index, follow, max-snippet:-1, max-image-preview:large, max-video-preview:-1\" \/>\n<link rel=\"canonical\" href=\"https:\/\/ueberlebenskunst.at\/survivalshop\/shop\/outdoor-erste-hilfe-training\/\" \/>\n<meta property=\"og:locale\" content=\"de_DE\" \/>\n<meta property=\"og:type\" content=\"article\" \/>\n<meta property=\"og:title\" content=\"Outdoor Erste Hilfe Training mit Dr. Thomas Girgis und Reini Rossmann\" \/>\n<meta property=\"og:description\" content=\"Erste Hilfe Notf\u00e4lle sind die WAHREN Survival Situationen in unserer Welt! Warum? Weil diese Survival Szenarien die wahrscheinlichsten sind!\" \/>\n<meta property=\"og:url\" content=\"https:\/\/ueberlebenskunst.at\/survivalshop\/shop\/outdoor-erste-hilfe-training\/\" \/>\n<meta property=\"og:site_name\" content=\"Reini Rossmann - Survival Shop\" \/>\n<meta property=\"article:publisher\" content=\"https:\/\/www.facebook.com\/survival24.org\/\" \/>\n<meta property=\"article:modified_time\" content=\"2025-06-04T07:19:28+00:00\" \/>\n<meta property=\"og:image\" content=\"https:\/\/ueberlebenskunst.at\/survivalshop\/wp-content\/uploads\/2021\/03\/Erste-Hilfe-eKus-724x1024-1.jpg\" \/>\n\t<meta property=\"og:image:width\" content=\"218\" \/>\n\t<meta property=\"og:image:height\" content=\"308\" \/>\n\t<meta property=\"og:image:type\" content=\"image\/jpeg\" \/>\n<meta name=\"twitter:card\" content=\"summary_large_image\" \/>\n<meta name=\"twitter:label1\" content=\"Gesch\u00e4tzte Lesezeit\" \/>\n\t<meta name=\"twitter:data1\" content=\"3\u00a0Minuten\" \/>\n<script type=\"application\/ld+json\" class=\"yoast-schema-graph\">{\"@context\":\"https:\/\/schema.org\",\"@graph\":[{\"@type\":\"WebPage\",\"@id\":\"https:\/\/ueberlebenskunst.at\/survivalshop\/shop\/outdoor-erste-hilfe-training\/\",\"url\":\"https:\/\/ueberlebenskunst.at\/survivalshop\/shop\/outdoor-erste-hilfe-training\/\",\"name\":\"Outdoor Erste Hilfe Training mit Dr. Thomas Girgis und Reini Rossmann\",\"isPartOf\":{\"@id\":\"https:\/\/ueberlebenskunst.at\/survivalshop\/#website\"},\"primaryImageOfPage\":{\"@id\":\"https:\/\/ueberlebenskunst.at\/survivalshop\/shop\/outdoor-erste-hilfe-training\/#primaryimage\"},\"image\":{\"@id\":\"https:\/\/ueberlebenskunst.at\/survivalshop\/shop\/outdoor-erste-hilfe-training\/#primaryimage\"},\"thumbnailUrl\":\"https:\/\/ueberlebenskunst.at\/survivalshop\/wp-content\/uploads\/2021\/03\/Erste-Hilfe-eKus-724x1024-1.jpg\",\"datePublished\":\"2021-03-16T20:48:49+00:00\",\"dateModified\":\"2025-06-04T07:19:28+00:00\",\"description\":\"Erste Hilfe Notf\u00e4lle sind die WAHREN Survival Situationen in unserer Welt! Warum? Weil diese Survival Szenarien die wahrscheinlichsten sind!\",\"breadcrumb\":{\"@id\":\"https:\/\/ueberlebenskunst.at\/survivalshop\/shop\/outdoor-erste-hilfe-training\/#breadcrumb\"},\"inLanguage\":\"de\",\"potentialAction\":[{\"@type\":\"ReadAction\",\"target\":[\"https:\/\/ueberlebenskunst.at\/survivalshop\/shop\/outdoor-erste-hilfe-training\/\"]}]},{\"@type\":\"ImageObject\",\"inLanguage\":\"de\",\"@id\":\"https:\/\/ueberlebenskunst.at\/survivalshop\/shop\/outdoor-erste-hilfe-training\/#primaryimage\",\"url\":\"https:\/\/ueberlebenskunst.at\/survivalshop\/wp-content\/uploads\/2021\/03\/Erste-Hilfe-eKus-724x1024-1.jpg\",\"contentUrl\":\"https:\/\/ueberlebenskunst.at\/survivalshop\/wp-content\/uploads\/2021\/03\/Erste-Hilfe-eKus-724x1024-1.jpg\",\"width\":218,\"height\":308},{\"@type\":\"BreadcrumbList\",\"@id\":\"https:\/\/ueberlebenskunst.at\/survivalshop\/shop\/outdoor-erste-hilfe-training\/#breadcrumb\",\"itemListElement\":[{\"@type\":\"ListItem\",\"position\":1,\"name\":\"Startseite\",\"item\":\"https:\/\/ueberlebenskunst.at\/survivalshop\/\"},{\"@type\":\"ListItem\",\"position\":2,\"name\":\"Shop\",\"item\":\"https:\/\/ueberlebenskunst.at\/survivalshop\/shop\/\"},{\"@type\":\"ListItem\",\"position\":3,\"name\":\"Outdoor Erste Hilfe Training\"}]},{\"@type\":\"WebSite\",\"@id\":\"https:\/\/ueberlebenskunst.at\/survivalshop\/#website\",\"url\":\"https:\/\/ueberlebenskunst.at\/survivalshop\/\",\"name\":\"Reini Rossmann - Survival Shop\",\"description\":\"Survival Shop f\u00fcr Survival, Bushcraft und Prepper\",\"potentialAction\":[{\"@type\":\"SearchAction\",\"target\":{\"@type\":\"EntryPoint\",\"urlTemplate\":\"https:\/\/ueberlebenskunst.at\/survivalshop\/?s={search_term_string}\"},\"query-input\":{\"@type\":\"PropertyValueSpecification\",\"valueRequired\":true,\"valueName\":\"search_term_string\"}}],\"inLanguage\":\"de\"}]}<\/script>\n<!-- \/ Yoast SEO plugin. -->","yoast_head_json":{"title":"Outdoor Erste Hilfe Training mit Dr. Thomas Girgis und Reini Rossmann","description":"Erste Hilfe Notf\u00e4lle sind die WAHREN Survival Situationen in unserer Welt! Warum? Weil diese Survival Szenarien die wahrscheinlichsten sind!","robots":{"index":"index","follow":"follow","max-snippet":"max-snippet:-1","max-image-preview":"max-image-preview:large","max-video-preview":"max-video-preview:-1"},"canonical":"https:\/\/ueberlebenskunst.at\/survivalshop\/shop\/outdoor-erste-hilfe-training\/","og_locale":"de_DE","og_type":"article","og_title":"Outdoor Erste Hilfe Training mit Dr. Thomas Girgis und Reini Rossmann","og_description":"Erste Hilfe Notf\u00e4lle sind die WAHREN Survival Situationen in unserer Welt! Warum? Weil diese Survival Szenarien die wahrscheinlichsten sind!","og_url":"https:\/\/ueberlebenskunst.at\/survivalshop\/shop\/outdoor-erste-hilfe-training\/","og_site_name":"Reini Rossmann - Survival Shop","article_publisher":"https:\/\/www.facebook.com\/survival24.org\/","article_modified_time":"2025-06-04T07:19:28+00:00","og_image":[{"width":218,"height":308,"url":"https:\/\/ueberlebenskunst.at\/survivalshop\/wp-content\/uploads\/2021\/03\/Erste-Hilfe-eKus-724x1024-1.jpg","type":"image\/jpeg"}],"twitter_card":"summary_large_image","twitter_misc":{"Gesch\u00e4tzte Lesezeit":"3\u00a0Minuten"},"schema":{"@context":"https:\/\/schema.org","@graph":[{"@type":"WebPage","@id":"https:\/\/ueberlebenskunst.at\/survivalshop\/shop\/outdoor-erste-hilfe-training\/","url":"https:\/\/ueberlebenskunst.at\/survivalshop\/shop\/outdoor-erste-hilfe-training\/","name":"Outdoor Erste Hilfe Training mit Dr. Thomas Girgis und Reini Rossmann","isPartOf":{"@id":"https:\/\/ueberlebenskunst.at\/survivalshop\/#website"},"primaryImageOfPage":{"@id":"https:\/\/ueberlebenskunst.at\/survivalshop\/shop\/outdoor-erste-hilfe-training\/#primaryimage"},"image":{"@id":"https:\/\/ueberlebenskunst.at\/survivalshop\/shop\/outdoor-erste-hilfe-training\/#primaryimage"},"thumbnailUrl":"https:\/\/ueberlebenskunst.at\/survivalshop\/wp-content\/uploads\/2021\/03\/Erste-Hilfe-eKus-724x1024-1.jpg","datePublished":"2021-03-16T20:48:49+00:00","dateModified":"2025-06-04T07:19:28+00:00","description":"Erste Hilfe Notf\u00e4lle sind die WAHREN Survival Situationen in unserer Welt! Warum? Weil diese Survival Szenarien die wahrscheinlichsten sind!","breadcrumb":{"@id":"https:\/\/ueberlebenskunst.at\/survivalshop\/shop\/outdoor-erste-hilfe-training\/#breadcrumb"},"inLanguage":"de","potentialAction":[{"@type":"ReadAction","target":["https:\/\/ueberlebenskunst.at\/survivalshop\/shop\/outdoor-erste-hilfe-training\/"]}]},{"@type":"ImageObject","inLanguage":"de","@id":"https:\/\/ueberlebenskunst.at\/survivalshop\/shop\/outdoor-erste-hilfe-training\/#primaryimage","url":"https:\/\/ueberlebenskunst.at\/survivalshop\/wp-content\/uploads\/2021\/03\/Erste-Hilfe-eKus-724x1024-1.jpg","contentUrl":"https:\/\/ueberlebenskunst.at\/survivalshop\/wp-content\/uploads\/2021\/03\/Erste-Hilfe-eKus-724x1024-1.jpg","width":218,"height":308},{"@type":"BreadcrumbList","@id":"https:\/\/ueberlebenskunst.at\/survivalshop\/shop\/outdoor-erste-hilfe-training\/#breadcrumb","itemListElement":[{"@type":"ListItem","position":1,"name":"Startseite","item":"https:\/\/ueberlebenskunst.at\/survivalshop\/"},{"@type":"ListItem","position":2,"name":"Shop","item":"https:\/\/ueberlebenskunst.at\/survivalshop\/shop\/"},{"@type":"ListItem","position":3,"name":"Outdoor Erste Hilfe Training"}]},{"@type":"WebSite","@id":"https:\/\/ueberlebenskunst.at\/survivalshop\/#website","url":"https:\/\/ueberlebenskunst.at\/survivalshop\/","name":"Reini Rossmann - Survival Shop","description":"Survival Shop f\u00fcr Survival, Bushcraft und Prepper","potentialAction":[{"@type":"SearchAction","target":{"@type":"EntryPoint","urlTemplate":"https:\/\/ueberlebenskunst.at\/survivalshop\/?s={search_term_string}"},"query-input":{"@type":"PropertyValueSpecification","valueRequired":true,"valueName":"search_term_string"}}],"inLanguage":"de"}]}},"_links":{"self":[{"href":"https:\/\/ueberlebenskunst.at\/survivalshop\/wp-json\/wp\/v2\/product\/24131","targetHints":{"allow":["GET"]}}],"collection":[{"href":"https:\/\/ueberlebenskunst.at\/survivalshop\/wp-json\/wp\/v2\/product"}],"about":[{"href":"https:\/\/ueberlebenskunst.at\/survivalshop\/wp-json\/wp\/v2\/types\/product"}],"replies":[{"embeddable":true,"href":"https:\/\/ueberlebenskunst.at\/survivalshop\/wp-json\/wp\/v2\/comments?post=24131"}],"wp:featuredmedia":[{"embeddable":true,"href":"https:\/\/ueberlebenskunst.at\/survivalshop\/wp-json\/wp\/v2\/media\/24303"}],"wp:attachment":[{"href":"https:\/\/ueberlebenskunst.at\/survivalshop\/wp-json\/wp\/v2\/media?parent=24131"}],"wp:term":[{"taxonomy":"product_brand","embeddable":true,"href":"https:\/\/ueberlebenskunst.at\/survivalshop\/wp-json\/wp\/v2\/product_brand?post=24131"},{"taxonomy":"product_cat","embeddable":true,"href":"https:\/\/ueberlebenskunst.at\/survivalshop\/wp-json\/wp\/v2\/product_cat?post=24131"},{"taxonomy":"product_tag","embeddable":true,"href":"https:\/\/ueberlebenskunst.at\/survivalshop\/wp-json\/wp\/v2\/product_tag?post=24131"}],"curies":[{"name":"wp","href":"https:\/\/api.w.org\/{rel}","templated":true}]}}