{"id":23559,"date":"2021-03-02T14:09:48","date_gmt":"2021-03-02T12:09:48","guid":{"rendered":"https:\/\/ueberlebenskunst.at\/survivalshop\/?post_type=product&#038;p=23559"},"modified":"2026-03-28T12:01:03","modified_gmt":"2026-03-28T11:01:03","slug":"alles-ueber-baerlauch","status":"publish","type":"product","link":"https:\/\/ueberlebenskunst.at\/survivalshop\/shop\/alles-ueber-baerlauch\/","title":{"rendered":"Alles \u00fcber B\u00e4rlauch &#8211; Heilkraut und Nahrungspflanze"},"content":{"rendered":"<p>Mit dem neuen Buch\u00a0 &#8220;Alles \u00fcber B\u00e4rlauch &#8211; Heilkraut und Nahrungspflanze&#8221; erscheint das n\u00e4chste Buch aus der <a href=\"https:\/\/ueberlebenskunst.at\/survivalshop\/produkt-schlagwort\/alles-ueber\/\" target=\"_blank\" rel=\"noopener\">ALLES \u00dcBER &#8211; Reihe . <\/a><br \/>\nAuf 130 Seiten erf\u00e4hrst du alles Wichtige \u00fcber den B\u00e4rlauch, das du vor und f\u00fcr die Verwendung wissen solltest.<\/p>\n<p>Du erh\u00e4ltst nach dem Kauf des Druckbuches oder des eBooks<strong> zus\u00e4tzlich ein \u00dcbersichtsblatt als PDF.<\/strong><br \/>\nEinfach ausdrucken, mitnehmen und den B\u00e4rlauch unterwegs sicher bestimmen.<\/p>\n<p>Die ideale und schmackhafte Erg\u00e4nzung ist das <a href=\"https:\/\/ueberlebenskunst.at\/survivalshop\/shop\/kartoffelanbau-fuer-selbstversorger\/\" target=\"_blank\" rel=\"noopener\">Kartoffelanbau f\u00fcr Selbstversorger<\/a> Buch.<\/p>\n<h3>Inhalt:<\/h3>\n<ul>\n<li>Pflanzensteckbrief mit Erkennungsmerkmalen<\/li>\n<li>Was macht den B\u00e4rlauch zum Heilkraut<\/li>\n<li>Inhaltsstoffe und Wirkungen vom B\u00e4rlauch<\/li>\n<li>B\u00e4rlauch in der Tierheilkunde<\/li>\n<li>Giftige Doppelg\u00e4nger im Vergleich<\/li>\n<li>Mikrokosmos B\u00e4rlauch<\/li>\n<li>Viele leckere Rezepte<\/li>\n<li>und einiges mehr<\/li>\n<\/ul>\n<p>&nbsp;<\/p>\n","protected":false},"excerpt":{"rendered":"<p>Mit dem neuen Buch\u00a0 &#8220;Alles \u00fcber B\u00e4rlauch &#8211; Heilkraut und Nahrungspflanze&#8221; erscheint das n\u00e4chste Buch aus der ALLES \u00dcBER &#8211; Reihe . Auf 130 Seiten erf\u00e4hrst du alles Wichtige \u00fcber den B\u00e4rlauch, das du vor und f\u00fcr die Verwendung wissen solltest. Du erh\u00e4ltst nach dem Kauf des Druckbuches oder des eBooks zus\u00e4tzlich ein \u00dcbersichtsblatt als [&hellip;]<\/p>\n","protected":false},"featured_media":23785,"comment_status":"open","ping_status":"closed","template":"","meta":{"_acf_changed":false},"product_brand":[],"product_cat":[1866],"product_tag":[745,646,2526],"class_list":{"0":"post-23559","1":"product","2":"type-product","3":"status-publish","4":"has-post-thumbnail","6":"product_cat-prepper-buecher","7":"product_tag-alles-ueber","8":"product_tag-krisen-selbstversorger","9":"product_tag-reinis-buecher","10":"pa_platform-druckbuch","11":"pa_platform-ebook","13":"first","14":"instock","15":"taxable","16":"shipping-taxable","17":"purchasable","18":"product-type-simple"},"acf":[],"yoast_head":"<!-- This site is optimized with the Yoast SEO plugin v27.1.1 - https:\/\/yoast.com\/product\/yoast-seo-wordpress\/ -->\n<title>Alles \u00fcber B\u00e4rlauch - Heilkraut und Nahrungspflanze<\/title>\n<meta name=\"description\" content=\"Im Buch &quot;Alles \u00fcber B\u00e4rlauch - Heilkraut und Nahrungspflanze&quot; erf\u00e4hrst du auf 130 Seiten was du vor und f\u00fcr die Verarbeitung wissen solltest.\" \/>\n<meta name=\"robots\" content=\"index, follow, max-snippet:-1, max-image-preview:large, max-video-preview:-1\" \/>\n<link rel=\"canonical\" href=\"https:\/\/ueberlebenskunst.at\/survivalshop\/shop\/alles-ueber-baerlauch\/\" \/>\n<meta property=\"og:locale\" content=\"de_DE\" \/>\n<meta property=\"og:type\" content=\"article\" \/>\n<meta property=\"og:title\" content=\"Alles \u00fcber B\u00e4rlauch - Heilkraut und Nahrungspflanze\" \/>\n<meta property=\"og:description\" content=\"Im Buch &quot;Alles \u00fcber B\u00e4rlauch - Heilkraut und Nahrungspflanze&quot; erf\u00e4hrst du auf 130 Seiten was du vor und f\u00fcr die Verarbeitung wissen solltest.\" \/>\n<meta property=\"og:url\" content=\"https:\/\/ueberlebenskunst.at\/survivalshop\/shop\/alles-ueber-baerlauch\/\" \/>\n<meta property=\"og:site_name\" content=\"Reini Rossmann - Survival Shop\" \/>\n<meta property=\"article:publisher\" content=\"https:\/\/www.facebook.com\/survival24.org\/\" \/>\n<meta property=\"article:modified_time\" content=\"2026-03-28T11:01:03+00:00\" \/>\n<meta property=\"og:image\" content=\"https:\/\/ueberlebenskunst.at\/survivalshop\/wp-content\/uploads\/2021\/03\/Baerlaunchbuch-WEB.png\" \/>\n\t<meta property=\"og:image:width\" content=\"402\" \/>\n\t<meta property=\"og:image:height\" content=\"500\" \/>\n\t<meta property=\"og:image:type\" content=\"image\/png\" \/>\n<meta name=\"twitter:card\" content=\"summary_large_image\" \/>\n<meta name=\"twitter:label1\" content=\"Gesch\u00e4tzte Lesezeit\" \/>\n\t<meta name=\"twitter:data1\" content=\"1\u00a0Minute\" \/>\n<script type=\"application\/ld+json\" class=\"yoast-schema-graph\">{\"@context\":\"https:\/\/schema.org\",\"@graph\":[{\"@type\":\"WebPage\",\"@id\":\"https:\/\/ueberlebenskunst.at\/survivalshop\/shop\/alles-ueber-baerlauch\/\",\"url\":\"https:\/\/ueberlebenskunst.at\/survivalshop\/shop\/alles-ueber-baerlauch\/\",\"name\":\"Alles \u00fcber B\u00e4rlauch - Heilkraut und Nahrungspflanze\",\"isPartOf\":{\"@id\":\"https:\/\/ueberlebenskunst.at\/survivalshop\/#website\"},\"primaryImageOfPage\":{\"@id\":\"https:\/\/ueberlebenskunst.at\/survivalshop\/shop\/alles-ueber-baerlauch\/#primaryimage\"},\"image\":{\"@id\":\"https:\/\/ueberlebenskunst.at\/survivalshop\/shop\/alles-ueber-baerlauch\/#primaryimage\"},\"thumbnailUrl\":\"https:\/\/ueberlebenskunst.at\/survivalshop\/wp-content\/uploads\/2021\/03\/Baerlaunchbuch-WEB.png\",\"datePublished\":\"2021-03-02T12:09:48+00:00\",\"dateModified\":\"2026-03-28T11:01:03+00:00\",\"description\":\"Im Buch \\\"Alles \u00fcber B\u00e4rlauch - Heilkraut und Nahrungspflanze\\\" erf\u00e4hrst du auf 130 Seiten was du vor und f\u00fcr die Verarbeitung wissen solltest.\",\"breadcrumb\":{\"@id\":\"https:\/\/ueberlebenskunst.at\/survivalshop\/shop\/alles-ueber-baerlauch\/#breadcrumb\"},\"inLanguage\":\"de\",\"potentialAction\":[{\"@type\":\"ReadAction\",\"target\":[\"https:\/\/ueberlebenskunst.at\/survivalshop\/shop\/alles-ueber-baerlauch\/\"]}]},{\"@type\":\"ImageObject\",\"inLanguage\":\"de\",\"@id\":\"https:\/\/ueberlebenskunst.at\/survivalshop\/shop\/alles-ueber-baerlauch\/#primaryimage\",\"url\":\"https:\/\/ueberlebenskunst.at\/survivalshop\/wp-content\/uploads\/2021\/03\/Baerlaunchbuch-WEB.png\",\"contentUrl\":\"https:\/\/ueberlebenskunst.at\/survivalshop\/wp-content\/uploads\/2021\/03\/Baerlaunchbuch-WEB.png\",\"width\":402,\"height\":500},{\"@type\":\"BreadcrumbList\",\"@id\":\"https:\/\/ueberlebenskunst.at\/survivalshop\/shop\/alles-ueber-baerlauch\/#breadcrumb\",\"itemListElement\":[{\"@type\":\"ListItem\",\"position\":1,\"name\":\"Startseite\",\"item\":\"https:\/\/ueberlebenskunst.at\/survivalshop\/\"},{\"@type\":\"ListItem\",\"position\":2,\"name\":\"Shop\",\"item\":\"https:\/\/ueberlebenskunst.at\/survivalshop\/shop\/\"},{\"@type\":\"ListItem\",\"position\":3,\"name\":\"Alles \u00fcber B\u00e4rlauch &#8211; Heilkraut und Nahrungspflanze\"}]},{\"@type\":\"WebSite\",\"@id\":\"https:\/\/ueberlebenskunst.at\/survivalshop\/#website\",\"url\":\"https:\/\/ueberlebenskunst.at\/survivalshop\/\",\"name\":\"Reini Rossmann - Survival Shop\",\"description\":\"Survival Shop f\u00fcr Survival, Bushcraft und Prepper\",\"potentialAction\":[{\"@type\":\"SearchAction\",\"target\":{\"@type\":\"EntryPoint\",\"urlTemplate\":\"https:\/\/ueberlebenskunst.at\/survivalshop\/?s={search_term_string}\"},\"query-input\":{\"@type\":\"PropertyValueSpecification\",\"valueRequired\":true,\"valueName\":\"search_term_string\"}}],\"inLanguage\":\"de\"}]}<\/script>\n<!-- \/ Yoast SEO plugin. -->","yoast_head_json":{"title":"Alles \u00fcber B\u00e4rlauch - Heilkraut und Nahrungspflanze","description":"Im Buch \"Alles \u00fcber B\u00e4rlauch - Heilkraut und Nahrungspflanze\" erf\u00e4hrst du auf 130 Seiten was du vor und f\u00fcr die Verarbeitung wissen solltest.","robots":{"index":"index","follow":"follow","max-snippet":"max-snippet:-1","max-image-preview":"max-image-preview:large","max-video-preview":"max-video-preview:-1"},"canonical":"https:\/\/ueberlebenskunst.at\/survivalshop\/shop\/alles-ueber-baerlauch\/","og_locale":"de_DE","og_type":"article","og_title":"Alles \u00fcber B\u00e4rlauch - Heilkraut und Nahrungspflanze","og_description":"Im Buch \"Alles \u00fcber B\u00e4rlauch - Heilkraut und Nahrungspflanze\" erf\u00e4hrst du auf 130 Seiten was du vor und f\u00fcr die Verarbeitung wissen solltest.","og_url":"https:\/\/ueberlebenskunst.at\/survivalshop\/shop\/alles-ueber-baerlauch\/","og_site_name":"Reini Rossmann - Survival Shop","article_publisher":"https:\/\/www.facebook.com\/survival24.org\/","article_modified_time":"2026-03-28T11:01:03+00:00","og_image":[{"width":402,"height":500,"url":"https:\/\/ueberlebenskunst.at\/survivalshop\/wp-content\/uploads\/2021\/03\/Baerlaunchbuch-WEB.png","type":"image\/png"}],"twitter_card":"summary_large_image","twitter_misc":{"Gesch\u00e4tzte Lesezeit":"1\u00a0Minute"},"schema":{"@context":"https:\/\/schema.org","@graph":[{"@type":"WebPage","@id":"https:\/\/ueberlebenskunst.at\/survivalshop\/shop\/alles-ueber-baerlauch\/","url":"https:\/\/ueberlebenskunst.at\/survivalshop\/shop\/alles-ueber-baerlauch\/","name":"Alles \u00fcber B\u00e4rlauch - Heilkraut und Nahrungspflanze","isPartOf":{"@id":"https:\/\/ueberlebenskunst.at\/survivalshop\/#website"},"primaryImageOfPage":{"@id":"https:\/\/ueberlebenskunst.at\/survivalshop\/shop\/alles-ueber-baerlauch\/#primaryimage"},"image":{"@id":"https:\/\/ueberlebenskunst.at\/survivalshop\/shop\/alles-ueber-baerlauch\/#primaryimage"},"thumbnailUrl":"https:\/\/ueberlebenskunst.at\/survivalshop\/wp-content\/uploads\/2021\/03\/Baerlaunchbuch-WEB.png","datePublished":"2021-03-02T12:09:48+00:00","dateModified":"2026-03-28T11:01:03+00:00","description":"Im Buch \"Alles \u00fcber B\u00e4rlauch - Heilkraut und Nahrungspflanze\" erf\u00e4hrst du auf 130 Seiten was du vor und f\u00fcr die Verarbeitung wissen solltest.","breadcrumb":{"@id":"https:\/\/ueberlebenskunst.at\/survivalshop\/shop\/alles-ueber-baerlauch\/#breadcrumb"},"inLanguage":"de","potentialAction":[{"@type":"ReadAction","target":["https:\/\/ueberlebenskunst.at\/survivalshop\/shop\/alles-ueber-baerlauch\/"]}]},{"@type":"ImageObject","inLanguage":"de","@id":"https:\/\/ueberlebenskunst.at\/survivalshop\/shop\/alles-ueber-baerlauch\/#primaryimage","url":"https:\/\/ueberlebenskunst.at\/survivalshop\/wp-content\/uploads\/2021\/03\/Baerlaunchbuch-WEB.png","contentUrl":"https:\/\/ueberlebenskunst.at\/survivalshop\/wp-content\/uploads\/2021\/03\/Baerlaunchbuch-WEB.png","width":402,"height":500},{"@type":"BreadcrumbList","@id":"https:\/\/ueberlebenskunst.at\/survivalshop\/shop\/alles-ueber-baerlauch\/#breadcrumb","itemListElement":[{"@type":"ListItem","position":1,"name":"Startseite","item":"https:\/\/ueberlebenskunst.at\/survivalshop\/"},{"@type":"ListItem","position":2,"name":"Shop","item":"https:\/\/ueberlebenskunst.at\/survivalshop\/shop\/"},{"@type":"ListItem","position":3,"name":"Alles \u00fcber B\u00e4rlauch &#8211; Heilkraut und Nahrungspflanze"}]},{"@type":"WebSite","@id":"https:\/\/ueberlebenskunst.at\/survivalshop\/#website","url":"https:\/\/ueberlebenskunst.at\/survivalshop\/","name":"Reini Rossmann - Survival Shop","description":"Survival Shop f\u00fcr Survival, Bushcraft und Prepper","potentialAction":[{"@type":"SearchAction","target":{"@type":"EntryPoint","urlTemplate":"https:\/\/ueberlebenskunst.at\/survivalshop\/?s={search_term_string}"},"query-input":{"@type":"PropertyValueSpecification","valueRequired":true,"valueName":"search_term_string"}}],"inLanguage":"de"}]}},"_links":{"self":[{"href":"https:\/\/ueberlebenskunst.at\/survivalshop\/wp-json\/wp\/v2\/product\/23559","targetHints":{"allow":["GET"]}}],"collection":[{"href":"https:\/\/ueberlebenskunst.at\/survivalshop\/wp-json\/wp\/v2\/product"}],"about":[{"href":"https:\/\/ueberlebenskunst.at\/survivalshop\/wp-json\/wp\/v2\/types\/product"}],"replies":[{"embeddable":true,"href":"https:\/\/ueberlebenskunst.at\/survivalshop\/wp-json\/wp\/v2\/comments?post=23559"}],"wp:featuredmedia":[{"embeddable":true,"href":"https:\/\/ueberlebenskunst.at\/survivalshop\/wp-json\/wp\/v2\/media\/23785"}],"wp:attachment":[{"href":"https:\/\/ueberlebenskunst.at\/survivalshop\/wp-json\/wp\/v2\/media?parent=23559"}],"wp:term":[{"taxonomy":"product_brand","embeddable":true,"href":"https:\/\/ueberlebenskunst.at\/survivalshop\/wp-json\/wp\/v2\/product_brand?post=23559"},{"taxonomy":"product_cat","embeddable":true,"href":"https:\/\/ueberlebenskunst.at\/survivalshop\/wp-json\/wp\/v2\/product_cat?post=23559"},{"taxonomy":"product_tag","embeddable":true,"href":"https:\/\/ueberlebenskunst.at\/survivalshop\/wp-json\/wp\/v2\/product_tag?post=23559"}],"curies":[{"name":"wp","href":"https:\/\/api.w.org\/{rel}","templated":true}]}}