{"id":23446,"date":"2021-03-12T15:07:54","date_gmt":"2021-03-12T13:07:54","guid":{"rendered":"https:\/\/ueberlebenskunst.at\/survivalshop\/?post_type=product&#038;p=23446"},"modified":"2024-10-08T10:59:05","modified_gmt":"2024-10-08T08:59:05","slug":"tatonka-rokua-2-2-personen-zelt","status":"seo-produkt","type":"product","link":"https:\/\/ueberlebenskunst.at\/survivalshop\/shop\/tatonka-rokua-2-2-personen-zelt\/","title":{"rendered":"Tatonka Rokua 2 &#8211; 2-Personen-Zelt"},"content":{"rendered":"<p>Liegekomfort, Leichtgewicht, Langlebigkeit vereinen zum Allrounder:\u00a0 <a href=\"https:\/\/ueberlebenskunst.at\/survivalshop\/shop\/zeltunterlage-lt-fuer-rokua-2\/\" target=\"_blank\" rel=\"noopener\">Zeltunterlage Rokua<\/a> kombiniert mit<\/p>\n<h3>Tatonka Rokua 2 Zelt f\u00fcr 2 Personen, stone grey olive<\/h3>\n<ul>\n<li>2,6 kg leichtes Tunnelzelt mit viel Platz f\u00fcr 2 Personen und Gep\u00e4ck<\/li>\n<li>Packma\u00df 55 x \u00d8 20 cm<\/li>\n<li>robuste, lwasserdichte Materialien<\/li>\n<li>Au\u00dfenzelt besteht aus Nylon, 5fach beschichtet mit Silikon, 6.6-Ripstop-Gewebe, 20 Denier Faserst\u00e4rke<\/li>\n<li>Innenzelt ist aus Nylon-Ripstop Gewebe, kann abgekoppelt werden<\/li>\n<li>Zeltboden wird gefertigt aus PU-beschichtetem Nylon mit einer Wassers\u00e4ule von 10000 mm<\/li>\n<li>Liegel\u00e4nge 2,35 m, Komfort f\u00fcr Gro\u00dfgewachsene<\/li>\n<li>einfacher Auf- und Abbau<\/li>\n<li>drei Gest\u00e4ngeb\u00f6gen<\/li>\n<li>beidseitiger Eingang<\/li>\n<li>Extras: 2 L\u00fcfter, Reflektoren, verst\u00e4rkte Eckpunkte, W\u00e4scheleine, Packs\u00e4cke, Einstecktaschen innen, Zelteingang aufrollbar<\/li>\n<\/ul>\n<p>&nbsp;<\/p>\n<p><a href=\"https:\/\/ueberlebenskunst.at\/survivalshop\/wp-content\/uploads\/2021\/02\/Rokua-2_6.jpg\" target=\"_blank\" rel=\"noopener\"><img decoding=\"async\" class=\"alignnone wp-image-23452 \" src=\"https:\/\/ueberlebenskunst.at\/survivalshop\/wp-content\/uploads\/2021\/02\/Rokua-2_6-300x260.jpg\" alt=\"Rokua 2\" width=\"401\" height=\"347\" srcset=\"https:\/\/ueberlebenskunst.at\/survivalshop\/wp-content\/uploads\/2021\/02\/Rokua-2_6-300x260.jpg 300w, https:\/\/ueberlebenskunst.at\/survivalshop\/wp-content\/uploads\/2021\/02\/Rokua-2_6-600x519.jpg 600w, https:\/\/ueberlebenskunst.at\/survivalshop\/wp-content\/uploads\/2021\/02\/Rokua-2_6.jpg 633w\" sizes=\"(max-width: 401px) 100vw, 401px\" \/><\/a><\/p>\n<p>&nbsp;<\/p>\n<h3>Sonstige Produktdetails:<\/h3>\n<ul>\n<li>Abmessungen: 430 x 155 x 110 cm<\/li>\n<li>Packmass: 55 x \u00d820 cm<\/li>\n<li>Gewicht: 2,60 kg<\/li>\n<li>Material 1: 20 den Nylon 6 Ripstop Si<\/li>\n<li>Wassers\u00e4ule Au\u00dfenzelt: 3000<\/li>\n<li>Material 2: 30 den Nylon Ripstop 245T WR<\/li>\n<li>Material Boden: 70 den Nylon Taffeta 190T PU<\/li>\n<li>Wassers\u00e4ule Boden: 10000<\/li>\n<li>Gest\u00e4ngeb\u00f6gen Anzahl:3<\/li>\n<li>Schlaufen Anzahl: 12<\/li>\n<li>Befestigungspunkte Anzahl: 14<\/li>\n<li>Abspannleinen Anzahl:8<\/li>\n<li>Heringe Anzahl: 16<\/li>\n<li>Apsiden Anzahl: 2<\/li>\n<li>Eing\u00e4nge Au\u00dfenzelt Anzahl: 2<\/li>\n<li>L\u00fcfter Au\u00dfenzelt Anzahl: 2<\/li>\n<li>Innenzelte Anzahl: 1<\/li>\n<li>Eing\u00e4nge Innenzelt Anzahl: 2<\/li>\n<li>Moskitonetze Innenzelt Anzahl: 2<\/li>\n<li>Taschen Innenzelt Anzahl: 4<\/li>\n<li>W\u00e4scheleine Anzahl: 2<\/li>\n<\/ul>\n","protected":false},"excerpt":{"rendered":"<p>Tunnel-Zelt f\u00fcr 2.<\/p>\n","protected":false},"featured_media":23447,"comment_status":"open","ping_status":"closed","template":"","meta":{"_acf_changed":false},"product_brand":[],"product_cat":[426],"product_tag":[732,733,238,2166,201,264,739],"class_list":{"0":"post-23446","1":"product","2":"type-product","3":"status-seo-produkt","4":"has-post-thumbnail","6":"product_cat-unkategorisiert","7":"product_tag-camping","8":"product_tag-draussen-schlafen","9":"product_tag-regenschutz","10":"product_tag-ttaktion","11":"product_tag-tatonka","12":"product_tag-wasserdicht","13":"product_tag-zelt","15":"first","16":"outofstock","17":"taxable","18":"shipping-taxable","19":"product-type-simple"},"acf":[],"yoast_head":"<!-- This site is optimized with the Yoast SEO plugin v27.1.1 - https:\/\/yoast.com\/product\/yoast-seo-wordpress\/ -->\n<title>Tatonka Rokua 2 - 2-Personen-Zelt Platz f\u00fcr Gro\u00dfe und viel Gep\u00e4ck<\/title>\n<meta name=\"description\" content=\"Das Zelt bietet Komfort, Langlebigkeit und Leichtigkeit f\u00fcr jeden Rucksack. So wird Outdoor zum Erlebnis und Wohlgef\u00fchl.\" \/>\n<meta name=\"robots\" content=\"index, follow, max-snippet:-1, max-image-preview:large, max-video-preview:-1\" \/>\n<link rel=\"canonical\" href=\"https:\/\/ueberlebenskunst.at\/survivalshop\/shop\/tatonka-rokua-2-2-personen-zelt\/\" \/>\n<meta property=\"og:locale\" content=\"de_DE\" \/>\n<meta property=\"og:type\" content=\"article\" \/>\n<meta property=\"og:title\" content=\"Tatonka Rokua 2 - 2-Personen-Zelt Platz f\u00fcr Gro\u00dfe und viel Gep\u00e4ck\" \/>\n<meta property=\"og:description\" content=\"Das Zelt bietet Komfort, Langlebigkeit und Leichtigkeit f\u00fcr jeden Rucksack. So wird Outdoor zum Erlebnis und Wohlgef\u00fchl.\" \/>\n<meta property=\"og:url\" content=\"https:\/\/ueberlebenskunst.at\/survivalshop\/shop\/tatonka-rokua-2-2-personen-zelt\/\" \/>\n<meta property=\"og:site_name\" content=\"Reini Rossmann - Survival Shop\" \/>\n<meta property=\"article:publisher\" content=\"https:\/\/www.facebook.com\/survival24.org\/\" \/>\n<meta property=\"article:modified_time\" content=\"2024-10-08T08:59:05+00:00\" \/>\n<meta property=\"og:image\" content=\"https:\/\/ueberlebenskunst.at\/survivalshop\/wp-content\/uploads\/2021\/02\/Rokua-2.jpg\" \/>\n\t<meta property=\"og:image:width\" content=\"1227\" \/>\n\t<meta property=\"og:image:height\" content=\"482\" \/>\n\t<meta property=\"og:image:type\" content=\"image\/jpeg\" \/>\n<meta name=\"twitter:card\" content=\"summary_large_image\" \/>\n<meta name=\"twitter:label1\" content=\"Gesch\u00e4tzte Lesezeit\" \/>\n\t<meta name=\"twitter:data1\" content=\"2\u00a0Minuten\" \/>\n<script type=\"application\/ld+json\" class=\"yoast-schema-graph\">{\"@context\":\"https:\/\/schema.org\",\"@graph\":[{\"@type\":\"WebPage\",\"@id\":\"https:\/\/ueberlebenskunst.at\/survivalshop\/shop\/tatonka-rokua-2-2-personen-zelt\/\",\"url\":\"https:\/\/ueberlebenskunst.at\/survivalshop\/shop\/tatonka-rokua-2-2-personen-zelt\/\",\"name\":\"Tatonka Rokua 2 - 2-Personen-Zelt Platz f\u00fcr Gro\u00dfe und viel Gep\u00e4ck\",\"isPartOf\":{\"@id\":\"https:\/\/ueberlebenskunst.at\/survivalshop\/#website\"},\"primaryImageOfPage\":{\"@id\":\"https:\/\/ueberlebenskunst.at\/survivalshop\/shop\/tatonka-rokua-2-2-personen-zelt\/#primaryimage\"},\"image\":{\"@id\":\"https:\/\/ueberlebenskunst.at\/survivalshop\/shop\/tatonka-rokua-2-2-personen-zelt\/#primaryimage\"},\"thumbnailUrl\":\"https:\/\/ueberlebenskunst.at\/survivalshop\/wp-content\/uploads\/2021\/02\/Rokua-2.jpg\",\"datePublished\":\"2021-03-12T13:07:54+00:00\",\"dateModified\":\"2024-10-08T08:59:05+00:00\",\"description\":\"Das Zelt bietet Komfort, Langlebigkeit und Leichtigkeit f\u00fcr jeden Rucksack. So wird Outdoor zum Erlebnis und Wohlgef\u00fchl.\",\"breadcrumb\":{\"@id\":\"https:\/\/ueberlebenskunst.at\/survivalshop\/shop\/tatonka-rokua-2-2-personen-zelt\/#breadcrumb\"},\"inLanguage\":\"de\",\"potentialAction\":[{\"@type\":\"ReadAction\",\"target\":[\"https:\/\/ueberlebenskunst.at\/survivalshop\/shop\/tatonka-rokua-2-2-personen-zelt\/\"]}]},{\"@type\":\"ImageObject\",\"inLanguage\":\"de\",\"@id\":\"https:\/\/ueberlebenskunst.at\/survivalshop\/shop\/tatonka-rokua-2-2-personen-zelt\/#primaryimage\",\"url\":\"https:\/\/ueberlebenskunst.at\/survivalshop\/wp-content\/uploads\/2021\/02\/Rokua-2.jpg\",\"contentUrl\":\"https:\/\/ueberlebenskunst.at\/survivalshop\/wp-content\/uploads\/2021\/02\/Rokua-2.jpg\",\"width\":1227,\"height\":482},{\"@type\":\"BreadcrumbList\",\"@id\":\"https:\/\/ueberlebenskunst.at\/survivalshop\/shop\/tatonka-rokua-2-2-personen-zelt\/#breadcrumb\",\"itemListElement\":[{\"@type\":\"ListItem\",\"position\":1,\"name\":\"Startseite\",\"item\":\"https:\/\/ueberlebenskunst.at\/survivalshop\/\"},{\"@type\":\"ListItem\",\"position\":2,\"name\":\"Shop\",\"item\":\"https:\/\/ueberlebenskunst.at\/survivalshop\/shop\/\"},{\"@type\":\"ListItem\",\"position\":3,\"name\":\"Tatonka Rokua 2 &#8211; 2-Personen-Zelt\"}]},{\"@type\":\"WebSite\",\"@id\":\"https:\/\/ueberlebenskunst.at\/survivalshop\/#website\",\"url\":\"https:\/\/ueberlebenskunst.at\/survivalshop\/\",\"name\":\"Reini Rossmann - Survival Shop\",\"description\":\"Survival Shop f\u00fcr Survival, Bushcraft und Prepper\",\"potentialAction\":[{\"@type\":\"SearchAction\",\"target\":{\"@type\":\"EntryPoint\",\"urlTemplate\":\"https:\/\/ueberlebenskunst.at\/survivalshop\/?s={search_term_string}\"},\"query-input\":{\"@type\":\"PropertyValueSpecification\",\"valueRequired\":true,\"valueName\":\"search_term_string\"}}],\"inLanguage\":\"de\"}]}<\/script>\n<!-- \/ Yoast SEO plugin. -->","yoast_head_json":{"title":"Tatonka Rokua 2 - 2-Personen-Zelt Platz f\u00fcr Gro\u00dfe und viel Gep\u00e4ck","description":"Das Zelt bietet Komfort, Langlebigkeit und Leichtigkeit f\u00fcr jeden Rucksack. So wird Outdoor zum Erlebnis und Wohlgef\u00fchl.","robots":{"index":"index","follow":"follow","max-snippet":"max-snippet:-1","max-image-preview":"max-image-preview:large","max-video-preview":"max-video-preview:-1"},"canonical":"https:\/\/ueberlebenskunst.at\/survivalshop\/shop\/tatonka-rokua-2-2-personen-zelt\/","og_locale":"de_DE","og_type":"article","og_title":"Tatonka Rokua 2 - 2-Personen-Zelt Platz f\u00fcr Gro\u00dfe und viel Gep\u00e4ck","og_description":"Das Zelt bietet Komfort, Langlebigkeit und Leichtigkeit f\u00fcr jeden Rucksack. So wird Outdoor zum Erlebnis und Wohlgef\u00fchl.","og_url":"https:\/\/ueberlebenskunst.at\/survivalshop\/shop\/tatonka-rokua-2-2-personen-zelt\/","og_site_name":"Reini Rossmann - Survival Shop","article_publisher":"https:\/\/www.facebook.com\/survival24.org\/","article_modified_time":"2024-10-08T08:59:05+00:00","og_image":[{"width":1227,"height":482,"url":"https:\/\/ueberlebenskunst.at\/survivalshop\/wp-content\/uploads\/2021\/02\/Rokua-2.jpg","type":"image\/jpeg"}],"twitter_card":"summary_large_image","twitter_misc":{"Gesch\u00e4tzte Lesezeit":"2\u00a0Minuten"},"schema":{"@context":"https:\/\/schema.org","@graph":[{"@type":"WebPage","@id":"https:\/\/ueberlebenskunst.at\/survivalshop\/shop\/tatonka-rokua-2-2-personen-zelt\/","url":"https:\/\/ueberlebenskunst.at\/survivalshop\/shop\/tatonka-rokua-2-2-personen-zelt\/","name":"Tatonka Rokua 2 - 2-Personen-Zelt Platz f\u00fcr Gro\u00dfe und viel Gep\u00e4ck","isPartOf":{"@id":"https:\/\/ueberlebenskunst.at\/survivalshop\/#website"},"primaryImageOfPage":{"@id":"https:\/\/ueberlebenskunst.at\/survivalshop\/shop\/tatonka-rokua-2-2-personen-zelt\/#primaryimage"},"image":{"@id":"https:\/\/ueberlebenskunst.at\/survivalshop\/shop\/tatonka-rokua-2-2-personen-zelt\/#primaryimage"},"thumbnailUrl":"https:\/\/ueberlebenskunst.at\/survivalshop\/wp-content\/uploads\/2021\/02\/Rokua-2.jpg","datePublished":"2021-03-12T13:07:54+00:00","dateModified":"2024-10-08T08:59:05+00:00","description":"Das Zelt bietet Komfort, Langlebigkeit und Leichtigkeit f\u00fcr jeden Rucksack. So wird Outdoor zum Erlebnis und Wohlgef\u00fchl.","breadcrumb":{"@id":"https:\/\/ueberlebenskunst.at\/survivalshop\/shop\/tatonka-rokua-2-2-personen-zelt\/#breadcrumb"},"inLanguage":"de","potentialAction":[{"@type":"ReadAction","target":["https:\/\/ueberlebenskunst.at\/survivalshop\/shop\/tatonka-rokua-2-2-personen-zelt\/"]}]},{"@type":"ImageObject","inLanguage":"de","@id":"https:\/\/ueberlebenskunst.at\/survivalshop\/shop\/tatonka-rokua-2-2-personen-zelt\/#primaryimage","url":"https:\/\/ueberlebenskunst.at\/survivalshop\/wp-content\/uploads\/2021\/02\/Rokua-2.jpg","contentUrl":"https:\/\/ueberlebenskunst.at\/survivalshop\/wp-content\/uploads\/2021\/02\/Rokua-2.jpg","width":1227,"height":482},{"@type":"BreadcrumbList","@id":"https:\/\/ueberlebenskunst.at\/survivalshop\/shop\/tatonka-rokua-2-2-personen-zelt\/#breadcrumb","itemListElement":[{"@type":"ListItem","position":1,"name":"Startseite","item":"https:\/\/ueberlebenskunst.at\/survivalshop\/"},{"@type":"ListItem","position":2,"name":"Shop","item":"https:\/\/ueberlebenskunst.at\/survivalshop\/shop\/"},{"@type":"ListItem","position":3,"name":"Tatonka Rokua 2 &#8211; 2-Personen-Zelt"}]},{"@type":"WebSite","@id":"https:\/\/ueberlebenskunst.at\/survivalshop\/#website","url":"https:\/\/ueberlebenskunst.at\/survivalshop\/","name":"Reini Rossmann - Survival Shop","description":"Survival Shop f\u00fcr Survival, Bushcraft und Prepper","potentialAction":[{"@type":"SearchAction","target":{"@type":"EntryPoint","urlTemplate":"https:\/\/ueberlebenskunst.at\/survivalshop\/?s={search_term_string}"},"query-input":{"@type":"PropertyValueSpecification","valueRequired":true,"valueName":"search_term_string"}}],"inLanguage":"de"}]}},"_links":{"self":[{"href":"https:\/\/ueberlebenskunst.at\/survivalshop\/wp-json\/wp\/v2\/product\/23446","targetHints":{"allow":["GET"]}}],"collection":[{"href":"https:\/\/ueberlebenskunst.at\/survivalshop\/wp-json\/wp\/v2\/product"}],"about":[{"href":"https:\/\/ueberlebenskunst.at\/survivalshop\/wp-json\/wp\/v2\/types\/product"}],"replies":[{"embeddable":true,"href":"https:\/\/ueberlebenskunst.at\/survivalshop\/wp-json\/wp\/v2\/comments?post=23446"}],"wp:featuredmedia":[{"embeddable":true,"href":"https:\/\/ueberlebenskunst.at\/survivalshop\/wp-json\/wp\/v2\/media\/23447"}],"wp:attachment":[{"href":"https:\/\/ueberlebenskunst.at\/survivalshop\/wp-json\/wp\/v2\/media?parent=23446"}],"wp:term":[{"taxonomy":"product_brand","embeddable":true,"href":"https:\/\/ueberlebenskunst.at\/survivalshop\/wp-json\/wp\/v2\/product_brand?post=23446"},{"taxonomy":"product_cat","embeddable":true,"href":"https:\/\/ueberlebenskunst.at\/survivalshop\/wp-json\/wp\/v2\/product_cat?post=23446"},{"taxonomy":"product_tag","embeddable":true,"href":"https:\/\/ueberlebenskunst.at\/survivalshop\/wp-json\/wp\/v2\/product_tag?post=23446"}],"curies":[{"name":"wp","href":"https:\/\/api.w.org\/{rel}","templated":true}]}}