{"id":23433,"date":"2021-03-12T15:00:58","date_gmt":"2021-03-12T13:00:58","guid":{"rendered":"https:\/\/ueberlebenskunst.at\/survivalshop\/?post_type=product&#038;p=23433"},"modified":"2024-10-08T10:53:09","modified_gmt":"2024-10-08T08:53:09","slug":"tatonka-okisba-2-personen-zelt","status":"seo-produkt","type":"product","link":"https:\/\/ueberlebenskunst.at\/survivalshop\/shop\/tatonka-okisba-2-personen-zelt\/","title":{"rendered":"Tatonka Okisba 2-Personen-Zelt"},"content":{"rendered":"<p>Leicht und robust. Diese Komponenten verbindet &#8211;\u00a0 gemeinsam mit dem <a href=\"https:\/\/ueberlebenskunst.at\/survivalshop\/shop\/zeltunterlage-lt-fuer-okisba\/\" target=\"_blank\" rel=\"noopener\">Tatonka Okisba Zeltboden<\/a> &#8211;<\/p>\n<h3>Tatonka Okisba Tunnelzelt f\u00fcr zwei Personen<\/h3>\n<h3>Produktdaten:<\/h3>\n<ul>\n<li>perfekt f\u00fcr 2 mit viel Gep\u00e4ck<\/li>\n<li>ein Leichtgewicht von 2,7 kg, Packma\u00df: 50 x \u00d8 19cm<\/li>\n<li>mit Seiteneingang, der als Kochstelle benutzt werden kann<\/li>\n<li>robuste, leichte Materialien<\/li>\n<li>3 extraleichte Gest\u00e4ngeb\u00f6gen<\/li>\n<li>einfacher Auf- und Abbau<\/li>\n<li>Innenzelt kann abgekoppelt werden<\/li>\n<li>wasserdicht: Au\u00dfenzelt besteht aus Nylon, 5-fach beschichtet, rei\u00dffest, Wassers\u00e4ule von 1500 mm, Boden 10000 mm<\/li>\n<li>Weitere Tools: 2 L\u00fcfter, Reflektoren, W\u00e4scheleine, Moskitofenster, verst\u00e4rkte Eckpunkte, Einstecktaschen, Packs\u00e4cke<\/li>\n<\/ul>\n<p><a href=\"https:\/\/ueberlebenskunst.at\/survivalshop\/wp-content\/uploads\/2021\/02\/Okisba4.jpg\" target=\"_blank\" rel=\"noopener\"><img decoding=\"async\" class=\"alignnone wp-image-23439 \" src=\"https:\/\/ueberlebenskunst.at\/survivalshop\/wp-content\/uploads\/2021\/02\/Okisba4-300x242.jpg\" alt=\"\" width=\"325\" height=\"262\" srcset=\"https:\/\/ueberlebenskunst.at\/survivalshop\/wp-content\/uploads\/2021\/02\/Okisba4-300x242.jpg 300w, https:\/\/ueberlebenskunst.at\/survivalshop\/wp-content\/uploads\/2021\/02\/Okisba4-768x618.jpg 768w, https:\/\/ueberlebenskunst.at\/survivalshop\/wp-content\/uploads\/2021\/02\/Okisba4-600x483.jpg 600w, https:\/\/ueberlebenskunst.at\/survivalshop\/wp-content\/uploads\/2021\/02\/Okisba4.jpg 791w\" sizes=\"(max-width: 325px) 100vw, 325px\" \/><\/a><\/p>\n<h3>Produktdaten:<\/h3>\n<ul>\n<li>Abmessungen: 420 x 155 x 110 cm<\/li>\n<li>Packmass: 50 x \u00d8 19cm<\/li>\n<li>Gewicht: 2,70 kg<\/li>\n<li>Material 1: 30 den Nylon 6.6 Ripstop250T Si<\/li>\n<li>Wassers\u00e4ule Au\u00dfenzelt: 1500<\/li>\n<li>Material 2: 30 den Nylon Ripstop 245T WR<\/li>\n<li>Material Boden: 70 den Nylon Taffeta 190T PU<\/li>\n<li>Wassers\u00e4ule Boden: 10000<\/li>\n<li>Gest\u00e4ngeb\u00f6gen Anzahl: 2 + 1<\/li>\n<li>Schlaufen Anzahl: 11<\/li>\n<li>Befestigungspunkte Anzahl: 14<\/li>\n<li>Abspannleinen Anzahl: 8<\/li>\n<li>Heringe Anzahl: 16<\/li>\n<li>Apsiden Anzahl: 1<\/li>\n<li>Eing\u00e4nge Au\u00dfenzelt Anzahl: 1<\/li>\n<li>Moskitonetze Au\u00dfenzelt Anzahl: 2<\/li>\n<li>L\u00fcfter Au\u00dfenzelt Anzahl: 2 x verschliessbar<\/li>\n<li>Innenzelte Anzahl: 1<\/li>\n<li>Eing\u00e4nge Innenzelt Anzahl: 1<\/li>\n<li>Moskitonetze Innenzelt Anzahl: 1 x verschliessbar<\/li>\n<li>L\u00fcfter Innenzelt Anzahl: 1<\/li>\n<li>Taschen Innenzelt Anzahl: 2<\/li>\n<li>W\u00e4scheleine Anzahl: 2<\/li>\n<\/ul>\n","protected":false},"excerpt":{"rendered":"<p>Zelt f\u00fcr 2 Personen, gr\u00fcn.<\/p>\n","protected":false},"featured_media":23434,"comment_status":"open","ping_status":"closed","template":"","meta":{"_acf_changed":false},"product_brand":[],"product_cat":[426],"product_tag":[732,733,238,2166,201,264],"class_list":{"0":"post-23433","1":"product","2":"type-product","3":"status-seo-produkt","4":"has-post-thumbnail","6":"product_cat-unkategorisiert","7":"product_tag-camping","8":"product_tag-draussen-schlafen","9":"product_tag-regenschutz","10":"product_tag-ttaktion","11":"product_tag-tatonka","12":"product_tag-wasserdicht","14":"first","15":"outofstock","16":"taxable","17":"shipping-taxable","18":"product-type-simple"},"acf":[],"yoast_head":"<!-- This site is optimized with the Yoast SEO plugin v27.1.1 - https:\/\/yoast.com\/product\/yoast-seo-wordpress\/ -->\n<title>Tatonka Okisba 2-Personen-Zelt leicht und robust auf Tour<\/title>\n<meta name=\"description\" content=\"Das Tatonka Okisba Zelt findet mit seinen 2.7 kg Platz in jedem Rucksack und bietet einen Seiteneingang um bei Schlechtwetter zu kochen.\" \/>\n<meta name=\"robots\" content=\"index, follow, max-snippet:-1, max-image-preview:large, max-video-preview:-1\" \/>\n<link rel=\"canonical\" href=\"https:\/\/ueberlebenskunst.at\/survivalshop\/shop\/tatonka-okisba-2-personen-zelt\/\" \/>\n<meta property=\"og:locale\" content=\"de_DE\" \/>\n<meta property=\"og:type\" content=\"article\" \/>\n<meta property=\"og:title\" content=\"Tatonka Okisba 2-Personen-Zelt leicht und robust auf Tour\" \/>\n<meta property=\"og:description\" content=\"Das Tatonka Okisba Zelt findet mit seinen 2.7 kg Platz in jedem Rucksack und bietet einen Seiteneingang um bei Schlechtwetter zu kochen.\" \/>\n<meta property=\"og:url\" content=\"https:\/\/ueberlebenskunst.at\/survivalshop\/shop\/tatonka-okisba-2-personen-zelt\/\" \/>\n<meta property=\"og:site_name\" content=\"Reini Rossmann - Survival Shop\" \/>\n<meta property=\"article:publisher\" content=\"https:\/\/www.facebook.com\/survival24.org\/\" \/>\n<meta property=\"article:modified_time\" content=\"2024-10-08T08:53:09+00:00\" \/>\n<meta property=\"og:image\" content=\"https:\/\/ueberlebenskunst.at\/survivalshop\/wp-content\/uploads\/2021\/02\/Okisba.jpg\" \/>\n\t<meta property=\"og:image:width\" content=\"1142\" \/>\n\t<meta property=\"og:image:height\" content=\"651\" \/>\n\t<meta property=\"og:image:type\" content=\"image\/jpeg\" \/>\n<meta name=\"twitter:card\" content=\"summary_large_image\" \/>\n<meta name=\"twitter:label1\" content=\"Gesch\u00e4tzte Lesezeit\" \/>\n\t<meta name=\"twitter:data1\" content=\"2\u00a0Minuten\" \/>\n<script type=\"application\/ld+json\" class=\"yoast-schema-graph\">{\"@context\":\"https:\/\/schema.org\",\"@graph\":[{\"@type\":\"WebPage\",\"@id\":\"https:\/\/ueberlebenskunst.at\/survivalshop\/shop\/tatonka-okisba-2-personen-zelt\/\",\"url\":\"https:\/\/ueberlebenskunst.at\/survivalshop\/shop\/tatonka-okisba-2-personen-zelt\/\",\"name\":\"Tatonka Okisba 2-Personen-Zelt leicht und robust auf Tour\",\"isPartOf\":{\"@id\":\"https:\/\/ueberlebenskunst.at\/survivalshop\/#website\"},\"primaryImageOfPage\":{\"@id\":\"https:\/\/ueberlebenskunst.at\/survivalshop\/shop\/tatonka-okisba-2-personen-zelt\/#primaryimage\"},\"image\":{\"@id\":\"https:\/\/ueberlebenskunst.at\/survivalshop\/shop\/tatonka-okisba-2-personen-zelt\/#primaryimage\"},\"thumbnailUrl\":\"https:\/\/ueberlebenskunst.at\/survivalshop\/wp-content\/uploads\/2021\/02\/Okisba.jpg\",\"datePublished\":\"2021-03-12T13:00:58+00:00\",\"dateModified\":\"2024-10-08T08:53:09+00:00\",\"description\":\"Das Tatonka Okisba Zelt findet mit seinen 2.7 kg Platz in jedem Rucksack und bietet einen Seiteneingang um bei Schlechtwetter zu kochen.\",\"breadcrumb\":{\"@id\":\"https:\/\/ueberlebenskunst.at\/survivalshop\/shop\/tatonka-okisba-2-personen-zelt\/#breadcrumb\"},\"inLanguage\":\"de\",\"potentialAction\":[{\"@type\":\"ReadAction\",\"target\":[\"https:\/\/ueberlebenskunst.at\/survivalshop\/shop\/tatonka-okisba-2-personen-zelt\/\"]}]},{\"@type\":\"ImageObject\",\"inLanguage\":\"de\",\"@id\":\"https:\/\/ueberlebenskunst.at\/survivalshop\/shop\/tatonka-okisba-2-personen-zelt\/#primaryimage\",\"url\":\"https:\/\/ueberlebenskunst.at\/survivalshop\/wp-content\/uploads\/2021\/02\/Okisba.jpg\",\"contentUrl\":\"https:\/\/ueberlebenskunst.at\/survivalshop\/wp-content\/uploads\/2021\/02\/Okisba.jpg\",\"width\":1142,\"height\":651},{\"@type\":\"BreadcrumbList\",\"@id\":\"https:\/\/ueberlebenskunst.at\/survivalshop\/shop\/tatonka-okisba-2-personen-zelt\/#breadcrumb\",\"itemListElement\":[{\"@type\":\"ListItem\",\"position\":1,\"name\":\"Startseite\",\"item\":\"https:\/\/ueberlebenskunst.at\/survivalshop\/\"},{\"@type\":\"ListItem\",\"position\":2,\"name\":\"Shop\",\"item\":\"https:\/\/ueberlebenskunst.at\/survivalshop\/shop\/\"},{\"@type\":\"ListItem\",\"position\":3,\"name\":\"Tatonka Okisba 2-Personen-Zelt\"}]},{\"@type\":\"WebSite\",\"@id\":\"https:\/\/ueberlebenskunst.at\/survivalshop\/#website\",\"url\":\"https:\/\/ueberlebenskunst.at\/survivalshop\/\",\"name\":\"Reini Rossmann - Survival Shop\",\"description\":\"Survival Shop f\u00fcr Survival, Bushcraft und Prepper\",\"potentialAction\":[{\"@type\":\"SearchAction\",\"target\":{\"@type\":\"EntryPoint\",\"urlTemplate\":\"https:\/\/ueberlebenskunst.at\/survivalshop\/?s={search_term_string}\"},\"query-input\":{\"@type\":\"PropertyValueSpecification\",\"valueRequired\":true,\"valueName\":\"search_term_string\"}}],\"inLanguage\":\"de\"}]}<\/script>\n<!-- \/ Yoast SEO plugin. -->","yoast_head_json":{"title":"Tatonka Okisba 2-Personen-Zelt leicht und robust auf Tour","description":"Das Tatonka Okisba Zelt findet mit seinen 2.7 kg Platz in jedem Rucksack und bietet einen Seiteneingang um bei Schlechtwetter zu kochen.","robots":{"index":"index","follow":"follow","max-snippet":"max-snippet:-1","max-image-preview":"max-image-preview:large","max-video-preview":"max-video-preview:-1"},"canonical":"https:\/\/ueberlebenskunst.at\/survivalshop\/shop\/tatonka-okisba-2-personen-zelt\/","og_locale":"de_DE","og_type":"article","og_title":"Tatonka Okisba 2-Personen-Zelt leicht und robust auf Tour","og_description":"Das Tatonka Okisba Zelt findet mit seinen 2.7 kg Platz in jedem Rucksack und bietet einen Seiteneingang um bei Schlechtwetter zu kochen.","og_url":"https:\/\/ueberlebenskunst.at\/survivalshop\/shop\/tatonka-okisba-2-personen-zelt\/","og_site_name":"Reini Rossmann - Survival Shop","article_publisher":"https:\/\/www.facebook.com\/survival24.org\/","article_modified_time":"2024-10-08T08:53:09+00:00","og_image":[{"width":1142,"height":651,"url":"https:\/\/ueberlebenskunst.at\/survivalshop\/wp-content\/uploads\/2021\/02\/Okisba.jpg","type":"image\/jpeg"}],"twitter_card":"summary_large_image","twitter_misc":{"Gesch\u00e4tzte Lesezeit":"2\u00a0Minuten"},"schema":{"@context":"https:\/\/schema.org","@graph":[{"@type":"WebPage","@id":"https:\/\/ueberlebenskunst.at\/survivalshop\/shop\/tatonka-okisba-2-personen-zelt\/","url":"https:\/\/ueberlebenskunst.at\/survivalshop\/shop\/tatonka-okisba-2-personen-zelt\/","name":"Tatonka Okisba 2-Personen-Zelt leicht und robust auf Tour","isPartOf":{"@id":"https:\/\/ueberlebenskunst.at\/survivalshop\/#website"},"primaryImageOfPage":{"@id":"https:\/\/ueberlebenskunst.at\/survivalshop\/shop\/tatonka-okisba-2-personen-zelt\/#primaryimage"},"image":{"@id":"https:\/\/ueberlebenskunst.at\/survivalshop\/shop\/tatonka-okisba-2-personen-zelt\/#primaryimage"},"thumbnailUrl":"https:\/\/ueberlebenskunst.at\/survivalshop\/wp-content\/uploads\/2021\/02\/Okisba.jpg","datePublished":"2021-03-12T13:00:58+00:00","dateModified":"2024-10-08T08:53:09+00:00","description":"Das Tatonka Okisba Zelt findet mit seinen 2.7 kg Platz in jedem Rucksack und bietet einen Seiteneingang um bei Schlechtwetter zu kochen.","breadcrumb":{"@id":"https:\/\/ueberlebenskunst.at\/survivalshop\/shop\/tatonka-okisba-2-personen-zelt\/#breadcrumb"},"inLanguage":"de","potentialAction":[{"@type":"ReadAction","target":["https:\/\/ueberlebenskunst.at\/survivalshop\/shop\/tatonka-okisba-2-personen-zelt\/"]}]},{"@type":"ImageObject","inLanguage":"de","@id":"https:\/\/ueberlebenskunst.at\/survivalshop\/shop\/tatonka-okisba-2-personen-zelt\/#primaryimage","url":"https:\/\/ueberlebenskunst.at\/survivalshop\/wp-content\/uploads\/2021\/02\/Okisba.jpg","contentUrl":"https:\/\/ueberlebenskunst.at\/survivalshop\/wp-content\/uploads\/2021\/02\/Okisba.jpg","width":1142,"height":651},{"@type":"BreadcrumbList","@id":"https:\/\/ueberlebenskunst.at\/survivalshop\/shop\/tatonka-okisba-2-personen-zelt\/#breadcrumb","itemListElement":[{"@type":"ListItem","position":1,"name":"Startseite","item":"https:\/\/ueberlebenskunst.at\/survivalshop\/"},{"@type":"ListItem","position":2,"name":"Shop","item":"https:\/\/ueberlebenskunst.at\/survivalshop\/shop\/"},{"@type":"ListItem","position":3,"name":"Tatonka Okisba 2-Personen-Zelt"}]},{"@type":"WebSite","@id":"https:\/\/ueberlebenskunst.at\/survivalshop\/#website","url":"https:\/\/ueberlebenskunst.at\/survivalshop\/","name":"Reini Rossmann - Survival Shop","description":"Survival Shop f\u00fcr Survival, Bushcraft und Prepper","potentialAction":[{"@type":"SearchAction","target":{"@type":"EntryPoint","urlTemplate":"https:\/\/ueberlebenskunst.at\/survivalshop\/?s={search_term_string}"},"query-input":{"@type":"PropertyValueSpecification","valueRequired":true,"valueName":"search_term_string"}}],"inLanguage":"de"}]}},"_links":{"self":[{"href":"https:\/\/ueberlebenskunst.at\/survivalshop\/wp-json\/wp\/v2\/product\/23433","targetHints":{"allow":["GET"]}}],"collection":[{"href":"https:\/\/ueberlebenskunst.at\/survivalshop\/wp-json\/wp\/v2\/product"}],"about":[{"href":"https:\/\/ueberlebenskunst.at\/survivalshop\/wp-json\/wp\/v2\/types\/product"}],"replies":[{"embeddable":true,"href":"https:\/\/ueberlebenskunst.at\/survivalshop\/wp-json\/wp\/v2\/comments?post=23433"}],"wp:featuredmedia":[{"embeddable":true,"href":"https:\/\/ueberlebenskunst.at\/survivalshop\/wp-json\/wp\/v2\/media\/23434"}],"wp:attachment":[{"href":"https:\/\/ueberlebenskunst.at\/survivalshop\/wp-json\/wp\/v2\/media?parent=23433"}],"wp:term":[{"taxonomy":"product_brand","embeddable":true,"href":"https:\/\/ueberlebenskunst.at\/survivalshop\/wp-json\/wp\/v2\/product_brand?post=23433"},{"taxonomy":"product_cat","embeddable":true,"href":"https:\/\/ueberlebenskunst.at\/survivalshop\/wp-json\/wp\/v2\/product_cat?post=23433"},{"taxonomy":"product_tag","embeddable":true,"href":"https:\/\/ueberlebenskunst.at\/survivalshop\/wp-json\/wp\/v2\/product_tag?post=23433"}],"curies":[{"name":"wp","href":"https:\/\/api.w.org\/{rel}","templated":true}]}}