{"id":23390,"date":"2021-02-24T15:11:29","date_gmt":"2021-02-24T13:11:29","guid":{"rendered":"https:\/\/ueberlebenskunst.at\/survivalshop\/?post_type=product&#038;p=23390"},"modified":"2026-04-13T11:51:50","modified_gmt":"2026-04-13T09:51:50","slug":"der-giftpflanzen-pocket-guide","status":"publish","type":"product","link":"https:\/\/ueberlebenskunst.at\/survivalshop\/shop\/der-giftpflanzen-pocket-guide\/","title":{"rendered":"Der Giftpflanzen Pocket Guide"},"content":{"rendered":"<p>Der Giftpflanzen Pocket Guide gibt dir auf 48 Seiten im A6 Format einen guten \u00dcberblick \u00fcber die wichtigsten Gruppen der Pflanzengifte.<br \/>\nMit einer Liste von \u00fcber 90 einheimischen Giftpflanzen mit unterschiedlichen Wirkweisen und Giftigkeit.<\/p>\n<p>Au\u00dferdem erf\u00e4hrst du:<\/p>\n<ul>\n<li>Warum bilden Pflanzen Giftstoffe<\/li>\n<li>Welche Vergiftungsm\u00f6glichkeiten gibt es<\/li>\n<li>Wirkungsweisen von Giften<\/li>\n<\/ul>\n<p>Bei diesem Pocket Guide handelt es sich um kein Bestimmungsbuch.<\/p>\n<h3>Ebook &#8211; Version:<\/h3>\n<p>Bei dieser Version erh\u00e4ltst du bereits die neue Auflage mit 83 Seiten inkl. folgender zus\u00e4tzlicher Inhalte:<\/p>\n<ul>\n<li>Details zu 20 wichtigen Giftpflanzen und deren Standorte, Verwechslungspartnern, Wirkstoffe und Giftigkeit.<\/li>\n<li>Aufw\u00e4ndige, detaillierte Zeichnungen<br \/>\n<a href=\"https:\/\/ueberlebenskunst.at\/survivalshop\/wp-content\/uploads\/2021\/02\/Dolde.png\"><img decoding=\"async\" class=\"alignnone size-medium wp-image-150573\" src=\"https:\/\/ueberlebenskunst.at\/survivalshop\/wp-content\/uploads\/2021\/02\/Dolde-300x166.png\" alt=\"\" width=\"300\" height=\"166\" srcset=\"https:\/\/ueberlebenskunst.at\/survivalshop\/wp-content\/uploads\/2021\/02\/Dolde-300x166.png 300w, https:\/\/ueberlebenskunst.at\/survivalshop\/wp-content\/uploads\/2021\/02\/Dolde-64x35.png 64w, https:\/\/ueberlebenskunst.at\/survivalshop\/wp-content\/uploads\/2021\/02\/Dolde.png 460w\" sizes=\"(max-width: 300px) 100vw, 300px\" \/><\/a><\/li>\n<\/ul>\n<p>&nbsp;<\/p>\n<p>Wenn du ein passendes Pflanzen-Bestimmungsbuch suchst: <a href=\"https:\/\/ueberlebenskunst.at\/survivalshop\/shop\/blv-taschenfuehrer-pflanzen\/\" target=\"_blank\" rel=\"noopener\">Immer dabei: Der BLV Taschenf\u00fchrer Pflanzen.<\/a><\/p>\n","protected":false},"excerpt":{"rendered":"<p>Der Giftpflanzen Pocket Guide gibt dir auf 48 Seiten im A6 Format einen guten \u00dcberblick \u00fcber die wichtigsten Gruppen der Pflanzengifte. Mit einer Liste von \u00fcber 90 einheimischen Giftpflanzen mit unterschiedlichen Wirkweisen und Giftigkeit. Au\u00dferdem erf\u00e4hrst du: Warum bilden Pflanzen Giftstoffe Welche Vergiftungsm\u00f6glichkeiten gibt es Wirkungsweisen von Giften Bei diesem Pocket Guide handelt es sich [&hellip;]<\/p>\n","protected":false},"featured_media":23391,"comment_status":"open","ping_status":"closed","template":"","meta":{"_acf_changed":false},"product_brand":[],"product_cat":[1866],"product_tag":[2526],"class_list":{"0":"post-23390","1":"product","2":"type-product","3":"status-publish","4":"has-post-thumbnail","6":"product_cat-prepper-buecher","7":"product_tag-reinis-buecher","8":"product_shipping_class-standard-versand","9":"pa_platform-druckbuch","10":"pa_platform-ebook","12":"first","13":"instock","14":"taxable","15":"shipping-taxable","16":"purchasable","17":"product-type-variable"},"acf":[],"yoast_head":"<!-- This site is optimized with the Yoast SEO plugin v27.1.1 - https:\/\/yoast.com\/product\/yoast-seo-wordpress\/ -->\n<title>Der Giftpflanzen Pocket Guide - Reini Rossmann - Survival Shop<\/title>\n<meta name=\"robots\" content=\"index, follow, max-snippet:-1, max-image-preview:large, max-video-preview:-1\" \/>\n<link rel=\"canonical\" href=\"https:\/\/ueberlebenskunst.at\/survivalshop\/shop\/der-giftpflanzen-pocket-guide\/\" \/>\n<meta property=\"og:locale\" content=\"de_DE\" \/>\n<meta property=\"og:type\" content=\"article\" \/>\n<meta property=\"og:title\" content=\"Der Giftpflanzen Pocket Guide - Reini Rossmann - Survival Shop\" \/>\n<meta property=\"og:description\" content=\"Der Giftpflanzen Pocket Guide gibt dir auf 48 Seiten im A6 Format einen guten \u00dcberblick \u00fcber die wichtigsten Gruppen der Pflanzengifte. Mit einer Liste von \u00fcber 90 einheimischen Giftpflanzen mit unterschiedlichen Wirkweisen und Giftigkeit. Au\u00dferdem erf\u00e4hrst du: Warum bilden Pflanzen Giftstoffe Welche Vergiftungsm\u00f6glichkeiten gibt es Wirkungsweisen von Giften Bei diesem Pocket Guide handelt es sich [&hellip;]\" \/>\n<meta property=\"og:url\" content=\"https:\/\/ueberlebenskunst.at\/survivalshop\/shop\/der-giftpflanzen-pocket-guide\/\" \/>\n<meta property=\"og:site_name\" content=\"Reini Rossmann - Survival Shop\" \/>\n<meta property=\"article:publisher\" content=\"https:\/\/www.facebook.com\/survival24.org\/\" \/>\n<meta property=\"article:modified_time\" content=\"2026-04-13T09:51:50+00:00\" \/>\n<meta property=\"og:image\" content=\"https:\/\/ueberlebenskunst.at\/survivalshop\/wp-content\/uploads\/2021\/02\/Giftpflanzen.png\" \/>\n\t<meta property=\"og:image:width\" content=\"298\" \/>\n\t<meta property=\"og:image:height\" content=\"355\" \/>\n\t<meta property=\"og:image:type\" content=\"image\/png\" \/>\n<meta name=\"twitter:card\" content=\"summary_large_image\" \/>\n<meta name=\"twitter:label1\" content=\"Gesch\u00e4tzte Lesezeit\" \/>\n\t<meta name=\"twitter:data1\" content=\"1\u00a0Minute\" \/>\n<script type=\"application\/ld+json\" class=\"yoast-schema-graph\">{\"@context\":\"https:\/\/schema.org\",\"@graph\":[{\"@type\":\"WebPage\",\"@id\":\"https:\/\/ueberlebenskunst.at\/survivalshop\/shop\/der-giftpflanzen-pocket-guide\/\",\"url\":\"https:\/\/ueberlebenskunst.at\/survivalshop\/shop\/der-giftpflanzen-pocket-guide\/\",\"name\":\"Der Giftpflanzen Pocket Guide - Reini Rossmann - Survival Shop\",\"isPartOf\":{\"@id\":\"https:\/\/ueberlebenskunst.at\/survivalshop\/#website\"},\"primaryImageOfPage\":{\"@id\":\"https:\/\/ueberlebenskunst.at\/survivalshop\/shop\/der-giftpflanzen-pocket-guide\/#primaryimage\"},\"image\":{\"@id\":\"https:\/\/ueberlebenskunst.at\/survivalshop\/shop\/der-giftpflanzen-pocket-guide\/#primaryimage\"},\"thumbnailUrl\":\"https:\/\/ueberlebenskunst.at\/survivalshop\/wp-content\/uploads\/2021\/02\/Giftpflanzen.png\",\"datePublished\":\"2021-02-24T13:11:29+00:00\",\"dateModified\":\"2026-04-13T09:51:50+00:00\",\"breadcrumb\":{\"@id\":\"https:\/\/ueberlebenskunst.at\/survivalshop\/shop\/der-giftpflanzen-pocket-guide\/#breadcrumb\"},\"inLanguage\":\"de\",\"potentialAction\":[{\"@type\":\"ReadAction\",\"target\":[\"https:\/\/ueberlebenskunst.at\/survivalshop\/shop\/der-giftpflanzen-pocket-guide\/\"]}]},{\"@type\":\"ImageObject\",\"inLanguage\":\"de\",\"@id\":\"https:\/\/ueberlebenskunst.at\/survivalshop\/shop\/der-giftpflanzen-pocket-guide\/#primaryimage\",\"url\":\"https:\/\/ueberlebenskunst.at\/survivalshop\/wp-content\/uploads\/2021\/02\/Giftpflanzen.png\",\"contentUrl\":\"https:\/\/ueberlebenskunst.at\/survivalshop\/wp-content\/uploads\/2021\/02\/Giftpflanzen.png\",\"width\":298,\"height\":355},{\"@type\":\"BreadcrumbList\",\"@id\":\"https:\/\/ueberlebenskunst.at\/survivalshop\/shop\/der-giftpflanzen-pocket-guide\/#breadcrumb\",\"itemListElement\":[{\"@type\":\"ListItem\",\"position\":1,\"name\":\"Startseite\",\"item\":\"https:\/\/ueberlebenskunst.at\/survivalshop\/\"},{\"@type\":\"ListItem\",\"position\":2,\"name\":\"Shop\",\"item\":\"https:\/\/ueberlebenskunst.at\/survivalshop\/shop\/\"},{\"@type\":\"ListItem\",\"position\":3,\"name\":\"Der Giftpflanzen Pocket Guide\"}]},{\"@type\":\"WebSite\",\"@id\":\"https:\/\/ueberlebenskunst.at\/survivalshop\/#website\",\"url\":\"https:\/\/ueberlebenskunst.at\/survivalshop\/\",\"name\":\"Reini Rossmann - Survival Shop\",\"description\":\"Survival Shop f\u00fcr Survival, Bushcraft und Prepper\",\"potentialAction\":[{\"@type\":\"SearchAction\",\"target\":{\"@type\":\"EntryPoint\",\"urlTemplate\":\"https:\/\/ueberlebenskunst.at\/survivalshop\/?s={search_term_string}\"},\"query-input\":{\"@type\":\"PropertyValueSpecification\",\"valueRequired\":true,\"valueName\":\"search_term_string\"}}],\"inLanguage\":\"de\"}]}<\/script>\n<!-- \/ Yoast SEO plugin. -->","yoast_head_json":{"title":"Der Giftpflanzen Pocket Guide - Reini Rossmann - Survival Shop","robots":{"index":"index","follow":"follow","max-snippet":"max-snippet:-1","max-image-preview":"max-image-preview:large","max-video-preview":"max-video-preview:-1"},"canonical":"https:\/\/ueberlebenskunst.at\/survivalshop\/shop\/der-giftpflanzen-pocket-guide\/","og_locale":"de_DE","og_type":"article","og_title":"Der Giftpflanzen Pocket Guide - Reini Rossmann - Survival Shop","og_description":"Der Giftpflanzen Pocket Guide gibt dir auf 48 Seiten im A6 Format einen guten \u00dcberblick \u00fcber die wichtigsten Gruppen der Pflanzengifte. Mit einer Liste von \u00fcber 90 einheimischen Giftpflanzen mit unterschiedlichen Wirkweisen und Giftigkeit. Au\u00dferdem erf\u00e4hrst du: Warum bilden Pflanzen Giftstoffe Welche Vergiftungsm\u00f6glichkeiten gibt es Wirkungsweisen von Giften Bei diesem Pocket Guide handelt es sich [&hellip;]","og_url":"https:\/\/ueberlebenskunst.at\/survivalshop\/shop\/der-giftpflanzen-pocket-guide\/","og_site_name":"Reini Rossmann - Survival Shop","article_publisher":"https:\/\/www.facebook.com\/survival24.org\/","article_modified_time":"2026-04-13T09:51:50+00:00","og_image":[{"width":298,"height":355,"url":"https:\/\/ueberlebenskunst.at\/survivalshop\/wp-content\/uploads\/2021\/02\/Giftpflanzen.png","type":"image\/png"}],"twitter_card":"summary_large_image","twitter_misc":{"Gesch\u00e4tzte Lesezeit":"1\u00a0Minute"},"schema":{"@context":"https:\/\/schema.org","@graph":[{"@type":"WebPage","@id":"https:\/\/ueberlebenskunst.at\/survivalshop\/shop\/der-giftpflanzen-pocket-guide\/","url":"https:\/\/ueberlebenskunst.at\/survivalshop\/shop\/der-giftpflanzen-pocket-guide\/","name":"Der Giftpflanzen Pocket Guide - Reini Rossmann - Survival Shop","isPartOf":{"@id":"https:\/\/ueberlebenskunst.at\/survivalshop\/#website"},"primaryImageOfPage":{"@id":"https:\/\/ueberlebenskunst.at\/survivalshop\/shop\/der-giftpflanzen-pocket-guide\/#primaryimage"},"image":{"@id":"https:\/\/ueberlebenskunst.at\/survivalshop\/shop\/der-giftpflanzen-pocket-guide\/#primaryimage"},"thumbnailUrl":"https:\/\/ueberlebenskunst.at\/survivalshop\/wp-content\/uploads\/2021\/02\/Giftpflanzen.png","datePublished":"2021-02-24T13:11:29+00:00","dateModified":"2026-04-13T09:51:50+00:00","breadcrumb":{"@id":"https:\/\/ueberlebenskunst.at\/survivalshop\/shop\/der-giftpflanzen-pocket-guide\/#breadcrumb"},"inLanguage":"de","potentialAction":[{"@type":"ReadAction","target":["https:\/\/ueberlebenskunst.at\/survivalshop\/shop\/der-giftpflanzen-pocket-guide\/"]}]},{"@type":"ImageObject","inLanguage":"de","@id":"https:\/\/ueberlebenskunst.at\/survivalshop\/shop\/der-giftpflanzen-pocket-guide\/#primaryimage","url":"https:\/\/ueberlebenskunst.at\/survivalshop\/wp-content\/uploads\/2021\/02\/Giftpflanzen.png","contentUrl":"https:\/\/ueberlebenskunst.at\/survivalshop\/wp-content\/uploads\/2021\/02\/Giftpflanzen.png","width":298,"height":355},{"@type":"BreadcrumbList","@id":"https:\/\/ueberlebenskunst.at\/survivalshop\/shop\/der-giftpflanzen-pocket-guide\/#breadcrumb","itemListElement":[{"@type":"ListItem","position":1,"name":"Startseite","item":"https:\/\/ueberlebenskunst.at\/survivalshop\/"},{"@type":"ListItem","position":2,"name":"Shop","item":"https:\/\/ueberlebenskunst.at\/survivalshop\/shop\/"},{"@type":"ListItem","position":3,"name":"Der Giftpflanzen Pocket Guide"}]},{"@type":"WebSite","@id":"https:\/\/ueberlebenskunst.at\/survivalshop\/#website","url":"https:\/\/ueberlebenskunst.at\/survivalshop\/","name":"Reini Rossmann - Survival Shop","description":"Survival Shop f\u00fcr Survival, Bushcraft und Prepper","potentialAction":[{"@type":"SearchAction","target":{"@type":"EntryPoint","urlTemplate":"https:\/\/ueberlebenskunst.at\/survivalshop\/?s={search_term_string}"},"query-input":{"@type":"PropertyValueSpecification","valueRequired":true,"valueName":"search_term_string"}}],"inLanguage":"de"}]}},"_links":{"self":[{"href":"https:\/\/ueberlebenskunst.at\/survivalshop\/wp-json\/wp\/v2\/product\/23390","targetHints":{"allow":["GET"]}}],"collection":[{"href":"https:\/\/ueberlebenskunst.at\/survivalshop\/wp-json\/wp\/v2\/product"}],"about":[{"href":"https:\/\/ueberlebenskunst.at\/survivalshop\/wp-json\/wp\/v2\/types\/product"}],"replies":[{"embeddable":true,"href":"https:\/\/ueberlebenskunst.at\/survivalshop\/wp-json\/wp\/v2\/comments?post=23390"}],"wp:featuredmedia":[{"embeddable":true,"href":"https:\/\/ueberlebenskunst.at\/survivalshop\/wp-json\/wp\/v2\/media\/23391"}],"wp:attachment":[{"href":"https:\/\/ueberlebenskunst.at\/survivalshop\/wp-json\/wp\/v2\/media?parent=23390"}],"wp:term":[{"taxonomy":"product_brand","embeddable":true,"href":"https:\/\/ueberlebenskunst.at\/survivalshop\/wp-json\/wp\/v2\/product_brand?post=23390"},{"taxonomy":"product_cat","embeddable":true,"href":"https:\/\/ueberlebenskunst.at\/survivalshop\/wp-json\/wp\/v2\/product_cat?post=23390"},{"taxonomy":"product_tag","embeddable":true,"href":"https:\/\/ueberlebenskunst.at\/survivalshop\/wp-json\/wp\/v2\/product_tag?post=23390"}],"curies":[{"name":"wp","href":"https:\/\/api.w.org\/{rel}","templated":true}]}}