{"id":23334,"date":"2021-02-23T10:06:48","date_gmt":"2021-02-23T08:06:48","guid":{"rendered":"https:\/\/ueberlebenskunst.at\/survivalshop\/?post_type=product&#038;p=23334"},"modified":"2024-03-20T19:09:30","modified_gmt":"2024-03-20T18:09:30","slug":"hawke-armbrust-zielfernrohr-15-5x32","status":"seo-produkt","type":"product","link":"https:\/\/ueberlebenskunst.at\/survivalshop\/shop\/hawke-armbrust-zielfernrohr-15-5x32\/","title":{"rendered":"Hawke Armbrust Zielfernrohr XB1 1,5-5&#215;32"},"content":{"rendered":"<p>Dieses kompakte Hawke Armbrust Zielfernrohr 1,5-5&#215;32 ist ideal f\u00fcr Armbrust Sch\u00fctzen geeignet, die auf Distanzen bis 100 Meter schie\u00dfen wollen. Das Absehen, welches auch als Leuchtpunkt ausgestattet ist, bietet eine Zielangabe in 10 Yard Schritten. Von 20Yard bis 100 Yard kannst Du das Absehen passend vorhalten. Die Montagen sind im Lieferumfang nicht enthalten.<\/p>\n<p><a href=\"https:\/\/ueberlebenskunst.at\/survivalshop\/wp-content\/uploads\/2021\/02\/Hawke_Crossbow_opt3.jpg\" target=\"_blank\" rel=\"noopener\"><img decoding=\"async\" class=\"alignnone wp-image-23337\" src=\"https:\/\/ueberlebenskunst.at\/survivalshop\/wp-content\/uploads\/2021\/02\/Hawke_Crossbow_opt3-300x117.jpg\" alt=\"\" width=\"415\" height=\"162\" srcset=\"https:\/\/ueberlebenskunst.at\/survivalshop\/wp-content\/uploads\/2021\/02\/Hawke_Crossbow_opt3-300x117.jpg 300w, https:\/\/ueberlebenskunst.at\/survivalshop\/wp-content\/uploads\/2021\/02\/Hawke_Crossbow_opt3-1024x399.jpg 1024w, https:\/\/ueberlebenskunst.at\/survivalshop\/wp-content\/uploads\/2021\/02\/Hawke_Crossbow_opt3-768x299.jpg 768w, https:\/\/ueberlebenskunst.at\/survivalshop\/wp-content\/uploads\/2021\/02\/Hawke_Crossbow_opt3-600x234.jpg 600w, https:\/\/ueberlebenskunst.at\/survivalshop\/wp-content\/uploads\/2021\/02\/Hawke_Crossbow_opt3.jpg 1462w\" sizes=\"(max-width: 415px) 100vw, 415px\" \/><\/a><\/p>\n<p>&nbsp;<\/p>\n<h3>Technische Daten:<\/h3>\n<ul>\n<li>Abmessungen: L= 216mm \/ D= 43mm +<\/li>\n<li>Gesamtgewicht: ca. 368g<\/li>\n<li>Abstand Auge: 76mm<\/li>\n<li>Sichtfeld: 25-7.5m auf 100m<\/li>\n<li>Parallaxe fest \/ Fokus bei 45m<\/li>\n<li>Austrittspupille: 21-6m<\/li>\n<li>Material: Aluminium<\/li>\n<\/ul>\n<h3>Ausf\u00fchrung:<\/h3>\n<ul>\n<li>1&#8243; Monorohr Aluminium Geh\u00e4use<\/li>\n<li>1.5-6 x Optik<\/li>\n<li>36mm Objektiv<\/li>\n<li>Zoomring mit hohem Wiederstand<\/li>\n<li>Beleuchtung Rot<\/li>\n<li>Beleichtung beim Absehen<\/li>\n<li>XB30 Compact SR Absehen<\/li>\n<li>Absehen mit Linien zur Bestimmung der Entfernung (f\u00fcr 250 bis 450fps)<\/li>\n<li>Haltepunkte in Abst\u00e4ndern von 20-100yds<\/li>\n<li>L\u00e4ngenmarkierung 4&#8243; und 8&#8243; an der 20yd Linie<\/li>\n<li>Erh\u00f6hungsschritt und Windage Increment = 1\/2MOA<\/li>\n<li>H\u00f6henanpassung und Windage- Einstellbereich = 120MOA<\/li>\n<li>Schnellfokus &#8211; Okulartyp<\/li>\n<li>Obergl\u00e4che Linse: 14fach- Mehrschichtverg\u00fctung<\/li>\n<li>inkl. Gummibeschichteter Posi Grip<\/li>\n<li>Zweite Bildebene (SFP)<\/li>\n<li>flache T\u00fcrme<\/li>\n<li>No-Snag<\/li>\n<li>Fingertip<\/li>\n<\/ul>\n<h3>Details:<\/h3>\n<ul>\n<li>Sto\u00dffest und wasserdicht ausgef\u00fchrt<\/li>\n<li>mit Stickstoff gef\u00fcllt<\/li>\n<li>Beschlagfrei<\/li>\n<\/ul>\n","protected":false},"excerpt":{"rendered":"<p>kompaktes und leistungsstarkes Armbrust-Zielfernrohr mit Spezialabsehen f\u00fcr Sch\u00fcsse bis 100 Meter<\/p>\n","protected":false},"featured_media":23338,"comment_status":"open","ping_status":"closed","template":"","meta":{"_acf_changed":false},"product_brand":[],"product_cat":[426],"product_tag":[],"class_list":{"0":"post-23334","1":"product","2":"type-product","3":"status-seo-produkt","4":"has-post-thumbnail","6":"product_cat-unkategorisiert","8":"first","9":"outofstock","10":"taxable","11":"shipping-taxable","12":"product-type-simple"},"acf":[],"yoast_head":"<!-- This site is optimized with the Yoast SEO plugin v27.1.1 - https:\/\/yoast.com\/product\/yoast-seo-wordpress\/ -->\n<title>Hawke Armbrust Zielfernrohr XB1 1,5-5x32<\/title>\n<meta name=\"description\" content=\"kompakte Hawke Armbrust Zielfernrohr 1,5-5x32 ist ideal f\u00fcr Armbrust Sch\u00fctzen, die auf Distanz bis 100m schie\u00dfen und treffen wollen\" \/>\n<meta name=\"robots\" content=\"index, follow, max-snippet:-1, max-image-preview:large, max-video-preview:-1\" \/>\n<link rel=\"canonical\" href=\"https:\/\/ueberlebenskunst.at\/survivalshop\/shop\/hawke-armbrust-zielfernrohr-15-5x32\/\" \/>\n<meta property=\"og:locale\" content=\"de_DE\" \/>\n<meta property=\"og:type\" content=\"article\" \/>\n<meta property=\"og:title\" content=\"Hawke Armbrust Zielfernrohr XB1 1,5-5x32\" \/>\n<meta property=\"og:description\" content=\"kompakte Hawke Armbrust Zielfernrohr 1,5-5x32 ist ideal f\u00fcr Armbrust Sch\u00fctzen, die auf Distanz bis 100m schie\u00dfen und treffen wollen\" \/>\n<meta property=\"og:url\" content=\"https:\/\/ueberlebenskunst.at\/survivalshop\/shop\/hawke-armbrust-zielfernrohr-15-5x32\/\" \/>\n<meta property=\"og:site_name\" content=\"Reini Rossmann - Survival Shop\" \/>\n<meta property=\"article:publisher\" content=\"https:\/\/www.facebook.com\/survival24.org\/\" \/>\n<meta property=\"article:modified_time\" content=\"2024-03-20T18:09:30+00:00\" \/>\n<meta property=\"og:image\" content=\"https:\/\/ueberlebenskunst.at\/survivalshop\/wp-content\/uploads\/2021\/02\/Hawke_Crossbow_XB1_1_5-5x32_reverse.jpg\" \/>\n\t<meta property=\"og:image:width\" content=\"710\" \/>\n\t<meta property=\"og:image:height\" content=\"400\" \/>\n\t<meta property=\"og:image:type\" content=\"image\/jpeg\" \/>\n<meta name=\"twitter:card\" content=\"summary_large_image\" \/>\n<meta name=\"twitter:label1\" content=\"Gesch\u00e4tzte Lesezeit\" \/>\n\t<meta name=\"twitter:data1\" content=\"2\u00a0Minuten\" \/>\n<script type=\"application\/ld+json\" class=\"yoast-schema-graph\">{\"@context\":\"https:\/\/schema.org\",\"@graph\":[{\"@type\":\"WebPage\",\"@id\":\"https:\/\/ueberlebenskunst.at\/survivalshop\/shop\/hawke-armbrust-zielfernrohr-15-5x32\/\",\"url\":\"https:\/\/ueberlebenskunst.at\/survivalshop\/shop\/hawke-armbrust-zielfernrohr-15-5x32\/\",\"name\":\"Hawke Armbrust Zielfernrohr XB1 1,5-5x32\",\"isPartOf\":{\"@id\":\"https:\/\/ueberlebenskunst.at\/survivalshop\/#website\"},\"primaryImageOfPage\":{\"@id\":\"https:\/\/ueberlebenskunst.at\/survivalshop\/shop\/hawke-armbrust-zielfernrohr-15-5x32\/#primaryimage\"},\"image\":{\"@id\":\"https:\/\/ueberlebenskunst.at\/survivalshop\/shop\/hawke-armbrust-zielfernrohr-15-5x32\/#primaryimage\"},\"thumbnailUrl\":\"https:\/\/ueberlebenskunst.at\/survivalshop\/wp-content\/uploads\/2021\/02\/Hawke_Crossbow_XB1_1_5-5x32_reverse.jpg\",\"datePublished\":\"2021-02-23T08:06:48+00:00\",\"dateModified\":\"2024-03-20T18:09:30+00:00\",\"description\":\"kompakte Hawke Armbrust Zielfernrohr 1,5-5x32 ist ideal f\u00fcr Armbrust Sch\u00fctzen, die auf Distanz bis 100m schie\u00dfen und treffen wollen\",\"breadcrumb\":{\"@id\":\"https:\/\/ueberlebenskunst.at\/survivalshop\/shop\/hawke-armbrust-zielfernrohr-15-5x32\/#breadcrumb\"},\"inLanguage\":\"de\",\"potentialAction\":[{\"@type\":\"ReadAction\",\"target\":[\"https:\/\/ueberlebenskunst.at\/survivalshop\/shop\/hawke-armbrust-zielfernrohr-15-5x32\/\"]}]},{\"@type\":\"ImageObject\",\"inLanguage\":\"de\",\"@id\":\"https:\/\/ueberlebenskunst.at\/survivalshop\/shop\/hawke-armbrust-zielfernrohr-15-5x32\/#primaryimage\",\"url\":\"https:\/\/ueberlebenskunst.at\/survivalshop\/wp-content\/uploads\/2021\/02\/Hawke_Crossbow_XB1_1_5-5x32_reverse.jpg\",\"contentUrl\":\"https:\/\/ueberlebenskunst.at\/survivalshop\/wp-content\/uploads\/2021\/02\/Hawke_Crossbow_XB1_1_5-5x32_reverse.jpg\",\"width\":710,\"height\":400},{\"@type\":\"BreadcrumbList\",\"@id\":\"https:\/\/ueberlebenskunst.at\/survivalshop\/shop\/hawke-armbrust-zielfernrohr-15-5x32\/#breadcrumb\",\"itemListElement\":[{\"@type\":\"ListItem\",\"position\":1,\"name\":\"Startseite\",\"item\":\"https:\/\/ueberlebenskunst.at\/survivalshop\/\"},{\"@type\":\"ListItem\",\"position\":2,\"name\":\"Shop\",\"item\":\"https:\/\/ueberlebenskunst.at\/survivalshop\/shop\/\"},{\"@type\":\"ListItem\",\"position\":3,\"name\":\"Hawke Armbrust Zielfernrohr XB1 1,5-5&#215;32\"}]},{\"@type\":\"WebSite\",\"@id\":\"https:\/\/ueberlebenskunst.at\/survivalshop\/#website\",\"url\":\"https:\/\/ueberlebenskunst.at\/survivalshop\/\",\"name\":\"Reini Rossmann - Survival Shop\",\"description\":\"Survival Shop f\u00fcr Survival, Bushcraft und Prepper\",\"potentialAction\":[{\"@type\":\"SearchAction\",\"target\":{\"@type\":\"EntryPoint\",\"urlTemplate\":\"https:\/\/ueberlebenskunst.at\/survivalshop\/?s={search_term_string}\"},\"query-input\":{\"@type\":\"PropertyValueSpecification\",\"valueRequired\":true,\"valueName\":\"search_term_string\"}}],\"inLanguage\":\"de\"}]}<\/script>\n<!-- \/ Yoast SEO plugin. -->","yoast_head_json":{"title":"Hawke Armbrust Zielfernrohr XB1 1,5-5x32","description":"kompakte Hawke Armbrust Zielfernrohr 1,5-5x32 ist ideal f\u00fcr Armbrust Sch\u00fctzen, die auf Distanz bis 100m schie\u00dfen und treffen wollen","robots":{"index":"index","follow":"follow","max-snippet":"max-snippet:-1","max-image-preview":"max-image-preview:large","max-video-preview":"max-video-preview:-1"},"canonical":"https:\/\/ueberlebenskunst.at\/survivalshop\/shop\/hawke-armbrust-zielfernrohr-15-5x32\/","og_locale":"de_DE","og_type":"article","og_title":"Hawke Armbrust Zielfernrohr XB1 1,5-5x32","og_description":"kompakte Hawke Armbrust Zielfernrohr 1,5-5x32 ist ideal f\u00fcr Armbrust Sch\u00fctzen, die auf Distanz bis 100m schie\u00dfen und treffen wollen","og_url":"https:\/\/ueberlebenskunst.at\/survivalshop\/shop\/hawke-armbrust-zielfernrohr-15-5x32\/","og_site_name":"Reini Rossmann - Survival Shop","article_publisher":"https:\/\/www.facebook.com\/survival24.org\/","article_modified_time":"2024-03-20T18:09:30+00:00","og_image":[{"width":710,"height":400,"url":"https:\/\/ueberlebenskunst.at\/survivalshop\/wp-content\/uploads\/2021\/02\/Hawke_Crossbow_XB1_1_5-5x32_reverse.jpg","type":"image\/jpeg"}],"twitter_card":"summary_large_image","twitter_misc":{"Gesch\u00e4tzte Lesezeit":"2\u00a0Minuten"},"schema":{"@context":"https:\/\/schema.org","@graph":[{"@type":"WebPage","@id":"https:\/\/ueberlebenskunst.at\/survivalshop\/shop\/hawke-armbrust-zielfernrohr-15-5x32\/","url":"https:\/\/ueberlebenskunst.at\/survivalshop\/shop\/hawke-armbrust-zielfernrohr-15-5x32\/","name":"Hawke Armbrust Zielfernrohr XB1 1,5-5x32","isPartOf":{"@id":"https:\/\/ueberlebenskunst.at\/survivalshop\/#website"},"primaryImageOfPage":{"@id":"https:\/\/ueberlebenskunst.at\/survivalshop\/shop\/hawke-armbrust-zielfernrohr-15-5x32\/#primaryimage"},"image":{"@id":"https:\/\/ueberlebenskunst.at\/survivalshop\/shop\/hawke-armbrust-zielfernrohr-15-5x32\/#primaryimage"},"thumbnailUrl":"https:\/\/ueberlebenskunst.at\/survivalshop\/wp-content\/uploads\/2021\/02\/Hawke_Crossbow_XB1_1_5-5x32_reverse.jpg","datePublished":"2021-02-23T08:06:48+00:00","dateModified":"2024-03-20T18:09:30+00:00","description":"kompakte Hawke Armbrust Zielfernrohr 1,5-5x32 ist ideal f\u00fcr Armbrust Sch\u00fctzen, die auf Distanz bis 100m schie\u00dfen und treffen wollen","breadcrumb":{"@id":"https:\/\/ueberlebenskunst.at\/survivalshop\/shop\/hawke-armbrust-zielfernrohr-15-5x32\/#breadcrumb"},"inLanguage":"de","potentialAction":[{"@type":"ReadAction","target":["https:\/\/ueberlebenskunst.at\/survivalshop\/shop\/hawke-armbrust-zielfernrohr-15-5x32\/"]}]},{"@type":"ImageObject","inLanguage":"de","@id":"https:\/\/ueberlebenskunst.at\/survivalshop\/shop\/hawke-armbrust-zielfernrohr-15-5x32\/#primaryimage","url":"https:\/\/ueberlebenskunst.at\/survivalshop\/wp-content\/uploads\/2021\/02\/Hawke_Crossbow_XB1_1_5-5x32_reverse.jpg","contentUrl":"https:\/\/ueberlebenskunst.at\/survivalshop\/wp-content\/uploads\/2021\/02\/Hawke_Crossbow_XB1_1_5-5x32_reverse.jpg","width":710,"height":400},{"@type":"BreadcrumbList","@id":"https:\/\/ueberlebenskunst.at\/survivalshop\/shop\/hawke-armbrust-zielfernrohr-15-5x32\/#breadcrumb","itemListElement":[{"@type":"ListItem","position":1,"name":"Startseite","item":"https:\/\/ueberlebenskunst.at\/survivalshop\/"},{"@type":"ListItem","position":2,"name":"Shop","item":"https:\/\/ueberlebenskunst.at\/survivalshop\/shop\/"},{"@type":"ListItem","position":3,"name":"Hawke Armbrust Zielfernrohr XB1 1,5-5&#215;32"}]},{"@type":"WebSite","@id":"https:\/\/ueberlebenskunst.at\/survivalshop\/#website","url":"https:\/\/ueberlebenskunst.at\/survivalshop\/","name":"Reini Rossmann - Survival Shop","description":"Survival Shop f\u00fcr Survival, Bushcraft und Prepper","potentialAction":[{"@type":"SearchAction","target":{"@type":"EntryPoint","urlTemplate":"https:\/\/ueberlebenskunst.at\/survivalshop\/?s={search_term_string}"},"query-input":{"@type":"PropertyValueSpecification","valueRequired":true,"valueName":"search_term_string"}}],"inLanguage":"de"}]}},"_links":{"self":[{"href":"https:\/\/ueberlebenskunst.at\/survivalshop\/wp-json\/wp\/v2\/product\/23334","targetHints":{"allow":["GET"]}}],"collection":[{"href":"https:\/\/ueberlebenskunst.at\/survivalshop\/wp-json\/wp\/v2\/product"}],"about":[{"href":"https:\/\/ueberlebenskunst.at\/survivalshop\/wp-json\/wp\/v2\/types\/product"}],"replies":[{"embeddable":true,"href":"https:\/\/ueberlebenskunst.at\/survivalshop\/wp-json\/wp\/v2\/comments?post=23334"}],"wp:featuredmedia":[{"embeddable":true,"href":"https:\/\/ueberlebenskunst.at\/survivalshop\/wp-json\/wp\/v2\/media\/23338"}],"wp:attachment":[{"href":"https:\/\/ueberlebenskunst.at\/survivalshop\/wp-json\/wp\/v2\/media?parent=23334"}],"wp:term":[{"taxonomy":"product_brand","embeddable":true,"href":"https:\/\/ueberlebenskunst.at\/survivalshop\/wp-json\/wp\/v2\/product_brand?post=23334"},{"taxonomy":"product_cat","embeddable":true,"href":"https:\/\/ueberlebenskunst.at\/survivalshop\/wp-json\/wp\/v2\/product_cat?post=23334"},{"taxonomy":"product_tag","embeddable":true,"href":"https:\/\/ueberlebenskunst.at\/survivalshop\/wp-json\/wp\/v2\/product_tag?post=23334"}],"curies":[{"name":"wp","href":"https:\/\/api.w.org\/{rel}","templated":true}]}}