{"id":22674,"date":"2021-02-10T19:29:39","date_gmt":"2021-02-10T17:29:39","guid":{"rendered":"https:\/\/ueberlebenskunst.at\/survivalshop\/?post_type=product&#038;p=22674"},"modified":"2024-03-20T19:11:19","modified_gmt":"2024-03-20T18:11:19","slug":"tactical-foodpack-rindfleisch-kartoffeltopf-100g","status":"seo-produkt","type":"product","link":"https:\/\/ueberlebenskunst.at\/survivalshop\/shop\/tactical-foodpack-rindfleisch-kartoffeltopf-100g\/","title":{"rendered":"Tactical Foodpack Rindfleisch-Kartoffeltopf 100g"},"content":{"rendered":"<p>Reini\u00b4s Empfehlung<\/p>\n<h3>Tactical Foodpack Meal Ready to Eat &#8211; Beef and Potato Pot 100g<\/h3>\n<h3>Produktdaten:<\/h3>\n<ul>\n<li>Kartoffeltopf mit Rindfleisch und K\u00fcmmelgeschmack<\/li>\n<li>Weitere Zutaten sind Karotten, Sahne, Zwiebeln, Tomaten, Paprika, Raps\u00f6l, Gew\u00fcrze, Knoblauch, Salz. Kann Spuren von Sellerie und Senf enthalten.<\/li>\n<li>100% nat\u00fcrlich<\/li>\n<li>Simple Zubereitung, in nur 9 Minuten essfertig<\/li>\n<li>Estnischer Herkunft<\/li>\n<li>Energiekick mit 515 kcal pro Portion<\/li>\n<li>Ideal f\u00fcr Outdoor Aktivit\u00e4ten<\/li>\n<li>Entwickelt von milit\u00e4rischen Sondereinheiten<\/li>\n<\/ul>\n<p>&nbsp;<\/p>\n<p><a href=\"https:\/\/ueberlebenskunst.at\/survivalshop\/wp-content\/uploads\/2021\/02\/Beef-and-Potato-Pot-Ingredients.jpg\" target=\"_blank\" rel=\"noopener\"><img decoding=\"async\" class=\"alignnone wp-image-22677\" src=\"https:\/\/ueberlebenskunst.at\/survivalshop\/wp-content\/uploads\/2021\/02\/Beef-and-Potato-Pot-Ingredients-300x148.jpg\" alt=\"Beef and Potato Pot Ingredients\" width=\"472\" height=\"233\" srcset=\"https:\/\/ueberlebenskunst.at\/survivalshop\/wp-content\/uploads\/2021\/02\/Beef-and-Potato-Pot-Ingredients-300x148.jpg 300w, https:\/\/ueberlebenskunst.at\/survivalshop\/wp-content\/uploads\/2021\/02\/Beef-and-Potato-Pot-Ingredients-1024x504.jpg 1024w, https:\/\/ueberlebenskunst.at\/survivalshop\/wp-content\/uploads\/2021\/02\/Beef-and-Potato-Pot-Ingredients-768x378.jpg 768w, https:\/\/ueberlebenskunst.at\/survivalshop\/wp-content\/uploads\/2021\/02\/Beef-and-Potato-Pot-Ingredients-600x295.jpg 600w, https:\/\/ueberlebenskunst.at\/survivalshop\/wp-content\/uploads\/2021\/02\/Beef-and-Potato-Pot-Ingredients.jpg 1032w\" sizes=\"(max-width: 472px) 100vw, 472px\" \/><\/a><\/p>\n","protected":false},"excerpt":{"rendered":"<p>Variante vom Prager Gulasch, mit K\u00fcmmel verfeinert.<\/p>\n","protected":false},"featured_media":22475,"comment_status":"open","ping_status":"closed","template":"","meta":{"_acf_changed":false},"product_brand":[],"product_cat":[426],"product_tag":[708,716],"class_list":{"0":"post-22674","1":"product","2":"type-product","3":"status-seo-produkt","4":"has-post-thumbnail","6":"product_cat-unkategorisiert","7":"product_tag-hauptspeise","8":"product_tag-notration","10":"first","11":"outofstock","12":"taxable","13":"shipping-taxable","14":"product-type-simple"},"acf":[],"yoast_head":"<!-- This site is optimized with the Yoast SEO plugin v27.1.1 - https:\/\/yoast.com\/product\/yoast-seo-wordpress\/ -->\n<title>Tactical Foodpack Rindfleisch-Kartoffeltopf 100g - 100% nat\u00fcrlich<\/title>\n<meta name=\"description\" content=\"Perfekt f\u00fcr alle Outdoor Begeisterten, die auf schnelle und energiereiche Gerichte z\u00e4hlen, um Kraft f\u00fcr den Tag zu erlangen.\" \/>\n<meta name=\"robots\" content=\"index, follow, max-snippet:-1, max-image-preview:large, max-video-preview:-1\" \/>\n<link rel=\"canonical\" href=\"https:\/\/ueberlebenskunst.at\/survivalshop\/shop\/tactical-foodpack-rindfleisch-kartoffeltopf-100g\/\" \/>\n<meta property=\"og:locale\" content=\"de_DE\" \/>\n<meta property=\"og:type\" content=\"article\" \/>\n<meta property=\"og:title\" content=\"Tactical Foodpack Rindfleisch-Kartoffeltopf 100g - 100% nat\u00fcrlich\" \/>\n<meta property=\"og:description\" content=\"Perfekt f\u00fcr alle Outdoor Begeisterten, die auf schnelle und energiereiche Gerichte z\u00e4hlen, um Kraft f\u00fcr den Tag zu erlangen.\" \/>\n<meta property=\"og:url\" content=\"https:\/\/ueberlebenskunst.at\/survivalshop\/shop\/tactical-foodpack-rindfleisch-kartoffeltopf-100g\/\" \/>\n<meta property=\"og:site_name\" content=\"Reini Rossmann - Survival Shop\" \/>\n<meta property=\"article:publisher\" content=\"https:\/\/www.facebook.com\/survival24.org\/\" \/>\n<meta property=\"article:modified_time\" content=\"2024-03-20T18:11:19+00:00\" \/>\n<meta property=\"og:image\" content=\"https:\/\/ueberlebenskunst.at\/survivalshop\/wp-content\/uploads\/2021\/02\/Beef-and-Potatoe-Pot.jpg\" \/>\n\t<meta property=\"og:image:width\" content=\"1068\" \/>\n\t<meta property=\"og:image:height\" content=\"876\" \/>\n\t<meta property=\"og:image:type\" content=\"image\/jpeg\" \/>\n<meta name=\"twitter:card\" content=\"summary_large_image\" \/>\n<meta name=\"twitter:label1\" content=\"Gesch\u00e4tzte Lesezeit\" \/>\n\t<meta name=\"twitter:data1\" content=\"1\u00a0Minute\" \/>\n<script type=\"application\/ld+json\" class=\"yoast-schema-graph\">{\"@context\":\"https:\/\/schema.org\",\"@graph\":[{\"@type\":\"WebPage\",\"@id\":\"https:\/\/ueberlebenskunst.at\/survivalshop\/shop\/tactical-foodpack-rindfleisch-kartoffeltopf-100g\/\",\"url\":\"https:\/\/ueberlebenskunst.at\/survivalshop\/shop\/tactical-foodpack-rindfleisch-kartoffeltopf-100g\/\",\"name\":\"Tactical Foodpack Rindfleisch-Kartoffeltopf 100g - 100% nat\u00fcrlich\",\"isPartOf\":{\"@id\":\"https:\/\/ueberlebenskunst.at\/survivalshop\/#website\"},\"primaryImageOfPage\":{\"@id\":\"https:\/\/ueberlebenskunst.at\/survivalshop\/shop\/tactical-foodpack-rindfleisch-kartoffeltopf-100g\/#primaryimage\"},\"image\":{\"@id\":\"https:\/\/ueberlebenskunst.at\/survivalshop\/shop\/tactical-foodpack-rindfleisch-kartoffeltopf-100g\/#primaryimage\"},\"thumbnailUrl\":\"https:\/\/ueberlebenskunst.at\/survivalshop\/wp-content\/uploads\/2021\/02\/Beef-and-Potatoe-Pot.jpg\",\"datePublished\":\"2021-02-10T17:29:39+00:00\",\"dateModified\":\"2024-03-20T18:11:19+00:00\",\"description\":\"Perfekt f\u00fcr alle Outdoor Begeisterten, die auf schnelle und energiereiche Gerichte z\u00e4hlen, um Kraft f\u00fcr den Tag zu erlangen.\",\"breadcrumb\":{\"@id\":\"https:\/\/ueberlebenskunst.at\/survivalshop\/shop\/tactical-foodpack-rindfleisch-kartoffeltopf-100g\/#breadcrumb\"},\"inLanguage\":\"de\",\"potentialAction\":[{\"@type\":\"ReadAction\",\"target\":[\"https:\/\/ueberlebenskunst.at\/survivalshop\/shop\/tactical-foodpack-rindfleisch-kartoffeltopf-100g\/\"]}]},{\"@type\":\"ImageObject\",\"inLanguage\":\"de\",\"@id\":\"https:\/\/ueberlebenskunst.at\/survivalshop\/shop\/tactical-foodpack-rindfleisch-kartoffeltopf-100g\/#primaryimage\",\"url\":\"https:\/\/ueberlebenskunst.at\/survivalshop\/wp-content\/uploads\/2021\/02\/Beef-and-Potatoe-Pot.jpg\",\"contentUrl\":\"https:\/\/ueberlebenskunst.at\/survivalshop\/wp-content\/uploads\/2021\/02\/Beef-and-Potatoe-Pot.jpg\",\"width\":1068,\"height\":876},{\"@type\":\"BreadcrumbList\",\"@id\":\"https:\/\/ueberlebenskunst.at\/survivalshop\/shop\/tactical-foodpack-rindfleisch-kartoffeltopf-100g\/#breadcrumb\",\"itemListElement\":[{\"@type\":\"ListItem\",\"position\":1,\"name\":\"Startseite\",\"item\":\"https:\/\/ueberlebenskunst.at\/survivalshop\/\"},{\"@type\":\"ListItem\",\"position\":2,\"name\":\"Shop\",\"item\":\"https:\/\/ueberlebenskunst.at\/survivalshop\/shop\/\"},{\"@type\":\"ListItem\",\"position\":3,\"name\":\"Tactical Foodpack Rindfleisch-Kartoffeltopf 100g\"}]},{\"@type\":\"WebSite\",\"@id\":\"https:\/\/ueberlebenskunst.at\/survivalshop\/#website\",\"url\":\"https:\/\/ueberlebenskunst.at\/survivalshop\/\",\"name\":\"Reini Rossmann - Survival Shop\",\"description\":\"Survival Shop f\u00fcr Survival, Bushcraft und Prepper\",\"potentialAction\":[{\"@type\":\"SearchAction\",\"target\":{\"@type\":\"EntryPoint\",\"urlTemplate\":\"https:\/\/ueberlebenskunst.at\/survivalshop\/?s={search_term_string}\"},\"query-input\":{\"@type\":\"PropertyValueSpecification\",\"valueRequired\":true,\"valueName\":\"search_term_string\"}}],\"inLanguage\":\"de\"}]}<\/script>\n<!-- \/ Yoast SEO plugin. -->","yoast_head_json":{"title":"Tactical Foodpack Rindfleisch-Kartoffeltopf 100g - 100% nat\u00fcrlich","description":"Perfekt f\u00fcr alle Outdoor Begeisterten, die auf schnelle und energiereiche Gerichte z\u00e4hlen, um Kraft f\u00fcr den Tag zu erlangen.","robots":{"index":"index","follow":"follow","max-snippet":"max-snippet:-1","max-image-preview":"max-image-preview:large","max-video-preview":"max-video-preview:-1"},"canonical":"https:\/\/ueberlebenskunst.at\/survivalshop\/shop\/tactical-foodpack-rindfleisch-kartoffeltopf-100g\/","og_locale":"de_DE","og_type":"article","og_title":"Tactical Foodpack Rindfleisch-Kartoffeltopf 100g - 100% nat\u00fcrlich","og_description":"Perfekt f\u00fcr alle Outdoor Begeisterten, die auf schnelle und energiereiche Gerichte z\u00e4hlen, um Kraft f\u00fcr den Tag zu erlangen.","og_url":"https:\/\/ueberlebenskunst.at\/survivalshop\/shop\/tactical-foodpack-rindfleisch-kartoffeltopf-100g\/","og_site_name":"Reini Rossmann - Survival Shop","article_publisher":"https:\/\/www.facebook.com\/survival24.org\/","article_modified_time":"2024-03-20T18:11:19+00:00","og_image":[{"width":1068,"height":876,"url":"https:\/\/ueberlebenskunst.at\/survivalshop\/wp-content\/uploads\/2021\/02\/Beef-and-Potatoe-Pot.jpg","type":"image\/jpeg"}],"twitter_card":"summary_large_image","twitter_misc":{"Gesch\u00e4tzte Lesezeit":"1\u00a0Minute"},"schema":{"@context":"https:\/\/schema.org","@graph":[{"@type":"WebPage","@id":"https:\/\/ueberlebenskunst.at\/survivalshop\/shop\/tactical-foodpack-rindfleisch-kartoffeltopf-100g\/","url":"https:\/\/ueberlebenskunst.at\/survivalshop\/shop\/tactical-foodpack-rindfleisch-kartoffeltopf-100g\/","name":"Tactical Foodpack Rindfleisch-Kartoffeltopf 100g - 100% nat\u00fcrlich","isPartOf":{"@id":"https:\/\/ueberlebenskunst.at\/survivalshop\/#website"},"primaryImageOfPage":{"@id":"https:\/\/ueberlebenskunst.at\/survivalshop\/shop\/tactical-foodpack-rindfleisch-kartoffeltopf-100g\/#primaryimage"},"image":{"@id":"https:\/\/ueberlebenskunst.at\/survivalshop\/shop\/tactical-foodpack-rindfleisch-kartoffeltopf-100g\/#primaryimage"},"thumbnailUrl":"https:\/\/ueberlebenskunst.at\/survivalshop\/wp-content\/uploads\/2021\/02\/Beef-and-Potatoe-Pot.jpg","datePublished":"2021-02-10T17:29:39+00:00","dateModified":"2024-03-20T18:11:19+00:00","description":"Perfekt f\u00fcr alle Outdoor Begeisterten, die auf schnelle und energiereiche Gerichte z\u00e4hlen, um Kraft f\u00fcr den Tag zu erlangen.","breadcrumb":{"@id":"https:\/\/ueberlebenskunst.at\/survivalshop\/shop\/tactical-foodpack-rindfleisch-kartoffeltopf-100g\/#breadcrumb"},"inLanguage":"de","potentialAction":[{"@type":"ReadAction","target":["https:\/\/ueberlebenskunst.at\/survivalshop\/shop\/tactical-foodpack-rindfleisch-kartoffeltopf-100g\/"]}]},{"@type":"ImageObject","inLanguage":"de","@id":"https:\/\/ueberlebenskunst.at\/survivalshop\/shop\/tactical-foodpack-rindfleisch-kartoffeltopf-100g\/#primaryimage","url":"https:\/\/ueberlebenskunst.at\/survivalshop\/wp-content\/uploads\/2021\/02\/Beef-and-Potatoe-Pot.jpg","contentUrl":"https:\/\/ueberlebenskunst.at\/survivalshop\/wp-content\/uploads\/2021\/02\/Beef-and-Potatoe-Pot.jpg","width":1068,"height":876},{"@type":"BreadcrumbList","@id":"https:\/\/ueberlebenskunst.at\/survivalshop\/shop\/tactical-foodpack-rindfleisch-kartoffeltopf-100g\/#breadcrumb","itemListElement":[{"@type":"ListItem","position":1,"name":"Startseite","item":"https:\/\/ueberlebenskunst.at\/survivalshop\/"},{"@type":"ListItem","position":2,"name":"Shop","item":"https:\/\/ueberlebenskunst.at\/survivalshop\/shop\/"},{"@type":"ListItem","position":3,"name":"Tactical Foodpack Rindfleisch-Kartoffeltopf 100g"}]},{"@type":"WebSite","@id":"https:\/\/ueberlebenskunst.at\/survivalshop\/#website","url":"https:\/\/ueberlebenskunst.at\/survivalshop\/","name":"Reini Rossmann - Survival Shop","description":"Survival Shop f\u00fcr Survival, Bushcraft und Prepper","potentialAction":[{"@type":"SearchAction","target":{"@type":"EntryPoint","urlTemplate":"https:\/\/ueberlebenskunst.at\/survivalshop\/?s={search_term_string}"},"query-input":{"@type":"PropertyValueSpecification","valueRequired":true,"valueName":"search_term_string"}}],"inLanguage":"de"}]}},"_links":{"self":[{"href":"https:\/\/ueberlebenskunst.at\/survivalshop\/wp-json\/wp\/v2\/product\/22674","targetHints":{"allow":["GET"]}}],"collection":[{"href":"https:\/\/ueberlebenskunst.at\/survivalshop\/wp-json\/wp\/v2\/product"}],"about":[{"href":"https:\/\/ueberlebenskunst.at\/survivalshop\/wp-json\/wp\/v2\/types\/product"}],"replies":[{"embeddable":true,"href":"https:\/\/ueberlebenskunst.at\/survivalshop\/wp-json\/wp\/v2\/comments?post=22674"}],"wp:featuredmedia":[{"embeddable":true,"href":"https:\/\/ueberlebenskunst.at\/survivalshop\/wp-json\/wp\/v2\/media\/22475"}],"wp:attachment":[{"href":"https:\/\/ueberlebenskunst.at\/survivalshop\/wp-json\/wp\/v2\/media?parent=22674"}],"wp:term":[{"taxonomy":"product_brand","embeddable":true,"href":"https:\/\/ueberlebenskunst.at\/survivalshop\/wp-json\/wp\/v2\/product_brand?post=22674"},{"taxonomy":"product_cat","embeddable":true,"href":"https:\/\/ueberlebenskunst.at\/survivalshop\/wp-json\/wp\/v2\/product_cat?post=22674"},{"taxonomy":"product_tag","embeddable":true,"href":"https:\/\/ueberlebenskunst.at\/survivalshop\/wp-json\/wp\/v2\/product_tag?post=22674"}],"curies":[{"name":"wp","href":"https:\/\/api.w.org\/{rel}","templated":true}]}}