{"id":22672,"date":"2021-02-08T17:06:13","date_gmt":"2021-02-08T15:06:13","guid":{"rendered":"https:\/\/ueberlebenskunst.at\/survivalshop\/?post_type=product&#038;p=22672"},"modified":"2025-03-25T08:36:58","modified_gmt":"2025-03-25T07:36:58","slug":"endkappen-wurfarm","status":"seo-produkt","type":"product","link":"https:\/\/ueberlebenskunst.at\/survivalshop\/shop\/endkappen-wurfarm\/","title":{"rendered":"Endkappe Wurfarm Kunststoff"},"content":{"rendered":"<p>Die Endkappen am Wurfarm einer Armbrust sind auch im Normalbetrieb sehr hohen Kr\u00e4ften ausgesetzt und geh\u00f6ren deshalb, wie auch die <a href=\"https:\/\/ueberlebenskunst.at\/survivalshop\/kategorie\/bogensport\/armbrueste\/ersatzsehnen\/\" target=\"_blank\" rel=\"noopener\">Ersatzsehnen<\/a>, zu den Verschlei\u00dfteilen einer Armbrust, da sie brechen k\u00f6nnen.\u00a0 Aus diesem Grund empfehle ich dir unbedingt, dass du gleich 2 Stk. als Ersatz zu deiner Armbrust dazubestellst.<\/p>\n<p>Diese Endkappen passen zu folgenden Armbr\u00fcsten:<\/p>\n<p><a href=\"https:\/\/ueberlebenskunst.at\/survivalshop\/shop\/steambow-stinger2\/\" target=\"_blank\" rel=\"noopener\">Stinger 2 Tactical<\/a><br \/>\n<a href=\"https:\/\/ueberlebenskunst.at\/survivalshop\/shop\/stinger-2-compact-pistolenarmbrust-schwarz\/\">Stinger 2 Compact<\/a><\/p>\n","protected":false},"excerpt":{"rendered":"<p>Verschlei\u00dfteil, ohne das du nicht schie\u00dfen kannst<\/p>\n","protected":false},"featured_media":22825,"comment_status":"open","ping_status":"closed","template":"","meta":{"_acf_changed":false},"product_brand":[],"product_cat":[1926],"product_tag":[1271,975],"class_list":{"0":"post-22672","1":"product","2":"type-product","3":"status-seo-produkt","4":"has-post-thumbnail","6":"product_cat-endkappen","7":"product_tag-endkappe","8":"product_tag-stinger-2-zubehoer","9":"pa_platform-1-stueck","10":"pa_platform-2-stueck","12":"first","13":"outofstock","14":"taxable","15":"shipping-taxable","16":"product-type-variable","17":"has-default-attributes"},"acf":[],"yoast_head":"<!-- This site is optimized with the Yoast SEO plugin v27.1.1 - https:\/\/yoast.com\/product\/yoast-seo-wordpress\/ -->\n<title>Endkappe Wurfarm Kunststoff f\u00fcr die Sehnenaufnahme an der Armbrust<\/title>\n<meta name=\"description\" content=\"Die Endkappen am Wurfarm einer Armbrust sind hohnen Kr\u00e4ften ausgesetzt und geh\u00f6ren deshalb auch zu den Verschlei\u00dfteilen.\" \/>\n<meta name=\"robots\" content=\"index, follow, max-snippet:-1, max-image-preview:large, max-video-preview:-1\" \/>\n<link rel=\"canonical\" href=\"https:\/\/ueberlebenskunst.at\/survivalshop\/shop\/endkappen-wurfarm\/\" \/>\n<meta property=\"og:locale\" content=\"de_DE\" \/>\n<meta property=\"og:type\" content=\"article\" \/>\n<meta property=\"og:title\" content=\"Endkappe Wurfarm Kunststoff f\u00fcr die Sehnenaufnahme an der Armbrust\" \/>\n<meta property=\"og:description\" content=\"Die Endkappen am Wurfarm einer Armbrust sind hohnen Kr\u00e4ften ausgesetzt und geh\u00f6ren deshalb auch zu den Verschlei\u00dfteilen.\" \/>\n<meta property=\"og:url\" content=\"https:\/\/ueberlebenskunst.at\/survivalshop\/shop\/endkappen-wurfarm\/\" \/>\n<meta property=\"og:site_name\" content=\"Reini Rossmann - Survival Shop\" \/>\n<meta property=\"article:publisher\" content=\"https:\/\/www.facebook.com\/survival24.org\/\" \/>\n<meta property=\"article:modified_time\" content=\"2025-03-25T07:36:58+00:00\" \/>\n<meta property=\"og:image\" content=\"https:\/\/ueberlebenskunst.at\/survivalshop\/wp-content\/uploads\/2021\/02\/20210211_162128-e1613131879613.jpg\" \/>\n\t<meta property=\"og:image:width\" content=\"300\" \/>\n\t<meta property=\"og:image:height\" content=\"300\" \/>\n\t<meta property=\"og:image:type\" content=\"image\/jpeg\" \/>\n<meta name=\"twitter:card\" content=\"summary_large_image\" \/>\n<meta name=\"twitter:label1\" content=\"Gesch\u00e4tzte Lesezeit\" \/>\n\t<meta name=\"twitter:data1\" content=\"1\u00a0Minute\" \/>\n<script type=\"application\/ld+json\" class=\"yoast-schema-graph\">{\"@context\":\"https:\/\/schema.org\",\"@graph\":[{\"@type\":\"WebPage\",\"@id\":\"https:\/\/ueberlebenskunst.at\/survivalshop\/shop\/endkappen-wurfarm\/\",\"url\":\"https:\/\/ueberlebenskunst.at\/survivalshop\/shop\/endkappen-wurfarm\/\",\"name\":\"Endkappe Wurfarm Kunststoff f\u00fcr die Sehnenaufnahme an der Armbrust\",\"isPartOf\":{\"@id\":\"https:\/\/ueberlebenskunst.at\/survivalshop\/#website\"},\"primaryImageOfPage\":{\"@id\":\"https:\/\/ueberlebenskunst.at\/survivalshop\/shop\/endkappen-wurfarm\/#primaryimage\"},\"image\":{\"@id\":\"https:\/\/ueberlebenskunst.at\/survivalshop\/shop\/endkappen-wurfarm\/#primaryimage\"},\"thumbnailUrl\":\"https:\/\/ueberlebenskunst.at\/survivalshop\/wp-content\/uploads\/2021\/02\/20210211_162128-e1613131879613.jpg\",\"datePublished\":\"2021-02-08T15:06:13+00:00\",\"dateModified\":\"2025-03-25T07:36:58+00:00\",\"description\":\"Die Endkappen am Wurfarm einer Armbrust sind hohnen Kr\u00e4ften ausgesetzt und geh\u00f6ren deshalb auch zu den Verschlei\u00dfteilen.\",\"breadcrumb\":{\"@id\":\"https:\/\/ueberlebenskunst.at\/survivalshop\/shop\/endkappen-wurfarm\/#breadcrumb\"},\"inLanguage\":\"de\",\"potentialAction\":[{\"@type\":\"ReadAction\",\"target\":[\"https:\/\/ueberlebenskunst.at\/survivalshop\/shop\/endkappen-wurfarm\/\"]}]},{\"@type\":\"ImageObject\",\"inLanguage\":\"de\",\"@id\":\"https:\/\/ueberlebenskunst.at\/survivalshop\/shop\/endkappen-wurfarm\/#primaryimage\",\"url\":\"https:\/\/ueberlebenskunst.at\/survivalshop\/wp-content\/uploads\/2021\/02\/20210211_162128-e1613131879613.jpg\",\"contentUrl\":\"https:\/\/ueberlebenskunst.at\/survivalshop\/wp-content\/uploads\/2021\/02\/20210211_162128-e1613131879613.jpg\",\"width\":300,\"height\":300},{\"@type\":\"BreadcrumbList\",\"@id\":\"https:\/\/ueberlebenskunst.at\/survivalshop\/shop\/endkappen-wurfarm\/#breadcrumb\",\"itemListElement\":[{\"@type\":\"ListItem\",\"position\":1,\"name\":\"Startseite\",\"item\":\"https:\/\/ueberlebenskunst.at\/survivalshop\/\"},{\"@type\":\"ListItem\",\"position\":2,\"name\":\"Shop\",\"item\":\"https:\/\/ueberlebenskunst.at\/survivalshop\/shop\/\"},{\"@type\":\"ListItem\",\"position\":3,\"name\":\"Endkappe Wurfarm Kunststoff\"}]},{\"@type\":\"WebSite\",\"@id\":\"https:\/\/ueberlebenskunst.at\/survivalshop\/#website\",\"url\":\"https:\/\/ueberlebenskunst.at\/survivalshop\/\",\"name\":\"Reini Rossmann - Survival Shop\",\"description\":\"Survival Shop f\u00fcr Survival, Bushcraft und Prepper\",\"potentialAction\":[{\"@type\":\"SearchAction\",\"target\":{\"@type\":\"EntryPoint\",\"urlTemplate\":\"https:\/\/ueberlebenskunst.at\/survivalshop\/?s={search_term_string}\"},\"query-input\":{\"@type\":\"PropertyValueSpecification\",\"valueRequired\":true,\"valueName\":\"search_term_string\"}}],\"inLanguage\":\"de\"}]}<\/script>\n<!-- \/ Yoast SEO plugin. -->","yoast_head_json":{"title":"Endkappe Wurfarm Kunststoff f\u00fcr die Sehnenaufnahme an der Armbrust","description":"Die Endkappen am Wurfarm einer Armbrust sind hohnen Kr\u00e4ften ausgesetzt und geh\u00f6ren deshalb auch zu den Verschlei\u00dfteilen.","robots":{"index":"index","follow":"follow","max-snippet":"max-snippet:-1","max-image-preview":"max-image-preview:large","max-video-preview":"max-video-preview:-1"},"canonical":"https:\/\/ueberlebenskunst.at\/survivalshop\/shop\/endkappen-wurfarm\/","og_locale":"de_DE","og_type":"article","og_title":"Endkappe Wurfarm Kunststoff f\u00fcr die Sehnenaufnahme an der Armbrust","og_description":"Die Endkappen am Wurfarm einer Armbrust sind hohnen Kr\u00e4ften ausgesetzt und geh\u00f6ren deshalb auch zu den Verschlei\u00dfteilen.","og_url":"https:\/\/ueberlebenskunst.at\/survivalshop\/shop\/endkappen-wurfarm\/","og_site_name":"Reini Rossmann - Survival Shop","article_publisher":"https:\/\/www.facebook.com\/survival24.org\/","article_modified_time":"2025-03-25T07:36:58+00:00","og_image":[{"width":300,"height":300,"url":"https:\/\/ueberlebenskunst.at\/survivalshop\/wp-content\/uploads\/2021\/02\/20210211_162128-e1613131879613.jpg","type":"image\/jpeg"}],"twitter_card":"summary_large_image","twitter_misc":{"Gesch\u00e4tzte Lesezeit":"1\u00a0Minute"},"schema":{"@context":"https:\/\/schema.org","@graph":[{"@type":"WebPage","@id":"https:\/\/ueberlebenskunst.at\/survivalshop\/shop\/endkappen-wurfarm\/","url":"https:\/\/ueberlebenskunst.at\/survivalshop\/shop\/endkappen-wurfarm\/","name":"Endkappe Wurfarm Kunststoff f\u00fcr die Sehnenaufnahme an der Armbrust","isPartOf":{"@id":"https:\/\/ueberlebenskunst.at\/survivalshop\/#website"},"primaryImageOfPage":{"@id":"https:\/\/ueberlebenskunst.at\/survivalshop\/shop\/endkappen-wurfarm\/#primaryimage"},"image":{"@id":"https:\/\/ueberlebenskunst.at\/survivalshop\/shop\/endkappen-wurfarm\/#primaryimage"},"thumbnailUrl":"https:\/\/ueberlebenskunst.at\/survivalshop\/wp-content\/uploads\/2021\/02\/20210211_162128-e1613131879613.jpg","datePublished":"2021-02-08T15:06:13+00:00","dateModified":"2025-03-25T07:36:58+00:00","description":"Die Endkappen am Wurfarm einer Armbrust sind hohnen Kr\u00e4ften ausgesetzt und geh\u00f6ren deshalb auch zu den Verschlei\u00dfteilen.","breadcrumb":{"@id":"https:\/\/ueberlebenskunst.at\/survivalshop\/shop\/endkappen-wurfarm\/#breadcrumb"},"inLanguage":"de","potentialAction":[{"@type":"ReadAction","target":["https:\/\/ueberlebenskunst.at\/survivalshop\/shop\/endkappen-wurfarm\/"]}]},{"@type":"ImageObject","inLanguage":"de","@id":"https:\/\/ueberlebenskunst.at\/survivalshop\/shop\/endkappen-wurfarm\/#primaryimage","url":"https:\/\/ueberlebenskunst.at\/survivalshop\/wp-content\/uploads\/2021\/02\/20210211_162128-e1613131879613.jpg","contentUrl":"https:\/\/ueberlebenskunst.at\/survivalshop\/wp-content\/uploads\/2021\/02\/20210211_162128-e1613131879613.jpg","width":300,"height":300},{"@type":"BreadcrumbList","@id":"https:\/\/ueberlebenskunst.at\/survivalshop\/shop\/endkappen-wurfarm\/#breadcrumb","itemListElement":[{"@type":"ListItem","position":1,"name":"Startseite","item":"https:\/\/ueberlebenskunst.at\/survivalshop\/"},{"@type":"ListItem","position":2,"name":"Shop","item":"https:\/\/ueberlebenskunst.at\/survivalshop\/shop\/"},{"@type":"ListItem","position":3,"name":"Endkappe Wurfarm Kunststoff"}]},{"@type":"WebSite","@id":"https:\/\/ueberlebenskunst.at\/survivalshop\/#website","url":"https:\/\/ueberlebenskunst.at\/survivalshop\/","name":"Reini Rossmann - Survival Shop","description":"Survival Shop f\u00fcr Survival, Bushcraft und Prepper","potentialAction":[{"@type":"SearchAction","target":{"@type":"EntryPoint","urlTemplate":"https:\/\/ueberlebenskunst.at\/survivalshop\/?s={search_term_string}"},"query-input":{"@type":"PropertyValueSpecification","valueRequired":true,"valueName":"search_term_string"}}],"inLanguage":"de"}]}},"_links":{"self":[{"href":"https:\/\/ueberlebenskunst.at\/survivalshop\/wp-json\/wp\/v2\/product\/22672","targetHints":{"allow":["GET"]}}],"collection":[{"href":"https:\/\/ueberlebenskunst.at\/survivalshop\/wp-json\/wp\/v2\/product"}],"about":[{"href":"https:\/\/ueberlebenskunst.at\/survivalshop\/wp-json\/wp\/v2\/types\/product"}],"replies":[{"embeddable":true,"href":"https:\/\/ueberlebenskunst.at\/survivalshop\/wp-json\/wp\/v2\/comments?post=22672"}],"wp:featuredmedia":[{"embeddable":true,"href":"https:\/\/ueberlebenskunst.at\/survivalshop\/wp-json\/wp\/v2\/media\/22825"}],"wp:attachment":[{"href":"https:\/\/ueberlebenskunst.at\/survivalshop\/wp-json\/wp\/v2\/media?parent=22672"}],"wp:term":[{"taxonomy":"product_brand","embeddable":true,"href":"https:\/\/ueberlebenskunst.at\/survivalshop\/wp-json\/wp\/v2\/product_brand?post=22672"},{"taxonomy":"product_cat","embeddable":true,"href":"https:\/\/ueberlebenskunst.at\/survivalshop\/wp-json\/wp\/v2\/product_cat?post=22672"},{"taxonomy":"product_tag","embeddable":true,"href":"https:\/\/ueberlebenskunst.at\/survivalshop\/wp-json\/wp\/v2\/product_tag?post=22672"}],"curies":[{"name":"wp","href":"https:\/\/api.w.org\/{rel}","templated":true}]}}