{"id":22644,"date":"2021-02-08T14:40:13","date_gmt":"2021-02-08T12:40:13","guid":{"rendered":"https:\/\/ueberlebenskunst.at\/survivalshop\/?post_type=product&#038;p=22644"},"modified":"2024-03-20T19:14:08","modified_gmt":"2024-03-20T18:14:08","slug":"tactical-foodpack-outdoor-shower","status":"seo-produkt","type":"product","link":"https:\/\/ueberlebenskunst.at\/survivalshop\/shop\/tactical-foodpack-outdoor-shower\/","title":{"rendered":"Die (fast) wasserlose Outdoor Dusche &#8211; Hygiene f\u00fcr Unterwegs"},"content":{"rendered":"<p><iframe hcb-fetch-image-from=\"https:\/\/www.youtube.com\/watch?v=7NP2xNuj-XU\" title=\"Nie mehr drau\u00dfen stinken - die (fast) wasserlose Dusche | Blackout Bugout Camping Ausr\u00fcstung\" width=\"640\" height=\"360\" src=\"https:\/\/www.youtube.com\/embed\/7NP2xNuj-XU?feature=oembed\" frameborder=\"0\" allow=\"accelerometer; autoplay; clipboard-write; encrypted-media; gyroscope; picture-in-picture; web-share\" referrerpolicy=\"strict-origin-when-cross-origin\" allowfullscreen><\/iframe><\/p>\n<p>Du bist Outdoor, hast keine Waschgelegenheit &#8211;\u00a0 Problem gel\u00f6st mit der<\/p>\n<h3>Tactical Foodpack &#8211; Outdoor Shower<\/h3>\n<p>Ideal f\u00fcr Camping, Bugout, Blackout Vorbereitung in einer Stadtwohnung oder in extremen Situationen.<\/p>\n<h3>Produktdaten:<\/h3>\n<ul>\n<li>Hygienisch einfache Waschm\u00f6glichkeit f\u00fcr Abenteuer-Trips<\/li>\n<li>F\u00fcr die Reinigung kleiner Wunden geeignet<\/li>\n<li>Hautfreundlich durch Panthenol, frei von Konservierungsstoffen<\/li>\n<li>Enth\u00e4lt au\u00dferdem Natriumcocoylisethionat und Duft. Die 2 Reinigungst\u00fccher, jeweils 1 f\u00fcr Ober- und Unterk\u00f6rper, sind aus Polyurethanschaum.<\/li>\n<li>Nur 10ml Wasser n\u00f6tig<\/li>\n<\/ul>\n<p><a href=\"https:\/\/ueberlebenskunst.at\/survivalshop\/wp-content\/uploads\/2021\/02\/Outdoor-Shower-Pic-3.jpg\" target=\"_blank\" rel=\"noopener\"><img decoding=\"async\" class=\"alignnone wp-image-22652\" src=\"https:\/\/ueberlebenskunst.at\/survivalshop\/wp-content\/uploads\/2021\/02\/Outdoor-Shower-Pic-3-300x197.jpg\" alt=\"Outdoor Shower\" width=\"372\" height=\"244\" srcset=\"https:\/\/ueberlebenskunst.at\/survivalshop\/wp-content\/uploads\/2021\/02\/Outdoor-Shower-Pic-3-300x197.jpg 300w, https:\/\/ueberlebenskunst.at\/survivalshop\/wp-content\/uploads\/2021\/02\/Outdoor-Shower-Pic-3-768x505.jpg 768w, https:\/\/ueberlebenskunst.at\/survivalshop\/wp-content\/uploads\/2021\/02\/Outdoor-Shower-Pic-3-600x395.jpg 600w, https:\/\/ueberlebenskunst.at\/survivalshop\/wp-content\/uploads\/2021\/02\/Outdoor-Shower-Pic-3.jpg 962w\" sizes=\"(max-width: 372px) 100vw, 372px\" \/><\/a><\/p>\n","protected":false},"excerpt":{"rendered":"<p>K\u00f6rperhygiene im Outdoorbereich.<\/p>\n","protected":false},"featured_media":22649,"comment_status":"open","ping_status":"closed","template":"","meta":{"_acf_changed":false},"product_brand":[],"product_cat":[426],"product_tag":[254,391,719],"class_list":{"0":"post-22644","1":"product","2":"type-product","3":"status-seo-produkt","4":"has-post-thumbnail","6":"product_cat-unkategorisiert","7":"product_tag-blackout-ausruestung","8":"product_tag-bugout","9":"product_tag-hygiene","11":"first","12":"outofstock","13":"taxable","14":"shipping-taxable","15":"product-type-simple"},"acf":[],"yoast_head":"<!-- This site is optimized with the Yoast SEO plugin v27.1.1 - https:\/\/yoast.com\/product\/yoast-seo-wordpress\/ -->\n<title>Die (fast) wasserlose Outdoor Dusche - Hygiene f\u00fcr Unterwegs - Hygiene \u00fcberall<\/title>\n<meta name=\"description\" content=\"Diese Outdoor-Waschm\u00f6glichkeit bietet in K\u00fcrze Reinigung des K\u00f6rpers sowie auch kleiner Wunden durch Panthenol.\" \/>\n<meta name=\"robots\" content=\"index, follow, max-snippet:-1, max-image-preview:large, max-video-preview:-1\" \/>\n<link rel=\"canonical\" href=\"https:\/\/ueberlebenskunst.at\/survivalshop\/shop\/tactical-foodpack-outdoor-shower\/\" \/>\n<meta property=\"og:locale\" content=\"de_DE\" \/>\n<meta property=\"og:type\" content=\"article\" \/>\n<meta property=\"og:title\" content=\"Die (fast) wasserlose Outdoor Dusche - Hygiene f\u00fcr Unterwegs - Hygiene \u00fcberall\" \/>\n<meta property=\"og:description\" content=\"Diese Outdoor-Waschm\u00f6glichkeit bietet in K\u00fcrze Reinigung des K\u00f6rpers sowie auch kleiner Wunden durch Panthenol.\" \/>\n<meta property=\"og:url\" content=\"https:\/\/ueberlebenskunst.at\/survivalshop\/shop\/tactical-foodpack-outdoor-shower\/\" \/>\n<meta property=\"og:site_name\" content=\"Reini Rossmann - Survival Shop\" \/>\n<meta property=\"article:publisher\" content=\"https:\/\/www.facebook.com\/survival24.org\/\" \/>\n<meta property=\"article:modified_time\" content=\"2024-03-20T18:14:08+00:00\" \/>\n<meta property=\"og:image\" content=\"https:\/\/ueberlebenskunst.at\/survivalshop\/wp-content\/uploads\/2021\/02\/Outdoor-Shower.jpg\" \/>\n\t<meta property=\"og:image:width\" content=\"551\" \/>\n\t<meta property=\"og:image:height\" content=\"639\" \/>\n\t<meta property=\"og:image:type\" content=\"image\/jpeg\" \/>\n<meta name=\"twitter:card\" content=\"summary_large_image\" \/>\n<meta name=\"twitter:label1\" content=\"Gesch\u00e4tzte Lesezeit\" \/>\n\t<meta name=\"twitter:data1\" content=\"1\u00a0Minute\" \/>\n<script type=\"application\/ld+json\" class=\"yoast-schema-graph\">{\"@context\":\"https:\/\/schema.org\",\"@graph\":[{\"@type\":\"WebPage\",\"@id\":\"https:\/\/ueberlebenskunst.at\/survivalshop\/shop\/tactical-foodpack-outdoor-shower\/\",\"url\":\"https:\/\/ueberlebenskunst.at\/survivalshop\/shop\/tactical-foodpack-outdoor-shower\/\",\"name\":\"Die (fast) wasserlose Outdoor Dusche - Hygiene f\u00fcr Unterwegs - Hygiene \u00fcberall\",\"isPartOf\":{\"@id\":\"https:\/\/ueberlebenskunst.at\/survivalshop\/#website\"},\"primaryImageOfPage\":{\"@id\":\"https:\/\/ueberlebenskunst.at\/survivalshop\/shop\/tactical-foodpack-outdoor-shower\/#primaryimage\"},\"image\":{\"@id\":\"https:\/\/ueberlebenskunst.at\/survivalshop\/shop\/tactical-foodpack-outdoor-shower\/#primaryimage\"},\"thumbnailUrl\":\"https:\/\/ueberlebenskunst.at\/survivalshop\/wp-content\/uploads\/2021\/02\/Outdoor-Shower.jpg\",\"datePublished\":\"2021-02-08T12:40:13+00:00\",\"dateModified\":\"2024-03-20T18:14:08+00:00\",\"description\":\"Diese Outdoor-Waschm\u00f6glichkeit bietet in K\u00fcrze Reinigung des K\u00f6rpers sowie auch kleiner Wunden durch Panthenol.\",\"breadcrumb\":{\"@id\":\"https:\/\/ueberlebenskunst.at\/survivalshop\/shop\/tactical-foodpack-outdoor-shower\/#breadcrumb\"},\"inLanguage\":\"de\",\"potentialAction\":[{\"@type\":\"ReadAction\",\"target\":[\"https:\/\/ueberlebenskunst.at\/survivalshop\/shop\/tactical-foodpack-outdoor-shower\/\"]}]},{\"@type\":\"ImageObject\",\"inLanguage\":\"de\",\"@id\":\"https:\/\/ueberlebenskunst.at\/survivalshop\/shop\/tactical-foodpack-outdoor-shower\/#primaryimage\",\"url\":\"https:\/\/ueberlebenskunst.at\/survivalshop\/wp-content\/uploads\/2021\/02\/Outdoor-Shower.jpg\",\"contentUrl\":\"https:\/\/ueberlebenskunst.at\/survivalshop\/wp-content\/uploads\/2021\/02\/Outdoor-Shower.jpg\",\"width\":551,\"height\":639},{\"@type\":\"BreadcrumbList\",\"@id\":\"https:\/\/ueberlebenskunst.at\/survivalshop\/shop\/tactical-foodpack-outdoor-shower\/#breadcrumb\",\"itemListElement\":[{\"@type\":\"ListItem\",\"position\":1,\"name\":\"Startseite\",\"item\":\"https:\/\/ueberlebenskunst.at\/survivalshop\/\"},{\"@type\":\"ListItem\",\"position\":2,\"name\":\"Shop\",\"item\":\"https:\/\/ueberlebenskunst.at\/survivalshop\/shop\/\"},{\"@type\":\"ListItem\",\"position\":3,\"name\":\"Die (fast) wasserlose Outdoor Dusche &#8211; Hygiene f\u00fcr Unterwegs\"}]},{\"@type\":\"WebSite\",\"@id\":\"https:\/\/ueberlebenskunst.at\/survivalshop\/#website\",\"url\":\"https:\/\/ueberlebenskunst.at\/survivalshop\/\",\"name\":\"Reini Rossmann - Survival Shop\",\"description\":\"Survival Shop f\u00fcr Survival, Bushcraft und Prepper\",\"potentialAction\":[{\"@type\":\"SearchAction\",\"target\":{\"@type\":\"EntryPoint\",\"urlTemplate\":\"https:\/\/ueberlebenskunst.at\/survivalshop\/?s={search_term_string}\"},\"query-input\":{\"@type\":\"PropertyValueSpecification\",\"valueRequired\":true,\"valueName\":\"search_term_string\"}}],\"inLanguage\":\"de\"}]}<\/script>\n<!-- \/ Yoast SEO plugin. -->","yoast_head_json":{"title":"Die (fast) wasserlose Outdoor Dusche - Hygiene f\u00fcr Unterwegs - Hygiene \u00fcberall","description":"Diese Outdoor-Waschm\u00f6glichkeit bietet in K\u00fcrze Reinigung des K\u00f6rpers sowie auch kleiner Wunden durch Panthenol.","robots":{"index":"index","follow":"follow","max-snippet":"max-snippet:-1","max-image-preview":"max-image-preview:large","max-video-preview":"max-video-preview:-1"},"canonical":"https:\/\/ueberlebenskunst.at\/survivalshop\/shop\/tactical-foodpack-outdoor-shower\/","og_locale":"de_DE","og_type":"article","og_title":"Die (fast) wasserlose Outdoor Dusche - Hygiene f\u00fcr Unterwegs - Hygiene \u00fcberall","og_description":"Diese Outdoor-Waschm\u00f6glichkeit bietet in K\u00fcrze Reinigung des K\u00f6rpers sowie auch kleiner Wunden durch Panthenol.","og_url":"https:\/\/ueberlebenskunst.at\/survivalshop\/shop\/tactical-foodpack-outdoor-shower\/","og_site_name":"Reini Rossmann - Survival Shop","article_publisher":"https:\/\/www.facebook.com\/survival24.org\/","article_modified_time":"2024-03-20T18:14:08+00:00","og_image":[{"width":551,"height":639,"url":"https:\/\/ueberlebenskunst.at\/survivalshop\/wp-content\/uploads\/2021\/02\/Outdoor-Shower.jpg","type":"image\/jpeg"}],"twitter_card":"summary_large_image","twitter_misc":{"Gesch\u00e4tzte Lesezeit":"1\u00a0Minute"},"schema":{"@context":"https:\/\/schema.org","@graph":[{"@type":"WebPage","@id":"https:\/\/ueberlebenskunst.at\/survivalshop\/shop\/tactical-foodpack-outdoor-shower\/","url":"https:\/\/ueberlebenskunst.at\/survivalshop\/shop\/tactical-foodpack-outdoor-shower\/","name":"Die (fast) wasserlose Outdoor Dusche - Hygiene f\u00fcr Unterwegs - Hygiene \u00fcberall","isPartOf":{"@id":"https:\/\/ueberlebenskunst.at\/survivalshop\/#website"},"primaryImageOfPage":{"@id":"https:\/\/ueberlebenskunst.at\/survivalshop\/shop\/tactical-foodpack-outdoor-shower\/#primaryimage"},"image":{"@id":"https:\/\/ueberlebenskunst.at\/survivalshop\/shop\/tactical-foodpack-outdoor-shower\/#primaryimage"},"thumbnailUrl":"https:\/\/ueberlebenskunst.at\/survivalshop\/wp-content\/uploads\/2021\/02\/Outdoor-Shower.jpg","datePublished":"2021-02-08T12:40:13+00:00","dateModified":"2024-03-20T18:14:08+00:00","description":"Diese Outdoor-Waschm\u00f6glichkeit bietet in K\u00fcrze Reinigung des K\u00f6rpers sowie auch kleiner Wunden durch Panthenol.","breadcrumb":{"@id":"https:\/\/ueberlebenskunst.at\/survivalshop\/shop\/tactical-foodpack-outdoor-shower\/#breadcrumb"},"inLanguage":"de","potentialAction":[{"@type":"ReadAction","target":["https:\/\/ueberlebenskunst.at\/survivalshop\/shop\/tactical-foodpack-outdoor-shower\/"]}]},{"@type":"ImageObject","inLanguage":"de","@id":"https:\/\/ueberlebenskunst.at\/survivalshop\/shop\/tactical-foodpack-outdoor-shower\/#primaryimage","url":"https:\/\/ueberlebenskunst.at\/survivalshop\/wp-content\/uploads\/2021\/02\/Outdoor-Shower.jpg","contentUrl":"https:\/\/ueberlebenskunst.at\/survivalshop\/wp-content\/uploads\/2021\/02\/Outdoor-Shower.jpg","width":551,"height":639},{"@type":"BreadcrumbList","@id":"https:\/\/ueberlebenskunst.at\/survivalshop\/shop\/tactical-foodpack-outdoor-shower\/#breadcrumb","itemListElement":[{"@type":"ListItem","position":1,"name":"Startseite","item":"https:\/\/ueberlebenskunst.at\/survivalshop\/"},{"@type":"ListItem","position":2,"name":"Shop","item":"https:\/\/ueberlebenskunst.at\/survivalshop\/shop\/"},{"@type":"ListItem","position":3,"name":"Die (fast) wasserlose Outdoor Dusche &#8211; Hygiene f\u00fcr Unterwegs"}]},{"@type":"WebSite","@id":"https:\/\/ueberlebenskunst.at\/survivalshop\/#website","url":"https:\/\/ueberlebenskunst.at\/survivalshop\/","name":"Reini Rossmann - Survival Shop","description":"Survival Shop f\u00fcr Survival, Bushcraft und Prepper","potentialAction":[{"@type":"SearchAction","target":{"@type":"EntryPoint","urlTemplate":"https:\/\/ueberlebenskunst.at\/survivalshop\/?s={search_term_string}"},"query-input":{"@type":"PropertyValueSpecification","valueRequired":true,"valueName":"search_term_string"}}],"inLanguage":"de"}]}},"_links":{"self":[{"href":"https:\/\/ueberlebenskunst.at\/survivalshop\/wp-json\/wp\/v2\/product\/22644","targetHints":{"allow":["GET"]}}],"collection":[{"href":"https:\/\/ueberlebenskunst.at\/survivalshop\/wp-json\/wp\/v2\/product"}],"about":[{"href":"https:\/\/ueberlebenskunst.at\/survivalshop\/wp-json\/wp\/v2\/types\/product"}],"replies":[{"embeddable":true,"href":"https:\/\/ueberlebenskunst.at\/survivalshop\/wp-json\/wp\/v2\/comments?post=22644"}],"wp:featuredmedia":[{"embeddable":true,"href":"https:\/\/ueberlebenskunst.at\/survivalshop\/wp-json\/wp\/v2\/media\/22649"}],"wp:attachment":[{"href":"https:\/\/ueberlebenskunst.at\/survivalshop\/wp-json\/wp\/v2\/media?parent=22644"}],"wp:term":[{"taxonomy":"product_brand","embeddable":true,"href":"https:\/\/ueberlebenskunst.at\/survivalshop\/wp-json\/wp\/v2\/product_brand?post=22644"},{"taxonomy":"product_cat","embeddable":true,"href":"https:\/\/ueberlebenskunst.at\/survivalshop\/wp-json\/wp\/v2\/product_cat?post=22644"},{"taxonomy":"product_tag","embeddable":true,"href":"https:\/\/ueberlebenskunst.at\/survivalshop\/wp-json\/wp\/v2\/product_tag?post=22644"}],"curies":[{"name":"wp","href":"https:\/\/api.w.org\/{rel}","templated":true}]}}