{"id":22624,"date":"2021-02-08T19:05:44","date_gmt":"2021-02-08T17:05:44","guid":{"rendered":"https:\/\/ueberlebenskunst.at\/survivalshop\/?post_type=product&#038;p=22624"},"modified":"2024-03-20T19:13:20","modified_gmt":"2024-03-20T18:13:20","slug":"tactical-foodpack-mre-reiscurry-mit-haehnchen-100g","status":"seo-produkt","type":"product","link":"https:\/\/ueberlebenskunst.at\/survivalshop\/shop\/tactical-foodpack-mre-reiscurry-mit-haehnchen-100g\/","title":{"rendered":"Tactical Foodpack MRE-Reiscurry mit H\u00e4hnchen 100g"},"content":{"rendered":"<p><iframe hcb-fetch-image-from=\"https:\/\/www.youtube.com\/watch?v=Qbwp4_z8zW0\" title=\"Vergrabener Prepper Nahrungsvorrat im Wald - Krisen Nahrung einbunkern\" width=\"640\" height=\"360\" src=\"https:\/\/www.youtube.com\/embed\/Qbwp4_z8zW0?feature=oembed\" frameborder=\"0\" allow=\"accelerometer; autoplay; clipboard-write; encrypted-media; gyroscope; picture-in-picture; web-share\" referrerpolicy=\"strict-origin-when-cross-origin\" allowfullscreen><\/iframe><\/p>\n<p>Reini\u00b4s Empfehlung:<\/p>\n<p>Genuss asiatischer Art im <a href=\"https:\/\/ueberlebenskunst.at\/survivalshop\/shop\/600-survival-tipps\/\" target=\"_blank\" rel=\"noopener\">Survival-Modus<\/a>.<\/p>\n<h3>Tactical Foodpack Meal Ready to Eat &#8211; Curry Chicken and Rice 100g<\/h3>\n<h3>Produktdaten:<\/h3>\n<ul>\n<li>Mild-raffiniert gew\u00fcrztes H\u00e4hnchen-Curry mit Reis<\/li>\n<li>Verfeinert mit Sahne, H\u00fchnerbouillon, Raps\u00f6l, Tomaten, Paprika, Currypaste, Kr\u00e4uter, Gew\u00fcrze und Salz. Kann Spuren von Sellerie und Senf enthalten.<\/li>\n<li>Du willst mehr Sch\u00e4rfe? Weniger Wasser dazugeben.<\/li>\n<li>Schnelle und einfache Zubereitung innerhalb von 8 Minuten.<\/li>\n<li>Energiereiche Kost mit 500 kcal pro Portion<\/li>\n<li>100% nat\u00fcrliche Inhaltstoffe<\/li>\n<li>Perfekt f\u00fcr Outdoor-Aktivit\u00e4ten<\/li>\n<li>Hergestellt in Estland<\/li>\n<li>Entwickelt von milit\u00e4rischen Spezialeinheiten<\/li>\n<\/ul>\n<p>&nbsp;<\/p>\n<p><a href=\"https:\/\/ueberlebenskunst.at\/survivalshop\/wp-content\/uploads\/2021\/02\/Curry-Chicken-and-Rice-Ingredients.jpg\" target=\"_blank\" rel=\"noopener\"><img decoding=\"async\" class=\"alignnone wp-image-22625\" src=\"https:\/\/ueberlebenskunst.at\/survivalshop\/wp-content\/uploads\/2021\/02\/Curry-Chicken-and-Rice-Ingredients-300x146.jpg\" alt=\" Curry-Chicken-and-Rice-Ingredients\" width=\"471\" height=\"229\" srcset=\"https:\/\/ueberlebenskunst.at\/survivalshop\/wp-content\/uploads\/2021\/02\/Curry-Chicken-and-Rice-Ingredients-300x146.jpg 300w, https:\/\/ueberlebenskunst.at\/survivalshop\/wp-content\/uploads\/2021\/02\/Curry-Chicken-and-Rice-Ingredients-1024x500.jpg 1024w, https:\/\/ueberlebenskunst.at\/survivalshop\/wp-content\/uploads\/2021\/02\/Curry-Chicken-and-Rice-Ingredients-768x375.jpg 768w, https:\/\/ueberlebenskunst.at\/survivalshop\/wp-content\/uploads\/2021\/02\/Curry-Chicken-and-Rice-Ingredients-600x293.jpg 600w, https:\/\/ueberlebenskunst.at\/survivalshop\/wp-content\/uploads\/2021\/02\/Curry-Chicken-and-Rice-Ingredients.jpg 1168w\" sizes=\"(max-width: 471px) 100vw, 471px\" \/><\/a><\/p>\n","protected":false},"excerpt":{"rendered":"<p>Raffiniert gew\u00fcrztes H\u00e4hnchen-Curry mit Reis.<\/p>\n","protected":false},"featured_media":22476,"comment_status":"open","ping_status":"closed","template":"","meta":{"_acf_changed":false},"product_brand":[],"product_cat":[426],"product_tag":[708],"class_list":{"0":"post-22624","1":"product","2":"type-product","3":"status-seo-produkt","4":"has-post-thumbnail","6":"product_cat-unkategorisiert","7":"product_tag-hauptspeise","9":"first","10":"outofstock","11":"taxable","12":"shipping-taxable","13":"product-type-simple"},"acf":[],"yoast_head":"<!-- This site is optimized with the Yoast SEO plugin v27.1.1 - https:\/\/yoast.com\/product\/yoast-seo-wordpress\/ -->\n<title>Tactical Foodpack MRE-Reiscurry mit H\u00e4hnchen 100g Reini\u00b4s Empfehlung<\/title>\n<meta name=\"description\" content=\"Schnelle und einfache Zubereitung machen dieses cremige Reiscurry mit H\u00e4hnchen zur idealen Mahlzeit aller Outdoor-Fans.\" \/>\n<meta name=\"robots\" content=\"index, follow, max-snippet:-1, max-image-preview:large, max-video-preview:-1\" \/>\n<link rel=\"canonical\" href=\"https:\/\/ueberlebenskunst.at\/survivalshop\/shop\/tactical-foodpack-mre-reiscurry-mit-haehnchen-100g\/\" \/>\n<meta property=\"og:locale\" content=\"de_DE\" \/>\n<meta property=\"og:type\" content=\"article\" \/>\n<meta property=\"og:title\" content=\"Tactical Foodpack MRE-Reiscurry mit H\u00e4hnchen 100g Reini\u00b4s Empfehlung\" \/>\n<meta property=\"og:description\" content=\"Schnelle und einfache Zubereitung machen dieses cremige Reiscurry mit H\u00e4hnchen zur idealen Mahlzeit aller Outdoor-Fans.\" \/>\n<meta property=\"og:url\" content=\"https:\/\/ueberlebenskunst.at\/survivalshop\/shop\/tactical-foodpack-mre-reiscurry-mit-haehnchen-100g\/\" \/>\n<meta property=\"og:site_name\" content=\"Reini Rossmann - Survival Shop\" \/>\n<meta property=\"article:publisher\" content=\"https:\/\/www.facebook.com\/survival24.org\/\" \/>\n<meta property=\"article:modified_time\" content=\"2024-03-20T18:13:20+00:00\" \/>\n<meta property=\"og:image\" content=\"https:\/\/ueberlebenskunst.at\/survivalshop\/wp-content\/uploads\/2021\/02\/Curry-Chicken-and-Rice.jpg\" \/>\n\t<meta property=\"og:image:width\" content=\"1068\" \/>\n\t<meta property=\"og:image:height\" content=\"876\" \/>\n\t<meta property=\"og:image:type\" content=\"image\/jpeg\" \/>\n<meta name=\"twitter:card\" content=\"summary_large_image\" \/>\n<meta name=\"twitter:label1\" content=\"Gesch\u00e4tzte Lesezeit\" \/>\n\t<meta name=\"twitter:data1\" content=\"1\u00a0Minute\" \/>\n<script type=\"application\/ld+json\" class=\"yoast-schema-graph\">{\"@context\":\"https:\/\/schema.org\",\"@graph\":[{\"@type\":\"WebPage\",\"@id\":\"https:\/\/ueberlebenskunst.at\/survivalshop\/shop\/tactical-foodpack-mre-reiscurry-mit-haehnchen-100g\/\",\"url\":\"https:\/\/ueberlebenskunst.at\/survivalshop\/shop\/tactical-foodpack-mre-reiscurry-mit-haehnchen-100g\/\",\"name\":\"Tactical Foodpack MRE-Reiscurry mit H\u00e4hnchen 100g Reini\u00b4s Empfehlung\",\"isPartOf\":{\"@id\":\"https:\/\/ueberlebenskunst.at\/survivalshop\/#website\"},\"primaryImageOfPage\":{\"@id\":\"https:\/\/ueberlebenskunst.at\/survivalshop\/shop\/tactical-foodpack-mre-reiscurry-mit-haehnchen-100g\/#primaryimage\"},\"image\":{\"@id\":\"https:\/\/ueberlebenskunst.at\/survivalshop\/shop\/tactical-foodpack-mre-reiscurry-mit-haehnchen-100g\/#primaryimage\"},\"thumbnailUrl\":\"https:\/\/ueberlebenskunst.at\/survivalshop\/wp-content\/uploads\/2021\/02\/Curry-Chicken-and-Rice.jpg\",\"datePublished\":\"2021-02-08T17:05:44+00:00\",\"dateModified\":\"2024-03-20T18:13:20+00:00\",\"description\":\"Schnelle und einfache Zubereitung machen dieses cremige Reiscurry mit H\u00e4hnchen zur idealen Mahlzeit aller Outdoor-Fans.\",\"breadcrumb\":{\"@id\":\"https:\/\/ueberlebenskunst.at\/survivalshop\/shop\/tactical-foodpack-mre-reiscurry-mit-haehnchen-100g\/#breadcrumb\"},\"inLanguage\":\"de\",\"potentialAction\":[{\"@type\":\"ReadAction\",\"target\":[\"https:\/\/ueberlebenskunst.at\/survivalshop\/shop\/tactical-foodpack-mre-reiscurry-mit-haehnchen-100g\/\"]}]},{\"@type\":\"ImageObject\",\"inLanguage\":\"de\",\"@id\":\"https:\/\/ueberlebenskunst.at\/survivalshop\/shop\/tactical-foodpack-mre-reiscurry-mit-haehnchen-100g\/#primaryimage\",\"url\":\"https:\/\/ueberlebenskunst.at\/survivalshop\/wp-content\/uploads\/2021\/02\/Curry-Chicken-and-Rice.jpg\",\"contentUrl\":\"https:\/\/ueberlebenskunst.at\/survivalshop\/wp-content\/uploads\/2021\/02\/Curry-Chicken-and-Rice.jpg\",\"width\":1068,\"height\":876},{\"@type\":\"BreadcrumbList\",\"@id\":\"https:\/\/ueberlebenskunst.at\/survivalshop\/shop\/tactical-foodpack-mre-reiscurry-mit-haehnchen-100g\/#breadcrumb\",\"itemListElement\":[{\"@type\":\"ListItem\",\"position\":1,\"name\":\"Startseite\",\"item\":\"https:\/\/ueberlebenskunst.at\/survivalshop\/\"},{\"@type\":\"ListItem\",\"position\":2,\"name\":\"Shop\",\"item\":\"https:\/\/ueberlebenskunst.at\/survivalshop\/shop\/\"},{\"@type\":\"ListItem\",\"position\":3,\"name\":\"Tactical Foodpack MRE-Reiscurry mit H\u00e4hnchen 100g\"}]},{\"@type\":\"WebSite\",\"@id\":\"https:\/\/ueberlebenskunst.at\/survivalshop\/#website\",\"url\":\"https:\/\/ueberlebenskunst.at\/survivalshop\/\",\"name\":\"Reini Rossmann - Survival Shop\",\"description\":\"Survival Shop f\u00fcr Survival, Bushcraft und Prepper\",\"potentialAction\":[{\"@type\":\"SearchAction\",\"target\":{\"@type\":\"EntryPoint\",\"urlTemplate\":\"https:\/\/ueberlebenskunst.at\/survivalshop\/?s={search_term_string}\"},\"query-input\":{\"@type\":\"PropertyValueSpecification\",\"valueRequired\":true,\"valueName\":\"search_term_string\"}}],\"inLanguage\":\"de\"}]}<\/script>\n<!-- \/ Yoast SEO plugin. -->","yoast_head_json":{"title":"Tactical Foodpack MRE-Reiscurry mit H\u00e4hnchen 100g Reini\u00b4s Empfehlung","description":"Schnelle und einfache Zubereitung machen dieses cremige Reiscurry mit H\u00e4hnchen zur idealen Mahlzeit aller Outdoor-Fans.","robots":{"index":"index","follow":"follow","max-snippet":"max-snippet:-1","max-image-preview":"max-image-preview:large","max-video-preview":"max-video-preview:-1"},"canonical":"https:\/\/ueberlebenskunst.at\/survivalshop\/shop\/tactical-foodpack-mre-reiscurry-mit-haehnchen-100g\/","og_locale":"de_DE","og_type":"article","og_title":"Tactical Foodpack MRE-Reiscurry mit H\u00e4hnchen 100g Reini\u00b4s Empfehlung","og_description":"Schnelle und einfache Zubereitung machen dieses cremige Reiscurry mit H\u00e4hnchen zur idealen Mahlzeit aller Outdoor-Fans.","og_url":"https:\/\/ueberlebenskunst.at\/survivalshop\/shop\/tactical-foodpack-mre-reiscurry-mit-haehnchen-100g\/","og_site_name":"Reini Rossmann - Survival Shop","article_publisher":"https:\/\/www.facebook.com\/survival24.org\/","article_modified_time":"2024-03-20T18:13:20+00:00","og_image":[{"width":1068,"height":876,"url":"https:\/\/ueberlebenskunst.at\/survivalshop\/wp-content\/uploads\/2021\/02\/Curry-Chicken-and-Rice.jpg","type":"image\/jpeg"}],"twitter_card":"summary_large_image","twitter_misc":{"Gesch\u00e4tzte Lesezeit":"1\u00a0Minute"},"schema":{"@context":"https:\/\/schema.org","@graph":[{"@type":"WebPage","@id":"https:\/\/ueberlebenskunst.at\/survivalshop\/shop\/tactical-foodpack-mre-reiscurry-mit-haehnchen-100g\/","url":"https:\/\/ueberlebenskunst.at\/survivalshop\/shop\/tactical-foodpack-mre-reiscurry-mit-haehnchen-100g\/","name":"Tactical Foodpack MRE-Reiscurry mit H\u00e4hnchen 100g Reini\u00b4s Empfehlung","isPartOf":{"@id":"https:\/\/ueberlebenskunst.at\/survivalshop\/#website"},"primaryImageOfPage":{"@id":"https:\/\/ueberlebenskunst.at\/survivalshop\/shop\/tactical-foodpack-mre-reiscurry-mit-haehnchen-100g\/#primaryimage"},"image":{"@id":"https:\/\/ueberlebenskunst.at\/survivalshop\/shop\/tactical-foodpack-mre-reiscurry-mit-haehnchen-100g\/#primaryimage"},"thumbnailUrl":"https:\/\/ueberlebenskunst.at\/survivalshop\/wp-content\/uploads\/2021\/02\/Curry-Chicken-and-Rice.jpg","datePublished":"2021-02-08T17:05:44+00:00","dateModified":"2024-03-20T18:13:20+00:00","description":"Schnelle und einfache Zubereitung machen dieses cremige Reiscurry mit H\u00e4hnchen zur idealen Mahlzeit aller Outdoor-Fans.","breadcrumb":{"@id":"https:\/\/ueberlebenskunst.at\/survivalshop\/shop\/tactical-foodpack-mre-reiscurry-mit-haehnchen-100g\/#breadcrumb"},"inLanguage":"de","potentialAction":[{"@type":"ReadAction","target":["https:\/\/ueberlebenskunst.at\/survivalshop\/shop\/tactical-foodpack-mre-reiscurry-mit-haehnchen-100g\/"]}]},{"@type":"ImageObject","inLanguage":"de","@id":"https:\/\/ueberlebenskunst.at\/survivalshop\/shop\/tactical-foodpack-mre-reiscurry-mit-haehnchen-100g\/#primaryimage","url":"https:\/\/ueberlebenskunst.at\/survivalshop\/wp-content\/uploads\/2021\/02\/Curry-Chicken-and-Rice.jpg","contentUrl":"https:\/\/ueberlebenskunst.at\/survivalshop\/wp-content\/uploads\/2021\/02\/Curry-Chicken-and-Rice.jpg","width":1068,"height":876},{"@type":"BreadcrumbList","@id":"https:\/\/ueberlebenskunst.at\/survivalshop\/shop\/tactical-foodpack-mre-reiscurry-mit-haehnchen-100g\/#breadcrumb","itemListElement":[{"@type":"ListItem","position":1,"name":"Startseite","item":"https:\/\/ueberlebenskunst.at\/survivalshop\/"},{"@type":"ListItem","position":2,"name":"Shop","item":"https:\/\/ueberlebenskunst.at\/survivalshop\/shop\/"},{"@type":"ListItem","position":3,"name":"Tactical Foodpack MRE-Reiscurry mit H\u00e4hnchen 100g"}]},{"@type":"WebSite","@id":"https:\/\/ueberlebenskunst.at\/survivalshop\/#website","url":"https:\/\/ueberlebenskunst.at\/survivalshop\/","name":"Reini Rossmann - Survival Shop","description":"Survival Shop f\u00fcr Survival, Bushcraft und Prepper","potentialAction":[{"@type":"SearchAction","target":{"@type":"EntryPoint","urlTemplate":"https:\/\/ueberlebenskunst.at\/survivalshop\/?s={search_term_string}"},"query-input":{"@type":"PropertyValueSpecification","valueRequired":true,"valueName":"search_term_string"}}],"inLanguage":"de"}]}},"_links":{"self":[{"href":"https:\/\/ueberlebenskunst.at\/survivalshop\/wp-json\/wp\/v2\/product\/22624","targetHints":{"allow":["GET"]}}],"collection":[{"href":"https:\/\/ueberlebenskunst.at\/survivalshop\/wp-json\/wp\/v2\/product"}],"about":[{"href":"https:\/\/ueberlebenskunst.at\/survivalshop\/wp-json\/wp\/v2\/types\/product"}],"replies":[{"embeddable":true,"href":"https:\/\/ueberlebenskunst.at\/survivalshop\/wp-json\/wp\/v2\/comments?post=22624"}],"wp:featuredmedia":[{"embeddable":true,"href":"https:\/\/ueberlebenskunst.at\/survivalshop\/wp-json\/wp\/v2\/media\/22476"}],"wp:attachment":[{"href":"https:\/\/ueberlebenskunst.at\/survivalshop\/wp-json\/wp\/v2\/media?parent=22624"}],"wp:term":[{"taxonomy":"product_brand","embeddable":true,"href":"https:\/\/ueberlebenskunst.at\/survivalshop\/wp-json\/wp\/v2\/product_brand?post=22624"},{"taxonomy":"product_cat","embeddable":true,"href":"https:\/\/ueberlebenskunst.at\/survivalshop\/wp-json\/wp\/v2\/product_cat?post=22624"},{"taxonomy":"product_tag","embeddable":true,"href":"https:\/\/ueberlebenskunst.at\/survivalshop\/wp-json\/wp\/v2\/product_tag?post=22624"}],"curies":[{"name":"wp","href":"https:\/\/api.w.org\/{rel}","templated":true}]}}