{"id":21514,"date":"2021-02-10T16:22:53","date_gmt":"2021-02-10T14:22:53","guid":{"rendered":"https:\/\/ueberlebenskunst.at\/survivalshop\/survivalshop\/?post_type=product&#038;p=21514"},"modified":"2025-05-27T16:14:05","modified_gmt":"2025-05-27T14:14:05","slug":"tt-first-aid-mini","status":"seo-produkt","type":"product","link":"https:\/\/ueberlebenskunst.at\/survivalshop\/shop\/tt-first-aid-mini\/","title":{"rendered":"TT First Aid Mini"},"content":{"rendered":"<p>Das kleine praktische TT First Aid Mini &#8211; Erste Hilfe Set, mit praktischem Handgriff und umflaufenden Rei\u00dfverschluss, hat auf der Front eine Flausch-Klettfl\u00e4che und auf der R\u00fcckseite Hypalon-Schlaufen zur Befestigung am G\u00fcrtel (horizontal und vertikal m\u00f6glich).<\/p>\n<p>Im unterteilten Hauptfach des TT First Aid Mini befinden sich:<\/p>\n<ul>\n<li>1Stk Verbandp\u00e4ckchen klein als nichthaftende Kompresse<\/li>\n<li>2Stk elastische Wundpflaster 10 x 6 cm<\/li>\n<li>5Stk Pflaster 7,2 x 2,5 cm<\/li>\n<li>1 Pflasterrolle 5 m x 2,5 cm<\/li>\n<li>1Stk Zeckenzange<\/li>\n<\/ul>\n<h3>Technische Daten:<\/h3>\n<ul>\n<li>Abmessungen: 10cm x 7cm x 4cm<\/li>\n<li>Gesamtgewicht: 120g<\/li>\n<li>Material: 420 HD Nylon<\/li>\n<\/ul>\n","protected":false},"excerpt":{"rendered":"<p>Das kleine praktische TT First Aid Mini &#8211; Erste Hilfe Set, mit praktischem Handgriff und umflaufenden Rei\u00dfverschluss, hat auf der Front eine Flausch-Klettfl\u00e4che und auf der R\u00fcckseite Hypalon-Schlaufen zur Befestigung am G\u00fcrtel (horizontal und vertikal m\u00f6glich). Im unterteilten Hauptfach des TT First Aid Mini befinden sich: 1Stk Verbandp\u00e4ckchen klein als nichthaftende Kompresse 2Stk elastische Wundpflaster [&hellip;]<\/p>\n","protected":false},"featured_media":21516,"comment_status":"open","ping_status":"closed","template":"","meta":{"_acf_changed":false},"product_brand":[],"product_cat":[426],"product_tag":[644,307],"class_list":{"0":"post-21514","1":"product","2":"type-product","3":"status-seo-produkt","4":"has-post-thumbnail","6":"product_cat-unkategorisiert","7":"product_tag-molle","8":"product_tag-tasmanien-tiger-first-aid","9":"pa_farbe-black","10":"pa_farbe-olive","12":"first","13":"outofstock","14":"taxable","15":"shipping-taxable","16":"product-type-variable","17":"has-default-attributes"},"acf":[],"yoast_head":"<!-- This site is optimized with the Yoast SEO plugin v27.1.1 - https:\/\/yoast.com\/product\/yoast-seo-wordpress\/ -->\n<title>TT First Aid Mini - Reini Rossmann - Survival Shop<\/title>\n<meta name=\"robots\" content=\"index, follow, max-snippet:-1, max-image-preview:large, max-video-preview:-1\" \/>\n<link rel=\"canonical\" href=\"https:\/\/ueberlebenskunst.at\/survivalshop\/shop\/tt-first-aid-mini\/\" \/>\n<meta property=\"og:locale\" content=\"de_DE\" \/>\n<meta property=\"og:type\" content=\"article\" \/>\n<meta property=\"og:title\" content=\"TT First Aid Mini - Reini Rossmann - Survival Shop\" \/>\n<meta property=\"og:description\" content=\"Das kleine praktische TT First Aid Mini &#8211; Erste Hilfe Set, mit praktischem Handgriff und umflaufenden Rei\u00dfverschluss, hat auf der Front eine Flausch-Klettfl\u00e4che und auf der R\u00fcckseite Hypalon-Schlaufen zur Befestigung am G\u00fcrtel (horizontal und vertikal m\u00f6glich). Im unterteilten Hauptfach des TT First Aid Mini befinden sich: 1Stk Verbandp\u00e4ckchen klein als nichthaftende Kompresse 2Stk elastische Wundpflaster [&hellip;]\" \/>\n<meta property=\"og:url\" content=\"https:\/\/ueberlebenskunst.at\/survivalshop\/shop\/tt-first-aid-mini\/\" \/>\n<meta property=\"og:site_name\" content=\"Reini Rossmann - Survival Shop\" \/>\n<meta property=\"article:publisher\" content=\"https:\/\/www.facebook.com\/survival24.org\/\" \/>\n<meta property=\"article:modified_time\" content=\"2025-05-27T14:14:05+00:00\" \/>\n<meta property=\"og:image\" content=\"https:\/\/ueberlebenskunst.at\/survivalshop\/wp-content\/uploads\/2021\/01\/7301331a.jpg\" \/>\n\t<meta property=\"og:image:width\" content=\"500\" \/>\n\t<meta property=\"og:image:height\" content=\"500\" \/>\n\t<meta property=\"og:image:type\" content=\"image\/jpeg\" \/>\n<meta name=\"twitter:card\" content=\"summary_large_image\" \/>\n<meta name=\"twitter:label1\" content=\"Gesch\u00e4tzte Lesezeit\" \/>\n\t<meta name=\"twitter:data1\" content=\"1\u00a0Minute\" \/>\n<script type=\"application\/ld+json\" class=\"yoast-schema-graph\">{\"@context\":\"https:\/\/schema.org\",\"@graph\":[{\"@type\":\"WebPage\",\"@id\":\"https:\/\/ueberlebenskunst.at\/survivalshop\/shop\/tt-first-aid-mini\/\",\"url\":\"https:\/\/ueberlebenskunst.at\/survivalshop\/shop\/tt-first-aid-mini\/\",\"name\":\"TT First Aid Mini - Reini Rossmann - Survival Shop\",\"isPartOf\":{\"@id\":\"https:\/\/ueberlebenskunst.at\/survivalshop\/#website\"},\"primaryImageOfPage\":{\"@id\":\"https:\/\/ueberlebenskunst.at\/survivalshop\/shop\/tt-first-aid-mini\/#primaryimage\"},\"image\":{\"@id\":\"https:\/\/ueberlebenskunst.at\/survivalshop\/shop\/tt-first-aid-mini\/#primaryimage\"},\"thumbnailUrl\":\"https:\/\/ueberlebenskunst.at\/survivalshop\/wp-content\/uploads\/2021\/01\/7301331a.jpg\",\"datePublished\":\"2021-02-10T14:22:53+00:00\",\"dateModified\":\"2025-05-27T14:14:05+00:00\",\"breadcrumb\":{\"@id\":\"https:\/\/ueberlebenskunst.at\/survivalshop\/shop\/tt-first-aid-mini\/#breadcrumb\"},\"inLanguage\":\"de\",\"potentialAction\":[{\"@type\":\"ReadAction\",\"target\":[\"https:\/\/ueberlebenskunst.at\/survivalshop\/shop\/tt-first-aid-mini\/\"]}]},{\"@type\":\"ImageObject\",\"inLanguage\":\"de\",\"@id\":\"https:\/\/ueberlebenskunst.at\/survivalshop\/shop\/tt-first-aid-mini\/#primaryimage\",\"url\":\"https:\/\/ueberlebenskunst.at\/survivalshop\/wp-content\/uploads\/2021\/01\/7301331a.jpg\",\"contentUrl\":\"https:\/\/ueberlebenskunst.at\/survivalshop\/wp-content\/uploads\/2021\/01\/7301331a.jpg\",\"width\":500,\"height\":500},{\"@type\":\"BreadcrumbList\",\"@id\":\"https:\/\/ueberlebenskunst.at\/survivalshop\/shop\/tt-first-aid-mini\/#breadcrumb\",\"itemListElement\":[{\"@type\":\"ListItem\",\"position\":1,\"name\":\"Startseite\",\"item\":\"https:\/\/ueberlebenskunst.at\/survivalshop\/\"},{\"@type\":\"ListItem\",\"position\":2,\"name\":\"Shop\",\"item\":\"https:\/\/ueberlebenskunst.at\/survivalshop\/shop\/\"},{\"@type\":\"ListItem\",\"position\":3,\"name\":\"TT First Aid Mini\"}]},{\"@type\":\"WebSite\",\"@id\":\"https:\/\/ueberlebenskunst.at\/survivalshop\/#website\",\"url\":\"https:\/\/ueberlebenskunst.at\/survivalshop\/\",\"name\":\"Reini Rossmann - Survival Shop\",\"description\":\"Survival Shop f\u00fcr Survival, Bushcraft und Prepper\",\"potentialAction\":[{\"@type\":\"SearchAction\",\"target\":{\"@type\":\"EntryPoint\",\"urlTemplate\":\"https:\/\/ueberlebenskunst.at\/survivalshop\/?s={search_term_string}\"},\"query-input\":{\"@type\":\"PropertyValueSpecification\",\"valueRequired\":true,\"valueName\":\"search_term_string\"}}],\"inLanguage\":\"de\"}]}<\/script>\n<!-- \/ Yoast SEO plugin. -->","yoast_head_json":{"title":"TT First Aid Mini - Reini Rossmann - Survival Shop","robots":{"index":"index","follow":"follow","max-snippet":"max-snippet:-1","max-image-preview":"max-image-preview:large","max-video-preview":"max-video-preview:-1"},"canonical":"https:\/\/ueberlebenskunst.at\/survivalshop\/shop\/tt-first-aid-mini\/","og_locale":"de_DE","og_type":"article","og_title":"TT First Aid Mini - Reini Rossmann - Survival Shop","og_description":"Das kleine praktische TT First Aid Mini &#8211; Erste Hilfe Set, mit praktischem Handgriff und umflaufenden Rei\u00dfverschluss, hat auf der Front eine Flausch-Klettfl\u00e4che und auf der R\u00fcckseite Hypalon-Schlaufen zur Befestigung am G\u00fcrtel (horizontal und vertikal m\u00f6glich). Im unterteilten Hauptfach des TT First Aid Mini befinden sich: 1Stk Verbandp\u00e4ckchen klein als nichthaftende Kompresse 2Stk elastische Wundpflaster [&hellip;]","og_url":"https:\/\/ueberlebenskunst.at\/survivalshop\/shop\/tt-first-aid-mini\/","og_site_name":"Reini Rossmann - Survival Shop","article_publisher":"https:\/\/www.facebook.com\/survival24.org\/","article_modified_time":"2025-05-27T14:14:05+00:00","og_image":[{"width":500,"height":500,"url":"https:\/\/ueberlebenskunst.at\/survivalshop\/wp-content\/uploads\/2021\/01\/7301331a.jpg","type":"image\/jpeg"}],"twitter_card":"summary_large_image","twitter_misc":{"Gesch\u00e4tzte Lesezeit":"1\u00a0Minute"},"schema":{"@context":"https:\/\/schema.org","@graph":[{"@type":"WebPage","@id":"https:\/\/ueberlebenskunst.at\/survivalshop\/shop\/tt-first-aid-mini\/","url":"https:\/\/ueberlebenskunst.at\/survivalshop\/shop\/tt-first-aid-mini\/","name":"TT First Aid Mini - Reini Rossmann - Survival Shop","isPartOf":{"@id":"https:\/\/ueberlebenskunst.at\/survivalshop\/#website"},"primaryImageOfPage":{"@id":"https:\/\/ueberlebenskunst.at\/survivalshop\/shop\/tt-first-aid-mini\/#primaryimage"},"image":{"@id":"https:\/\/ueberlebenskunst.at\/survivalshop\/shop\/tt-first-aid-mini\/#primaryimage"},"thumbnailUrl":"https:\/\/ueberlebenskunst.at\/survivalshop\/wp-content\/uploads\/2021\/01\/7301331a.jpg","datePublished":"2021-02-10T14:22:53+00:00","dateModified":"2025-05-27T14:14:05+00:00","breadcrumb":{"@id":"https:\/\/ueberlebenskunst.at\/survivalshop\/shop\/tt-first-aid-mini\/#breadcrumb"},"inLanguage":"de","potentialAction":[{"@type":"ReadAction","target":["https:\/\/ueberlebenskunst.at\/survivalshop\/shop\/tt-first-aid-mini\/"]}]},{"@type":"ImageObject","inLanguage":"de","@id":"https:\/\/ueberlebenskunst.at\/survivalshop\/shop\/tt-first-aid-mini\/#primaryimage","url":"https:\/\/ueberlebenskunst.at\/survivalshop\/wp-content\/uploads\/2021\/01\/7301331a.jpg","contentUrl":"https:\/\/ueberlebenskunst.at\/survivalshop\/wp-content\/uploads\/2021\/01\/7301331a.jpg","width":500,"height":500},{"@type":"BreadcrumbList","@id":"https:\/\/ueberlebenskunst.at\/survivalshop\/shop\/tt-first-aid-mini\/#breadcrumb","itemListElement":[{"@type":"ListItem","position":1,"name":"Startseite","item":"https:\/\/ueberlebenskunst.at\/survivalshop\/"},{"@type":"ListItem","position":2,"name":"Shop","item":"https:\/\/ueberlebenskunst.at\/survivalshop\/shop\/"},{"@type":"ListItem","position":3,"name":"TT First Aid Mini"}]},{"@type":"WebSite","@id":"https:\/\/ueberlebenskunst.at\/survivalshop\/#website","url":"https:\/\/ueberlebenskunst.at\/survivalshop\/","name":"Reini Rossmann - Survival Shop","description":"Survival Shop f\u00fcr Survival, Bushcraft und Prepper","potentialAction":[{"@type":"SearchAction","target":{"@type":"EntryPoint","urlTemplate":"https:\/\/ueberlebenskunst.at\/survivalshop\/?s={search_term_string}"},"query-input":{"@type":"PropertyValueSpecification","valueRequired":true,"valueName":"search_term_string"}}],"inLanguage":"de"}]}},"_links":{"self":[{"href":"https:\/\/ueberlebenskunst.at\/survivalshop\/wp-json\/wp\/v2\/product\/21514","targetHints":{"allow":["GET"]}}],"collection":[{"href":"https:\/\/ueberlebenskunst.at\/survivalshop\/wp-json\/wp\/v2\/product"}],"about":[{"href":"https:\/\/ueberlebenskunst.at\/survivalshop\/wp-json\/wp\/v2\/types\/product"}],"replies":[{"embeddable":true,"href":"https:\/\/ueberlebenskunst.at\/survivalshop\/wp-json\/wp\/v2\/comments?post=21514"}],"wp:featuredmedia":[{"embeddable":true,"href":"https:\/\/ueberlebenskunst.at\/survivalshop\/wp-json\/wp\/v2\/media\/21516"}],"wp:attachment":[{"href":"https:\/\/ueberlebenskunst.at\/survivalshop\/wp-json\/wp\/v2\/media?parent=21514"}],"wp:term":[{"taxonomy":"product_brand","embeddable":true,"href":"https:\/\/ueberlebenskunst.at\/survivalshop\/wp-json\/wp\/v2\/product_brand?post=21514"},{"taxonomy":"product_cat","embeddable":true,"href":"https:\/\/ueberlebenskunst.at\/survivalshop\/wp-json\/wp\/v2\/product_cat?post=21514"},{"taxonomy":"product_tag","embeddable":true,"href":"https:\/\/ueberlebenskunst.at\/survivalshop\/wp-json\/wp\/v2\/product_tag?post=21514"}],"curies":[{"name":"wp","href":"https:\/\/api.w.org\/{rel}","templated":true}]}}