{"id":21395,"date":"2021-01-13T17:52:17","date_gmt":"2021-01-13T15:52:17","guid":{"rendered":"https:\/\/ueberlebenskunst.at\/survivalshop\/survivalshop\/?post_type=product&#038;p=21395"},"modified":"2024-03-20T19:25:59","modified_gmt":"2024-03-20T18:25:59","slug":"steambow-fenris-schnellschuss-bogen-system","status":"seo-produkt","type":"product","link":"https:\/\/ueberlebenskunst.at\/survivalshop\/shop\/steambow-fenris-schnellschuss-bogen-system\/","title":{"rendered":"Fenris Schnellschuss Bogen System"},"content":{"rendered":"<p>Das Fenris Schnellschuss Bogen System von Steambow definiert Bogenschie\u00dfen ganz neu.<\/p>\n<h3>5-Schuss-Magazin-only<\/h3>\n<p><strong> Lieferumfang und Informationen:<\/strong><\/p>\n<p>Dieses Paket ist so zusammengestellt, dass Du mit deinem eigenen Compoundbogen loslegen kannst.<br \/>\nDas CNC-gefr\u00e4ste Magazin &#8220;Made in Austria&#8221; verf\u00fcgt \u00fcber eine Magazinkapazit\u00e4t von 5 Pfeilen.<br \/>\nPassend f\u00fcr die meisten modernen B\u00f6gen. Bei Fragen ob Dein Bogen passend ist, wende dich an reini@ueberlebenskunst.at<\/p>\n<p>Ohne viel Trainingsaufwand erreicht jeder Sch\u00fctze in k\u00fcrzester Zeit eine hohe Zielgenauigkeit und Treffsicherheit sowie eine unglaublich schnelle Schussfolge.<br \/>\nDas Magazin l\u00e4sst sich f\u00fcr den Transport rasch abnehmen. In diesem Paket ist <strong>KEIN Bogen<\/strong> enthalten!<\/p>\n<p>Im Lieferumfang sind das Magazin und Kleinteile (Schrauben) enthalten, jedoch kein Montageschl\u00fcssel.<br \/>\nEinfach am eigenen Bogen montieren und loslegen.<br \/>\nSofort lieferbar! Aber stark begrenzte St\u00fcckzahl.<\/p>\n<p>&nbsp;<\/p>\n<h3>Fenris Komplettpaket<\/h3>\n<p>Zus\u00e4tzlich zum Lieferumfang wie bei &#8220;5-Schuss-Magazin-only&#8221; kommt ein <strong>passender<\/strong> Compound Bogen Marke Steambow zur Lieferung hinzu.<\/p>\n<ul>\n<li>Compound Bogen (Marke Steambow)<\/li>\n<li>Einstellbar: 19 bis 70 lbs<\/li>\n<li>Auszugsl\u00e4nge: 19&#8243; bis 30&#8243;<\/li>\n<li>Eigengewicht: 1,4 kg<\/li>\n<li>Gr\u00f6\u00dfe Achse zu Achse: 28&#8243;<\/li>\n<li>let off: 80%<\/li>\n<li>Speed: 320 fps bei maximalem Zuggewicht<\/li>\n<\/ul>\n<p>Achtung: Stark begrenzte St\u00fcckzahl!<\/p>\n<p><span style=\"color: #ff0000;\"><strong>WICHTIG!<\/strong><\/span> Verkauf kann erst ab 18 Jahren erfolgen. Bitte lade deine Ausweiskopie beim Bestellabschluss hoch.<\/p>\n<h3>Was ist das Besondere an dem System?<\/h3>\n<p>Du kannst schnell schie\u00dfen, brauchst wenig Vorkenntnisse und Training. Zudem ist das System vorgeladen. Du kannst es ganz sicher aufbewahren und kurzfristig einsetzen.<\/p>\n<h3>Ist eine Sicherung eingebaut?<\/h3>\n<p>Nein, denn das Fenris-Schnell-Schuss-Bogensystem ist ungespannt absolut ungef\u00e4hrlich.<\/p>\n<h3>Kann das Magazin an jeden Compound Bogen montiert werden?<\/h3>\n<p>Zu 99% ja. Wenn du unsicher bist, dann melde dich per Mail unter reini@ueberlebenskunst.at bei mir.<\/p>\n<h3>Wird das Fenris System registriert?<\/h3>\n<p>Nein, wieso auch. Das ist ein Sportger\u00e4t&#8230;<\/p>\n<h3>Ist das Fenris System in Deutschland erlaubt?<\/h3>\n<p>Ja, es braucht keine besondere Erlaubnis oder Registrierung. Du musst nur \u00fcber 18 Jahre sein.<\/p>\n<h3>Sind im Lieferumfang Pfeile dabei?<\/h3>\n<p>Ja, es sind in beiden Paketen jeweils 5 passende Pfeile dabei. Es gibt aber weitere als Zubeh\u00f6r (<a href=\"https:\/\/ueberlebenskunst.at\/survivalshop\/shop\/fenris-carbonpfeile\/\" target=\"_blank\" rel=\"noopener noreferrer\">hier klicken<\/a>)<\/p>\n<h3>Gibt es einen Ziellaser?<\/h3>\n<p>Ja, der ist als optionales Zubeh\u00f6r erh\u00e4ltlich. Auch in Deutschland \ud83d\ude42<br \/>\nDu kannst hier im Shop bestellen (<a href=\"https:\/\/ueberlebenskunst.at\/survivalshop\/shop\/fenris-laserzielvisier\/\" target=\"_blank\" rel=\"noopener noreferrer\">hier klicken<\/a>).<\/p>\n<h3>Ist der Ziellaser sicher in Deutschland erlaubt?<\/h3>\n<p>Ja, der optionale <a href=\"https:\/\/ueberlebenskunst.at\/survivalshop\/shop\/fenris-laserzielvisier\/\" target=\"_blank\" rel=\"noopener noreferrer\">Ziellaser<\/a> f\u00fcr die Fenris ist 100% in Deutschland erlaubt.<\/p>\n<h3>Sind Broadheads m\u00f6glich?<\/h3>\n<p>Ja, die passenden Jagdspitzen sind ohne Probleme montierbar, z.B. <a href=\"https:\/\/ueberlebenskunst.at\/survivalshop\/shop\/fenris-jagdspitzen-wolf-fangs-set-aus-3-stueck\/\" target=\"_blank\" rel=\"noopener noreferrer\">Fang<\/a> oder <a href=\"https:\/\/ueberlebenskunst.at\/survivalshop\/shop\/fenris-bodkin-tips-set-aus-3-stueck\/\" target=\"_blank\" rel=\"noopener noreferrer\">Bodkins.<\/a><\/p>\n<h3>Welche Zielscheibe kannst du empfehlen?<\/h3>\n<p>Ich empfehle unsere <a href=\"https:\/\/ueberlebenskunst.at\/survivalshop\/shop\/stronghold-schaumscheibe\/\" target=\"_blank\" rel=\"noopener noreferrer\">Schaumstoff-Ziele<\/a> \ud83d\ude42<\/p>\n","protected":false},"excerpt":{"rendered":"<p>Das Fenris Schnellschuss Bogen System von Steambow definiert Bogenschie\u00dfen ganz neu. 5-Schuss-Magazin-only Lieferumfang und Informationen: Dieses Paket ist so zusammengestellt, dass Du mit deinem eigenen Compoundbogen loslegen kannst. Das CNC-gefr\u00e4ste Magazin &#8220;Made in Austria&#8221; verf\u00fcgt \u00fcber eine Magazinkapazit\u00e4t von 5 Pfeilen. Passend f\u00fcr die meisten modernen B\u00f6gen. Bei Fragen ob Dein Bogen passend ist, wende [&hellip;]<\/p>\n","protected":false},"featured_media":21652,"comment_status":"open","ping_status":"closed","template":"","meta":{"_acf_changed":false},"product_brand":[],"product_cat":[1891],"product_tag":[657],"class_list":{"0":"post-21395","1":"product","2":"type-product","3":"status-seo-produkt","4":"has-post-thumbnail","6":"product_cat-pfeil-kugel","7":"product_tag-fenris","8":"pa_platform-5-schuss-magazin-only","9":"pa_platform-fenris-komplett-paket","11":"first","12":"outofstock","13":"sale","14":"taxable","15":"shipping-taxable","16":"product-type-variable","17":"has-default-attributes"},"acf":[],"yoast_head":"<!-- This site is optimized with the Yoast SEO plugin v27.1.1 - https:\/\/yoast.com\/product\/yoast-seo-wordpress\/ -->\n<title>Fenris Schnellschuss Bogen System<\/title>\n<meta name=\"description\" content=\"Das Fenris Schnellschuss Bogen System von Steambow definiert Bogenschie\u00dfen ganz neu.\" \/>\n<meta name=\"robots\" content=\"index, follow, max-snippet:-1, max-image-preview:large, max-video-preview:-1\" \/>\n<link rel=\"canonical\" href=\"https:\/\/ueberlebenskunst.at\/survivalshop\/shop\/steambow-fenris-schnellschuss-bogen-system\/\" \/>\n<meta property=\"og:locale\" content=\"de_DE\" \/>\n<meta property=\"og:type\" content=\"article\" \/>\n<meta property=\"og:title\" content=\"Fenris Schnellschuss Bogen System\" \/>\n<meta property=\"og:description\" content=\"Das Fenris Schnellschuss Bogen System von Steambow definiert Bogenschie\u00dfen ganz neu.\" \/>\n<meta property=\"og:url\" content=\"https:\/\/ueberlebenskunst.at\/survivalshop\/shop\/steambow-fenris-schnellschuss-bogen-system\/\" \/>\n<meta property=\"og:site_name\" content=\"Reini Rossmann - Survival Shop\" \/>\n<meta property=\"article:publisher\" content=\"https:\/\/www.facebook.com\/survival24.org\/\" \/>\n<meta property=\"article:modified_time\" content=\"2024-03-20T18:25:59+00:00\" \/>\n<meta property=\"og:image\" content=\"https:\/\/ueberlebenskunst.at\/survivalshop\/wp-content\/uploads\/2021\/01\/Fenris-Schnellschuss-System.jpg\" \/>\n\t<meta property=\"og:image:width\" content=\"764\" \/>\n\t<meta property=\"og:image:height\" content=\"582\" \/>\n\t<meta property=\"og:image:type\" content=\"image\/jpeg\" \/>\n<meta name=\"twitter:card\" content=\"summary_large_image\" \/>\n<meta name=\"twitter:label1\" content=\"Gesch\u00e4tzte Lesezeit\" \/>\n\t<meta name=\"twitter:data1\" content=\"3\u00a0Minuten\" \/>\n<script type=\"application\/ld+json\" class=\"yoast-schema-graph\">{\"@context\":\"https:\/\/schema.org\",\"@graph\":[{\"@type\":\"WebPage\",\"@id\":\"https:\/\/ueberlebenskunst.at\/survivalshop\/shop\/steambow-fenris-schnellschuss-bogen-system\/\",\"url\":\"https:\/\/ueberlebenskunst.at\/survivalshop\/shop\/steambow-fenris-schnellschuss-bogen-system\/\",\"name\":\"Fenris Schnellschuss Bogen System\",\"isPartOf\":{\"@id\":\"https:\/\/ueberlebenskunst.at\/survivalshop\/#website\"},\"primaryImageOfPage\":{\"@id\":\"https:\/\/ueberlebenskunst.at\/survivalshop\/shop\/steambow-fenris-schnellschuss-bogen-system\/#primaryimage\"},\"image\":{\"@id\":\"https:\/\/ueberlebenskunst.at\/survivalshop\/shop\/steambow-fenris-schnellschuss-bogen-system\/#primaryimage\"},\"thumbnailUrl\":\"https:\/\/ueberlebenskunst.at\/survivalshop\/wp-content\/uploads\/2021\/01\/Fenris-Schnellschuss-System.jpg\",\"datePublished\":\"2021-01-13T15:52:17+00:00\",\"dateModified\":\"2024-03-20T18:25:59+00:00\",\"description\":\"Das Fenris Schnellschuss Bogen System von Steambow definiert Bogenschie\u00dfen ganz neu.\",\"breadcrumb\":{\"@id\":\"https:\/\/ueberlebenskunst.at\/survivalshop\/shop\/steambow-fenris-schnellschuss-bogen-system\/#breadcrumb\"},\"inLanguage\":\"de\",\"potentialAction\":[{\"@type\":\"ReadAction\",\"target\":[\"https:\/\/ueberlebenskunst.at\/survivalshop\/shop\/steambow-fenris-schnellschuss-bogen-system\/\"]}]},{\"@type\":\"ImageObject\",\"inLanguage\":\"de\",\"@id\":\"https:\/\/ueberlebenskunst.at\/survivalshop\/shop\/steambow-fenris-schnellschuss-bogen-system\/#primaryimage\",\"url\":\"https:\/\/ueberlebenskunst.at\/survivalshop\/wp-content\/uploads\/2021\/01\/Fenris-Schnellschuss-System.jpg\",\"contentUrl\":\"https:\/\/ueberlebenskunst.at\/survivalshop\/wp-content\/uploads\/2021\/01\/Fenris-Schnellschuss-System.jpg\",\"width\":764,\"height\":582},{\"@type\":\"BreadcrumbList\",\"@id\":\"https:\/\/ueberlebenskunst.at\/survivalshop\/shop\/steambow-fenris-schnellschuss-bogen-system\/#breadcrumb\",\"itemListElement\":[{\"@type\":\"ListItem\",\"position\":1,\"name\":\"Startseite\",\"item\":\"https:\/\/ueberlebenskunst.at\/survivalshop\/\"},{\"@type\":\"ListItem\",\"position\":2,\"name\":\"Shop\",\"item\":\"https:\/\/ueberlebenskunst.at\/survivalshop\/shop\/\"},{\"@type\":\"ListItem\",\"position\":3,\"name\":\"Fenris Schnellschuss Bogen System\"}]},{\"@type\":\"WebSite\",\"@id\":\"https:\/\/ueberlebenskunst.at\/survivalshop\/#website\",\"url\":\"https:\/\/ueberlebenskunst.at\/survivalshop\/\",\"name\":\"Reini Rossmann - Survival Shop\",\"description\":\"Survival Shop f\u00fcr Survival, Bushcraft und Prepper\",\"potentialAction\":[{\"@type\":\"SearchAction\",\"target\":{\"@type\":\"EntryPoint\",\"urlTemplate\":\"https:\/\/ueberlebenskunst.at\/survivalshop\/?s={search_term_string}\"},\"query-input\":{\"@type\":\"PropertyValueSpecification\",\"valueRequired\":true,\"valueName\":\"search_term_string\"}}],\"inLanguage\":\"de\"}]}<\/script>\n<!-- \/ Yoast SEO plugin. -->","yoast_head_json":{"title":"Fenris Schnellschuss Bogen System","description":"Das Fenris Schnellschuss Bogen System von Steambow definiert Bogenschie\u00dfen ganz neu.","robots":{"index":"index","follow":"follow","max-snippet":"max-snippet:-1","max-image-preview":"max-image-preview:large","max-video-preview":"max-video-preview:-1"},"canonical":"https:\/\/ueberlebenskunst.at\/survivalshop\/shop\/steambow-fenris-schnellschuss-bogen-system\/","og_locale":"de_DE","og_type":"article","og_title":"Fenris Schnellschuss Bogen System","og_description":"Das Fenris Schnellschuss Bogen System von Steambow definiert Bogenschie\u00dfen ganz neu.","og_url":"https:\/\/ueberlebenskunst.at\/survivalshop\/shop\/steambow-fenris-schnellschuss-bogen-system\/","og_site_name":"Reini Rossmann - Survival Shop","article_publisher":"https:\/\/www.facebook.com\/survival24.org\/","article_modified_time":"2024-03-20T18:25:59+00:00","og_image":[{"width":764,"height":582,"url":"https:\/\/ueberlebenskunst.at\/survivalshop\/wp-content\/uploads\/2021\/01\/Fenris-Schnellschuss-System.jpg","type":"image\/jpeg"}],"twitter_card":"summary_large_image","twitter_misc":{"Gesch\u00e4tzte Lesezeit":"3\u00a0Minuten"},"schema":{"@context":"https:\/\/schema.org","@graph":[{"@type":"WebPage","@id":"https:\/\/ueberlebenskunst.at\/survivalshop\/shop\/steambow-fenris-schnellschuss-bogen-system\/","url":"https:\/\/ueberlebenskunst.at\/survivalshop\/shop\/steambow-fenris-schnellschuss-bogen-system\/","name":"Fenris Schnellschuss Bogen System","isPartOf":{"@id":"https:\/\/ueberlebenskunst.at\/survivalshop\/#website"},"primaryImageOfPage":{"@id":"https:\/\/ueberlebenskunst.at\/survivalshop\/shop\/steambow-fenris-schnellschuss-bogen-system\/#primaryimage"},"image":{"@id":"https:\/\/ueberlebenskunst.at\/survivalshop\/shop\/steambow-fenris-schnellschuss-bogen-system\/#primaryimage"},"thumbnailUrl":"https:\/\/ueberlebenskunst.at\/survivalshop\/wp-content\/uploads\/2021\/01\/Fenris-Schnellschuss-System.jpg","datePublished":"2021-01-13T15:52:17+00:00","dateModified":"2024-03-20T18:25:59+00:00","description":"Das Fenris Schnellschuss Bogen System von Steambow definiert Bogenschie\u00dfen ganz neu.","breadcrumb":{"@id":"https:\/\/ueberlebenskunst.at\/survivalshop\/shop\/steambow-fenris-schnellschuss-bogen-system\/#breadcrumb"},"inLanguage":"de","potentialAction":[{"@type":"ReadAction","target":["https:\/\/ueberlebenskunst.at\/survivalshop\/shop\/steambow-fenris-schnellschuss-bogen-system\/"]}]},{"@type":"ImageObject","inLanguage":"de","@id":"https:\/\/ueberlebenskunst.at\/survivalshop\/shop\/steambow-fenris-schnellschuss-bogen-system\/#primaryimage","url":"https:\/\/ueberlebenskunst.at\/survivalshop\/wp-content\/uploads\/2021\/01\/Fenris-Schnellschuss-System.jpg","contentUrl":"https:\/\/ueberlebenskunst.at\/survivalshop\/wp-content\/uploads\/2021\/01\/Fenris-Schnellschuss-System.jpg","width":764,"height":582},{"@type":"BreadcrumbList","@id":"https:\/\/ueberlebenskunst.at\/survivalshop\/shop\/steambow-fenris-schnellschuss-bogen-system\/#breadcrumb","itemListElement":[{"@type":"ListItem","position":1,"name":"Startseite","item":"https:\/\/ueberlebenskunst.at\/survivalshop\/"},{"@type":"ListItem","position":2,"name":"Shop","item":"https:\/\/ueberlebenskunst.at\/survivalshop\/shop\/"},{"@type":"ListItem","position":3,"name":"Fenris Schnellschuss Bogen System"}]},{"@type":"WebSite","@id":"https:\/\/ueberlebenskunst.at\/survivalshop\/#website","url":"https:\/\/ueberlebenskunst.at\/survivalshop\/","name":"Reini Rossmann - Survival Shop","description":"Survival Shop f\u00fcr Survival, Bushcraft und Prepper","potentialAction":[{"@type":"SearchAction","target":{"@type":"EntryPoint","urlTemplate":"https:\/\/ueberlebenskunst.at\/survivalshop\/?s={search_term_string}"},"query-input":{"@type":"PropertyValueSpecification","valueRequired":true,"valueName":"search_term_string"}}],"inLanguage":"de"}]}},"_links":{"self":[{"href":"https:\/\/ueberlebenskunst.at\/survivalshop\/wp-json\/wp\/v2\/product\/21395","targetHints":{"allow":["GET"]}}],"collection":[{"href":"https:\/\/ueberlebenskunst.at\/survivalshop\/wp-json\/wp\/v2\/product"}],"about":[{"href":"https:\/\/ueberlebenskunst.at\/survivalshop\/wp-json\/wp\/v2\/types\/product"}],"replies":[{"embeddable":true,"href":"https:\/\/ueberlebenskunst.at\/survivalshop\/wp-json\/wp\/v2\/comments?post=21395"}],"wp:featuredmedia":[{"embeddable":true,"href":"https:\/\/ueberlebenskunst.at\/survivalshop\/wp-json\/wp\/v2\/media\/21652"}],"wp:attachment":[{"href":"https:\/\/ueberlebenskunst.at\/survivalshop\/wp-json\/wp\/v2\/media?parent=21395"}],"wp:term":[{"taxonomy":"product_brand","embeddable":true,"href":"https:\/\/ueberlebenskunst.at\/survivalshop\/wp-json\/wp\/v2\/product_brand?post=21395"},{"taxonomy":"product_cat","embeddable":true,"href":"https:\/\/ueberlebenskunst.at\/survivalshop\/wp-json\/wp\/v2\/product_cat?post=21395"},{"taxonomy":"product_tag","embeddable":true,"href":"https:\/\/ueberlebenskunst.at\/survivalshop\/wp-json\/wp\/v2\/product_tag?post=21395"}],"curies":[{"name":"wp","href":"https:\/\/api.w.org\/{rel}","templated":true}]}}