{"id":21186,"date":"2021-01-25T21:41:33","date_gmt":"2021-01-25T19:41:33","guid":{"rendered":"https:\/\/ueberlebenskunst.at\/survivalshop\/survivalshop\/?post_type=product&#038;p=21186"},"modified":"2024-03-20T19:20:56","modified_gmt":"2024-03-20T18:20:56","slug":"tt-small-combi-rig","status":"seo-produkt","type":"product","link":"https:\/\/ueberlebenskunst.at\/survivalshop\/shop\/tt-small-combi-rig\/","title":{"rendered":"TT Small Combi Rig"},"content":{"rendered":"<h3>Merkmale:<\/h3>\n<ul>\n<li>Tr\u00e4ger verstellbar und flach gepolstert<\/li>\n<li>Auswechselbare Magazineins\u00e4tze<\/li>\n<li>Klett-Trenner<\/li>\n<li>MOLLE System Laser Cut<\/li>\n<li>Zusatztasche abklettbar <a href=\"https:\/\/ueberlebenskunst.at\/survivalshop\/shop\/tt-tac-pouch-12\/\" target=\"_blank\" rel=\"noopener noreferrer\">(\u00e4hnelt dem Tac Pouch 12)<\/a><\/li>\n<li>Klettr\u00fcckseite abdeckbar (als Front Flap f\u00fcr Plate Carrier einsetzbar)<\/li>\n<li>Seitenfl\u00fcgel mit MOLLE Laser Cut abnehmbar<\/li>\n<\/ul>\n<h3>Technische Daten:<\/h3>\n<ul>\n<li>Gewicht: 710 g<\/li>\n<li>Gr\u00f6\u00dfe: Unisex<\/li>\n<li>Material: 700 den CORDURA\u00ae<\/li>\n<\/ul>\n","protected":false},"excerpt":{"rendered":"<p>Merkmale: Tr\u00e4ger verstellbar und flach gepolstert Auswechselbare Magazineins\u00e4tze Klett-Trenner MOLLE System Laser Cut Zusatztasche abklettbar (\u00e4hnelt dem Tac Pouch 12) Klettr\u00fcckseite abdeckbar (als Front Flap f\u00fcr Plate Carrier einsetzbar) Seitenfl\u00fcgel mit MOLLE Laser Cut abnehmbar Technische Daten: Gewicht: 710 g Gr\u00f6\u00dfe: Unisex Material: 700 den CORDURA\u00ae<\/p>\n","protected":false},"featured_media":21188,"comment_status":"open","ping_status":"closed","template":"","meta":{"_acf_changed":false},"product_brand":[],"product_cat":[1101],"product_tag":[644,2166,199],"class_list":{"0":"post-21186","1":"product","2":"type-product","3":"status-seo-produkt","4":"has-post-thumbnail","6":"product_cat-ausruestung","7":"product_tag-molle","8":"product_tag-ttaktion","9":"product_tag-tasmanian-tiger","10":"pa_farbe-black","11":"pa_farbe-coyote-brown","12":"pa_farbe-olive","14":"first","15":"outofstock","16":"taxable","17":"shipping-taxable","18":"product-type-variable"},"acf":[],"yoast_head":"<!-- This site is optimized with the Yoast SEO plugin v27.1.1 - https:\/\/yoast.com\/product\/yoast-seo-wordpress\/ -->\n<title>TT Small Combi Rig - Reini Rossmann - Survival Shop<\/title>\n<meta name=\"robots\" content=\"index, follow, max-snippet:-1, max-image-preview:large, max-video-preview:-1\" \/>\n<link rel=\"canonical\" href=\"https:\/\/ueberlebenskunst.at\/survivalshop\/shop\/tt-small-combi-rig\/\" \/>\n<meta property=\"og:locale\" content=\"de_DE\" \/>\n<meta property=\"og:type\" content=\"article\" \/>\n<meta property=\"og:title\" content=\"TT Small Combi Rig - Reini Rossmann - Survival Shop\" \/>\n<meta property=\"og:description\" content=\"Merkmale: Tr\u00e4ger verstellbar und flach gepolstert Auswechselbare Magazineins\u00e4tze Klett-Trenner MOLLE System Laser Cut Zusatztasche abklettbar (\u00e4hnelt dem Tac Pouch 12) Klettr\u00fcckseite abdeckbar (als Front Flap f\u00fcr Plate Carrier einsetzbar) Seitenfl\u00fcgel mit MOLLE Laser Cut abnehmbar Technische Daten: Gewicht: 710 g Gr\u00f6\u00dfe: Unisex Material: 700 den CORDURA\u00ae\" \/>\n<meta property=\"og:url\" content=\"https:\/\/ueberlebenskunst.at\/survivalshop\/shop\/tt-small-combi-rig\/\" \/>\n<meta property=\"og:site_name\" content=\"Reini Rossmann - Survival Shop\" \/>\n<meta property=\"article:publisher\" content=\"https:\/\/www.facebook.com\/survival24.org\/\" \/>\n<meta property=\"article:modified_time\" content=\"2024-03-20T18:20:56+00:00\" \/>\n<meta property=\"og:image\" content=\"https:\/\/ueberlebenskunst.at\/survivalshop\/wp-content\/uploads\/2021\/01\/7224331a-800x800-1.jpg\" \/>\n\t<meta property=\"og:image:width\" content=\"400\" \/>\n\t<meta property=\"og:image:height\" content=\"400\" \/>\n\t<meta property=\"og:image:type\" content=\"image\/jpeg\" \/>\n<meta name=\"twitter:card\" content=\"summary_large_image\" \/>\n<meta name=\"twitter:label1\" content=\"Gesch\u00e4tzte Lesezeit\" \/>\n\t<meta name=\"twitter:data1\" content=\"1\u00a0Minute\" \/>\n<script type=\"application\/ld+json\" class=\"yoast-schema-graph\">{\"@context\":\"https:\/\/schema.org\",\"@graph\":[{\"@type\":\"WebPage\",\"@id\":\"https:\/\/ueberlebenskunst.at\/survivalshop\/shop\/tt-small-combi-rig\/\",\"url\":\"https:\/\/ueberlebenskunst.at\/survivalshop\/shop\/tt-small-combi-rig\/\",\"name\":\"TT Small Combi Rig - Reini Rossmann - Survival Shop\",\"isPartOf\":{\"@id\":\"https:\/\/ueberlebenskunst.at\/survivalshop\/#website\"},\"primaryImageOfPage\":{\"@id\":\"https:\/\/ueberlebenskunst.at\/survivalshop\/shop\/tt-small-combi-rig\/#primaryimage\"},\"image\":{\"@id\":\"https:\/\/ueberlebenskunst.at\/survivalshop\/shop\/tt-small-combi-rig\/#primaryimage\"},\"thumbnailUrl\":\"https:\/\/ueberlebenskunst.at\/survivalshop\/wp-content\/uploads\/2021\/01\/7224331a-800x800-1.jpg\",\"datePublished\":\"2021-01-25T19:41:33+00:00\",\"dateModified\":\"2024-03-20T18:20:56+00:00\",\"breadcrumb\":{\"@id\":\"https:\/\/ueberlebenskunst.at\/survivalshop\/shop\/tt-small-combi-rig\/#breadcrumb\"},\"inLanguage\":\"de\",\"potentialAction\":[{\"@type\":\"ReadAction\",\"target\":[\"https:\/\/ueberlebenskunst.at\/survivalshop\/shop\/tt-small-combi-rig\/\"]}]},{\"@type\":\"ImageObject\",\"inLanguage\":\"de\",\"@id\":\"https:\/\/ueberlebenskunst.at\/survivalshop\/shop\/tt-small-combi-rig\/#primaryimage\",\"url\":\"https:\/\/ueberlebenskunst.at\/survivalshop\/wp-content\/uploads\/2021\/01\/7224331a-800x800-1.jpg\",\"contentUrl\":\"https:\/\/ueberlebenskunst.at\/survivalshop\/wp-content\/uploads\/2021\/01\/7224331a-800x800-1.jpg\",\"width\":400,\"height\":400},{\"@type\":\"BreadcrumbList\",\"@id\":\"https:\/\/ueberlebenskunst.at\/survivalshop\/shop\/tt-small-combi-rig\/#breadcrumb\",\"itemListElement\":[{\"@type\":\"ListItem\",\"position\":1,\"name\":\"Startseite\",\"item\":\"https:\/\/ueberlebenskunst.at\/survivalshop\/\"},{\"@type\":\"ListItem\",\"position\":2,\"name\":\"Shop\",\"item\":\"https:\/\/ueberlebenskunst.at\/survivalshop\/shop\/\"},{\"@type\":\"ListItem\",\"position\":3,\"name\":\"TT Small Combi Rig\"}]},{\"@type\":\"WebSite\",\"@id\":\"https:\/\/ueberlebenskunst.at\/survivalshop\/#website\",\"url\":\"https:\/\/ueberlebenskunst.at\/survivalshop\/\",\"name\":\"Reini Rossmann - Survival Shop\",\"description\":\"Survival Shop f\u00fcr Survival, Bushcraft und Prepper\",\"potentialAction\":[{\"@type\":\"SearchAction\",\"target\":{\"@type\":\"EntryPoint\",\"urlTemplate\":\"https:\/\/ueberlebenskunst.at\/survivalshop\/?s={search_term_string}\"},\"query-input\":{\"@type\":\"PropertyValueSpecification\",\"valueRequired\":true,\"valueName\":\"search_term_string\"}}],\"inLanguage\":\"de\"}]}<\/script>\n<!-- \/ Yoast SEO plugin. -->","yoast_head_json":{"title":"TT Small Combi Rig - Reini Rossmann - Survival Shop","robots":{"index":"index","follow":"follow","max-snippet":"max-snippet:-1","max-image-preview":"max-image-preview:large","max-video-preview":"max-video-preview:-1"},"canonical":"https:\/\/ueberlebenskunst.at\/survivalshop\/shop\/tt-small-combi-rig\/","og_locale":"de_DE","og_type":"article","og_title":"TT Small Combi Rig - Reini Rossmann - Survival Shop","og_description":"Merkmale: Tr\u00e4ger verstellbar und flach gepolstert Auswechselbare Magazineins\u00e4tze Klett-Trenner MOLLE System Laser Cut Zusatztasche abklettbar (\u00e4hnelt dem Tac Pouch 12) Klettr\u00fcckseite abdeckbar (als Front Flap f\u00fcr Plate Carrier einsetzbar) Seitenfl\u00fcgel mit MOLLE Laser Cut abnehmbar Technische Daten: Gewicht: 710 g Gr\u00f6\u00dfe: Unisex Material: 700 den CORDURA\u00ae","og_url":"https:\/\/ueberlebenskunst.at\/survivalshop\/shop\/tt-small-combi-rig\/","og_site_name":"Reini Rossmann - Survival Shop","article_publisher":"https:\/\/www.facebook.com\/survival24.org\/","article_modified_time":"2024-03-20T18:20:56+00:00","og_image":[{"width":400,"height":400,"url":"https:\/\/ueberlebenskunst.at\/survivalshop\/wp-content\/uploads\/2021\/01\/7224331a-800x800-1.jpg","type":"image\/jpeg"}],"twitter_card":"summary_large_image","twitter_misc":{"Gesch\u00e4tzte Lesezeit":"1\u00a0Minute"},"schema":{"@context":"https:\/\/schema.org","@graph":[{"@type":"WebPage","@id":"https:\/\/ueberlebenskunst.at\/survivalshop\/shop\/tt-small-combi-rig\/","url":"https:\/\/ueberlebenskunst.at\/survivalshop\/shop\/tt-small-combi-rig\/","name":"TT Small Combi Rig - Reini Rossmann - Survival Shop","isPartOf":{"@id":"https:\/\/ueberlebenskunst.at\/survivalshop\/#website"},"primaryImageOfPage":{"@id":"https:\/\/ueberlebenskunst.at\/survivalshop\/shop\/tt-small-combi-rig\/#primaryimage"},"image":{"@id":"https:\/\/ueberlebenskunst.at\/survivalshop\/shop\/tt-small-combi-rig\/#primaryimage"},"thumbnailUrl":"https:\/\/ueberlebenskunst.at\/survivalshop\/wp-content\/uploads\/2021\/01\/7224331a-800x800-1.jpg","datePublished":"2021-01-25T19:41:33+00:00","dateModified":"2024-03-20T18:20:56+00:00","breadcrumb":{"@id":"https:\/\/ueberlebenskunst.at\/survivalshop\/shop\/tt-small-combi-rig\/#breadcrumb"},"inLanguage":"de","potentialAction":[{"@type":"ReadAction","target":["https:\/\/ueberlebenskunst.at\/survivalshop\/shop\/tt-small-combi-rig\/"]}]},{"@type":"ImageObject","inLanguage":"de","@id":"https:\/\/ueberlebenskunst.at\/survivalshop\/shop\/tt-small-combi-rig\/#primaryimage","url":"https:\/\/ueberlebenskunst.at\/survivalshop\/wp-content\/uploads\/2021\/01\/7224331a-800x800-1.jpg","contentUrl":"https:\/\/ueberlebenskunst.at\/survivalshop\/wp-content\/uploads\/2021\/01\/7224331a-800x800-1.jpg","width":400,"height":400},{"@type":"BreadcrumbList","@id":"https:\/\/ueberlebenskunst.at\/survivalshop\/shop\/tt-small-combi-rig\/#breadcrumb","itemListElement":[{"@type":"ListItem","position":1,"name":"Startseite","item":"https:\/\/ueberlebenskunst.at\/survivalshop\/"},{"@type":"ListItem","position":2,"name":"Shop","item":"https:\/\/ueberlebenskunst.at\/survivalshop\/shop\/"},{"@type":"ListItem","position":3,"name":"TT Small Combi Rig"}]},{"@type":"WebSite","@id":"https:\/\/ueberlebenskunst.at\/survivalshop\/#website","url":"https:\/\/ueberlebenskunst.at\/survivalshop\/","name":"Reini Rossmann - Survival Shop","description":"Survival Shop f\u00fcr Survival, Bushcraft und Prepper","potentialAction":[{"@type":"SearchAction","target":{"@type":"EntryPoint","urlTemplate":"https:\/\/ueberlebenskunst.at\/survivalshop\/?s={search_term_string}"},"query-input":{"@type":"PropertyValueSpecification","valueRequired":true,"valueName":"search_term_string"}}],"inLanguage":"de"}]}},"_links":{"self":[{"href":"https:\/\/ueberlebenskunst.at\/survivalshop\/wp-json\/wp\/v2\/product\/21186","targetHints":{"allow":["GET"]}}],"collection":[{"href":"https:\/\/ueberlebenskunst.at\/survivalshop\/wp-json\/wp\/v2\/product"}],"about":[{"href":"https:\/\/ueberlebenskunst.at\/survivalshop\/wp-json\/wp\/v2\/types\/product"}],"replies":[{"embeddable":true,"href":"https:\/\/ueberlebenskunst.at\/survivalshop\/wp-json\/wp\/v2\/comments?post=21186"}],"wp:featuredmedia":[{"embeddable":true,"href":"https:\/\/ueberlebenskunst.at\/survivalshop\/wp-json\/wp\/v2\/media\/21188"}],"wp:attachment":[{"href":"https:\/\/ueberlebenskunst.at\/survivalshop\/wp-json\/wp\/v2\/media?parent=21186"}],"wp:term":[{"taxonomy":"product_brand","embeddable":true,"href":"https:\/\/ueberlebenskunst.at\/survivalshop\/wp-json\/wp\/v2\/product_brand?post=21186"},{"taxonomy":"product_cat","embeddable":true,"href":"https:\/\/ueberlebenskunst.at\/survivalshop\/wp-json\/wp\/v2\/product_cat?post=21186"},{"taxonomy":"product_tag","embeddable":true,"href":"https:\/\/ueberlebenskunst.at\/survivalshop\/wp-json\/wp\/v2\/product_tag?post=21186"}],"curies":[{"name":"wp","href":"https:\/\/api.w.org\/{rel}","templated":true}]}}