{"id":20954,"date":"2021-01-07T19:55:37","date_gmt":"2021-01-07T17:55:37","guid":{"rendered":"https:\/\/ueberlebenskunst.at\/survivalshop\/survivalshop\/?post_type=product&#038;p=20954"},"modified":"2025-01-07T10:48:05","modified_gmt":"2025-01-07T09:48:05","slug":"zeltunterlage-lt-fuer-okisba","status":"seo-produkt","type":"product","link":"https:\/\/ueberlebenskunst.at\/survivalshop\/shop\/zeltunterlage-lt-fuer-okisba\/","title":{"rendered":"Tatonka Zeltunterlage LT f\u00fcr Okisba"},"content":{"rendered":"<p>Die Zeltunterlage LT f\u00fcr das <a href=\"https:\/\/ueberlebenskunst.at\/survivalshop\/shop\/tatonka-okisba-2-personen-zelt\/\" target=\"_blank\" rel=\"noopener\">Tatonka Zelt &#8211; Okisba<\/a> sch\u00fctzt den Boden deines Zeltes vor Besch\u00e4digungen durch spitze Gegenst\u00e4nde (Steine oder \u00c4ste). Die Unterlage ist an den Ecken fixierbar. Geliefert wird die Zeltunterlage im Packbeutel.<\/p>\n<p>Abmessungen: 145 cm x 390 cm<br \/>\nFarbe: stone grey<\/p>\n","protected":false},"excerpt":{"rendered":"<p>Die Zeltunterlage LT f\u00fcr das Tatonka Zelt &#8211; Okisba sch\u00fctzt den Boden deines Zeltes vor Besch\u00e4digungen durch spitze Gegenst\u00e4nde (Steine oder \u00c4ste). Die Unterlage ist an den Ecken fixierbar. Geliefert wird die Zeltunterlage im Packbeutel. Abmessungen: 145 cm x 390 cm Farbe: stone grey<\/p>\n","protected":false},"featured_media":20939,"comment_status":"open","ping_status":"closed","template":"","meta":{"_acf_changed":false},"product_brand":[],"product_cat":[2389],"product_tag":[2390],"class_list":{"0":"post-20954","1":"product","2":"type-product","3":"status-seo-produkt","4":"has-post-thumbnail","6":"product_cat-flohmarkt","7":"product_tag-flohmarkt","9":"first","10":"outofstock","11":"sale","12":"taxable","13":"shipping-taxable","14":"product-type-simple"},"acf":[],"yoast_head":"<!-- This site is optimized with the Yoast SEO plugin v27.1.1 - https:\/\/yoast.com\/product\/yoast-seo-wordpress\/ -->\n<title>Tatonka Zeltunterlage LT f\u00fcr Okisba - Reini Rossmann - Survival Shop<\/title>\n<meta name=\"robots\" content=\"index, follow, max-snippet:-1, max-image-preview:large, max-video-preview:-1\" \/>\n<link rel=\"canonical\" href=\"https:\/\/ueberlebenskunst.at\/survivalshop\/shop\/zeltunterlage-lt-fuer-okisba\/\" \/>\n<meta property=\"og:locale\" content=\"de_DE\" \/>\n<meta property=\"og:type\" content=\"article\" \/>\n<meta property=\"og:title\" content=\"Tatonka Zeltunterlage LT f\u00fcr Okisba - Reini Rossmann - Survival Shop\" \/>\n<meta property=\"og:description\" content=\"Die Zeltunterlage LT f\u00fcr das Tatonka Zelt &#8211; Okisba sch\u00fctzt den Boden deines Zeltes vor Besch\u00e4digungen durch spitze Gegenst\u00e4nde (Steine oder \u00c4ste). Die Unterlage ist an den Ecken fixierbar. Geliefert wird die Zeltunterlage im Packbeutel. Abmessungen: 145 cm x 390 cm Farbe: stone grey\" \/>\n<meta property=\"og:url\" content=\"https:\/\/ueberlebenskunst.at\/survivalshop\/shop\/zeltunterlage-lt-fuer-okisba\/\" \/>\n<meta property=\"og:site_name\" content=\"Reini Rossmann - Survival Shop\" \/>\n<meta property=\"article:publisher\" content=\"https:\/\/www.facebook.com\/survival24.org\/\" \/>\n<meta property=\"article:modified_time\" content=\"2025-01-07T09:48:05+00:00\" \/>\n<meta property=\"og:image\" content=\"https:\/\/ueberlebenskunst.at\/survivalshop\/wp-content\/uploads\/2021\/01\/3745332a.jpg\" \/>\n\t<meta property=\"og:image:width\" content=\"300\" \/>\n\t<meta property=\"og:image:height\" content=\"300\" \/>\n\t<meta property=\"og:image:type\" content=\"image\/jpeg\" \/>\n<meta name=\"twitter:card\" content=\"summary_large_image\" \/>\n<meta name=\"twitter:label1\" content=\"Gesch\u00e4tzte Lesezeit\" \/>\n\t<meta name=\"twitter:data1\" content=\"1\u00a0Minute\" \/>\n<script type=\"application\/ld+json\" class=\"yoast-schema-graph\">{\"@context\":\"https:\/\/schema.org\",\"@graph\":[{\"@type\":\"WebPage\",\"@id\":\"https:\/\/ueberlebenskunst.at\/survivalshop\/shop\/zeltunterlage-lt-fuer-okisba\/\",\"url\":\"https:\/\/ueberlebenskunst.at\/survivalshop\/shop\/zeltunterlage-lt-fuer-okisba\/\",\"name\":\"Tatonka Zeltunterlage LT f\u00fcr Okisba - Reini Rossmann - Survival Shop\",\"isPartOf\":{\"@id\":\"https:\/\/ueberlebenskunst.at\/survivalshop\/#website\"},\"primaryImageOfPage\":{\"@id\":\"https:\/\/ueberlebenskunst.at\/survivalshop\/shop\/zeltunterlage-lt-fuer-okisba\/#primaryimage\"},\"image\":{\"@id\":\"https:\/\/ueberlebenskunst.at\/survivalshop\/shop\/zeltunterlage-lt-fuer-okisba\/#primaryimage\"},\"thumbnailUrl\":\"https:\/\/ueberlebenskunst.at\/survivalshop\/wp-content\/uploads\/2021\/01\/3745332a.jpg\",\"datePublished\":\"2021-01-07T17:55:37+00:00\",\"dateModified\":\"2025-01-07T09:48:05+00:00\",\"breadcrumb\":{\"@id\":\"https:\/\/ueberlebenskunst.at\/survivalshop\/shop\/zeltunterlage-lt-fuer-okisba\/#breadcrumb\"},\"inLanguage\":\"de\",\"potentialAction\":[{\"@type\":\"ReadAction\",\"target\":[\"https:\/\/ueberlebenskunst.at\/survivalshop\/shop\/zeltunterlage-lt-fuer-okisba\/\"]}]},{\"@type\":\"ImageObject\",\"inLanguage\":\"de\",\"@id\":\"https:\/\/ueberlebenskunst.at\/survivalshop\/shop\/zeltunterlage-lt-fuer-okisba\/#primaryimage\",\"url\":\"https:\/\/ueberlebenskunst.at\/survivalshop\/wp-content\/uploads\/2021\/01\/3745332a.jpg\",\"contentUrl\":\"https:\/\/ueberlebenskunst.at\/survivalshop\/wp-content\/uploads\/2021\/01\/3745332a.jpg\",\"width\":300,\"height\":300},{\"@type\":\"BreadcrumbList\",\"@id\":\"https:\/\/ueberlebenskunst.at\/survivalshop\/shop\/zeltunterlage-lt-fuer-okisba\/#breadcrumb\",\"itemListElement\":[{\"@type\":\"ListItem\",\"position\":1,\"name\":\"Startseite\",\"item\":\"https:\/\/ueberlebenskunst.at\/survivalshop\/\"},{\"@type\":\"ListItem\",\"position\":2,\"name\":\"Shop\",\"item\":\"https:\/\/ueberlebenskunst.at\/survivalshop\/shop\/\"},{\"@type\":\"ListItem\",\"position\":3,\"name\":\"Tatonka Zeltunterlage LT f\u00fcr Okisba\"}]},{\"@type\":\"WebSite\",\"@id\":\"https:\/\/ueberlebenskunst.at\/survivalshop\/#website\",\"url\":\"https:\/\/ueberlebenskunst.at\/survivalshop\/\",\"name\":\"Reini Rossmann - Survival Shop\",\"description\":\"Survival Shop f\u00fcr Survival, Bushcraft und Prepper\",\"potentialAction\":[{\"@type\":\"SearchAction\",\"target\":{\"@type\":\"EntryPoint\",\"urlTemplate\":\"https:\/\/ueberlebenskunst.at\/survivalshop\/?s={search_term_string}\"},\"query-input\":{\"@type\":\"PropertyValueSpecification\",\"valueRequired\":true,\"valueName\":\"search_term_string\"}}],\"inLanguage\":\"de\"}]}<\/script>\n<!-- \/ Yoast SEO plugin. -->","yoast_head_json":{"title":"Tatonka Zeltunterlage LT f\u00fcr Okisba - Reini Rossmann - Survival Shop","robots":{"index":"index","follow":"follow","max-snippet":"max-snippet:-1","max-image-preview":"max-image-preview:large","max-video-preview":"max-video-preview:-1"},"canonical":"https:\/\/ueberlebenskunst.at\/survivalshop\/shop\/zeltunterlage-lt-fuer-okisba\/","og_locale":"de_DE","og_type":"article","og_title":"Tatonka Zeltunterlage LT f\u00fcr Okisba - Reini Rossmann - Survival Shop","og_description":"Die Zeltunterlage LT f\u00fcr das Tatonka Zelt &#8211; Okisba sch\u00fctzt den Boden deines Zeltes vor Besch\u00e4digungen durch spitze Gegenst\u00e4nde (Steine oder \u00c4ste). Die Unterlage ist an den Ecken fixierbar. Geliefert wird die Zeltunterlage im Packbeutel. Abmessungen: 145 cm x 390 cm Farbe: stone grey","og_url":"https:\/\/ueberlebenskunst.at\/survivalshop\/shop\/zeltunterlage-lt-fuer-okisba\/","og_site_name":"Reini Rossmann - Survival Shop","article_publisher":"https:\/\/www.facebook.com\/survival24.org\/","article_modified_time":"2025-01-07T09:48:05+00:00","og_image":[{"width":300,"height":300,"url":"https:\/\/ueberlebenskunst.at\/survivalshop\/wp-content\/uploads\/2021\/01\/3745332a.jpg","type":"image\/jpeg"}],"twitter_card":"summary_large_image","twitter_misc":{"Gesch\u00e4tzte Lesezeit":"1\u00a0Minute"},"schema":{"@context":"https:\/\/schema.org","@graph":[{"@type":"WebPage","@id":"https:\/\/ueberlebenskunst.at\/survivalshop\/shop\/zeltunterlage-lt-fuer-okisba\/","url":"https:\/\/ueberlebenskunst.at\/survivalshop\/shop\/zeltunterlage-lt-fuer-okisba\/","name":"Tatonka Zeltunterlage LT f\u00fcr Okisba - Reini Rossmann - Survival Shop","isPartOf":{"@id":"https:\/\/ueberlebenskunst.at\/survivalshop\/#website"},"primaryImageOfPage":{"@id":"https:\/\/ueberlebenskunst.at\/survivalshop\/shop\/zeltunterlage-lt-fuer-okisba\/#primaryimage"},"image":{"@id":"https:\/\/ueberlebenskunst.at\/survivalshop\/shop\/zeltunterlage-lt-fuer-okisba\/#primaryimage"},"thumbnailUrl":"https:\/\/ueberlebenskunst.at\/survivalshop\/wp-content\/uploads\/2021\/01\/3745332a.jpg","datePublished":"2021-01-07T17:55:37+00:00","dateModified":"2025-01-07T09:48:05+00:00","breadcrumb":{"@id":"https:\/\/ueberlebenskunst.at\/survivalshop\/shop\/zeltunterlage-lt-fuer-okisba\/#breadcrumb"},"inLanguage":"de","potentialAction":[{"@type":"ReadAction","target":["https:\/\/ueberlebenskunst.at\/survivalshop\/shop\/zeltunterlage-lt-fuer-okisba\/"]}]},{"@type":"ImageObject","inLanguage":"de","@id":"https:\/\/ueberlebenskunst.at\/survivalshop\/shop\/zeltunterlage-lt-fuer-okisba\/#primaryimage","url":"https:\/\/ueberlebenskunst.at\/survivalshop\/wp-content\/uploads\/2021\/01\/3745332a.jpg","contentUrl":"https:\/\/ueberlebenskunst.at\/survivalshop\/wp-content\/uploads\/2021\/01\/3745332a.jpg","width":300,"height":300},{"@type":"BreadcrumbList","@id":"https:\/\/ueberlebenskunst.at\/survivalshop\/shop\/zeltunterlage-lt-fuer-okisba\/#breadcrumb","itemListElement":[{"@type":"ListItem","position":1,"name":"Startseite","item":"https:\/\/ueberlebenskunst.at\/survivalshop\/"},{"@type":"ListItem","position":2,"name":"Shop","item":"https:\/\/ueberlebenskunst.at\/survivalshop\/shop\/"},{"@type":"ListItem","position":3,"name":"Tatonka Zeltunterlage LT f\u00fcr Okisba"}]},{"@type":"WebSite","@id":"https:\/\/ueberlebenskunst.at\/survivalshop\/#website","url":"https:\/\/ueberlebenskunst.at\/survivalshop\/","name":"Reini Rossmann - Survival Shop","description":"Survival Shop f\u00fcr Survival, Bushcraft und Prepper","potentialAction":[{"@type":"SearchAction","target":{"@type":"EntryPoint","urlTemplate":"https:\/\/ueberlebenskunst.at\/survivalshop\/?s={search_term_string}"},"query-input":{"@type":"PropertyValueSpecification","valueRequired":true,"valueName":"search_term_string"}}],"inLanguage":"de"}]}},"_links":{"self":[{"href":"https:\/\/ueberlebenskunst.at\/survivalshop\/wp-json\/wp\/v2\/product\/20954","targetHints":{"allow":["GET"]}}],"collection":[{"href":"https:\/\/ueberlebenskunst.at\/survivalshop\/wp-json\/wp\/v2\/product"}],"about":[{"href":"https:\/\/ueberlebenskunst.at\/survivalshop\/wp-json\/wp\/v2\/types\/product"}],"replies":[{"embeddable":true,"href":"https:\/\/ueberlebenskunst.at\/survivalshop\/wp-json\/wp\/v2\/comments?post=20954"}],"wp:featuredmedia":[{"embeddable":true,"href":"https:\/\/ueberlebenskunst.at\/survivalshop\/wp-json\/wp\/v2\/media\/20939"}],"wp:attachment":[{"href":"https:\/\/ueberlebenskunst.at\/survivalshop\/wp-json\/wp\/v2\/media?parent=20954"}],"wp:term":[{"taxonomy":"product_brand","embeddable":true,"href":"https:\/\/ueberlebenskunst.at\/survivalshop\/wp-json\/wp\/v2\/product_brand?post=20954"},{"taxonomy":"product_cat","embeddable":true,"href":"https:\/\/ueberlebenskunst.at\/survivalshop\/wp-json\/wp\/v2\/product_cat?post=20954"},{"taxonomy":"product_tag","embeddable":true,"href":"https:\/\/ueberlebenskunst.at\/survivalshop\/wp-json\/wp\/v2\/product_tag?post=20954"}],"curies":[{"name":"wp","href":"https:\/\/api.w.org\/{rel}","templated":true}]}}