{"id":20903,"date":"2021-01-18T14:48:09","date_gmt":"2021-01-18T12:48:09","guid":{"rendered":"https:\/\/ueberlebenskunst.at\/survivalshop\/survivalshop\/?post_type=product&#038;p=20903"},"modified":"2025-01-07T10:51:29","modified_gmt":"2025-01-07T09:51:29","slug":"tatonka-tarp-wing","status":"seo-produkt","type":"product","link":"https:\/\/ueberlebenskunst.at\/survivalshop\/shop\/tatonka-tarp-wing\/","title":{"rendered":"Tatonka Tarp Wing"},"content":{"rendered":"<p>Es stehen 3 Gr\u00f6\u00dfen an Tarp Wings zur Verf\u00fcgung:<\/p>\n<h3>Tarp Wing 1 LT &#8211; 1 Person<\/h3>\n<p>Abmessungen: 140 cm x 315 cm<br \/>\nPackma\u00df: D 15 cm x L 14cm<br \/>\nGewicht: 280 g<br \/>\nMaterial: 20 den Nylon 6 Ripstop<br \/>\nFarbe: stone grey olive<\/p>\n<h3>Tarp Wing 2 LT &#8211; 1-2 Personen<\/h3>\n<p>Abmessungen: 215 cm (Kopfbereich) \/ 130 cm (Fu\u00dfbereich) x 315 cm<br \/>\nPackma\u00df: D 17 cm x L 14 cm<br \/>\nGewicht: 330 g<br \/>\nMaterial: 20 den Nylon 6 Ripstop<br \/>\nFarbe: stone grey olive<\/p>\n<h3>Tarp Wing 3 LT &#8211; Allrounder<\/h3>\n<p>Abmessungen: 280 cm x 240 cm<br \/>\nPackma\u00df: D 17 cm x L 16 cm<br \/>\nGewicht: 405 g<br \/>\nMaterial: 20 den Nylon 6 Ripstop<br \/>\nFarbe: stone grey olive<\/p>\n","protected":false},"excerpt":{"rendered":"<p>Es stehen 3 Gr\u00f6\u00dfen an Tarp Wings zur Verf\u00fcgung: Tarp Wing 1 LT &#8211; 1 Person Abmessungen: 140 cm x 315 cm Packma\u00df: D 15 cm x L 14cm Gewicht: 280 g Material: 20 den Nylon 6 Ripstop Farbe: stone grey olive Tarp Wing 2 LT &#8211; 1-2 Personen Abmessungen: 215 cm (Kopfbereich) \/ 130 [&hellip;]<\/p>\n","protected":false},"featured_media":151986,"comment_status":"open","ping_status":"closed","template":"","meta":{"_acf_changed":false},"product_brand":[],"product_cat":[2389],"product_tag":[2166,201],"class_list":{"0":"post-20903","1":"product","2":"type-product","3":"status-seo-produkt","4":"has-post-thumbnail","6":"product_cat-flohmarkt","7":"product_tag-ttaktion","8":"product_tag-tatonka","10":"first","11":"outofstock","12":"sale","13":"taxable","14":"shipping-taxable","15":"product-type-variable","16":"has-default-attributes"},"acf":[],"yoast_head":"<!-- This site is optimized with the Yoast SEO plugin v27.1.1 - https:\/\/yoast.com\/product\/yoast-seo-wordpress\/ -->\n<title>Tatonka Tarp Wing - ultraleicht und sehr rei\u00dffest<\/title>\n<meta name=\"description\" content=\"Mit dem Tatonka Tarp Wing\u00b4s hast du einen idealen Zeltersatz mit dabei\" \/>\n<meta name=\"robots\" content=\"index, follow, max-snippet:-1, max-image-preview:large, max-video-preview:-1\" \/>\n<link rel=\"canonical\" href=\"https:\/\/ueberlebenskunst.at\/survivalshop\/shop\/tatonka-tarp-wing\/\" \/>\n<meta property=\"og:locale\" content=\"de_DE\" \/>\n<meta property=\"og:type\" content=\"article\" \/>\n<meta property=\"og:title\" content=\"Tatonka Tarp Wing - ultraleicht und sehr rei\u00dffest\" \/>\n<meta property=\"og:description\" content=\"Mit dem Tatonka Tarp Wing\u00b4s hast du einen idealen Zeltersatz mit dabei\" \/>\n<meta property=\"og:url\" content=\"https:\/\/ueberlebenskunst.at\/survivalshop\/shop\/tatonka-tarp-wing\/\" \/>\n<meta property=\"og:site_name\" content=\"Reini Rossmann - Survival Shop\" \/>\n<meta property=\"article:publisher\" content=\"https:\/\/www.facebook.com\/survival24.org\/\" \/>\n<meta property=\"article:modified_time\" content=\"2025-01-07T09:51:29+00:00\" \/>\n<meta property=\"og:image\" content=\"https:\/\/ueberlebenskunst.at\/survivalshop\/wp-content\/uploads\/2021\/01\/2475.332.jpg\" \/>\n\t<meta property=\"og:image:width\" content=\"400\" \/>\n\t<meta property=\"og:image:height\" content=\"400\" \/>\n\t<meta property=\"og:image:type\" content=\"image\/jpeg\" \/>\n<meta name=\"twitter:card\" content=\"summary_large_image\" \/>\n<meta name=\"twitter:label1\" content=\"Gesch\u00e4tzte Lesezeit\" \/>\n\t<meta name=\"twitter:data1\" content=\"1\u00a0Minute\" \/>\n<script type=\"application\/ld+json\" class=\"yoast-schema-graph\">{\"@context\":\"https:\/\/schema.org\",\"@graph\":[{\"@type\":\"WebPage\",\"@id\":\"https:\/\/ueberlebenskunst.at\/survivalshop\/shop\/tatonka-tarp-wing\/\",\"url\":\"https:\/\/ueberlebenskunst.at\/survivalshop\/shop\/tatonka-tarp-wing\/\",\"name\":\"Tatonka Tarp Wing - ultraleicht und sehr rei\u00dffest\",\"isPartOf\":{\"@id\":\"https:\/\/ueberlebenskunst.at\/survivalshop\/#website\"},\"primaryImageOfPage\":{\"@id\":\"https:\/\/ueberlebenskunst.at\/survivalshop\/shop\/tatonka-tarp-wing\/#primaryimage\"},\"image\":{\"@id\":\"https:\/\/ueberlebenskunst.at\/survivalshop\/shop\/tatonka-tarp-wing\/#primaryimage\"},\"thumbnailUrl\":\"https:\/\/ueberlebenskunst.at\/survivalshop\/wp-content\/uploads\/2021\/01\/2475.332.jpg\",\"datePublished\":\"2021-01-18T12:48:09+00:00\",\"dateModified\":\"2025-01-07T09:51:29+00:00\",\"description\":\"Mit dem Tatonka Tarp Wing\u00b4s hast du einen idealen Zeltersatz mit dabei\",\"breadcrumb\":{\"@id\":\"https:\/\/ueberlebenskunst.at\/survivalshop\/shop\/tatonka-tarp-wing\/#breadcrumb\"},\"inLanguage\":\"de\",\"potentialAction\":[{\"@type\":\"ReadAction\",\"target\":[\"https:\/\/ueberlebenskunst.at\/survivalshop\/shop\/tatonka-tarp-wing\/\"]}]},{\"@type\":\"ImageObject\",\"inLanguage\":\"de\",\"@id\":\"https:\/\/ueberlebenskunst.at\/survivalshop\/shop\/tatonka-tarp-wing\/#primaryimage\",\"url\":\"https:\/\/ueberlebenskunst.at\/survivalshop\/wp-content\/uploads\/2021\/01\/2475.332.jpg\",\"contentUrl\":\"https:\/\/ueberlebenskunst.at\/survivalshop\/wp-content\/uploads\/2021\/01\/2475.332.jpg\",\"width\":400,\"height\":400},{\"@type\":\"BreadcrumbList\",\"@id\":\"https:\/\/ueberlebenskunst.at\/survivalshop\/shop\/tatonka-tarp-wing\/#breadcrumb\",\"itemListElement\":[{\"@type\":\"ListItem\",\"position\":1,\"name\":\"Startseite\",\"item\":\"https:\/\/ueberlebenskunst.at\/survivalshop\/\"},{\"@type\":\"ListItem\",\"position\":2,\"name\":\"Shop\",\"item\":\"https:\/\/ueberlebenskunst.at\/survivalshop\/shop\/\"},{\"@type\":\"ListItem\",\"position\":3,\"name\":\"Tatonka Tarp Wing\"}]},{\"@type\":\"WebSite\",\"@id\":\"https:\/\/ueberlebenskunst.at\/survivalshop\/#website\",\"url\":\"https:\/\/ueberlebenskunst.at\/survivalshop\/\",\"name\":\"Reini Rossmann - Survival Shop\",\"description\":\"Survival Shop f\u00fcr Survival, Bushcraft und Prepper\",\"potentialAction\":[{\"@type\":\"SearchAction\",\"target\":{\"@type\":\"EntryPoint\",\"urlTemplate\":\"https:\/\/ueberlebenskunst.at\/survivalshop\/?s={search_term_string}\"},\"query-input\":{\"@type\":\"PropertyValueSpecification\",\"valueRequired\":true,\"valueName\":\"search_term_string\"}}],\"inLanguage\":\"de\"}]}<\/script>\n<!-- \/ Yoast SEO plugin. -->","yoast_head_json":{"title":"Tatonka Tarp Wing - ultraleicht und sehr rei\u00dffest","description":"Mit dem Tatonka Tarp Wing\u00b4s hast du einen idealen Zeltersatz mit dabei","robots":{"index":"index","follow":"follow","max-snippet":"max-snippet:-1","max-image-preview":"max-image-preview:large","max-video-preview":"max-video-preview:-1"},"canonical":"https:\/\/ueberlebenskunst.at\/survivalshop\/shop\/tatonka-tarp-wing\/","og_locale":"de_DE","og_type":"article","og_title":"Tatonka Tarp Wing - ultraleicht und sehr rei\u00dffest","og_description":"Mit dem Tatonka Tarp Wing\u00b4s hast du einen idealen Zeltersatz mit dabei","og_url":"https:\/\/ueberlebenskunst.at\/survivalshop\/shop\/tatonka-tarp-wing\/","og_site_name":"Reini Rossmann - Survival Shop","article_publisher":"https:\/\/www.facebook.com\/survival24.org\/","article_modified_time":"2025-01-07T09:51:29+00:00","og_image":[{"width":400,"height":400,"url":"https:\/\/ueberlebenskunst.at\/survivalshop\/wp-content\/uploads\/2021\/01\/2475.332.jpg","type":"image\/jpeg"}],"twitter_card":"summary_large_image","twitter_misc":{"Gesch\u00e4tzte Lesezeit":"1\u00a0Minute"},"schema":{"@context":"https:\/\/schema.org","@graph":[{"@type":"WebPage","@id":"https:\/\/ueberlebenskunst.at\/survivalshop\/shop\/tatonka-tarp-wing\/","url":"https:\/\/ueberlebenskunst.at\/survivalshop\/shop\/tatonka-tarp-wing\/","name":"Tatonka Tarp Wing - ultraleicht und sehr rei\u00dffest","isPartOf":{"@id":"https:\/\/ueberlebenskunst.at\/survivalshop\/#website"},"primaryImageOfPage":{"@id":"https:\/\/ueberlebenskunst.at\/survivalshop\/shop\/tatonka-tarp-wing\/#primaryimage"},"image":{"@id":"https:\/\/ueberlebenskunst.at\/survivalshop\/shop\/tatonka-tarp-wing\/#primaryimage"},"thumbnailUrl":"https:\/\/ueberlebenskunst.at\/survivalshop\/wp-content\/uploads\/2021\/01\/2475.332.jpg","datePublished":"2021-01-18T12:48:09+00:00","dateModified":"2025-01-07T09:51:29+00:00","description":"Mit dem Tatonka Tarp Wing\u00b4s hast du einen idealen Zeltersatz mit dabei","breadcrumb":{"@id":"https:\/\/ueberlebenskunst.at\/survivalshop\/shop\/tatonka-tarp-wing\/#breadcrumb"},"inLanguage":"de","potentialAction":[{"@type":"ReadAction","target":["https:\/\/ueberlebenskunst.at\/survivalshop\/shop\/tatonka-tarp-wing\/"]}]},{"@type":"ImageObject","inLanguage":"de","@id":"https:\/\/ueberlebenskunst.at\/survivalshop\/shop\/tatonka-tarp-wing\/#primaryimage","url":"https:\/\/ueberlebenskunst.at\/survivalshop\/wp-content\/uploads\/2021\/01\/2475.332.jpg","contentUrl":"https:\/\/ueberlebenskunst.at\/survivalshop\/wp-content\/uploads\/2021\/01\/2475.332.jpg","width":400,"height":400},{"@type":"BreadcrumbList","@id":"https:\/\/ueberlebenskunst.at\/survivalshop\/shop\/tatonka-tarp-wing\/#breadcrumb","itemListElement":[{"@type":"ListItem","position":1,"name":"Startseite","item":"https:\/\/ueberlebenskunst.at\/survivalshop\/"},{"@type":"ListItem","position":2,"name":"Shop","item":"https:\/\/ueberlebenskunst.at\/survivalshop\/shop\/"},{"@type":"ListItem","position":3,"name":"Tatonka Tarp Wing"}]},{"@type":"WebSite","@id":"https:\/\/ueberlebenskunst.at\/survivalshop\/#website","url":"https:\/\/ueberlebenskunst.at\/survivalshop\/","name":"Reini Rossmann - Survival Shop","description":"Survival Shop f\u00fcr Survival, Bushcraft und Prepper","potentialAction":[{"@type":"SearchAction","target":{"@type":"EntryPoint","urlTemplate":"https:\/\/ueberlebenskunst.at\/survivalshop\/?s={search_term_string}"},"query-input":{"@type":"PropertyValueSpecification","valueRequired":true,"valueName":"search_term_string"}}],"inLanguage":"de"}]}},"_links":{"self":[{"href":"https:\/\/ueberlebenskunst.at\/survivalshop\/wp-json\/wp\/v2\/product\/20903","targetHints":{"allow":["GET"]}}],"collection":[{"href":"https:\/\/ueberlebenskunst.at\/survivalshop\/wp-json\/wp\/v2\/product"}],"about":[{"href":"https:\/\/ueberlebenskunst.at\/survivalshop\/wp-json\/wp\/v2\/types\/product"}],"replies":[{"embeddable":true,"href":"https:\/\/ueberlebenskunst.at\/survivalshop\/wp-json\/wp\/v2\/comments?post=20903"}],"wp:featuredmedia":[{"embeddable":true,"href":"https:\/\/ueberlebenskunst.at\/survivalshop\/wp-json\/wp\/v2\/media\/151986"}],"wp:attachment":[{"href":"https:\/\/ueberlebenskunst.at\/survivalshop\/wp-json\/wp\/v2\/media?parent=20903"}],"wp:term":[{"taxonomy":"product_brand","embeddable":true,"href":"https:\/\/ueberlebenskunst.at\/survivalshop\/wp-json\/wp\/v2\/product_brand?post=20903"},{"taxonomy":"product_cat","embeddable":true,"href":"https:\/\/ueberlebenskunst.at\/survivalshop\/wp-json\/wp\/v2\/product_cat?post=20903"},{"taxonomy":"product_tag","embeddable":true,"href":"https:\/\/ueberlebenskunst.at\/survivalshop\/wp-json\/wp\/v2\/product_tag?post=20903"}],"curies":[{"name":"wp","href":"https:\/\/api.w.org\/{rel}","templated":true}]}}