{"id":207906,"date":"2026-05-05T08:33:44","date_gmt":"2026-05-05T06:33:44","guid":{"rendered":"https:\/\/ueberlebenskunst.at\/survivalshop\/?post_type=product&#038;p=207906"},"modified":"2026-05-09T00:13:50","modified_gmt":"2026-05-08T22:13:50","slug":"maengelexemplare-der-krisen-selbstversorger-garten","status":"publish","type":"product","link":"https:\/\/ueberlebenskunst.at\/survivalshop\/shop\/maengelexemplare-der-krisen-selbstversorger-garten\/","title":{"rendered":"M\u00e4ngelexemplare: Der Krisen Selbstversorger Garten"},"content":{"rendered":"<h3>Bei den vorliegenden B\u00fcchern handelt es sich um M\u00e4ngelexemplare, das bedeutet, dass der Einband bzw. die eine oder andere Seite etwas besch\u00e4digt ist. Jedoch sind Text und Inhalt einwandfrei lesbar. Es sind auch keine Seiten herausgerissen oder unleserlich, sondern es handelt sich nur um Unsch\u00f6nheiten, die das Buch nicht ganz perfekt machen.<\/h3>\n<p>&nbsp;<\/p>\n<p>Der Krisen Selbstversorger Garten &#8211; Konzept &#8211; Planung und Umsetzung in einem Buch.<\/p>\n<div>\n<div>\n<ul>\n<li>2 Schritte Konzept: vom Fire and Forget Garten hin zum Krisen Selbstversorger Garten mit Vollbewirtschaftung.<\/li>\n<li>7 genau beschriebene Phasen von der Idee, zur Planung, bis zur Umsetzung.<br \/>\nDer Vorteil liegt auch darin, dass du lernst, wie du den Krisen Selbstversorger Garten<br \/>\nspeziell auf deine individuellen Gegebenheiten angepasst aufbaust, um den dir zur Verf\u00fcgung<br \/>\nstehenden Platz so effizient wie m\u00f6glich nutzen zu k\u00f6nnen.<\/li>\n<li>Hilfreiche Arbeitsbl\u00e4tter im Buch helfen dir dabei dein Gesamtkonzept \u00fcbersichtlich<br \/>\nvorab auszuarbeiten, damit du Probleme bereits bei der Planung erkennst und L\u00f6sungen<br \/>\nausarbeiten kannst bevor du in die Umsetzung gehst.<\/li>\n<li>Auch f\u00fcr Balkon, Terrasse und Kleingarten anwendbar.<\/li>\n<\/ul>\n<h5>Softcover in A5 &#8211; 151 Seiten &#8211; hohe Qualit\u00e4t &#8211; Made in \u00d6sterreich<\/h5>\n<\/div>\n<\/div>\n<p>Die idealen Erg\u00e4nzungen zum Krisen Selbstversorger Garten sind:<\/p>\n<ul>\n<li><a href=\"https:\/\/ueberlebenskunst.at\/survivalshop\/shop\/krisen-selbstversorger-aussaatkalender\/\" target=\"_blank\" rel=\"noopener noreferrer\">Krisen-Selbstversorger-Aussaatkalender<\/a><\/li>\n<li><a href=\"https:\/\/ueberlebenskunst.at\/survivalshop\/shop\/kartoffelanbau-fuer-selbstversorger\/\" target=\"_blank\" rel=\"noopener noreferrer\">Kartoffelanbau f\u00fcr Selbstversorger<\/a><\/li>\n<li><a href=\"https:\/\/ueberlebenskunst.at\/survivalshop\/shop\/selbstversorger-pflanzenbibel\/\" target=\"_blank\" rel=\"noopener noreferrer\">Selbstversorger Pflanzenbibel<\/a><\/li>\n<li><a href=\"https:\/\/ueberlebenskunst.at\/survivalshop\/shop\/haltbarmachen-fuer-selbstversorger\/\" target=\"_blank\" rel=\"noopener noreferrer\">Haltbarmachen f\u00fcr Selbstversorger<\/a><\/li>\n<\/ul>\n<p>Schau dir auch noch unsere ALLES \u00dcBER &#8211; Reihe an:<\/p>\n<ul>\n<li><a href=\"https:\/\/ueberlebenskunst.at\/survivalshop\/shop\/alles-ueber-tabakanbau-eigene-zigaretten-herstellen\/\" target=\"_blank\" rel=\"noopener noreferrer\">Alles \u00fcber Tabakanbau; Eigene Zigaretten herstellen<\/a><\/li>\n<li><a href=\"https:\/\/ueberlebenskunst.at\/survivalshop\/shop\/alles-ueber-giersch-als-nahrung-und-medizin\/\" target=\"_blank\" rel=\"noopener noreferrer\">Alles \u00fcber Giersch; Als Nahrung und Medizin<\/a><\/li>\n<\/ul>\n","protected":false},"excerpt":{"rendered":"<p>Bei den vorliegenden B\u00fcchern handelt es sich um M\u00e4ngelexemplare, das bedeutet, dass der Einband bzw. die eine oder andere Seite etwas besch\u00e4digt ist. Jedoch sind Text und Inhalt einwandfrei lesbar. Es sind auch keine Seiten herausgerissen oder unleserlich, sondern es handelt sich nur um Unsch\u00f6nheiten, die das Buch nicht ganz perfekt machen. &nbsp; Der Krisen [&hellip;]<\/p>\n","protected":false},"featured_media":21836,"comment_status":"open","ping_status":"closed","template":"","meta":{"_acf_changed":false},"product_brand":[],"product_cat":[2389,1866],"product_tag":[1266,646,2526],"class_list":{"0":"post-207906","1":"product","2":"type-product","3":"status-publish","4":"has-post-thumbnail","6":"product_cat-flohmarkt","7":"product_cat-prepper-buecher","8":"product_tag-krisen-ausruestung-liste","9":"product_tag-krisen-selbstversorger","10":"product_tag-reinis-buecher","12":"first","13":"outofstock","14":"sale","15":"taxable","16":"shipping-taxable","17":"purchasable","18":"product-type-simple"},"acf":[],"yoast_head":"<!-- This site is optimized with the Yoast SEO plugin v27.1.1 - https:\/\/yoast.com\/product\/yoast-seo-wordpress\/ -->\n<title>M\u00e4ngelexemplare: Der Krisen Selbstversorger Garten von der Planung bis zur Umsetzung<\/title>\n<meta name=\"description\" content=\"Mit dem Buch &quot;Der Krisen Selbstversorger Garten&quot; erh\u00e4lts du die notwendigen Infos rund um Planung und Umsetzung deines Selbstversorgergartens\" \/>\n<meta name=\"robots\" content=\"index, follow, max-snippet:-1, max-image-preview:large, max-video-preview:-1\" \/>\n<link rel=\"canonical\" href=\"https:\/\/ueberlebenskunst.at\/survivalshop\/shop\/maengelexemplare-der-krisen-selbstversorger-garten\/\" \/>\n<meta property=\"og:locale\" content=\"de_DE\" \/>\n<meta property=\"og:type\" content=\"article\" \/>\n<meta property=\"og:title\" content=\"M\u00e4ngelexemplare: Der Krisen Selbstversorger Garten von der Planung bis zur Umsetzung\" \/>\n<meta property=\"og:description\" content=\"Mit dem Buch &quot;Der Krisen Selbstversorger Garten&quot; erh\u00e4lts du die notwendigen Infos rund um Planung und Umsetzung deines Selbstversorgergartens\" \/>\n<meta property=\"og:url\" content=\"https:\/\/ueberlebenskunst.at\/survivalshop\/shop\/maengelexemplare-der-krisen-selbstversorger-garten\/\" \/>\n<meta property=\"og:site_name\" content=\"Reini Rossmann - Survival Shop\" \/>\n<meta property=\"article:publisher\" content=\"https:\/\/www.facebook.com\/survival24.org\/\" \/>\n<meta property=\"article:modified_time\" content=\"2026-05-08T22:13:50+00:00\" \/>\n<meta property=\"og:image\" content=\"https:\/\/ueberlebenskunst.at\/survivalshop\/wp-content\/uploads\/2021\/01\/3DCover_Krisengarten.png\" \/>\n\t<meta property=\"og:image:width\" content=\"750\" \/>\n\t<meta property=\"og:image:height\" content=\"500\" \/>\n\t<meta property=\"og:image:type\" content=\"image\/png\" \/>\n<meta name=\"twitter:card\" content=\"summary_large_image\" \/>\n<meta name=\"twitter:label1\" content=\"Gesch\u00e4tzte Lesezeit\" \/>\n\t<meta name=\"twitter:data1\" content=\"2\u00a0Minuten\" \/>\n<script type=\"application\/ld+json\" class=\"yoast-schema-graph\">{\"@context\":\"https:\/\/schema.org\",\"@graph\":[{\"@type\":\"WebPage\",\"@id\":\"https:\/\/ueberlebenskunst.at\/survivalshop\/shop\/maengelexemplare-der-krisen-selbstversorger-garten\/\",\"url\":\"https:\/\/ueberlebenskunst.at\/survivalshop\/shop\/maengelexemplare-der-krisen-selbstversorger-garten\/\",\"name\":\"M\u00e4ngelexemplare: Der Krisen Selbstversorger Garten von der Planung bis zur Umsetzung\",\"isPartOf\":{\"@id\":\"https:\/\/ueberlebenskunst.at\/survivalshop\/#website\"},\"primaryImageOfPage\":{\"@id\":\"https:\/\/ueberlebenskunst.at\/survivalshop\/shop\/maengelexemplare-der-krisen-selbstversorger-garten\/#primaryimage\"},\"image\":{\"@id\":\"https:\/\/ueberlebenskunst.at\/survivalshop\/shop\/maengelexemplare-der-krisen-selbstversorger-garten\/#primaryimage\"},\"thumbnailUrl\":\"https:\/\/ueberlebenskunst.at\/survivalshop\/wp-content\/uploads\/2021\/01\/3DCover_Krisengarten.png\",\"datePublished\":\"2026-05-05T06:33:44+00:00\",\"dateModified\":\"2026-05-08T22:13:50+00:00\",\"description\":\"Mit dem Buch \\\"Der Krisen Selbstversorger Garten\\\" erh\u00e4lts du die notwendigen Infos rund um Planung und Umsetzung deines Selbstversorgergartens\",\"breadcrumb\":{\"@id\":\"https:\/\/ueberlebenskunst.at\/survivalshop\/shop\/maengelexemplare-der-krisen-selbstversorger-garten\/#breadcrumb\"},\"inLanguage\":\"de\",\"potentialAction\":[{\"@type\":\"ReadAction\",\"target\":[\"https:\/\/ueberlebenskunst.at\/survivalshop\/shop\/maengelexemplare-der-krisen-selbstversorger-garten\/\"]}]},{\"@type\":\"ImageObject\",\"inLanguage\":\"de\",\"@id\":\"https:\/\/ueberlebenskunst.at\/survivalshop\/shop\/maengelexemplare-der-krisen-selbstversorger-garten\/#primaryimage\",\"url\":\"https:\/\/ueberlebenskunst.at\/survivalshop\/wp-content\/uploads\/2021\/01\/3DCover_Krisengarten.png\",\"contentUrl\":\"https:\/\/ueberlebenskunst.at\/survivalshop\/wp-content\/uploads\/2021\/01\/3DCover_Krisengarten.png\",\"width\":750,\"height\":500},{\"@type\":\"BreadcrumbList\",\"@id\":\"https:\/\/ueberlebenskunst.at\/survivalshop\/shop\/maengelexemplare-der-krisen-selbstversorger-garten\/#breadcrumb\",\"itemListElement\":[{\"@type\":\"ListItem\",\"position\":1,\"name\":\"Startseite\",\"item\":\"https:\/\/ueberlebenskunst.at\/survivalshop\/\"},{\"@type\":\"ListItem\",\"position\":2,\"name\":\"Shop\",\"item\":\"https:\/\/ueberlebenskunst.at\/survivalshop\/shop\/\"},{\"@type\":\"ListItem\",\"position\":3,\"name\":\"M\u00e4ngelexemplare: Der Krisen Selbstversorger Garten\"}]},{\"@type\":\"WebSite\",\"@id\":\"https:\/\/ueberlebenskunst.at\/survivalshop\/#website\",\"url\":\"https:\/\/ueberlebenskunst.at\/survivalshop\/\",\"name\":\"Reini Rossmann - Survival Shop\",\"description\":\"Survival Shop f\u00fcr Survival, Bushcraft und Prepper\",\"potentialAction\":[{\"@type\":\"SearchAction\",\"target\":{\"@type\":\"EntryPoint\",\"urlTemplate\":\"https:\/\/ueberlebenskunst.at\/survivalshop\/?s={search_term_string}\"},\"query-input\":{\"@type\":\"PropertyValueSpecification\",\"valueRequired\":true,\"valueName\":\"search_term_string\"}}],\"inLanguage\":\"de\"}]}<\/script>\n<!-- \/ Yoast SEO plugin. -->","yoast_head_json":{"title":"M\u00e4ngelexemplare: Der Krisen Selbstversorger Garten von der Planung bis zur Umsetzung","description":"Mit dem Buch \"Der Krisen Selbstversorger Garten\" erh\u00e4lts du die notwendigen Infos rund um Planung und Umsetzung deines Selbstversorgergartens","robots":{"index":"index","follow":"follow","max-snippet":"max-snippet:-1","max-image-preview":"max-image-preview:large","max-video-preview":"max-video-preview:-1"},"canonical":"https:\/\/ueberlebenskunst.at\/survivalshop\/shop\/maengelexemplare-der-krisen-selbstversorger-garten\/","og_locale":"de_DE","og_type":"article","og_title":"M\u00e4ngelexemplare: Der Krisen Selbstversorger Garten von der Planung bis zur Umsetzung","og_description":"Mit dem Buch \"Der Krisen Selbstversorger Garten\" erh\u00e4lts du die notwendigen Infos rund um Planung und Umsetzung deines Selbstversorgergartens","og_url":"https:\/\/ueberlebenskunst.at\/survivalshop\/shop\/maengelexemplare-der-krisen-selbstversorger-garten\/","og_site_name":"Reini Rossmann - Survival Shop","article_publisher":"https:\/\/www.facebook.com\/survival24.org\/","article_modified_time":"2026-05-08T22:13:50+00:00","og_image":[{"width":750,"height":500,"url":"https:\/\/ueberlebenskunst.at\/survivalshop\/wp-content\/uploads\/2021\/01\/3DCover_Krisengarten.png","type":"image\/png"}],"twitter_card":"summary_large_image","twitter_misc":{"Gesch\u00e4tzte Lesezeit":"2\u00a0Minuten"},"schema":{"@context":"https:\/\/schema.org","@graph":[{"@type":"WebPage","@id":"https:\/\/ueberlebenskunst.at\/survivalshop\/shop\/maengelexemplare-der-krisen-selbstversorger-garten\/","url":"https:\/\/ueberlebenskunst.at\/survivalshop\/shop\/maengelexemplare-der-krisen-selbstversorger-garten\/","name":"M\u00e4ngelexemplare: Der Krisen Selbstversorger Garten von der Planung bis zur Umsetzung","isPartOf":{"@id":"https:\/\/ueberlebenskunst.at\/survivalshop\/#website"},"primaryImageOfPage":{"@id":"https:\/\/ueberlebenskunst.at\/survivalshop\/shop\/maengelexemplare-der-krisen-selbstversorger-garten\/#primaryimage"},"image":{"@id":"https:\/\/ueberlebenskunst.at\/survivalshop\/shop\/maengelexemplare-der-krisen-selbstversorger-garten\/#primaryimage"},"thumbnailUrl":"https:\/\/ueberlebenskunst.at\/survivalshop\/wp-content\/uploads\/2021\/01\/3DCover_Krisengarten.png","datePublished":"2026-05-05T06:33:44+00:00","dateModified":"2026-05-08T22:13:50+00:00","description":"Mit dem Buch \"Der Krisen Selbstversorger Garten\" erh\u00e4lts du die notwendigen Infos rund um Planung und Umsetzung deines Selbstversorgergartens","breadcrumb":{"@id":"https:\/\/ueberlebenskunst.at\/survivalshop\/shop\/maengelexemplare-der-krisen-selbstversorger-garten\/#breadcrumb"},"inLanguage":"de","potentialAction":[{"@type":"ReadAction","target":["https:\/\/ueberlebenskunst.at\/survivalshop\/shop\/maengelexemplare-der-krisen-selbstversorger-garten\/"]}]},{"@type":"ImageObject","inLanguage":"de","@id":"https:\/\/ueberlebenskunst.at\/survivalshop\/shop\/maengelexemplare-der-krisen-selbstversorger-garten\/#primaryimage","url":"https:\/\/ueberlebenskunst.at\/survivalshop\/wp-content\/uploads\/2021\/01\/3DCover_Krisengarten.png","contentUrl":"https:\/\/ueberlebenskunst.at\/survivalshop\/wp-content\/uploads\/2021\/01\/3DCover_Krisengarten.png","width":750,"height":500},{"@type":"BreadcrumbList","@id":"https:\/\/ueberlebenskunst.at\/survivalshop\/shop\/maengelexemplare-der-krisen-selbstversorger-garten\/#breadcrumb","itemListElement":[{"@type":"ListItem","position":1,"name":"Startseite","item":"https:\/\/ueberlebenskunst.at\/survivalshop\/"},{"@type":"ListItem","position":2,"name":"Shop","item":"https:\/\/ueberlebenskunst.at\/survivalshop\/shop\/"},{"@type":"ListItem","position":3,"name":"M\u00e4ngelexemplare: Der Krisen Selbstversorger Garten"}]},{"@type":"WebSite","@id":"https:\/\/ueberlebenskunst.at\/survivalshop\/#website","url":"https:\/\/ueberlebenskunst.at\/survivalshop\/","name":"Reini Rossmann - Survival Shop","description":"Survival Shop f\u00fcr Survival, Bushcraft und Prepper","potentialAction":[{"@type":"SearchAction","target":{"@type":"EntryPoint","urlTemplate":"https:\/\/ueberlebenskunst.at\/survivalshop\/?s={search_term_string}"},"query-input":{"@type":"PropertyValueSpecification","valueRequired":true,"valueName":"search_term_string"}}],"inLanguage":"de"}]}},"_links":{"self":[{"href":"https:\/\/ueberlebenskunst.at\/survivalshop\/wp-json\/wp\/v2\/product\/207906","targetHints":{"allow":["GET"]}}],"collection":[{"href":"https:\/\/ueberlebenskunst.at\/survivalshop\/wp-json\/wp\/v2\/product"}],"about":[{"href":"https:\/\/ueberlebenskunst.at\/survivalshop\/wp-json\/wp\/v2\/types\/product"}],"replies":[{"embeddable":true,"href":"https:\/\/ueberlebenskunst.at\/survivalshop\/wp-json\/wp\/v2\/comments?post=207906"}],"wp:featuredmedia":[{"embeddable":true,"href":"https:\/\/ueberlebenskunst.at\/survivalshop\/wp-json\/wp\/v2\/media\/21836"}],"wp:attachment":[{"href":"https:\/\/ueberlebenskunst.at\/survivalshop\/wp-json\/wp\/v2\/media?parent=207906"}],"wp:term":[{"taxonomy":"product_brand","embeddable":true,"href":"https:\/\/ueberlebenskunst.at\/survivalshop\/wp-json\/wp\/v2\/product_brand?post=207906"},{"taxonomy":"product_cat","embeddable":true,"href":"https:\/\/ueberlebenskunst.at\/survivalshop\/wp-json\/wp\/v2\/product_cat?post=207906"},{"taxonomy":"product_tag","embeddable":true,"href":"https:\/\/ueberlebenskunst.at\/survivalshop\/wp-json\/wp\/v2\/product_tag?post=207906"}],"curies":[{"name":"wp","href":"https:\/\/api.w.org\/{rel}","templated":true}]}}