{"id":207896,"date":"2026-05-05T06:54:52","date_gmt":"2026-05-05T04:54:52","guid":{"rendered":"https:\/\/ueberlebenskunst.at\/survivalshop\/?post_type=product&#038;p=207896"},"modified":"2026-05-09T00:13:54","modified_gmt":"2026-05-08T22:13:54","slug":"einlage-fuer-altoids-dose","status":"publish","type":"product","link":"https:\/\/ueberlebenskunst.at\/survivalshop\/shop\/einlage-fuer-altoids-dose\/","title":{"rendered":"Einlage f\u00fcr Altoids Dose"},"content":{"rendered":"<p>Diese praktische Einlage wurde speziell f\u00fcr die beliebte Altoids-Dose entwickelt und verwandelt die kleine Metalldose in ein durchdachtes Ordnungssystem f\u00fcr Survival, EDC und Outdoor-Anwendungen.<\/p>\n<p>Die Einlage selbst ist in unterschiedlichen Modellen erh\u00e4ltlich und bietet je nach Ausf\u00fchrung Platz f\u00fcr Feuerstahl, Zunder, Angelzubeh\u00f6r, kleine Werkzeuge, Medikamente, N\u00e4hzeug oder andere wichtige Kleinteile. So l\u00e4sst sich die Dose individuell als Feuerkit, Anglerkit, Mini-Survival-Set oder kompaktes EDC-Kit zusammenstellen.<\/p>\n<p>Gerade unterwegs z\u00e4hlt jedes Detail. Mit der passenden Einlage bleibt alles \u00fcbersichtlich verstaut, schnell griffbereit und sicher an seinem Platz. Ob im Rucksack, in der Jackentasche, im Handschuhfach oder als Teil einer Notfallausr\u00fcstung, diese Einlage macht aus einer einfachen Dose ein vielseitiges Mini-Kit f\u00fcr Alltag, Outdoor und Survival.<\/p>\n<p>Lieferumfang: 1 Einlage<\/p>\n<p><strong>Die Dose auf den Produktbildern ist im Lieferumfang NICHT enthalten! Diese muss separat gekauft werden.<\/strong><\/p>\n<p>Sieh dir auch diese <a href=\"https:\/\/ueberlebenskunst.at\/survivalshop\/shop\/survival-dose\/\" target=\"_blank\" rel=\"noopener\">Survival und EDC Dose designed by Reini Rossmann<\/a> an!<\/p>\n","protected":false},"excerpt":{"rendered":"<p>Diese praktische Einlage wurde speziell f\u00fcr die beliebte Altoids-Dose entwickelt und verwandelt die kleine Metalldose in ein durchdachtes Ordnungssystem f\u00fcr Survival, EDC und Outdoor-Anwendungen. Die Einlage selbst ist in unterschiedlichen Modellen erh\u00e4ltlich und bietet je nach Ausf\u00fchrung Platz f\u00fcr Feuerstahl, Zunder, Angelzubeh\u00f6r, kleine Werkzeuge, Medikamente, N\u00e4hzeug oder andere wichtige Kleinteile. So l\u00e4sst sich die Dose [&hellip;]<\/p>\n","protected":false},"featured_media":207900,"comment_status":"open","ping_status":"closed","template":"","meta":{"_acf_changed":false},"product_brand":[],"product_cat":[1101,1945],"product_tag":[],"class_list":{"0":"post-207896","1":"product","2":"type-product","3":"status-publish","4":"has-post-thumbnail","6":"product_cat-ausruestung","7":"product_cat-survivalausruestung","9":"first","10":"instock","11":"taxable","12":"shipping-taxable","13":"purchasable","14":"product-type-variable","15":"has-default-attributes"},"acf":[],"yoast_head":"<!-- This site is optimized with the Yoast SEO plugin v27.1.1 - https:\/\/yoast.com\/product\/yoast-seo-wordpress\/ -->\n<title>Einlage f\u00fcr Altoids Dose - Reini Rossmann - Survival Shop<\/title>\n<meta name=\"robots\" content=\"index, follow, max-snippet:-1, max-image-preview:large, max-video-preview:-1\" \/>\n<link rel=\"canonical\" href=\"https:\/\/ueberlebenskunst.at\/survivalshop\/shop\/einlage-fuer-altoids-dose\/\" \/>\n<meta property=\"og:locale\" content=\"de_DE\" \/>\n<meta property=\"og:type\" content=\"article\" \/>\n<meta property=\"og:title\" content=\"Einlage f\u00fcr Altoids Dose - Reini Rossmann - Survival Shop\" \/>\n<meta property=\"og:description\" content=\"Diese praktische Einlage wurde speziell f\u00fcr die beliebte Altoids-Dose entwickelt und verwandelt die kleine Metalldose in ein durchdachtes Ordnungssystem f\u00fcr Survival, EDC und Outdoor-Anwendungen. Die Einlage selbst ist in unterschiedlichen Modellen erh\u00e4ltlich und bietet je nach Ausf\u00fchrung Platz f\u00fcr Feuerstahl, Zunder, Angelzubeh\u00f6r, kleine Werkzeuge, Medikamente, N\u00e4hzeug oder andere wichtige Kleinteile. So l\u00e4sst sich die Dose [&hellip;]\" \/>\n<meta property=\"og:url\" content=\"https:\/\/ueberlebenskunst.at\/survivalshop\/shop\/einlage-fuer-altoids-dose\/\" \/>\n<meta property=\"og:site_name\" content=\"Reini Rossmann - Survival Shop\" \/>\n<meta property=\"article:publisher\" content=\"https:\/\/www.facebook.com\/survival24.org\/\" \/>\n<meta property=\"article:modified_time\" content=\"2026-05-08T22:13:54+00:00\" \/>\n<meta property=\"og:image\" content=\"https:\/\/ueberlebenskunst.at\/survivalshop\/wp-content\/uploads\/2026\/05\/A01.jpg\" \/>\n\t<meta property=\"og:image:width\" content=\"413\" \/>\n\t<meta property=\"og:image:height\" content=\"337\" \/>\n\t<meta property=\"og:image:type\" content=\"image\/jpeg\" \/>\n<meta name=\"twitter:card\" content=\"summary_large_image\" \/>\n<meta name=\"twitter:label1\" content=\"Gesch\u00e4tzte Lesezeit\" \/>\n\t<meta name=\"twitter:data1\" content=\"1\u00a0Minute\" \/>\n<script type=\"application\/ld+json\" class=\"yoast-schema-graph\">{\"@context\":\"https:\/\/schema.org\",\"@graph\":[{\"@type\":\"WebPage\",\"@id\":\"https:\/\/ueberlebenskunst.at\/survivalshop\/shop\/einlage-fuer-altoids-dose\/\",\"url\":\"https:\/\/ueberlebenskunst.at\/survivalshop\/shop\/einlage-fuer-altoids-dose\/\",\"name\":\"Einlage f\u00fcr Altoids Dose - Reini Rossmann - Survival Shop\",\"isPartOf\":{\"@id\":\"https:\/\/ueberlebenskunst.at\/survivalshop\/#website\"},\"primaryImageOfPage\":{\"@id\":\"https:\/\/ueberlebenskunst.at\/survivalshop\/shop\/einlage-fuer-altoids-dose\/#primaryimage\"},\"image\":{\"@id\":\"https:\/\/ueberlebenskunst.at\/survivalshop\/shop\/einlage-fuer-altoids-dose\/#primaryimage\"},\"thumbnailUrl\":\"https:\/\/ueberlebenskunst.at\/survivalshop\/wp-content\/uploads\/2026\/05\/A01.jpg\",\"datePublished\":\"2026-05-05T04:54:52+00:00\",\"dateModified\":\"2026-05-08T22:13:54+00:00\",\"breadcrumb\":{\"@id\":\"https:\/\/ueberlebenskunst.at\/survivalshop\/shop\/einlage-fuer-altoids-dose\/#breadcrumb\"},\"inLanguage\":\"de\",\"potentialAction\":[{\"@type\":\"ReadAction\",\"target\":[\"https:\/\/ueberlebenskunst.at\/survivalshop\/shop\/einlage-fuer-altoids-dose\/\"]}]},{\"@type\":\"ImageObject\",\"inLanguage\":\"de\",\"@id\":\"https:\/\/ueberlebenskunst.at\/survivalshop\/shop\/einlage-fuer-altoids-dose\/#primaryimage\",\"url\":\"https:\/\/ueberlebenskunst.at\/survivalshop\/wp-content\/uploads\/2026\/05\/A01.jpg\",\"contentUrl\":\"https:\/\/ueberlebenskunst.at\/survivalshop\/wp-content\/uploads\/2026\/05\/A01.jpg\",\"width\":413,\"height\":337},{\"@type\":\"BreadcrumbList\",\"@id\":\"https:\/\/ueberlebenskunst.at\/survivalshop\/shop\/einlage-fuer-altoids-dose\/#breadcrumb\",\"itemListElement\":[{\"@type\":\"ListItem\",\"position\":1,\"name\":\"Startseite\",\"item\":\"https:\/\/ueberlebenskunst.at\/survivalshop\/\"},{\"@type\":\"ListItem\",\"position\":2,\"name\":\"Shop\",\"item\":\"https:\/\/ueberlebenskunst.at\/survivalshop\/shop\/\"},{\"@type\":\"ListItem\",\"position\":3,\"name\":\"Einlage f\u00fcr Altoids Dose\"}]},{\"@type\":\"WebSite\",\"@id\":\"https:\/\/ueberlebenskunst.at\/survivalshop\/#website\",\"url\":\"https:\/\/ueberlebenskunst.at\/survivalshop\/\",\"name\":\"Reini Rossmann - Survival Shop\",\"description\":\"Survival Shop f\u00fcr Survival, Bushcraft und Prepper\",\"potentialAction\":[{\"@type\":\"SearchAction\",\"target\":{\"@type\":\"EntryPoint\",\"urlTemplate\":\"https:\/\/ueberlebenskunst.at\/survivalshop\/?s={search_term_string}\"},\"query-input\":{\"@type\":\"PropertyValueSpecification\",\"valueRequired\":true,\"valueName\":\"search_term_string\"}}],\"inLanguage\":\"de\"}]}<\/script>\n<!-- \/ Yoast SEO plugin. -->","yoast_head_json":{"title":"Einlage f\u00fcr Altoids Dose - Reini Rossmann - Survival Shop","robots":{"index":"index","follow":"follow","max-snippet":"max-snippet:-1","max-image-preview":"max-image-preview:large","max-video-preview":"max-video-preview:-1"},"canonical":"https:\/\/ueberlebenskunst.at\/survivalshop\/shop\/einlage-fuer-altoids-dose\/","og_locale":"de_DE","og_type":"article","og_title":"Einlage f\u00fcr Altoids Dose - Reini Rossmann - Survival Shop","og_description":"Diese praktische Einlage wurde speziell f\u00fcr die beliebte Altoids-Dose entwickelt und verwandelt die kleine Metalldose in ein durchdachtes Ordnungssystem f\u00fcr Survival, EDC und Outdoor-Anwendungen. Die Einlage selbst ist in unterschiedlichen Modellen erh\u00e4ltlich und bietet je nach Ausf\u00fchrung Platz f\u00fcr Feuerstahl, Zunder, Angelzubeh\u00f6r, kleine Werkzeuge, Medikamente, N\u00e4hzeug oder andere wichtige Kleinteile. So l\u00e4sst sich die Dose [&hellip;]","og_url":"https:\/\/ueberlebenskunst.at\/survivalshop\/shop\/einlage-fuer-altoids-dose\/","og_site_name":"Reini Rossmann - Survival Shop","article_publisher":"https:\/\/www.facebook.com\/survival24.org\/","article_modified_time":"2026-05-08T22:13:54+00:00","og_image":[{"width":413,"height":337,"url":"https:\/\/ueberlebenskunst.at\/survivalshop\/wp-content\/uploads\/2026\/05\/A01.jpg","type":"image\/jpeg"}],"twitter_card":"summary_large_image","twitter_misc":{"Gesch\u00e4tzte Lesezeit":"1\u00a0Minute"},"schema":{"@context":"https:\/\/schema.org","@graph":[{"@type":"WebPage","@id":"https:\/\/ueberlebenskunst.at\/survivalshop\/shop\/einlage-fuer-altoids-dose\/","url":"https:\/\/ueberlebenskunst.at\/survivalshop\/shop\/einlage-fuer-altoids-dose\/","name":"Einlage f\u00fcr Altoids Dose - Reini Rossmann - Survival Shop","isPartOf":{"@id":"https:\/\/ueberlebenskunst.at\/survivalshop\/#website"},"primaryImageOfPage":{"@id":"https:\/\/ueberlebenskunst.at\/survivalshop\/shop\/einlage-fuer-altoids-dose\/#primaryimage"},"image":{"@id":"https:\/\/ueberlebenskunst.at\/survivalshop\/shop\/einlage-fuer-altoids-dose\/#primaryimage"},"thumbnailUrl":"https:\/\/ueberlebenskunst.at\/survivalshop\/wp-content\/uploads\/2026\/05\/A01.jpg","datePublished":"2026-05-05T04:54:52+00:00","dateModified":"2026-05-08T22:13:54+00:00","breadcrumb":{"@id":"https:\/\/ueberlebenskunst.at\/survivalshop\/shop\/einlage-fuer-altoids-dose\/#breadcrumb"},"inLanguage":"de","potentialAction":[{"@type":"ReadAction","target":["https:\/\/ueberlebenskunst.at\/survivalshop\/shop\/einlage-fuer-altoids-dose\/"]}]},{"@type":"ImageObject","inLanguage":"de","@id":"https:\/\/ueberlebenskunst.at\/survivalshop\/shop\/einlage-fuer-altoids-dose\/#primaryimage","url":"https:\/\/ueberlebenskunst.at\/survivalshop\/wp-content\/uploads\/2026\/05\/A01.jpg","contentUrl":"https:\/\/ueberlebenskunst.at\/survivalshop\/wp-content\/uploads\/2026\/05\/A01.jpg","width":413,"height":337},{"@type":"BreadcrumbList","@id":"https:\/\/ueberlebenskunst.at\/survivalshop\/shop\/einlage-fuer-altoids-dose\/#breadcrumb","itemListElement":[{"@type":"ListItem","position":1,"name":"Startseite","item":"https:\/\/ueberlebenskunst.at\/survivalshop\/"},{"@type":"ListItem","position":2,"name":"Shop","item":"https:\/\/ueberlebenskunst.at\/survivalshop\/shop\/"},{"@type":"ListItem","position":3,"name":"Einlage f\u00fcr Altoids Dose"}]},{"@type":"WebSite","@id":"https:\/\/ueberlebenskunst.at\/survivalshop\/#website","url":"https:\/\/ueberlebenskunst.at\/survivalshop\/","name":"Reini Rossmann - Survival Shop","description":"Survival Shop f\u00fcr Survival, Bushcraft und Prepper","potentialAction":[{"@type":"SearchAction","target":{"@type":"EntryPoint","urlTemplate":"https:\/\/ueberlebenskunst.at\/survivalshop\/?s={search_term_string}"},"query-input":{"@type":"PropertyValueSpecification","valueRequired":true,"valueName":"search_term_string"}}],"inLanguage":"de"}]}},"_links":{"self":[{"href":"https:\/\/ueberlebenskunst.at\/survivalshop\/wp-json\/wp\/v2\/product\/207896","targetHints":{"allow":["GET"]}}],"collection":[{"href":"https:\/\/ueberlebenskunst.at\/survivalshop\/wp-json\/wp\/v2\/product"}],"about":[{"href":"https:\/\/ueberlebenskunst.at\/survivalshop\/wp-json\/wp\/v2\/types\/product"}],"replies":[{"embeddable":true,"href":"https:\/\/ueberlebenskunst.at\/survivalshop\/wp-json\/wp\/v2\/comments?post=207896"}],"wp:featuredmedia":[{"embeddable":true,"href":"https:\/\/ueberlebenskunst.at\/survivalshop\/wp-json\/wp\/v2\/media\/207900"}],"wp:attachment":[{"href":"https:\/\/ueberlebenskunst.at\/survivalshop\/wp-json\/wp\/v2\/media?parent=207896"}],"wp:term":[{"taxonomy":"product_brand","embeddable":true,"href":"https:\/\/ueberlebenskunst.at\/survivalshop\/wp-json\/wp\/v2\/product_brand?post=207896"},{"taxonomy":"product_cat","embeddable":true,"href":"https:\/\/ueberlebenskunst.at\/survivalshop\/wp-json\/wp\/v2\/product_cat?post=207896"},{"taxonomy":"product_tag","embeddable":true,"href":"https:\/\/ueberlebenskunst.at\/survivalshop\/wp-json\/wp\/v2\/product_tag?post=207896"}],"curies":[{"name":"wp","href":"https:\/\/api.w.org\/{rel}","templated":true}]}}