{"id":207408,"date":"2026-04-24T11:07:36","date_gmt":"2026-04-24T09:07:36","guid":{"rendered":"https:\/\/ueberlebenskunst.at\/survivalshop\/?post_type=product&#038;p=207408"},"modified":"2026-04-24T11:11:34","modified_gmt":"2026-04-24T09:11:34","slug":"flohmarktware-xxxl-feuerstahl-mit-griff","status":"publish","type":"product","link":"https:\/\/ueberlebenskunst.at\/survivalshop\/shop\/flohmarktware-xxxl-feuerstahl-mit-griff\/","title":{"rendered":"Flohmarktware: XXXL Feuerstahl mit Griff"},"content":{"rendered":"<p>Was bedeutet Flohmarktware? Lieferumfang wie abgebildet. Deutliche Gebrauchsspuren und Unsch\u00f6nheiten am Griff. Grunds\u00e4tzlich ist die Funktionalit\u00e4t gegeben. Bitte nur kaufen, wenn du mit diesen Unsch\u00f6nheiten umgehen kannst. Konkret ist das Loch im Griff f\u00fcr die Aufnahme des Feuerstahls zu gro\u00df geraten, das bedeutet es kann dort Schmutz eintreten.<\/p>\n<p>Es handelt sich um gebrauchte Ware, die u.U. Gebrauchsspuren aufweist. Wenn du Neuware erwartest, dann bist du mit diesem Artikel nicht gl\u00fccklich. Bitte die Produktbeschreibung GENAU lesen um alle eventuellen Besch\u00e4digungen, Gebrauchsspuren und Nachteile zu erkennen.<\/p>\n<p>Unsere Produkte sind nicht f\u00fcr Kinder unter 3 Jahren geeignet. Es besteht Verschluckungsgefahr.<\/p>\n<p><a href=\"https:\/\/ueberlebenskunst.at\/survivalshop\/wp-content\/uploads\/2021\/11\/Logo_Kubotan.png\"><img decoding=\"async\" class=\"alignnone size-medium wp-image-179572\" src=\"https:\/\/ueberlebenskunst.at\/survivalshop\/wp-content\/uploads\/2021\/11\/Logo_Kubotan-300x94.png\" alt=\"\" width=\"300\" height=\"94\" srcset=\"https:\/\/ueberlebenskunst.at\/survivalshop\/wp-content\/uploads\/2021\/11\/Logo_Kubotan-300x94.png 300w, https:\/\/ueberlebenskunst.at\/survivalshop\/wp-content\/uploads\/2021\/11\/Logo_Kubotan-64x20.png 64w, https:\/\/ueberlebenskunst.at\/survivalshop\/wp-content\/uploads\/2021\/11\/Logo_Kubotan.png 537w\" sizes=\"(max-width: 300px) 100vw, 300px\" \/><\/a><\/p>\n","protected":false},"excerpt":{"rendered":"<p>Was bedeutet Flohmarktware? Lieferumfang wie abgebildet. Deutliche Gebrauchsspuren und Unsch\u00f6nheiten am Griff. Grunds\u00e4tzlich ist die Funktionalit\u00e4t gegeben. Bitte nur kaufen, wenn du mit diesen Unsch\u00f6nheiten umgehen kannst. Konkret ist das Loch im Griff f\u00fcr die Aufnahme des Feuerstahls zu gro\u00df geraten, das bedeutet es kann dort Schmutz eintreten. Es handelt sich um gebrauchte Ware, die [&hellip;]<\/p>\n","protected":false},"featured_media":207409,"comment_status":"closed","ping_status":"closed","template":"","meta":{"_acf_changed":false},"product_brand":[],"product_cat":[2389],"product_tag":[2390],"class_list":{"0":"post-207408","1":"product","2":"type-product","3":"status-publish","4":"has-post-thumbnail","6":"product_cat-flohmarkt","7":"product_tag-flohmarkt","9":"first","10":"instock","11":"taxable","12":"shipping-taxable","13":"purchasable","14":"product-type-simple"},"acf":[],"yoast_head":"<!-- This site is optimized with the Yoast SEO plugin v27.1.1 - https:\/\/yoast.com\/product\/yoast-seo-wordpress\/ -->\n<title>Flohmarktware: XXXL Feuerstahl mit Griff - Reini Rossmann - Survival Shop<\/title>\n<meta name=\"robots\" content=\"index, follow, max-snippet:-1, max-image-preview:large, max-video-preview:-1\" \/>\n<link rel=\"canonical\" href=\"https:\/\/ueberlebenskunst.at\/survivalshop\/shop\/flohmarktware-xxxl-feuerstahl-mit-griff\/\" \/>\n<meta property=\"og:locale\" content=\"de_DE\" \/>\n<meta property=\"og:type\" content=\"article\" \/>\n<meta property=\"og:title\" content=\"Flohmarktware: XXXL Feuerstahl mit Griff - Reini Rossmann - Survival Shop\" \/>\n<meta property=\"og:description\" content=\"Was bedeutet Flohmarktware? Lieferumfang wie abgebildet. Deutliche Gebrauchsspuren und Unsch\u00f6nheiten am Griff. Grunds\u00e4tzlich ist die Funktionalit\u00e4t gegeben. Bitte nur kaufen, wenn du mit diesen Unsch\u00f6nheiten umgehen kannst. Konkret ist das Loch im Griff f\u00fcr die Aufnahme des Feuerstahls zu gro\u00df geraten, das bedeutet es kann dort Schmutz eintreten. Es handelt sich um gebrauchte Ware, die [&hellip;]\" \/>\n<meta property=\"og:url\" content=\"https:\/\/ueberlebenskunst.at\/survivalshop\/shop\/flohmarktware-xxxl-feuerstahl-mit-griff\/\" \/>\n<meta property=\"og:site_name\" content=\"Reini Rossmann - Survival Shop\" \/>\n<meta property=\"article:publisher\" content=\"https:\/\/www.facebook.com\/survival24.org\/\" \/>\n<meta property=\"article:modified_time\" content=\"2026-04-24T09:11:34+00:00\" \/>\n<meta property=\"og:image\" content=\"https:\/\/ueberlebenskunst.at\/survivalshop\/wp-content\/uploads\/2026\/04\/flohxxl.jpg\" \/>\n\t<meta property=\"og:image:width\" content=\"334\" \/>\n\t<meta property=\"og:image:height\" content=\"516\" \/>\n\t<meta property=\"og:image:type\" content=\"image\/jpeg\" \/>\n<meta name=\"twitter:card\" content=\"summary_large_image\" \/>\n<meta name=\"twitter:label1\" content=\"Gesch\u00e4tzte Lesezeit\" \/>\n\t<meta name=\"twitter:data1\" content=\"1\u00a0Minute\" \/>\n<script type=\"application\/ld+json\" class=\"yoast-schema-graph\">{\"@context\":\"https:\/\/schema.org\",\"@graph\":[{\"@type\":\"WebPage\",\"@id\":\"https:\/\/ueberlebenskunst.at\/survivalshop\/shop\/flohmarktware-xxxl-feuerstahl-mit-griff\/\",\"url\":\"https:\/\/ueberlebenskunst.at\/survivalshop\/shop\/flohmarktware-xxxl-feuerstahl-mit-griff\/\",\"name\":\"Flohmarktware: XXXL Feuerstahl mit Griff - Reini Rossmann - Survival Shop\",\"isPartOf\":{\"@id\":\"https:\/\/ueberlebenskunst.at\/survivalshop\/#website\"},\"primaryImageOfPage\":{\"@id\":\"https:\/\/ueberlebenskunst.at\/survivalshop\/shop\/flohmarktware-xxxl-feuerstahl-mit-griff\/#primaryimage\"},\"image\":{\"@id\":\"https:\/\/ueberlebenskunst.at\/survivalshop\/shop\/flohmarktware-xxxl-feuerstahl-mit-griff\/#primaryimage\"},\"thumbnailUrl\":\"https:\/\/ueberlebenskunst.at\/survivalshop\/wp-content\/uploads\/2026\/04\/flohxxl.jpg\",\"datePublished\":\"2026-04-24T09:07:36+00:00\",\"dateModified\":\"2026-04-24T09:11:34+00:00\",\"breadcrumb\":{\"@id\":\"https:\/\/ueberlebenskunst.at\/survivalshop\/shop\/flohmarktware-xxxl-feuerstahl-mit-griff\/#breadcrumb\"},\"inLanguage\":\"de\",\"potentialAction\":[{\"@type\":\"ReadAction\",\"target\":[\"https:\/\/ueberlebenskunst.at\/survivalshop\/shop\/flohmarktware-xxxl-feuerstahl-mit-griff\/\"]}]},{\"@type\":\"ImageObject\",\"inLanguage\":\"de\",\"@id\":\"https:\/\/ueberlebenskunst.at\/survivalshop\/shop\/flohmarktware-xxxl-feuerstahl-mit-griff\/#primaryimage\",\"url\":\"https:\/\/ueberlebenskunst.at\/survivalshop\/wp-content\/uploads\/2026\/04\/flohxxl.jpg\",\"contentUrl\":\"https:\/\/ueberlebenskunst.at\/survivalshop\/wp-content\/uploads\/2026\/04\/flohxxl.jpg\",\"width\":334,\"height\":516},{\"@type\":\"BreadcrumbList\",\"@id\":\"https:\/\/ueberlebenskunst.at\/survivalshop\/shop\/flohmarktware-xxxl-feuerstahl-mit-griff\/#breadcrumb\",\"itemListElement\":[{\"@type\":\"ListItem\",\"position\":1,\"name\":\"Startseite\",\"item\":\"https:\/\/ueberlebenskunst.at\/survivalshop\/\"},{\"@type\":\"ListItem\",\"position\":2,\"name\":\"Shop\",\"item\":\"https:\/\/ueberlebenskunst.at\/survivalshop\/shop\/\"},{\"@type\":\"ListItem\",\"position\":3,\"name\":\"Flohmarktware: XXXL Feuerstahl mit Griff\"}]},{\"@type\":\"WebSite\",\"@id\":\"https:\/\/ueberlebenskunst.at\/survivalshop\/#website\",\"url\":\"https:\/\/ueberlebenskunst.at\/survivalshop\/\",\"name\":\"Reini Rossmann - Survival Shop\",\"description\":\"Survival Shop f\u00fcr Survival, Bushcraft und Prepper\",\"potentialAction\":[{\"@type\":\"SearchAction\",\"target\":{\"@type\":\"EntryPoint\",\"urlTemplate\":\"https:\/\/ueberlebenskunst.at\/survivalshop\/?s={search_term_string}\"},\"query-input\":{\"@type\":\"PropertyValueSpecification\",\"valueRequired\":true,\"valueName\":\"search_term_string\"}}],\"inLanguage\":\"de\"}]}<\/script>\n<!-- \/ Yoast SEO plugin. -->","yoast_head_json":{"title":"Flohmarktware: XXXL Feuerstahl mit Griff - Reini Rossmann - Survival Shop","robots":{"index":"index","follow":"follow","max-snippet":"max-snippet:-1","max-image-preview":"max-image-preview:large","max-video-preview":"max-video-preview:-1"},"canonical":"https:\/\/ueberlebenskunst.at\/survivalshop\/shop\/flohmarktware-xxxl-feuerstahl-mit-griff\/","og_locale":"de_DE","og_type":"article","og_title":"Flohmarktware: XXXL Feuerstahl mit Griff - Reini Rossmann - Survival Shop","og_description":"Was bedeutet Flohmarktware? Lieferumfang wie abgebildet. Deutliche Gebrauchsspuren und Unsch\u00f6nheiten am Griff. Grunds\u00e4tzlich ist die Funktionalit\u00e4t gegeben. Bitte nur kaufen, wenn du mit diesen Unsch\u00f6nheiten umgehen kannst. Konkret ist das Loch im Griff f\u00fcr die Aufnahme des Feuerstahls zu gro\u00df geraten, das bedeutet es kann dort Schmutz eintreten. Es handelt sich um gebrauchte Ware, die [&hellip;]","og_url":"https:\/\/ueberlebenskunst.at\/survivalshop\/shop\/flohmarktware-xxxl-feuerstahl-mit-griff\/","og_site_name":"Reini Rossmann - Survival Shop","article_publisher":"https:\/\/www.facebook.com\/survival24.org\/","article_modified_time":"2026-04-24T09:11:34+00:00","og_image":[{"width":334,"height":516,"url":"https:\/\/ueberlebenskunst.at\/survivalshop\/wp-content\/uploads\/2026\/04\/flohxxl.jpg","type":"image\/jpeg"}],"twitter_card":"summary_large_image","twitter_misc":{"Gesch\u00e4tzte Lesezeit":"1\u00a0Minute"},"schema":{"@context":"https:\/\/schema.org","@graph":[{"@type":"WebPage","@id":"https:\/\/ueberlebenskunst.at\/survivalshop\/shop\/flohmarktware-xxxl-feuerstahl-mit-griff\/","url":"https:\/\/ueberlebenskunst.at\/survivalshop\/shop\/flohmarktware-xxxl-feuerstahl-mit-griff\/","name":"Flohmarktware: XXXL Feuerstahl mit Griff - Reini Rossmann - Survival Shop","isPartOf":{"@id":"https:\/\/ueberlebenskunst.at\/survivalshop\/#website"},"primaryImageOfPage":{"@id":"https:\/\/ueberlebenskunst.at\/survivalshop\/shop\/flohmarktware-xxxl-feuerstahl-mit-griff\/#primaryimage"},"image":{"@id":"https:\/\/ueberlebenskunst.at\/survivalshop\/shop\/flohmarktware-xxxl-feuerstahl-mit-griff\/#primaryimage"},"thumbnailUrl":"https:\/\/ueberlebenskunst.at\/survivalshop\/wp-content\/uploads\/2026\/04\/flohxxl.jpg","datePublished":"2026-04-24T09:07:36+00:00","dateModified":"2026-04-24T09:11:34+00:00","breadcrumb":{"@id":"https:\/\/ueberlebenskunst.at\/survivalshop\/shop\/flohmarktware-xxxl-feuerstahl-mit-griff\/#breadcrumb"},"inLanguage":"de","potentialAction":[{"@type":"ReadAction","target":["https:\/\/ueberlebenskunst.at\/survivalshop\/shop\/flohmarktware-xxxl-feuerstahl-mit-griff\/"]}]},{"@type":"ImageObject","inLanguage":"de","@id":"https:\/\/ueberlebenskunst.at\/survivalshop\/shop\/flohmarktware-xxxl-feuerstahl-mit-griff\/#primaryimage","url":"https:\/\/ueberlebenskunst.at\/survivalshop\/wp-content\/uploads\/2026\/04\/flohxxl.jpg","contentUrl":"https:\/\/ueberlebenskunst.at\/survivalshop\/wp-content\/uploads\/2026\/04\/flohxxl.jpg","width":334,"height":516},{"@type":"BreadcrumbList","@id":"https:\/\/ueberlebenskunst.at\/survivalshop\/shop\/flohmarktware-xxxl-feuerstahl-mit-griff\/#breadcrumb","itemListElement":[{"@type":"ListItem","position":1,"name":"Startseite","item":"https:\/\/ueberlebenskunst.at\/survivalshop\/"},{"@type":"ListItem","position":2,"name":"Shop","item":"https:\/\/ueberlebenskunst.at\/survivalshop\/shop\/"},{"@type":"ListItem","position":3,"name":"Flohmarktware: XXXL Feuerstahl mit Griff"}]},{"@type":"WebSite","@id":"https:\/\/ueberlebenskunst.at\/survivalshop\/#website","url":"https:\/\/ueberlebenskunst.at\/survivalshop\/","name":"Reini Rossmann - Survival Shop","description":"Survival Shop f\u00fcr Survival, Bushcraft und Prepper","potentialAction":[{"@type":"SearchAction","target":{"@type":"EntryPoint","urlTemplate":"https:\/\/ueberlebenskunst.at\/survivalshop\/?s={search_term_string}"},"query-input":{"@type":"PropertyValueSpecification","valueRequired":true,"valueName":"search_term_string"}}],"inLanguage":"de"}]}},"_links":{"self":[{"href":"https:\/\/ueberlebenskunst.at\/survivalshop\/wp-json\/wp\/v2\/product\/207408","targetHints":{"allow":["GET"]}}],"collection":[{"href":"https:\/\/ueberlebenskunst.at\/survivalshop\/wp-json\/wp\/v2\/product"}],"about":[{"href":"https:\/\/ueberlebenskunst.at\/survivalshop\/wp-json\/wp\/v2\/types\/product"}],"replies":[{"embeddable":true,"href":"https:\/\/ueberlebenskunst.at\/survivalshop\/wp-json\/wp\/v2\/comments?post=207408"}],"wp:featuredmedia":[{"embeddable":true,"href":"https:\/\/ueberlebenskunst.at\/survivalshop\/wp-json\/wp\/v2\/media\/207409"}],"wp:attachment":[{"href":"https:\/\/ueberlebenskunst.at\/survivalshop\/wp-json\/wp\/v2\/media?parent=207408"}],"wp:term":[{"taxonomy":"product_brand","embeddable":true,"href":"https:\/\/ueberlebenskunst.at\/survivalshop\/wp-json\/wp\/v2\/product_brand?post=207408"},{"taxonomy":"product_cat","embeddable":true,"href":"https:\/\/ueberlebenskunst.at\/survivalshop\/wp-json\/wp\/v2\/product_cat?post=207408"},{"taxonomy":"product_tag","embeddable":true,"href":"https:\/\/ueberlebenskunst.at\/survivalshop\/wp-json\/wp\/v2\/product_tag?post=207408"}],"curies":[{"name":"wp","href":"https:\/\/api.w.org\/{rel}","templated":true}]}}