{"id":207393,"date":"2026-04-24T10:44:19","date_gmt":"2026-04-24T08:44:19","guid":{"rendered":"https:\/\/ueberlebenskunst.at\/survivalshop\/?post_type=product&#038;p=207393"},"modified":"2026-04-28T14:26:47","modified_gmt":"2026-04-28T12:26:47","slug":"flohmarktware-xxl-feuerstahl-prototyp-einzelstueck","status":"publish","type":"product","link":"https:\/\/ueberlebenskunst.at\/survivalshop\/shop\/flohmarktware-xxl-feuerstahl-prototyp-einzelstueck\/","title":{"rendered":"Flohmarktware: XXXL Feuerstahl Prototyp Einzelst\u00fcck"},"content":{"rendered":"<p>Was bedeutet Flohmarktware? Gr\u00f6\u00dfe und Zustand wie abgebildet.\u00a0 Bitte nur dann kaufen, wenn du Gebrauchtware akzeptierst. Dieses Produkt ist grunds\u00e4tzlich in einwandfreiem Zustand.<\/p>\n<p>Es handelt sich um gebrauchte Ware, die u.U. Gebrauchsspuren aufweist. Wenn du Neuware erwartest, dann bist du mit diesem Artikel nicht gl\u00fccklich. Bitte die Produktbeschreibung GENAU lesen um alle eventuellen Besch\u00e4digungen, Gebrauchsspuren und Nachteile zu erkennen.<\/p>\n<p>Unsere Produkte sind nicht f\u00fcr Kinder unter 3 Jahren geeignet. Es besteht Verschluckungsgefahr.<\/p>\n<p><a href=\"https:\/\/ueberlebenskunst.at\/survivalshop\/wp-content\/uploads\/2021\/11\/Logo_Kubotan.png\"><img decoding=\"async\" class=\"alignnone size-medium wp-image-179572\" src=\"https:\/\/ueberlebenskunst.at\/survivalshop\/wp-content\/uploads\/2021\/11\/Logo_Kubotan-300x94.png\" alt=\"\" width=\"300\" height=\"94\" srcset=\"https:\/\/ueberlebenskunst.at\/survivalshop\/wp-content\/uploads\/2021\/11\/Logo_Kubotan-300x94.png 300w, https:\/\/ueberlebenskunst.at\/survivalshop\/wp-content\/uploads\/2021\/11\/Logo_Kubotan-64x20.png 64w, https:\/\/ueberlebenskunst.at\/survivalshop\/wp-content\/uploads\/2021\/11\/Logo_Kubotan.png 537w\" sizes=\"(max-width: 300px) 100vw, 300px\" \/><\/a><\/p>\n","protected":false},"excerpt":{"rendered":"<p>Was bedeutet Flohmarktware? Gr\u00f6\u00dfe und Zustand wie abgebildet.\u00a0 Bitte nur dann kaufen, wenn du Gebrauchtware akzeptierst. Dieses Produkt ist grunds\u00e4tzlich in einwandfreiem Zustand. Es handelt sich um gebrauchte Ware, die u.U. Gebrauchsspuren aufweist. Wenn du Neuware erwartest, dann bist du mit diesem Artikel nicht gl\u00fccklich. Bitte die Produktbeschreibung GENAU lesen um alle eventuellen Besch\u00e4digungen, Gebrauchsspuren [&hellip;]<\/p>\n","protected":false},"featured_media":207394,"comment_status":"closed","ping_status":"closed","template":"","meta":{"_acf_changed":false},"product_brand":[],"product_cat":[2389],"product_tag":[2390],"class_list":{"0":"post-207393","1":"product","2":"type-product","3":"status-publish","4":"has-post-thumbnail","6":"product_cat-flohmarkt","7":"product_tag-flohmarkt","9":"first","10":"instock","11":"taxable","12":"shipping-taxable","13":"purchasable","14":"product-type-simple"},"acf":[],"yoast_head":"<!-- This site is optimized with the Yoast SEO plugin v27.1.1 - https:\/\/yoast.com\/product\/yoast-seo-wordpress\/ -->\n<title>Flohmarktware: XXXL Feuerstahl Prototyp Einzelst\u00fcck - Reini Rossmann - Survival Shop<\/title>\n<meta name=\"robots\" content=\"index, follow, max-snippet:-1, max-image-preview:large, max-video-preview:-1\" \/>\n<link rel=\"canonical\" href=\"https:\/\/ueberlebenskunst.at\/survivalshop\/shop\/flohmarktware-xxl-feuerstahl-prototyp-einzelstueck\/\" \/>\n<meta property=\"og:locale\" content=\"de_DE\" \/>\n<meta property=\"og:type\" content=\"article\" \/>\n<meta property=\"og:title\" content=\"Flohmarktware: XXXL Feuerstahl Prototyp Einzelst\u00fcck - Reini Rossmann - Survival Shop\" \/>\n<meta property=\"og:description\" content=\"Was bedeutet Flohmarktware? Gr\u00f6\u00dfe und Zustand wie abgebildet.\u00a0 Bitte nur dann kaufen, wenn du Gebrauchtware akzeptierst. Dieses Produkt ist grunds\u00e4tzlich in einwandfreiem Zustand. Es handelt sich um gebrauchte Ware, die u.U. Gebrauchsspuren aufweist. Wenn du Neuware erwartest, dann bist du mit diesem Artikel nicht gl\u00fccklich. Bitte die Produktbeschreibung GENAU lesen um alle eventuellen Besch\u00e4digungen, Gebrauchsspuren [&hellip;]\" \/>\n<meta property=\"og:url\" content=\"https:\/\/ueberlebenskunst.at\/survivalshop\/shop\/flohmarktware-xxl-feuerstahl-prototyp-einzelstueck\/\" \/>\n<meta property=\"og:site_name\" content=\"Reini Rossmann - Survival Shop\" \/>\n<meta property=\"article:publisher\" content=\"https:\/\/www.facebook.com\/survival24.org\/\" \/>\n<meta property=\"article:modified_time\" content=\"2026-04-28T12:26:47+00:00\" \/>\n<meta property=\"og:image\" content=\"https:\/\/ueberlebenskunst.at\/survivalshop\/wp-content\/uploads\/2026\/04\/xxl-1.jpg\" \/>\n\t<meta property=\"og:image:width\" content=\"323\" \/>\n\t<meta property=\"og:image:height\" content=\"497\" \/>\n\t<meta property=\"og:image:type\" content=\"image\/jpeg\" \/>\n<meta name=\"twitter:card\" content=\"summary_large_image\" \/>\n<meta name=\"twitter:label1\" content=\"Gesch\u00e4tzte Lesezeit\" \/>\n\t<meta name=\"twitter:data1\" content=\"1\u00a0Minute\" \/>\n<script type=\"application\/ld+json\" class=\"yoast-schema-graph\">{\"@context\":\"https:\/\/schema.org\",\"@graph\":[{\"@type\":\"WebPage\",\"@id\":\"https:\/\/ueberlebenskunst.at\/survivalshop\/shop\/flohmarktware-xxl-feuerstahl-prototyp-einzelstueck\/\",\"url\":\"https:\/\/ueberlebenskunst.at\/survivalshop\/shop\/flohmarktware-xxl-feuerstahl-prototyp-einzelstueck\/\",\"name\":\"Flohmarktware: XXXL Feuerstahl Prototyp Einzelst\u00fcck - Reini Rossmann - Survival Shop\",\"isPartOf\":{\"@id\":\"https:\/\/ueberlebenskunst.at\/survivalshop\/#website\"},\"primaryImageOfPage\":{\"@id\":\"https:\/\/ueberlebenskunst.at\/survivalshop\/shop\/flohmarktware-xxl-feuerstahl-prototyp-einzelstueck\/#primaryimage\"},\"image\":{\"@id\":\"https:\/\/ueberlebenskunst.at\/survivalshop\/shop\/flohmarktware-xxl-feuerstahl-prototyp-einzelstueck\/#primaryimage\"},\"thumbnailUrl\":\"https:\/\/ueberlebenskunst.at\/survivalshop\/wp-content\/uploads\/2026\/04\/xxl-1.jpg\",\"datePublished\":\"2026-04-24T08:44:19+00:00\",\"dateModified\":\"2026-04-28T12:26:47+00:00\",\"breadcrumb\":{\"@id\":\"https:\/\/ueberlebenskunst.at\/survivalshop\/shop\/flohmarktware-xxl-feuerstahl-prototyp-einzelstueck\/#breadcrumb\"},\"inLanguage\":\"de\",\"potentialAction\":[{\"@type\":\"ReadAction\",\"target\":[\"https:\/\/ueberlebenskunst.at\/survivalshop\/shop\/flohmarktware-xxl-feuerstahl-prototyp-einzelstueck\/\"]}]},{\"@type\":\"ImageObject\",\"inLanguage\":\"de\",\"@id\":\"https:\/\/ueberlebenskunst.at\/survivalshop\/shop\/flohmarktware-xxl-feuerstahl-prototyp-einzelstueck\/#primaryimage\",\"url\":\"https:\/\/ueberlebenskunst.at\/survivalshop\/wp-content\/uploads\/2026\/04\/xxl-1.jpg\",\"contentUrl\":\"https:\/\/ueberlebenskunst.at\/survivalshop\/wp-content\/uploads\/2026\/04\/xxl-1.jpg\",\"width\":323,\"height\":497},{\"@type\":\"BreadcrumbList\",\"@id\":\"https:\/\/ueberlebenskunst.at\/survivalshop\/shop\/flohmarktware-xxl-feuerstahl-prototyp-einzelstueck\/#breadcrumb\",\"itemListElement\":[{\"@type\":\"ListItem\",\"position\":1,\"name\":\"Startseite\",\"item\":\"https:\/\/ueberlebenskunst.at\/survivalshop\/\"},{\"@type\":\"ListItem\",\"position\":2,\"name\":\"Shop\",\"item\":\"https:\/\/ueberlebenskunst.at\/survivalshop\/shop\/\"},{\"@type\":\"ListItem\",\"position\":3,\"name\":\"Flohmarktware: XXXL Feuerstahl Prototyp Einzelst\u00fcck\"}]},{\"@type\":\"WebSite\",\"@id\":\"https:\/\/ueberlebenskunst.at\/survivalshop\/#website\",\"url\":\"https:\/\/ueberlebenskunst.at\/survivalshop\/\",\"name\":\"Reini Rossmann - Survival Shop\",\"description\":\"Survival Shop f\u00fcr Survival, Bushcraft und Prepper\",\"potentialAction\":[{\"@type\":\"SearchAction\",\"target\":{\"@type\":\"EntryPoint\",\"urlTemplate\":\"https:\/\/ueberlebenskunst.at\/survivalshop\/?s={search_term_string}\"},\"query-input\":{\"@type\":\"PropertyValueSpecification\",\"valueRequired\":true,\"valueName\":\"search_term_string\"}}],\"inLanguage\":\"de\"}]}<\/script>\n<!-- \/ Yoast SEO plugin. -->","yoast_head_json":{"title":"Flohmarktware: XXXL Feuerstahl Prototyp Einzelst\u00fcck - Reini Rossmann - Survival Shop","robots":{"index":"index","follow":"follow","max-snippet":"max-snippet:-1","max-image-preview":"max-image-preview:large","max-video-preview":"max-video-preview:-1"},"canonical":"https:\/\/ueberlebenskunst.at\/survivalshop\/shop\/flohmarktware-xxl-feuerstahl-prototyp-einzelstueck\/","og_locale":"de_DE","og_type":"article","og_title":"Flohmarktware: XXXL Feuerstahl Prototyp Einzelst\u00fcck - Reini Rossmann - Survival Shop","og_description":"Was bedeutet Flohmarktware? Gr\u00f6\u00dfe und Zustand wie abgebildet.\u00a0 Bitte nur dann kaufen, wenn du Gebrauchtware akzeptierst. Dieses Produkt ist grunds\u00e4tzlich in einwandfreiem Zustand. Es handelt sich um gebrauchte Ware, die u.U. Gebrauchsspuren aufweist. Wenn du Neuware erwartest, dann bist du mit diesem Artikel nicht gl\u00fccklich. Bitte die Produktbeschreibung GENAU lesen um alle eventuellen Besch\u00e4digungen, Gebrauchsspuren [&hellip;]","og_url":"https:\/\/ueberlebenskunst.at\/survivalshop\/shop\/flohmarktware-xxl-feuerstahl-prototyp-einzelstueck\/","og_site_name":"Reini Rossmann - Survival Shop","article_publisher":"https:\/\/www.facebook.com\/survival24.org\/","article_modified_time":"2026-04-28T12:26:47+00:00","og_image":[{"width":323,"height":497,"url":"https:\/\/ueberlebenskunst.at\/survivalshop\/wp-content\/uploads\/2026\/04\/xxl-1.jpg","type":"image\/jpeg"}],"twitter_card":"summary_large_image","twitter_misc":{"Gesch\u00e4tzte Lesezeit":"1\u00a0Minute"},"schema":{"@context":"https:\/\/schema.org","@graph":[{"@type":"WebPage","@id":"https:\/\/ueberlebenskunst.at\/survivalshop\/shop\/flohmarktware-xxl-feuerstahl-prototyp-einzelstueck\/","url":"https:\/\/ueberlebenskunst.at\/survivalshop\/shop\/flohmarktware-xxl-feuerstahl-prototyp-einzelstueck\/","name":"Flohmarktware: XXXL Feuerstahl Prototyp Einzelst\u00fcck - Reini Rossmann - Survival Shop","isPartOf":{"@id":"https:\/\/ueberlebenskunst.at\/survivalshop\/#website"},"primaryImageOfPage":{"@id":"https:\/\/ueberlebenskunst.at\/survivalshop\/shop\/flohmarktware-xxl-feuerstahl-prototyp-einzelstueck\/#primaryimage"},"image":{"@id":"https:\/\/ueberlebenskunst.at\/survivalshop\/shop\/flohmarktware-xxl-feuerstahl-prototyp-einzelstueck\/#primaryimage"},"thumbnailUrl":"https:\/\/ueberlebenskunst.at\/survivalshop\/wp-content\/uploads\/2026\/04\/xxl-1.jpg","datePublished":"2026-04-24T08:44:19+00:00","dateModified":"2026-04-28T12:26:47+00:00","breadcrumb":{"@id":"https:\/\/ueberlebenskunst.at\/survivalshop\/shop\/flohmarktware-xxl-feuerstahl-prototyp-einzelstueck\/#breadcrumb"},"inLanguage":"de","potentialAction":[{"@type":"ReadAction","target":["https:\/\/ueberlebenskunst.at\/survivalshop\/shop\/flohmarktware-xxl-feuerstahl-prototyp-einzelstueck\/"]}]},{"@type":"ImageObject","inLanguage":"de","@id":"https:\/\/ueberlebenskunst.at\/survivalshop\/shop\/flohmarktware-xxl-feuerstahl-prototyp-einzelstueck\/#primaryimage","url":"https:\/\/ueberlebenskunst.at\/survivalshop\/wp-content\/uploads\/2026\/04\/xxl-1.jpg","contentUrl":"https:\/\/ueberlebenskunst.at\/survivalshop\/wp-content\/uploads\/2026\/04\/xxl-1.jpg","width":323,"height":497},{"@type":"BreadcrumbList","@id":"https:\/\/ueberlebenskunst.at\/survivalshop\/shop\/flohmarktware-xxl-feuerstahl-prototyp-einzelstueck\/#breadcrumb","itemListElement":[{"@type":"ListItem","position":1,"name":"Startseite","item":"https:\/\/ueberlebenskunst.at\/survivalshop\/"},{"@type":"ListItem","position":2,"name":"Shop","item":"https:\/\/ueberlebenskunst.at\/survivalshop\/shop\/"},{"@type":"ListItem","position":3,"name":"Flohmarktware: XXXL Feuerstahl Prototyp Einzelst\u00fcck"}]},{"@type":"WebSite","@id":"https:\/\/ueberlebenskunst.at\/survivalshop\/#website","url":"https:\/\/ueberlebenskunst.at\/survivalshop\/","name":"Reini Rossmann - Survival Shop","description":"Survival Shop f\u00fcr Survival, Bushcraft und Prepper","potentialAction":[{"@type":"SearchAction","target":{"@type":"EntryPoint","urlTemplate":"https:\/\/ueberlebenskunst.at\/survivalshop\/?s={search_term_string}"},"query-input":{"@type":"PropertyValueSpecification","valueRequired":true,"valueName":"search_term_string"}}],"inLanguage":"de"}]}},"_links":{"self":[{"href":"https:\/\/ueberlebenskunst.at\/survivalshop\/wp-json\/wp\/v2\/product\/207393","targetHints":{"allow":["GET"]}}],"collection":[{"href":"https:\/\/ueberlebenskunst.at\/survivalshop\/wp-json\/wp\/v2\/product"}],"about":[{"href":"https:\/\/ueberlebenskunst.at\/survivalshop\/wp-json\/wp\/v2\/types\/product"}],"replies":[{"embeddable":true,"href":"https:\/\/ueberlebenskunst.at\/survivalshop\/wp-json\/wp\/v2\/comments?post=207393"}],"wp:featuredmedia":[{"embeddable":true,"href":"https:\/\/ueberlebenskunst.at\/survivalshop\/wp-json\/wp\/v2\/media\/207394"}],"wp:attachment":[{"href":"https:\/\/ueberlebenskunst.at\/survivalshop\/wp-json\/wp\/v2\/media?parent=207393"}],"wp:term":[{"taxonomy":"product_brand","embeddable":true,"href":"https:\/\/ueberlebenskunst.at\/survivalshop\/wp-json\/wp\/v2\/product_brand?post=207393"},{"taxonomy":"product_cat","embeddable":true,"href":"https:\/\/ueberlebenskunst.at\/survivalshop\/wp-json\/wp\/v2\/product_cat?post=207393"},{"taxonomy":"product_tag","embeddable":true,"href":"https:\/\/ueberlebenskunst.at\/survivalshop\/wp-json\/wp\/v2\/product_tag?post=207393"}],"curies":[{"name":"wp","href":"https:\/\/api.w.org\/{rel}","templated":true}]}}