{"id":207385,"date":"2026-04-24T10:27:58","date_gmt":"2026-04-24T08:27:58","guid":{"rendered":"https:\/\/ueberlebenskunst.at\/survivalshop\/?post_type=product&#038;p=207385"},"modified":"2026-04-25T07:51:17","modified_gmt":"2026-04-25T05:51:17","slug":"b-ware-meinungsverstaerker-grip-mit-signalpfeife","status":"publish","type":"product","link":"https:\/\/ueberlebenskunst.at\/survivalshop\/shop\/b-ware-meinungsverstaerker-grip-mit-signalpfeife\/","title":{"rendered":"B-Ware Meinungsverst\u00e4rker Grip &#8211; mit Signalpfeife"},"content":{"rendered":"<p>Was bedeutet B-Ware? Das Produkt ist absolut funktionsf\u00e4hig, hat kleine Unsch\u00f6nheiten und ist besonders im Inneren der Pfeife nicht perfekt umgesetzt. Die Pfeife funktioniert dennoch, aber das Produkt ist nicht einwandfrei von der Optik. Bitte nur dann kaufen, wenn du das akzeptierst.<\/p>\n<p>Mit diesem vielseitigen Tool hast du nicht nur ein effektives Selbstverteidigungswerkzeug, sondern auch eine integrierte Notfall-Signalpfeife stets griffbereit. In brenzligen Situationen kannst du schnell auf dich aufmerksam machen und Angreifer mit einem lauten Signalton abschrecken. Dank der ergonomischen Form liegt das Werkzeug sicher in deiner Hand und erm\u00f6glicht dir, gezielt Druckpunkte oder empfindliche Stellen zu erreichen. Wenn du im Alltag ein Plus an Sicherheit suchst, ohne auf sperrige Ausr\u00fcstung angewiesen zu sein, ist dieses Tool die perfekte L\u00f6sung. Schau dir hier noch unsere anderen <a href=\"https:\/\/ueberlebenskunst.at\/survivalshop\/produkt-schlagwort\/meinungsverstaerker\/\" target=\"_blank\" rel=\"noopener\">Meinungsverst\u00e4rker<\/a> an.<\/p>\n<p><strong>Meinungsverst\u00e4rker Grip &#8211;\u00a0 stumpf:<\/strong><\/p>\n<ul>\n<li>Gewicht: ca. 50 g<\/li>\n<li>Abmessungen: D = 27 mm, L\u00e4nge = 159 mm<\/li>\n<\/ul>\n<p><strong>Meinungsverst\u00e4rker Grip mit Spitze:<\/strong><\/p>\n<ul>\n<li>Gewicht: ca. 52 g<\/li>\n<li>Abmessungen: D = 27 mm, L\u00e4nge = 170 mm<\/li>\n<\/ul>\n<h3>Lieferumfang:<\/h3>\n<ul>\n<li>Meinungsverst\u00e4rker B-Ware<\/li>\n<li><strong>ACHTUNG:<\/strong> auf den Produktbildern befindet sich optionales Zubeh\u00f6r, das im Lieferumfang NICHT enthalten ist.<\/li>\n<\/ul>\n<h3>Bedienungs- &amp; Pflegeanleitung:<\/h3>\n<ul>\n<li>Die Reinigung mit Wasser\u00a0 ist m\u00f6glich.<\/li>\n<li>Du solltest das Produkt nicht direkt in die N\u00e4he von Feuer oder anderen Hitzequellen legen!<\/li>\n<li>Wird dieses Produkt \u00fcber l\u00e4ngere Zeit sehr kalten Temperaturen unter 0 \u00b0C ausgesetzt, solltest du<br \/>\nin dem Moment darauf achten, dass keine starken Belastungen darauf einwirken.<\/li>\n<\/ul>\n<p><strong>Unsere Produkte sind nicht f\u00fcr Kinder unter 3 Jahren geeignet. Es besteht Verschluckungsgefahr.<\/strong><\/p>\n<p><a href=\"https:\/\/ueberlebenskunst.at\/survivalshop\/wp-content\/uploads\/2024\/12\/Beipackzettel_Kubotan111224.pdf\" target=\"_blank\" rel=\"noopener\">&gt;&gt;Download Sicherheitsdatenblatt&lt;&lt; <\/a><\/p>\n<p><a href=\"https:\/\/ueberlebenskunst.at\/survivalshop\/wp-content\/uploads\/2021\/11\/Logo_Kubotan.png\"><img decoding=\"async\" class=\"alignnone size-medium wp-image-179572\" src=\"https:\/\/ueberlebenskunst.at\/survivalshop\/wp-content\/uploads\/2021\/11\/Logo_Kubotan-300x94.png\" alt=\"\" width=\"300\" height=\"94\" srcset=\"https:\/\/ueberlebenskunst.at\/survivalshop\/wp-content\/uploads\/2021\/11\/Logo_Kubotan-300x94.png 300w, https:\/\/ueberlebenskunst.at\/survivalshop\/wp-content\/uploads\/2021\/11\/Logo_Kubotan-64x20.png 64w, https:\/\/ueberlebenskunst.at\/survivalshop\/wp-content\/uploads\/2021\/11\/Logo_Kubotan.png 537w\" sizes=\"(max-width: 300px) 100vw, 300px\" \/><\/a><\/p>\n","protected":false},"excerpt":{"rendered":"<p>Was bedeutet B-Ware? Das Produkt ist absolut funktionsf\u00e4hig, hat kleine Unsch\u00f6nheiten und ist besonders im Inneren der Pfeife nicht perfekt umgesetzt. Die Pfeife funktioniert dennoch, aber das Produkt ist nicht einwandfrei von der Optik. Bitte nur dann kaufen, wenn du das akzeptierst. Mit diesem vielseitigen Tool hast du nicht nur ein effektives Selbstverteidigungswerkzeug, sondern auch [&hellip;]<\/p>\n","protected":false},"featured_media":207391,"comment_status":"open","ping_status":"closed","template":"","meta":{"_acf_changed":false},"product_brand":[],"product_cat":[2352,1945],"product_tag":[2325],"class_list":{"0":"post-207385","1":"product","2":"type-product","3":"status-publish","4":"has-post-thumbnail","6":"product_cat-b-ware","7":"product_cat-survivalausruestung","8":"product_tag-meinungsverstaerker","9":"pa_farbe-orange","10":"pa_farbe-schwarz","11":"pa_farbe-violett","13":"first","14":"instock","15":"sale","16":"taxable","17":"shipping-taxable","18":"purchasable","19":"product-type-variable","20":"has-default-attributes"},"acf":[],"yoast_head":"<!-- This site is optimized with the Yoast SEO plugin v27.1.1 - https:\/\/yoast.com\/product\/yoast-seo-wordpress\/ -->\n<title>B-Ware Meinungsverst\u00e4rker Grip - mit Signalpfeife - Reini Rossmann - Survival Shop<\/title>\n<meta name=\"robots\" content=\"index, follow, max-snippet:-1, max-image-preview:large, max-video-preview:-1\" \/>\n<link rel=\"canonical\" href=\"https:\/\/ueberlebenskunst.at\/survivalshop\/shop\/b-ware-meinungsverstaerker-grip-mit-signalpfeife\/\" \/>\n<meta property=\"og:locale\" content=\"de_DE\" \/>\n<meta property=\"og:type\" content=\"article\" \/>\n<meta property=\"og:title\" content=\"B-Ware Meinungsverst\u00e4rker Grip - mit Signalpfeife - Reini Rossmann - Survival Shop\" \/>\n<meta property=\"og:description\" content=\"Was bedeutet B-Ware? Das Produkt ist absolut funktionsf\u00e4hig, hat kleine Unsch\u00f6nheiten und ist besonders im Inneren der Pfeife nicht perfekt umgesetzt. Die Pfeife funktioniert dennoch, aber das Produkt ist nicht einwandfrei von der Optik. Bitte nur dann kaufen, wenn du das akzeptierst. Mit diesem vielseitigen Tool hast du nicht nur ein effektives Selbstverteidigungswerkzeug, sondern auch [&hellip;]\" \/>\n<meta property=\"og:url\" content=\"https:\/\/ueberlebenskunst.at\/survivalshop\/shop\/b-ware-meinungsverstaerker-grip-mit-signalpfeife\/\" \/>\n<meta property=\"og:site_name\" content=\"Reini Rossmann - Survival Shop\" \/>\n<meta property=\"article:publisher\" content=\"https:\/\/www.facebook.com\/survival24.org\/\" \/>\n<meta property=\"article:modified_time\" content=\"2026-04-25T05:51:17+00:00\" \/>\n<meta property=\"og:image\" content=\"https:\/\/ueberlebenskunst.at\/survivalshop\/wp-content\/uploads\/2026\/04\/AB00-B-Ware_KUBPFGL_stumpf_FS_orange.jpg\" \/>\n\t<meta property=\"og:image:width\" content=\"322\" \/>\n\t<meta property=\"og:image:height\" content=\"555\" \/>\n\t<meta property=\"og:image:type\" content=\"image\/jpeg\" \/>\n<meta name=\"twitter:card\" content=\"summary_large_image\" \/>\n<meta name=\"twitter:label1\" content=\"Gesch\u00e4tzte Lesezeit\" \/>\n\t<meta name=\"twitter:data1\" content=\"2\u00a0Minuten\" \/>\n<script type=\"application\/ld+json\" class=\"yoast-schema-graph\">{\"@context\":\"https:\/\/schema.org\",\"@graph\":[{\"@type\":\"WebPage\",\"@id\":\"https:\/\/ueberlebenskunst.at\/survivalshop\/shop\/b-ware-meinungsverstaerker-grip-mit-signalpfeife\/\",\"url\":\"https:\/\/ueberlebenskunst.at\/survivalshop\/shop\/b-ware-meinungsverstaerker-grip-mit-signalpfeife\/\",\"name\":\"B-Ware Meinungsverst\u00e4rker Grip - mit Signalpfeife - Reini Rossmann - Survival Shop\",\"isPartOf\":{\"@id\":\"https:\/\/ueberlebenskunst.at\/survivalshop\/#website\"},\"primaryImageOfPage\":{\"@id\":\"https:\/\/ueberlebenskunst.at\/survivalshop\/shop\/b-ware-meinungsverstaerker-grip-mit-signalpfeife\/#primaryimage\"},\"image\":{\"@id\":\"https:\/\/ueberlebenskunst.at\/survivalshop\/shop\/b-ware-meinungsverstaerker-grip-mit-signalpfeife\/#primaryimage\"},\"thumbnailUrl\":\"https:\/\/ueberlebenskunst.at\/survivalshop\/wp-content\/uploads\/2026\/04\/AB00-B-Ware_KUBPFGL_stumpf_FS_orange.jpg\",\"datePublished\":\"2026-04-24T08:27:58+00:00\",\"dateModified\":\"2026-04-25T05:51:17+00:00\",\"breadcrumb\":{\"@id\":\"https:\/\/ueberlebenskunst.at\/survivalshop\/shop\/b-ware-meinungsverstaerker-grip-mit-signalpfeife\/#breadcrumb\"},\"inLanguage\":\"de\",\"potentialAction\":[{\"@type\":\"ReadAction\",\"target\":[\"https:\/\/ueberlebenskunst.at\/survivalshop\/shop\/b-ware-meinungsverstaerker-grip-mit-signalpfeife\/\"]}]},{\"@type\":\"ImageObject\",\"inLanguage\":\"de\",\"@id\":\"https:\/\/ueberlebenskunst.at\/survivalshop\/shop\/b-ware-meinungsverstaerker-grip-mit-signalpfeife\/#primaryimage\",\"url\":\"https:\/\/ueberlebenskunst.at\/survivalshop\/wp-content\/uploads\/2026\/04\/AB00-B-Ware_KUBPFGL_stumpf_FS_orange.jpg\",\"contentUrl\":\"https:\/\/ueberlebenskunst.at\/survivalshop\/wp-content\/uploads\/2026\/04\/AB00-B-Ware_KUBPFGL_stumpf_FS_orange.jpg\",\"width\":322,\"height\":555},{\"@type\":\"BreadcrumbList\",\"@id\":\"https:\/\/ueberlebenskunst.at\/survivalshop\/shop\/b-ware-meinungsverstaerker-grip-mit-signalpfeife\/#breadcrumb\",\"itemListElement\":[{\"@type\":\"ListItem\",\"position\":1,\"name\":\"Startseite\",\"item\":\"https:\/\/ueberlebenskunst.at\/survivalshop\/\"},{\"@type\":\"ListItem\",\"position\":2,\"name\":\"Shop\",\"item\":\"https:\/\/ueberlebenskunst.at\/survivalshop\/shop\/\"},{\"@type\":\"ListItem\",\"position\":3,\"name\":\"B-Ware Meinungsverst\u00e4rker Grip &#8211; mit Signalpfeife\"}]},{\"@type\":\"WebSite\",\"@id\":\"https:\/\/ueberlebenskunst.at\/survivalshop\/#website\",\"url\":\"https:\/\/ueberlebenskunst.at\/survivalshop\/\",\"name\":\"Reini Rossmann - Survival Shop\",\"description\":\"Survival Shop f\u00fcr Survival, Bushcraft und Prepper\",\"potentialAction\":[{\"@type\":\"SearchAction\",\"target\":{\"@type\":\"EntryPoint\",\"urlTemplate\":\"https:\/\/ueberlebenskunst.at\/survivalshop\/?s={search_term_string}\"},\"query-input\":{\"@type\":\"PropertyValueSpecification\",\"valueRequired\":true,\"valueName\":\"search_term_string\"}}],\"inLanguage\":\"de\"}]}<\/script>\n<!-- \/ Yoast SEO plugin. -->","yoast_head_json":{"title":"B-Ware Meinungsverst\u00e4rker Grip - mit Signalpfeife - Reini Rossmann - Survival Shop","robots":{"index":"index","follow":"follow","max-snippet":"max-snippet:-1","max-image-preview":"max-image-preview:large","max-video-preview":"max-video-preview:-1"},"canonical":"https:\/\/ueberlebenskunst.at\/survivalshop\/shop\/b-ware-meinungsverstaerker-grip-mit-signalpfeife\/","og_locale":"de_DE","og_type":"article","og_title":"B-Ware Meinungsverst\u00e4rker Grip - mit Signalpfeife - Reini Rossmann - Survival Shop","og_description":"Was bedeutet B-Ware? Das Produkt ist absolut funktionsf\u00e4hig, hat kleine Unsch\u00f6nheiten und ist besonders im Inneren der Pfeife nicht perfekt umgesetzt. Die Pfeife funktioniert dennoch, aber das Produkt ist nicht einwandfrei von der Optik. Bitte nur dann kaufen, wenn du das akzeptierst. Mit diesem vielseitigen Tool hast du nicht nur ein effektives Selbstverteidigungswerkzeug, sondern auch [&hellip;]","og_url":"https:\/\/ueberlebenskunst.at\/survivalshop\/shop\/b-ware-meinungsverstaerker-grip-mit-signalpfeife\/","og_site_name":"Reini Rossmann - Survival Shop","article_publisher":"https:\/\/www.facebook.com\/survival24.org\/","article_modified_time":"2026-04-25T05:51:17+00:00","og_image":[{"width":322,"height":555,"url":"https:\/\/ueberlebenskunst.at\/survivalshop\/wp-content\/uploads\/2026\/04\/AB00-B-Ware_KUBPFGL_stumpf_FS_orange.jpg","type":"image\/jpeg"}],"twitter_card":"summary_large_image","twitter_misc":{"Gesch\u00e4tzte Lesezeit":"2\u00a0Minuten"},"schema":{"@context":"https:\/\/schema.org","@graph":[{"@type":"WebPage","@id":"https:\/\/ueberlebenskunst.at\/survivalshop\/shop\/b-ware-meinungsverstaerker-grip-mit-signalpfeife\/","url":"https:\/\/ueberlebenskunst.at\/survivalshop\/shop\/b-ware-meinungsverstaerker-grip-mit-signalpfeife\/","name":"B-Ware Meinungsverst\u00e4rker Grip - mit Signalpfeife - Reini Rossmann - Survival Shop","isPartOf":{"@id":"https:\/\/ueberlebenskunst.at\/survivalshop\/#website"},"primaryImageOfPage":{"@id":"https:\/\/ueberlebenskunst.at\/survivalshop\/shop\/b-ware-meinungsverstaerker-grip-mit-signalpfeife\/#primaryimage"},"image":{"@id":"https:\/\/ueberlebenskunst.at\/survivalshop\/shop\/b-ware-meinungsverstaerker-grip-mit-signalpfeife\/#primaryimage"},"thumbnailUrl":"https:\/\/ueberlebenskunst.at\/survivalshop\/wp-content\/uploads\/2026\/04\/AB00-B-Ware_KUBPFGL_stumpf_FS_orange.jpg","datePublished":"2026-04-24T08:27:58+00:00","dateModified":"2026-04-25T05:51:17+00:00","breadcrumb":{"@id":"https:\/\/ueberlebenskunst.at\/survivalshop\/shop\/b-ware-meinungsverstaerker-grip-mit-signalpfeife\/#breadcrumb"},"inLanguage":"de","potentialAction":[{"@type":"ReadAction","target":["https:\/\/ueberlebenskunst.at\/survivalshop\/shop\/b-ware-meinungsverstaerker-grip-mit-signalpfeife\/"]}]},{"@type":"ImageObject","inLanguage":"de","@id":"https:\/\/ueberlebenskunst.at\/survivalshop\/shop\/b-ware-meinungsverstaerker-grip-mit-signalpfeife\/#primaryimage","url":"https:\/\/ueberlebenskunst.at\/survivalshop\/wp-content\/uploads\/2026\/04\/AB00-B-Ware_KUBPFGL_stumpf_FS_orange.jpg","contentUrl":"https:\/\/ueberlebenskunst.at\/survivalshop\/wp-content\/uploads\/2026\/04\/AB00-B-Ware_KUBPFGL_stumpf_FS_orange.jpg","width":322,"height":555},{"@type":"BreadcrumbList","@id":"https:\/\/ueberlebenskunst.at\/survivalshop\/shop\/b-ware-meinungsverstaerker-grip-mit-signalpfeife\/#breadcrumb","itemListElement":[{"@type":"ListItem","position":1,"name":"Startseite","item":"https:\/\/ueberlebenskunst.at\/survivalshop\/"},{"@type":"ListItem","position":2,"name":"Shop","item":"https:\/\/ueberlebenskunst.at\/survivalshop\/shop\/"},{"@type":"ListItem","position":3,"name":"B-Ware Meinungsverst\u00e4rker Grip &#8211; mit Signalpfeife"}]},{"@type":"WebSite","@id":"https:\/\/ueberlebenskunst.at\/survivalshop\/#website","url":"https:\/\/ueberlebenskunst.at\/survivalshop\/","name":"Reini Rossmann - Survival Shop","description":"Survival Shop f\u00fcr Survival, Bushcraft und Prepper","potentialAction":[{"@type":"SearchAction","target":{"@type":"EntryPoint","urlTemplate":"https:\/\/ueberlebenskunst.at\/survivalshop\/?s={search_term_string}"},"query-input":{"@type":"PropertyValueSpecification","valueRequired":true,"valueName":"search_term_string"}}],"inLanguage":"de"}]}},"_links":{"self":[{"href":"https:\/\/ueberlebenskunst.at\/survivalshop\/wp-json\/wp\/v2\/product\/207385","targetHints":{"allow":["GET"]}}],"collection":[{"href":"https:\/\/ueberlebenskunst.at\/survivalshop\/wp-json\/wp\/v2\/product"}],"about":[{"href":"https:\/\/ueberlebenskunst.at\/survivalshop\/wp-json\/wp\/v2\/types\/product"}],"replies":[{"embeddable":true,"href":"https:\/\/ueberlebenskunst.at\/survivalshop\/wp-json\/wp\/v2\/comments?post=207385"}],"wp:featuredmedia":[{"embeddable":true,"href":"https:\/\/ueberlebenskunst.at\/survivalshop\/wp-json\/wp\/v2\/media\/207391"}],"wp:attachment":[{"href":"https:\/\/ueberlebenskunst.at\/survivalshop\/wp-json\/wp\/v2\/media?parent=207385"}],"wp:term":[{"taxonomy":"product_brand","embeddable":true,"href":"https:\/\/ueberlebenskunst.at\/survivalshop\/wp-json\/wp\/v2\/product_brand?post=207385"},{"taxonomy":"product_cat","embeddable":true,"href":"https:\/\/ueberlebenskunst.at\/survivalshop\/wp-json\/wp\/v2\/product_cat?post=207385"},{"taxonomy":"product_tag","embeddable":true,"href":"https:\/\/ueberlebenskunst.at\/survivalshop\/wp-json\/wp\/v2\/product_tag?post=207385"}],"curies":[{"name":"wp","href":"https:\/\/api.w.org\/{rel}","templated":true}]}}