{"id":206280,"date":"2026-03-30T15:15:13","date_gmt":"2026-03-30T13:15:13","guid":{"rendered":"https:\/\/ueberlebenskunst.at\/survivalshop\/?post_type=product&#038;p=206280"},"modified":"2026-03-30T17:24:43","modified_gmt":"2026-03-30T15:24:43","slug":"flohmarktware-x3ds-bigpunchbutton-bpb-p-black","status":"publish","type":"product","link":"https:\/\/ueberlebenskunst.at\/survivalshop\/shop\/flohmarktware-x3ds-bigpunchbutton-bpb-p-black\/","title":{"rendered":"Flohmarktware: X3DS BigPunchButton BPB-P Black"},"content":{"rendered":"<p>Was bedeutet Flohmarkware? Neuwertig.<\/p>\n<p>Der BIG PUNCH BUTTON wird aus hochwertigem Industriepolymer im 3D-Druck Verfahren hergestellt. Dieses Polymer zeichnet sich durch eine hohe Schlagfestigkeit, hohe UV- und Witterungsbest\u00e4ndigkeit aus.<br \/>\nDes Weiteren stellt eine Aufbewahrung oder Verwendung in hei\u00dfen Umgebungen kein Problem dar, da das Polymer eine Hitzestabilit\u00e4t von bis zu 95\u00b0 C aufweist.<br \/>\nBeim Design des BPB, wurde nicht nur auf eine ergonomische Formgebung geachtet, sondern wurde auch ein gro\u00dfes Augenmerk auf die Optimierung des Kabseltausches und des Anstechvorganges gelegt.<br \/>\n\u200bAufgrund dieser Eigenschaften ist es auch f\u00fcr zierlichere H\u00e4nde oder in Stresssituationen m\u00f6glich, eine schnelle und effektive Handhabung zu bewerkstelligen.<\/p>\n<ul>\n<li>optimierte Handhabung<\/li>\n<li>schnellerer Kapseltausch<\/li>\n<li>mehr Grip durch die 3D-Druck Strucktur<\/li>\n<li>einfache Montage<\/li>\n<li>hohe mechanische Belastbarkeit<\/li>\n<li>UV- und Witterungsbest\u00e4ndig<\/li>\n<li>Temperaturbest\u00e4ndig bis zu 95\u00b0C<\/li>\n<li>Passend f\u00fcr: Walther HDP50, HDB68, NXG PS200, PS310<\/li>\n<\/ul>\n","protected":false},"excerpt":{"rendered":"<p>Was bedeutet Flohmarkware? Neuwertig. Der BIG PUNCH BUTTON wird aus hochwertigem Industriepolymer im 3D-Druck Verfahren hergestellt. Dieses Polymer zeichnet sich durch eine hohe Schlagfestigkeit, hohe UV- und Witterungsbest\u00e4ndigkeit aus. Des Weiteren stellt eine Aufbewahrung oder Verwendung in hei\u00dfen Umgebungen kein Problem dar, da das Polymer eine Hitzestabilit\u00e4t von bis zu 95\u00b0 C aufweist. Beim Design [&hellip;]<\/p>\n","protected":false},"featured_media":206282,"comment_status":"open","ping_status":"closed","template":"","meta":{"_acf_changed":false},"product_brand":[],"product_cat":[2389],"product_tag":[2390],"class_list":{"0":"post-206280","1":"product","2":"type-product","3":"status-publish","4":"has-post-thumbnail","6":"product_cat-flohmarkt","7":"product_tag-flohmarkt","9":"first","10":"instock","11":"sale","12":"taxable","13":"shipping-taxable","14":"purchasable","15":"product-type-simple"},"acf":[],"yoast_head":"<!-- This site is optimized with the Yoast SEO plugin v27.1.1 - https:\/\/yoast.com\/product\/yoast-seo-wordpress\/ -->\n<title>Flohmarktware: X3DS BigPunchButton BPB-P Black<\/title>\n<meta name=\"robots\" content=\"index, follow, max-snippet:-1, max-image-preview:large, max-video-preview:-1\" \/>\n<link rel=\"canonical\" href=\"https:\/\/ueberlebenskunst.at\/survivalshop\/shop\/flohmarktware-x3ds-bigpunchbutton-bpb-p-black\/\" \/>\n<meta property=\"og:locale\" content=\"de_DE\" \/>\n<meta property=\"og:type\" content=\"article\" \/>\n<meta property=\"og:title\" content=\"Flohmarktware: X3DS BigPunchButton BPB-P Black\" \/>\n<meta property=\"og:description\" content=\"Was bedeutet Flohmarkware? Neuwertig. Der BIG PUNCH BUTTON wird aus hochwertigem Industriepolymer im 3D-Druck Verfahren hergestellt. Dieses Polymer zeichnet sich durch eine hohe Schlagfestigkeit, hohe UV- und Witterungsbest\u00e4ndigkeit aus. Des Weiteren stellt eine Aufbewahrung oder Verwendung in hei\u00dfen Umgebungen kein Problem dar, da das Polymer eine Hitzestabilit\u00e4t von bis zu 95\u00b0 C aufweist. Beim Design [&hellip;]\" \/>\n<meta property=\"og:url\" content=\"https:\/\/ueberlebenskunst.at\/survivalshop\/shop\/flohmarktware-x3ds-bigpunchbutton-bpb-p-black\/\" \/>\n<meta property=\"og:site_name\" content=\"Reini Rossmann - Survival Shop\" \/>\n<meta property=\"article:publisher\" content=\"https:\/\/www.facebook.com\/survival24.org\/\" \/>\n<meta property=\"article:modified_time\" content=\"2026-03-30T15:24:43+00:00\" \/>\n<meta property=\"og:image\" content=\"https:\/\/ueberlebenskunst.at\/survivalshop\/wp-content\/uploads\/2026\/03\/BPB-P.jpg\" \/>\n\t<meta property=\"og:image:width\" content=\"297\" \/>\n\t<meta property=\"og:image:height\" content=\"415\" \/>\n\t<meta property=\"og:image:type\" content=\"image\/jpeg\" \/>\n<meta name=\"twitter:card\" content=\"summary_large_image\" \/>\n<meta name=\"twitter:label1\" content=\"Gesch\u00e4tzte Lesezeit\" \/>\n\t<meta name=\"twitter:data1\" content=\"1\u00a0Minute\" \/>\n<script type=\"application\/ld+json\" class=\"yoast-schema-graph\">{\"@context\":\"https:\/\/schema.org\",\"@graph\":[{\"@type\":\"WebPage\",\"@id\":\"https:\/\/ueberlebenskunst.at\/survivalshop\/shop\/flohmarktware-x3ds-bigpunchbutton-bpb-p-black\/\",\"url\":\"https:\/\/ueberlebenskunst.at\/survivalshop\/shop\/flohmarktware-x3ds-bigpunchbutton-bpb-p-black\/\",\"name\":\"Flohmarktware: X3DS BigPunchButton BPB-P Black\",\"isPartOf\":{\"@id\":\"https:\/\/ueberlebenskunst.at\/survivalshop\/#website\"},\"primaryImageOfPage\":{\"@id\":\"https:\/\/ueberlebenskunst.at\/survivalshop\/shop\/flohmarktware-x3ds-bigpunchbutton-bpb-p-black\/#primaryimage\"},\"image\":{\"@id\":\"https:\/\/ueberlebenskunst.at\/survivalshop\/shop\/flohmarktware-x3ds-bigpunchbutton-bpb-p-black\/#primaryimage\"},\"thumbnailUrl\":\"https:\/\/ueberlebenskunst.at\/survivalshop\/wp-content\/uploads\/2026\/03\/BPB-P.jpg\",\"datePublished\":\"2026-03-30T13:15:13+00:00\",\"dateModified\":\"2026-03-30T15:24:43+00:00\",\"breadcrumb\":{\"@id\":\"https:\/\/ueberlebenskunst.at\/survivalshop\/shop\/flohmarktware-x3ds-bigpunchbutton-bpb-p-black\/#breadcrumb\"},\"inLanguage\":\"de\",\"potentialAction\":[{\"@type\":\"ReadAction\",\"target\":[\"https:\/\/ueberlebenskunst.at\/survivalshop\/shop\/flohmarktware-x3ds-bigpunchbutton-bpb-p-black\/\"]}]},{\"@type\":\"ImageObject\",\"inLanguage\":\"de\",\"@id\":\"https:\/\/ueberlebenskunst.at\/survivalshop\/shop\/flohmarktware-x3ds-bigpunchbutton-bpb-p-black\/#primaryimage\",\"url\":\"https:\/\/ueberlebenskunst.at\/survivalshop\/wp-content\/uploads\/2026\/03\/BPB-P.jpg\",\"contentUrl\":\"https:\/\/ueberlebenskunst.at\/survivalshop\/wp-content\/uploads\/2026\/03\/BPB-P.jpg\",\"width\":297,\"height\":415},{\"@type\":\"BreadcrumbList\",\"@id\":\"https:\/\/ueberlebenskunst.at\/survivalshop\/shop\/flohmarktware-x3ds-bigpunchbutton-bpb-p-black\/#breadcrumb\",\"itemListElement\":[{\"@type\":\"ListItem\",\"position\":1,\"name\":\"Startseite\",\"item\":\"https:\/\/ueberlebenskunst.at\/survivalshop\/\"},{\"@type\":\"ListItem\",\"position\":2,\"name\":\"Shop\",\"item\":\"https:\/\/ueberlebenskunst.at\/survivalshop\/shop\/\"},{\"@type\":\"ListItem\",\"position\":3,\"name\":\"Flohmarktware: X3DS BigPunchButton BPB-P Black\"}]},{\"@type\":\"WebSite\",\"@id\":\"https:\/\/ueberlebenskunst.at\/survivalshop\/#website\",\"url\":\"https:\/\/ueberlebenskunst.at\/survivalshop\/\",\"name\":\"Reini Rossmann - Survival Shop\",\"description\":\"Survival Shop f\u00fcr Survival, Bushcraft und Prepper\",\"potentialAction\":[{\"@type\":\"SearchAction\",\"target\":{\"@type\":\"EntryPoint\",\"urlTemplate\":\"https:\/\/ueberlebenskunst.at\/survivalshop\/?s={search_term_string}\"},\"query-input\":{\"@type\":\"PropertyValueSpecification\",\"valueRequired\":true,\"valueName\":\"search_term_string\"}}],\"inLanguage\":\"de\"}]}<\/script>\n<!-- \/ Yoast SEO plugin. -->","yoast_head_json":{"title":"Flohmarktware: X3DS BigPunchButton BPB-P Black","robots":{"index":"index","follow":"follow","max-snippet":"max-snippet:-1","max-image-preview":"max-image-preview:large","max-video-preview":"max-video-preview:-1"},"canonical":"https:\/\/ueberlebenskunst.at\/survivalshop\/shop\/flohmarktware-x3ds-bigpunchbutton-bpb-p-black\/","og_locale":"de_DE","og_type":"article","og_title":"Flohmarktware: X3DS BigPunchButton BPB-P Black","og_description":"Was bedeutet Flohmarkware? Neuwertig. Der BIG PUNCH BUTTON wird aus hochwertigem Industriepolymer im 3D-Druck Verfahren hergestellt. Dieses Polymer zeichnet sich durch eine hohe Schlagfestigkeit, hohe UV- und Witterungsbest\u00e4ndigkeit aus. Des Weiteren stellt eine Aufbewahrung oder Verwendung in hei\u00dfen Umgebungen kein Problem dar, da das Polymer eine Hitzestabilit\u00e4t von bis zu 95\u00b0 C aufweist. Beim Design [&hellip;]","og_url":"https:\/\/ueberlebenskunst.at\/survivalshop\/shop\/flohmarktware-x3ds-bigpunchbutton-bpb-p-black\/","og_site_name":"Reini Rossmann - Survival Shop","article_publisher":"https:\/\/www.facebook.com\/survival24.org\/","article_modified_time":"2026-03-30T15:24:43+00:00","og_image":[{"width":297,"height":415,"url":"https:\/\/ueberlebenskunst.at\/survivalshop\/wp-content\/uploads\/2026\/03\/BPB-P.jpg","type":"image\/jpeg"}],"twitter_card":"summary_large_image","twitter_misc":{"Gesch\u00e4tzte Lesezeit":"1\u00a0Minute"},"schema":{"@context":"https:\/\/schema.org","@graph":[{"@type":"WebPage","@id":"https:\/\/ueberlebenskunst.at\/survivalshop\/shop\/flohmarktware-x3ds-bigpunchbutton-bpb-p-black\/","url":"https:\/\/ueberlebenskunst.at\/survivalshop\/shop\/flohmarktware-x3ds-bigpunchbutton-bpb-p-black\/","name":"Flohmarktware: X3DS BigPunchButton BPB-P Black","isPartOf":{"@id":"https:\/\/ueberlebenskunst.at\/survivalshop\/#website"},"primaryImageOfPage":{"@id":"https:\/\/ueberlebenskunst.at\/survivalshop\/shop\/flohmarktware-x3ds-bigpunchbutton-bpb-p-black\/#primaryimage"},"image":{"@id":"https:\/\/ueberlebenskunst.at\/survivalshop\/shop\/flohmarktware-x3ds-bigpunchbutton-bpb-p-black\/#primaryimage"},"thumbnailUrl":"https:\/\/ueberlebenskunst.at\/survivalshop\/wp-content\/uploads\/2026\/03\/BPB-P.jpg","datePublished":"2026-03-30T13:15:13+00:00","dateModified":"2026-03-30T15:24:43+00:00","breadcrumb":{"@id":"https:\/\/ueberlebenskunst.at\/survivalshop\/shop\/flohmarktware-x3ds-bigpunchbutton-bpb-p-black\/#breadcrumb"},"inLanguage":"de","potentialAction":[{"@type":"ReadAction","target":["https:\/\/ueberlebenskunst.at\/survivalshop\/shop\/flohmarktware-x3ds-bigpunchbutton-bpb-p-black\/"]}]},{"@type":"ImageObject","inLanguage":"de","@id":"https:\/\/ueberlebenskunst.at\/survivalshop\/shop\/flohmarktware-x3ds-bigpunchbutton-bpb-p-black\/#primaryimage","url":"https:\/\/ueberlebenskunst.at\/survivalshop\/wp-content\/uploads\/2026\/03\/BPB-P.jpg","contentUrl":"https:\/\/ueberlebenskunst.at\/survivalshop\/wp-content\/uploads\/2026\/03\/BPB-P.jpg","width":297,"height":415},{"@type":"BreadcrumbList","@id":"https:\/\/ueberlebenskunst.at\/survivalshop\/shop\/flohmarktware-x3ds-bigpunchbutton-bpb-p-black\/#breadcrumb","itemListElement":[{"@type":"ListItem","position":1,"name":"Startseite","item":"https:\/\/ueberlebenskunst.at\/survivalshop\/"},{"@type":"ListItem","position":2,"name":"Shop","item":"https:\/\/ueberlebenskunst.at\/survivalshop\/shop\/"},{"@type":"ListItem","position":3,"name":"Flohmarktware: X3DS BigPunchButton BPB-P Black"}]},{"@type":"WebSite","@id":"https:\/\/ueberlebenskunst.at\/survivalshop\/#website","url":"https:\/\/ueberlebenskunst.at\/survivalshop\/","name":"Reini Rossmann - Survival Shop","description":"Survival Shop f\u00fcr Survival, Bushcraft und Prepper","potentialAction":[{"@type":"SearchAction","target":{"@type":"EntryPoint","urlTemplate":"https:\/\/ueberlebenskunst.at\/survivalshop\/?s={search_term_string}"},"query-input":{"@type":"PropertyValueSpecification","valueRequired":true,"valueName":"search_term_string"}}],"inLanguage":"de"}]}},"_links":{"self":[{"href":"https:\/\/ueberlebenskunst.at\/survivalshop\/wp-json\/wp\/v2\/product\/206280","targetHints":{"allow":["GET"]}}],"collection":[{"href":"https:\/\/ueberlebenskunst.at\/survivalshop\/wp-json\/wp\/v2\/product"}],"about":[{"href":"https:\/\/ueberlebenskunst.at\/survivalshop\/wp-json\/wp\/v2\/types\/product"}],"replies":[{"embeddable":true,"href":"https:\/\/ueberlebenskunst.at\/survivalshop\/wp-json\/wp\/v2\/comments?post=206280"}],"wp:featuredmedia":[{"embeddable":true,"href":"https:\/\/ueberlebenskunst.at\/survivalshop\/wp-json\/wp\/v2\/media\/206282"}],"wp:attachment":[{"href":"https:\/\/ueberlebenskunst.at\/survivalshop\/wp-json\/wp\/v2\/media?parent=206280"}],"wp:term":[{"taxonomy":"product_brand","embeddable":true,"href":"https:\/\/ueberlebenskunst.at\/survivalshop\/wp-json\/wp\/v2\/product_brand?post=206280"},{"taxonomy":"product_cat","embeddable":true,"href":"https:\/\/ueberlebenskunst.at\/survivalshop\/wp-json\/wp\/v2\/product_cat?post=206280"},{"taxonomy":"product_tag","embeddable":true,"href":"https:\/\/ueberlebenskunst.at\/survivalshop\/wp-json\/wp\/v2\/product_tag?post=206280"}],"curies":[{"name":"wp","href":"https:\/\/api.w.org\/{rel}","templated":true}]}}