{"id":204163,"date":"2026-02-10T13:18:29","date_gmt":"2026-02-10T12:18:29","guid":{"rendered":"https:\/\/ueberlebenskunst.at\/survivalshop\/?post_type=product&#038;p=204163"},"modified":"2026-02-17T09:19:02","modified_gmt":"2026-02-17T08:19:02","slug":"ek-armbrust-bolzen-fuer-pistolenarmbrueste-blau","status":"seo-produkt","type":"product","link":"https:\/\/ueberlebenskunst.at\/survivalshop\/shop\/ek-armbrust-bolzen-fuer-pistolenarmbrueste-blau\/","title":{"rendered":"EK Armbrust Bolzen f\u00fcr Pistolenarmbr\u00fcste &#8211; blau"},"content":{"rendered":"<p>10 St\u00fcck Packung 6,5&#8243; Alu-Pfeile f\u00fcr die Pistolenarmbrust.<\/p>\n","protected":false},"excerpt":{"rendered":"<p>10 St\u00fcck Packung 6,5&#8243; Alu-Pfeile f\u00fcr die Pistolenarmbrust.<\/p>\n","protected":false},"featured_media":204164,"comment_status":"open","ping_status":"closed","template":"","meta":{"_acf_changed":false},"product_brand":[],"product_cat":[1923],"product_tag":[],"class_list":{"0":"post-204163","1":"product","2":"type-product","3":"status-seo-produkt","4":"has-post-thumbnail","6":"product_cat-ek-archery","8":"first","9":"outofstock","10":"taxable","11":"shipping-taxable","12":"product-type-simple"},"acf":[],"yoast_head":"<!-- This site is optimized with the Yoast SEO plugin v27.1.1 - https:\/\/yoast.com\/product\/yoast-seo-wordpress\/ -->\n<title>EK Armbrust Bolzen f\u00fcr Pistolenarmbr\u00fcste - blau - Reini Rossmann - Survival Shop<\/title>\n<meta name=\"robots\" content=\"index, follow, max-snippet:-1, max-image-preview:large, max-video-preview:-1\" \/>\n<link rel=\"canonical\" href=\"https:\/\/ueberlebenskunst.at\/survivalshop\/shop\/ek-armbrust-bolzen-fuer-pistolenarmbrueste-blau\/\" \/>\n<meta property=\"og:locale\" content=\"de_DE\" \/>\n<meta property=\"og:type\" content=\"article\" \/>\n<meta property=\"og:title\" content=\"EK Armbrust Bolzen f\u00fcr Pistolenarmbr\u00fcste - blau - Reini Rossmann - Survival Shop\" \/>\n<meta property=\"og:description\" content=\"10 St\u00fcck Packung 6,5&#8243; Alu-Pfeile f\u00fcr die Pistolenarmbrust.\" \/>\n<meta property=\"og:url\" content=\"https:\/\/ueberlebenskunst.at\/survivalshop\/shop\/ek-armbrust-bolzen-fuer-pistolenarmbrueste-blau\/\" \/>\n<meta property=\"og:site_name\" content=\"Reini Rossmann - Survival Shop\" \/>\n<meta property=\"article:publisher\" content=\"https:\/\/www.facebook.com\/survival24.org\/\" \/>\n<meta property=\"article:modified_time\" content=\"2026-02-17T08:19:02+00:00\" \/>\n<meta property=\"og:image\" content=\"https:\/\/ueberlebenskunst.at\/survivalshop\/wp-content\/uploads\/2026\/02\/D-015A13.jpg\" \/>\n\t<meta property=\"og:image:width\" content=\"400\" \/>\n\t<meta property=\"og:image:height\" content=\"607\" \/>\n\t<meta property=\"og:image:type\" content=\"image\/jpeg\" \/>\n<meta name=\"twitter:card\" content=\"summary_large_image\" \/>\n<meta name=\"twitter:label1\" content=\"Gesch\u00e4tzte Lesezeit\" \/>\n\t<meta name=\"twitter:data1\" content=\"1\u00a0Minute\" \/>\n<script type=\"application\/ld+json\" class=\"yoast-schema-graph\">{\"@context\":\"https:\/\/schema.org\",\"@graph\":[{\"@type\":\"WebPage\",\"@id\":\"https:\/\/ueberlebenskunst.at\/survivalshop\/shop\/ek-armbrust-bolzen-fuer-pistolenarmbrueste-blau\/\",\"url\":\"https:\/\/ueberlebenskunst.at\/survivalshop\/shop\/ek-armbrust-bolzen-fuer-pistolenarmbrueste-blau\/\",\"name\":\"EK Armbrust Bolzen f\u00fcr Pistolenarmbr\u00fcste - blau - Reini Rossmann - Survival Shop\",\"isPartOf\":{\"@id\":\"https:\/\/ueberlebenskunst.at\/survivalshop\/#website\"},\"primaryImageOfPage\":{\"@id\":\"https:\/\/ueberlebenskunst.at\/survivalshop\/shop\/ek-armbrust-bolzen-fuer-pistolenarmbrueste-blau\/#primaryimage\"},\"image\":{\"@id\":\"https:\/\/ueberlebenskunst.at\/survivalshop\/shop\/ek-armbrust-bolzen-fuer-pistolenarmbrueste-blau\/#primaryimage\"},\"thumbnailUrl\":\"https:\/\/ueberlebenskunst.at\/survivalshop\/wp-content\/uploads\/2026\/02\/D-015A13.jpg\",\"datePublished\":\"2026-02-10T12:18:29+00:00\",\"dateModified\":\"2026-02-17T08:19:02+00:00\",\"breadcrumb\":{\"@id\":\"https:\/\/ueberlebenskunst.at\/survivalshop\/shop\/ek-armbrust-bolzen-fuer-pistolenarmbrueste-blau\/#breadcrumb\"},\"inLanguage\":\"de\",\"potentialAction\":[{\"@type\":\"ReadAction\",\"target\":[\"https:\/\/ueberlebenskunst.at\/survivalshop\/shop\/ek-armbrust-bolzen-fuer-pistolenarmbrueste-blau\/\"]}]},{\"@type\":\"ImageObject\",\"inLanguage\":\"de\",\"@id\":\"https:\/\/ueberlebenskunst.at\/survivalshop\/shop\/ek-armbrust-bolzen-fuer-pistolenarmbrueste-blau\/#primaryimage\",\"url\":\"https:\/\/ueberlebenskunst.at\/survivalshop\/wp-content\/uploads\/2026\/02\/D-015A13.jpg\",\"contentUrl\":\"https:\/\/ueberlebenskunst.at\/survivalshop\/wp-content\/uploads\/2026\/02\/D-015A13.jpg\",\"width\":400,\"height\":607},{\"@type\":\"BreadcrumbList\",\"@id\":\"https:\/\/ueberlebenskunst.at\/survivalshop\/shop\/ek-armbrust-bolzen-fuer-pistolenarmbrueste-blau\/#breadcrumb\",\"itemListElement\":[{\"@type\":\"ListItem\",\"position\":1,\"name\":\"Startseite\",\"item\":\"https:\/\/ueberlebenskunst.at\/survivalshop\/\"},{\"@type\":\"ListItem\",\"position\":2,\"name\":\"Shop\",\"item\":\"https:\/\/ueberlebenskunst.at\/survivalshop\/shop\/\"},{\"@type\":\"ListItem\",\"position\":3,\"name\":\"EK Armbrust Bolzen f\u00fcr Pistolenarmbr\u00fcste &#8211; blau\"}]},{\"@type\":\"WebSite\",\"@id\":\"https:\/\/ueberlebenskunst.at\/survivalshop\/#website\",\"url\":\"https:\/\/ueberlebenskunst.at\/survivalshop\/\",\"name\":\"Reini Rossmann - Survival Shop\",\"description\":\"Survival Shop f\u00fcr Survival, Bushcraft und Prepper\",\"potentialAction\":[{\"@type\":\"SearchAction\",\"target\":{\"@type\":\"EntryPoint\",\"urlTemplate\":\"https:\/\/ueberlebenskunst.at\/survivalshop\/?s={search_term_string}\"},\"query-input\":{\"@type\":\"PropertyValueSpecification\",\"valueRequired\":true,\"valueName\":\"search_term_string\"}}],\"inLanguage\":\"de\"}]}<\/script>\n<!-- \/ Yoast SEO plugin. -->","yoast_head_json":{"title":"EK Armbrust Bolzen f\u00fcr Pistolenarmbr\u00fcste - blau - Reini Rossmann - Survival Shop","robots":{"index":"index","follow":"follow","max-snippet":"max-snippet:-1","max-image-preview":"max-image-preview:large","max-video-preview":"max-video-preview:-1"},"canonical":"https:\/\/ueberlebenskunst.at\/survivalshop\/shop\/ek-armbrust-bolzen-fuer-pistolenarmbrueste-blau\/","og_locale":"de_DE","og_type":"article","og_title":"EK Armbrust Bolzen f\u00fcr Pistolenarmbr\u00fcste - blau - Reini Rossmann - Survival Shop","og_description":"10 St\u00fcck Packung 6,5&#8243; Alu-Pfeile f\u00fcr die Pistolenarmbrust.","og_url":"https:\/\/ueberlebenskunst.at\/survivalshop\/shop\/ek-armbrust-bolzen-fuer-pistolenarmbrueste-blau\/","og_site_name":"Reini Rossmann - Survival Shop","article_publisher":"https:\/\/www.facebook.com\/survival24.org\/","article_modified_time":"2026-02-17T08:19:02+00:00","og_image":[{"width":400,"height":607,"url":"https:\/\/ueberlebenskunst.at\/survivalshop\/wp-content\/uploads\/2026\/02\/D-015A13.jpg","type":"image\/jpeg"}],"twitter_card":"summary_large_image","twitter_misc":{"Gesch\u00e4tzte Lesezeit":"1\u00a0Minute"},"schema":{"@context":"https:\/\/schema.org","@graph":[{"@type":"WebPage","@id":"https:\/\/ueberlebenskunst.at\/survivalshop\/shop\/ek-armbrust-bolzen-fuer-pistolenarmbrueste-blau\/","url":"https:\/\/ueberlebenskunst.at\/survivalshop\/shop\/ek-armbrust-bolzen-fuer-pistolenarmbrueste-blau\/","name":"EK Armbrust Bolzen f\u00fcr Pistolenarmbr\u00fcste - blau - Reini Rossmann - Survival Shop","isPartOf":{"@id":"https:\/\/ueberlebenskunst.at\/survivalshop\/#website"},"primaryImageOfPage":{"@id":"https:\/\/ueberlebenskunst.at\/survivalshop\/shop\/ek-armbrust-bolzen-fuer-pistolenarmbrueste-blau\/#primaryimage"},"image":{"@id":"https:\/\/ueberlebenskunst.at\/survivalshop\/shop\/ek-armbrust-bolzen-fuer-pistolenarmbrueste-blau\/#primaryimage"},"thumbnailUrl":"https:\/\/ueberlebenskunst.at\/survivalshop\/wp-content\/uploads\/2026\/02\/D-015A13.jpg","datePublished":"2026-02-10T12:18:29+00:00","dateModified":"2026-02-17T08:19:02+00:00","breadcrumb":{"@id":"https:\/\/ueberlebenskunst.at\/survivalshop\/shop\/ek-armbrust-bolzen-fuer-pistolenarmbrueste-blau\/#breadcrumb"},"inLanguage":"de","potentialAction":[{"@type":"ReadAction","target":["https:\/\/ueberlebenskunst.at\/survivalshop\/shop\/ek-armbrust-bolzen-fuer-pistolenarmbrueste-blau\/"]}]},{"@type":"ImageObject","inLanguage":"de","@id":"https:\/\/ueberlebenskunst.at\/survivalshop\/shop\/ek-armbrust-bolzen-fuer-pistolenarmbrueste-blau\/#primaryimage","url":"https:\/\/ueberlebenskunst.at\/survivalshop\/wp-content\/uploads\/2026\/02\/D-015A13.jpg","contentUrl":"https:\/\/ueberlebenskunst.at\/survivalshop\/wp-content\/uploads\/2026\/02\/D-015A13.jpg","width":400,"height":607},{"@type":"BreadcrumbList","@id":"https:\/\/ueberlebenskunst.at\/survivalshop\/shop\/ek-armbrust-bolzen-fuer-pistolenarmbrueste-blau\/#breadcrumb","itemListElement":[{"@type":"ListItem","position":1,"name":"Startseite","item":"https:\/\/ueberlebenskunst.at\/survivalshop\/"},{"@type":"ListItem","position":2,"name":"Shop","item":"https:\/\/ueberlebenskunst.at\/survivalshop\/shop\/"},{"@type":"ListItem","position":3,"name":"EK Armbrust Bolzen f\u00fcr Pistolenarmbr\u00fcste &#8211; blau"}]},{"@type":"WebSite","@id":"https:\/\/ueberlebenskunst.at\/survivalshop\/#website","url":"https:\/\/ueberlebenskunst.at\/survivalshop\/","name":"Reini Rossmann - Survival Shop","description":"Survival Shop f\u00fcr Survival, Bushcraft und Prepper","potentialAction":[{"@type":"SearchAction","target":{"@type":"EntryPoint","urlTemplate":"https:\/\/ueberlebenskunst.at\/survivalshop\/?s={search_term_string}"},"query-input":{"@type":"PropertyValueSpecification","valueRequired":true,"valueName":"search_term_string"}}],"inLanguage":"de"}]}},"_links":{"self":[{"href":"https:\/\/ueberlebenskunst.at\/survivalshop\/wp-json\/wp\/v2\/product\/204163","targetHints":{"allow":["GET"]}}],"collection":[{"href":"https:\/\/ueberlebenskunst.at\/survivalshop\/wp-json\/wp\/v2\/product"}],"about":[{"href":"https:\/\/ueberlebenskunst.at\/survivalshop\/wp-json\/wp\/v2\/types\/product"}],"replies":[{"embeddable":true,"href":"https:\/\/ueberlebenskunst.at\/survivalshop\/wp-json\/wp\/v2\/comments?post=204163"}],"wp:featuredmedia":[{"embeddable":true,"href":"https:\/\/ueberlebenskunst.at\/survivalshop\/wp-json\/wp\/v2\/media\/204164"}],"wp:attachment":[{"href":"https:\/\/ueberlebenskunst.at\/survivalshop\/wp-json\/wp\/v2\/media?parent=204163"}],"wp:term":[{"taxonomy":"product_brand","embeddable":true,"href":"https:\/\/ueberlebenskunst.at\/survivalshop\/wp-json\/wp\/v2\/product_brand?post=204163"},{"taxonomy":"product_cat","embeddable":true,"href":"https:\/\/ueberlebenskunst.at\/survivalshop\/wp-json\/wp\/v2\/product_cat?post=204163"},{"taxonomy":"product_tag","embeddable":true,"href":"https:\/\/ueberlebenskunst.at\/survivalshop\/wp-json\/wp\/v2\/product_tag?post=204163"}],"curies":[{"name":"wp","href":"https:\/\/api.w.org\/{rel}","templated":true}]}}