{"id":203497,"date":"2026-01-30T07:25:21","date_gmt":"2026-01-30T06:25:21","guid":{"rendered":"https:\/\/ueberlebenskunst.at\/survivalshop\/?post_type=product&#038;p=203497"},"modified":"2026-01-30T07:29:51","modified_gmt":"2026-01-30T06:29:51","slug":"flohmarktware-holster-konglomerat-fuer-glock-26","status":"publish","type":"product","link":"https:\/\/ueberlebenskunst.at\/survivalshop\/shop\/flohmarktware-holster-konglomerat-fuer-glock-26\/","title":{"rendered":"Flohmarktware: Holster Konglomerat f\u00fcr Glock 26"},"content":{"rendered":"<p>Was bedeutet Flohmarktware? Bestehend aus 2 St\u00fcck. Lieferung wie abgebildet. Gebraucht. Der Innenholster ist wie ersichtlich auf einer Ebene besch\u00e4digt. Ohne Verpackung.<\/p>\n<p>Es handelt sich um gebrauchte Ware, die u.U. Gebrauchsspuren aufweist. Wenn du Neuware erwartest, dann bist du mit diesem Artikel nicht gl\u00fccklich. Bitte die Produktbeschreibung GENAU lesen um alle eventuellen Besch\u00e4digungen, Gebrauchsspuren und Nachteile zu erkennen.<\/p>\n","protected":false},"excerpt":{"rendered":"<p>Was bedeutet Flohmarktware? Bestehend aus 2 St\u00fcck. Lieferung wie abgebildet. Gebraucht. Der Innenholster ist wie ersichtlich auf einer Ebene besch\u00e4digt. Ohne Verpackung. Es handelt sich um gebrauchte Ware, die u.U. Gebrauchsspuren aufweist. Wenn du Neuware erwartest, dann bist du mit diesem Artikel nicht gl\u00fccklich. Bitte die Produktbeschreibung GENAU lesen um alle eventuellen Besch\u00e4digungen, Gebrauchsspuren und [&hellip;]<\/p>\n","protected":false},"featured_media":203498,"comment_status":"open","ping_status":"closed","template":"","meta":{"_acf_changed":false},"product_brand":[],"product_cat":[2389],"product_tag":[2390],"class_list":{"0":"post-203497","1":"product","2":"type-product","3":"status-publish","4":"has-post-thumbnail","6":"product_cat-flohmarkt","7":"product_tag-flohmarkt","9":"first","10":"instock","11":"taxable","12":"shipping-taxable","13":"purchasable","14":"product-type-simple"},"acf":[],"yoast_head":"<!-- This site is optimized with the Yoast SEO plugin v27.1.1 - https:\/\/yoast.com\/product\/yoast-seo-wordpress\/ -->\n<title>Flohmarktware: TP50 Holster<\/title>\n<meta name=\"robots\" content=\"index, follow, max-snippet:-1, max-image-preview:large, max-video-preview:-1\" \/>\n<link rel=\"canonical\" href=\"https:\/\/ueberlebenskunst.at\/survivalshop\/shop\/flohmarktware-holster-konglomerat-fuer-glock-26\/\" \/>\n<meta property=\"og:locale\" content=\"de_DE\" \/>\n<meta property=\"og:type\" content=\"article\" \/>\n<meta property=\"og:title\" content=\"Flohmarktware: TP50 Holster\" \/>\n<meta property=\"og:description\" content=\"Was bedeutet Flohmarktware? Bestehend aus 2 St\u00fcck. Lieferung wie abgebildet. Gebraucht. Der Innenholster ist wie ersichtlich auf einer Ebene besch\u00e4digt. Ohne Verpackung. Es handelt sich um gebrauchte Ware, die u.U. Gebrauchsspuren aufweist. Wenn du Neuware erwartest, dann bist du mit diesem Artikel nicht gl\u00fccklich. Bitte die Produktbeschreibung GENAU lesen um alle eventuellen Besch\u00e4digungen, Gebrauchsspuren und [&hellip;]\" \/>\n<meta property=\"og:url\" content=\"https:\/\/ueberlebenskunst.at\/survivalshop\/shop\/flohmarktware-holster-konglomerat-fuer-glock-26\/\" \/>\n<meta property=\"og:site_name\" content=\"Reini Rossmann - Survival Shop\" \/>\n<meta property=\"article:publisher\" content=\"https:\/\/www.facebook.com\/survival24.org\/\" \/>\n<meta property=\"article:modified_time\" content=\"2026-01-30T06:29:51+00:00\" \/>\n<meta property=\"og:image\" content=\"https:\/\/ueberlebenskunst.at\/survivalshop\/wp-content\/uploads\/2026\/01\/holster.jpg\" \/>\n\t<meta property=\"og:image:width\" content=\"312\" \/>\n\t<meta property=\"og:image:height\" content=\"528\" \/>\n\t<meta property=\"og:image:type\" content=\"image\/jpeg\" \/>\n<meta name=\"twitter:card\" content=\"summary_large_image\" \/>\n<meta name=\"twitter:label1\" content=\"Gesch\u00e4tzte Lesezeit\" \/>\n\t<meta name=\"twitter:data1\" content=\"1\u00a0Minute\" \/>\n<script type=\"application\/ld+json\" class=\"yoast-schema-graph\">{\"@context\":\"https:\/\/schema.org\",\"@graph\":[{\"@type\":\"WebPage\",\"@id\":\"https:\/\/ueberlebenskunst.at\/survivalshop\/shop\/flohmarktware-holster-konglomerat-fuer-glock-26\/\",\"url\":\"https:\/\/ueberlebenskunst.at\/survivalshop\/shop\/flohmarktware-holster-konglomerat-fuer-glock-26\/\",\"name\":\"Flohmarktware: TP50 Holster\",\"isPartOf\":{\"@id\":\"https:\/\/ueberlebenskunst.at\/survivalshop\/#website\"},\"primaryImageOfPage\":{\"@id\":\"https:\/\/ueberlebenskunst.at\/survivalshop\/shop\/flohmarktware-holster-konglomerat-fuer-glock-26\/#primaryimage\"},\"image\":{\"@id\":\"https:\/\/ueberlebenskunst.at\/survivalshop\/shop\/flohmarktware-holster-konglomerat-fuer-glock-26\/#primaryimage\"},\"thumbnailUrl\":\"https:\/\/ueberlebenskunst.at\/survivalshop\/wp-content\/uploads\/2026\/01\/holster.jpg\",\"datePublished\":\"2026-01-30T06:25:21+00:00\",\"dateModified\":\"2026-01-30T06:29:51+00:00\",\"breadcrumb\":{\"@id\":\"https:\/\/ueberlebenskunst.at\/survivalshop\/shop\/flohmarktware-holster-konglomerat-fuer-glock-26\/#breadcrumb\"},\"inLanguage\":\"de\",\"potentialAction\":[{\"@type\":\"ReadAction\",\"target\":[\"https:\/\/ueberlebenskunst.at\/survivalshop\/shop\/flohmarktware-holster-konglomerat-fuer-glock-26\/\"]}]},{\"@type\":\"ImageObject\",\"inLanguage\":\"de\",\"@id\":\"https:\/\/ueberlebenskunst.at\/survivalshop\/shop\/flohmarktware-holster-konglomerat-fuer-glock-26\/#primaryimage\",\"url\":\"https:\/\/ueberlebenskunst.at\/survivalshop\/wp-content\/uploads\/2026\/01\/holster.jpg\",\"contentUrl\":\"https:\/\/ueberlebenskunst.at\/survivalshop\/wp-content\/uploads\/2026\/01\/holster.jpg\",\"width\":312,\"height\":528},{\"@type\":\"BreadcrumbList\",\"@id\":\"https:\/\/ueberlebenskunst.at\/survivalshop\/shop\/flohmarktware-holster-konglomerat-fuer-glock-26\/#breadcrumb\",\"itemListElement\":[{\"@type\":\"ListItem\",\"position\":1,\"name\":\"Startseite\",\"item\":\"https:\/\/ueberlebenskunst.at\/survivalshop\/\"},{\"@type\":\"ListItem\",\"position\":2,\"name\":\"Shop\",\"item\":\"https:\/\/ueberlebenskunst.at\/survivalshop\/shop\/\"},{\"@type\":\"ListItem\",\"position\":3,\"name\":\"Flohmarktware: Holster Konglomerat f\u00fcr Glock 26\"}]},{\"@type\":\"WebSite\",\"@id\":\"https:\/\/ueberlebenskunst.at\/survivalshop\/#website\",\"url\":\"https:\/\/ueberlebenskunst.at\/survivalshop\/\",\"name\":\"Reini Rossmann - Survival Shop\",\"description\":\"Survival Shop f\u00fcr Survival, Bushcraft und Prepper\",\"potentialAction\":[{\"@type\":\"SearchAction\",\"target\":{\"@type\":\"EntryPoint\",\"urlTemplate\":\"https:\/\/ueberlebenskunst.at\/survivalshop\/?s={search_term_string}\"},\"query-input\":{\"@type\":\"PropertyValueSpecification\",\"valueRequired\":true,\"valueName\":\"search_term_string\"}}],\"inLanguage\":\"de\"}]}<\/script>\n<!-- \/ Yoast SEO plugin. -->","yoast_head_json":{"title":"Flohmarktware: TP50 Holster","robots":{"index":"index","follow":"follow","max-snippet":"max-snippet:-1","max-image-preview":"max-image-preview:large","max-video-preview":"max-video-preview:-1"},"canonical":"https:\/\/ueberlebenskunst.at\/survivalshop\/shop\/flohmarktware-holster-konglomerat-fuer-glock-26\/","og_locale":"de_DE","og_type":"article","og_title":"Flohmarktware: TP50 Holster","og_description":"Was bedeutet Flohmarktware? Bestehend aus 2 St\u00fcck. Lieferung wie abgebildet. Gebraucht. Der Innenholster ist wie ersichtlich auf einer Ebene besch\u00e4digt. Ohne Verpackung. Es handelt sich um gebrauchte Ware, die u.U. Gebrauchsspuren aufweist. Wenn du Neuware erwartest, dann bist du mit diesem Artikel nicht gl\u00fccklich. Bitte die Produktbeschreibung GENAU lesen um alle eventuellen Besch\u00e4digungen, Gebrauchsspuren und [&hellip;]","og_url":"https:\/\/ueberlebenskunst.at\/survivalshop\/shop\/flohmarktware-holster-konglomerat-fuer-glock-26\/","og_site_name":"Reini Rossmann - Survival Shop","article_publisher":"https:\/\/www.facebook.com\/survival24.org\/","article_modified_time":"2026-01-30T06:29:51+00:00","og_image":[{"width":312,"height":528,"url":"https:\/\/ueberlebenskunst.at\/survivalshop\/wp-content\/uploads\/2026\/01\/holster.jpg","type":"image\/jpeg"}],"twitter_card":"summary_large_image","twitter_misc":{"Gesch\u00e4tzte Lesezeit":"1\u00a0Minute"},"schema":{"@context":"https:\/\/schema.org","@graph":[{"@type":"WebPage","@id":"https:\/\/ueberlebenskunst.at\/survivalshop\/shop\/flohmarktware-holster-konglomerat-fuer-glock-26\/","url":"https:\/\/ueberlebenskunst.at\/survivalshop\/shop\/flohmarktware-holster-konglomerat-fuer-glock-26\/","name":"Flohmarktware: TP50 Holster","isPartOf":{"@id":"https:\/\/ueberlebenskunst.at\/survivalshop\/#website"},"primaryImageOfPage":{"@id":"https:\/\/ueberlebenskunst.at\/survivalshop\/shop\/flohmarktware-holster-konglomerat-fuer-glock-26\/#primaryimage"},"image":{"@id":"https:\/\/ueberlebenskunst.at\/survivalshop\/shop\/flohmarktware-holster-konglomerat-fuer-glock-26\/#primaryimage"},"thumbnailUrl":"https:\/\/ueberlebenskunst.at\/survivalshop\/wp-content\/uploads\/2026\/01\/holster.jpg","datePublished":"2026-01-30T06:25:21+00:00","dateModified":"2026-01-30T06:29:51+00:00","breadcrumb":{"@id":"https:\/\/ueberlebenskunst.at\/survivalshop\/shop\/flohmarktware-holster-konglomerat-fuer-glock-26\/#breadcrumb"},"inLanguage":"de","potentialAction":[{"@type":"ReadAction","target":["https:\/\/ueberlebenskunst.at\/survivalshop\/shop\/flohmarktware-holster-konglomerat-fuer-glock-26\/"]}]},{"@type":"ImageObject","inLanguage":"de","@id":"https:\/\/ueberlebenskunst.at\/survivalshop\/shop\/flohmarktware-holster-konglomerat-fuer-glock-26\/#primaryimage","url":"https:\/\/ueberlebenskunst.at\/survivalshop\/wp-content\/uploads\/2026\/01\/holster.jpg","contentUrl":"https:\/\/ueberlebenskunst.at\/survivalshop\/wp-content\/uploads\/2026\/01\/holster.jpg","width":312,"height":528},{"@type":"BreadcrumbList","@id":"https:\/\/ueberlebenskunst.at\/survivalshop\/shop\/flohmarktware-holster-konglomerat-fuer-glock-26\/#breadcrumb","itemListElement":[{"@type":"ListItem","position":1,"name":"Startseite","item":"https:\/\/ueberlebenskunst.at\/survivalshop\/"},{"@type":"ListItem","position":2,"name":"Shop","item":"https:\/\/ueberlebenskunst.at\/survivalshop\/shop\/"},{"@type":"ListItem","position":3,"name":"Flohmarktware: Holster Konglomerat f\u00fcr Glock 26"}]},{"@type":"WebSite","@id":"https:\/\/ueberlebenskunst.at\/survivalshop\/#website","url":"https:\/\/ueberlebenskunst.at\/survivalshop\/","name":"Reini Rossmann - Survival Shop","description":"Survival Shop f\u00fcr Survival, Bushcraft und Prepper","potentialAction":[{"@type":"SearchAction","target":{"@type":"EntryPoint","urlTemplate":"https:\/\/ueberlebenskunst.at\/survivalshop\/?s={search_term_string}"},"query-input":{"@type":"PropertyValueSpecification","valueRequired":true,"valueName":"search_term_string"}}],"inLanguage":"de"}]}},"_links":{"self":[{"href":"https:\/\/ueberlebenskunst.at\/survivalshop\/wp-json\/wp\/v2\/product\/203497","targetHints":{"allow":["GET"]}}],"collection":[{"href":"https:\/\/ueberlebenskunst.at\/survivalshop\/wp-json\/wp\/v2\/product"}],"about":[{"href":"https:\/\/ueberlebenskunst.at\/survivalshop\/wp-json\/wp\/v2\/types\/product"}],"replies":[{"embeddable":true,"href":"https:\/\/ueberlebenskunst.at\/survivalshop\/wp-json\/wp\/v2\/comments?post=203497"}],"wp:featuredmedia":[{"embeddable":true,"href":"https:\/\/ueberlebenskunst.at\/survivalshop\/wp-json\/wp\/v2\/media\/203498"}],"wp:attachment":[{"href":"https:\/\/ueberlebenskunst.at\/survivalshop\/wp-json\/wp\/v2\/media?parent=203497"}],"wp:term":[{"taxonomy":"product_brand","embeddable":true,"href":"https:\/\/ueberlebenskunst.at\/survivalshop\/wp-json\/wp\/v2\/product_brand?post=203497"},{"taxonomy":"product_cat","embeddable":true,"href":"https:\/\/ueberlebenskunst.at\/survivalshop\/wp-json\/wp\/v2\/product_cat?post=203497"},{"taxonomy":"product_tag","embeddable":true,"href":"https:\/\/ueberlebenskunst.at\/survivalshop\/wp-json\/wp\/v2\/product_tag?post=203497"}],"curies":[{"name":"wp","href":"https:\/\/api.w.org\/{rel}","templated":true}]}}