{"id":202098,"date":"2026-01-05T16:59:29","date_gmt":"2026-01-05T15:59:29","guid":{"rendered":"https:\/\/ueberlebenskunst.at\/survivalshop\/?post_type=product&#038;p=202098"},"modified":"2026-01-12T06:09:27","modified_gmt":"2026-01-12T05:09:27","slug":"flohmarktware-spyderco-keramikschaerfer-ceramic-file-round","status":"seo-produkt","type":"product","link":"https:\/\/ueberlebenskunst.at\/survivalshop\/shop\/flohmarktware-spyderco-keramikschaerfer-ceramic-file-round\/","title":{"rendered":"Flohmarktware: Spyderco Keramiksch\u00e4rfer Ceramic File Round"},"content":{"rendered":"<p>Was bedeutet Flohmarktware? In Originalverpackung, jedoch mit Gebrauchsspuren, dennoch in sehr gutem Zustand.<\/p>\n<p>Es handelt sich um gebrauchte Ware, die u. U. Gebrauchsspuren aufweist. Wenn du Neuware erwartest, dann bist du mit diesem Artikel nicht gl\u00fccklich. Bitte die Produktbeschreibung GENAU lesen, um alle eventuellen Besch\u00e4digungen, Gebrauchsspuren und Nachteile zu erkennen.<\/p>\n<p>Spydercos Ceramic Files sind speziell f\u00fcr das Sch\u00e4rfen von kleinen, filigranen Werkzeugen wie Holzschnitzwerkzeuge, Mei\u00dfeln und Dentalger\u00e4te konzipiert. Sie werden auch von B\u00fcchsenmachern zum Entgraten und f\u00fcr Detailveredelung verwendet. Hergestellt in den USA.<\/p>\n","protected":false},"excerpt":{"rendered":"<p>Was bedeutet Flohmarktware? In Originalverpackung, jedoch mit Gebrauchsspuren, dennoch in sehr gutem Zustand. Es handelt sich um gebrauchte Ware, die u. U. Gebrauchsspuren aufweist. Wenn du Neuware erwartest, dann bist du mit diesem Artikel nicht gl\u00fccklich. Bitte die Produktbeschreibung GENAU lesen, um alle eventuellen Besch\u00e4digungen, Gebrauchsspuren und Nachteile zu erkennen. Spydercos Ceramic Files sind speziell [&hellip;]<\/p>\n","protected":false},"featured_media":202099,"comment_status":"open","ping_status":"closed","template":"","meta":{"_acf_changed":false},"product_brand":[],"product_cat":[2389],"product_tag":[2390],"class_list":{"0":"post-202098","1":"product","2":"type-product","3":"status-seo-produkt","4":"has-post-thumbnail","6":"product_cat-flohmarkt","7":"product_tag-flohmarkt","9":"first","10":"outofstock","11":"taxable","12":"shipping-taxable","13":"product-type-simple"},"acf":[],"yoast_head":"<!-- This site is optimized with the Yoast SEO plugin v27.1.1 - https:\/\/yoast.com\/product\/yoast-seo-wordpress\/ -->\n<title>Flohmarktware: Spyderco Keramiksch\u00e4rfer Ceramic File Round - Reini Rossmann - Survival Shop<\/title>\n<meta name=\"robots\" content=\"index, follow, max-snippet:-1, max-image-preview:large, max-video-preview:-1\" \/>\n<link rel=\"canonical\" href=\"https:\/\/ueberlebenskunst.at\/survivalshop\/shop\/flohmarktware-spyderco-keramikschaerfer-ceramic-file-round\/\" \/>\n<meta property=\"og:locale\" content=\"de_DE\" \/>\n<meta property=\"og:type\" content=\"article\" \/>\n<meta property=\"og:title\" content=\"Flohmarktware: Spyderco Keramiksch\u00e4rfer Ceramic File Round - Reini Rossmann - Survival Shop\" \/>\n<meta property=\"og:description\" content=\"Was bedeutet Flohmarktware? In Originalverpackung, jedoch mit Gebrauchsspuren, dennoch in sehr gutem Zustand. Es handelt sich um gebrauchte Ware, die u. U. Gebrauchsspuren aufweist. Wenn du Neuware erwartest, dann bist du mit diesem Artikel nicht gl\u00fccklich. Bitte die Produktbeschreibung GENAU lesen, um alle eventuellen Besch\u00e4digungen, Gebrauchsspuren und Nachteile zu erkennen. Spydercos Ceramic Files sind speziell [&hellip;]\" \/>\n<meta property=\"og:url\" content=\"https:\/\/ueberlebenskunst.at\/survivalshop\/shop\/flohmarktware-spyderco-keramikschaerfer-ceramic-file-round\/\" \/>\n<meta property=\"og:site_name\" content=\"Reini Rossmann - Survival Shop\" \/>\n<meta property=\"article:publisher\" content=\"https:\/\/www.facebook.com\/survival24.org\/\" \/>\n<meta property=\"article:modified_time\" content=\"2026-01-12T05:09:27+00:00\" \/>\n<meta property=\"og:image\" content=\"https:\/\/ueberlebenskunst.at\/survivalshop\/wp-content\/uploads\/2026\/01\/spydercoKeramikFeile.jpg\" \/>\n\t<meta property=\"og:image:width\" content=\"317\" \/>\n\t<meta property=\"og:image:height\" content=\"562\" \/>\n\t<meta property=\"og:image:type\" content=\"image\/jpeg\" \/>\n<meta name=\"twitter:card\" content=\"summary_large_image\" \/>\n<meta name=\"twitter:label1\" content=\"Gesch\u00e4tzte Lesezeit\" \/>\n\t<meta name=\"twitter:data1\" content=\"1\u00a0Minute\" \/>\n<script type=\"application\/ld+json\" class=\"yoast-schema-graph\">{\"@context\":\"https:\/\/schema.org\",\"@graph\":[{\"@type\":\"WebPage\",\"@id\":\"https:\/\/ueberlebenskunst.at\/survivalshop\/shop\/flohmarktware-spyderco-keramikschaerfer-ceramic-file-round\/\",\"url\":\"https:\/\/ueberlebenskunst.at\/survivalshop\/shop\/flohmarktware-spyderco-keramikschaerfer-ceramic-file-round\/\",\"name\":\"Flohmarktware: Spyderco Keramiksch\u00e4rfer Ceramic File Round - Reini Rossmann - Survival Shop\",\"isPartOf\":{\"@id\":\"https:\/\/ueberlebenskunst.at\/survivalshop\/#website\"},\"primaryImageOfPage\":{\"@id\":\"https:\/\/ueberlebenskunst.at\/survivalshop\/shop\/flohmarktware-spyderco-keramikschaerfer-ceramic-file-round\/#primaryimage\"},\"image\":{\"@id\":\"https:\/\/ueberlebenskunst.at\/survivalshop\/shop\/flohmarktware-spyderco-keramikschaerfer-ceramic-file-round\/#primaryimage\"},\"thumbnailUrl\":\"https:\/\/ueberlebenskunst.at\/survivalshop\/wp-content\/uploads\/2026\/01\/spydercoKeramikFeile.jpg\",\"datePublished\":\"2026-01-05T15:59:29+00:00\",\"dateModified\":\"2026-01-12T05:09:27+00:00\",\"breadcrumb\":{\"@id\":\"https:\/\/ueberlebenskunst.at\/survivalshop\/shop\/flohmarktware-spyderco-keramikschaerfer-ceramic-file-round\/#breadcrumb\"},\"inLanguage\":\"de\",\"potentialAction\":[{\"@type\":\"ReadAction\",\"target\":[\"https:\/\/ueberlebenskunst.at\/survivalshop\/shop\/flohmarktware-spyderco-keramikschaerfer-ceramic-file-round\/\"]}]},{\"@type\":\"ImageObject\",\"inLanguage\":\"de\",\"@id\":\"https:\/\/ueberlebenskunst.at\/survivalshop\/shop\/flohmarktware-spyderco-keramikschaerfer-ceramic-file-round\/#primaryimage\",\"url\":\"https:\/\/ueberlebenskunst.at\/survivalshop\/wp-content\/uploads\/2026\/01\/spydercoKeramikFeile.jpg\",\"contentUrl\":\"https:\/\/ueberlebenskunst.at\/survivalshop\/wp-content\/uploads\/2026\/01\/spydercoKeramikFeile.jpg\",\"width\":317,\"height\":562},{\"@type\":\"BreadcrumbList\",\"@id\":\"https:\/\/ueberlebenskunst.at\/survivalshop\/shop\/flohmarktware-spyderco-keramikschaerfer-ceramic-file-round\/#breadcrumb\",\"itemListElement\":[{\"@type\":\"ListItem\",\"position\":1,\"name\":\"Startseite\",\"item\":\"https:\/\/ueberlebenskunst.at\/survivalshop\/\"},{\"@type\":\"ListItem\",\"position\":2,\"name\":\"Shop\",\"item\":\"https:\/\/ueberlebenskunst.at\/survivalshop\/shop\/\"},{\"@type\":\"ListItem\",\"position\":3,\"name\":\"Flohmarktware: Spyderco Keramiksch\u00e4rfer Ceramic File Round\"}]},{\"@type\":\"WebSite\",\"@id\":\"https:\/\/ueberlebenskunst.at\/survivalshop\/#website\",\"url\":\"https:\/\/ueberlebenskunst.at\/survivalshop\/\",\"name\":\"Reini Rossmann - Survival Shop\",\"description\":\"Survival Shop f\u00fcr Survival, Bushcraft und Prepper\",\"potentialAction\":[{\"@type\":\"SearchAction\",\"target\":{\"@type\":\"EntryPoint\",\"urlTemplate\":\"https:\/\/ueberlebenskunst.at\/survivalshop\/?s={search_term_string}\"},\"query-input\":{\"@type\":\"PropertyValueSpecification\",\"valueRequired\":true,\"valueName\":\"search_term_string\"}}],\"inLanguage\":\"de\"}]}<\/script>\n<!-- \/ Yoast SEO plugin. -->","yoast_head_json":{"title":"Flohmarktware: Spyderco Keramiksch\u00e4rfer Ceramic File Round - Reini Rossmann - Survival Shop","robots":{"index":"index","follow":"follow","max-snippet":"max-snippet:-1","max-image-preview":"max-image-preview:large","max-video-preview":"max-video-preview:-1"},"canonical":"https:\/\/ueberlebenskunst.at\/survivalshop\/shop\/flohmarktware-spyderco-keramikschaerfer-ceramic-file-round\/","og_locale":"de_DE","og_type":"article","og_title":"Flohmarktware: Spyderco Keramiksch\u00e4rfer Ceramic File Round - Reini Rossmann - Survival Shop","og_description":"Was bedeutet Flohmarktware? In Originalverpackung, jedoch mit Gebrauchsspuren, dennoch in sehr gutem Zustand. Es handelt sich um gebrauchte Ware, die u. U. Gebrauchsspuren aufweist. Wenn du Neuware erwartest, dann bist du mit diesem Artikel nicht gl\u00fccklich. Bitte die Produktbeschreibung GENAU lesen, um alle eventuellen Besch\u00e4digungen, Gebrauchsspuren und Nachteile zu erkennen. Spydercos Ceramic Files sind speziell [&hellip;]","og_url":"https:\/\/ueberlebenskunst.at\/survivalshop\/shop\/flohmarktware-spyderco-keramikschaerfer-ceramic-file-round\/","og_site_name":"Reini Rossmann - Survival Shop","article_publisher":"https:\/\/www.facebook.com\/survival24.org\/","article_modified_time":"2026-01-12T05:09:27+00:00","og_image":[{"width":317,"height":562,"url":"https:\/\/ueberlebenskunst.at\/survivalshop\/wp-content\/uploads\/2026\/01\/spydercoKeramikFeile.jpg","type":"image\/jpeg"}],"twitter_card":"summary_large_image","twitter_misc":{"Gesch\u00e4tzte Lesezeit":"1\u00a0Minute"},"schema":{"@context":"https:\/\/schema.org","@graph":[{"@type":"WebPage","@id":"https:\/\/ueberlebenskunst.at\/survivalshop\/shop\/flohmarktware-spyderco-keramikschaerfer-ceramic-file-round\/","url":"https:\/\/ueberlebenskunst.at\/survivalshop\/shop\/flohmarktware-spyderco-keramikschaerfer-ceramic-file-round\/","name":"Flohmarktware: Spyderco Keramiksch\u00e4rfer Ceramic File Round - Reini Rossmann - Survival Shop","isPartOf":{"@id":"https:\/\/ueberlebenskunst.at\/survivalshop\/#website"},"primaryImageOfPage":{"@id":"https:\/\/ueberlebenskunst.at\/survivalshop\/shop\/flohmarktware-spyderco-keramikschaerfer-ceramic-file-round\/#primaryimage"},"image":{"@id":"https:\/\/ueberlebenskunst.at\/survivalshop\/shop\/flohmarktware-spyderco-keramikschaerfer-ceramic-file-round\/#primaryimage"},"thumbnailUrl":"https:\/\/ueberlebenskunst.at\/survivalshop\/wp-content\/uploads\/2026\/01\/spydercoKeramikFeile.jpg","datePublished":"2026-01-05T15:59:29+00:00","dateModified":"2026-01-12T05:09:27+00:00","breadcrumb":{"@id":"https:\/\/ueberlebenskunst.at\/survivalshop\/shop\/flohmarktware-spyderco-keramikschaerfer-ceramic-file-round\/#breadcrumb"},"inLanguage":"de","potentialAction":[{"@type":"ReadAction","target":["https:\/\/ueberlebenskunst.at\/survivalshop\/shop\/flohmarktware-spyderco-keramikschaerfer-ceramic-file-round\/"]}]},{"@type":"ImageObject","inLanguage":"de","@id":"https:\/\/ueberlebenskunst.at\/survivalshop\/shop\/flohmarktware-spyderco-keramikschaerfer-ceramic-file-round\/#primaryimage","url":"https:\/\/ueberlebenskunst.at\/survivalshop\/wp-content\/uploads\/2026\/01\/spydercoKeramikFeile.jpg","contentUrl":"https:\/\/ueberlebenskunst.at\/survivalshop\/wp-content\/uploads\/2026\/01\/spydercoKeramikFeile.jpg","width":317,"height":562},{"@type":"BreadcrumbList","@id":"https:\/\/ueberlebenskunst.at\/survivalshop\/shop\/flohmarktware-spyderco-keramikschaerfer-ceramic-file-round\/#breadcrumb","itemListElement":[{"@type":"ListItem","position":1,"name":"Startseite","item":"https:\/\/ueberlebenskunst.at\/survivalshop\/"},{"@type":"ListItem","position":2,"name":"Shop","item":"https:\/\/ueberlebenskunst.at\/survivalshop\/shop\/"},{"@type":"ListItem","position":3,"name":"Flohmarktware: Spyderco Keramiksch\u00e4rfer Ceramic File Round"}]},{"@type":"WebSite","@id":"https:\/\/ueberlebenskunst.at\/survivalshop\/#website","url":"https:\/\/ueberlebenskunst.at\/survivalshop\/","name":"Reini Rossmann - Survival Shop","description":"Survival Shop f\u00fcr Survival, Bushcraft und Prepper","potentialAction":[{"@type":"SearchAction","target":{"@type":"EntryPoint","urlTemplate":"https:\/\/ueberlebenskunst.at\/survivalshop\/?s={search_term_string}"},"query-input":{"@type":"PropertyValueSpecification","valueRequired":true,"valueName":"search_term_string"}}],"inLanguage":"de"}]}},"_links":{"self":[{"href":"https:\/\/ueberlebenskunst.at\/survivalshop\/wp-json\/wp\/v2\/product\/202098","targetHints":{"allow":["GET"]}}],"collection":[{"href":"https:\/\/ueberlebenskunst.at\/survivalshop\/wp-json\/wp\/v2\/product"}],"about":[{"href":"https:\/\/ueberlebenskunst.at\/survivalshop\/wp-json\/wp\/v2\/types\/product"}],"replies":[{"embeddable":true,"href":"https:\/\/ueberlebenskunst.at\/survivalshop\/wp-json\/wp\/v2\/comments?post=202098"}],"wp:featuredmedia":[{"embeddable":true,"href":"https:\/\/ueberlebenskunst.at\/survivalshop\/wp-json\/wp\/v2\/media\/202099"}],"wp:attachment":[{"href":"https:\/\/ueberlebenskunst.at\/survivalshop\/wp-json\/wp\/v2\/media?parent=202098"}],"wp:term":[{"taxonomy":"product_brand","embeddable":true,"href":"https:\/\/ueberlebenskunst.at\/survivalshop\/wp-json\/wp\/v2\/product_brand?post=202098"},{"taxonomy":"product_cat","embeddable":true,"href":"https:\/\/ueberlebenskunst.at\/survivalshop\/wp-json\/wp\/v2\/product_cat?post=202098"},{"taxonomy":"product_tag","embeddable":true,"href":"https:\/\/ueberlebenskunst.at\/survivalshop\/wp-json\/wp\/v2\/product_tag?post=202098"}],"curies":[{"name":"wp","href":"https:\/\/api.w.org\/{rel}","templated":true}]}}