{"id":201381,"date":"2025-12-17T10:13:36","date_gmt":"2025-12-17T09:13:36","guid":{"rendered":"https:\/\/ueberlebenskunst.at\/survivalshop\/?post_type=product&#038;p=201381"},"modified":"2026-04-15T01:51:02","modified_gmt":"2026-04-14T23:51:02","slug":"ar-series-tuning-abzug-cal-68-ready","status":"publish","type":"product","link":"https:\/\/ueberlebenskunst.at\/survivalshop\/shop\/ar-series-tuning-abzug-cal-68-ready\/","title":{"rendered":"AR-Series \u2013 Tuning Abzug, cal .68 ready"},"content":{"rendered":"<p>Der Tuning-Abzug senkt das Abzugsgewicht sp\u00fcrbar \u2013 mit dem 90-lbs-Wurfarm sogar um beinahe 50 % \u2013 und macht saubere, pr\u00e4zise Sch\u00fcsse deutlich leichter. Gerade beim sportlichen Schie\u00dfen spielt er seine St\u00e4rken aus: Statt wie beim Standardabzug zum Schuss hin schwerer zu werden, bleibt der Widerstand gleichm\u00e4\u00dfig. Dadurch f\u00fchlt sich der Abzug insgesamt konstanter, weicher und kontrollierbarer an. Gleichzeitig lassen sich typische Abzugsfehler schneller erkennen und mit weniger Trainingsaufwand abstellen.<\/p>\n<p>In der <a href=\"https:\/\/ueberlebenskunst.at\/survivalshop\/shop\/ar-series-b08-tactical-vorbestellerbundle\/\" target=\"_blank\" rel=\"noopener\">B08<\/a> ist dieser Abzug bereits serienm\u00e4\u00dfig verbaut, und er passt zu allen AR-Series Systemen.<\/p>\n<h3>Technische Daten:<\/h3>\n<ul>\n<li>L\u00e4nge: 5 cm<\/li>\n<li>Breite: 3,2 cm<\/li>\n<li>H\u00f6he: 0,5 cm<\/li>\n<li>Gewicht: 7 g<\/li>\n<\/ul>\n<h3>Lieferumfang des Tuning Triggers:<\/h3>\n<ul>\n<li>1 schwarzer Abzug<\/li>\n<li>1 gelber Abzug<\/li>\n<li>2 Zahnstangen<\/li>\n<li>1 Feder<\/li>\n<li>1 Stift<\/li>\n<\/ul>\n","protected":false},"excerpt":{"rendered":"<p>Der Tuning-Abzug senkt das Abzugsgewicht sp\u00fcrbar \u2013 mit dem 90-lbs-Wurfarm sogar um beinahe 50 % \u2013 und macht saubere, pr\u00e4zise Sch\u00fcsse deutlich leichter. Gerade beim sportlichen Schie\u00dfen spielt er seine St\u00e4rken aus: Statt wie beim Standardabzug zum Schuss hin schwerer zu werden, bleibt der Widerstand gleichm\u00e4\u00dfig. Dadurch f\u00fchlt sich der Abzug insgesamt konstanter, weicher und [&hellip;]<\/p>\n","protected":false},"featured_media":201382,"comment_status":"open","ping_status":"closed","template":"","meta":{"_acf_changed":false},"product_brand":[],"product_cat":[1893],"product_tag":[975,1301],"class_list":{"0":"post-201381","1":"product","2":"type-product","3":"status-publish","4":"has-post-thumbnail","6":"product_cat-steambow-stinger-bogensport-pfeil-kugel","7":"product_tag-stinger-2-zubehoer","8":"product_tag-tuning","10":"first","11":"instock","12":"taxable","13":"shipping-taxable","14":"purchasable","15":"product-type-simple"},"acf":[],"yoast_head":"<!-- This site is optimized with the Yoast SEO plugin v27.1.1 - https:\/\/yoast.com\/product\/yoast-seo-wordpress\/ -->\n<title>Steambow Stinger 2 - Tuning Abzug (inkl. Video!)<\/title>\n<meta name=\"robots\" content=\"index, follow, max-snippet:-1, max-image-preview:large, max-video-preview:-1\" \/>\n<link rel=\"canonical\" href=\"https:\/\/ueberlebenskunst.at\/survivalshop\/shop\/ar-series-tuning-abzug-cal-68-ready\/\" \/>\n<meta property=\"og:locale\" content=\"de_DE\" \/>\n<meta property=\"og:type\" content=\"article\" \/>\n<meta property=\"og:title\" content=\"Steambow Stinger 2 - Tuning Abzug (inkl. Video!)\" \/>\n<meta property=\"og:description\" content=\"Der Tuning-Abzug senkt das Abzugsgewicht sp\u00fcrbar \u2013 mit dem 90-lbs-Wurfarm sogar um beinahe 50 % \u2013 und macht saubere, pr\u00e4zise Sch\u00fcsse deutlich leichter. Gerade beim sportlichen Schie\u00dfen spielt er seine St\u00e4rken aus: Statt wie beim Standardabzug zum Schuss hin schwerer zu werden, bleibt der Widerstand gleichm\u00e4\u00dfig. Dadurch f\u00fchlt sich der Abzug insgesamt konstanter, weicher und [&hellip;]\" \/>\n<meta property=\"og:url\" content=\"https:\/\/ueberlebenskunst.at\/survivalshop\/shop\/ar-series-tuning-abzug-cal-68-ready\/\" \/>\n<meta property=\"og:site_name\" content=\"Reini Rossmann - Survival Shop\" \/>\n<meta property=\"article:publisher\" content=\"https:\/\/www.facebook.com\/survival24.org\/\" \/>\n<meta property=\"article:modified_time\" content=\"2026-04-14T23:51:02+00:00\" \/>\n<meta property=\"og:image\" content=\"https:\/\/ueberlebenskunst.at\/survivalshop\/wp-content\/uploads\/2025\/12\/0000841.jpg\" \/>\n\t<meta property=\"og:image:width\" content=\"400\" \/>\n\t<meta property=\"og:image:height\" content=\"414\" \/>\n\t<meta property=\"og:image:type\" content=\"image\/jpeg\" \/>\n<meta name=\"twitter:card\" content=\"summary_large_image\" \/>\n<meta name=\"twitter:label1\" content=\"Gesch\u00e4tzte Lesezeit\" \/>\n\t<meta name=\"twitter:data1\" content=\"1\u00a0Minute\" \/>\n<script type=\"application\/ld+json\" class=\"yoast-schema-graph\">{\"@context\":\"https:\/\/schema.org\",\"@graph\":[{\"@type\":\"WebPage\",\"@id\":\"https:\/\/ueberlebenskunst.at\/survivalshop\/shop\/ar-series-tuning-abzug-cal-68-ready\/\",\"url\":\"https:\/\/ueberlebenskunst.at\/survivalshop\/shop\/ar-series-tuning-abzug-cal-68-ready\/\",\"name\":\"Steambow Stinger 2 - Tuning Abzug (inkl. Video!)\",\"isPartOf\":{\"@id\":\"https:\/\/ueberlebenskunst.at\/survivalshop\/#website\"},\"primaryImageOfPage\":{\"@id\":\"https:\/\/ueberlebenskunst.at\/survivalshop\/shop\/ar-series-tuning-abzug-cal-68-ready\/#primaryimage\"},\"image\":{\"@id\":\"https:\/\/ueberlebenskunst.at\/survivalshop\/shop\/ar-series-tuning-abzug-cal-68-ready\/#primaryimage\"},\"thumbnailUrl\":\"https:\/\/ueberlebenskunst.at\/survivalshop\/wp-content\/uploads\/2025\/12\/0000841.jpg\",\"datePublished\":\"2025-12-17T09:13:36+00:00\",\"dateModified\":\"2026-04-14T23:51:02+00:00\",\"breadcrumb\":{\"@id\":\"https:\/\/ueberlebenskunst.at\/survivalshop\/shop\/ar-series-tuning-abzug-cal-68-ready\/#breadcrumb\"},\"inLanguage\":\"de\",\"potentialAction\":[{\"@type\":\"ReadAction\",\"target\":[\"https:\/\/ueberlebenskunst.at\/survivalshop\/shop\/ar-series-tuning-abzug-cal-68-ready\/\"]}]},{\"@type\":\"ImageObject\",\"inLanguage\":\"de\",\"@id\":\"https:\/\/ueberlebenskunst.at\/survivalshop\/shop\/ar-series-tuning-abzug-cal-68-ready\/#primaryimage\",\"url\":\"https:\/\/ueberlebenskunst.at\/survivalshop\/wp-content\/uploads\/2025\/12\/0000841.jpg\",\"contentUrl\":\"https:\/\/ueberlebenskunst.at\/survivalshop\/wp-content\/uploads\/2025\/12\/0000841.jpg\",\"width\":400,\"height\":414},{\"@type\":\"BreadcrumbList\",\"@id\":\"https:\/\/ueberlebenskunst.at\/survivalshop\/shop\/ar-series-tuning-abzug-cal-68-ready\/#breadcrumb\",\"itemListElement\":[{\"@type\":\"ListItem\",\"position\":1,\"name\":\"Startseite\",\"item\":\"https:\/\/ueberlebenskunst.at\/survivalshop\/\"},{\"@type\":\"ListItem\",\"position\":2,\"name\":\"Shop\",\"item\":\"https:\/\/ueberlebenskunst.at\/survivalshop\/shop\/\"},{\"@type\":\"ListItem\",\"position\":3,\"name\":\"AR-Series \u2013 Tuning Abzug, cal .68 ready\"}]},{\"@type\":\"WebSite\",\"@id\":\"https:\/\/ueberlebenskunst.at\/survivalshop\/#website\",\"url\":\"https:\/\/ueberlebenskunst.at\/survivalshop\/\",\"name\":\"Reini Rossmann - Survival Shop\",\"description\":\"Survival Shop f\u00fcr Survival, Bushcraft und Prepper\",\"potentialAction\":[{\"@type\":\"SearchAction\",\"target\":{\"@type\":\"EntryPoint\",\"urlTemplate\":\"https:\/\/ueberlebenskunst.at\/survivalshop\/?s={search_term_string}\"},\"query-input\":{\"@type\":\"PropertyValueSpecification\",\"valueRequired\":true,\"valueName\":\"search_term_string\"}}],\"inLanguage\":\"de\"}]}<\/script>\n<!-- \/ Yoast SEO plugin. -->","yoast_head_json":{"title":"Steambow Stinger 2 - Tuning Abzug (inkl. Video!)","robots":{"index":"index","follow":"follow","max-snippet":"max-snippet:-1","max-image-preview":"max-image-preview:large","max-video-preview":"max-video-preview:-1"},"canonical":"https:\/\/ueberlebenskunst.at\/survivalshop\/shop\/ar-series-tuning-abzug-cal-68-ready\/","og_locale":"de_DE","og_type":"article","og_title":"Steambow Stinger 2 - Tuning Abzug (inkl. Video!)","og_description":"Der Tuning-Abzug senkt das Abzugsgewicht sp\u00fcrbar \u2013 mit dem 90-lbs-Wurfarm sogar um beinahe 50 % \u2013 und macht saubere, pr\u00e4zise Sch\u00fcsse deutlich leichter. Gerade beim sportlichen Schie\u00dfen spielt er seine St\u00e4rken aus: Statt wie beim Standardabzug zum Schuss hin schwerer zu werden, bleibt der Widerstand gleichm\u00e4\u00dfig. Dadurch f\u00fchlt sich der Abzug insgesamt konstanter, weicher und [&hellip;]","og_url":"https:\/\/ueberlebenskunst.at\/survivalshop\/shop\/ar-series-tuning-abzug-cal-68-ready\/","og_site_name":"Reini Rossmann - Survival Shop","article_publisher":"https:\/\/www.facebook.com\/survival24.org\/","article_modified_time":"2026-04-14T23:51:02+00:00","og_image":[{"width":400,"height":414,"url":"https:\/\/ueberlebenskunst.at\/survivalshop\/wp-content\/uploads\/2025\/12\/0000841.jpg","type":"image\/jpeg"}],"twitter_card":"summary_large_image","twitter_misc":{"Gesch\u00e4tzte Lesezeit":"1\u00a0Minute"},"schema":{"@context":"https:\/\/schema.org","@graph":[{"@type":"WebPage","@id":"https:\/\/ueberlebenskunst.at\/survivalshop\/shop\/ar-series-tuning-abzug-cal-68-ready\/","url":"https:\/\/ueberlebenskunst.at\/survivalshop\/shop\/ar-series-tuning-abzug-cal-68-ready\/","name":"Steambow Stinger 2 - Tuning Abzug (inkl. Video!)","isPartOf":{"@id":"https:\/\/ueberlebenskunst.at\/survivalshop\/#website"},"primaryImageOfPage":{"@id":"https:\/\/ueberlebenskunst.at\/survivalshop\/shop\/ar-series-tuning-abzug-cal-68-ready\/#primaryimage"},"image":{"@id":"https:\/\/ueberlebenskunst.at\/survivalshop\/shop\/ar-series-tuning-abzug-cal-68-ready\/#primaryimage"},"thumbnailUrl":"https:\/\/ueberlebenskunst.at\/survivalshop\/wp-content\/uploads\/2025\/12\/0000841.jpg","datePublished":"2025-12-17T09:13:36+00:00","dateModified":"2026-04-14T23:51:02+00:00","breadcrumb":{"@id":"https:\/\/ueberlebenskunst.at\/survivalshop\/shop\/ar-series-tuning-abzug-cal-68-ready\/#breadcrumb"},"inLanguage":"de","potentialAction":[{"@type":"ReadAction","target":["https:\/\/ueberlebenskunst.at\/survivalshop\/shop\/ar-series-tuning-abzug-cal-68-ready\/"]}]},{"@type":"ImageObject","inLanguage":"de","@id":"https:\/\/ueberlebenskunst.at\/survivalshop\/shop\/ar-series-tuning-abzug-cal-68-ready\/#primaryimage","url":"https:\/\/ueberlebenskunst.at\/survivalshop\/wp-content\/uploads\/2025\/12\/0000841.jpg","contentUrl":"https:\/\/ueberlebenskunst.at\/survivalshop\/wp-content\/uploads\/2025\/12\/0000841.jpg","width":400,"height":414},{"@type":"BreadcrumbList","@id":"https:\/\/ueberlebenskunst.at\/survivalshop\/shop\/ar-series-tuning-abzug-cal-68-ready\/#breadcrumb","itemListElement":[{"@type":"ListItem","position":1,"name":"Startseite","item":"https:\/\/ueberlebenskunst.at\/survivalshop\/"},{"@type":"ListItem","position":2,"name":"Shop","item":"https:\/\/ueberlebenskunst.at\/survivalshop\/shop\/"},{"@type":"ListItem","position":3,"name":"AR-Series \u2013 Tuning Abzug, cal .68 ready"}]},{"@type":"WebSite","@id":"https:\/\/ueberlebenskunst.at\/survivalshop\/#website","url":"https:\/\/ueberlebenskunst.at\/survivalshop\/","name":"Reini Rossmann - Survival Shop","description":"Survival Shop f\u00fcr Survival, Bushcraft und Prepper","potentialAction":[{"@type":"SearchAction","target":{"@type":"EntryPoint","urlTemplate":"https:\/\/ueberlebenskunst.at\/survivalshop\/?s={search_term_string}"},"query-input":{"@type":"PropertyValueSpecification","valueRequired":true,"valueName":"search_term_string"}}],"inLanguage":"de"}]}},"_links":{"self":[{"href":"https:\/\/ueberlebenskunst.at\/survivalshop\/wp-json\/wp\/v2\/product\/201381","targetHints":{"allow":["GET"]}}],"collection":[{"href":"https:\/\/ueberlebenskunst.at\/survivalshop\/wp-json\/wp\/v2\/product"}],"about":[{"href":"https:\/\/ueberlebenskunst.at\/survivalshop\/wp-json\/wp\/v2\/types\/product"}],"replies":[{"embeddable":true,"href":"https:\/\/ueberlebenskunst.at\/survivalshop\/wp-json\/wp\/v2\/comments?post=201381"}],"wp:featuredmedia":[{"embeddable":true,"href":"https:\/\/ueberlebenskunst.at\/survivalshop\/wp-json\/wp\/v2\/media\/201382"}],"wp:attachment":[{"href":"https:\/\/ueberlebenskunst.at\/survivalshop\/wp-json\/wp\/v2\/media?parent=201381"}],"wp:term":[{"taxonomy":"product_brand","embeddable":true,"href":"https:\/\/ueberlebenskunst.at\/survivalshop\/wp-json\/wp\/v2\/product_brand?post=201381"},{"taxonomy":"product_cat","embeddable":true,"href":"https:\/\/ueberlebenskunst.at\/survivalshop\/wp-json\/wp\/v2\/product_cat?post=201381"},{"taxonomy":"product_tag","embeddable":true,"href":"https:\/\/ueberlebenskunst.at\/survivalshop\/wp-json\/wp\/v2\/product_tag?post=201381"}],"curies":[{"name":"wp","href":"https:\/\/api.w.org\/{rel}","templated":true}]}}