{"id":200555,"date":"2025-12-03T13:34:07","date_gmt":"2025-12-03T12:34:07","guid":{"rendered":"https:\/\/ueberlebenskunst.at\/survivalshop\/?post_type=product&#038;p=200555"},"modified":"2026-05-07T22:13:03","modified_gmt":"2026-05-07T20:13:03","slug":"montageschrauben-fuer-revo-universalhalterung","status":"publish","type":"product","link":"https:\/\/ueberlebenskunst.at\/survivalshop\/shop\/montageschrauben-fuer-revo-universalhalterung\/","title":{"rendered":"Montageschrauben f\u00fcr Revo Universalhalterung"},"content":{"rendered":"<p>Diese Montageschrauben sind Zubeh\u00f6r f\u00fcr die <a href=\"https:\/\/ueberlebenskunst.at\/survivalshop\/shop\/ek-archery-revo-7-pistolenarmbrust\/\" target=\"_blank\" rel=\"noopener\">EK Archery Revo 7<\/a>. Damit kannst du die Universalhalterung auch auf jener Seite montieren, auf der die Picatinny-Schiene am Magazink\u00f6rper angebracht ist. Die Schiene, die f\u00fcr das Nachladen des Magazins zust\u00e4ndig ist, bleibt dabei an der Armbrust. Auf diese Schiene wird die Universalhalterung mit Hilfe der Montageschrauben einfach und stabil befestigt. So kannst du deine vorhandene Universalhalterung bei Bedarf auch auf die andere Seite der Armbrust versetzen und flexibel an deine bevorzugte Schie\u00dfhand oder dein Setup anpassen.<\/p>\n<p>Die Schrauben haben die Dimension 4 \u00d7 25 mm und sind als Senkkopfschrauben ausgef\u00fchrt. Dadurch liegen sie sauber in der Halterung an und stehen nicht \u00fcber, was eine flache, sichere Montage auf der Picatinny-Schiene erm\u00f6glicht. F\u00fcr eine ordnungsgem\u00e4\u00dfe Montage werden zwei Schrauben ben\u00f6tigt. Im Set sind jedoch sicherheitshalber drei Schrauben enthalten, falls bei der Montage eine verloren geht oder besch\u00e4digt wird.<\/p>\n<p>Es handelt sich um Standardschrauben mit schwarzer Beschichtung. Durch das mehrmalige Ein- und Herausdrehen der Schrauben in den Magazink\u00f6rper kann sich diese Beschichtung im Bereich des Gewindes mit der Zeit abreiben. Das ist normal, beeintr\u00e4chtigt die Funktion der Schrauben nicht und ist lediglich ein optischer Effekt. Mit diesem Set bist du bestens ausger\u00fcstet, um deine Universalhalterung flexibel und zuverl\u00e4ssig an der EK Archery Revo 7 zu montieren.<\/p>\n<p>Lieferumfang: 3 St\u00fcck 4 x 25 Senkkopfschrauben<\/p>\n<p><a href=\"https:\/\/ueberlebenskunst.at\/survivalshop\/wp-content\/uploads\/2021\/11\/Logo_Kinder.png\"><img decoding=\"async\" class=\"alignnone size-medium wp-image-179571\" src=\"https:\/\/ueberlebenskunst.at\/survivalshop\/wp-content\/uploads\/2021\/11\/Logo_Kinder-300x126.png\" alt=\"\" width=\"300\" height=\"126\" srcset=\"https:\/\/ueberlebenskunst.at\/survivalshop\/wp-content\/uploads\/2021\/11\/Logo_Kinder-300x126.png 300w, https:\/\/ueberlebenskunst.at\/survivalshop\/wp-content\/uploads\/2021\/11\/Logo_Kinder-64x27.png 64w, https:\/\/ueberlebenskunst.at\/survivalshop\/wp-content\/uploads\/2021\/11\/Logo_Kinder.png 401w\" sizes=\"(max-width: 300px) 100vw, 300px\" \/><\/a><\/p>\n","protected":false},"excerpt":{"rendered":"<p>Diese Montageschrauben sind Zubeh\u00f6r f\u00fcr die EK Archery Revo 7. Damit kannst du die Universalhalterung auch auf jener Seite montieren, auf der die Picatinny-Schiene am Magazink\u00f6rper angebracht ist. Die Schiene, die f\u00fcr das Nachladen des Magazins zust\u00e4ndig ist, bleibt dabei an der Armbrust. Auf diese Schiene wird die Universalhalterung mit Hilfe der Montageschrauben einfach und [&hellip;]<\/p>\n","protected":false},"featured_media":200556,"comment_status":"open","ping_status":"closed","template":"","meta":{"_acf_changed":false},"product_brand":[],"product_cat":[2332],"product_tag":[2333,2558],"class_list":{"0":"post-200555","1":"product","2":"type-product","3":"status-publish","4":"has-post-thumbnail","6":"product_cat-ek-archery-revo-7","7":"product_tag-revo-7","8":"product_tag-revo-universal-halterung","10":"first","11":"instock","12":"taxable","13":"shipping-taxable","14":"purchasable","15":"product-type-simple"},"acf":[],"yoast_head":"<!-- This site is optimized with the Yoast SEO plugin v27.1.1 - https:\/\/yoast.com\/product\/yoast-seo-wordpress\/ -->\n<title>Montageschrauben f\u00fcr Revo Universalhalterung - Reini Rossmann - Survival Shop<\/title>\n<meta name=\"robots\" content=\"index, follow, max-snippet:-1, max-image-preview:large, max-video-preview:-1\" \/>\n<link rel=\"canonical\" href=\"https:\/\/ueberlebenskunst.at\/survivalshop\/shop\/montageschrauben-fuer-revo-universalhalterung\/\" \/>\n<meta property=\"og:locale\" content=\"de_DE\" \/>\n<meta property=\"og:type\" content=\"article\" \/>\n<meta property=\"og:title\" content=\"Montageschrauben f\u00fcr Revo Universalhalterung - Reini Rossmann - Survival Shop\" \/>\n<meta property=\"og:description\" content=\"Diese Montageschrauben sind Zubeh\u00f6r f\u00fcr die EK Archery Revo 7. Damit kannst du die Universalhalterung auch auf jener Seite montieren, auf der die Picatinny-Schiene am Magazink\u00f6rper angebracht ist. Die Schiene, die f\u00fcr das Nachladen des Magazins zust\u00e4ndig ist, bleibt dabei an der Armbrust. Auf diese Schiene wird die Universalhalterung mit Hilfe der Montageschrauben einfach und [&hellip;]\" \/>\n<meta property=\"og:url\" content=\"https:\/\/ueberlebenskunst.at\/survivalshop\/shop\/montageschrauben-fuer-revo-universalhalterung\/\" \/>\n<meta property=\"og:site_name\" content=\"Reini Rossmann - Survival Shop\" \/>\n<meta property=\"article:publisher\" content=\"https:\/\/www.facebook.com\/survival24.org\/\" \/>\n<meta property=\"article:modified_time\" content=\"2026-05-07T20:13:03+00:00\" \/>\n<meta property=\"og:image\" content=\"https:\/\/ueberlebenskunst.at\/survivalshop\/wp-content\/uploads\/2025\/12\/schrauben.jpg\" \/>\n\t<meta property=\"og:image:width\" content=\"400\" \/>\n\t<meta property=\"og:image:height\" content=\"478\" \/>\n\t<meta property=\"og:image:type\" content=\"image\/jpeg\" \/>\n<meta name=\"twitter:card\" content=\"summary_large_image\" \/>\n<meta name=\"twitter:label1\" content=\"Gesch\u00e4tzte Lesezeit\" \/>\n\t<meta name=\"twitter:data1\" content=\"2\u00a0Minuten\" \/>\n<script type=\"application\/ld+json\" class=\"yoast-schema-graph\">{\"@context\":\"https:\/\/schema.org\",\"@graph\":[{\"@type\":\"WebPage\",\"@id\":\"https:\/\/ueberlebenskunst.at\/survivalshop\/shop\/montageschrauben-fuer-revo-universalhalterung\/\",\"url\":\"https:\/\/ueberlebenskunst.at\/survivalshop\/shop\/montageschrauben-fuer-revo-universalhalterung\/\",\"name\":\"Montageschrauben f\u00fcr Revo Universalhalterung - Reini Rossmann - Survival Shop\",\"isPartOf\":{\"@id\":\"https:\/\/ueberlebenskunst.at\/survivalshop\/#website\"},\"primaryImageOfPage\":{\"@id\":\"https:\/\/ueberlebenskunst.at\/survivalshop\/shop\/montageschrauben-fuer-revo-universalhalterung\/#primaryimage\"},\"image\":{\"@id\":\"https:\/\/ueberlebenskunst.at\/survivalshop\/shop\/montageschrauben-fuer-revo-universalhalterung\/#primaryimage\"},\"thumbnailUrl\":\"https:\/\/ueberlebenskunst.at\/survivalshop\/wp-content\/uploads\/2025\/12\/schrauben.jpg\",\"datePublished\":\"2025-12-03T12:34:07+00:00\",\"dateModified\":\"2026-05-07T20:13:03+00:00\",\"breadcrumb\":{\"@id\":\"https:\/\/ueberlebenskunst.at\/survivalshop\/shop\/montageschrauben-fuer-revo-universalhalterung\/#breadcrumb\"},\"inLanguage\":\"de\",\"potentialAction\":[{\"@type\":\"ReadAction\",\"target\":[\"https:\/\/ueberlebenskunst.at\/survivalshop\/shop\/montageschrauben-fuer-revo-universalhalterung\/\"]}]},{\"@type\":\"ImageObject\",\"inLanguage\":\"de\",\"@id\":\"https:\/\/ueberlebenskunst.at\/survivalshop\/shop\/montageschrauben-fuer-revo-universalhalterung\/#primaryimage\",\"url\":\"https:\/\/ueberlebenskunst.at\/survivalshop\/wp-content\/uploads\/2025\/12\/schrauben.jpg\",\"contentUrl\":\"https:\/\/ueberlebenskunst.at\/survivalshop\/wp-content\/uploads\/2025\/12\/schrauben.jpg\",\"width\":400,\"height\":478},{\"@type\":\"BreadcrumbList\",\"@id\":\"https:\/\/ueberlebenskunst.at\/survivalshop\/shop\/montageschrauben-fuer-revo-universalhalterung\/#breadcrumb\",\"itemListElement\":[{\"@type\":\"ListItem\",\"position\":1,\"name\":\"Startseite\",\"item\":\"https:\/\/ueberlebenskunst.at\/survivalshop\/\"},{\"@type\":\"ListItem\",\"position\":2,\"name\":\"Shop\",\"item\":\"https:\/\/ueberlebenskunst.at\/survivalshop\/shop\/\"},{\"@type\":\"ListItem\",\"position\":3,\"name\":\"Montageschrauben f\u00fcr Revo Universalhalterung\"}]},{\"@type\":\"WebSite\",\"@id\":\"https:\/\/ueberlebenskunst.at\/survivalshop\/#website\",\"url\":\"https:\/\/ueberlebenskunst.at\/survivalshop\/\",\"name\":\"Reini Rossmann - Survival Shop\",\"description\":\"Survival Shop f\u00fcr Survival, Bushcraft und Prepper\",\"potentialAction\":[{\"@type\":\"SearchAction\",\"target\":{\"@type\":\"EntryPoint\",\"urlTemplate\":\"https:\/\/ueberlebenskunst.at\/survivalshop\/?s={search_term_string}\"},\"query-input\":{\"@type\":\"PropertyValueSpecification\",\"valueRequired\":true,\"valueName\":\"search_term_string\"}}],\"inLanguage\":\"de\"}]}<\/script>\n<!-- \/ Yoast SEO plugin. -->","yoast_head_json":{"title":"Montageschrauben f\u00fcr Revo Universalhalterung - Reini Rossmann - Survival Shop","robots":{"index":"index","follow":"follow","max-snippet":"max-snippet:-1","max-image-preview":"max-image-preview:large","max-video-preview":"max-video-preview:-1"},"canonical":"https:\/\/ueberlebenskunst.at\/survivalshop\/shop\/montageschrauben-fuer-revo-universalhalterung\/","og_locale":"de_DE","og_type":"article","og_title":"Montageschrauben f\u00fcr Revo Universalhalterung - Reini Rossmann - Survival Shop","og_description":"Diese Montageschrauben sind Zubeh\u00f6r f\u00fcr die EK Archery Revo 7. Damit kannst du die Universalhalterung auch auf jener Seite montieren, auf der die Picatinny-Schiene am Magazink\u00f6rper angebracht ist. Die Schiene, die f\u00fcr das Nachladen des Magazins zust\u00e4ndig ist, bleibt dabei an der Armbrust. Auf diese Schiene wird die Universalhalterung mit Hilfe der Montageschrauben einfach und [&hellip;]","og_url":"https:\/\/ueberlebenskunst.at\/survivalshop\/shop\/montageschrauben-fuer-revo-universalhalterung\/","og_site_name":"Reini Rossmann - Survival Shop","article_publisher":"https:\/\/www.facebook.com\/survival24.org\/","article_modified_time":"2026-05-07T20:13:03+00:00","og_image":[{"width":400,"height":478,"url":"https:\/\/ueberlebenskunst.at\/survivalshop\/wp-content\/uploads\/2025\/12\/schrauben.jpg","type":"image\/jpeg"}],"twitter_card":"summary_large_image","twitter_misc":{"Gesch\u00e4tzte Lesezeit":"2\u00a0Minuten"},"schema":{"@context":"https:\/\/schema.org","@graph":[{"@type":"WebPage","@id":"https:\/\/ueberlebenskunst.at\/survivalshop\/shop\/montageschrauben-fuer-revo-universalhalterung\/","url":"https:\/\/ueberlebenskunst.at\/survivalshop\/shop\/montageschrauben-fuer-revo-universalhalterung\/","name":"Montageschrauben f\u00fcr Revo Universalhalterung - Reini Rossmann - Survival Shop","isPartOf":{"@id":"https:\/\/ueberlebenskunst.at\/survivalshop\/#website"},"primaryImageOfPage":{"@id":"https:\/\/ueberlebenskunst.at\/survivalshop\/shop\/montageschrauben-fuer-revo-universalhalterung\/#primaryimage"},"image":{"@id":"https:\/\/ueberlebenskunst.at\/survivalshop\/shop\/montageschrauben-fuer-revo-universalhalterung\/#primaryimage"},"thumbnailUrl":"https:\/\/ueberlebenskunst.at\/survivalshop\/wp-content\/uploads\/2025\/12\/schrauben.jpg","datePublished":"2025-12-03T12:34:07+00:00","dateModified":"2026-05-07T20:13:03+00:00","breadcrumb":{"@id":"https:\/\/ueberlebenskunst.at\/survivalshop\/shop\/montageschrauben-fuer-revo-universalhalterung\/#breadcrumb"},"inLanguage":"de","potentialAction":[{"@type":"ReadAction","target":["https:\/\/ueberlebenskunst.at\/survivalshop\/shop\/montageschrauben-fuer-revo-universalhalterung\/"]}]},{"@type":"ImageObject","inLanguage":"de","@id":"https:\/\/ueberlebenskunst.at\/survivalshop\/shop\/montageschrauben-fuer-revo-universalhalterung\/#primaryimage","url":"https:\/\/ueberlebenskunst.at\/survivalshop\/wp-content\/uploads\/2025\/12\/schrauben.jpg","contentUrl":"https:\/\/ueberlebenskunst.at\/survivalshop\/wp-content\/uploads\/2025\/12\/schrauben.jpg","width":400,"height":478},{"@type":"BreadcrumbList","@id":"https:\/\/ueberlebenskunst.at\/survivalshop\/shop\/montageschrauben-fuer-revo-universalhalterung\/#breadcrumb","itemListElement":[{"@type":"ListItem","position":1,"name":"Startseite","item":"https:\/\/ueberlebenskunst.at\/survivalshop\/"},{"@type":"ListItem","position":2,"name":"Shop","item":"https:\/\/ueberlebenskunst.at\/survivalshop\/shop\/"},{"@type":"ListItem","position":3,"name":"Montageschrauben f\u00fcr Revo Universalhalterung"}]},{"@type":"WebSite","@id":"https:\/\/ueberlebenskunst.at\/survivalshop\/#website","url":"https:\/\/ueberlebenskunst.at\/survivalshop\/","name":"Reini Rossmann - Survival Shop","description":"Survival Shop f\u00fcr Survival, Bushcraft und Prepper","potentialAction":[{"@type":"SearchAction","target":{"@type":"EntryPoint","urlTemplate":"https:\/\/ueberlebenskunst.at\/survivalshop\/?s={search_term_string}"},"query-input":{"@type":"PropertyValueSpecification","valueRequired":true,"valueName":"search_term_string"}}],"inLanguage":"de"}]}},"_links":{"self":[{"href":"https:\/\/ueberlebenskunst.at\/survivalshop\/wp-json\/wp\/v2\/product\/200555","targetHints":{"allow":["GET"]}}],"collection":[{"href":"https:\/\/ueberlebenskunst.at\/survivalshop\/wp-json\/wp\/v2\/product"}],"about":[{"href":"https:\/\/ueberlebenskunst.at\/survivalshop\/wp-json\/wp\/v2\/types\/product"}],"replies":[{"embeddable":true,"href":"https:\/\/ueberlebenskunst.at\/survivalshop\/wp-json\/wp\/v2\/comments?post=200555"}],"wp:featuredmedia":[{"embeddable":true,"href":"https:\/\/ueberlebenskunst.at\/survivalshop\/wp-json\/wp\/v2\/media\/200556"}],"wp:attachment":[{"href":"https:\/\/ueberlebenskunst.at\/survivalshop\/wp-json\/wp\/v2\/media?parent=200555"}],"wp:term":[{"taxonomy":"product_brand","embeddable":true,"href":"https:\/\/ueberlebenskunst.at\/survivalshop\/wp-json\/wp\/v2\/product_brand?post=200555"},{"taxonomy":"product_cat","embeddable":true,"href":"https:\/\/ueberlebenskunst.at\/survivalshop\/wp-json\/wp\/v2\/product_cat?post=200555"},{"taxonomy":"product_tag","embeddable":true,"href":"https:\/\/ueberlebenskunst.at\/survivalshop\/wp-json\/wp\/v2\/product_tag?post=200555"}],"curies":[{"name":"wp","href":"https:\/\/api.w.org\/{rel}","templated":true}]}}