{"id":196949,"date":"2025-10-09T12:09:59","date_gmt":"2025-10-09T10:09:59","guid":{"rendered":"https:\/\/ueberlebenskunst.at\/survivalshop\/?post_type=product&#038;p=196949"},"modified":"2026-04-28T17:07:42","modified_gmt":"2026-04-28T15:07:42","slug":"ersatzsehne-fuer-man-kung-sobek-mk-tcs3s","status":"publish","type":"product","link":"https:\/\/ueberlebenskunst.at\/survivalshop\/shop\/ersatzsehne-fuer-man-kung-sobek-mk-tcs3s\/","title":{"rendered":"Ersatzsehne f\u00fcr Man Kung Sobek MK-TCS3S"},"content":{"rendered":"<p>Die Sehne Man Kung MK-TCS3S wird mit zwei Endkappen geliefert und passt f\u00fcr folgende Armbr\u00fcste:<\/p>\n<p><a href=\"https:\/\/ueberlebenskunst.at\/survivalshop\/shop\/man-kung-mk-tcs3g-sobek-recurve-pistol-crossbow-80-lbs-185-fps\/\" target=\"_blank\" rel=\"noopener\">Man Kung MK-TCS3BK Sobek<\/a><\/p>\n<p><a href=\"https:\/\/ueberlebenskunst.at\/survivalshop\/shop\/man-kung-7-schuss-magazin-schnellschuss-armbrust-gruen-vorbestelleraktion\/\" target=\"_blank\" rel=\"noopener\">Man Kung MK-TCS3G Sobek<\/a><\/p>\n<h3>Produktdetails:<\/h3>\n<ul>\n<li>Material: Polyester<\/li>\n<li>L\u00e4nge: ca. \u00b1 43 cm<\/li>\n<\/ul>\n<p>Wir empfehlen, die Sehne regelm\u00e4\u00dfig mit <a href=\"https:\/\/ueberlebenskunst.at\/survivalshop\/shop\/sehnen-und-schienenwachs-fuer-armbrueste\/\" target=\"_blank\" rel=\"noopener\">Sehnenwachs<\/a> zu pflegen und einzureiben, um Lebensdauer und Leistung zu erhalten.<\/p>\n","protected":false},"excerpt":{"rendered":"<p>Die Sehne Man Kung MK-TCS3S wird mit zwei Endkappen geliefert und passt f\u00fcr folgende Armbr\u00fcste: Man Kung MK-TCS3BK Sobek Man Kung MK-TCS3G Sobek Produktdetails: Material: Polyester L\u00e4nge: ca. \u00b1 43 cm Wir empfehlen, die Sehne regelm\u00e4\u00dfig mit Sehnenwachs zu pflegen und einzureiben, um Lebensdauer und Leistung zu erhalten.<\/p>\n","protected":false},"featured_media":32116,"comment_status":"open","ping_status":"closed","template":"","meta":{"_acf_changed":false},"product_brand":[],"product_cat":[1897,1925],"product_tag":[2535],"class_list":{"0":"post-196949","1":"product","2":"type-product","3":"status-publish","4":"has-post-thumbnail","6":"product_cat-man-kung-alligator-bogensport-pfeil-kugel","7":"product_cat-sehne","8":"product_tag-man-kung","10":"first","11":"instock","12":"taxable","13":"shipping-taxable","14":"purchasable","15":"product-type-simple"},"acf":[],"yoast_head":"<!-- This site is optimized with the Yoast SEO plugin v27.1.1 - https:\/\/yoast.com\/product\/yoast-seo-wordpress\/ -->\n<title>Ersatzsehne f\u00fcr Man Kung Sobek MK-TCS3S - Reini Rossmann - Survival Shop<\/title>\n<meta name=\"robots\" content=\"index, follow, max-snippet:-1, max-image-preview:large, max-video-preview:-1\" \/>\n<link rel=\"canonical\" href=\"https:\/\/ueberlebenskunst.at\/survivalshop\/shop\/ersatzsehne-fuer-man-kung-sobek-mk-tcs3s\/\" \/>\n<meta property=\"og:locale\" content=\"de_DE\" \/>\n<meta property=\"og:type\" content=\"article\" \/>\n<meta property=\"og:title\" content=\"Ersatzsehne f\u00fcr Man Kung Sobek MK-TCS3S - Reini Rossmann - Survival Shop\" \/>\n<meta property=\"og:description\" content=\"Die Sehne Man Kung MK-TCS3S wird mit zwei Endkappen geliefert und passt f\u00fcr folgende Armbr\u00fcste: Man Kung MK-TCS3BK Sobek Man Kung MK-TCS3G Sobek Produktdetails: Material: Polyester L\u00e4nge: ca. \u00b1 43 cm Wir empfehlen, die Sehne regelm\u00e4\u00dfig mit Sehnenwachs zu pflegen und einzureiben, um Lebensdauer und Leistung zu erhalten.\" \/>\n<meta property=\"og:url\" content=\"https:\/\/ueberlebenskunst.at\/survivalshop\/shop\/ersatzsehne-fuer-man-kung-sobek-mk-tcs3s\/\" \/>\n<meta property=\"og:site_name\" content=\"Reini Rossmann - Survival Shop\" \/>\n<meta property=\"article:publisher\" content=\"https:\/\/www.facebook.com\/survival24.org\/\" \/>\n<meta property=\"article:modified_time\" content=\"2026-04-28T15:07:42+00:00\" \/>\n<meta property=\"og:image\" content=\"https:\/\/ueberlebenskunst.at\/survivalshop\/wp-content\/uploads\/2021\/03\/Alligator-Ersatzsehne_6610.jpg\" \/>\n\t<meta property=\"og:image:width\" content=\"473\" \/>\n\t<meta property=\"og:image:height\" content=\"350\" \/>\n\t<meta property=\"og:image:type\" content=\"image\/jpeg\" \/>\n<meta name=\"twitter:card\" content=\"summary_large_image\" \/>\n<meta name=\"twitter:label1\" content=\"Gesch\u00e4tzte Lesezeit\" \/>\n\t<meta name=\"twitter:data1\" content=\"1\u00a0Minute\" \/>\n<script type=\"application\/ld+json\" class=\"yoast-schema-graph\">{\"@context\":\"https:\/\/schema.org\",\"@graph\":[{\"@type\":\"WebPage\",\"@id\":\"https:\/\/ueberlebenskunst.at\/survivalshop\/shop\/ersatzsehne-fuer-man-kung-sobek-mk-tcs3s\/\",\"url\":\"https:\/\/ueberlebenskunst.at\/survivalshop\/shop\/ersatzsehne-fuer-man-kung-sobek-mk-tcs3s\/\",\"name\":\"Ersatzsehne f\u00fcr Man Kung Sobek MK-TCS3S - Reini Rossmann - Survival Shop\",\"isPartOf\":{\"@id\":\"https:\/\/ueberlebenskunst.at\/survivalshop\/#website\"},\"primaryImageOfPage\":{\"@id\":\"https:\/\/ueberlebenskunst.at\/survivalshop\/shop\/ersatzsehne-fuer-man-kung-sobek-mk-tcs3s\/#primaryimage\"},\"image\":{\"@id\":\"https:\/\/ueberlebenskunst.at\/survivalshop\/shop\/ersatzsehne-fuer-man-kung-sobek-mk-tcs3s\/#primaryimage\"},\"thumbnailUrl\":\"https:\/\/ueberlebenskunst.at\/survivalshop\/wp-content\/uploads\/2021\/03\/Alligator-Ersatzsehne_6610.jpg\",\"datePublished\":\"2025-10-09T10:09:59+00:00\",\"dateModified\":\"2026-04-28T15:07:42+00:00\",\"breadcrumb\":{\"@id\":\"https:\/\/ueberlebenskunst.at\/survivalshop\/shop\/ersatzsehne-fuer-man-kung-sobek-mk-tcs3s\/#breadcrumb\"},\"inLanguage\":\"de\",\"potentialAction\":[{\"@type\":\"ReadAction\",\"target\":[\"https:\/\/ueberlebenskunst.at\/survivalshop\/shop\/ersatzsehne-fuer-man-kung-sobek-mk-tcs3s\/\"]}]},{\"@type\":\"ImageObject\",\"inLanguage\":\"de\",\"@id\":\"https:\/\/ueberlebenskunst.at\/survivalshop\/shop\/ersatzsehne-fuer-man-kung-sobek-mk-tcs3s\/#primaryimage\",\"url\":\"https:\/\/ueberlebenskunst.at\/survivalshop\/wp-content\/uploads\/2021\/03\/Alligator-Ersatzsehne_6610.jpg\",\"contentUrl\":\"https:\/\/ueberlebenskunst.at\/survivalshop\/wp-content\/uploads\/2021\/03\/Alligator-Ersatzsehne_6610.jpg\",\"width\":473,\"height\":350},{\"@type\":\"BreadcrumbList\",\"@id\":\"https:\/\/ueberlebenskunst.at\/survivalshop\/shop\/ersatzsehne-fuer-man-kung-sobek-mk-tcs3s\/#breadcrumb\",\"itemListElement\":[{\"@type\":\"ListItem\",\"position\":1,\"name\":\"Startseite\",\"item\":\"https:\/\/ueberlebenskunst.at\/survivalshop\/\"},{\"@type\":\"ListItem\",\"position\":2,\"name\":\"Shop\",\"item\":\"https:\/\/ueberlebenskunst.at\/survivalshop\/shop\/\"},{\"@type\":\"ListItem\",\"position\":3,\"name\":\"Ersatzsehne f\u00fcr Man Kung Sobek MK-TCS3S\"}]},{\"@type\":\"WebSite\",\"@id\":\"https:\/\/ueberlebenskunst.at\/survivalshop\/#website\",\"url\":\"https:\/\/ueberlebenskunst.at\/survivalshop\/\",\"name\":\"Reini Rossmann - Survival Shop\",\"description\":\"Survival Shop f\u00fcr Survival, Bushcraft und Prepper\",\"potentialAction\":[{\"@type\":\"SearchAction\",\"target\":{\"@type\":\"EntryPoint\",\"urlTemplate\":\"https:\/\/ueberlebenskunst.at\/survivalshop\/?s={search_term_string}\"},\"query-input\":{\"@type\":\"PropertyValueSpecification\",\"valueRequired\":true,\"valueName\":\"search_term_string\"}}],\"inLanguage\":\"de\"}]}<\/script>\n<!-- \/ Yoast SEO plugin. -->","yoast_head_json":{"title":"Ersatzsehne f\u00fcr Man Kung Sobek MK-TCS3S - Reini Rossmann - Survival Shop","robots":{"index":"index","follow":"follow","max-snippet":"max-snippet:-1","max-image-preview":"max-image-preview:large","max-video-preview":"max-video-preview:-1"},"canonical":"https:\/\/ueberlebenskunst.at\/survivalshop\/shop\/ersatzsehne-fuer-man-kung-sobek-mk-tcs3s\/","og_locale":"de_DE","og_type":"article","og_title":"Ersatzsehne f\u00fcr Man Kung Sobek MK-TCS3S - Reini Rossmann - Survival Shop","og_description":"Die Sehne Man Kung MK-TCS3S wird mit zwei Endkappen geliefert und passt f\u00fcr folgende Armbr\u00fcste: Man Kung MK-TCS3BK Sobek Man Kung MK-TCS3G Sobek Produktdetails: Material: Polyester L\u00e4nge: ca. \u00b1 43 cm Wir empfehlen, die Sehne regelm\u00e4\u00dfig mit Sehnenwachs zu pflegen und einzureiben, um Lebensdauer und Leistung zu erhalten.","og_url":"https:\/\/ueberlebenskunst.at\/survivalshop\/shop\/ersatzsehne-fuer-man-kung-sobek-mk-tcs3s\/","og_site_name":"Reini Rossmann - Survival Shop","article_publisher":"https:\/\/www.facebook.com\/survival24.org\/","article_modified_time":"2026-04-28T15:07:42+00:00","og_image":[{"width":473,"height":350,"url":"https:\/\/ueberlebenskunst.at\/survivalshop\/wp-content\/uploads\/2021\/03\/Alligator-Ersatzsehne_6610.jpg","type":"image\/jpeg"}],"twitter_card":"summary_large_image","twitter_misc":{"Gesch\u00e4tzte Lesezeit":"1\u00a0Minute"},"schema":{"@context":"https:\/\/schema.org","@graph":[{"@type":"WebPage","@id":"https:\/\/ueberlebenskunst.at\/survivalshop\/shop\/ersatzsehne-fuer-man-kung-sobek-mk-tcs3s\/","url":"https:\/\/ueberlebenskunst.at\/survivalshop\/shop\/ersatzsehne-fuer-man-kung-sobek-mk-tcs3s\/","name":"Ersatzsehne f\u00fcr Man Kung Sobek MK-TCS3S - Reini Rossmann - Survival Shop","isPartOf":{"@id":"https:\/\/ueberlebenskunst.at\/survivalshop\/#website"},"primaryImageOfPage":{"@id":"https:\/\/ueberlebenskunst.at\/survivalshop\/shop\/ersatzsehne-fuer-man-kung-sobek-mk-tcs3s\/#primaryimage"},"image":{"@id":"https:\/\/ueberlebenskunst.at\/survivalshop\/shop\/ersatzsehne-fuer-man-kung-sobek-mk-tcs3s\/#primaryimage"},"thumbnailUrl":"https:\/\/ueberlebenskunst.at\/survivalshop\/wp-content\/uploads\/2021\/03\/Alligator-Ersatzsehne_6610.jpg","datePublished":"2025-10-09T10:09:59+00:00","dateModified":"2026-04-28T15:07:42+00:00","breadcrumb":{"@id":"https:\/\/ueberlebenskunst.at\/survivalshop\/shop\/ersatzsehne-fuer-man-kung-sobek-mk-tcs3s\/#breadcrumb"},"inLanguage":"de","potentialAction":[{"@type":"ReadAction","target":["https:\/\/ueberlebenskunst.at\/survivalshop\/shop\/ersatzsehne-fuer-man-kung-sobek-mk-tcs3s\/"]}]},{"@type":"ImageObject","inLanguage":"de","@id":"https:\/\/ueberlebenskunst.at\/survivalshop\/shop\/ersatzsehne-fuer-man-kung-sobek-mk-tcs3s\/#primaryimage","url":"https:\/\/ueberlebenskunst.at\/survivalshop\/wp-content\/uploads\/2021\/03\/Alligator-Ersatzsehne_6610.jpg","contentUrl":"https:\/\/ueberlebenskunst.at\/survivalshop\/wp-content\/uploads\/2021\/03\/Alligator-Ersatzsehne_6610.jpg","width":473,"height":350},{"@type":"BreadcrumbList","@id":"https:\/\/ueberlebenskunst.at\/survivalshop\/shop\/ersatzsehne-fuer-man-kung-sobek-mk-tcs3s\/#breadcrumb","itemListElement":[{"@type":"ListItem","position":1,"name":"Startseite","item":"https:\/\/ueberlebenskunst.at\/survivalshop\/"},{"@type":"ListItem","position":2,"name":"Shop","item":"https:\/\/ueberlebenskunst.at\/survivalshop\/shop\/"},{"@type":"ListItem","position":3,"name":"Ersatzsehne f\u00fcr Man Kung Sobek MK-TCS3S"}]},{"@type":"WebSite","@id":"https:\/\/ueberlebenskunst.at\/survivalshop\/#website","url":"https:\/\/ueberlebenskunst.at\/survivalshop\/","name":"Reini Rossmann - Survival Shop","description":"Survival Shop f\u00fcr Survival, Bushcraft und Prepper","potentialAction":[{"@type":"SearchAction","target":{"@type":"EntryPoint","urlTemplate":"https:\/\/ueberlebenskunst.at\/survivalshop\/?s={search_term_string}"},"query-input":{"@type":"PropertyValueSpecification","valueRequired":true,"valueName":"search_term_string"}}],"inLanguage":"de"}]}},"_links":{"self":[{"href":"https:\/\/ueberlebenskunst.at\/survivalshop\/wp-json\/wp\/v2\/product\/196949","targetHints":{"allow":["GET"]}}],"collection":[{"href":"https:\/\/ueberlebenskunst.at\/survivalshop\/wp-json\/wp\/v2\/product"}],"about":[{"href":"https:\/\/ueberlebenskunst.at\/survivalshop\/wp-json\/wp\/v2\/types\/product"}],"replies":[{"embeddable":true,"href":"https:\/\/ueberlebenskunst.at\/survivalshop\/wp-json\/wp\/v2\/comments?post=196949"}],"wp:featuredmedia":[{"embeddable":true,"href":"https:\/\/ueberlebenskunst.at\/survivalshop\/wp-json\/wp\/v2\/media\/32116"}],"wp:attachment":[{"href":"https:\/\/ueberlebenskunst.at\/survivalshop\/wp-json\/wp\/v2\/media?parent=196949"}],"wp:term":[{"taxonomy":"product_brand","embeddable":true,"href":"https:\/\/ueberlebenskunst.at\/survivalshop\/wp-json\/wp\/v2\/product_brand?post=196949"},{"taxonomy":"product_cat","embeddable":true,"href":"https:\/\/ueberlebenskunst.at\/survivalshop\/wp-json\/wp\/v2\/product_cat?post=196949"},{"taxonomy":"product_tag","embeddable":true,"href":"https:\/\/ueberlebenskunst.at\/survivalshop\/wp-json\/wp\/v2\/product_tag?post=196949"}],"curies":[{"name":"wp","href":"https:\/\/api.w.org\/{rel}","templated":true}]}}