{"id":196939,"date":"2025-10-09T12:06:31","date_gmt":"2025-10-09T10:06:31","guid":{"rendered":"https:\/\/ueberlebenskunst.at\/survivalshop\/?post_type=product&#038;p=196939"},"modified":"2026-04-23T23:43:49","modified_gmt":"2026-04-23T21:43:49","slug":"universal-halterung-man-kung-sobek","status":"publish","type":"product","link":"https:\/\/ueberlebenskunst.at\/survivalshop\/shop\/universal-halterung-man-kung-sobek\/","title":{"rendered":"Universal Halterung Man Kung Sobek"},"content":{"rendered":"<p>Die Universal Halterung f\u00fcr die <a href=\"https:\/\/ueberlebenskunst.at\/survivalshop\/shop\/man-kung-mk-tcs3g-sobek-recurve-pistol-crossbow-80-lbs-185-fps\/\" target=\"_blank\" rel=\"noopener\">Man Kung Sobek<\/a> ist eine Entwicklung aus dem Hause Reini Rossmann und ist Made in Austria direkt aus Reinis Werkst\u00e4tte.<\/p>\n<p>Diese ist daf\u00fcr konzipiert worden an der UNTEREN Picatinnyschiene der Armbrust montiert zu werden.<\/p>\n<p>Die Universal Halterung hat 2 Aufnahmeringe mit jeweils 19 mm Durchmesser. Wir empfehlen dir dazu entweder den <a href=\"https:\/\/ueberlebenskunst.at\/survivalshop\/shop\/wachs-container-fuer-universal-picatinnyhalterung\/\" target=\"_blank\" rel=\"noopener\">Wachs-Container 19<\/a>, die <a href=\"https:\/\/ueberlebenskunst.at\/survivalshop\/shop\/stinger-ar-6-lampe-einzeln-ohne-montage\/\" target=\"_blank\" rel=\"noopener\">Steambow Lampe<\/a> ohne Montage (wahlweise mit <a href=\"https:\/\/ueberlebenskunst.at\/survivalshop\/shop\/taktischer-clip-fuer-steambow-lampe\/\" target=\"_blank\" rel=\"noopener\">taktischem Clip<\/a>) oder den <a href=\"https:\/\/ueberlebenskunst.at\/survivalshop\/shop\/gruener-laser\/\" target=\"_blank\" rel=\"noopener\">Laser in gr\u00fcn<\/a> zu verwenden.<\/p>\n<p>Alle Montageschrauben, die notwendig sind, um die Universal Halterung auf deine Armbrust zu montieren, sind im Lieferumfang enthalten, sowie das Montagematerial, um das Zubeh\u00f6r (wie eben Wachscontainer, Lampe, Laser) in die Halterung aufzunehmen, sind ebenfalls enthalten.<\/p>\n<p>An der Unterseite der Universal Halterung kannst du auch einen taktischen Griff montieren, wir empfehlen dir hier den <a href=\"https:\/\/ueberlebenskunst.at\/survivalshop\/shop\/taktischer-vertikaler-griff-schwarz\/\" target=\"_blank\" rel=\"noopener\">Taktischen Frontgriff.<\/a><\/p>\n<p>In Gr\u00fcn oder Schwarz erh\u00e4ltlich.<\/p>\n<h3>Lieferumfang:<\/h3>\n<ul>\n<li>1 Stk. Universal Halterung<\/li>\n<li>Passendes Montagematerial<\/li>\n<\/ul>\n<h3>Ausf\u00fchrung:<\/h3>\n<ul>\n<li>19\/19: 2 Klemmen mit je einem Durchmesser von 19-20 mm<\/li>\n<li>25\/MO: 1 Klemme mit 25 mm Durchmesser und ein Montageblock mit 2 Bohrungen f\u00fcr M4 Schrauben<\/li>\n<\/ul>\n<h3><strong>Bedienungs- &amp; Pflegeanleitung:<\/strong><\/h3>\n<ul>\n<li>Die Reinigung mit Wasser ist m\u00f6glich.<\/li>\n<li>Du solltest das Produkt nicht direkt in die N\u00e4he von Feuer oder anderen Hitzequellen legen!<\/li>\n<li>Wird es \u00fcber l\u00e4ngere Zeit sehr kalten Temperaturen unter 0 \u00b0C ausgesetzt, solltest du in dem Moment darauf achten, dass keine starken Belastungen darauf einwirken.<\/li>\n<\/ul>\n<p>Unsere Produkte sind nicht f\u00fcr Kinder unter 3 Jahren geeignet. Es besteht Verschluckungsgefahr.<\/p>\n<p>Bitte informiere dich \u00fcber die gesetzlichen Regelungen in deinem Land, welche Ausr\u00fcstung auf deine Halterung montiert werden darf.<\/p>\n<p><a href=\"https:\/\/ueberlebenskunst.at\/survivalshop\/wp-content\/uploads\/2021\/11\/Logo_Kinder.png\"><img decoding=\"async\" class=\"alignnone wp-image-179571\" src=\"https:\/\/ueberlebenskunst.at\/survivalshop\/wp-content\/uploads\/2021\/11\/Logo_Kinder-300x126.png\" alt=\"\" width=\"191\" height=\"80\" srcset=\"https:\/\/ueberlebenskunst.at\/survivalshop\/wp-content\/uploads\/2021\/11\/Logo_Kinder-300x126.png 300w, https:\/\/ueberlebenskunst.at\/survivalshop\/wp-content\/uploads\/2021\/11\/Logo_Kinder-64x27.png 64w, https:\/\/ueberlebenskunst.at\/survivalshop\/wp-content\/uploads\/2021\/11\/Logo_Kinder.png 401w\" sizes=\"(max-width: 191px) 100vw, 191px\" \/><\/a><\/p>\n","protected":false},"excerpt":{"rendered":"<p>Die Universal Halterung f\u00fcr die Man Kung Sobek ist eine Entwicklung aus dem Hause Reini Rossmann und ist Made in Austria direkt aus Reinis Werkst\u00e4tte. Diese ist daf\u00fcr konzipiert worden an der UNTEREN Picatinnyschiene der Armbrust montiert zu werden. Die Universal Halterung hat 2 Aufnahmeringe mit jeweils 19 mm Durchmesser. Wir empfehlen dir dazu entweder [&hellip;]<\/p>\n","protected":false},"featured_media":196947,"comment_status":"open","ping_status":"closed","template":"","meta":{"_acf_changed":false},"product_brand":[],"product_cat":[1897],"product_tag":[2535],"class_list":{"0":"post-196939","1":"product","2":"type-product","3":"status-publish","4":"has-post-thumbnail","6":"product_cat-man-kung-alligator-bogensport-pfeil-kugel","7":"product_tag-man-kung","8":"pa_farbe-gruen","9":"pa_farbe-gruen-19-19","10":"pa_farbe-schwarz","11":"pa_farbe-schwarz-19-19","12":"pa_farbe-schwarz-25-mo","14":"first","15":"instock","16":"sale","17":"taxable","18":"shipping-taxable","19":"purchasable","20":"product-type-variable","21":"has-default-attributes"},"acf":[],"yoast_head":"<!-- This site is optimized with the Yoast SEO plugin v27.1.1 - https:\/\/yoast.com\/product\/yoast-seo-wordpress\/ -->\n<title>Universal Halterung Man Kung Sobek - Reini Rossmann - Survival Shop<\/title>\n<meta name=\"robots\" content=\"index, follow, max-snippet:-1, max-image-preview:large, max-video-preview:-1\" \/>\n<link rel=\"canonical\" href=\"https:\/\/ueberlebenskunst.at\/survivalshop\/shop\/universal-halterung-man-kung-sobek\/\" \/>\n<meta property=\"og:locale\" content=\"de_DE\" \/>\n<meta property=\"og:type\" content=\"article\" \/>\n<meta property=\"og:title\" content=\"Universal Halterung Man Kung Sobek - Reini Rossmann - Survival Shop\" \/>\n<meta property=\"og:description\" content=\"Die Universal Halterung f\u00fcr die Man Kung Sobek ist eine Entwicklung aus dem Hause Reini Rossmann und ist Made in Austria direkt aus Reinis Werkst\u00e4tte. Diese ist daf\u00fcr konzipiert worden an der UNTEREN Picatinnyschiene der Armbrust montiert zu werden. Die Universal Halterung hat 2 Aufnahmeringe mit jeweils 19 mm Durchmesser. Wir empfehlen dir dazu entweder [&hellip;]\" \/>\n<meta property=\"og:url\" content=\"https:\/\/ueberlebenskunst.at\/survivalshop\/shop\/universal-halterung-man-kung-sobek\/\" \/>\n<meta property=\"og:site_name\" content=\"Reini Rossmann - Survival Shop\" \/>\n<meta property=\"article:publisher\" content=\"https:\/\/www.facebook.com\/survival24.org\/\" \/>\n<meta property=\"article:modified_time\" content=\"2026-04-23T21:43:49+00:00\" \/>\n<meta property=\"og:image\" content=\"https:\/\/ueberlebenskunst.at\/survivalshop\/wp-content\/uploads\/2025\/10\/sobekhalterung.jpg\" \/>\n\t<meta property=\"og:image:width\" content=\"400\" \/>\n\t<meta property=\"og:image:height\" content=\"380\" \/>\n\t<meta property=\"og:image:type\" content=\"image\/jpeg\" \/>\n<meta name=\"twitter:card\" content=\"summary_large_image\" \/>\n<meta name=\"twitter:label1\" content=\"Gesch\u00e4tzte Lesezeit\" \/>\n\t<meta name=\"twitter:data1\" content=\"2\u00a0Minuten\" \/>\n<script type=\"application\/ld+json\" class=\"yoast-schema-graph\">{\"@context\":\"https:\/\/schema.org\",\"@graph\":[{\"@type\":\"WebPage\",\"@id\":\"https:\/\/ueberlebenskunst.at\/survivalshop\/shop\/universal-halterung-man-kung-sobek\/\",\"url\":\"https:\/\/ueberlebenskunst.at\/survivalshop\/shop\/universal-halterung-man-kung-sobek\/\",\"name\":\"Universal Halterung Man Kung Sobek - Reini Rossmann - Survival Shop\",\"isPartOf\":{\"@id\":\"https:\/\/ueberlebenskunst.at\/survivalshop\/#website\"},\"primaryImageOfPage\":{\"@id\":\"https:\/\/ueberlebenskunst.at\/survivalshop\/shop\/universal-halterung-man-kung-sobek\/#primaryimage\"},\"image\":{\"@id\":\"https:\/\/ueberlebenskunst.at\/survivalshop\/shop\/universal-halterung-man-kung-sobek\/#primaryimage\"},\"thumbnailUrl\":\"https:\/\/ueberlebenskunst.at\/survivalshop\/wp-content\/uploads\/2025\/10\/sobekhalterung.jpg\",\"datePublished\":\"2025-10-09T10:06:31+00:00\",\"dateModified\":\"2026-04-23T21:43:49+00:00\",\"breadcrumb\":{\"@id\":\"https:\/\/ueberlebenskunst.at\/survivalshop\/shop\/universal-halterung-man-kung-sobek\/#breadcrumb\"},\"inLanguage\":\"de\",\"potentialAction\":[{\"@type\":\"ReadAction\",\"target\":[\"https:\/\/ueberlebenskunst.at\/survivalshop\/shop\/universal-halterung-man-kung-sobek\/\"]}]},{\"@type\":\"ImageObject\",\"inLanguage\":\"de\",\"@id\":\"https:\/\/ueberlebenskunst.at\/survivalshop\/shop\/universal-halterung-man-kung-sobek\/#primaryimage\",\"url\":\"https:\/\/ueberlebenskunst.at\/survivalshop\/wp-content\/uploads\/2025\/10\/sobekhalterung.jpg\",\"contentUrl\":\"https:\/\/ueberlebenskunst.at\/survivalshop\/wp-content\/uploads\/2025\/10\/sobekhalterung.jpg\",\"width\":400,\"height\":380},{\"@type\":\"BreadcrumbList\",\"@id\":\"https:\/\/ueberlebenskunst.at\/survivalshop\/shop\/universal-halterung-man-kung-sobek\/#breadcrumb\",\"itemListElement\":[{\"@type\":\"ListItem\",\"position\":1,\"name\":\"Startseite\",\"item\":\"https:\/\/ueberlebenskunst.at\/survivalshop\/\"},{\"@type\":\"ListItem\",\"position\":2,\"name\":\"Shop\",\"item\":\"https:\/\/ueberlebenskunst.at\/survivalshop\/shop\/\"},{\"@type\":\"ListItem\",\"position\":3,\"name\":\"Universal Halterung Man Kung Sobek\"}]},{\"@type\":\"WebSite\",\"@id\":\"https:\/\/ueberlebenskunst.at\/survivalshop\/#website\",\"url\":\"https:\/\/ueberlebenskunst.at\/survivalshop\/\",\"name\":\"Reini Rossmann - Survival Shop\",\"description\":\"Survival Shop f\u00fcr Survival, Bushcraft und Prepper\",\"potentialAction\":[{\"@type\":\"SearchAction\",\"target\":{\"@type\":\"EntryPoint\",\"urlTemplate\":\"https:\/\/ueberlebenskunst.at\/survivalshop\/?s={search_term_string}\"},\"query-input\":{\"@type\":\"PropertyValueSpecification\",\"valueRequired\":true,\"valueName\":\"search_term_string\"}}],\"inLanguage\":\"de\"}]}<\/script>\n<!-- \/ Yoast SEO plugin. -->","yoast_head_json":{"title":"Universal Halterung Man Kung Sobek - Reini Rossmann - Survival Shop","robots":{"index":"index","follow":"follow","max-snippet":"max-snippet:-1","max-image-preview":"max-image-preview:large","max-video-preview":"max-video-preview:-1"},"canonical":"https:\/\/ueberlebenskunst.at\/survivalshop\/shop\/universal-halterung-man-kung-sobek\/","og_locale":"de_DE","og_type":"article","og_title":"Universal Halterung Man Kung Sobek - Reini Rossmann - Survival Shop","og_description":"Die Universal Halterung f\u00fcr die Man Kung Sobek ist eine Entwicklung aus dem Hause Reini Rossmann und ist Made in Austria direkt aus Reinis Werkst\u00e4tte. Diese ist daf\u00fcr konzipiert worden an der UNTEREN Picatinnyschiene der Armbrust montiert zu werden. Die Universal Halterung hat 2 Aufnahmeringe mit jeweils 19 mm Durchmesser. Wir empfehlen dir dazu entweder [&hellip;]","og_url":"https:\/\/ueberlebenskunst.at\/survivalshop\/shop\/universal-halterung-man-kung-sobek\/","og_site_name":"Reini Rossmann - Survival Shop","article_publisher":"https:\/\/www.facebook.com\/survival24.org\/","article_modified_time":"2026-04-23T21:43:49+00:00","og_image":[{"width":400,"height":380,"url":"https:\/\/ueberlebenskunst.at\/survivalshop\/wp-content\/uploads\/2025\/10\/sobekhalterung.jpg","type":"image\/jpeg"}],"twitter_card":"summary_large_image","twitter_misc":{"Gesch\u00e4tzte Lesezeit":"2\u00a0Minuten"},"schema":{"@context":"https:\/\/schema.org","@graph":[{"@type":"WebPage","@id":"https:\/\/ueberlebenskunst.at\/survivalshop\/shop\/universal-halterung-man-kung-sobek\/","url":"https:\/\/ueberlebenskunst.at\/survivalshop\/shop\/universal-halterung-man-kung-sobek\/","name":"Universal Halterung Man Kung Sobek - Reini Rossmann - Survival Shop","isPartOf":{"@id":"https:\/\/ueberlebenskunst.at\/survivalshop\/#website"},"primaryImageOfPage":{"@id":"https:\/\/ueberlebenskunst.at\/survivalshop\/shop\/universal-halterung-man-kung-sobek\/#primaryimage"},"image":{"@id":"https:\/\/ueberlebenskunst.at\/survivalshop\/shop\/universal-halterung-man-kung-sobek\/#primaryimage"},"thumbnailUrl":"https:\/\/ueberlebenskunst.at\/survivalshop\/wp-content\/uploads\/2025\/10\/sobekhalterung.jpg","datePublished":"2025-10-09T10:06:31+00:00","dateModified":"2026-04-23T21:43:49+00:00","breadcrumb":{"@id":"https:\/\/ueberlebenskunst.at\/survivalshop\/shop\/universal-halterung-man-kung-sobek\/#breadcrumb"},"inLanguage":"de","potentialAction":[{"@type":"ReadAction","target":["https:\/\/ueberlebenskunst.at\/survivalshop\/shop\/universal-halterung-man-kung-sobek\/"]}]},{"@type":"ImageObject","inLanguage":"de","@id":"https:\/\/ueberlebenskunst.at\/survivalshop\/shop\/universal-halterung-man-kung-sobek\/#primaryimage","url":"https:\/\/ueberlebenskunst.at\/survivalshop\/wp-content\/uploads\/2025\/10\/sobekhalterung.jpg","contentUrl":"https:\/\/ueberlebenskunst.at\/survivalshop\/wp-content\/uploads\/2025\/10\/sobekhalterung.jpg","width":400,"height":380},{"@type":"BreadcrumbList","@id":"https:\/\/ueberlebenskunst.at\/survivalshop\/shop\/universal-halterung-man-kung-sobek\/#breadcrumb","itemListElement":[{"@type":"ListItem","position":1,"name":"Startseite","item":"https:\/\/ueberlebenskunst.at\/survivalshop\/"},{"@type":"ListItem","position":2,"name":"Shop","item":"https:\/\/ueberlebenskunst.at\/survivalshop\/shop\/"},{"@type":"ListItem","position":3,"name":"Universal Halterung Man Kung Sobek"}]},{"@type":"WebSite","@id":"https:\/\/ueberlebenskunst.at\/survivalshop\/#website","url":"https:\/\/ueberlebenskunst.at\/survivalshop\/","name":"Reini Rossmann - Survival Shop","description":"Survival Shop f\u00fcr Survival, Bushcraft und Prepper","potentialAction":[{"@type":"SearchAction","target":{"@type":"EntryPoint","urlTemplate":"https:\/\/ueberlebenskunst.at\/survivalshop\/?s={search_term_string}"},"query-input":{"@type":"PropertyValueSpecification","valueRequired":true,"valueName":"search_term_string"}}],"inLanguage":"de"}]}},"_links":{"self":[{"href":"https:\/\/ueberlebenskunst.at\/survivalshop\/wp-json\/wp\/v2\/product\/196939","targetHints":{"allow":["GET"]}}],"collection":[{"href":"https:\/\/ueberlebenskunst.at\/survivalshop\/wp-json\/wp\/v2\/product"}],"about":[{"href":"https:\/\/ueberlebenskunst.at\/survivalshop\/wp-json\/wp\/v2\/types\/product"}],"replies":[{"embeddable":true,"href":"https:\/\/ueberlebenskunst.at\/survivalshop\/wp-json\/wp\/v2\/comments?post=196939"}],"wp:featuredmedia":[{"embeddable":true,"href":"https:\/\/ueberlebenskunst.at\/survivalshop\/wp-json\/wp\/v2\/media\/196947"}],"wp:attachment":[{"href":"https:\/\/ueberlebenskunst.at\/survivalshop\/wp-json\/wp\/v2\/media?parent=196939"}],"wp:term":[{"taxonomy":"product_brand","embeddable":true,"href":"https:\/\/ueberlebenskunst.at\/survivalshop\/wp-json\/wp\/v2\/product_brand?post=196939"},{"taxonomy":"product_cat","embeddable":true,"href":"https:\/\/ueberlebenskunst.at\/survivalshop\/wp-json\/wp\/v2\/product_cat?post=196939"},{"taxonomy":"product_tag","embeddable":true,"href":"https:\/\/ueberlebenskunst.at\/survivalshop\/wp-json\/wp\/v2\/product_tag?post=196939"}],"curies":[{"name":"wp","href":"https:\/\/api.w.org\/{rel}","templated":true}]}}