{"id":19686,"date":"2020-11-24T21:31:24","date_gmt":"2020-11-24T19:31:24","guid":{"rendered":"https:\/\/ueberlebenskunst.at\/survivalshop\/survivalshop\/?post_type=product&#038;p=19686"},"modified":"2024-03-20T19:35:23","modified_gmt":"2024-03-20T18:35:23","slug":"tier-spuren","status":"seo-produkt","type":"product","link":"https:\/\/ueberlebenskunst.at\/survivalshop\/shop\/tier-spuren\/","title":{"rendered":"Tierspuren Bestimmungsbuch"},"content":{"rendered":"<p><iframe hcb-fetch-image-from=\"https:\/\/www.youtube.com\/watch?v=LyoZdWtypvo\" title=\"Tierspuren f\u00fcr Survival und Bushcraft - So ein Unsinn!?\" width=\"640\" height=\"360\" src=\"https:\/\/www.youtube.com\/embed\/LyoZdWtypvo?feature=oembed\" frameborder=\"0\" allow=\"accelerometer; autoplay; clipboard-write; encrypted-media; gyroscope; picture-in-picture; web-share\" referrerpolicy=\"strict-origin-when-cross-origin\" allowfullscreen><\/iframe><\/p>\n<h3>Tier- Spuren<\/h3>\n<p>Das Softcover Buch von Lars Henrik Olsen hat \u00fcber 900 Fotos auf 272 Seiten. Damit lassen sich die noch so kleinen Spuren der Wildtiere erkennen und zuordnen.<\/p>\n<p>Alle Spuren sind im Buch mit Foto und genauer Zeichnung abgebildet und detailiert beschrieben.<br \/>\nIm Buch zu finden sind Trittsiegel, F\u00e4hrten und Fra\u00dfspuren, Losungen, Gew\u00f6lle, Baue und Verstecke, Suhlen und vieles mehr.<br \/>\nIdeal auch, um einen Ausflug mit Kindern spannend zu gestalten.<\/p>\n","protected":false},"excerpt":{"rendered":"<p>Erkenne Spuren die du bis lang vielleicht \u00fcbersehen hast<\/p>\n","protected":false},"featured_media":19700,"comment_status":"open","ping_status":"closed","template":"","meta":{"_acf_changed":false},"product_brand":[],"product_cat":[426],"product_tag":[744,440],"class_list":{"0":"post-19686","1":"product","2":"type-product","3":"status-seo-produkt","4":"has-post-thumbnail","6":"product_cat-unkategorisiert","7":"product_tag-natur","8":"product_tag-taschenbuch","10":"first","11":"outofstock","12":"taxable","13":"shipping-taxable","14":"product-type-simple"},"acf":[],"yoast_head":"<!-- This site is optimized with the Yoast SEO plugin v27.1.1 - https:\/\/yoast.com\/product\/yoast-seo-wordpress\/ -->\n<title>Tierspuren Bestimmungsbuch mit 900 Bilder und detailierten Zeichnungen auf 272 Seiten<\/title>\n<meta name=\"description\" content=\"Mit dem Buch Tier-Spuren lassen sich fast alle Spuren der Wildtiere erkennen und zuordnen. So wird jeder Spaziergang zum Erlebnis.\" \/>\n<meta name=\"robots\" content=\"index, follow, max-snippet:-1, max-image-preview:large, max-video-preview:-1\" \/>\n<link rel=\"canonical\" href=\"https:\/\/ueberlebenskunst.at\/survivalshop\/shop\/tier-spuren\/\" \/>\n<meta property=\"og:locale\" content=\"de_DE\" \/>\n<meta property=\"og:type\" content=\"article\" \/>\n<meta property=\"og:title\" content=\"Tierspuren Bestimmungsbuch mit 900 Bilder und detailierten Zeichnungen auf 272 Seiten\" \/>\n<meta property=\"og:description\" content=\"Mit dem Buch Tier-Spuren lassen sich fast alle Spuren der Wildtiere erkennen und zuordnen. So wird jeder Spaziergang zum Erlebnis.\" \/>\n<meta property=\"og:url\" content=\"https:\/\/ueberlebenskunst.at\/survivalshop\/shop\/tier-spuren\/\" \/>\n<meta property=\"og:site_name\" content=\"Reini Rossmann - Survival Shop\" \/>\n<meta property=\"article:publisher\" content=\"https:\/\/www.facebook.com\/survival24.org\/\" \/>\n<meta property=\"article:modified_time\" content=\"2024-03-20T18:35:23+00:00\" \/>\n<meta property=\"og:image\" content=\"https:\/\/ueberlebenskunst.at\/survivalshop\/wp-content\/uploads\/2020\/11\/GU-BLV-Tierspuren-Cover_300dpi_RGB.jpg\" \/>\n\t<meta property=\"og:image:width\" content=\"238\" \/>\n\t<meta property=\"og:image:height\" content=\"355\" \/>\n\t<meta property=\"og:image:type\" content=\"image\/jpeg\" \/>\n<meta name=\"twitter:card\" content=\"summary_large_image\" \/>\n<meta name=\"twitter:label1\" content=\"Gesch\u00e4tzte Lesezeit\" \/>\n\t<meta name=\"twitter:data1\" content=\"1\u00a0Minute\" \/>\n<script type=\"application\/ld+json\" class=\"yoast-schema-graph\">{\"@context\":\"https:\/\/schema.org\",\"@graph\":[{\"@type\":\"WebPage\",\"@id\":\"https:\/\/ueberlebenskunst.at\/survivalshop\/shop\/tier-spuren\/\",\"url\":\"https:\/\/ueberlebenskunst.at\/survivalshop\/shop\/tier-spuren\/\",\"name\":\"Tierspuren Bestimmungsbuch mit 900 Bilder und detailierten Zeichnungen auf 272 Seiten\",\"isPartOf\":{\"@id\":\"https:\/\/ueberlebenskunst.at\/survivalshop\/#website\"},\"primaryImageOfPage\":{\"@id\":\"https:\/\/ueberlebenskunst.at\/survivalshop\/shop\/tier-spuren\/#primaryimage\"},\"image\":{\"@id\":\"https:\/\/ueberlebenskunst.at\/survivalshop\/shop\/tier-spuren\/#primaryimage\"},\"thumbnailUrl\":\"https:\/\/ueberlebenskunst.at\/survivalshop\/wp-content\/uploads\/2020\/11\/GU-BLV-Tierspuren-Cover_300dpi_RGB.jpg\",\"datePublished\":\"2020-11-24T19:31:24+00:00\",\"dateModified\":\"2024-03-20T18:35:23+00:00\",\"description\":\"Mit dem Buch Tier-Spuren lassen sich fast alle Spuren der Wildtiere erkennen und zuordnen. So wird jeder Spaziergang zum Erlebnis.\",\"breadcrumb\":{\"@id\":\"https:\/\/ueberlebenskunst.at\/survivalshop\/shop\/tier-spuren\/#breadcrumb\"},\"inLanguage\":\"de\",\"potentialAction\":[{\"@type\":\"ReadAction\",\"target\":[\"https:\/\/ueberlebenskunst.at\/survivalshop\/shop\/tier-spuren\/\"]}]},{\"@type\":\"ImageObject\",\"inLanguage\":\"de\",\"@id\":\"https:\/\/ueberlebenskunst.at\/survivalshop\/shop\/tier-spuren\/#primaryimage\",\"url\":\"https:\/\/ueberlebenskunst.at\/survivalshop\/wp-content\/uploads\/2020\/11\/GU-BLV-Tierspuren-Cover_300dpi_RGB.jpg\",\"contentUrl\":\"https:\/\/ueberlebenskunst.at\/survivalshop\/wp-content\/uploads\/2020\/11\/GU-BLV-Tierspuren-Cover_300dpi_RGB.jpg\",\"width\":238,\"height\":355},{\"@type\":\"BreadcrumbList\",\"@id\":\"https:\/\/ueberlebenskunst.at\/survivalshop\/shop\/tier-spuren\/#breadcrumb\",\"itemListElement\":[{\"@type\":\"ListItem\",\"position\":1,\"name\":\"Startseite\",\"item\":\"https:\/\/ueberlebenskunst.at\/survivalshop\/\"},{\"@type\":\"ListItem\",\"position\":2,\"name\":\"Shop\",\"item\":\"https:\/\/ueberlebenskunst.at\/survivalshop\/shop\/\"},{\"@type\":\"ListItem\",\"position\":3,\"name\":\"Tierspuren Bestimmungsbuch\"}]},{\"@type\":\"WebSite\",\"@id\":\"https:\/\/ueberlebenskunst.at\/survivalshop\/#website\",\"url\":\"https:\/\/ueberlebenskunst.at\/survivalshop\/\",\"name\":\"Reini Rossmann - Survival Shop\",\"description\":\"Survival Shop f\u00fcr Survival, Bushcraft und Prepper\",\"potentialAction\":[{\"@type\":\"SearchAction\",\"target\":{\"@type\":\"EntryPoint\",\"urlTemplate\":\"https:\/\/ueberlebenskunst.at\/survivalshop\/?s={search_term_string}\"},\"query-input\":{\"@type\":\"PropertyValueSpecification\",\"valueRequired\":true,\"valueName\":\"search_term_string\"}}],\"inLanguage\":\"de\"}]}<\/script>\n<!-- \/ Yoast SEO plugin. -->","yoast_head_json":{"title":"Tierspuren Bestimmungsbuch mit 900 Bilder und detailierten Zeichnungen auf 272 Seiten","description":"Mit dem Buch Tier-Spuren lassen sich fast alle Spuren der Wildtiere erkennen und zuordnen. So wird jeder Spaziergang zum Erlebnis.","robots":{"index":"index","follow":"follow","max-snippet":"max-snippet:-1","max-image-preview":"max-image-preview:large","max-video-preview":"max-video-preview:-1"},"canonical":"https:\/\/ueberlebenskunst.at\/survivalshop\/shop\/tier-spuren\/","og_locale":"de_DE","og_type":"article","og_title":"Tierspuren Bestimmungsbuch mit 900 Bilder und detailierten Zeichnungen auf 272 Seiten","og_description":"Mit dem Buch Tier-Spuren lassen sich fast alle Spuren der Wildtiere erkennen und zuordnen. So wird jeder Spaziergang zum Erlebnis.","og_url":"https:\/\/ueberlebenskunst.at\/survivalshop\/shop\/tier-spuren\/","og_site_name":"Reini Rossmann - Survival Shop","article_publisher":"https:\/\/www.facebook.com\/survival24.org\/","article_modified_time":"2024-03-20T18:35:23+00:00","og_image":[{"width":238,"height":355,"url":"https:\/\/ueberlebenskunst.at\/survivalshop\/wp-content\/uploads\/2020\/11\/GU-BLV-Tierspuren-Cover_300dpi_RGB.jpg","type":"image\/jpeg"}],"twitter_card":"summary_large_image","twitter_misc":{"Gesch\u00e4tzte Lesezeit":"1\u00a0Minute"},"schema":{"@context":"https:\/\/schema.org","@graph":[{"@type":"WebPage","@id":"https:\/\/ueberlebenskunst.at\/survivalshop\/shop\/tier-spuren\/","url":"https:\/\/ueberlebenskunst.at\/survivalshop\/shop\/tier-spuren\/","name":"Tierspuren Bestimmungsbuch mit 900 Bilder und detailierten Zeichnungen auf 272 Seiten","isPartOf":{"@id":"https:\/\/ueberlebenskunst.at\/survivalshop\/#website"},"primaryImageOfPage":{"@id":"https:\/\/ueberlebenskunst.at\/survivalshop\/shop\/tier-spuren\/#primaryimage"},"image":{"@id":"https:\/\/ueberlebenskunst.at\/survivalshop\/shop\/tier-spuren\/#primaryimage"},"thumbnailUrl":"https:\/\/ueberlebenskunst.at\/survivalshop\/wp-content\/uploads\/2020\/11\/GU-BLV-Tierspuren-Cover_300dpi_RGB.jpg","datePublished":"2020-11-24T19:31:24+00:00","dateModified":"2024-03-20T18:35:23+00:00","description":"Mit dem Buch Tier-Spuren lassen sich fast alle Spuren der Wildtiere erkennen und zuordnen. So wird jeder Spaziergang zum Erlebnis.","breadcrumb":{"@id":"https:\/\/ueberlebenskunst.at\/survivalshop\/shop\/tier-spuren\/#breadcrumb"},"inLanguage":"de","potentialAction":[{"@type":"ReadAction","target":["https:\/\/ueberlebenskunst.at\/survivalshop\/shop\/tier-spuren\/"]}]},{"@type":"ImageObject","inLanguage":"de","@id":"https:\/\/ueberlebenskunst.at\/survivalshop\/shop\/tier-spuren\/#primaryimage","url":"https:\/\/ueberlebenskunst.at\/survivalshop\/wp-content\/uploads\/2020\/11\/GU-BLV-Tierspuren-Cover_300dpi_RGB.jpg","contentUrl":"https:\/\/ueberlebenskunst.at\/survivalshop\/wp-content\/uploads\/2020\/11\/GU-BLV-Tierspuren-Cover_300dpi_RGB.jpg","width":238,"height":355},{"@type":"BreadcrumbList","@id":"https:\/\/ueberlebenskunst.at\/survivalshop\/shop\/tier-spuren\/#breadcrumb","itemListElement":[{"@type":"ListItem","position":1,"name":"Startseite","item":"https:\/\/ueberlebenskunst.at\/survivalshop\/"},{"@type":"ListItem","position":2,"name":"Shop","item":"https:\/\/ueberlebenskunst.at\/survivalshop\/shop\/"},{"@type":"ListItem","position":3,"name":"Tierspuren Bestimmungsbuch"}]},{"@type":"WebSite","@id":"https:\/\/ueberlebenskunst.at\/survivalshop\/#website","url":"https:\/\/ueberlebenskunst.at\/survivalshop\/","name":"Reini Rossmann - Survival Shop","description":"Survival Shop f\u00fcr Survival, Bushcraft und Prepper","potentialAction":[{"@type":"SearchAction","target":{"@type":"EntryPoint","urlTemplate":"https:\/\/ueberlebenskunst.at\/survivalshop\/?s={search_term_string}"},"query-input":{"@type":"PropertyValueSpecification","valueRequired":true,"valueName":"search_term_string"}}],"inLanguage":"de"}]}},"_links":{"self":[{"href":"https:\/\/ueberlebenskunst.at\/survivalshop\/wp-json\/wp\/v2\/product\/19686","targetHints":{"allow":["GET"]}}],"collection":[{"href":"https:\/\/ueberlebenskunst.at\/survivalshop\/wp-json\/wp\/v2\/product"}],"about":[{"href":"https:\/\/ueberlebenskunst.at\/survivalshop\/wp-json\/wp\/v2\/types\/product"}],"replies":[{"embeddable":true,"href":"https:\/\/ueberlebenskunst.at\/survivalshop\/wp-json\/wp\/v2\/comments?post=19686"}],"wp:featuredmedia":[{"embeddable":true,"href":"https:\/\/ueberlebenskunst.at\/survivalshop\/wp-json\/wp\/v2\/media\/19700"}],"wp:attachment":[{"href":"https:\/\/ueberlebenskunst.at\/survivalshop\/wp-json\/wp\/v2\/media?parent=19686"}],"wp:term":[{"taxonomy":"product_brand","embeddable":true,"href":"https:\/\/ueberlebenskunst.at\/survivalshop\/wp-json\/wp\/v2\/product_brand?post=19686"},{"taxonomy":"product_cat","embeddable":true,"href":"https:\/\/ueberlebenskunst.at\/survivalshop\/wp-json\/wp\/v2\/product_cat?post=19686"},{"taxonomy":"product_tag","embeddable":true,"href":"https:\/\/ueberlebenskunst.at\/survivalshop\/wp-json\/wp\/v2\/product_tag?post=19686"}],"curies":[{"name":"wp","href":"https:\/\/api.w.org\/{rel}","templated":true}]}}