{"id":19671,"date":"2020-11-24T17:28:32","date_gmt":"2020-11-24T15:28:32","guid":{"rendered":"https:\/\/ueberlebenskunst.at\/survivalshop\/survivalshop\/?post_type=product&#038;p=19671"},"modified":"2024-03-20T19:36:14","modified_gmt":"2024-03-20T18:36:14","slug":"boeker-plus-coc-pro-10","status":"seo-produkt","type":"product","link":"https:\/\/ueberlebenskunst.at\/survivalshop\/shop\/boeker-plus-coc-pro-10\/","title":{"rendered":"B\u00f6ker Plus Coc Pro 10"},"content":{"rendered":"<p><iframe hcb-fetch-image-from=\"https:\/\/www.youtube.com\/watch?v=sp1xKpNDazo\" title=\"Schweres EDC Messer im ANSO Design :-) - Cox Pro 10\" width=\"640\" height=\"360\" src=\"https:\/\/www.youtube.com\/embed\/sp1xKpNDazo?feature=oembed\" frameborder=\"0\" allow=\"accelerometer; autoplay; clipboard-write; encrypted-media; gyroscope; picture-in-picture; web-share\" referrerpolicy=\"strict-origin-when-cross-origin\" allowfullscreen><\/iframe><\/p>\n<p>Das Klappmesser B\u00f6ker Plus Coc Pro 10 ist mit einem zuverl\u00e4ssigem Lockframe-Mechanismus ausgestattet. Die Klinge aus D2\u00a0 mit einen d\u00fcnnen Hairline Finisch kannst du zweih\u00e4ndig mit Nagelhau \u00f6ffnen.\u00a0 Die Griffschalen mit Fangriemen\u00f6se sind auf der einen Seite aus G10 und auf der anderern Seite aus Edelstahl gefertigt. Auf der Edelstahlseite befindet sich der Clip zum Befestigen am G\u00fcrtel oder Tasche.<\/p>\n<p>Geliefert wird es in einem Nylon Etui.<\/p>\n<p>Du kannst das\u00a0B\u00f6ker Plus Coc Pro 10 ganz einfach selber nachsch\u00e4rfen, z.B.: mit dem <a href=\"https:\/\/ueberlebenskunst.at\/survivalshop\/shop\/faellkniven-cc4-keramik-keramik-schleifstein\/\" target=\"_blank\" rel=\"noopener noreferrer\">F\u00e4llkniven CC4 \u2013 Keramik-Keramik Schleifstein.<\/a><\/p>\n<h3>Technische Daten:<\/h3>\n<ul>\n<li>L\u00e4nge Gesamt: 16,0 cm<\/li>\n<li>Klingenl\u00e4nge: 6,6 cm<\/li>\n<li>Klingenst\u00e4rke: 3,9mm<\/li>\n<li>Material Klinge: D2<\/li>\n<li>Material Griff: G10\/Edelstahl<\/li>\n<li>Material Etui: Nylon<\/li>\n<li>Gewicht: 90 g<\/li>\n<\/ul>\n<p><a href=\"https:\/\/ueberlebenskunst.at\/survivalshop\/survivalshop\/wp-content\/uploads\/2020\/11\/01bo314_2.jpg\" target=\"_blank\" rel=\"noopener noreferrer\"><img decoding=\"async\" class=\"alignnone wp-image-19673\" src=\"https:\/\/ueberlebenskunst.at\/survivalshop\/survivalshop\/wp-content\/uploads\/2020\/11\/01bo314_2-300x223.jpg\" alt=\"\" width=\"175\" height=\"130\" srcset=\"https:\/\/ueberlebenskunst.at\/survivalshop\/wp-content\/uploads\/2020\/11\/01bo314_2-300x223.jpg 300w, https:\/\/ueberlebenskunst.at\/survivalshop\/wp-content\/uploads\/2020\/11\/01bo314_2-600x447.jpg 600w, https:\/\/ueberlebenskunst.at\/survivalshop\/wp-content\/uploads\/2020\/11\/01bo314_2-1024x762.jpg 1024w, https:\/\/ueberlebenskunst.at\/survivalshop\/wp-content\/uploads\/2020\/11\/01bo314_2-768x572.jpg 768w, https:\/\/ueberlebenskunst.at\/survivalshop\/wp-content\/uploads\/2020\/11\/01bo314_2.jpg 1280w\" sizes=\"(max-width: 175px) 100vw, 175px\" \/><\/a><\/p>\n","protected":false},"excerpt":{"rendered":"<p>Das Klappmesser B\u00f6ker Plus Coc Pro 10 ist mit einem zuverl\u00e4ssigem Lockframe-Mechanismus ausgestattet. Die Klinge aus D2\u00a0 mit einen d\u00fcnnen Hairline Finisch kannst du zweih\u00e4ndig mit Nagelhau \u00f6ffnen.\u00a0 Die Griffschalen mit Fangriemen\u00f6se sind auf der einen Seite aus G10 und auf der anderern Seite aus Edelstahl gefertigt. Auf der Edelstahlseite befindet sich der Clip zum [&hellip;]<\/p>\n","protected":false},"featured_media":19672,"comment_status":"open","ping_status":"closed","template":"","meta":{"_acf_changed":false},"product_brand":[],"product_cat":[426],"product_tag":[251,348,317],"class_list":{"0":"post-19671","1":"product","2":"type-product","3":"status-seo-produkt","4":"has-post-thumbnail","6":"product_cat-unkategorisiert","7":"product_tag-boeker","8":"product_tag-edelstahl","9":"product_tag-leichte-edc-messer","11":"first","12":"outofstock","13":"sale","14":"taxable","15":"shipping-taxable","16":"product-type-simple"},"acf":[],"yoast_head":"<!-- This site is optimized with the Yoast SEO plugin v27.1.1 - https:\/\/yoast.com\/product\/yoast-seo-wordpress\/ -->\n<title>B\u00f6ker Plus Coc Pro 10 inkl. hochwertigem Nylon Etui<\/title>\n<meta name=\"description\" content=\"Das B\u00f6ker Plus Coc Pro 10 ist mit einem Framelock Mechanismus ausgestattet und kann zweih\u00e4ndig mit Hagelhau ge\u00f6ffnet werden\" \/>\n<meta name=\"robots\" content=\"index, follow, max-snippet:-1, max-image-preview:large, max-video-preview:-1\" \/>\n<link rel=\"canonical\" href=\"https:\/\/ueberlebenskunst.at\/survivalshop\/shop\/boeker-plus-coc-pro-10\/\" \/>\n<meta property=\"og:locale\" content=\"de_DE\" \/>\n<meta property=\"og:type\" content=\"article\" \/>\n<meta property=\"og:title\" content=\"B\u00f6ker Plus Coc Pro 10 inkl. hochwertigem Nylon Etui\" \/>\n<meta property=\"og:description\" content=\"Das B\u00f6ker Plus Coc Pro 10 ist mit einem Framelock Mechanismus ausgestattet und kann zweih\u00e4ndig mit Hagelhau ge\u00f6ffnet werden\" \/>\n<meta property=\"og:url\" content=\"https:\/\/ueberlebenskunst.at\/survivalshop\/shop\/boeker-plus-coc-pro-10\/\" \/>\n<meta property=\"og:site_name\" content=\"Reini Rossmann - Survival Shop\" \/>\n<meta property=\"article:publisher\" content=\"https:\/\/www.facebook.com\/survival24.org\/\" \/>\n<meta property=\"article:modified_time\" content=\"2024-03-20T18:36:14+00:00\" \/>\n<meta property=\"og:image\" content=\"https:\/\/ueberlebenskunst.at\/survivalshop\/wp-content\/uploads\/2020\/11\/01bo314.jpg\" \/>\n\t<meta property=\"og:image:width\" content=\"1280\" \/>\n\t<meta property=\"og:image:height\" content=\"953\" \/>\n\t<meta property=\"og:image:type\" content=\"image\/jpeg\" \/>\n<meta name=\"twitter:card\" content=\"summary_large_image\" \/>\n<meta name=\"twitter:label1\" content=\"Gesch\u00e4tzte Lesezeit\" \/>\n\t<meta name=\"twitter:data1\" content=\"1\u00a0Minute\" \/>\n<script type=\"application\/ld+json\" class=\"yoast-schema-graph\">{\"@context\":\"https:\/\/schema.org\",\"@graph\":[{\"@type\":\"WebPage\",\"@id\":\"https:\/\/ueberlebenskunst.at\/survivalshop\/shop\/boeker-plus-coc-pro-10\/\",\"url\":\"https:\/\/ueberlebenskunst.at\/survivalshop\/shop\/boeker-plus-coc-pro-10\/\",\"name\":\"B\u00f6ker Plus Coc Pro 10 inkl. hochwertigem Nylon Etui\",\"isPartOf\":{\"@id\":\"https:\/\/ueberlebenskunst.at\/survivalshop\/#website\"},\"primaryImageOfPage\":{\"@id\":\"https:\/\/ueberlebenskunst.at\/survivalshop\/shop\/boeker-plus-coc-pro-10\/#primaryimage\"},\"image\":{\"@id\":\"https:\/\/ueberlebenskunst.at\/survivalshop\/shop\/boeker-plus-coc-pro-10\/#primaryimage\"},\"thumbnailUrl\":\"https:\/\/ueberlebenskunst.at\/survivalshop\/wp-content\/uploads\/2020\/11\/01bo314.jpg\",\"datePublished\":\"2020-11-24T15:28:32+00:00\",\"dateModified\":\"2024-03-20T18:36:14+00:00\",\"description\":\"Das B\u00f6ker Plus Coc Pro 10 ist mit einem Framelock Mechanismus ausgestattet und kann zweih\u00e4ndig mit Hagelhau ge\u00f6ffnet werden\",\"breadcrumb\":{\"@id\":\"https:\/\/ueberlebenskunst.at\/survivalshop\/shop\/boeker-plus-coc-pro-10\/#breadcrumb\"},\"inLanguage\":\"de\",\"potentialAction\":[{\"@type\":\"ReadAction\",\"target\":[\"https:\/\/ueberlebenskunst.at\/survivalshop\/shop\/boeker-plus-coc-pro-10\/\"]}]},{\"@type\":\"ImageObject\",\"inLanguage\":\"de\",\"@id\":\"https:\/\/ueberlebenskunst.at\/survivalshop\/shop\/boeker-plus-coc-pro-10\/#primaryimage\",\"url\":\"https:\/\/ueberlebenskunst.at\/survivalshop\/wp-content\/uploads\/2020\/11\/01bo314.jpg\",\"contentUrl\":\"https:\/\/ueberlebenskunst.at\/survivalshop\/wp-content\/uploads\/2020\/11\/01bo314.jpg\",\"width\":1280,\"height\":953},{\"@type\":\"BreadcrumbList\",\"@id\":\"https:\/\/ueberlebenskunst.at\/survivalshop\/shop\/boeker-plus-coc-pro-10\/#breadcrumb\",\"itemListElement\":[{\"@type\":\"ListItem\",\"position\":1,\"name\":\"Startseite\",\"item\":\"https:\/\/ueberlebenskunst.at\/survivalshop\/\"},{\"@type\":\"ListItem\",\"position\":2,\"name\":\"Shop\",\"item\":\"https:\/\/ueberlebenskunst.at\/survivalshop\/shop\/\"},{\"@type\":\"ListItem\",\"position\":3,\"name\":\"B\u00f6ker Plus Coc Pro 10\"}]},{\"@type\":\"WebSite\",\"@id\":\"https:\/\/ueberlebenskunst.at\/survivalshop\/#website\",\"url\":\"https:\/\/ueberlebenskunst.at\/survivalshop\/\",\"name\":\"Reini Rossmann - Survival Shop\",\"description\":\"Survival Shop f\u00fcr Survival, Bushcraft und Prepper\",\"potentialAction\":[{\"@type\":\"SearchAction\",\"target\":{\"@type\":\"EntryPoint\",\"urlTemplate\":\"https:\/\/ueberlebenskunst.at\/survivalshop\/?s={search_term_string}\"},\"query-input\":{\"@type\":\"PropertyValueSpecification\",\"valueRequired\":true,\"valueName\":\"search_term_string\"}}],\"inLanguage\":\"de\"}]}<\/script>\n<!-- \/ Yoast SEO plugin. -->","yoast_head_json":{"title":"B\u00f6ker Plus Coc Pro 10 inkl. hochwertigem Nylon Etui","description":"Das B\u00f6ker Plus Coc Pro 10 ist mit einem Framelock Mechanismus ausgestattet und kann zweih\u00e4ndig mit Hagelhau ge\u00f6ffnet werden","robots":{"index":"index","follow":"follow","max-snippet":"max-snippet:-1","max-image-preview":"max-image-preview:large","max-video-preview":"max-video-preview:-1"},"canonical":"https:\/\/ueberlebenskunst.at\/survivalshop\/shop\/boeker-plus-coc-pro-10\/","og_locale":"de_DE","og_type":"article","og_title":"B\u00f6ker Plus Coc Pro 10 inkl. hochwertigem Nylon Etui","og_description":"Das B\u00f6ker Plus Coc Pro 10 ist mit einem Framelock Mechanismus ausgestattet und kann zweih\u00e4ndig mit Hagelhau ge\u00f6ffnet werden","og_url":"https:\/\/ueberlebenskunst.at\/survivalshop\/shop\/boeker-plus-coc-pro-10\/","og_site_name":"Reini Rossmann - Survival Shop","article_publisher":"https:\/\/www.facebook.com\/survival24.org\/","article_modified_time":"2024-03-20T18:36:14+00:00","og_image":[{"width":1280,"height":953,"url":"https:\/\/ueberlebenskunst.at\/survivalshop\/wp-content\/uploads\/2020\/11\/01bo314.jpg","type":"image\/jpeg"}],"twitter_card":"summary_large_image","twitter_misc":{"Gesch\u00e4tzte Lesezeit":"1\u00a0Minute"},"schema":{"@context":"https:\/\/schema.org","@graph":[{"@type":"WebPage","@id":"https:\/\/ueberlebenskunst.at\/survivalshop\/shop\/boeker-plus-coc-pro-10\/","url":"https:\/\/ueberlebenskunst.at\/survivalshop\/shop\/boeker-plus-coc-pro-10\/","name":"B\u00f6ker Plus Coc Pro 10 inkl. hochwertigem Nylon Etui","isPartOf":{"@id":"https:\/\/ueberlebenskunst.at\/survivalshop\/#website"},"primaryImageOfPage":{"@id":"https:\/\/ueberlebenskunst.at\/survivalshop\/shop\/boeker-plus-coc-pro-10\/#primaryimage"},"image":{"@id":"https:\/\/ueberlebenskunst.at\/survivalshop\/shop\/boeker-plus-coc-pro-10\/#primaryimage"},"thumbnailUrl":"https:\/\/ueberlebenskunst.at\/survivalshop\/wp-content\/uploads\/2020\/11\/01bo314.jpg","datePublished":"2020-11-24T15:28:32+00:00","dateModified":"2024-03-20T18:36:14+00:00","description":"Das B\u00f6ker Plus Coc Pro 10 ist mit einem Framelock Mechanismus ausgestattet und kann zweih\u00e4ndig mit Hagelhau ge\u00f6ffnet werden","breadcrumb":{"@id":"https:\/\/ueberlebenskunst.at\/survivalshop\/shop\/boeker-plus-coc-pro-10\/#breadcrumb"},"inLanguage":"de","potentialAction":[{"@type":"ReadAction","target":["https:\/\/ueberlebenskunst.at\/survivalshop\/shop\/boeker-plus-coc-pro-10\/"]}]},{"@type":"ImageObject","inLanguage":"de","@id":"https:\/\/ueberlebenskunst.at\/survivalshop\/shop\/boeker-plus-coc-pro-10\/#primaryimage","url":"https:\/\/ueberlebenskunst.at\/survivalshop\/wp-content\/uploads\/2020\/11\/01bo314.jpg","contentUrl":"https:\/\/ueberlebenskunst.at\/survivalshop\/wp-content\/uploads\/2020\/11\/01bo314.jpg","width":1280,"height":953},{"@type":"BreadcrumbList","@id":"https:\/\/ueberlebenskunst.at\/survivalshop\/shop\/boeker-plus-coc-pro-10\/#breadcrumb","itemListElement":[{"@type":"ListItem","position":1,"name":"Startseite","item":"https:\/\/ueberlebenskunst.at\/survivalshop\/"},{"@type":"ListItem","position":2,"name":"Shop","item":"https:\/\/ueberlebenskunst.at\/survivalshop\/shop\/"},{"@type":"ListItem","position":3,"name":"B\u00f6ker Plus Coc Pro 10"}]},{"@type":"WebSite","@id":"https:\/\/ueberlebenskunst.at\/survivalshop\/#website","url":"https:\/\/ueberlebenskunst.at\/survivalshop\/","name":"Reini Rossmann - Survival Shop","description":"Survival Shop f\u00fcr Survival, Bushcraft und Prepper","potentialAction":[{"@type":"SearchAction","target":{"@type":"EntryPoint","urlTemplate":"https:\/\/ueberlebenskunst.at\/survivalshop\/?s={search_term_string}"},"query-input":{"@type":"PropertyValueSpecification","valueRequired":true,"valueName":"search_term_string"}}],"inLanguage":"de"}]}},"_links":{"self":[{"href":"https:\/\/ueberlebenskunst.at\/survivalshop\/wp-json\/wp\/v2\/product\/19671","targetHints":{"allow":["GET"]}}],"collection":[{"href":"https:\/\/ueberlebenskunst.at\/survivalshop\/wp-json\/wp\/v2\/product"}],"about":[{"href":"https:\/\/ueberlebenskunst.at\/survivalshop\/wp-json\/wp\/v2\/types\/product"}],"replies":[{"embeddable":true,"href":"https:\/\/ueberlebenskunst.at\/survivalshop\/wp-json\/wp\/v2\/comments?post=19671"}],"wp:featuredmedia":[{"embeddable":true,"href":"https:\/\/ueberlebenskunst.at\/survivalshop\/wp-json\/wp\/v2\/media\/19672"}],"wp:attachment":[{"href":"https:\/\/ueberlebenskunst.at\/survivalshop\/wp-json\/wp\/v2\/media?parent=19671"}],"wp:term":[{"taxonomy":"product_brand","embeddable":true,"href":"https:\/\/ueberlebenskunst.at\/survivalshop\/wp-json\/wp\/v2\/product_brand?post=19671"},{"taxonomy":"product_cat","embeddable":true,"href":"https:\/\/ueberlebenskunst.at\/survivalshop\/wp-json\/wp\/v2\/product_cat?post=19671"},{"taxonomy":"product_tag","embeddable":true,"href":"https:\/\/ueberlebenskunst.at\/survivalshop\/wp-json\/wp\/v2\/product_tag?post=19671"}],"curies":[{"name":"wp","href":"https:\/\/api.w.org\/{rel}","templated":true}]}}