{"id":196108,"date":"2025-10-02T13:08:41","date_gmt":"2025-10-02T11:08:41","guid":{"rendered":"https:\/\/ueberlebenskunst.at\/survivalshop\/?post_type=product&#038;p=196108"},"modified":"2026-04-28T17:07:41","modified_gmt":"2026-04-28T15:07:41","slug":"man-kung-mk-tcs3g-sobek-recurve-pistol-crossbow-80-lbs-185-fps","status":"publish","type":"product","link":"https:\/\/ueberlebenskunst.at\/survivalshop\/shop\/man-kung-mk-tcs3g-sobek-recurve-pistol-crossbow-80-lbs-185-fps\/","title":{"rendered":"Man Kung Sobek 7 Schuss Magazin Schnellschuss Armbrust"},"content":{"rendered":"<h3>Die Ware ist bei uns auf Lager und sofort lieferbar und verf\u00fcgbar!<\/h3>\n<p>Die Man Kung MK-TCS3G Sobek ist eine vielseitige Repetierarmbrust, konzipiert f\u00fcr Schnelligkeit und Pr\u00e4zision. Sie basiert auf der bew\u00e4hrten MK-TCS2G Alligator, wurde jedoch um ein 7-Bolzen-Magazin erweitert, das beim Durchziehen automatisch den n\u00e4chsten Bolzen nachl\u00e4dt. Dieses System erlaubt schnelles, aufeinanderfolgendes Schie\u00dfen und ist damit ideal f\u00fcr dynamisches Zielschie\u00dfen. Dank des Selbstspanner-Mechanismus l\u00e4sst sich die Sobek mit nur geringem Kraftaufwand spannen. Die in der L\u00e4nge verstellbare Schulterst\u00fctze sorgt f\u00fcr eine stabile und bequeme Anschlagsposition, w\u00e4hrend der abnehmbare Vordergriff die Handhabung und Kontrolle verbessert. Vier Picatinny-Schienen \u2014 oben, unten und an den Seiten \u2014 bieten reichlich Platz f\u00fcr Optiken, Lampen, Laser oder anderes Zubeh\u00f6r.<br \/>\nMit einem Zuggewicht von 80 lb und Bolzengeschwindigkeiten von bis zu 185 fps liefert diese Armbrust konstante Leistung und beh\u00e4lt ihre Treffgenauigkeit auf Entfernungen bis zu 20 Metern. Die Glasfaserwurfarme und die robuste Laufkonstruktion gew\u00e4hrleisten eine lange Lebensdauer. Die MK-TCS3G Sobek wird komplett geliefert, inklusive eines Stringers zum einfachen Aufziehen der Sehne sowie sieben speziell abgestimmter 6,5-Zoll-Aluminiumbolzen. Wer eine komplett schwarze Optik bevorzugt, findet mit dem Modell MK-TCS3BK die passende Ausf\u00fchrung.<\/p>\n<p>Die Man Kung 7 Schuss Magazin Schnellschuss Armbrust gibt es <a href=\"https:\/\/ueberlebenskunst.at\/survivalshop\/shop\/man-kung-7-schuss-magazin-schnellschuss-armbrust-gruen-vorbestelleraktion\/\" target=\"_blank\" rel=\"noopener\">in der Farbe Gr\u00fcn: klicke hier.<\/a><\/p>\n<p>Sieh dir auch die <a href=\"https:\/\/ueberlebenskunst.at\/survivalshop\/shop\/universal-halterung-man-kung-sobek\/\" target=\"_blank\" rel=\"noopener\">Universal Halterung<\/a> f\u00fcr die <a href=\"https:\/\/ueberlebenskunst.at\/survivalshop\/shop\/man-kung-mk-tcs3g-sobek-recurve-pistol-crossbow-80-lbs-185-fps\/\" target=\"_blank\" rel=\"noopener\">Man Kung Sobek<\/a> an: sie ist eine Entwicklung aus dem Hause Reini Rossmann und ist Made in Austria direkt aus Reinis Werkst\u00e4tte.<br \/>\nDie Universal Halterung hat 2 Aufnahmeringe mit jeweils 19 mm Durchmesser. Wir empfehlen dir dazu entweder den <a href=\"https:\/\/ueberlebenskunst.at\/survivalshop\/shop\/wachs-container-fuer-universal-picatinnyhalterung\/\" target=\"_blank\" rel=\"noopener\">Wachs-Container 19<\/a>, die <a href=\"https:\/\/ueberlebenskunst.at\/survivalshop\/shop\/stinger-ar-6-lampe-einzeln-ohne-montage\/\" target=\"_blank\" rel=\"noopener\">Steambow Lampe<\/a> ohne Montage (wahlweise mit <a href=\"https:\/\/ueberlebenskunst.at\/survivalshop\/shop\/taktischer-clip-fuer-steambow-lampe\/\" target=\"_blank\" rel=\"noopener\">taktischem Clip<\/a>) oder den <a href=\"https:\/\/ueberlebenskunst.at\/survivalshop\/shop\/gruener-laser\/\" target=\"_blank\" rel=\"noopener\">Laser in gr\u00fcn<\/a> zu verwenden.<\/p>\n<h3>Produktdaten:<\/h3>\n<ul>\n<li>Repetierarmbrust: l\u00e4dt automatisch aus dem Magazin nach.<\/li>\n<li>Magazin mit 7 Bolzen f\u00fcr eine sehr hohe Schussfolge.<\/li>\n<li>Mit Selbstspanner, deshalb leicht zu spannen.<\/li>\n<li>Verstellbare Schulterst\u00fctze.<\/li>\n<li>Picatinny-Schienen oben, unten und seitlich f\u00fcr Anbauten.<\/li>\n<li>Vordergriff f\u00fcr zus\u00e4tzliche Stabilit\u00e4t.<\/li>\n<\/ul>\n<h3>Technische Daten:<\/h3>\n<ul>\n<li>Zuggewicht: 80 LBS<\/li>\n<li>Geschwindigkeit: 185 FPS (ca. 56 m\/s)<\/li>\n<li>Treffgenauigkeit: bis 20 Meter<\/li>\n<li>Gewicht: 1.252 g<\/li>\n<li>L\u00e4nge: 56 cm<\/li>\n<li>Breite: 41,9 cm<\/li>\n<li>Obere Schiene: 20 mm Picatinny<\/li>\n<li>Untere Schiene: 20 mm Picatinny<\/li>\n<li>Seitenleisten: 20 mm Picatinny<\/li>\n<li>Wurfarme: Glasfaser<\/li>\n<li>Lauf: Kunststoff<\/li>\n<\/ul>\n<h3>Lieferumfang:<\/h3>\n<ul>\n<li>Stringer zum Aufziehen der Sehne<\/li>\n<li><a href=\"https:\/\/ueberlebenskunst.at\/survivalshop\/shop\/man-kung-65-aluminium-bolzen-fuer-mk-tcs3-sobek\/\" target=\"_blank\" rel=\"noopener\">7 Man Kung Schnellschuss Magazin Armbrust Bolzen<\/a><\/li>\n<\/ul>\n<h3>Passendes Zubeh\u00f6r (extra erh\u00e4ltlich):<\/h3>\n<ul>\n<li><a href=\"https:\/\/ueberlebenskunst.at\/survivalshop\/shop\/universal-halterung-man-kung-sobek\/\" target=\"_blank\" rel=\"noopener\">Universal Halterung <strong>f\u00fcr Man Kung Sobek<\/strong><\/a><\/li>\n<li><a href=\"https:\/\/ueberlebenskunst.at\/survivalshop\/shop\/ek-armbrust-pfeilfangmatte\/\" target=\"_blank\" rel=\"noopener\">EK Zielscheibe<\/a><\/li>\n<li><a href=\"https:\/\/ueberlebenskunst.at\/survivalshop\/shop\/ersatzsehne-fuer-man-kung-sobek-mk-tcs3s\/\" target=\"_blank\" rel=\"noopener\">Ersatzsehne f\u00fcr Man Kung Sobek MK-TCS3S<\/a><\/li>\n<li><a href=\"https:\/\/ueberlebenskunst.at\/survivalshop\/shop\/man-kung-sobek-endkappe-1-stueck\/\" target=\"_blank\" rel=\"noopener\">Endkappen<\/a><\/li>\n<li><a href=\"https:\/\/ueberlebenskunst.at\/survivalshop\/shop\/man-kung-65-aluminium-bolzen-fuer-mk-tcs3-sobek\/\" target=\"_blank\" rel=\"noopener\">Bolzen<\/a><\/li>\n<\/ul>\n<p>Wichtiger Hinweis: Der Versand erfolgt nur an Personen \u00fcber 18 Jahren. Bitte lade deine Ausweiskopie bei Bestellabschluss hoch!<\/p>\n","protected":false},"excerpt":{"rendered":"<p>Die Ware ist bei uns auf Lager und sofort lieferbar und verf\u00fcgbar! Die Man Kung MK-TCS3G Sobek ist eine vielseitige Repetierarmbrust, konzipiert f\u00fcr Schnelligkeit und Pr\u00e4zision. Sie basiert auf der bew\u00e4hrten MK-TCS2G Alligator, wurde jedoch um ein 7-Bolzen-Magazin erweitert, das beim Durchziehen automatisch den n\u00e4chsten Bolzen nachl\u00e4dt. Dieses System erlaubt schnelles, aufeinanderfolgendes Schie\u00dfen und ist [&hellip;]<\/p>\n","protected":false},"featured_media":196111,"comment_status":"open","ping_status":"closed","template":"","meta":{"_acf_changed":false},"product_brand":[],"product_cat":[1897],"product_tag":[2535],"class_list":{"0":"post-196108","1":"product","2":"type-product","3":"status-publish","4":"has-post-thumbnail","6":"product_cat-man-kung-alligator-bogensport-pfeil-kugel","7":"product_tag-man-kung","9":"first","10":"instock","11":"taxable","12":"shipping-taxable","13":"purchasable","14":"product-type-simple"},"acf":[],"yoast_head":"<!-- This site is optimized with the Yoast SEO plugin v27.1.1 - https:\/\/yoast.com\/product\/yoast-seo-wordpress\/ -->\n<title>Man Kung Sobek 7 Schuss Magazin Schnellschuss Armbrust - Reini Rossmann - Survival Shop<\/title>\n<meta name=\"description\" content=\"Die Man Kung MK-TCS3G Sobek ist eine vielseitige Repetierarmbrust, konzipiert f\u00fcr Schnelligkeit und Pr\u00e4zision. Sie basiert auf der bew\u00e4hrten MK-TCS2G Alligator, wurde jedoch um ein 7-Bolzen-Magazin erweitert, das beim Durchziehen automatisch den n\u00e4chsten Bolzen nachl\u00e4dt.\" \/>\n<meta name=\"robots\" content=\"index, follow, max-snippet:-1, max-image-preview:large, max-video-preview:-1\" \/>\n<link rel=\"canonical\" href=\"https:\/\/ueberlebenskunst.at\/survivalshop\/shop\/man-kung-mk-tcs3g-sobek-recurve-pistol-crossbow-80-lbs-185-fps\/\" \/>\n<meta property=\"og:locale\" content=\"de_DE\" \/>\n<meta property=\"og:type\" content=\"article\" \/>\n<meta property=\"og:title\" content=\"Man Kung Sobek 7 Schuss Magazin Schnellschuss Armbrust - Reini Rossmann - Survival Shop\" \/>\n<meta property=\"og:description\" content=\"Die Man Kung MK-TCS3G Sobek ist eine vielseitige Repetierarmbrust, konzipiert f\u00fcr Schnelligkeit und Pr\u00e4zision. Sie basiert auf der bew\u00e4hrten MK-TCS2G Alligator, wurde jedoch um ein 7-Bolzen-Magazin erweitert, das beim Durchziehen automatisch den n\u00e4chsten Bolzen nachl\u00e4dt.\" \/>\n<meta property=\"og:url\" content=\"https:\/\/ueberlebenskunst.at\/survivalshop\/shop\/man-kung-mk-tcs3g-sobek-recurve-pistol-crossbow-80-lbs-185-fps\/\" \/>\n<meta property=\"og:site_name\" content=\"Reini Rossmann - Survival Shop\" \/>\n<meta property=\"article:publisher\" content=\"https:\/\/www.facebook.com\/survival24.org\/\" \/>\n<meta property=\"article:modified_time\" content=\"2026-04-28T15:07:41+00:00\" \/>\n<meta property=\"og:image\" content=\"https:\/\/ueberlebenskunst.at\/survivalshop\/wp-content\/uploads\/2025\/10\/MK-TCS3BK.jpg\" \/>\n\t<meta property=\"og:image:width\" content=\"400\" \/>\n\t<meta property=\"og:image:height\" content=\"353\" \/>\n\t<meta property=\"og:image:type\" content=\"image\/jpeg\" \/>\n<meta name=\"twitter:card\" content=\"summary_large_image\" \/>\n<meta name=\"twitter:label1\" content=\"Gesch\u00e4tzte Lesezeit\" \/>\n\t<meta name=\"twitter:data1\" content=\"3\u00a0Minuten\" \/>\n<script type=\"application\/ld+json\" class=\"yoast-schema-graph\">{\"@context\":\"https:\/\/schema.org\",\"@graph\":[{\"@type\":\"WebPage\",\"@id\":\"https:\/\/ueberlebenskunst.at\/survivalshop\/shop\/man-kung-mk-tcs3g-sobek-recurve-pistol-crossbow-80-lbs-185-fps\/\",\"url\":\"https:\/\/ueberlebenskunst.at\/survivalshop\/shop\/man-kung-mk-tcs3g-sobek-recurve-pistol-crossbow-80-lbs-185-fps\/\",\"name\":\"Man Kung Sobek 7 Schuss Magazin Schnellschuss Armbrust - Reini Rossmann - Survival Shop\",\"isPartOf\":{\"@id\":\"https:\/\/ueberlebenskunst.at\/survivalshop\/#website\"},\"primaryImageOfPage\":{\"@id\":\"https:\/\/ueberlebenskunst.at\/survivalshop\/shop\/man-kung-mk-tcs3g-sobek-recurve-pistol-crossbow-80-lbs-185-fps\/#primaryimage\"},\"image\":{\"@id\":\"https:\/\/ueberlebenskunst.at\/survivalshop\/shop\/man-kung-mk-tcs3g-sobek-recurve-pistol-crossbow-80-lbs-185-fps\/#primaryimage\"},\"thumbnailUrl\":\"https:\/\/ueberlebenskunst.at\/survivalshop\/wp-content\/uploads\/2025\/10\/MK-TCS3BK.jpg\",\"datePublished\":\"2025-10-02T11:08:41+00:00\",\"dateModified\":\"2026-04-28T15:07:41+00:00\",\"description\":\"Die Man Kung MK-TCS3G Sobek ist eine vielseitige Repetierarmbrust, konzipiert f\u00fcr Schnelligkeit und Pr\u00e4zision. Sie basiert auf der bew\u00e4hrten MK-TCS2G Alligator, wurde jedoch um ein 7-Bolzen-Magazin erweitert, das beim Durchziehen automatisch den n\u00e4chsten Bolzen nachl\u00e4dt.\",\"breadcrumb\":{\"@id\":\"https:\/\/ueberlebenskunst.at\/survivalshop\/shop\/man-kung-mk-tcs3g-sobek-recurve-pistol-crossbow-80-lbs-185-fps\/#breadcrumb\"},\"inLanguage\":\"de\",\"potentialAction\":[{\"@type\":\"ReadAction\",\"target\":[\"https:\/\/ueberlebenskunst.at\/survivalshop\/shop\/man-kung-mk-tcs3g-sobek-recurve-pistol-crossbow-80-lbs-185-fps\/\"]}]},{\"@type\":\"ImageObject\",\"inLanguage\":\"de\",\"@id\":\"https:\/\/ueberlebenskunst.at\/survivalshop\/shop\/man-kung-mk-tcs3g-sobek-recurve-pistol-crossbow-80-lbs-185-fps\/#primaryimage\",\"url\":\"https:\/\/ueberlebenskunst.at\/survivalshop\/wp-content\/uploads\/2025\/10\/MK-TCS3BK.jpg\",\"contentUrl\":\"https:\/\/ueberlebenskunst.at\/survivalshop\/wp-content\/uploads\/2025\/10\/MK-TCS3BK.jpg\",\"width\":400,\"height\":353},{\"@type\":\"BreadcrumbList\",\"@id\":\"https:\/\/ueberlebenskunst.at\/survivalshop\/shop\/man-kung-mk-tcs3g-sobek-recurve-pistol-crossbow-80-lbs-185-fps\/#breadcrumb\",\"itemListElement\":[{\"@type\":\"ListItem\",\"position\":1,\"name\":\"Startseite\",\"item\":\"https:\/\/ueberlebenskunst.at\/survivalshop\/\"},{\"@type\":\"ListItem\",\"position\":2,\"name\":\"Shop\",\"item\":\"https:\/\/ueberlebenskunst.at\/survivalshop\/shop\/\"},{\"@type\":\"ListItem\",\"position\":3,\"name\":\"Man Kung Sobek 7 Schuss Magazin Schnellschuss Armbrust\"}]},{\"@type\":\"WebSite\",\"@id\":\"https:\/\/ueberlebenskunst.at\/survivalshop\/#website\",\"url\":\"https:\/\/ueberlebenskunst.at\/survivalshop\/\",\"name\":\"Reini Rossmann - Survival Shop\",\"description\":\"Survival Shop f\u00fcr Survival, Bushcraft und Prepper\",\"potentialAction\":[{\"@type\":\"SearchAction\",\"target\":{\"@type\":\"EntryPoint\",\"urlTemplate\":\"https:\/\/ueberlebenskunst.at\/survivalshop\/?s={search_term_string}\"},\"query-input\":{\"@type\":\"PropertyValueSpecification\",\"valueRequired\":true,\"valueName\":\"search_term_string\"}}],\"inLanguage\":\"de\"}]}<\/script>\n<!-- \/ Yoast SEO plugin. -->","yoast_head_json":{"title":"Man Kung Sobek 7 Schuss Magazin Schnellschuss Armbrust - Reini Rossmann - Survival Shop","description":"Die Man Kung MK-TCS3G Sobek ist eine vielseitige Repetierarmbrust, konzipiert f\u00fcr Schnelligkeit und Pr\u00e4zision. Sie basiert auf der bew\u00e4hrten MK-TCS2G Alligator, wurde jedoch um ein 7-Bolzen-Magazin erweitert, das beim Durchziehen automatisch den n\u00e4chsten Bolzen nachl\u00e4dt.","robots":{"index":"index","follow":"follow","max-snippet":"max-snippet:-1","max-image-preview":"max-image-preview:large","max-video-preview":"max-video-preview:-1"},"canonical":"https:\/\/ueberlebenskunst.at\/survivalshop\/shop\/man-kung-mk-tcs3g-sobek-recurve-pistol-crossbow-80-lbs-185-fps\/","og_locale":"de_DE","og_type":"article","og_title":"Man Kung Sobek 7 Schuss Magazin Schnellschuss Armbrust - Reini Rossmann - Survival Shop","og_description":"Die Man Kung MK-TCS3G Sobek ist eine vielseitige Repetierarmbrust, konzipiert f\u00fcr Schnelligkeit und Pr\u00e4zision. Sie basiert auf der bew\u00e4hrten MK-TCS2G Alligator, wurde jedoch um ein 7-Bolzen-Magazin erweitert, das beim Durchziehen automatisch den n\u00e4chsten Bolzen nachl\u00e4dt.","og_url":"https:\/\/ueberlebenskunst.at\/survivalshop\/shop\/man-kung-mk-tcs3g-sobek-recurve-pistol-crossbow-80-lbs-185-fps\/","og_site_name":"Reini Rossmann - Survival Shop","article_publisher":"https:\/\/www.facebook.com\/survival24.org\/","article_modified_time":"2026-04-28T15:07:41+00:00","og_image":[{"width":400,"height":353,"url":"https:\/\/ueberlebenskunst.at\/survivalshop\/wp-content\/uploads\/2025\/10\/MK-TCS3BK.jpg","type":"image\/jpeg"}],"twitter_card":"summary_large_image","twitter_misc":{"Gesch\u00e4tzte Lesezeit":"3\u00a0Minuten"},"schema":{"@context":"https:\/\/schema.org","@graph":[{"@type":"WebPage","@id":"https:\/\/ueberlebenskunst.at\/survivalshop\/shop\/man-kung-mk-tcs3g-sobek-recurve-pistol-crossbow-80-lbs-185-fps\/","url":"https:\/\/ueberlebenskunst.at\/survivalshop\/shop\/man-kung-mk-tcs3g-sobek-recurve-pistol-crossbow-80-lbs-185-fps\/","name":"Man Kung Sobek 7 Schuss Magazin Schnellschuss Armbrust - Reini Rossmann - Survival Shop","isPartOf":{"@id":"https:\/\/ueberlebenskunst.at\/survivalshop\/#website"},"primaryImageOfPage":{"@id":"https:\/\/ueberlebenskunst.at\/survivalshop\/shop\/man-kung-mk-tcs3g-sobek-recurve-pistol-crossbow-80-lbs-185-fps\/#primaryimage"},"image":{"@id":"https:\/\/ueberlebenskunst.at\/survivalshop\/shop\/man-kung-mk-tcs3g-sobek-recurve-pistol-crossbow-80-lbs-185-fps\/#primaryimage"},"thumbnailUrl":"https:\/\/ueberlebenskunst.at\/survivalshop\/wp-content\/uploads\/2025\/10\/MK-TCS3BK.jpg","datePublished":"2025-10-02T11:08:41+00:00","dateModified":"2026-04-28T15:07:41+00:00","description":"Die Man Kung MK-TCS3G Sobek ist eine vielseitige Repetierarmbrust, konzipiert f\u00fcr Schnelligkeit und Pr\u00e4zision. Sie basiert auf der bew\u00e4hrten MK-TCS2G Alligator, wurde jedoch um ein 7-Bolzen-Magazin erweitert, das beim Durchziehen automatisch den n\u00e4chsten Bolzen nachl\u00e4dt.","breadcrumb":{"@id":"https:\/\/ueberlebenskunst.at\/survivalshop\/shop\/man-kung-mk-tcs3g-sobek-recurve-pistol-crossbow-80-lbs-185-fps\/#breadcrumb"},"inLanguage":"de","potentialAction":[{"@type":"ReadAction","target":["https:\/\/ueberlebenskunst.at\/survivalshop\/shop\/man-kung-mk-tcs3g-sobek-recurve-pistol-crossbow-80-lbs-185-fps\/"]}]},{"@type":"ImageObject","inLanguage":"de","@id":"https:\/\/ueberlebenskunst.at\/survivalshop\/shop\/man-kung-mk-tcs3g-sobek-recurve-pistol-crossbow-80-lbs-185-fps\/#primaryimage","url":"https:\/\/ueberlebenskunst.at\/survivalshop\/wp-content\/uploads\/2025\/10\/MK-TCS3BK.jpg","contentUrl":"https:\/\/ueberlebenskunst.at\/survivalshop\/wp-content\/uploads\/2025\/10\/MK-TCS3BK.jpg","width":400,"height":353},{"@type":"BreadcrumbList","@id":"https:\/\/ueberlebenskunst.at\/survivalshop\/shop\/man-kung-mk-tcs3g-sobek-recurve-pistol-crossbow-80-lbs-185-fps\/#breadcrumb","itemListElement":[{"@type":"ListItem","position":1,"name":"Startseite","item":"https:\/\/ueberlebenskunst.at\/survivalshop\/"},{"@type":"ListItem","position":2,"name":"Shop","item":"https:\/\/ueberlebenskunst.at\/survivalshop\/shop\/"},{"@type":"ListItem","position":3,"name":"Man Kung Sobek 7 Schuss Magazin Schnellschuss Armbrust"}]},{"@type":"WebSite","@id":"https:\/\/ueberlebenskunst.at\/survivalshop\/#website","url":"https:\/\/ueberlebenskunst.at\/survivalshop\/","name":"Reini Rossmann - Survival Shop","description":"Survival Shop f\u00fcr Survival, Bushcraft und Prepper","potentialAction":[{"@type":"SearchAction","target":{"@type":"EntryPoint","urlTemplate":"https:\/\/ueberlebenskunst.at\/survivalshop\/?s={search_term_string}"},"query-input":{"@type":"PropertyValueSpecification","valueRequired":true,"valueName":"search_term_string"}}],"inLanguage":"de"}]}},"_links":{"self":[{"href":"https:\/\/ueberlebenskunst.at\/survivalshop\/wp-json\/wp\/v2\/product\/196108","targetHints":{"allow":["GET"]}}],"collection":[{"href":"https:\/\/ueberlebenskunst.at\/survivalshop\/wp-json\/wp\/v2\/product"}],"about":[{"href":"https:\/\/ueberlebenskunst.at\/survivalshop\/wp-json\/wp\/v2\/types\/product"}],"replies":[{"embeddable":true,"href":"https:\/\/ueberlebenskunst.at\/survivalshop\/wp-json\/wp\/v2\/comments?post=196108"}],"wp:featuredmedia":[{"embeddable":true,"href":"https:\/\/ueberlebenskunst.at\/survivalshop\/wp-json\/wp\/v2\/media\/196111"}],"wp:attachment":[{"href":"https:\/\/ueberlebenskunst.at\/survivalshop\/wp-json\/wp\/v2\/media?parent=196108"}],"wp:term":[{"taxonomy":"product_brand","embeddable":true,"href":"https:\/\/ueberlebenskunst.at\/survivalshop\/wp-json\/wp\/v2\/product_brand?post=196108"},{"taxonomy":"product_cat","embeddable":true,"href":"https:\/\/ueberlebenskunst.at\/survivalshop\/wp-json\/wp\/v2\/product_cat?post=196108"},{"taxonomy":"product_tag","embeddable":true,"href":"https:\/\/ueberlebenskunst.at\/survivalshop\/wp-json\/wp\/v2\/product_tag?post=196108"}],"curies":[{"name":"wp","href":"https:\/\/api.w.org\/{rel}","templated":true}]}}