{"id":195979,"date":"2025-09-30T10:04:20","date_gmt":"2025-09-30T08:04:20","guid":{"rendered":"https:\/\/ueberlebenskunst.at\/survivalshop\/?post_type=product&#038;p=195979"},"modified":"2025-09-30T11:47:39","modified_gmt":"2025-09-30T09:47:39","slug":"faellkniven-a1x","status":"seo-produkt","type":"product","link":"https:\/\/ueberlebenskunst.at\/survivalshop\/shop\/faellkniven-a1x\/","title":{"rendered":"F\u00e4llkniven A1X"},"content":{"rendered":"<p>Das F\u00e4llkniven A1x ist ein \u00e4u\u00dferst kompromisslos konzipiertes Fixed-Blade-Messer, das sich vor allem an Anwender richtet, die ein m\u00f6glichst robustes und sicheres Einsatzmesser suchen. Auf der offiziellen Website wird es als \u201eX-Knife\u201c bezeichnet \u2014 dem st\u00e4rksten, sch\u00e4rfsten und sichersten Edelstahlmesser, das F\u00e4llkniven derzeit in Produktion hat.<\/p>\n<p><strong>Klingenmaterial &amp; Aufbau<\/strong><br \/>\nDie Klinge besteht aus laminiertem Cobalt-Stahl (\u201eLam. CoS steel\u201c) \u2013 eine Materialwahl, die hohe Z\u00e4higkeit mit guter Schnitthaltigkeit kombiniert.<br \/>\nDer Messeraufbau vermeidet bewusste Bruchzonen \u2013 was bedeutet, dass Schwachstellen, an denen ein Messer unter extremen Belastungen typischerweise versagen k\u00f6nnte, konsequent eliminiert wurden.<\/p>\n<p><strong>Klingenform &amp; Schneide<\/strong><br \/>\nDie Klinge hat eine konvexe Schneide (Convex Edge) \u2013 eine Schneidengeometrie, die sich bew\u00e4hrt, um hohe Stabilit\u00e4t und gute Schnittleistung zu vereinbaren.<br \/>\nMit einer Klingenl\u00e4nge von 161 mm und einer Klingenst\u00e4rke von 7 mm ist das A1x durchaus \u201esubstanziell\u201c.<\/p>\n<p>Die Gesamtl\u00e4nge liegt bei 284 mm, das reine Messer wiegt etwa 401 g. Der Griff besteht aus Thermorun \u2013 ein robustes und temperaturresistentes Kunststoffmaterial, das in Kombination mit der Vollangel (Full Tang) eine feste und zuverl\u00e4ssige Verbindung zwischen Klinge und Griff garantiert.<br \/>\nDie Scheide ist aus Zytel gefertigt und bietet ein durchdachtes Sicherheitskonzept: Ein Transportsicherungsriegel, der das Messer in der Scheide fixiert, eine Arbeits\u00adsicherung, die verhindert, dass das Messer unbeabsichtigt herausf\u00e4llt. Insgesamt ist die Scheide so gestaltet, dass sie einen schnellen Zugriff erlaubt, ohne Sicherheitseinbu\u00dfen zu verursachen. Das A1x ist also nicht als Allzweckmesser gedacht, sondern als Spezialwerkzeug f\u00fcr h\u00e4rteste Eins\u00e4tze in milit\u00e4rischen, taktischen oder survivalorientierten Kontexten.<\/p>\n<p><iframe hcb-fetch-image-from=\"https:\/\/youtu.be\/9zfTVh7mKAg\" title=\"F\u00e4llkniven A1x ENDLICH verbessert.\" width=\"640\" height=\"360\" src=\"https:\/\/www.youtube.com\/embed\/9zfTVh7mKAg?feature=oembed\" frameborder=\"0\" allow=\"accelerometer; autoplay; clipboard-write; encrypted-media; gyroscope; picture-in-picture; web-share\" referrerpolicy=\"strict-origin-when-cross-origin\" allowfullscreen><\/iframe><\/p>\n<p>Wer eine Alternative zum F\u00e4llkniven A1x sucht, findet in der <a href=\"https:\/\/ueberlebenskunst.at\/survivalshop\/?s=fpk&amp;post_type=product&amp;dgwt_wcas=1\" target=\"_blank\" rel=\"noopener\">FPK-Serie<\/a> eine Auswahl an Messern, die mit \u00e4hnlicher Robustheit und Praxistauglichkeit \u00fcberzeugen.<\/p>\n<p>Schau dir auch unsere passende <a href=\"https:\/\/ueberlebenskunst.at\/survivalshop\/shop\/k4-feuerstahl-halterung-inkl-feuerstahl-fuer-faellkniven-a1x\" target=\"_blank\" rel=\"noopener\">K4 Feuerstahl Halterung inkl. Feuerstahl f\u00fcr F\u00e4llkniven A1X<\/a> oder die <a href=\"https:\/\/ueberlebenskunst.at\/survivalshop\/shop\/k4-feuerstahlhalter-fuer-faellkniven-f1z\/\" target=\"_blank\" rel=\"noopener\">K4 Feuerstahl Halterung inkl. Feuerstahl f\u00fcr F\u00e4llkniven F1z Standard + F1z Advanced<\/a> an.<\/p>\n","protected":false},"excerpt":{"rendered":"<p>Das F\u00e4llkniven A1x ist ein \u00e4u\u00dferst kompromisslos konzipiertes Fixed-Blade-Messer, das sich vor allem an Anwender richtet, die ein m\u00f6glichst robustes und sicheres Einsatzmesser suchen. Auf der offiziellen Website wird es als \u201eX-Knife\u201c bezeichnet \u2014 dem st\u00e4rksten, sch\u00e4rfsten und sichersten Edelstahlmesser, das F\u00e4llkniven derzeit in Produktion hat. Klingenmaterial &amp; Aufbau Die Klinge besteht aus laminiertem Cobalt-Stahl [&hellip;]<\/p>\n","protected":false},"featured_media":195980,"comment_status":"open","ping_status":"closed","template":"","meta":{"_acf_changed":false},"product_brand":[],"product_cat":[426],"product_tag":[133],"class_list":{"0":"post-195979","1":"product","2":"type-product","3":"status-seo-produkt","4":"has-post-thumbnail","6":"product_cat-unkategorisiert","7":"product_tag-faellkniven","9":"first","10":"outofstock","11":"taxable","12":"shipping-taxable","13":"product-type-simple"},"acf":[],"yoast_head":"<!-- This site is optimized with the Yoast SEO plugin v27.1.1 - https:\/\/yoast.com\/product\/yoast-seo-wordpress\/ -->\n<title>F\u00e4llkniven A1X - Reini Rossmann - Survival Shop<\/title>\n<meta name=\"robots\" content=\"index, follow, max-snippet:-1, max-image-preview:large, max-video-preview:-1\" \/>\n<link rel=\"canonical\" href=\"https:\/\/ueberlebenskunst.at\/survivalshop\/shop\/faellkniven-a1x\/\" \/>\n<meta property=\"og:locale\" content=\"de_DE\" \/>\n<meta property=\"og:type\" content=\"article\" \/>\n<meta property=\"og:title\" content=\"F\u00e4llkniven A1X - Reini Rossmann - Survival Shop\" \/>\n<meta property=\"og:description\" content=\"Das F\u00e4llkniven A1x ist ein \u00e4u\u00dferst kompromisslos konzipiertes Fixed-Blade-Messer, das sich vor allem an Anwender richtet, die ein m\u00f6glichst robustes und sicheres Einsatzmesser suchen. Auf der offiziellen Website wird es als \u201eX-Knife\u201c bezeichnet \u2014 dem st\u00e4rksten, sch\u00e4rfsten und sichersten Edelstahlmesser, das F\u00e4llkniven derzeit in Produktion hat. Klingenmaterial &amp; Aufbau Die Klinge besteht aus laminiertem Cobalt-Stahl [&hellip;]\" \/>\n<meta property=\"og:url\" content=\"https:\/\/ueberlebenskunst.at\/survivalshop\/shop\/faellkniven-a1x\/\" \/>\n<meta property=\"og:site_name\" content=\"Reini Rossmann - Survival Shop\" \/>\n<meta property=\"article:publisher\" content=\"https:\/\/www.facebook.com\/survival24.org\/\" \/>\n<meta property=\"article:modified_time\" content=\"2025-09-30T09:47:39+00:00\" \/>\n<meta property=\"og:image\" content=\"https:\/\/ueberlebenskunst.at\/survivalshop\/wp-content\/uploads\/2025\/09\/a1x.jpg\" \/>\n\t<meta property=\"og:image:width\" content=\"400\" \/>\n\t<meta property=\"og:image:height\" content=\"554\" \/>\n\t<meta property=\"og:image:type\" content=\"image\/jpeg\" \/>\n<meta name=\"twitter:card\" content=\"summary_large_image\" \/>\n<meta name=\"twitter:label1\" content=\"Gesch\u00e4tzte Lesezeit\" \/>\n\t<meta name=\"twitter:data1\" content=\"2\u00a0Minuten\" \/>\n<script type=\"application\/ld+json\" class=\"yoast-schema-graph\">{\"@context\":\"https:\/\/schema.org\",\"@graph\":[{\"@type\":\"WebPage\",\"@id\":\"https:\/\/ueberlebenskunst.at\/survivalshop\/shop\/faellkniven-a1x\/\",\"url\":\"https:\/\/ueberlebenskunst.at\/survivalshop\/shop\/faellkniven-a1x\/\",\"name\":\"F\u00e4llkniven A1X - Reini Rossmann - Survival Shop\",\"isPartOf\":{\"@id\":\"https:\/\/ueberlebenskunst.at\/survivalshop\/#website\"},\"primaryImageOfPage\":{\"@id\":\"https:\/\/ueberlebenskunst.at\/survivalshop\/shop\/faellkniven-a1x\/#primaryimage\"},\"image\":{\"@id\":\"https:\/\/ueberlebenskunst.at\/survivalshop\/shop\/faellkniven-a1x\/#primaryimage\"},\"thumbnailUrl\":\"https:\/\/ueberlebenskunst.at\/survivalshop\/wp-content\/uploads\/2025\/09\/a1x.jpg\",\"datePublished\":\"2025-09-30T08:04:20+00:00\",\"dateModified\":\"2025-09-30T09:47:39+00:00\",\"breadcrumb\":{\"@id\":\"https:\/\/ueberlebenskunst.at\/survivalshop\/shop\/faellkniven-a1x\/#breadcrumb\"},\"inLanguage\":\"de\",\"potentialAction\":[{\"@type\":\"ReadAction\",\"target\":[\"https:\/\/ueberlebenskunst.at\/survivalshop\/shop\/faellkniven-a1x\/\"]}]},{\"@type\":\"ImageObject\",\"inLanguage\":\"de\",\"@id\":\"https:\/\/ueberlebenskunst.at\/survivalshop\/shop\/faellkniven-a1x\/#primaryimage\",\"url\":\"https:\/\/ueberlebenskunst.at\/survivalshop\/wp-content\/uploads\/2025\/09\/a1x.jpg\",\"contentUrl\":\"https:\/\/ueberlebenskunst.at\/survivalshop\/wp-content\/uploads\/2025\/09\/a1x.jpg\",\"width\":400,\"height\":554},{\"@type\":\"BreadcrumbList\",\"@id\":\"https:\/\/ueberlebenskunst.at\/survivalshop\/shop\/faellkniven-a1x\/#breadcrumb\",\"itemListElement\":[{\"@type\":\"ListItem\",\"position\":1,\"name\":\"Startseite\",\"item\":\"https:\/\/ueberlebenskunst.at\/survivalshop\/\"},{\"@type\":\"ListItem\",\"position\":2,\"name\":\"Shop\",\"item\":\"https:\/\/ueberlebenskunst.at\/survivalshop\/shop\/\"},{\"@type\":\"ListItem\",\"position\":3,\"name\":\"F\u00e4llkniven A1X\"}]},{\"@type\":\"WebSite\",\"@id\":\"https:\/\/ueberlebenskunst.at\/survivalshop\/#website\",\"url\":\"https:\/\/ueberlebenskunst.at\/survivalshop\/\",\"name\":\"Reini Rossmann - Survival Shop\",\"description\":\"Survival Shop f\u00fcr Survival, Bushcraft und Prepper\",\"potentialAction\":[{\"@type\":\"SearchAction\",\"target\":{\"@type\":\"EntryPoint\",\"urlTemplate\":\"https:\/\/ueberlebenskunst.at\/survivalshop\/?s={search_term_string}\"},\"query-input\":{\"@type\":\"PropertyValueSpecification\",\"valueRequired\":true,\"valueName\":\"search_term_string\"}}],\"inLanguage\":\"de\"}]}<\/script>\n<!-- \/ Yoast SEO plugin. -->","yoast_head_json":{"title":"F\u00e4llkniven A1X - Reini Rossmann - Survival Shop","robots":{"index":"index","follow":"follow","max-snippet":"max-snippet:-1","max-image-preview":"max-image-preview:large","max-video-preview":"max-video-preview:-1"},"canonical":"https:\/\/ueberlebenskunst.at\/survivalshop\/shop\/faellkniven-a1x\/","og_locale":"de_DE","og_type":"article","og_title":"F\u00e4llkniven A1X - Reini Rossmann - Survival Shop","og_description":"Das F\u00e4llkniven A1x ist ein \u00e4u\u00dferst kompromisslos konzipiertes Fixed-Blade-Messer, das sich vor allem an Anwender richtet, die ein m\u00f6glichst robustes und sicheres Einsatzmesser suchen. Auf der offiziellen Website wird es als \u201eX-Knife\u201c bezeichnet \u2014 dem st\u00e4rksten, sch\u00e4rfsten und sichersten Edelstahlmesser, das F\u00e4llkniven derzeit in Produktion hat. Klingenmaterial &amp; Aufbau Die Klinge besteht aus laminiertem Cobalt-Stahl [&hellip;]","og_url":"https:\/\/ueberlebenskunst.at\/survivalshop\/shop\/faellkniven-a1x\/","og_site_name":"Reini Rossmann - Survival Shop","article_publisher":"https:\/\/www.facebook.com\/survival24.org\/","article_modified_time":"2025-09-30T09:47:39+00:00","og_image":[{"width":400,"height":554,"url":"https:\/\/ueberlebenskunst.at\/survivalshop\/wp-content\/uploads\/2025\/09\/a1x.jpg","type":"image\/jpeg"}],"twitter_card":"summary_large_image","twitter_misc":{"Gesch\u00e4tzte Lesezeit":"2\u00a0Minuten"},"schema":{"@context":"https:\/\/schema.org","@graph":[{"@type":"WebPage","@id":"https:\/\/ueberlebenskunst.at\/survivalshop\/shop\/faellkniven-a1x\/","url":"https:\/\/ueberlebenskunst.at\/survivalshop\/shop\/faellkniven-a1x\/","name":"F\u00e4llkniven A1X - Reini Rossmann - Survival Shop","isPartOf":{"@id":"https:\/\/ueberlebenskunst.at\/survivalshop\/#website"},"primaryImageOfPage":{"@id":"https:\/\/ueberlebenskunst.at\/survivalshop\/shop\/faellkniven-a1x\/#primaryimage"},"image":{"@id":"https:\/\/ueberlebenskunst.at\/survivalshop\/shop\/faellkniven-a1x\/#primaryimage"},"thumbnailUrl":"https:\/\/ueberlebenskunst.at\/survivalshop\/wp-content\/uploads\/2025\/09\/a1x.jpg","datePublished":"2025-09-30T08:04:20+00:00","dateModified":"2025-09-30T09:47:39+00:00","breadcrumb":{"@id":"https:\/\/ueberlebenskunst.at\/survivalshop\/shop\/faellkniven-a1x\/#breadcrumb"},"inLanguage":"de","potentialAction":[{"@type":"ReadAction","target":["https:\/\/ueberlebenskunst.at\/survivalshop\/shop\/faellkniven-a1x\/"]}]},{"@type":"ImageObject","inLanguage":"de","@id":"https:\/\/ueberlebenskunst.at\/survivalshop\/shop\/faellkniven-a1x\/#primaryimage","url":"https:\/\/ueberlebenskunst.at\/survivalshop\/wp-content\/uploads\/2025\/09\/a1x.jpg","contentUrl":"https:\/\/ueberlebenskunst.at\/survivalshop\/wp-content\/uploads\/2025\/09\/a1x.jpg","width":400,"height":554},{"@type":"BreadcrumbList","@id":"https:\/\/ueberlebenskunst.at\/survivalshop\/shop\/faellkniven-a1x\/#breadcrumb","itemListElement":[{"@type":"ListItem","position":1,"name":"Startseite","item":"https:\/\/ueberlebenskunst.at\/survivalshop\/"},{"@type":"ListItem","position":2,"name":"Shop","item":"https:\/\/ueberlebenskunst.at\/survivalshop\/shop\/"},{"@type":"ListItem","position":3,"name":"F\u00e4llkniven A1X"}]},{"@type":"WebSite","@id":"https:\/\/ueberlebenskunst.at\/survivalshop\/#website","url":"https:\/\/ueberlebenskunst.at\/survivalshop\/","name":"Reini Rossmann - Survival Shop","description":"Survival Shop f\u00fcr Survival, Bushcraft und Prepper","potentialAction":[{"@type":"SearchAction","target":{"@type":"EntryPoint","urlTemplate":"https:\/\/ueberlebenskunst.at\/survivalshop\/?s={search_term_string}"},"query-input":{"@type":"PropertyValueSpecification","valueRequired":true,"valueName":"search_term_string"}}],"inLanguage":"de"}]}},"_links":{"self":[{"href":"https:\/\/ueberlebenskunst.at\/survivalshop\/wp-json\/wp\/v2\/product\/195979","targetHints":{"allow":["GET"]}}],"collection":[{"href":"https:\/\/ueberlebenskunst.at\/survivalshop\/wp-json\/wp\/v2\/product"}],"about":[{"href":"https:\/\/ueberlebenskunst.at\/survivalshop\/wp-json\/wp\/v2\/types\/product"}],"replies":[{"embeddable":true,"href":"https:\/\/ueberlebenskunst.at\/survivalshop\/wp-json\/wp\/v2\/comments?post=195979"}],"wp:featuredmedia":[{"embeddable":true,"href":"https:\/\/ueberlebenskunst.at\/survivalshop\/wp-json\/wp\/v2\/media\/195980"}],"wp:attachment":[{"href":"https:\/\/ueberlebenskunst.at\/survivalshop\/wp-json\/wp\/v2\/media?parent=195979"}],"wp:term":[{"taxonomy":"product_brand","embeddable":true,"href":"https:\/\/ueberlebenskunst.at\/survivalshop\/wp-json\/wp\/v2\/product_brand?post=195979"},{"taxonomy":"product_cat","embeddable":true,"href":"https:\/\/ueberlebenskunst.at\/survivalshop\/wp-json\/wp\/v2\/product_cat?post=195979"},{"taxonomy":"product_tag","embeddable":true,"href":"https:\/\/ueberlebenskunst.at\/survivalshop\/wp-json\/wp\/v2\/product_tag?post=195979"}],"curies":[{"name":"wp","href":"https:\/\/api.w.org\/{rel}","templated":true}]}}