{"id":19542,"date":"2020-11-17T21:32:48","date_gmt":"2020-11-17T19:32:48","guid":{"rendered":"https:\/\/ueberlebenskunst.at\/survivalshop\/survivalshop\/?post_type=product&#038;p=19542"},"modified":"2024-03-20T19:37:12","modified_gmt":"2024-03-20T18:37:12","slug":"kobun-stiefelmesser-mit-tantoklinge","status":"seo-produkt","type":"product","link":"https:\/\/ueberlebenskunst.at\/survivalshop\/shop\/kobun-stiefelmesser-mit-tantoklinge\/","title":{"rendered":"Cold Steel Kobun mit Tantoklinge"},"content":{"rendered":"<p>Das Kobun mit Tantoklinge hat eine verst\u00e4rkte Spitze. Der Klingenr\u00fccken selbst ist dabei gleichm\u00e4\u00dfig stark, was die Spitze zus\u00e4tzlich biege- und bruchsicher macht.<\/p>\n<p>Der Griff aus Kray-Ex ist tief geriffelt ausgef\u00fchrt, das ein Verdrehen oder Verrutschen in der Hand so gut wie verhindert.<\/p>\n<p>Geliefert wird das Kobun Stifelmesser in einer Secure-Ex Scheide mit einem sicheren und robusten Stifel- bzw. G\u00fcrtelclip.<\/p>\n<p>Wie auch z. B. das Cold Steel Taschenmesser Finn Wolf ist das Kobun aus dem z\u00e4hen und korrosionsbest\u00e4ndigen japanischen AUS 8A Stahl gefertigt, wodurch es gut schnitthaltig und auch leicht zum Nachsch\u00e4rfen ist, z. B. mit dem <a href=\"https:\/\/ueberlebenskunst.at\/survivalshop\/shop\/faellkniven-dc4-schleifstein\/\" target=\"_blank\" rel=\"noopener noreferrer\">F\u00e4llkniven DC4 Schleifstein.<\/a><\/p>\n<h3>Technische Daten:<\/h3>\n<ul>\n<li>Klingenmaterial: Edelstahl AUS 8A<\/li>\n<li>Material Griff: Kray-Ex<\/li>\n<li>Material Scheide: Secure-Ex<\/li>\n<li>Gesamtl\u00e4nge: 25 cm<\/li>\n<li>L\u00e4nge Klinge: 14 cm<\/li>\n<li>St\u00e4rke Klinge: 3,5 mm<\/li>\n<li>Gewicht: 125 g<\/li>\n<\/ul>\n<p><a href=\"https:\/\/ueberlebenskunst.at\/survivalshop\/survivalshop\/wp-content\/uploads\/2020\/11\/CST-17Tb-e1605641060865.jpg\" target=\"_blank\" rel=\"noopener noreferrer\"><img decoding=\"async\" class=\"alignnone wp-image-19544\" title=\"Kobun Stiefelmesser mit Tantoklinge\" src=\"https:\/\/ueberlebenskunst.at\/survivalshop\/survivalshop\/wp-content\/uploads\/2020\/11\/CST-17Tb-e1605641060865-300x214.jpg\" alt=\"\" width=\"234\" height=\"167\" srcset=\"https:\/\/ueberlebenskunst.at\/survivalshop\/wp-content\/uploads\/2020\/11\/CST-17Tb-e1605641060865-300x214.jpg 300w, https:\/\/ueberlebenskunst.at\/survivalshop\/wp-content\/uploads\/2020\/11\/CST-17Tb-e1605641060865.jpg 400w\" sizes=\"(max-width: 234px) 100vw, 234px\" \/><\/a><\/p>\n<p><span style=\"color: #ff0000;\"><strong>WICHTIG!<\/strong> <\/span>Verkauf kann erst ab 18 Jahren erfolgen. Bitte lade beim Bestellabschluss deine Ausweiskopie hoch. Ohne Ausweiskopie erfolgt kein Versand!<\/p>\n","protected":false},"excerpt":{"rendered":"<p>G\u00fcrtel oder Stiefel, beides is m\u00f6glich!<\/p>\n","protected":false},"featured_media":19547,"comment_status":"open","ping_status":"closed","template":"","meta":{"_acf_changed":false},"product_brand":[],"product_cat":[1805,1047],"product_tag":[151,348,2194],"class_list":{"0":"post-19542","1":"product","2":"type-product","3":"status-seo-produkt","4":"has-post-thumbnail","6":"product_cat-messer-messer-tools","7":"product_cat-messer-tools","8":"product_tag-cold-steel","9":"product_tag-edelstahl","10":"product_tag-lagerraus2024","12":"first","13":"outofstock","14":"sale","15":"taxable","16":"shipping-taxable","17":"product-type-simple"},"acf":[],"yoast_head":"<!-- This site is optimized with the Yoast SEO plugin v27.1.1 - https:\/\/yoast.com\/product\/yoast-seo-wordpress\/ -->\n<title>Cold Steel Kobun mit Tantoklinge inkl. Kray-Ex Scheide<\/title>\n<meta name=\"description\" content=\"Das Kobun Stiefelmesser mit Tantoklinge kommt mit einer Scheide die mit einem robusten, sicheren Clip ausgestattet ist\" \/>\n<meta name=\"robots\" content=\"index, follow, max-snippet:-1, max-image-preview:large, max-video-preview:-1\" \/>\n<link rel=\"canonical\" href=\"https:\/\/ueberlebenskunst.at\/survivalshop\/shop\/kobun-stiefelmesser-mit-tantoklinge\/\" \/>\n<meta property=\"og:locale\" content=\"de_DE\" \/>\n<meta property=\"og:type\" content=\"article\" \/>\n<meta property=\"og:title\" content=\"Cold Steel Kobun mit Tantoklinge inkl. Kray-Ex Scheide\" \/>\n<meta property=\"og:description\" content=\"Das Kobun Stiefelmesser mit Tantoklinge kommt mit einer Scheide die mit einem robusten, sicheren Clip ausgestattet ist\" \/>\n<meta property=\"og:url\" content=\"https:\/\/ueberlebenskunst.at\/survivalshop\/shop\/kobun-stiefelmesser-mit-tantoklinge\/\" \/>\n<meta property=\"og:site_name\" content=\"Reini Rossmann - Survival Shop\" \/>\n<meta property=\"article:publisher\" content=\"https:\/\/www.facebook.com\/survival24.org\/\" \/>\n<meta property=\"article:modified_time\" content=\"2024-03-20T18:37:12+00:00\" \/>\n<meta property=\"og:image\" content=\"https:\/\/ueberlebenskunst.at\/survivalshop\/wp-content\/uploads\/2020\/11\/CST-17T_cold_steel.jpg\" \/>\n\t<meta property=\"og:image:width\" content=\"240\" \/>\n\t<meta property=\"og:image:height\" content=\"336\" \/>\n\t<meta property=\"og:image:type\" content=\"image\/jpeg\" \/>\n<meta name=\"twitter:card\" content=\"summary_large_image\" \/>\n<meta name=\"twitter:label1\" content=\"Gesch\u00e4tzte Lesezeit\" \/>\n\t<meta name=\"twitter:data1\" content=\"2\u00a0Minuten\" \/>\n<script type=\"application\/ld+json\" class=\"yoast-schema-graph\">{\"@context\":\"https:\/\/schema.org\",\"@graph\":[{\"@type\":\"WebPage\",\"@id\":\"https:\/\/ueberlebenskunst.at\/survivalshop\/shop\/kobun-stiefelmesser-mit-tantoklinge\/\",\"url\":\"https:\/\/ueberlebenskunst.at\/survivalshop\/shop\/kobun-stiefelmesser-mit-tantoklinge\/\",\"name\":\"Cold Steel Kobun mit Tantoklinge inkl. Kray-Ex Scheide\",\"isPartOf\":{\"@id\":\"https:\/\/ueberlebenskunst.at\/survivalshop\/#website\"},\"primaryImageOfPage\":{\"@id\":\"https:\/\/ueberlebenskunst.at\/survivalshop\/shop\/kobun-stiefelmesser-mit-tantoklinge\/#primaryimage\"},\"image\":{\"@id\":\"https:\/\/ueberlebenskunst.at\/survivalshop\/shop\/kobun-stiefelmesser-mit-tantoklinge\/#primaryimage\"},\"thumbnailUrl\":\"https:\/\/ueberlebenskunst.at\/survivalshop\/wp-content\/uploads\/2020\/11\/CST-17T_cold_steel.jpg\",\"datePublished\":\"2020-11-17T19:32:48+00:00\",\"dateModified\":\"2024-03-20T18:37:12+00:00\",\"description\":\"Das Kobun Stiefelmesser mit Tantoklinge kommt mit einer Scheide die mit einem robusten, sicheren Clip ausgestattet ist\",\"breadcrumb\":{\"@id\":\"https:\/\/ueberlebenskunst.at\/survivalshop\/shop\/kobun-stiefelmesser-mit-tantoklinge\/#breadcrumb\"},\"inLanguage\":\"de\",\"potentialAction\":[{\"@type\":\"ReadAction\",\"target\":[\"https:\/\/ueberlebenskunst.at\/survivalshop\/shop\/kobun-stiefelmesser-mit-tantoklinge\/\"]}]},{\"@type\":\"ImageObject\",\"inLanguage\":\"de\",\"@id\":\"https:\/\/ueberlebenskunst.at\/survivalshop\/shop\/kobun-stiefelmesser-mit-tantoklinge\/#primaryimage\",\"url\":\"https:\/\/ueberlebenskunst.at\/survivalshop\/wp-content\/uploads\/2020\/11\/CST-17T_cold_steel.jpg\",\"contentUrl\":\"https:\/\/ueberlebenskunst.at\/survivalshop\/wp-content\/uploads\/2020\/11\/CST-17T_cold_steel.jpg\",\"width\":240,\"height\":336},{\"@type\":\"BreadcrumbList\",\"@id\":\"https:\/\/ueberlebenskunst.at\/survivalshop\/shop\/kobun-stiefelmesser-mit-tantoklinge\/#breadcrumb\",\"itemListElement\":[{\"@type\":\"ListItem\",\"position\":1,\"name\":\"Startseite\",\"item\":\"https:\/\/ueberlebenskunst.at\/survivalshop\/\"},{\"@type\":\"ListItem\",\"position\":2,\"name\":\"Shop\",\"item\":\"https:\/\/ueberlebenskunst.at\/survivalshop\/shop\/\"},{\"@type\":\"ListItem\",\"position\":3,\"name\":\"Cold Steel Kobun mit Tantoklinge\"}]},{\"@type\":\"WebSite\",\"@id\":\"https:\/\/ueberlebenskunst.at\/survivalshop\/#website\",\"url\":\"https:\/\/ueberlebenskunst.at\/survivalshop\/\",\"name\":\"Reini Rossmann - Survival Shop\",\"description\":\"Survival Shop f\u00fcr Survival, Bushcraft und Prepper\",\"potentialAction\":[{\"@type\":\"SearchAction\",\"target\":{\"@type\":\"EntryPoint\",\"urlTemplate\":\"https:\/\/ueberlebenskunst.at\/survivalshop\/?s={search_term_string}\"},\"query-input\":{\"@type\":\"PropertyValueSpecification\",\"valueRequired\":true,\"valueName\":\"search_term_string\"}}],\"inLanguage\":\"de\"}]}<\/script>\n<!-- \/ Yoast SEO plugin. -->","yoast_head_json":{"title":"Cold Steel Kobun mit Tantoklinge inkl. Kray-Ex Scheide","description":"Das Kobun Stiefelmesser mit Tantoklinge kommt mit einer Scheide die mit einem robusten, sicheren Clip ausgestattet ist","robots":{"index":"index","follow":"follow","max-snippet":"max-snippet:-1","max-image-preview":"max-image-preview:large","max-video-preview":"max-video-preview:-1"},"canonical":"https:\/\/ueberlebenskunst.at\/survivalshop\/shop\/kobun-stiefelmesser-mit-tantoklinge\/","og_locale":"de_DE","og_type":"article","og_title":"Cold Steel Kobun mit Tantoklinge inkl. Kray-Ex Scheide","og_description":"Das Kobun Stiefelmesser mit Tantoklinge kommt mit einer Scheide die mit einem robusten, sicheren Clip ausgestattet ist","og_url":"https:\/\/ueberlebenskunst.at\/survivalshop\/shop\/kobun-stiefelmesser-mit-tantoklinge\/","og_site_name":"Reini Rossmann - Survival Shop","article_publisher":"https:\/\/www.facebook.com\/survival24.org\/","article_modified_time":"2024-03-20T18:37:12+00:00","og_image":[{"width":240,"height":336,"url":"https:\/\/ueberlebenskunst.at\/survivalshop\/wp-content\/uploads\/2020\/11\/CST-17T_cold_steel.jpg","type":"image\/jpeg"}],"twitter_card":"summary_large_image","twitter_misc":{"Gesch\u00e4tzte Lesezeit":"2\u00a0Minuten"},"schema":{"@context":"https:\/\/schema.org","@graph":[{"@type":"WebPage","@id":"https:\/\/ueberlebenskunst.at\/survivalshop\/shop\/kobun-stiefelmesser-mit-tantoklinge\/","url":"https:\/\/ueberlebenskunst.at\/survivalshop\/shop\/kobun-stiefelmesser-mit-tantoklinge\/","name":"Cold Steel Kobun mit Tantoklinge inkl. Kray-Ex Scheide","isPartOf":{"@id":"https:\/\/ueberlebenskunst.at\/survivalshop\/#website"},"primaryImageOfPage":{"@id":"https:\/\/ueberlebenskunst.at\/survivalshop\/shop\/kobun-stiefelmesser-mit-tantoklinge\/#primaryimage"},"image":{"@id":"https:\/\/ueberlebenskunst.at\/survivalshop\/shop\/kobun-stiefelmesser-mit-tantoklinge\/#primaryimage"},"thumbnailUrl":"https:\/\/ueberlebenskunst.at\/survivalshop\/wp-content\/uploads\/2020\/11\/CST-17T_cold_steel.jpg","datePublished":"2020-11-17T19:32:48+00:00","dateModified":"2024-03-20T18:37:12+00:00","description":"Das Kobun Stiefelmesser mit Tantoklinge kommt mit einer Scheide die mit einem robusten, sicheren Clip ausgestattet ist","breadcrumb":{"@id":"https:\/\/ueberlebenskunst.at\/survivalshop\/shop\/kobun-stiefelmesser-mit-tantoklinge\/#breadcrumb"},"inLanguage":"de","potentialAction":[{"@type":"ReadAction","target":["https:\/\/ueberlebenskunst.at\/survivalshop\/shop\/kobun-stiefelmesser-mit-tantoklinge\/"]}]},{"@type":"ImageObject","inLanguage":"de","@id":"https:\/\/ueberlebenskunst.at\/survivalshop\/shop\/kobun-stiefelmesser-mit-tantoklinge\/#primaryimage","url":"https:\/\/ueberlebenskunst.at\/survivalshop\/wp-content\/uploads\/2020\/11\/CST-17T_cold_steel.jpg","contentUrl":"https:\/\/ueberlebenskunst.at\/survivalshop\/wp-content\/uploads\/2020\/11\/CST-17T_cold_steel.jpg","width":240,"height":336},{"@type":"BreadcrumbList","@id":"https:\/\/ueberlebenskunst.at\/survivalshop\/shop\/kobun-stiefelmesser-mit-tantoklinge\/#breadcrumb","itemListElement":[{"@type":"ListItem","position":1,"name":"Startseite","item":"https:\/\/ueberlebenskunst.at\/survivalshop\/"},{"@type":"ListItem","position":2,"name":"Shop","item":"https:\/\/ueberlebenskunst.at\/survivalshop\/shop\/"},{"@type":"ListItem","position":3,"name":"Cold Steel Kobun mit Tantoklinge"}]},{"@type":"WebSite","@id":"https:\/\/ueberlebenskunst.at\/survivalshop\/#website","url":"https:\/\/ueberlebenskunst.at\/survivalshop\/","name":"Reini Rossmann - Survival Shop","description":"Survival Shop f\u00fcr Survival, Bushcraft und Prepper","potentialAction":[{"@type":"SearchAction","target":{"@type":"EntryPoint","urlTemplate":"https:\/\/ueberlebenskunst.at\/survivalshop\/?s={search_term_string}"},"query-input":{"@type":"PropertyValueSpecification","valueRequired":true,"valueName":"search_term_string"}}],"inLanguage":"de"}]}},"_links":{"self":[{"href":"https:\/\/ueberlebenskunst.at\/survivalshop\/wp-json\/wp\/v2\/product\/19542","targetHints":{"allow":["GET"]}}],"collection":[{"href":"https:\/\/ueberlebenskunst.at\/survivalshop\/wp-json\/wp\/v2\/product"}],"about":[{"href":"https:\/\/ueberlebenskunst.at\/survivalshop\/wp-json\/wp\/v2\/types\/product"}],"replies":[{"embeddable":true,"href":"https:\/\/ueberlebenskunst.at\/survivalshop\/wp-json\/wp\/v2\/comments?post=19542"}],"wp:featuredmedia":[{"embeddable":true,"href":"https:\/\/ueberlebenskunst.at\/survivalshop\/wp-json\/wp\/v2\/media\/19547"}],"wp:attachment":[{"href":"https:\/\/ueberlebenskunst.at\/survivalshop\/wp-json\/wp\/v2\/media?parent=19542"}],"wp:term":[{"taxonomy":"product_brand","embeddable":true,"href":"https:\/\/ueberlebenskunst.at\/survivalshop\/wp-json\/wp\/v2\/product_brand?post=19542"},{"taxonomy":"product_cat","embeddable":true,"href":"https:\/\/ueberlebenskunst.at\/survivalshop\/wp-json\/wp\/v2\/product_cat?post=19542"},{"taxonomy":"product_tag","embeddable":true,"href":"https:\/\/ueberlebenskunst.at\/survivalshop\/wp-json\/wp\/v2\/product_tag?post=19542"}],"curies":[{"name":"wp","href":"https:\/\/api.w.org\/{rel}","templated":true}]}}