{"id":195416,"date":"2025-09-22T09:20:32","date_gmt":"2025-09-22T07:20:32","guid":{"rendered":"https:\/\/ueberlebenskunst.at\/survivalshop\/?post_type=product&#038;p=195416"},"modified":"2026-04-12T09:42:10","modified_gmt":"2026-04-12T07:42:10","slug":"urschneid-fpk3-fixed-pocket-knife-by-reini-rossmann-edc","status":"publish","type":"product","link":"https:\/\/ueberlebenskunst.at\/survivalshop\/shop\/urschneid-fpk3-fixed-pocket-knife-by-reini-rossmann-edc\/","title":{"rendered":"Urschneid FPK3 \u2013 Fixed Pocket Knife by Reini Rossmann EDC"},"content":{"rendered":"<p>Das FPK3 ist ein feststehendes Taschenmesser f\u00fcr jeden Tag. Es ist kompakt, leicht und schnell einsatzbereit. Die Proportionen sind auf Alltagst\u00e4tigkeiten ausgelegt, ohne wuchtig zu wirken. Wer ein zuverl\u00e4ssiges Arbeitsmesser im Hosentaschen-Format sucht, liegt hier richtig.<\/p>\n<h3>Warum FPK3<\/h3>\n<ul>\n<li>Es tr\u00e4gt kaum auf und bleibt unauff\u00e4llig, auch im urbanen Umfeld.<\/li>\n<li>Die Klinge bietet genug L\u00e4nge f\u00fcr typische Aufgaben, vom Paket bis zur Brotzeit.<\/li>\n<li>Das geringe Gewicht sorgt daf\u00fcr, dass du es gerne dabeihast und auch wirklich nutzt.<\/li>\n<\/ul>\n<h3>Einsatzbereich<\/h3>\n<p>EDC im Alltag, Outdoor-Kurztrips, Werkstatt, Campingk\u00fcche, kleine Schnitzarbeiten und pr\u00e4zise Schneidaufgaben.<\/p>\n<h3>Technische Daten<\/h3>\n<ul>\n<li>Gesamtl\u00e4nge: ca. 17,5 cm<\/li>\n<li>Klingenl\u00e4nge: ca. 8 cm<\/li>\n<li>Klinge aus 440C Stahl<\/li>\n<li>Griffl\u00e4nge: ca. 9,5 cm<\/li>\n<li>Klingenh\u00f6he: ca. 2,6 cm<\/li>\n<li>Klingenbreite (St\u00e4rke): ca. 2,45 mm<\/li>\n<li>Gewicht Messer: ca. 76 g<\/li>\n<li>Gewicht gesamt: ca. 113 g<\/li>\n<\/ul>\n<h3>Charakter<\/h3>\n<p>Das FPK3 liegt ausgewogen in der Hand und l\u00e4sst sich kontrolliert f\u00fchren. Die schlanke Klinge schneidet sauber und erlaubt pr\u00e4zise Arbeiten, w\u00e4hrend die kompakte Bauform das Mitf\u00fchren einfach macht. Kurz: ein praktisches EDC-Fixed, das jeden Tag Leistung liefert, ohne zu st\u00f6ren.<\/p>\n<h3>Empfohlenes, optionales (separat erh\u00e4ltliches) Zubeh\u00f6r:<\/h3>\n<ul>\n<li><a href=\"https:\/\/ueberlebenskunst.at\/survivalshop\/shop\/k4-universal-feuerstahl-halterung-small\/\" target=\"_blank\" rel=\"noopener\">K4 Universal-Feuerstahl-Halterung SMALL<\/a><\/li>\n<li><a href=\"https:\/\/ueberlebenskunst.at\/survivalshop\/shop\/guertelriemen\/\" target=\"_blank\" rel=\"noopener\">G\u00fcrtelriemen<\/a><\/li>\n<li><a href=\"https:\/\/ueberlebenskunst.at\/survivalshop\/shop\/ulticlip-slim-2-2-fuer-knives4-messer\/\" target=\"_blank\" rel=\"noopener\">Ulticlip<\/a><\/li>\n<\/ul>\n<p><a href=\"https:\/\/ueberlebenskunst.at\/survivalshop\/Datenblatt_Messer\" target=\"_blank\" rel=\"noopener\"><strong>&gt;&gt; Download Sicherheitsdatenblatt &lt;&lt;<\/strong><\/a><\/p>\n<p><a href=\"https:\/\/ueberlebenskunst.at\/survivalshop\/wp-content\/uploads\/2021\/11\/Logo_Messer.png\"><img decoding=\"async\" class=\"alignnone wp-image-179575\" src=\"https:\/\/ueberlebenskunst.at\/survivalshop\/wp-content\/uploads\/2021\/11\/Logo_Messer-300x85.png\" sizes=\"(max-width: 281px) 100vw, 281px\" srcset=\"https:\/\/ueberlebenskunst.at\/survivalshop\/wp-content\/uploads\/2021\/11\/Logo_Messer-300x85.png 300w, https:\/\/ueberlebenskunst.at\/survivalshop\/wp-content\/uploads\/2021\/11\/Logo_Messer-64x18.png 64w, https:\/\/ueberlebenskunst.at\/survivalshop\/wp-content\/uploads\/2021\/11\/Logo_Messer.png 365w\" alt=\"\" width=\"281\" height=\"80\" \/><\/a><\/p>\n","protected":false},"excerpt":{"rendered":"<p>Das FPK3 ist ein feststehendes Taschenmesser f\u00fcr jeden Tag. Es ist kompakt, leicht und schnell einsatzbereit. Die Proportionen sind auf Alltagst\u00e4tigkeiten ausgelegt, ohne wuchtig zu wirken. Wer ein zuverl\u00e4ssiges Arbeitsmesser im Hosentaschen-Format sucht, liegt hier richtig. Warum FPK3 Es tr\u00e4gt kaum auf und bleibt unauff\u00e4llig, auch im urbanen Umfeld. Die Klinge bietet genug L\u00e4nge f\u00fcr [&hellip;]<\/p>\n","protected":false},"featured_media":195420,"comment_status":"open","ping_status":"closed","template":"","meta":{"_acf_changed":false},"product_brand":[],"product_cat":[2478],"product_tag":[2557,2528,1245],"class_list":{"0":"post-195416","1":"product","2":"type-product","3":"status-publish","4":"has-post-thumbnail","6":"product_cat-urschneid","7":"product_tag-bf2025","8":"product_tag-fpk-serie","9":"product_tag-urschneid","11":"first","12":"instock","13":"sale","14":"taxable","15":"shipping-taxable","16":"purchasable","17":"product-type-simple"},"acf":[],"yoast_head":"<!-- This site is optimized with the Yoast SEO plugin v27.1.1 - https:\/\/yoast.com\/product\/yoast-seo-wordpress\/ -->\n<title>Urschneid FPK3 \u2013 Fixed Pocket Knife by Reini Rossmann EDC - Reini Rossmann - Survival Shop<\/title>\n<meta name=\"robots\" content=\"index, follow, max-snippet:-1, max-image-preview:large, max-video-preview:-1\" \/>\n<link rel=\"canonical\" href=\"https:\/\/ueberlebenskunst.at\/survivalshop\/shop\/urschneid-fpk3-fixed-pocket-knife-by-reini-rossmann-edc\/\" \/>\n<meta property=\"og:locale\" content=\"de_DE\" \/>\n<meta property=\"og:type\" content=\"article\" \/>\n<meta property=\"og:title\" content=\"Urschneid FPK3 \u2013 Fixed Pocket Knife by Reini Rossmann EDC - Reini Rossmann - Survival Shop\" \/>\n<meta property=\"og:description\" content=\"Das FPK3 ist ein feststehendes Taschenmesser f\u00fcr jeden Tag. Es ist kompakt, leicht und schnell einsatzbereit. Die Proportionen sind auf Alltagst\u00e4tigkeiten ausgelegt, ohne wuchtig zu wirken. Wer ein zuverl\u00e4ssiges Arbeitsmesser im Hosentaschen-Format sucht, liegt hier richtig. Warum FPK3 Es tr\u00e4gt kaum auf und bleibt unauff\u00e4llig, auch im urbanen Umfeld. Die Klinge bietet genug L\u00e4nge f\u00fcr [&hellip;]\" \/>\n<meta property=\"og:url\" content=\"https:\/\/ueberlebenskunst.at\/survivalshop\/shop\/urschneid-fpk3-fixed-pocket-knife-by-reini-rossmann-edc\/\" \/>\n<meta property=\"og:site_name\" content=\"Reini Rossmann - Survival Shop\" \/>\n<meta property=\"article:publisher\" content=\"https:\/\/www.facebook.com\/survival24.org\/\" \/>\n<meta property=\"article:modified_time\" content=\"2026-04-12T07:42:10+00:00\" \/>\n<meta property=\"og:image\" content=\"https:\/\/ueberlebenskunst.at\/survivalshop\/wp-content\/uploads\/2025\/09\/fpk3.jpg\" \/>\n\t<meta property=\"og:image:width\" content=\"400\" \/>\n\t<meta property=\"og:image:height\" content=\"404\" \/>\n\t<meta property=\"og:image:type\" content=\"image\/jpeg\" \/>\n<meta name=\"twitter:card\" content=\"summary_large_image\" \/>\n<meta name=\"twitter:label1\" content=\"Gesch\u00e4tzte Lesezeit\" \/>\n\t<meta name=\"twitter:data1\" content=\"2\u00a0Minuten\" \/>\n<script type=\"application\/ld+json\" class=\"yoast-schema-graph\">{\"@context\":\"https:\/\/schema.org\",\"@graph\":[{\"@type\":\"WebPage\",\"@id\":\"https:\/\/ueberlebenskunst.at\/survivalshop\/shop\/urschneid-fpk3-fixed-pocket-knife-by-reini-rossmann-edc\/\",\"url\":\"https:\/\/ueberlebenskunst.at\/survivalshop\/shop\/urschneid-fpk3-fixed-pocket-knife-by-reini-rossmann-edc\/\",\"name\":\"Urschneid FPK3 \u2013 Fixed Pocket Knife by Reini Rossmann EDC - Reini Rossmann - Survival Shop\",\"isPartOf\":{\"@id\":\"https:\/\/ueberlebenskunst.at\/survivalshop\/#website\"},\"primaryImageOfPage\":{\"@id\":\"https:\/\/ueberlebenskunst.at\/survivalshop\/shop\/urschneid-fpk3-fixed-pocket-knife-by-reini-rossmann-edc\/#primaryimage\"},\"image\":{\"@id\":\"https:\/\/ueberlebenskunst.at\/survivalshop\/shop\/urschneid-fpk3-fixed-pocket-knife-by-reini-rossmann-edc\/#primaryimage\"},\"thumbnailUrl\":\"https:\/\/ueberlebenskunst.at\/survivalshop\/wp-content\/uploads\/2025\/09\/fpk3.jpg\",\"datePublished\":\"2025-09-22T07:20:32+00:00\",\"dateModified\":\"2026-04-12T07:42:10+00:00\",\"breadcrumb\":{\"@id\":\"https:\/\/ueberlebenskunst.at\/survivalshop\/shop\/urschneid-fpk3-fixed-pocket-knife-by-reini-rossmann-edc\/#breadcrumb\"},\"inLanguage\":\"de\",\"potentialAction\":[{\"@type\":\"ReadAction\",\"target\":[\"https:\/\/ueberlebenskunst.at\/survivalshop\/shop\/urschneid-fpk3-fixed-pocket-knife-by-reini-rossmann-edc\/\"]}]},{\"@type\":\"ImageObject\",\"inLanguage\":\"de\",\"@id\":\"https:\/\/ueberlebenskunst.at\/survivalshop\/shop\/urschneid-fpk3-fixed-pocket-knife-by-reini-rossmann-edc\/#primaryimage\",\"url\":\"https:\/\/ueberlebenskunst.at\/survivalshop\/wp-content\/uploads\/2025\/09\/fpk3.jpg\",\"contentUrl\":\"https:\/\/ueberlebenskunst.at\/survivalshop\/wp-content\/uploads\/2025\/09\/fpk3.jpg\",\"width\":400,\"height\":404},{\"@type\":\"BreadcrumbList\",\"@id\":\"https:\/\/ueberlebenskunst.at\/survivalshop\/shop\/urschneid-fpk3-fixed-pocket-knife-by-reini-rossmann-edc\/#breadcrumb\",\"itemListElement\":[{\"@type\":\"ListItem\",\"position\":1,\"name\":\"Startseite\",\"item\":\"https:\/\/ueberlebenskunst.at\/survivalshop\/\"},{\"@type\":\"ListItem\",\"position\":2,\"name\":\"Shop\",\"item\":\"https:\/\/ueberlebenskunst.at\/survivalshop\/shop\/\"},{\"@type\":\"ListItem\",\"position\":3,\"name\":\"Urschneid FPK3 \u2013 Fixed Pocket Knife by Reini Rossmann EDC\"}]},{\"@type\":\"WebSite\",\"@id\":\"https:\/\/ueberlebenskunst.at\/survivalshop\/#website\",\"url\":\"https:\/\/ueberlebenskunst.at\/survivalshop\/\",\"name\":\"Reini Rossmann - Survival Shop\",\"description\":\"Survival Shop f\u00fcr Survival, Bushcraft und Prepper\",\"potentialAction\":[{\"@type\":\"SearchAction\",\"target\":{\"@type\":\"EntryPoint\",\"urlTemplate\":\"https:\/\/ueberlebenskunst.at\/survivalshop\/?s={search_term_string}\"},\"query-input\":{\"@type\":\"PropertyValueSpecification\",\"valueRequired\":true,\"valueName\":\"search_term_string\"}}],\"inLanguage\":\"de\"}]}<\/script>\n<!-- \/ Yoast SEO plugin. -->","yoast_head_json":{"title":"Urschneid FPK3 \u2013 Fixed Pocket Knife by Reini Rossmann EDC - Reini Rossmann - Survival Shop","robots":{"index":"index","follow":"follow","max-snippet":"max-snippet:-1","max-image-preview":"max-image-preview:large","max-video-preview":"max-video-preview:-1"},"canonical":"https:\/\/ueberlebenskunst.at\/survivalshop\/shop\/urschneid-fpk3-fixed-pocket-knife-by-reini-rossmann-edc\/","og_locale":"de_DE","og_type":"article","og_title":"Urschneid FPK3 \u2013 Fixed Pocket Knife by Reini Rossmann EDC - Reini Rossmann - Survival Shop","og_description":"Das FPK3 ist ein feststehendes Taschenmesser f\u00fcr jeden Tag. Es ist kompakt, leicht und schnell einsatzbereit. Die Proportionen sind auf Alltagst\u00e4tigkeiten ausgelegt, ohne wuchtig zu wirken. Wer ein zuverl\u00e4ssiges Arbeitsmesser im Hosentaschen-Format sucht, liegt hier richtig. Warum FPK3 Es tr\u00e4gt kaum auf und bleibt unauff\u00e4llig, auch im urbanen Umfeld. Die Klinge bietet genug L\u00e4nge f\u00fcr [&hellip;]","og_url":"https:\/\/ueberlebenskunst.at\/survivalshop\/shop\/urschneid-fpk3-fixed-pocket-knife-by-reini-rossmann-edc\/","og_site_name":"Reini Rossmann - Survival Shop","article_publisher":"https:\/\/www.facebook.com\/survival24.org\/","article_modified_time":"2026-04-12T07:42:10+00:00","og_image":[{"width":400,"height":404,"url":"https:\/\/ueberlebenskunst.at\/survivalshop\/wp-content\/uploads\/2025\/09\/fpk3.jpg","type":"image\/jpeg"}],"twitter_card":"summary_large_image","twitter_misc":{"Gesch\u00e4tzte Lesezeit":"2\u00a0Minuten"},"schema":{"@context":"https:\/\/schema.org","@graph":[{"@type":"WebPage","@id":"https:\/\/ueberlebenskunst.at\/survivalshop\/shop\/urschneid-fpk3-fixed-pocket-knife-by-reini-rossmann-edc\/","url":"https:\/\/ueberlebenskunst.at\/survivalshop\/shop\/urschneid-fpk3-fixed-pocket-knife-by-reini-rossmann-edc\/","name":"Urschneid FPK3 \u2013 Fixed Pocket Knife by Reini Rossmann EDC - Reini Rossmann - Survival Shop","isPartOf":{"@id":"https:\/\/ueberlebenskunst.at\/survivalshop\/#website"},"primaryImageOfPage":{"@id":"https:\/\/ueberlebenskunst.at\/survivalshop\/shop\/urschneid-fpk3-fixed-pocket-knife-by-reini-rossmann-edc\/#primaryimage"},"image":{"@id":"https:\/\/ueberlebenskunst.at\/survivalshop\/shop\/urschneid-fpk3-fixed-pocket-knife-by-reini-rossmann-edc\/#primaryimage"},"thumbnailUrl":"https:\/\/ueberlebenskunst.at\/survivalshop\/wp-content\/uploads\/2025\/09\/fpk3.jpg","datePublished":"2025-09-22T07:20:32+00:00","dateModified":"2026-04-12T07:42:10+00:00","breadcrumb":{"@id":"https:\/\/ueberlebenskunst.at\/survivalshop\/shop\/urschneid-fpk3-fixed-pocket-knife-by-reini-rossmann-edc\/#breadcrumb"},"inLanguage":"de","potentialAction":[{"@type":"ReadAction","target":["https:\/\/ueberlebenskunst.at\/survivalshop\/shop\/urschneid-fpk3-fixed-pocket-knife-by-reini-rossmann-edc\/"]}]},{"@type":"ImageObject","inLanguage":"de","@id":"https:\/\/ueberlebenskunst.at\/survivalshop\/shop\/urschneid-fpk3-fixed-pocket-knife-by-reini-rossmann-edc\/#primaryimage","url":"https:\/\/ueberlebenskunst.at\/survivalshop\/wp-content\/uploads\/2025\/09\/fpk3.jpg","contentUrl":"https:\/\/ueberlebenskunst.at\/survivalshop\/wp-content\/uploads\/2025\/09\/fpk3.jpg","width":400,"height":404},{"@type":"BreadcrumbList","@id":"https:\/\/ueberlebenskunst.at\/survivalshop\/shop\/urschneid-fpk3-fixed-pocket-knife-by-reini-rossmann-edc\/#breadcrumb","itemListElement":[{"@type":"ListItem","position":1,"name":"Startseite","item":"https:\/\/ueberlebenskunst.at\/survivalshop\/"},{"@type":"ListItem","position":2,"name":"Shop","item":"https:\/\/ueberlebenskunst.at\/survivalshop\/shop\/"},{"@type":"ListItem","position":3,"name":"Urschneid FPK3 \u2013 Fixed Pocket Knife by Reini Rossmann EDC"}]},{"@type":"WebSite","@id":"https:\/\/ueberlebenskunst.at\/survivalshop\/#website","url":"https:\/\/ueberlebenskunst.at\/survivalshop\/","name":"Reini Rossmann - Survival Shop","description":"Survival Shop f\u00fcr Survival, Bushcraft und Prepper","potentialAction":[{"@type":"SearchAction","target":{"@type":"EntryPoint","urlTemplate":"https:\/\/ueberlebenskunst.at\/survivalshop\/?s={search_term_string}"},"query-input":{"@type":"PropertyValueSpecification","valueRequired":true,"valueName":"search_term_string"}}],"inLanguage":"de"}]}},"_links":{"self":[{"href":"https:\/\/ueberlebenskunst.at\/survivalshop\/wp-json\/wp\/v2\/product\/195416","targetHints":{"allow":["GET"]}}],"collection":[{"href":"https:\/\/ueberlebenskunst.at\/survivalshop\/wp-json\/wp\/v2\/product"}],"about":[{"href":"https:\/\/ueberlebenskunst.at\/survivalshop\/wp-json\/wp\/v2\/types\/product"}],"replies":[{"embeddable":true,"href":"https:\/\/ueberlebenskunst.at\/survivalshop\/wp-json\/wp\/v2\/comments?post=195416"}],"wp:featuredmedia":[{"embeddable":true,"href":"https:\/\/ueberlebenskunst.at\/survivalshop\/wp-json\/wp\/v2\/media\/195420"}],"wp:attachment":[{"href":"https:\/\/ueberlebenskunst.at\/survivalshop\/wp-json\/wp\/v2\/media?parent=195416"}],"wp:term":[{"taxonomy":"product_brand","embeddable":true,"href":"https:\/\/ueberlebenskunst.at\/survivalshop\/wp-json\/wp\/v2\/product_brand?post=195416"},{"taxonomy":"product_cat","embeddable":true,"href":"https:\/\/ueberlebenskunst.at\/survivalshop\/wp-json\/wp\/v2\/product_cat?post=195416"},{"taxonomy":"product_tag","embeddable":true,"href":"https:\/\/ueberlebenskunst.at\/survivalshop\/wp-json\/wp\/v2\/product_tag?post=195416"}],"curies":[{"name":"wp","href":"https:\/\/api.w.org\/{rel}","templated":true}]}}