{"id":19498,"date":"2020-11-16T22:53:30","date_gmt":"2020-11-16T20:53:30","guid":{"rendered":"https:\/\/ueberlebenskunst.at\/survivalshop\/survivalshop\/?post_type=product&#038;p=19498"},"modified":"2024-03-20T19:39:09","modified_gmt":"2024-03-20T18:39:09","slug":"bird-and-trout-outdoormesser","status":"seo-produkt","type":"product","link":"https:\/\/ueberlebenskunst.at\/survivalshop\/shop\/bird-and-trout-outdoormesser\/","title":{"rendered":"Cold Steel Bird and Trout Jagdmesser"},"content":{"rendered":"<p>Das Cold Steel Bird and Trout Outdoormesser ist eine wirklich leichte Ganzstahlkonstruktion und als Jagdmesser konzipiert. Mit dem Ring kannst du das Messer zwischendurch kurz am Finger h\u00e4ngen lassen, wenn es f\u00fcr einen Moment nicht im Einsatz ist und trotzdem ist es sofort griffbereit.<\/p>\n<p>Geliefert wird es mit einer Secure-Ex Scheide und einer Kugelkette. Beides bietet dir mehrere Varianten, wie du das Bird and Trout Outdoormesser tragen kannst.<\/p>\n<p>Mit dem <a href=\"https:\/\/ueberlebenskunst.at\/survivalshop\/shop\/blade-tech-tek-lok\/\" target=\"_blank\" rel=\"noopener noreferrer\">BLADE TECH TEK-LOK<\/a> Adapter kannst du es auch direkt an deinen G\u00fcrtel befestigen.<\/p>\n<p>Der japanische Edelstahl aus 8A ist sehr z\u00e4h, korrosionsbest\u00e4ndig, hat eine gute Schnitthaltigkeit und kann sehr leicht selbst nachgesch\u00e4rft werden, z.B. mit dem <a href=\"https:\/\/ueberlebenskunst.at\/survivalshop\/shop\/faellkniven-dc4-schleifstein\/\" target=\"_blank\" rel=\"noopener noreferrer\">F\u00e4llkniven DC4 Schleifstein.<\/a><\/p>\n<p><strong>Technische Daten:<\/strong><\/p>\n<ul>\n<li>Material: Edelstahl AUS 8A &#8211; glasperlengestrahlt<\/li>\n<li>L\u00e4nge gesamt: 16 cm<\/li>\n<li>Klingenl\u00e4nge: 5,7 cm<\/li>\n<li>Klingenst\u00e4rke: 2,6 mm<\/li>\n<li>Griffl\u00e4nge: 10,3 cm<\/li>\n<li>Gewicht: 23 g<\/li>\n<\/ul>\n","protected":false},"excerpt":{"rendered":"<p>NUR 23g!!<\/p>\n","protected":false},"featured_media":19418,"comment_status":"open","ping_status":"closed","template":"","meta":{"_acf_changed":false},"product_brand":[],"product_cat":[1805,1047],"product_tag":[151,348,287,2194,766],"class_list":{"0":"post-19498","1":"product","2":"type-product","3":"status-seo-produkt","4":"has-post-thumbnail","6":"product_cat-messer-messer-tools","7":"product_cat-messer-tools","8":"product_tag-cold-steel","9":"product_tag-edelstahl","10":"product_tag-full-tang-messer","11":"product_tag-lagerraus2024","12":"product_tag-outdoormesser","14":"first","15":"outofstock","16":"sale","17":"taxable","18":"shipping-taxable","19":"product-type-simple"},"acf":[],"yoast_head":"<!-- This site is optimized with the Yoast SEO plugin v27.1.1 - https:\/\/yoast.com\/product\/yoast-seo-wordpress\/ -->\n<title>Cold Steel Bird and Trout Jagdmesser aus japanischem Edelstahl AUS 8A<\/title>\n<meta name=\"description\" content=\"Das Bird and Trout Outdoormesser ist ideal f\u00fcr die Jagd und auch zum Angeln. Es wiegt nur 23g und l\u00e4sst sich sehr leicht nachsch\u00e4rfen\" \/>\n<meta name=\"robots\" content=\"index, follow, max-snippet:-1, max-image-preview:large, max-video-preview:-1\" \/>\n<link rel=\"canonical\" href=\"https:\/\/ueberlebenskunst.at\/survivalshop\/shop\/bird-and-trout-outdoormesser\/\" \/>\n<meta property=\"og:locale\" content=\"de_DE\" \/>\n<meta property=\"og:type\" content=\"article\" \/>\n<meta property=\"og:title\" content=\"Cold Steel Bird and Trout Jagdmesser aus japanischem Edelstahl AUS 8A\" \/>\n<meta property=\"og:description\" content=\"Das Bird and Trout Outdoormesser ist ideal f\u00fcr die Jagd und auch zum Angeln. Es wiegt nur 23g und l\u00e4sst sich sehr leicht nachsch\u00e4rfen\" \/>\n<meta property=\"og:url\" content=\"https:\/\/ueberlebenskunst.at\/survivalshop\/shop\/bird-and-trout-outdoormesser\/\" \/>\n<meta property=\"og:site_name\" content=\"Reini Rossmann - Survival Shop\" \/>\n<meta property=\"article:publisher\" content=\"https:\/\/www.facebook.com\/survival24.org\/\" \/>\n<meta property=\"article:modified_time\" content=\"2024-03-20T18:39:09+00:00\" \/>\n<meta property=\"og:image\" content=\"https:\/\/ueberlebenskunst.at\/survivalshop\/wp-content\/uploads\/2020\/11\/CST-20BTJ_1.jpg\" \/>\n\t<meta property=\"og:image:width\" content=\"285\" \/>\n\t<meta property=\"og:image:height\" content=\"400\" \/>\n\t<meta property=\"og:image:type\" content=\"image\/jpeg\" \/>\n<meta name=\"twitter:card\" content=\"summary_large_image\" \/>\n<meta name=\"twitter:label1\" content=\"Gesch\u00e4tzte Lesezeit\" \/>\n\t<meta name=\"twitter:data1\" content=\"1\u00a0Minute\" \/>\n<script type=\"application\/ld+json\" class=\"yoast-schema-graph\">{\"@context\":\"https:\/\/schema.org\",\"@graph\":[{\"@type\":\"WebPage\",\"@id\":\"https:\/\/ueberlebenskunst.at\/survivalshop\/shop\/bird-and-trout-outdoormesser\/\",\"url\":\"https:\/\/ueberlebenskunst.at\/survivalshop\/shop\/bird-and-trout-outdoormesser\/\",\"name\":\"Cold Steel Bird and Trout Jagdmesser aus japanischem Edelstahl AUS 8A\",\"isPartOf\":{\"@id\":\"https:\/\/ueberlebenskunst.at\/survivalshop\/#website\"},\"primaryImageOfPage\":{\"@id\":\"https:\/\/ueberlebenskunst.at\/survivalshop\/shop\/bird-and-trout-outdoormesser\/#primaryimage\"},\"image\":{\"@id\":\"https:\/\/ueberlebenskunst.at\/survivalshop\/shop\/bird-and-trout-outdoormesser\/#primaryimage\"},\"thumbnailUrl\":\"https:\/\/ueberlebenskunst.at\/survivalshop\/wp-content\/uploads\/2020\/11\/CST-20BTJ_1.jpg\",\"datePublished\":\"2020-11-16T20:53:30+00:00\",\"dateModified\":\"2024-03-20T18:39:09+00:00\",\"description\":\"Das Bird and Trout Outdoormesser ist ideal f\u00fcr die Jagd und auch zum Angeln. Es wiegt nur 23g und l\u00e4sst sich sehr leicht nachsch\u00e4rfen\",\"breadcrumb\":{\"@id\":\"https:\/\/ueberlebenskunst.at\/survivalshop\/shop\/bird-and-trout-outdoormesser\/#breadcrumb\"},\"inLanguage\":\"de\",\"potentialAction\":[{\"@type\":\"ReadAction\",\"target\":[\"https:\/\/ueberlebenskunst.at\/survivalshop\/shop\/bird-and-trout-outdoormesser\/\"]}]},{\"@type\":\"ImageObject\",\"inLanguage\":\"de\",\"@id\":\"https:\/\/ueberlebenskunst.at\/survivalshop\/shop\/bird-and-trout-outdoormesser\/#primaryimage\",\"url\":\"https:\/\/ueberlebenskunst.at\/survivalshop\/wp-content\/uploads\/2020\/11\/CST-20BTJ_1.jpg\",\"contentUrl\":\"https:\/\/ueberlebenskunst.at\/survivalshop\/wp-content\/uploads\/2020\/11\/CST-20BTJ_1.jpg\",\"width\":285,\"height\":400},{\"@type\":\"BreadcrumbList\",\"@id\":\"https:\/\/ueberlebenskunst.at\/survivalshop\/shop\/bird-and-trout-outdoormesser\/#breadcrumb\",\"itemListElement\":[{\"@type\":\"ListItem\",\"position\":1,\"name\":\"Startseite\",\"item\":\"https:\/\/ueberlebenskunst.at\/survivalshop\/\"},{\"@type\":\"ListItem\",\"position\":2,\"name\":\"Shop\",\"item\":\"https:\/\/ueberlebenskunst.at\/survivalshop\/shop\/\"},{\"@type\":\"ListItem\",\"position\":3,\"name\":\"Cold Steel Bird and Trout Jagdmesser\"}]},{\"@type\":\"WebSite\",\"@id\":\"https:\/\/ueberlebenskunst.at\/survivalshop\/#website\",\"url\":\"https:\/\/ueberlebenskunst.at\/survivalshop\/\",\"name\":\"Reini Rossmann - Survival Shop\",\"description\":\"Survival Shop f\u00fcr Survival, Bushcraft und Prepper\",\"potentialAction\":[{\"@type\":\"SearchAction\",\"target\":{\"@type\":\"EntryPoint\",\"urlTemplate\":\"https:\/\/ueberlebenskunst.at\/survivalshop\/?s={search_term_string}\"},\"query-input\":{\"@type\":\"PropertyValueSpecification\",\"valueRequired\":true,\"valueName\":\"search_term_string\"}}],\"inLanguage\":\"de\"}]}<\/script>\n<!-- \/ Yoast SEO plugin. -->","yoast_head_json":{"title":"Cold Steel Bird and Trout Jagdmesser aus japanischem Edelstahl AUS 8A","description":"Das Bird and Trout Outdoormesser ist ideal f\u00fcr die Jagd und auch zum Angeln. Es wiegt nur 23g und l\u00e4sst sich sehr leicht nachsch\u00e4rfen","robots":{"index":"index","follow":"follow","max-snippet":"max-snippet:-1","max-image-preview":"max-image-preview:large","max-video-preview":"max-video-preview:-1"},"canonical":"https:\/\/ueberlebenskunst.at\/survivalshop\/shop\/bird-and-trout-outdoormesser\/","og_locale":"de_DE","og_type":"article","og_title":"Cold Steel Bird and Trout Jagdmesser aus japanischem Edelstahl AUS 8A","og_description":"Das Bird and Trout Outdoormesser ist ideal f\u00fcr die Jagd und auch zum Angeln. Es wiegt nur 23g und l\u00e4sst sich sehr leicht nachsch\u00e4rfen","og_url":"https:\/\/ueberlebenskunst.at\/survivalshop\/shop\/bird-and-trout-outdoormesser\/","og_site_name":"Reini Rossmann - Survival Shop","article_publisher":"https:\/\/www.facebook.com\/survival24.org\/","article_modified_time":"2024-03-20T18:39:09+00:00","og_image":[{"width":285,"height":400,"url":"https:\/\/ueberlebenskunst.at\/survivalshop\/wp-content\/uploads\/2020\/11\/CST-20BTJ_1.jpg","type":"image\/jpeg"}],"twitter_card":"summary_large_image","twitter_misc":{"Gesch\u00e4tzte Lesezeit":"1\u00a0Minute"},"schema":{"@context":"https:\/\/schema.org","@graph":[{"@type":"WebPage","@id":"https:\/\/ueberlebenskunst.at\/survivalshop\/shop\/bird-and-trout-outdoormesser\/","url":"https:\/\/ueberlebenskunst.at\/survivalshop\/shop\/bird-and-trout-outdoormesser\/","name":"Cold Steel Bird and Trout Jagdmesser aus japanischem Edelstahl AUS 8A","isPartOf":{"@id":"https:\/\/ueberlebenskunst.at\/survivalshop\/#website"},"primaryImageOfPage":{"@id":"https:\/\/ueberlebenskunst.at\/survivalshop\/shop\/bird-and-trout-outdoormesser\/#primaryimage"},"image":{"@id":"https:\/\/ueberlebenskunst.at\/survivalshop\/shop\/bird-and-trout-outdoormesser\/#primaryimage"},"thumbnailUrl":"https:\/\/ueberlebenskunst.at\/survivalshop\/wp-content\/uploads\/2020\/11\/CST-20BTJ_1.jpg","datePublished":"2020-11-16T20:53:30+00:00","dateModified":"2024-03-20T18:39:09+00:00","description":"Das Bird and Trout Outdoormesser ist ideal f\u00fcr die Jagd und auch zum Angeln. Es wiegt nur 23g und l\u00e4sst sich sehr leicht nachsch\u00e4rfen","breadcrumb":{"@id":"https:\/\/ueberlebenskunst.at\/survivalshop\/shop\/bird-and-trout-outdoormesser\/#breadcrumb"},"inLanguage":"de","potentialAction":[{"@type":"ReadAction","target":["https:\/\/ueberlebenskunst.at\/survivalshop\/shop\/bird-and-trout-outdoormesser\/"]}]},{"@type":"ImageObject","inLanguage":"de","@id":"https:\/\/ueberlebenskunst.at\/survivalshop\/shop\/bird-and-trout-outdoormesser\/#primaryimage","url":"https:\/\/ueberlebenskunst.at\/survivalshop\/wp-content\/uploads\/2020\/11\/CST-20BTJ_1.jpg","contentUrl":"https:\/\/ueberlebenskunst.at\/survivalshop\/wp-content\/uploads\/2020\/11\/CST-20BTJ_1.jpg","width":285,"height":400},{"@type":"BreadcrumbList","@id":"https:\/\/ueberlebenskunst.at\/survivalshop\/shop\/bird-and-trout-outdoormesser\/#breadcrumb","itemListElement":[{"@type":"ListItem","position":1,"name":"Startseite","item":"https:\/\/ueberlebenskunst.at\/survivalshop\/"},{"@type":"ListItem","position":2,"name":"Shop","item":"https:\/\/ueberlebenskunst.at\/survivalshop\/shop\/"},{"@type":"ListItem","position":3,"name":"Cold Steel Bird and Trout Jagdmesser"}]},{"@type":"WebSite","@id":"https:\/\/ueberlebenskunst.at\/survivalshop\/#website","url":"https:\/\/ueberlebenskunst.at\/survivalshop\/","name":"Reini Rossmann - Survival Shop","description":"Survival Shop f\u00fcr Survival, Bushcraft und Prepper","potentialAction":[{"@type":"SearchAction","target":{"@type":"EntryPoint","urlTemplate":"https:\/\/ueberlebenskunst.at\/survivalshop\/?s={search_term_string}"},"query-input":{"@type":"PropertyValueSpecification","valueRequired":true,"valueName":"search_term_string"}}],"inLanguage":"de"}]}},"_links":{"self":[{"href":"https:\/\/ueberlebenskunst.at\/survivalshop\/wp-json\/wp\/v2\/product\/19498","targetHints":{"allow":["GET"]}}],"collection":[{"href":"https:\/\/ueberlebenskunst.at\/survivalshop\/wp-json\/wp\/v2\/product"}],"about":[{"href":"https:\/\/ueberlebenskunst.at\/survivalshop\/wp-json\/wp\/v2\/types\/product"}],"replies":[{"embeddable":true,"href":"https:\/\/ueberlebenskunst.at\/survivalshop\/wp-json\/wp\/v2\/comments?post=19498"}],"wp:featuredmedia":[{"embeddable":true,"href":"https:\/\/ueberlebenskunst.at\/survivalshop\/wp-json\/wp\/v2\/media\/19418"}],"wp:attachment":[{"href":"https:\/\/ueberlebenskunst.at\/survivalshop\/wp-json\/wp\/v2\/media?parent=19498"}],"wp:term":[{"taxonomy":"product_brand","embeddable":true,"href":"https:\/\/ueberlebenskunst.at\/survivalshop\/wp-json\/wp\/v2\/product_brand?post=19498"},{"taxonomy":"product_cat","embeddable":true,"href":"https:\/\/ueberlebenskunst.at\/survivalshop\/wp-json\/wp\/v2\/product_cat?post=19498"},{"taxonomy":"product_tag","embeddable":true,"href":"https:\/\/ueberlebenskunst.at\/survivalshop\/wp-json\/wp\/v2\/product_tag?post=19498"}],"curies":[{"name":"wp","href":"https:\/\/api.w.org\/{rel}","templated":true}]}}