{"id":194818,"date":"2025-09-02T12:20:54","date_gmt":"2025-09-02T10:20:54","guid":{"rendered":"https:\/\/ueberlebenskunst.at\/survivalshop\/?post_type=product&#038;p=194818"},"modified":"2025-09-02T12:53:58","modified_gmt":"2025-09-02T10:53:58","slug":"die-bugout-bibel","status":"publish","type":"product","link":"https:\/\/ueberlebenskunst.at\/survivalshop\/shop\/die-bugout-bibel\/","title":{"rendered":"Die Bugout Bibel"},"content":{"rendered":"<p>Die Bugout-Bibel: Alles zum Thema Fluchtrucksack, Routenplanung und Durchkommen<\/p>\n<p>In diesem Buch geht es darum, den perfekten Fluchtrucksack f\u00fcr unterschiedliche Szenarien und Bed\u00fcrfnisse zusammenzustellen. Au\u00dferdem werden historische Erfahrungen aus realen Konflikten und Extremsituationen beleuchtet, in denen die Flucht notwendig war \u2013 inklusive der daraus gewonnenen Lernpunkte. Dar\u00fcber hinaus vermittelt das Buch Grundlagen zur Orientierung und Navigation in Extremsituationen sowie alles rund um das Thema \u201egutes Durchkommen\u201c, damit du deine eigenen \u00dcberlebenschancen maximieren kannst.<\/p>\n<p>Du kannst dich hier unverbindlich und kostenlos auf die Warteliste setzen lassen. Sobald das Buch erschienen und verf\u00fcgbar ist, erh\u00e4ltst du automatisch eine E-Mail. Erscheinungsdatum: im Laufe des Jahres 2025.<\/p>\n<p>&nbsp;<\/p>\n","protected":false},"excerpt":{"rendered":"<p>Die Bugout-Bibel: Alles zum Thema Fluchtrucksack, Routenplanung und Durchkommen In diesem Buch geht es darum, den perfekten Fluchtrucksack f\u00fcr unterschiedliche Szenarien und Bed\u00fcrfnisse zusammenzustellen. Au\u00dferdem werden historische Erfahrungen aus realen Konflikten und Extremsituationen beleuchtet, in denen die Flucht notwendig war \u2013 inklusive der daraus gewonnenen Lernpunkte. Dar\u00fcber hinaus vermittelt das Buch Grundlagen zur Orientierung und [&hellip;]<\/p>\n","protected":false},"featured_media":143550,"comment_status":"open","ping_status":"closed","template":"","meta":{"_acf_changed":false},"product_brand":[],"product_cat":[1865],"product_tag":[391,2526],"class_list":{"0":"post-194818","1":"product","2":"type-product","3":"status-publish","4":"has-post-thumbnail","6":"product_cat-survival-buecher","7":"product_tag-bugout","8":"product_tag-reinis-buecher","10":"first","11":"outofstock","12":"taxable","13":"shipping-taxable","14":"purchasable","15":"product-type-simple"},"acf":[],"yoast_head":"<!-- This site is optimized with the Yoast SEO plugin v27.1.1 - https:\/\/yoast.com\/product\/yoast-seo-wordpress\/ -->\n<title>Die Bugout Bibel - Reini Rossmann - Survival Shop<\/title>\n<meta name=\"robots\" content=\"index, follow, max-snippet:-1, max-image-preview:large, max-video-preview:-1\" \/>\n<link rel=\"canonical\" href=\"https:\/\/ueberlebenskunst.at\/survivalshop\/shop\/die-bugout-bibel\/\" \/>\n<meta property=\"og:locale\" content=\"de_DE\" \/>\n<meta property=\"og:type\" content=\"article\" \/>\n<meta property=\"og:title\" content=\"Die Bugout Bibel - Reini Rossmann - Survival Shop\" \/>\n<meta property=\"og:description\" content=\"Die Bugout-Bibel: Alles zum Thema Fluchtrucksack, Routenplanung und Durchkommen In diesem Buch geht es darum, den perfekten Fluchtrucksack f\u00fcr unterschiedliche Szenarien und Bed\u00fcrfnisse zusammenzustellen. Au\u00dferdem werden historische Erfahrungen aus realen Konflikten und Extremsituationen beleuchtet, in denen die Flucht notwendig war \u2013 inklusive der daraus gewonnenen Lernpunkte. Dar\u00fcber hinaus vermittelt das Buch Grundlagen zur Orientierung und [&hellip;]\" \/>\n<meta property=\"og:url\" content=\"https:\/\/ueberlebenskunst.at\/survivalshop\/shop\/die-bugout-bibel\/\" \/>\n<meta property=\"og:site_name\" content=\"Reini Rossmann - Survival Shop\" \/>\n<meta property=\"article:publisher\" content=\"https:\/\/www.facebook.com\/survival24.org\/\" \/>\n<meta property=\"article:modified_time\" content=\"2025-09-02T10:53:58+00:00\" \/>\n<meta property=\"og:image\" content=\"https:\/\/ueberlebenskunst.at\/survivalshop\/wp-content\/uploads\/2023\/09\/Survival-Pflanzen-Lexikon.jpg\" \/>\n\t<meta property=\"og:image:width\" content=\"400\" \/>\n\t<meta property=\"og:image:height\" content=\"400\" \/>\n\t<meta property=\"og:image:type\" content=\"image\/jpeg\" \/>\n<meta name=\"twitter:card\" content=\"summary_large_image\" \/>\n<meta name=\"twitter:label1\" content=\"Gesch\u00e4tzte Lesezeit\" \/>\n\t<meta name=\"twitter:data1\" content=\"1\u00a0Minute\" \/>\n<script type=\"application\/ld+json\" class=\"yoast-schema-graph\">{\"@context\":\"https:\/\/schema.org\",\"@graph\":[{\"@type\":\"WebPage\",\"@id\":\"https:\/\/ueberlebenskunst.at\/survivalshop\/shop\/die-bugout-bibel\/\",\"url\":\"https:\/\/ueberlebenskunst.at\/survivalshop\/shop\/die-bugout-bibel\/\",\"name\":\"Die Bugout Bibel - Reini Rossmann - Survival Shop\",\"isPartOf\":{\"@id\":\"https:\/\/ueberlebenskunst.at\/survivalshop\/#website\"},\"primaryImageOfPage\":{\"@id\":\"https:\/\/ueberlebenskunst.at\/survivalshop\/shop\/die-bugout-bibel\/#primaryimage\"},\"image\":{\"@id\":\"https:\/\/ueberlebenskunst.at\/survivalshop\/shop\/die-bugout-bibel\/#primaryimage\"},\"thumbnailUrl\":\"https:\/\/ueberlebenskunst.at\/survivalshop\/wp-content\/uploads\/2023\/09\/Survival-Pflanzen-Lexikon.jpg\",\"datePublished\":\"2025-09-02T10:20:54+00:00\",\"dateModified\":\"2025-09-02T10:53:58+00:00\",\"breadcrumb\":{\"@id\":\"https:\/\/ueberlebenskunst.at\/survivalshop\/shop\/die-bugout-bibel\/#breadcrumb\"},\"inLanguage\":\"de\",\"potentialAction\":[{\"@type\":\"ReadAction\",\"target\":[\"https:\/\/ueberlebenskunst.at\/survivalshop\/shop\/die-bugout-bibel\/\"]}]},{\"@type\":\"ImageObject\",\"inLanguage\":\"de\",\"@id\":\"https:\/\/ueberlebenskunst.at\/survivalshop\/shop\/die-bugout-bibel\/#primaryimage\",\"url\":\"https:\/\/ueberlebenskunst.at\/survivalshop\/wp-content\/uploads\/2023\/09\/Survival-Pflanzen-Lexikon.jpg\",\"contentUrl\":\"https:\/\/ueberlebenskunst.at\/survivalshop\/wp-content\/uploads\/2023\/09\/Survival-Pflanzen-Lexikon.jpg\",\"width\":400,\"height\":400},{\"@type\":\"BreadcrumbList\",\"@id\":\"https:\/\/ueberlebenskunst.at\/survivalshop\/shop\/die-bugout-bibel\/#breadcrumb\",\"itemListElement\":[{\"@type\":\"ListItem\",\"position\":1,\"name\":\"Startseite\",\"item\":\"https:\/\/ueberlebenskunst.at\/survivalshop\/\"},{\"@type\":\"ListItem\",\"position\":2,\"name\":\"Shop\",\"item\":\"https:\/\/ueberlebenskunst.at\/survivalshop\/shop\/\"},{\"@type\":\"ListItem\",\"position\":3,\"name\":\"Die Bugout Bibel\"}]},{\"@type\":\"WebSite\",\"@id\":\"https:\/\/ueberlebenskunst.at\/survivalshop\/#website\",\"url\":\"https:\/\/ueberlebenskunst.at\/survivalshop\/\",\"name\":\"Reini Rossmann - Survival Shop\",\"description\":\"Survival Shop f\u00fcr Survival, Bushcraft und Prepper\",\"potentialAction\":[{\"@type\":\"SearchAction\",\"target\":{\"@type\":\"EntryPoint\",\"urlTemplate\":\"https:\/\/ueberlebenskunst.at\/survivalshop\/?s={search_term_string}\"},\"query-input\":{\"@type\":\"PropertyValueSpecification\",\"valueRequired\":true,\"valueName\":\"search_term_string\"}}],\"inLanguage\":\"de\"}]}<\/script>\n<!-- \/ Yoast SEO plugin. -->","yoast_head_json":{"title":"Die Bugout Bibel - Reini Rossmann - Survival Shop","robots":{"index":"index","follow":"follow","max-snippet":"max-snippet:-1","max-image-preview":"max-image-preview:large","max-video-preview":"max-video-preview:-1"},"canonical":"https:\/\/ueberlebenskunst.at\/survivalshop\/shop\/die-bugout-bibel\/","og_locale":"de_DE","og_type":"article","og_title":"Die Bugout Bibel - Reini Rossmann - Survival Shop","og_description":"Die Bugout-Bibel: Alles zum Thema Fluchtrucksack, Routenplanung und Durchkommen In diesem Buch geht es darum, den perfekten Fluchtrucksack f\u00fcr unterschiedliche Szenarien und Bed\u00fcrfnisse zusammenzustellen. Au\u00dferdem werden historische Erfahrungen aus realen Konflikten und Extremsituationen beleuchtet, in denen die Flucht notwendig war \u2013 inklusive der daraus gewonnenen Lernpunkte. Dar\u00fcber hinaus vermittelt das Buch Grundlagen zur Orientierung und [&hellip;]","og_url":"https:\/\/ueberlebenskunst.at\/survivalshop\/shop\/die-bugout-bibel\/","og_site_name":"Reini Rossmann - Survival Shop","article_publisher":"https:\/\/www.facebook.com\/survival24.org\/","article_modified_time":"2025-09-02T10:53:58+00:00","og_image":[{"width":400,"height":400,"url":"https:\/\/ueberlebenskunst.at\/survivalshop\/wp-content\/uploads\/2023\/09\/Survival-Pflanzen-Lexikon.jpg","type":"image\/jpeg"}],"twitter_card":"summary_large_image","twitter_misc":{"Gesch\u00e4tzte Lesezeit":"1\u00a0Minute"},"schema":{"@context":"https:\/\/schema.org","@graph":[{"@type":"WebPage","@id":"https:\/\/ueberlebenskunst.at\/survivalshop\/shop\/die-bugout-bibel\/","url":"https:\/\/ueberlebenskunst.at\/survivalshop\/shop\/die-bugout-bibel\/","name":"Die Bugout Bibel - Reini Rossmann - Survival Shop","isPartOf":{"@id":"https:\/\/ueberlebenskunst.at\/survivalshop\/#website"},"primaryImageOfPage":{"@id":"https:\/\/ueberlebenskunst.at\/survivalshop\/shop\/die-bugout-bibel\/#primaryimage"},"image":{"@id":"https:\/\/ueberlebenskunst.at\/survivalshop\/shop\/die-bugout-bibel\/#primaryimage"},"thumbnailUrl":"https:\/\/ueberlebenskunst.at\/survivalshop\/wp-content\/uploads\/2023\/09\/Survival-Pflanzen-Lexikon.jpg","datePublished":"2025-09-02T10:20:54+00:00","dateModified":"2025-09-02T10:53:58+00:00","breadcrumb":{"@id":"https:\/\/ueberlebenskunst.at\/survivalshop\/shop\/die-bugout-bibel\/#breadcrumb"},"inLanguage":"de","potentialAction":[{"@type":"ReadAction","target":["https:\/\/ueberlebenskunst.at\/survivalshop\/shop\/die-bugout-bibel\/"]}]},{"@type":"ImageObject","inLanguage":"de","@id":"https:\/\/ueberlebenskunst.at\/survivalshop\/shop\/die-bugout-bibel\/#primaryimage","url":"https:\/\/ueberlebenskunst.at\/survivalshop\/wp-content\/uploads\/2023\/09\/Survival-Pflanzen-Lexikon.jpg","contentUrl":"https:\/\/ueberlebenskunst.at\/survivalshop\/wp-content\/uploads\/2023\/09\/Survival-Pflanzen-Lexikon.jpg","width":400,"height":400},{"@type":"BreadcrumbList","@id":"https:\/\/ueberlebenskunst.at\/survivalshop\/shop\/die-bugout-bibel\/#breadcrumb","itemListElement":[{"@type":"ListItem","position":1,"name":"Startseite","item":"https:\/\/ueberlebenskunst.at\/survivalshop\/"},{"@type":"ListItem","position":2,"name":"Shop","item":"https:\/\/ueberlebenskunst.at\/survivalshop\/shop\/"},{"@type":"ListItem","position":3,"name":"Die Bugout Bibel"}]},{"@type":"WebSite","@id":"https:\/\/ueberlebenskunst.at\/survivalshop\/#website","url":"https:\/\/ueberlebenskunst.at\/survivalshop\/","name":"Reini Rossmann - Survival Shop","description":"Survival Shop f\u00fcr Survival, Bushcraft und Prepper","potentialAction":[{"@type":"SearchAction","target":{"@type":"EntryPoint","urlTemplate":"https:\/\/ueberlebenskunst.at\/survivalshop\/?s={search_term_string}"},"query-input":{"@type":"PropertyValueSpecification","valueRequired":true,"valueName":"search_term_string"}}],"inLanguage":"de"}]}},"_links":{"self":[{"href":"https:\/\/ueberlebenskunst.at\/survivalshop\/wp-json\/wp\/v2\/product\/194818","targetHints":{"allow":["GET"]}}],"collection":[{"href":"https:\/\/ueberlebenskunst.at\/survivalshop\/wp-json\/wp\/v2\/product"}],"about":[{"href":"https:\/\/ueberlebenskunst.at\/survivalshop\/wp-json\/wp\/v2\/types\/product"}],"replies":[{"embeddable":true,"href":"https:\/\/ueberlebenskunst.at\/survivalshop\/wp-json\/wp\/v2\/comments?post=194818"}],"wp:featuredmedia":[{"embeddable":true,"href":"https:\/\/ueberlebenskunst.at\/survivalshop\/wp-json\/wp\/v2\/media\/143550"}],"wp:attachment":[{"href":"https:\/\/ueberlebenskunst.at\/survivalshop\/wp-json\/wp\/v2\/media?parent=194818"}],"wp:term":[{"taxonomy":"product_brand","embeddable":true,"href":"https:\/\/ueberlebenskunst.at\/survivalshop\/wp-json\/wp\/v2\/product_brand?post=194818"},{"taxonomy":"product_cat","embeddable":true,"href":"https:\/\/ueberlebenskunst.at\/survivalshop\/wp-json\/wp\/v2\/product_cat?post=194818"},{"taxonomy":"product_tag","embeddable":true,"href":"https:\/\/ueberlebenskunst.at\/survivalshop\/wp-json\/wp\/v2\/product_tag?post=194818"}],"curies":[{"name":"wp","href":"https:\/\/api.w.org\/{rel}","templated":true}]}}