{"id":194565,"date":"2025-08-28T07:10:43","date_gmt":"2025-08-28T05:10:43","guid":{"rendered":"https:\/\/ueberlebenskunst.at\/survivalshop\/?post_type=product&#038;p=194565"},"modified":"2026-02-09T10:12:08","modified_gmt":"2026-02-09T09:12:08","slug":"steambow-stinger-2-tactical-schnell-schuss-magazin-armbrust-aktion","status":"seo-produkt","type":"product","link":"https:\/\/ueberlebenskunst.at\/survivalshop\/shop\/steambow-stinger-2-tactical-schnell-schuss-magazin-armbrust-aktion\/","title":{"rendered":"Steambow Stinger 2 Tactical Schnell-Schuss-Magazin Armbrust Aktion"},"content":{"rendered":"<p>&nbsp;<\/p>\n<p><iframe hcb-fetch-image-from=\"https:\/\/www.youtube.com\/watch?v=aNUzFg60we4\" title=\"Ja, das ist die BESTE Armbrust der Welt | Schnell-Schuss-Armbrust Steambow Stinger 2\" width=\"640\" height=\"360\" src=\"https:\/\/www.youtube.com\/embed\/aNUzFg60we4?feature=oembed\" frameborder=\"0\" allow=\"accelerometer; autoplay; clipboard-write; encrypted-media; gyroscope; picture-in-picture; web-share\" referrerpolicy=\"strict-origin-when-cross-origin\" allowfullscreen><\/iframe><\/p>\n<p>Eine Armbrust, die das Armbrust-Schie\u00dfen neu definiert. Ich w\u00fcrde sogar sagen revolutioniert. Die Steambow Stinger 2 macht das dynamische Schie\u00dfen erst wirklich m\u00f6glich, also aus der Bewegung und das in einer Schussfolge, die f\u00fcr Armbr\u00fcste eigentlich undenkbar war. Zwar ist das Konzept der Magazin Armbrust seit hunderten Jahren in China verwendet worden. Doch noch nie hat es ein Modell gegeben, das so schnell und gleichzeitig pr\u00e4zise wirkt. Meiner Meinung nach definiert diese Armbrust das Schie\u00dferlebnis radikal neu. Aber sieh selbst \ud83d\ude42<\/p>\n<p><iframe hcb-fetch-image-from=\"https:\/\/www.youtube.com\/watch?v=YlR535KSJEo\" title=\"Spielzeug? Das ist t\u00f6dlich! Schusstest mit Armbrust Stinger 2\" width=\"640\" height=\"360\" src=\"https:\/\/www.youtube.com\/embed\/YlR535KSJEo?feature=oembed\" frameborder=\"0\" allow=\"accelerometer; autoplay; clipboard-write; encrypted-media; gyroscope; picture-in-picture; web-share\" referrerpolicy=\"strict-origin-when-cross-origin\" allowfullscreen><\/iframe><\/p>\n<p><strong>Weitschuss und Durchschlagstest:<\/strong><\/p>\n<p>In diesem exklusiven Video zeigt dir Reini welche Distanzen sinnvoll sind. Melde dich zu unserem Armbrust Newsletter an und bekomme weitere spannende Videos zum Thema Armbrust, Bogen und Co.<\/p>\n<p><iframe hcb-fetch-image-from=\"https:\/\/www.youtube.com\/watch?v=0Gs1k4VWUaI\" title=\"Die neue Steambow Stinger 2 - Weitschuss und Schiesstest :-)\" width=\"640\" height=\"360\" src=\"https:\/\/www.youtube.com\/embed\/0Gs1k4VWUaI?feature=oembed\" frameborder=\"0\" allow=\"accelerometer; autoplay; clipboard-write; encrypted-media; gyroscope; picture-in-picture; web-share\" referrerpolicy=\"strict-origin-when-cross-origin\" allowfullscreen><\/iframe><\/p>\n<p>Pflege deiner Stinger: Damit du so lang wie m\u00f6glich mit einer Sehne schie\u00dfen kannst, denk bitte auch daran dir passende Pflegemittel zu besorgen.<br \/>\nAm besten ein <a href=\"https:\/\/ueberlebenskunst.at\/survivalshop\/shop\/sehnen-und-schienenwachs-fuer-armbrueste\/\" target=\"_blank\" rel=\"noopener\">Sehnenwachs<\/a> f\u00fcr die Lauffl\u00e4che. Du kannst damit die Lebensdauer deiner Sehne um einiges verl\u00e4ngern!<\/p>\n<h3>Technische Daten der Stinger 2:<\/h3>\n<ul>\n<li>Gewicht: ca. 1,16 kg<\/li>\n<li>L\u00e4nge gesamt: 55,6 &#8211; 63,2 cm (l\u00e4ngenverstellbarer Hinterschaft)<\/li>\n<li>H\u00f6he: 21,9 cm<\/li>\n<li>Breite: 44,5 cm<\/li>\n<\/ul>\n<h3>Lieferumfang &#8220;Tactical Aktion&#8221;:<\/h3>\n<ul>\n<li>1 Magazin<\/li>\n<li>1 Grundk\u00f6rper<span style=\"color: #ff0000;\"><em><strong> (geschlossen)<\/strong> <\/em><\/span>mit Schulterst\u00fctze<\/li>\n<li>1 55 lbs Wurfarm<\/li>\n<li>1 Frontgriff mit Innenfach<\/li>\n<li>1 Packung blaue \u00dcbungspfeile (10 Pfeile)<\/li>\n<li>2 Sehnen<\/li>\n<li>1 Sehnenwachs<\/li>\n<li>1 Spannschnur<\/li>\n<li>Elektronische Bedienungsanleitung als PDF (es liegt<strong> keine<\/strong> in Schriftform bei)<\/li>\n<li>Die Armbrust wird <strong>OHNE<\/strong> Originalverpackung geliefert!<\/li>\n<\/ul>\n<h3>Empfohlenes, optionales (separat erh\u00e4ltliches) Zubeh\u00f6r:<\/h3>\n<p>Das hier angef\u00fchrte Zubeh\u00f6r ist optional, extra erh\u00e4ltlich und bringt deine Steambow Stinger 2 auf ein neues Level.<\/p>\n<ul>\n<li><a href=\"https:\/\/ueberlebenskunst.at\/survivalshop\/shop\/ar-6-stinger-2-tuning-abzug\/\">Tuning Trigger<\/a>: macht den Abzug deiner Stinger butterweich (ist beim Komplettpaket bereits inkludiert).<\/li>\n<li><a href=\"https:\/\/ueberlebenskunst.at\/survivalshop\/shop\/lampen-laserhalterung-fuer-steambow-stinger\/\">Universal Halterung f\u00fcr Steambow Stinger<\/a>: Pfeile, Sehne und anderes Zubeh\u00f6r wie auch Laser oder Lampe lassen sich blitzschnell montieren.<\/li>\n<li><a href=\"https:\/\/ueberlebenskunst.at\/survivalshop\/shop\/sehnen-und-schienenwachs-fuer-armbrueste\/\">Sehnenwachs<\/a>: So bleibt deine Tactical lange einsatzbereit.<\/li>\n<\/ul>\n<p><strong>Achtung: Die Armbrust kann nur an Personen \u00fcber 18 Jahre abgegeben werden. <\/strong><strong>Bitte deine Ausweiskopie beim Bestellabschluss hochladen.<\/strong><\/p>\n","protected":false},"excerpt":{"rendered":"<p>&nbsp; Eine Armbrust, die das Armbrust-Schie\u00dfen neu definiert. Ich w\u00fcrde sogar sagen revolutioniert. Die Steambow Stinger 2 macht das dynamische Schie\u00dfen erst wirklich m\u00f6glich, also aus der Bewegung und das in einer Schussfolge, die f\u00fcr Armbr\u00fcste eigentlich undenkbar war. Zwar ist das Konzept der Magazin Armbrust seit hunderten Jahren in China verwendet worden. Doch noch [&hellip;]<\/p>\n","protected":false},"featured_media":194572,"comment_status":"open","ping_status":"closed","template":"","meta":{"_acf_changed":false},"product_brand":[],"product_cat":[1893],"product_tag":[952,826,519],"class_list":{"0":"post-194565","1":"product","2":"type-product","3":"status-seo-produkt","4":"has-post-thumbnail","6":"product_cat-steambow-stinger-bogensport-pfeil-kugel","7":"product_tag-beste-armbrust-der-welt","8":"product_tag-steambow-stinger","9":"product_tag-stinger","11":"first","12":"outofstock","13":"taxable","14":"shipping-taxable","15":"product-type-variable","16":"has-default-attributes"},"acf":[],"yoast_head":"<!-- This site is optimized with the Yoast SEO plugin v27.1.1 - https:\/\/yoast.com\/product\/yoast-seo-wordpress\/ -->\n<title>Steambow Stinger 2 Tactical Schnell-Schuss-Magazin Armbrust Aktion<\/title>\n<meta name=\"description\" content=\"Eine Armbrust, die das Armbrust-Schiessen neu definiert. Die Steambow Stinger 2 macht das dynamische Schiessen erst wirklich m\u00f6glich, also aus der Bewegung und das in einer Schussfolge, die f\u00fcr Armbr\u00fcste eigentlich undenkbar war.\" \/>\n<meta name=\"robots\" content=\"index, follow, max-snippet:-1, max-image-preview:large, max-video-preview:-1\" \/>\n<link rel=\"canonical\" href=\"https:\/\/ueberlebenskunst.at\/survivalshop\/shop\/steambow-stinger-2-tactical-schnell-schuss-magazin-armbrust-aktion\/\" \/>\n<meta property=\"og:locale\" content=\"de_DE\" \/>\n<meta property=\"og:type\" content=\"article\" \/>\n<meta property=\"og:title\" content=\"Steambow Stinger 2 Tactical Schnell-Schuss-Magazin Armbrust Aktion\" \/>\n<meta property=\"og:description\" content=\"Eine Armbrust, die das Armbrust-Schiessen neu definiert. Die Steambow Stinger 2 macht das dynamische Schiessen erst wirklich m\u00f6glich, also aus der Bewegung und das in einer Schussfolge, die f\u00fcr Armbr\u00fcste eigentlich undenkbar war.\" \/>\n<meta property=\"og:url\" content=\"https:\/\/ueberlebenskunst.at\/survivalshop\/shop\/steambow-stinger-2-tactical-schnell-schuss-magazin-armbrust-aktion\/\" \/>\n<meta property=\"og:site_name\" content=\"Reini Rossmann - Survival Shop\" \/>\n<meta property=\"article:publisher\" content=\"https:\/\/www.facebook.com\/survival24.org\/\" \/>\n<meta property=\"article:modified_time\" content=\"2026-02-09T09:12:08+00:00\" \/>\n<meta property=\"og:image\" content=\"https:\/\/ueberlebenskunst.at\/survivalshop\/wp-content\/uploads\/2025\/08\/StingerAktion-1.jpg\" \/>\n\t<meta property=\"og:image:width\" content=\"400\" \/>\n\t<meta property=\"og:image:height\" content=\"398\" \/>\n\t<meta property=\"og:image:type\" content=\"image\/jpeg\" \/>\n<meta name=\"twitter:card\" content=\"summary_large_image\" \/>\n<meta name=\"twitter:label1\" content=\"Gesch\u00e4tzte Lesezeit\" \/>\n\t<meta name=\"twitter:data1\" content=\"2\u00a0Minuten\" \/>\n<script type=\"application\/ld+json\" class=\"yoast-schema-graph\">{\"@context\":\"https:\/\/schema.org\",\"@graph\":[{\"@type\":\"WebPage\",\"@id\":\"https:\/\/ueberlebenskunst.at\/survivalshop\/shop\/steambow-stinger-2-tactical-schnell-schuss-magazin-armbrust-aktion\/\",\"url\":\"https:\/\/ueberlebenskunst.at\/survivalshop\/shop\/steambow-stinger-2-tactical-schnell-schuss-magazin-armbrust-aktion\/\",\"name\":\"Steambow Stinger 2 Tactical Schnell-Schuss-Magazin Armbrust Aktion\",\"isPartOf\":{\"@id\":\"https:\/\/ueberlebenskunst.at\/survivalshop\/#website\"},\"primaryImageOfPage\":{\"@id\":\"https:\/\/ueberlebenskunst.at\/survivalshop\/shop\/steambow-stinger-2-tactical-schnell-schuss-magazin-armbrust-aktion\/#primaryimage\"},\"image\":{\"@id\":\"https:\/\/ueberlebenskunst.at\/survivalshop\/shop\/steambow-stinger-2-tactical-schnell-schuss-magazin-armbrust-aktion\/#primaryimage\"},\"thumbnailUrl\":\"https:\/\/ueberlebenskunst.at\/survivalshop\/wp-content\/uploads\/2025\/08\/StingerAktion-1.jpg\",\"datePublished\":\"2025-08-28T05:10:43+00:00\",\"dateModified\":\"2026-02-09T09:12:08+00:00\",\"description\":\"Eine Armbrust, die das Armbrust-Schiessen neu definiert. Die Steambow Stinger 2 macht das dynamische Schiessen erst wirklich m\u00f6glich, also aus der Bewegung und das in einer Schussfolge, die f\u00fcr Armbr\u00fcste eigentlich undenkbar war.\",\"breadcrumb\":{\"@id\":\"https:\/\/ueberlebenskunst.at\/survivalshop\/shop\/steambow-stinger-2-tactical-schnell-schuss-magazin-armbrust-aktion\/#breadcrumb\"},\"inLanguage\":\"de\",\"potentialAction\":[{\"@type\":\"ReadAction\",\"target\":[\"https:\/\/ueberlebenskunst.at\/survivalshop\/shop\/steambow-stinger-2-tactical-schnell-schuss-magazin-armbrust-aktion\/\"]}]},{\"@type\":\"ImageObject\",\"inLanguage\":\"de\",\"@id\":\"https:\/\/ueberlebenskunst.at\/survivalshop\/shop\/steambow-stinger-2-tactical-schnell-schuss-magazin-armbrust-aktion\/#primaryimage\",\"url\":\"https:\/\/ueberlebenskunst.at\/survivalshop\/wp-content\/uploads\/2025\/08\/StingerAktion-1.jpg\",\"contentUrl\":\"https:\/\/ueberlebenskunst.at\/survivalshop\/wp-content\/uploads\/2025\/08\/StingerAktion-1.jpg\",\"width\":400,\"height\":398},{\"@type\":\"BreadcrumbList\",\"@id\":\"https:\/\/ueberlebenskunst.at\/survivalshop\/shop\/steambow-stinger-2-tactical-schnell-schuss-magazin-armbrust-aktion\/#breadcrumb\",\"itemListElement\":[{\"@type\":\"ListItem\",\"position\":1,\"name\":\"Startseite\",\"item\":\"https:\/\/ueberlebenskunst.at\/survivalshop\/\"},{\"@type\":\"ListItem\",\"position\":2,\"name\":\"Shop\",\"item\":\"https:\/\/ueberlebenskunst.at\/survivalshop\/shop\/\"},{\"@type\":\"ListItem\",\"position\":3,\"name\":\"Steambow Stinger 2 Tactical Schnell-Schuss-Magazin Armbrust Aktion\"}]},{\"@type\":\"WebSite\",\"@id\":\"https:\/\/ueberlebenskunst.at\/survivalshop\/#website\",\"url\":\"https:\/\/ueberlebenskunst.at\/survivalshop\/\",\"name\":\"Reini Rossmann - Survival Shop\",\"description\":\"Survival Shop f\u00fcr Survival, Bushcraft und Prepper\",\"potentialAction\":[{\"@type\":\"SearchAction\",\"target\":{\"@type\":\"EntryPoint\",\"urlTemplate\":\"https:\/\/ueberlebenskunst.at\/survivalshop\/?s={search_term_string}\"},\"query-input\":{\"@type\":\"PropertyValueSpecification\",\"valueRequired\":true,\"valueName\":\"search_term_string\"}}],\"inLanguage\":\"de\"}]}<\/script>\n<!-- \/ Yoast SEO plugin. -->","yoast_head_json":{"title":"Steambow Stinger 2 Tactical Schnell-Schuss-Magazin Armbrust Aktion","description":"Eine Armbrust, die das Armbrust-Schiessen neu definiert. Die Steambow Stinger 2 macht das dynamische Schiessen erst wirklich m\u00f6glich, also aus der Bewegung und das in einer Schussfolge, die f\u00fcr Armbr\u00fcste eigentlich undenkbar war.","robots":{"index":"index","follow":"follow","max-snippet":"max-snippet:-1","max-image-preview":"max-image-preview:large","max-video-preview":"max-video-preview:-1"},"canonical":"https:\/\/ueberlebenskunst.at\/survivalshop\/shop\/steambow-stinger-2-tactical-schnell-schuss-magazin-armbrust-aktion\/","og_locale":"de_DE","og_type":"article","og_title":"Steambow Stinger 2 Tactical Schnell-Schuss-Magazin Armbrust Aktion","og_description":"Eine Armbrust, die das Armbrust-Schiessen neu definiert. Die Steambow Stinger 2 macht das dynamische Schiessen erst wirklich m\u00f6glich, also aus der Bewegung und das in einer Schussfolge, die f\u00fcr Armbr\u00fcste eigentlich undenkbar war.","og_url":"https:\/\/ueberlebenskunst.at\/survivalshop\/shop\/steambow-stinger-2-tactical-schnell-schuss-magazin-armbrust-aktion\/","og_site_name":"Reini Rossmann - Survival Shop","article_publisher":"https:\/\/www.facebook.com\/survival24.org\/","article_modified_time":"2026-02-09T09:12:08+00:00","og_image":[{"width":400,"height":398,"url":"https:\/\/ueberlebenskunst.at\/survivalshop\/wp-content\/uploads\/2025\/08\/StingerAktion-1.jpg","type":"image\/jpeg"}],"twitter_card":"summary_large_image","twitter_misc":{"Gesch\u00e4tzte Lesezeit":"2\u00a0Minuten"},"schema":{"@context":"https:\/\/schema.org","@graph":[{"@type":"WebPage","@id":"https:\/\/ueberlebenskunst.at\/survivalshop\/shop\/steambow-stinger-2-tactical-schnell-schuss-magazin-armbrust-aktion\/","url":"https:\/\/ueberlebenskunst.at\/survivalshop\/shop\/steambow-stinger-2-tactical-schnell-schuss-magazin-armbrust-aktion\/","name":"Steambow Stinger 2 Tactical Schnell-Schuss-Magazin Armbrust Aktion","isPartOf":{"@id":"https:\/\/ueberlebenskunst.at\/survivalshop\/#website"},"primaryImageOfPage":{"@id":"https:\/\/ueberlebenskunst.at\/survivalshop\/shop\/steambow-stinger-2-tactical-schnell-schuss-magazin-armbrust-aktion\/#primaryimage"},"image":{"@id":"https:\/\/ueberlebenskunst.at\/survivalshop\/shop\/steambow-stinger-2-tactical-schnell-schuss-magazin-armbrust-aktion\/#primaryimage"},"thumbnailUrl":"https:\/\/ueberlebenskunst.at\/survivalshop\/wp-content\/uploads\/2025\/08\/StingerAktion-1.jpg","datePublished":"2025-08-28T05:10:43+00:00","dateModified":"2026-02-09T09:12:08+00:00","description":"Eine Armbrust, die das Armbrust-Schiessen neu definiert. Die Steambow Stinger 2 macht das dynamische Schiessen erst wirklich m\u00f6glich, also aus der Bewegung und das in einer Schussfolge, die f\u00fcr Armbr\u00fcste eigentlich undenkbar war.","breadcrumb":{"@id":"https:\/\/ueberlebenskunst.at\/survivalshop\/shop\/steambow-stinger-2-tactical-schnell-schuss-magazin-armbrust-aktion\/#breadcrumb"},"inLanguage":"de","potentialAction":[{"@type":"ReadAction","target":["https:\/\/ueberlebenskunst.at\/survivalshop\/shop\/steambow-stinger-2-tactical-schnell-schuss-magazin-armbrust-aktion\/"]}]},{"@type":"ImageObject","inLanguage":"de","@id":"https:\/\/ueberlebenskunst.at\/survivalshop\/shop\/steambow-stinger-2-tactical-schnell-schuss-magazin-armbrust-aktion\/#primaryimage","url":"https:\/\/ueberlebenskunst.at\/survivalshop\/wp-content\/uploads\/2025\/08\/StingerAktion-1.jpg","contentUrl":"https:\/\/ueberlebenskunst.at\/survivalshop\/wp-content\/uploads\/2025\/08\/StingerAktion-1.jpg","width":400,"height":398},{"@type":"BreadcrumbList","@id":"https:\/\/ueberlebenskunst.at\/survivalshop\/shop\/steambow-stinger-2-tactical-schnell-schuss-magazin-armbrust-aktion\/#breadcrumb","itemListElement":[{"@type":"ListItem","position":1,"name":"Startseite","item":"https:\/\/ueberlebenskunst.at\/survivalshop\/"},{"@type":"ListItem","position":2,"name":"Shop","item":"https:\/\/ueberlebenskunst.at\/survivalshop\/shop\/"},{"@type":"ListItem","position":3,"name":"Steambow Stinger 2 Tactical Schnell-Schuss-Magazin Armbrust Aktion"}]},{"@type":"WebSite","@id":"https:\/\/ueberlebenskunst.at\/survivalshop\/#website","url":"https:\/\/ueberlebenskunst.at\/survivalshop\/","name":"Reini Rossmann - Survival Shop","description":"Survival Shop f\u00fcr Survival, Bushcraft und Prepper","potentialAction":[{"@type":"SearchAction","target":{"@type":"EntryPoint","urlTemplate":"https:\/\/ueberlebenskunst.at\/survivalshop\/?s={search_term_string}"},"query-input":{"@type":"PropertyValueSpecification","valueRequired":true,"valueName":"search_term_string"}}],"inLanguage":"de"}]}},"_links":{"self":[{"href":"https:\/\/ueberlebenskunst.at\/survivalshop\/wp-json\/wp\/v2\/product\/194565","targetHints":{"allow":["GET"]}}],"collection":[{"href":"https:\/\/ueberlebenskunst.at\/survivalshop\/wp-json\/wp\/v2\/product"}],"about":[{"href":"https:\/\/ueberlebenskunst.at\/survivalshop\/wp-json\/wp\/v2\/types\/product"}],"replies":[{"embeddable":true,"href":"https:\/\/ueberlebenskunst.at\/survivalshop\/wp-json\/wp\/v2\/comments?post=194565"}],"wp:featuredmedia":[{"embeddable":true,"href":"https:\/\/ueberlebenskunst.at\/survivalshop\/wp-json\/wp\/v2\/media\/194572"}],"wp:attachment":[{"href":"https:\/\/ueberlebenskunst.at\/survivalshop\/wp-json\/wp\/v2\/media?parent=194565"}],"wp:term":[{"taxonomy":"product_brand","embeddable":true,"href":"https:\/\/ueberlebenskunst.at\/survivalshop\/wp-json\/wp\/v2\/product_brand?post=194565"},{"taxonomy":"product_cat","embeddable":true,"href":"https:\/\/ueberlebenskunst.at\/survivalshop\/wp-json\/wp\/v2\/product_cat?post=194565"},{"taxonomy":"product_tag","embeddable":true,"href":"https:\/\/ueberlebenskunst.at\/survivalshop\/wp-json\/wp\/v2\/product_tag?post=194565"}],"curies":[{"name":"wp","href":"https:\/\/api.w.org\/{rel}","templated":true}]}}