{"id":193360,"date":"2025-07-24T06:42:42","date_gmt":"2025-07-24T04:42:42","guid":{"rendered":"https:\/\/ueberlebenskunst.at\/survivalshop\/?post_type=product&#038;p=193360"},"modified":"2026-01-21T09:35:42","modified_gmt":"2026-01-21T08:35:42","slug":"crkt-ceo-compact-grn-black","status":"publish","type":"product","link":"https:\/\/ueberlebenskunst.at\/survivalshop\/shop\/crkt-ceo-compact-grn-black\/","title":{"rendered":"CRKT CEO Compact GRN Black"},"content":{"rendered":"<p>Der CRKT CEO Compact bringt frischen Stil und klare Linie in die Welt der Gentleman-Taschenmesser. Als j\u00fcngstes Mitglied der F\u00fchrungsetage \u00fcberzeugt er mit schlichter Eleganz und technischer Raffinesse. Die kugelgelagerte Klinge aus 4116-Edelstahl gleitet seidenweich aus dem Griff und verriegelt zuverl\u00e4ssig per Linerlock \u2013 ein Statement in Sachen Pr\u00e4zision und Kontrolle. Dank seines ultraleichten Designs l\u00e4sst sich der schlanke Folder nicht nur diskret in der Hosentasche verstauen, sondern auch wie ein edler Kugelschreiber in der Hemdtasche tragen. Der robuste Griff aus schwarzem GRN sorgt f\u00fcr Stabilit\u00e4t ohne Ballast, w\u00e4hrend der Clip (Tip-Up\/l) das Gesamtpaket funktional abrundet. Ein stilvoller Begleiter f\u00fcr Entscheider mit Sinn f\u00fcr Details.<\/p>\n<h3>Produktdaten:<\/h3>\n<ul>\n<li>Gesamtl\u00e4nge: 15,6 cm<\/li>\n<li>Klingenl\u00e4nge: 6,6 cm<\/li>\n<li>Klingenmaterial: 4116<\/li>\n<li>Griffmaterial: GRN<\/li>\n<li>\u00a0Linerlock<\/li>\n<\/ul>\n","protected":false},"excerpt":{"rendered":"<p>Der CRKT CEO Compact bringt frischen Stil und klare Linie in die Welt der Gentleman-Taschenmesser. Als j\u00fcngstes Mitglied der F\u00fchrungsetage \u00fcberzeugt er mit schlichter Eleganz und technischer Raffinesse. Die kugelgelagerte Klinge aus 4116-Edelstahl gleitet seidenweich aus dem Griff und verriegelt zuverl\u00e4ssig per Linerlock \u2013 ein Statement in Sachen Pr\u00e4zision und Kontrolle. Dank seines ultraleichten Designs [&hellip;]<\/p>\n","protected":false},"featured_media":193361,"comment_status":"open","ping_status":"closed","template":"","meta":{"_acf_changed":false},"product_brand":[],"product_cat":[1805],"product_tag":[762,270],"class_list":{"0":"post-193360","1":"product","2":"type-product","3":"status-publish","4":"has-post-thumbnail","6":"product_cat-messer-messer-tools","7":"product_tag-crkt","8":"product_tag-edc","10":"first","11":"instock","12":"sale","13":"taxable","14":"shipping-taxable","15":"purchasable","16":"product-type-simple"},"acf":[],"yoast_head":"<!-- This site is optimized with the Yoast SEO plugin v27.1.1 - https:\/\/yoast.com\/product\/yoast-seo-wordpress\/ -->\n<title>CRKT CEO Compact GRN Black - Reini Rossmann - Survival Shop<\/title>\n<meta name=\"description\" content=\"Der stabile Griff aus leichtgewichtigem, schwarzen GRN ist mit einem Clip (Tip-Up\/l) versehen und rundet die Kompetenzen des eleganten Folders ab.\" \/>\n<meta name=\"robots\" content=\"index, follow, max-snippet:-1, max-image-preview:large, max-video-preview:-1\" \/>\n<link rel=\"canonical\" href=\"https:\/\/ueberlebenskunst.at\/survivalshop\/shop\/crkt-ceo-compact-grn-black\/\" \/>\n<meta property=\"og:locale\" content=\"de_DE\" \/>\n<meta property=\"og:type\" content=\"article\" \/>\n<meta property=\"og:title\" content=\"CRKT CEO Compact GRN Black - Reini Rossmann - Survival Shop\" \/>\n<meta property=\"og:description\" content=\"Der stabile Griff aus leichtgewichtigem, schwarzen GRN ist mit einem Clip (Tip-Up\/l) versehen und rundet die Kompetenzen des eleganten Folders ab.\" \/>\n<meta property=\"og:url\" content=\"https:\/\/ueberlebenskunst.at\/survivalshop\/shop\/crkt-ceo-compact-grn-black\/\" \/>\n<meta property=\"og:site_name\" content=\"Reini Rossmann - Survival Shop\" \/>\n<meta property=\"article:publisher\" content=\"https:\/\/www.facebook.com\/survival24.org\/\" \/>\n<meta property=\"article:modified_time\" content=\"2026-01-21T08:35:42+00:00\" \/>\n<meta property=\"og:image\" content=\"https:\/\/ueberlebenskunst.at\/survivalshop\/wp-content\/uploads\/2025\/07\/01CR7095KX.jpg\" \/>\n\t<meta property=\"og:image:width\" content=\"400\" \/>\n\t<meta property=\"og:image:height\" content=\"420\" \/>\n\t<meta property=\"og:image:type\" content=\"image\/jpeg\" \/>\n<meta name=\"twitter:card\" content=\"summary_large_image\" \/>\n<meta name=\"twitter:label1\" content=\"Gesch\u00e4tzte Lesezeit\" \/>\n\t<meta name=\"twitter:data1\" content=\"1\u00a0Minute\" \/>\n<script type=\"application\/ld+json\" class=\"yoast-schema-graph\">{\"@context\":\"https:\/\/schema.org\",\"@graph\":[{\"@type\":\"WebPage\",\"@id\":\"https:\/\/ueberlebenskunst.at\/survivalshop\/shop\/crkt-ceo-compact-grn-black\/\",\"url\":\"https:\/\/ueberlebenskunst.at\/survivalshop\/shop\/crkt-ceo-compact-grn-black\/\",\"name\":\"CRKT CEO Compact GRN Black - Reini Rossmann - Survival Shop\",\"isPartOf\":{\"@id\":\"https:\/\/ueberlebenskunst.at\/survivalshop\/#website\"},\"primaryImageOfPage\":{\"@id\":\"https:\/\/ueberlebenskunst.at\/survivalshop\/shop\/crkt-ceo-compact-grn-black\/#primaryimage\"},\"image\":{\"@id\":\"https:\/\/ueberlebenskunst.at\/survivalshop\/shop\/crkt-ceo-compact-grn-black\/#primaryimage\"},\"thumbnailUrl\":\"https:\/\/ueberlebenskunst.at\/survivalshop\/wp-content\/uploads\/2025\/07\/01CR7095KX.jpg\",\"datePublished\":\"2025-07-24T04:42:42+00:00\",\"dateModified\":\"2026-01-21T08:35:42+00:00\",\"description\":\"Der stabile Griff aus leichtgewichtigem, schwarzen GRN ist mit einem Clip (Tip-Up\/l) versehen und rundet die Kompetenzen des eleganten Folders ab.\",\"breadcrumb\":{\"@id\":\"https:\/\/ueberlebenskunst.at\/survivalshop\/shop\/crkt-ceo-compact-grn-black\/#breadcrumb\"},\"inLanguage\":\"de\",\"potentialAction\":[{\"@type\":\"ReadAction\",\"target\":[\"https:\/\/ueberlebenskunst.at\/survivalshop\/shop\/crkt-ceo-compact-grn-black\/\"]}]},{\"@type\":\"ImageObject\",\"inLanguage\":\"de\",\"@id\":\"https:\/\/ueberlebenskunst.at\/survivalshop\/shop\/crkt-ceo-compact-grn-black\/#primaryimage\",\"url\":\"https:\/\/ueberlebenskunst.at\/survivalshop\/wp-content\/uploads\/2025\/07\/01CR7095KX.jpg\",\"contentUrl\":\"https:\/\/ueberlebenskunst.at\/survivalshop\/wp-content\/uploads\/2025\/07\/01CR7095KX.jpg\",\"width\":400,\"height\":420},{\"@type\":\"BreadcrumbList\",\"@id\":\"https:\/\/ueberlebenskunst.at\/survivalshop\/shop\/crkt-ceo-compact-grn-black\/#breadcrumb\",\"itemListElement\":[{\"@type\":\"ListItem\",\"position\":1,\"name\":\"Startseite\",\"item\":\"https:\/\/ueberlebenskunst.at\/survivalshop\/\"},{\"@type\":\"ListItem\",\"position\":2,\"name\":\"Shop\",\"item\":\"https:\/\/ueberlebenskunst.at\/survivalshop\/shop\/\"},{\"@type\":\"ListItem\",\"position\":3,\"name\":\"CRKT CEO Compact GRN Black\"}]},{\"@type\":\"WebSite\",\"@id\":\"https:\/\/ueberlebenskunst.at\/survivalshop\/#website\",\"url\":\"https:\/\/ueberlebenskunst.at\/survivalshop\/\",\"name\":\"Reini Rossmann - Survival Shop\",\"description\":\"Survival Shop f\u00fcr Survival, Bushcraft und Prepper\",\"potentialAction\":[{\"@type\":\"SearchAction\",\"target\":{\"@type\":\"EntryPoint\",\"urlTemplate\":\"https:\/\/ueberlebenskunst.at\/survivalshop\/?s={search_term_string}\"},\"query-input\":{\"@type\":\"PropertyValueSpecification\",\"valueRequired\":true,\"valueName\":\"search_term_string\"}}],\"inLanguage\":\"de\"}]}<\/script>\n<!-- \/ Yoast SEO plugin. -->","yoast_head_json":{"title":"CRKT CEO Compact GRN Black - Reini Rossmann - Survival Shop","description":"Der stabile Griff aus leichtgewichtigem, schwarzen GRN ist mit einem Clip (Tip-Up\/l) versehen und rundet die Kompetenzen des eleganten Folders ab.","robots":{"index":"index","follow":"follow","max-snippet":"max-snippet:-1","max-image-preview":"max-image-preview:large","max-video-preview":"max-video-preview:-1"},"canonical":"https:\/\/ueberlebenskunst.at\/survivalshop\/shop\/crkt-ceo-compact-grn-black\/","og_locale":"de_DE","og_type":"article","og_title":"CRKT CEO Compact GRN Black - Reini Rossmann - Survival Shop","og_description":"Der stabile Griff aus leichtgewichtigem, schwarzen GRN ist mit einem Clip (Tip-Up\/l) versehen und rundet die Kompetenzen des eleganten Folders ab.","og_url":"https:\/\/ueberlebenskunst.at\/survivalshop\/shop\/crkt-ceo-compact-grn-black\/","og_site_name":"Reini Rossmann - Survival Shop","article_publisher":"https:\/\/www.facebook.com\/survival24.org\/","article_modified_time":"2026-01-21T08:35:42+00:00","og_image":[{"width":400,"height":420,"url":"https:\/\/ueberlebenskunst.at\/survivalshop\/wp-content\/uploads\/2025\/07\/01CR7095KX.jpg","type":"image\/jpeg"}],"twitter_card":"summary_large_image","twitter_misc":{"Gesch\u00e4tzte Lesezeit":"1\u00a0Minute"},"schema":{"@context":"https:\/\/schema.org","@graph":[{"@type":"WebPage","@id":"https:\/\/ueberlebenskunst.at\/survivalshop\/shop\/crkt-ceo-compact-grn-black\/","url":"https:\/\/ueberlebenskunst.at\/survivalshop\/shop\/crkt-ceo-compact-grn-black\/","name":"CRKT CEO Compact GRN Black - Reini Rossmann - Survival Shop","isPartOf":{"@id":"https:\/\/ueberlebenskunst.at\/survivalshop\/#website"},"primaryImageOfPage":{"@id":"https:\/\/ueberlebenskunst.at\/survivalshop\/shop\/crkt-ceo-compact-grn-black\/#primaryimage"},"image":{"@id":"https:\/\/ueberlebenskunst.at\/survivalshop\/shop\/crkt-ceo-compact-grn-black\/#primaryimage"},"thumbnailUrl":"https:\/\/ueberlebenskunst.at\/survivalshop\/wp-content\/uploads\/2025\/07\/01CR7095KX.jpg","datePublished":"2025-07-24T04:42:42+00:00","dateModified":"2026-01-21T08:35:42+00:00","description":"Der stabile Griff aus leichtgewichtigem, schwarzen GRN ist mit einem Clip (Tip-Up\/l) versehen und rundet die Kompetenzen des eleganten Folders ab.","breadcrumb":{"@id":"https:\/\/ueberlebenskunst.at\/survivalshop\/shop\/crkt-ceo-compact-grn-black\/#breadcrumb"},"inLanguage":"de","potentialAction":[{"@type":"ReadAction","target":["https:\/\/ueberlebenskunst.at\/survivalshop\/shop\/crkt-ceo-compact-grn-black\/"]}]},{"@type":"ImageObject","inLanguage":"de","@id":"https:\/\/ueberlebenskunst.at\/survivalshop\/shop\/crkt-ceo-compact-grn-black\/#primaryimage","url":"https:\/\/ueberlebenskunst.at\/survivalshop\/wp-content\/uploads\/2025\/07\/01CR7095KX.jpg","contentUrl":"https:\/\/ueberlebenskunst.at\/survivalshop\/wp-content\/uploads\/2025\/07\/01CR7095KX.jpg","width":400,"height":420},{"@type":"BreadcrumbList","@id":"https:\/\/ueberlebenskunst.at\/survivalshop\/shop\/crkt-ceo-compact-grn-black\/#breadcrumb","itemListElement":[{"@type":"ListItem","position":1,"name":"Startseite","item":"https:\/\/ueberlebenskunst.at\/survivalshop\/"},{"@type":"ListItem","position":2,"name":"Shop","item":"https:\/\/ueberlebenskunst.at\/survivalshop\/shop\/"},{"@type":"ListItem","position":3,"name":"CRKT CEO Compact GRN Black"}]},{"@type":"WebSite","@id":"https:\/\/ueberlebenskunst.at\/survivalshop\/#website","url":"https:\/\/ueberlebenskunst.at\/survivalshop\/","name":"Reini Rossmann - Survival Shop","description":"Survival Shop f\u00fcr Survival, Bushcraft und Prepper","potentialAction":[{"@type":"SearchAction","target":{"@type":"EntryPoint","urlTemplate":"https:\/\/ueberlebenskunst.at\/survivalshop\/?s={search_term_string}"},"query-input":{"@type":"PropertyValueSpecification","valueRequired":true,"valueName":"search_term_string"}}],"inLanguage":"de"}]}},"_links":{"self":[{"href":"https:\/\/ueberlebenskunst.at\/survivalshop\/wp-json\/wp\/v2\/product\/193360","targetHints":{"allow":["GET"]}}],"collection":[{"href":"https:\/\/ueberlebenskunst.at\/survivalshop\/wp-json\/wp\/v2\/product"}],"about":[{"href":"https:\/\/ueberlebenskunst.at\/survivalshop\/wp-json\/wp\/v2\/types\/product"}],"replies":[{"embeddable":true,"href":"https:\/\/ueberlebenskunst.at\/survivalshop\/wp-json\/wp\/v2\/comments?post=193360"}],"wp:featuredmedia":[{"embeddable":true,"href":"https:\/\/ueberlebenskunst.at\/survivalshop\/wp-json\/wp\/v2\/media\/193361"}],"wp:attachment":[{"href":"https:\/\/ueberlebenskunst.at\/survivalshop\/wp-json\/wp\/v2\/media?parent=193360"}],"wp:term":[{"taxonomy":"product_brand","embeddable":true,"href":"https:\/\/ueberlebenskunst.at\/survivalshop\/wp-json\/wp\/v2\/product_brand?post=193360"},{"taxonomy":"product_cat","embeddable":true,"href":"https:\/\/ueberlebenskunst.at\/survivalshop\/wp-json\/wp\/v2\/product_cat?post=193360"},{"taxonomy":"product_tag","embeddable":true,"href":"https:\/\/ueberlebenskunst.at\/survivalshop\/wp-json\/wp\/v2\/product_tag?post=193360"}],"curies":[{"name":"wp","href":"https:\/\/api.w.org\/{rel}","templated":true}]}}