{"id":19188,"date":"2020-11-11T16:11:00","date_gmt":"2020-11-11T15:11:00","guid":{"rendered":"https:\/\/ueberlebenskunst.at\/survivalshop\/survivalshop\/?post_type=product&#038;p=19188"},"modified":"2024-03-21T07:26:11","modified_gmt":"2024-03-21T06:26:11","slug":"convar-7-weizen-multi-vitamin-riegel-125g","status":"seo-produkt","type":"product","link":"https:\/\/ueberlebenskunst.at\/survivalshop\/shop\/convar-7-weizen-multi-vitamin-riegel-125g\/","title":{"rendered":"Convar-7 Weizen-Multi-Vitamin-Riegel 125g"},"content":{"rendered":"<h3><\/h3>\n<p><iframe hcb-fetch-image-from=\"https:\/\/www.youtube.com\/watch?v=YsGUos59Ow0\" title=\"Diese Nahrung geh\u00f6rt in jeden Krisenvorrat | Krisenvorsorge\" width=\"640\" height=\"360\" src=\"https:\/\/www.youtube.com\/embed\/YsGUos59Ow0?feature=oembed\" frameborder=\"0\" allow=\"accelerometer; autoplay; clipboard-write; encrypted-media; gyroscope; picture-in-picture; web-share\" referrerpolicy=\"strict-origin-when-cross-origin\" allowfullscreen><\/iframe><\/p>\n<p>Der Convar-7 Weizen-Multi-Vitamin-Riegel ist laut Hersteller mindestens 15 Jahre lang haltbar und ist ideal als Energieschub in den unterschiedlichsten Situationen oder als <a href=\"https:\/\/ueberlebenskunst.at\/survivalshop\/shop\/nrg-5-notration-500g\/\" target=\"_blank\" rel=\"noopener noreferrer\">Notnahrung<\/a> mit allen notwendigen Vitaminen f\u00fcr den Krisenvorrat. Der Riegel ist die s\u00fc\u00dfe Erg\u00e4nzung zum <a href=\"https:\/\/ueberlebenskunst.at\/survivalshop\/shop\/tactical-foodpack-mre-weekpack-alpha-2080g\/\" target=\"_blank\" rel=\"noopener\">Weekpack Alpha<\/a> von Tactical Foodpack &#8211;&gt; viel Kalorien und Vitamine auf geringes Gewicht.<\/p>\n<h3>N\u00e4hrwert je 100g:<\/h3>\n<ul>\n<li>Kilokalorien: 491kcal<\/li>\n<li>Fett: 21g<\/li>\n<li>ges\u00e4ttigte Fetts\u00e4uren: 9,04g<\/li>\n<li>Kohlenhydrate: 67,3g<\/li>\n<li>Zucker: 20,6g<\/li>\n<li>Eiwei\u00df: 6,7g<\/li>\n<li>Salz: 0,236g<\/li>\n<\/ul>\n<p><strong>Mineralien \/Vitamine\u00a0 in % NRV ( Tagesbedarf) je 100g<\/strong><\/p>\n<p>38% Kalzium \/ 33% Eisen \/ 33% Zink \/ 18%Selenium<br \/>\n40%Vitamin A \/ 50% Vitamin D \/ 32% Vitamin B1<br \/>\n36% Vitamin B2 \/ 25% Vitamin B6 \/ 32% Niacin<\/p>\n<h3><strong>Zutaten:<\/strong><\/h3>\n<p>WEIZENMEHL 65%, pflanzliches \u00d6l (Palm), Zucker (Saccharose), Dextrose, MILCHPULVER, Glukosesirup, Wasser, Salz, Vitamin B2 (Riboflavin), Vitamin B1 (Thiamin), Vitamin B6, Vitamin A, Vitamin D3, Nicacin, Backtriebmittel: Natriumcarbonat, S\u00e4ureregulator: Citronens\u00e4ure, Antioxidationsmittel: Butylhydroxyanisol<\/p>\n<p><a href=\"https:\/\/ueberlebenskunst.at\/survivalshop\/survivalshop\/wp-content\/uploads\/2020\/11\/C7-HVB-VTM_2.jpg\" target=\"_blank\" rel=\"noopener noreferrer\"><img decoding=\"async\" class=\"alignnone wp-image-19190\" src=\"https:\/\/ueberlebenskunst.at\/survivalshop\/survivalshop\/wp-content\/uploads\/2020\/11\/C7-HVB-VTM_2-300x300.jpg\" alt=\"\" width=\"217\" height=\"217\" srcset=\"https:\/\/ueberlebenskunst.at\/survivalshop\/wp-content\/uploads\/2020\/11\/C7-HVB-VTM_2-300x300.jpg 300w, https:\/\/ueberlebenskunst.at\/survivalshop\/wp-content\/uploads\/2020\/11\/C7-HVB-VTM_2-100x100.jpg 100w, https:\/\/ueberlebenskunst.at\/survivalshop\/wp-content\/uploads\/2020\/11\/C7-HVB-VTM_2-600x600.jpg 600w, https:\/\/ueberlebenskunst.at\/survivalshop\/wp-content\/uploads\/2020\/11\/C7-HVB-VTM_2-150x150.jpg 150w, https:\/\/ueberlebenskunst.at\/survivalshop\/wp-content\/uploads\/2020\/11\/C7-HVB-VTM_2-768x768.jpg 768w, https:\/\/ueberlebenskunst.at\/survivalshop\/wp-content\/uploads\/2020\/11\/C7-HVB-VTM_2.jpg 800w\" sizes=\"(max-width: 217px) 100vw, 217px\" \/><\/a><\/p>\n<p>&nbsp;<\/p>\n","protected":false},"excerpt":{"rendered":"<p>Der Vitamin und Energieschub f\u00fcr unterwegs<\/p>\n","protected":false},"featured_media":19189,"comment_status":"open","ping_status":"closed","template":"","meta":{"_acf_changed":false},"product_brand":[],"product_cat":[426],"product_tag":[210],"class_list":{"0":"post-19188","1":"product","2":"type-product","3":"status-seo-produkt","4":"has-post-thumbnail","6":"product_cat-unkategorisiert","7":"product_tag-notnahrung","9":"first","10":"outofstock","11":"taxable","12":"shipping-taxable","13":"product-type-simple"},"acf":[],"yoast_head":"<!-- This site is optimized with the Yoast SEO plugin v27.1.1 - https:\/\/yoast.com\/product\/yoast-seo-wordpress\/ -->\n<title>Convar-7 Weizen-Multi-Vitamin-Riegel 125g mit 491kcal pro 100g<\/title>\n<meta name=\"description\" content=\"Der Convar-7 Weizen-Multi-Vitamin-Riegel mit 125g in der Multivitamin Geschmack - Ausf\u00fchrung ideal f\u00fcr den notwendigen Energieschub\" \/>\n<meta name=\"robots\" content=\"index, follow, max-snippet:-1, max-image-preview:large, max-video-preview:-1\" \/>\n<link rel=\"canonical\" href=\"https:\/\/ueberlebenskunst.at\/survivalshop\/shop\/convar-7-weizen-multi-vitamin-riegel-125g\/\" \/>\n<meta property=\"og:locale\" content=\"de_DE\" \/>\n<meta property=\"og:type\" content=\"article\" \/>\n<meta property=\"og:title\" content=\"Convar-7 Weizen-Multi-Vitamin-Riegel 125g mit 491kcal pro 100g\" \/>\n<meta property=\"og:description\" content=\"Der Convar-7 Weizen-Multi-Vitamin-Riegel mit 125g in der Multivitamin Geschmack - Ausf\u00fchrung ideal f\u00fcr den notwendigen Energieschub\" \/>\n<meta property=\"og:url\" content=\"https:\/\/ueberlebenskunst.at\/survivalshop\/shop\/convar-7-weizen-multi-vitamin-riegel-125g\/\" \/>\n<meta property=\"og:site_name\" content=\"Reini Rossmann - Survival Shop\" \/>\n<meta property=\"article:publisher\" content=\"https:\/\/www.facebook.com\/survival24.org\/\" \/>\n<meta property=\"article:modified_time\" content=\"2024-03-21T06:26:11+00:00\" \/>\n<meta property=\"og:image\" content=\"https:\/\/ueberlebenskunst.at\/survivalshop\/wp-content\/uploads\/2020\/11\/C7-HVB-VTM.jpg\" \/>\n\t<meta property=\"og:image:width\" content=\"800\" \/>\n\t<meta property=\"og:image:height\" content=\"800\" \/>\n\t<meta property=\"og:image:type\" content=\"image\/jpeg\" \/>\n<meta name=\"twitter:card\" content=\"summary_large_image\" \/>\n<meta name=\"twitter:label1\" content=\"Gesch\u00e4tzte Lesezeit\" \/>\n\t<meta name=\"twitter:data1\" content=\"1\u00a0Minute\" \/>\n<script type=\"application\/ld+json\" class=\"yoast-schema-graph\">{\"@context\":\"https:\/\/schema.org\",\"@graph\":[{\"@type\":\"WebPage\",\"@id\":\"https:\/\/ueberlebenskunst.at\/survivalshop\/shop\/convar-7-weizen-multi-vitamin-riegel-125g\/\",\"url\":\"https:\/\/ueberlebenskunst.at\/survivalshop\/shop\/convar-7-weizen-multi-vitamin-riegel-125g\/\",\"name\":\"Convar-7 Weizen-Multi-Vitamin-Riegel 125g mit 491kcal pro 100g\",\"isPartOf\":{\"@id\":\"https:\/\/ueberlebenskunst.at\/survivalshop\/#website\"},\"primaryImageOfPage\":{\"@id\":\"https:\/\/ueberlebenskunst.at\/survivalshop\/shop\/convar-7-weizen-multi-vitamin-riegel-125g\/#primaryimage\"},\"image\":{\"@id\":\"https:\/\/ueberlebenskunst.at\/survivalshop\/shop\/convar-7-weizen-multi-vitamin-riegel-125g\/#primaryimage\"},\"thumbnailUrl\":\"https:\/\/ueberlebenskunst.at\/survivalshop\/wp-content\/uploads\/2020\/11\/C7-HVB-VTM.jpg\",\"datePublished\":\"2020-11-11T15:11:00+00:00\",\"dateModified\":\"2024-03-21T06:26:11+00:00\",\"description\":\"Der Convar-7 Weizen-Multi-Vitamin-Riegel mit 125g in der Multivitamin Geschmack - Ausf\u00fchrung ideal f\u00fcr den notwendigen Energieschub\",\"breadcrumb\":{\"@id\":\"https:\/\/ueberlebenskunst.at\/survivalshop\/shop\/convar-7-weizen-multi-vitamin-riegel-125g\/#breadcrumb\"},\"inLanguage\":\"de\",\"potentialAction\":[{\"@type\":\"ReadAction\",\"target\":[\"https:\/\/ueberlebenskunst.at\/survivalshop\/shop\/convar-7-weizen-multi-vitamin-riegel-125g\/\"]}]},{\"@type\":\"ImageObject\",\"inLanguage\":\"de\",\"@id\":\"https:\/\/ueberlebenskunst.at\/survivalshop\/shop\/convar-7-weizen-multi-vitamin-riegel-125g\/#primaryimage\",\"url\":\"https:\/\/ueberlebenskunst.at\/survivalshop\/wp-content\/uploads\/2020\/11\/C7-HVB-VTM.jpg\",\"contentUrl\":\"https:\/\/ueberlebenskunst.at\/survivalshop\/wp-content\/uploads\/2020\/11\/C7-HVB-VTM.jpg\",\"width\":800,\"height\":800},{\"@type\":\"BreadcrumbList\",\"@id\":\"https:\/\/ueberlebenskunst.at\/survivalshop\/shop\/convar-7-weizen-multi-vitamin-riegel-125g\/#breadcrumb\",\"itemListElement\":[{\"@type\":\"ListItem\",\"position\":1,\"name\":\"Startseite\",\"item\":\"https:\/\/ueberlebenskunst.at\/survivalshop\/\"},{\"@type\":\"ListItem\",\"position\":2,\"name\":\"Shop\",\"item\":\"https:\/\/ueberlebenskunst.at\/survivalshop\/shop\/\"},{\"@type\":\"ListItem\",\"position\":3,\"name\":\"Convar-7 Weizen-Multi-Vitamin-Riegel 125g\"}]},{\"@type\":\"WebSite\",\"@id\":\"https:\/\/ueberlebenskunst.at\/survivalshop\/#website\",\"url\":\"https:\/\/ueberlebenskunst.at\/survivalshop\/\",\"name\":\"Reini Rossmann - Survival Shop\",\"description\":\"Survival Shop f\u00fcr Survival, Bushcraft und Prepper\",\"potentialAction\":[{\"@type\":\"SearchAction\",\"target\":{\"@type\":\"EntryPoint\",\"urlTemplate\":\"https:\/\/ueberlebenskunst.at\/survivalshop\/?s={search_term_string}\"},\"query-input\":{\"@type\":\"PropertyValueSpecification\",\"valueRequired\":true,\"valueName\":\"search_term_string\"}}],\"inLanguage\":\"de\"}]}<\/script>\n<!-- \/ Yoast SEO plugin. -->","yoast_head_json":{"title":"Convar-7 Weizen-Multi-Vitamin-Riegel 125g mit 491kcal pro 100g","description":"Der Convar-7 Weizen-Multi-Vitamin-Riegel mit 125g in der Multivitamin Geschmack - Ausf\u00fchrung ideal f\u00fcr den notwendigen Energieschub","robots":{"index":"index","follow":"follow","max-snippet":"max-snippet:-1","max-image-preview":"max-image-preview:large","max-video-preview":"max-video-preview:-1"},"canonical":"https:\/\/ueberlebenskunst.at\/survivalshop\/shop\/convar-7-weizen-multi-vitamin-riegel-125g\/","og_locale":"de_DE","og_type":"article","og_title":"Convar-7 Weizen-Multi-Vitamin-Riegel 125g mit 491kcal pro 100g","og_description":"Der Convar-7 Weizen-Multi-Vitamin-Riegel mit 125g in der Multivitamin Geschmack - Ausf\u00fchrung ideal f\u00fcr den notwendigen Energieschub","og_url":"https:\/\/ueberlebenskunst.at\/survivalshop\/shop\/convar-7-weizen-multi-vitamin-riegel-125g\/","og_site_name":"Reini Rossmann - Survival Shop","article_publisher":"https:\/\/www.facebook.com\/survival24.org\/","article_modified_time":"2024-03-21T06:26:11+00:00","og_image":[{"width":800,"height":800,"url":"https:\/\/ueberlebenskunst.at\/survivalshop\/wp-content\/uploads\/2020\/11\/C7-HVB-VTM.jpg","type":"image\/jpeg"}],"twitter_card":"summary_large_image","twitter_misc":{"Gesch\u00e4tzte Lesezeit":"1\u00a0Minute"},"schema":{"@context":"https:\/\/schema.org","@graph":[{"@type":"WebPage","@id":"https:\/\/ueberlebenskunst.at\/survivalshop\/shop\/convar-7-weizen-multi-vitamin-riegel-125g\/","url":"https:\/\/ueberlebenskunst.at\/survivalshop\/shop\/convar-7-weizen-multi-vitamin-riegel-125g\/","name":"Convar-7 Weizen-Multi-Vitamin-Riegel 125g mit 491kcal pro 100g","isPartOf":{"@id":"https:\/\/ueberlebenskunst.at\/survivalshop\/#website"},"primaryImageOfPage":{"@id":"https:\/\/ueberlebenskunst.at\/survivalshop\/shop\/convar-7-weizen-multi-vitamin-riegel-125g\/#primaryimage"},"image":{"@id":"https:\/\/ueberlebenskunst.at\/survivalshop\/shop\/convar-7-weizen-multi-vitamin-riegel-125g\/#primaryimage"},"thumbnailUrl":"https:\/\/ueberlebenskunst.at\/survivalshop\/wp-content\/uploads\/2020\/11\/C7-HVB-VTM.jpg","datePublished":"2020-11-11T15:11:00+00:00","dateModified":"2024-03-21T06:26:11+00:00","description":"Der Convar-7 Weizen-Multi-Vitamin-Riegel mit 125g in der Multivitamin Geschmack - Ausf\u00fchrung ideal f\u00fcr den notwendigen Energieschub","breadcrumb":{"@id":"https:\/\/ueberlebenskunst.at\/survivalshop\/shop\/convar-7-weizen-multi-vitamin-riegel-125g\/#breadcrumb"},"inLanguage":"de","potentialAction":[{"@type":"ReadAction","target":["https:\/\/ueberlebenskunst.at\/survivalshop\/shop\/convar-7-weizen-multi-vitamin-riegel-125g\/"]}]},{"@type":"ImageObject","inLanguage":"de","@id":"https:\/\/ueberlebenskunst.at\/survivalshop\/shop\/convar-7-weizen-multi-vitamin-riegel-125g\/#primaryimage","url":"https:\/\/ueberlebenskunst.at\/survivalshop\/wp-content\/uploads\/2020\/11\/C7-HVB-VTM.jpg","contentUrl":"https:\/\/ueberlebenskunst.at\/survivalshop\/wp-content\/uploads\/2020\/11\/C7-HVB-VTM.jpg","width":800,"height":800},{"@type":"BreadcrumbList","@id":"https:\/\/ueberlebenskunst.at\/survivalshop\/shop\/convar-7-weizen-multi-vitamin-riegel-125g\/#breadcrumb","itemListElement":[{"@type":"ListItem","position":1,"name":"Startseite","item":"https:\/\/ueberlebenskunst.at\/survivalshop\/"},{"@type":"ListItem","position":2,"name":"Shop","item":"https:\/\/ueberlebenskunst.at\/survivalshop\/shop\/"},{"@type":"ListItem","position":3,"name":"Convar-7 Weizen-Multi-Vitamin-Riegel 125g"}]},{"@type":"WebSite","@id":"https:\/\/ueberlebenskunst.at\/survivalshop\/#website","url":"https:\/\/ueberlebenskunst.at\/survivalshop\/","name":"Reini Rossmann - Survival Shop","description":"Survival Shop f\u00fcr Survival, Bushcraft und Prepper","potentialAction":[{"@type":"SearchAction","target":{"@type":"EntryPoint","urlTemplate":"https:\/\/ueberlebenskunst.at\/survivalshop\/?s={search_term_string}"},"query-input":{"@type":"PropertyValueSpecification","valueRequired":true,"valueName":"search_term_string"}}],"inLanguage":"de"}]}},"_links":{"self":[{"href":"https:\/\/ueberlebenskunst.at\/survivalshop\/wp-json\/wp\/v2\/product\/19188","targetHints":{"allow":["GET"]}}],"collection":[{"href":"https:\/\/ueberlebenskunst.at\/survivalshop\/wp-json\/wp\/v2\/product"}],"about":[{"href":"https:\/\/ueberlebenskunst.at\/survivalshop\/wp-json\/wp\/v2\/types\/product"}],"replies":[{"embeddable":true,"href":"https:\/\/ueberlebenskunst.at\/survivalshop\/wp-json\/wp\/v2\/comments?post=19188"}],"wp:featuredmedia":[{"embeddable":true,"href":"https:\/\/ueberlebenskunst.at\/survivalshop\/wp-json\/wp\/v2\/media\/19189"}],"wp:attachment":[{"href":"https:\/\/ueberlebenskunst.at\/survivalshop\/wp-json\/wp\/v2\/media?parent=19188"}],"wp:term":[{"taxonomy":"product_brand","embeddable":true,"href":"https:\/\/ueberlebenskunst.at\/survivalshop\/wp-json\/wp\/v2\/product_brand?post=19188"},{"taxonomy":"product_cat","embeddable":true,"href":"https:\/\/ueberlebenskunst.at\/survivalshop\/wp-json\/wp\/v2\/product_cat?post=19188"},{"taxonomy":"product_tag","embeddable":true,"href":"https:\/\/ueberlebenskunst.at\/survivalshop\/wp-json\/wp\/v2\/product_tag?post=19188"}],"curies":[{"name":"wp","href":"https:\/\/api.w.org\/{rel}","templated":true}]}}