{"id":191846,"date":"2025-06-10T08:09:42","date_gmt":"2025-06-10T06:09:42","guid":{"rendered":"https:\/\/ueberlebenskunst.at\/survivalshop\/?post_type=product&#038;p=191846"},"modified":"2025-10-28T09:48:08","modified_gmt":"2025-10-28T08:48:08","slug":"skallywag-mdv-plus-one-black","status":"publish","type":"product","link":"https:\/\/ueberlebenskunst.at\/survivalshop\/shop\/skallywag-mdv-plus-one-black\/","title":{"rendered":"Skallywag MDV Plus One &#8211; Black"},"content":{"rendered":"<p>Das MDV Plus One Knife wurde in Zusammenarbeit zwischen Michael Donvito und dem renommierten Messermacher Javan Roberts von Grays Custom entwickelt. Ziel war es, ein besonders funktionales und pr\u00e4zise gefertigtes Messer f\u00fcr den t\u00e4glichen Gebrauch (EDC \u2013 Everyday Carry) zu schaffen. Jede Linie, jeder Winkel und jede Kante des Messers folgt einem klaren Zweck und spiegelt eine durchdachte Gestaltung wider. Mit einer Gesamtl\u00e4nge von ca. 17 cm und einer Schneide von etwa 7,6 cm \u00fcberzeugt das MDV +1 durch eine pr\u00e4zise ausgef\u00fchrte Chisel-Schliffgeometrie, die seine Vielseitigkeit im Alltag unterstreicht. Dank seines geringen Gewichts von nur rund 90 Gramm ist es besonders leicht und angenehm zu tragen.<\/p>\n<p>Das Messer ist speziell f\u00fcr das Tragen in der Tasche konzipiert. Daher ist die mitgelieferte Scheide ohne Clip gestaltet. Ein nachtr\u00e4glicher Clip kann zwar angebracht werden, ist jedoch nicht optimal auf dieses System abgestimmt. Die Scheide nutzt ein Reibungshaltesystem, bei dem das Messer \u00fcber ein sogenanntes \u201eRhino Horn\u201c-Element schnell gezogen werden kann \u2013 ganz ohne Druckknopf oder zus\u00e4tzliche Sicherung.<\/p>\n<h3>Technische Daten:<\/h3>\n<ul>\n<li>Gesamtl\u00e4nge: 17,8 cm<\/li>\n<li>Klingenl\u00e4nge: 8,3 cm<\/li>\n<li>Griffl\u00e4nge: 9,5 cm<\/li>\n<li>Klingenst\u00e4rke: 4,8 mm<\/li>\n<li>Gewicht: 94 g<\/li>\n<li>Klingenh\u00e4rte: 58\u201361 HRC<\/li>\n<li>Stahl: D2<\/li>\n<\/ul>\n<p>&nbsp;<\/p>\n","protected":false},"excerpt":{"rendered":"<p>Das MDV Plus One Knife wurde in Zusammenarbeit zwischen Michael Donvito und dem renommierten Messermacher Javan Roberts von Grays Custom entwickelt. Ziel war es, ein besonders funktionales und pr\u00e4zise gefertigtes Messer f\u00fcr den t\u00e4glichen Gebrauch (EDC \u2013 Everyday Carry) zu schaffen. Jede Linie, jeder Winkel und jede Kante des Messers folgt einem klaren Zweck und [&hellip;]<\/p>\n","protected":false},"featured_media":191847,"comment_status":"open","ping_status":"closed","template":"","meta":{"_acf_changed":false},"product_brand":[],"product_cat":[1805],"product_tag":[2506],"class_list":{"0":"post-191846","1":"product","2":"type-product","3":"status-publish","4":"has-post-thumbnail","6":"product_cat-messer-messer-tools","7":"product_tag-skallywag","9":"first","10":"outofstock","11":"taxable","12":"shipping-taxable","13":"purchasable","14":"product-type-simple"},"acf":[],"yoast_head":"<!-- This site is optimized with the Yoast SEO plugin v27.1.1 - https:\/\/yoast.com\/product\/yoast-seo-wordpress\/ -->\n<title>Skallywag MDV Plus One - Black - Reini Rossmann - Survival Shop<\/title>\n<meta name=\"robots\" content=\"index, follow, max-snippet:-1, max-image-preview:large, max-video-preview:-1\" \/>\n<link rel=\"canonical\" href=\"https:\/\/ueberlebenskunst.at\/survivalshop\/shop\/skallywag-mdv-plus-one-black\/\" \/>\n<meta property=\"og:locale\" content=\"de_DE\" \/>\n<meta property=\"og:type\" content=\"article\" \/>\n<meta property=\"og:title\" content=\"Skallywag MDV Plus One - Black - Reini Rossmann - Survival Shop\" \/>\n<meta property=\"og:description\" content=\"Das MDV Plus One Knife wurde in Zusammenarbeit zwischen Michael Donvito und dem renommierten Messermacher Javan Roberts von Grays Custom entwickelt. Ziel war es, ein besonders funktionales und pr\u00e4zise gefertigtes Messer f\u00fcr den t\u00e4glichen Gebrauch (EDC \u2013 Everyday Carry) zu schaffen. Jede Linie, jeder Winkel und jede Kante des Messers folgt einem klaren Zweck und [&hellip;]\" \/>\n<meta property=\"og:url\" content=\"https:\/\/ueberlebenskunst.at\/survivalshop\/shop\/skallywag-mdv-plus-one-black\/\" \/>\n<meta property=\"og:site_name\" content=\"Reini Rossmann - Survival Shop\" \/>\n<meta property=\"article:publisher\" content=\"https:\/\/www.facebook.com\/survival24.org\/\" \/>\n<meta property=\"article:modified_time\" content=\"2025-10-28T08:48:08+00:00\" \/>\n<meta property=\"og:image\" content=\"https:\/\/ueberlebenskunst.at\/survivalshop\/wp-content\/uploads\/2025\/06\/Skallywag.jpg\" \/>\n\t<meta property=\"og:image:width\" content=\"400\" \/>\n\t<meta property=\"og:image:height\" content=\"367\" \/>\n\t<meta property=\"og:image:type\" content=\"image\/jpeg\" \/>\n<meta name=\"twitter:card\" content=\"summary_large_image\" \/>\n<meta name=\"twitter:label1\" content=\"Gesch\u00e4tzte Lesezeit\" \/>\n\t<meta name=\"twitter:data1\" content=\"2\u00a0Minuten\" \/>\n<script type=\"application\/ld+json\" class=\"yoast-schema-graph\">{\"@context\":\"https:\/\/schema.org\",\"@graph\":[{\"@type\":\"WebPage\",\"@id\":\"https:\/\/ueberlebenskunst.at\/survivalshop\/shop\/skallywag-mdv-plus-one-black\/\",\"url\":\"https:\/\/ueberlebenskunst.at\/survivalshop\/shop\/skallywag-mdv-plus-one-black\/\",\"name\":\"Skallywag MDV Plus One - Black - Reini Rossmann - Survival Shop\",\"isPartOf\":{\"@id\":\"https:\/\/ueberlebenskunst.at\/survivalshop\/#website\"},\"primaryImageOfPage\":{\"@id\":\"https:\/\/ueberlebenskunst.at\/survivalshop\/shop\/skallywag-mdv-plus-one-black\/#primaryimage\"},\"image\":{\"@id\":\"https:\/\/ueberlebenskunst.at\/survivalshop\/shop\/skallywag-mdv-plus-one-black\/#primaryimage\"},\"thumbnailUrl\":\"https:\/\/ueberlebenskunst.at\/survivalshop\/wp-content\/uploads\/2025\/06\/Skallywag.jpg\",\"datePublished\":\"2025-06-10T06:09:42+00:00\",\"dateModified\":\"2025-10-28T08:48:08+00:00\",\"breadcrumb\":{\"@id\":\"https:\/\/ueberlebenskunst.at\/survivalshop\/shop\/skallywag-mdv-plus-one-black\/#breadcrumb\"},\"inLanguage\":\"de\",\"potentialAction\":[{\"@type\":\"ReadAction\",\"target\":[\"https:\/\/ueberlebenskunst.at\/survivalshop\/shop\/skallywag-mdv-plus-one-black\/\"]}]},{\"@type\":\"ImageObject\",\"inLanguage\":\"de\",\"@id\":\"https:\/\/ueberlebenskunst.at\/survivalshop\/shop\/skallywag-mdv-plus-one-black\/#primaryimage\",\"url\":\"https:\/\/ueberlebenskunst.at\/survivalshop\/wp-content\/uploads\/2025\/06\/Skallywag.jpg\",\"contentUrl\":\"https:\/\/ueberlebenskunst.at\/survivalshop\/wp-content\/uploads\/2025\/06\/Skallywag.jpg\",\"width\":400,\"height\":367},{\"@type\":\"BreadcrumbList\",\"@id\":\"https:\/\/ueberlebenskunst.at\/survivalshop\/shop\/skallywag-mdv-plus-one-black\/#breadcrumb\",\"itemListElement\":[{\"@type\":\"ListItem\",\"position\":1,\"name\":\"Startseite\",\"item\":\"https:\/\/ueberlebenskunst.at\/survivalshop\/\"},{\"@type\":\"ListItem\",\"position\":2,\"name\":\"Shop\",\"item\":\"https:\/\/ueberlebenskunst.at\/survivalshop\/shop\/\"},{\"@type\":\"ListItem\",\"position\":3,\"name\":\"Skallywag MDV Plus One &#8211; Black\"}]},{\"@type\":\"WebSite\",\"@id\":\"https:\/\/ueberlebenskunst.at\/survivalshop\/#website\",\"url\":\"https:\/\/ueberlebenskunst.at\/survivalshop\/\",\"name\":\"Reini Rossmann - Survival Shop\",\"description\":\"Survival Shop f\u00fcr Survival, Bushcraft und Prepper\",\"potentialAction\":[{\"@type\":\"SearchAction\",\"target\":{\"@type\":\"EntryPoint\",\"urlTemplate\":\"https:\/\/ueberlebenskunst.at\/survivalshop\/?s={search_term_string}\"},\"query-input\":{\"@type\":\"PropertyValueSpecification\",\"valueRequired\":true,\"valueName\":\"search_term_string\"}}],\"inLanguage\":\"de\"}]}<\/script>\n<!-- \/ Yoast SEO plugin. -->","yoast_head_json":{"title":"Skallywag MDV Plus One - Black - Reini Rossmann - Survival Shop","robots":{"index":"index","follow":"follow","max-snippet":"max-snippet:-1","max-image-preview":"max-image-preview:large","max-video-preview":"max-video-preview:-1"},"canonical":"https:\/\/ueberlebenskunst.at\/survivalshop\/shop\/skallywag-mdv-plus-one-black\/","og_locale":"de_DE","og_type":"article","og_title":"Skallywag MDV Plus One - Black - Reini Rossmann - Survival Shop","og_description":"Das MDV Plus One Knife wurde in Zusammenarbeit zwischen Michael Donvito und dem renommierten Messermacher Javan Roberts von Grays Custom entwickelt. Ziel war es, ein besonders funktionales und pr\u00e4zise gefertigtes Messer f\u00fcr den t\u00e4glichen Gebrauch (EDC \u2013 Everyday Carry) zu schaffen. Jede Linie, jeder Winkel und jede Kante des Messers folgt einem klaren Zweck und [&hellip;]","og_url":"https:\/\/ueberlebenskunst.at\/survivalshop\/shop\/skallywag-mdv-plus-one-black\/","og_site_name":"Reini Rossmann - Survival Shop","article_publisher":"https:\/\/www.facebook.com\/survival24.org\/","article_modified_time":"2025-10-28T08:48:08+00:00","og_image":[{"width":400,"height":367,"url":"https:\/\/ueberlebenskunst.at\/survivalshop\/wp-content\/uploads\/2025\/06\/Skallywag.jpg","type":"image\/jpeg"}],"twitter_card":"summary_large_image","twitter_misc":{"Gesch\u00e4tzte Lesezeit":"2\u00a0Minuten"},"schema":{"@context":"https:\/\/schema.org","@graph":[{"@type":"WebPage","@id":"https:\/\/ueberlebenskunst.at\/survivalshop\/shop\/skallywag-mdv-plus-one-black\/","url":"https:\/\/ueberlebenskunst.at\/survivalshop\/shop\/skallywag-mdv-plus-one-black\/","name":"Skallywag MDV Plus One - Black - Reini Rossmann - Survival Shop","isPartOf":{"@id":"https:\/\/ueberlebenskunst.at\/survivalshop\/#website"},"primaryImageOfPage":{"@id":"https:\/\/ueberlebenskunst.at\/survivalshop\/shop\/skallywag-mdv-plus-one-black\/#primaryimage"},"image":{"@id":"https:\/\/ueberlebenskunst.at\/survivalshop\/shop\/skallywag-mdv-plus-one-black\/#primaryimage"},"thumbnailUrl":"https:\/\/ueberlebenskunst.at\/survivalshop\/wp-content\/uploads\/2025\/06\/Skallywag.jpg","datePublished":"2025-06-10T06:09:42+00:00","dateModified":"2025-10-28T08:48:08+00:00","breadcrumb":{"@id":"https:\/\/ueberlebenskunst.at\/survivalshop\/shop\/skallywag-mdv-plus-one-black\/#breadcrumb"},"inLanguage":"de","potentialAction":[{"@type":"ReadAction","target":["https:\/\/ueberlebenskunst.at\/survivalshop\/shop\/skallywag-mdv-plus-one-black\/"]}]},{"@type":"ImageObject","inLanguage":"de","@id":"https:\/\/ueberlebenskunst.at\/survivalshop\/shop\/skallywag-mdv-plus-one-black\/#primaryimage","url":"https:\/\/ueberlebenskunst.at\/survivalshop\/wp-content\/uploads\/2025\/06\/Skallywag.jpg","contentUrl":"https:\/\/ueberlebenskunst.at\/survivalshop\/wp-content\/uploads\/2025\/06\/Skallywag.jpg","width":400,"height":367},{"@type":"BreadcrumbList","@id":"https:\/\/ueberlebenskunst.at\/survivalshop\/shop\/skallywag-mdv-plus-one-black\/#breadcrumb","itemListElement":[{"@type":"ListItem","position":1,"name":"Startseite","item":"https:\/\/ueberlebenskunst.at\/survivalshop\/"},{"@type":"ListItem","position":2,"name":"Shop","item":"https:\/\/ueberlebenskunst.at\/survivalshop\/shop\/"},{"@type":"ListItem","position":3,"name":"Skallywag MDV Plus One &#8211; Black"}]},{"@type":"WebSite","@id":"https:\/\/ueberlebenskunst.at\/survivalshop\/#website","url":"https:\/\/ueberlebenskunst.at\/survivalshop\/","name":"Reini Rossmann - Survival Shop","description":"Survival Shop f\u00fcr Survival, Bushcraft und Prepper","potentialAction":[{"@type":"SearchAction","target":{"@type":"EntryPoint","urlTemplate":"https:\/\/ueberlebenskunst.at\/survivalshop\/?s={search_term_string}"},"query-input":{"@type":"PropertyValueSpecification","valueRequired":true,"valueName":"search_term_string"}}],"inLanguage":"de"}]}},"_links":{"self":[{"href":"https:\/\/ueberlebenskunst.at\/survivalshop\/wp-json\/wp\/v2\/product\/191846","targetHints":{"allow":["GET"]}}],"collection":[{"href":"https:\/\/ueberlebenskunst.at\/survivalshop\/wp-json\/wp\/v2\/product"}],"about":[{"href":"https:\/\/ueberlebenskunst.at\/survivalshop\/wp-json\/wp\/v2\/types\/product"}],"replies":[{"embeddable":true,"href":"https:\/\/ueberlebenskunst.at\/survivalshop\/wp-json\/wp\/v2\/comments?post=191846"}],"wp:featuredmedia":[{"embeddable":true,"href":"https:\/\/ueberlebenskunst.at\/survivalshop\/wp-json\/wp\/v2\/media\/191847"}],"wp:attachment":[{"href":"https:\/\/ueberlebenskunst.at\/survivalshop\/wp-json\/wp\/v2\/media?parent=191846"}],"wp:term":[{"taxonomy":"product_brand","embeddable":true,"href":"https:\/\/ueberlebenskunst.at\/survivalshop\/wp-json\/wp\/v2\/product_brand?post=191846"},{"taxonomy":"product_cat","embeddable":true,"href":"https:\/\/ueberlebenskunst.at\/survivalshop\/wp-json\/wp\/v2\/product_cat?post=191846"},{"taxonomy":"product_tag","embeddable":true,"href":"https:\/\/ueberlebenskunst.at\/survivalshop\/wp-json\/wp\/v2\/product_tag?post=191846"}],"curies":[{"name":"wp","href":"https:\/\/api.w.org\/{rel}","templated":true}]}}