{"id":19144,"date":"2020-11-10T15:50:09","date_gmt":"2020-11-10T13:50:09","guid":{"rendered":"https:\/\/ueberlebenskunst.at\/survivalshop\/survivalshop\/?post_type=product&#038;p=19144"},"modified":"2024-03-21T07:26:58","modified_gmt":"2024-03-21T06:26:58","slug":"nalgene-flasche-weithals-1-liter","status":"seo-produkt","type":"product","link":"https:\/\/ueberlebenskunst.at\/survivalshop\/shop\/nalgene-flasche-weithals-1-liter\/","title":{"rendered":"Nalgene Flasche Weithals 1 Liter"},"content":{"rendered":"<p>Die Nalgene Flasche mit Weithals-\u00d6ffnung und 1 Liter Fassungsvolumen hat eine praktische F\u00fcllstandsanzeige und eine Loop-Top Deckelbefestigung.<br \/>\nKombiniert mit dem <a href=\"https:\/\/ueberlebenskunst.at\/survivalshop\/shop\/steripen-fitsall-filter-aufsatz\/\" target=\"_blank\" rel=\"noopener noreferrer\">Steripen FitsAll<\/a> Vorfilter und einem<a href=\"https:\/\/ueberlebenskunst.at\/survivalshop\/shop\/steripen-adventurer-opti\/\" target=\"_blank\" rel=\"noopener noreferrer\"> Steripen UV Filter<\/a> hast du ein ideales Bundle um st\u00e4ndig <a href=\"https:\/\/ueberlebenskunst.at\/survivalshop\/survivalshop\/kategorie\/wasser-aufbereiten\/\" target=\"_blank\" rel=\"noopener noreferrer\">Wasser aufbereiten<\/a> und Transportieren zu k\u00f6nnen.<\/p>\n<p><a href=\"https:\/\/ueberlebenskunst.at\/survivalshop\/shop\/steripen-adventurer-opti\/\" target=\"_blank\" rel=\"noopener noreferrer\"> Steripen UV Filter<\/a>,\u00a0 deine Nalgene Falsche und <a href=\"https:\/\/ueberlebenskunst.at\/survivalshop\/shop\/tatonka-handle-mug-500\/\" target=\"_blank\" rel=\"noopener noreferrer\">Tatonka Handle Mug 500<\/a> kannst du zusammen einpacken in den <a href=\"https:\/\/ueberlebenskunst.at\/survivalshop\/shop\/tt-bottle-holder-1l\/\" target=\"_blank\" rel=\"noopener noreferrer\">TT BOTTLE HOLDER 1L<\/a>!!<\/p>\n<h3>\u00a0Eigenschaften:<\/h3>\n<ul>\n<li>geschmacksneutral<\/li>\n<li>absolut dicht<\/li>\n<li>einfach zu reinigen<\/li>\n<li>\u00e4u\u00dferst robust<\/li>\n<\/ul>\n<p>Material: Tritan BPA frei<br \/>\nTemperaturbest\u00e4ndig: -135\u00b0 bis +135\u00b0<br \/>\nGewicht: 150g<\/p>\n","protected":false},"excerpt":{"rendered":"<p>Nur Metall ist Robuster<\/p>\n","protected":false},"featured_media":19016,"comment_status":"open","ping_status":"closed","template":"","meta":{"_acf_changed":false},"product_brand":[],"product_cat":[426],"product_tag":[264],"class_list":{"0":"post-19144","1":"product","2":"type-product","3":"status-seo-produkt","4":"has-post-thumbnail","6":"product_cat-unkategorisiert","7":"product_tag-wasserdicht","9":"first","10":"outofstock","11":"taxable","12":"shipping-taxable","13":"product-type-simple"},"acf":[],"yoast_head":"<!-- This site is optimized with the Yoast SEO plugin v27.1.1 - https:\/\/yoast.com\/product\/yoast-seo-wordpress\/ -->\n<title>Nalgene Flasche Weithals 1 Liter absolut robust f\u00fcr den Outdooreinsatz<\/title>\n<meta name=\"description\" content=\"Die Nalgene Flasche Weithals 1 Liter ist \u00e4u\u00dferst robust, hitzeunempfindlich und absolut dicht. Das macht sie ideal f\u00fcr den Einsat Drau\u00dfen.\" \/>\n<meta name=\"robots\" content=\"index, follow, max-snippet:-1, max-image-preview:large, max-video-preview:-1\" \/>\n<link rel=\"canonical\" href=\"https:\/\/ueberlebenskunst.at\/survivalshop\/shop\/nalgene-flasche-weithals-1-liter\/\" \/>\n<meta property=\"og:locale\" content=\"de_DE\" \/>\n<meta property=\"og:type\" content=\"article\" \/>\n<meta property=\"og:title\" content=\"Nalgene Flasche Weithals 1 Liter absolut robust f\u00fcr den Outdooreinsatz\" \/>\n<meta property=\"og:description\" content=\"Die Nalgene Flasche Weithals 1 Liter ist \u00e4u\u00dferst robust, hitzeunempfindlich und absolut dicht. Das macht sie ideal f\u00fcr den Einsat Drau\u00dfen.\" \/>\n<meta property=\"og:url\" content=\"https:\/\/ueberlebenskunst.at\/survivalshop\/shop\/nalgene-flasche-weithals-1-liter\/\" \/>\n<meta property=\"og:site_name\" content=\"Reini Rossmann - Survival Shop\" \/>\n<meta property=\"article:publisher\" content=\"https:\/\/www.facebook.com\/survival24.org\/\" \/>\n<meta property=\"article:modified_time\" content=\"2024-03-21T06:26:58+00:00\" \/>\n<meta property=\"og:image\" content=\"https:\/\/ueberlebenskunst.at\/survivalshop\/wp-content\/uploads\/2020\/11\/457312-e1605020240359.jpg\" \/>\n\t<meta property=\"og:image:width\" content=\"103\" \/>\n\t<meta property=\"og:image:height\" content=\"149\" \/>\n\t<meta property=\"og:image:type\" content=\"image\/jpeg\" \/>\n<meta name=\"twitter:card\" content=\"summary_large_image\" \/>\n<meta name=\"twitter:label1\" content=\"Gesch\u00e4tzte Lesezeit\" \/>\n\t<meta name=\"twitter:data1\" content=\"1\u00a0Minute\" \/>\n<script type=\"application\/ld+json\" class=\"yoast-schema-graph\">{\"@context\":\"https:\/\/schema.org\",\"@graph\":[{\"@type\":\"WebPage\",\"@id\":\"https:\/\/ueberlebenskunst.at\/survivalshop\/shop\/nalgene-flasche-weithals-1-liter\/\",\"url\":\"https:\/\/ueberlebenskunst.at\/survivalshop\/shop\/nalgene-flasche-weithals-1-liter\/\",\"name\":\"Nalgene Flasche Weithals 1 Liter absolut robust f\u00fcr den Outdooreinsatz\",\"isPartOf\":{\"@id\":\"https:\/\/ueberlebenskunst.at\/survivalshop\/#website\"},\"primaryImageOfPage\":{\"@id\":\"https:\/\/ueberlebenskunst.at\/survivalshop\/shop\/nalgene-flasche-weithals-1-liter\/#primaryimage\"},\"image\":{\"@id\":\"https:\/\/ueberlebenskunst.at\/survivalshop\/shop\/nalgene-flasche-weithals-1-liter\/#primaryimage\"},\"thumbnailUrl\":\"https:\/\/ueberlebenskunst.at\/survivalshop\/wp-content\/uploads\/2020\/11\/457312-e1605020240359.jpg\",\"datePublished\":\"2020-11-10T13:50:09+00:00\",\"dateModified\":\"2024-03-21T06:26:58+00:00\",\"description\":\"Die Nalgene Flasche Weithals 1 Liter ist \u00e4u\u00dferst robust, hitzeunempfindlich und absolut dicht. Das macht sie ideal f\u00fcr den Einsat Drau\u00dfen.\",\"breadcrumb\":{\"@id\":\"https:\/\/ueberlebenskunst.at\/survivalshop\/shop\/nalgene-flasche-weithals-1-liter\/#breadcrumb\"},\"inLanguage\":\"de\",\"potentialAction\":[{\"@type\":\"ReadAction\",\"target\":[\"https:\/\/ueberlebenskunst.at\/survivalshop\/shop\/nalgene-flasche-weithals-1-liter\/\"]}]},{\"@type\":\"ImageObject\",\"inLanguage\":\"de\",\"@id\":\"https:\/\/ueberlebenskunst.at\/survivalshop\/shop\/nalgene-flasche-weithals-1-liter\/#primaryimage\",\"url\":\"https:\/\/ueberlebenskunst.at\/survivalshop\/wp-content\/uploads\/2020\/11\/457312-e1605020240359.jpg\",\"contentUrl\":\"https:\/\/ueberlebenskunst.at\/survivalshop\/wp-content\/uploads\/2020\/11\/457312-e1605020240359.jpg\",\"width\":103,\"height\":149},{\"@type\":\"BreadcrumbList\",\"@id\":\"https:\/\/ueberlebenskunst.at\/survivalshop\/shop\/nalgene-flasche-weithals-1-liter\/#breadcrumb\",\"itemListElement\":[{\"@type\":\"ListItem\",\"position\":1,\"name\":\"Startseite\",\"item\":\"https:\/\/ueberlebenskunst.at\/survivalshop\/\"},{\"@type\":\"ListItem\",\"position\":2,\"name\":\"Shop\",\"item\":\"https:\/\/ueberlebenskunst.at\/survivalshop\/shop\/\"},{\"@type\":\"ListItem\",\"position\":3,\"name\":\"Nalgene Flasche Weithals 1 Liter\"}]},{\"@type\":\"WebSite\",\"@id\":\"https:\/\/ueberlebenskunst.at\/survivalshop\/#website\",\"url\":\"https:\/\/ueberlebenskunst.at\/survivalshop\/\",\"name\":\"Reini Rossmann - Survival Shop\",\"description\":\"Survival Shop f\u00fcr Survival, Bushcraft und Prepper\",\"potentialAction\":[{\"@type\":\"SearchAction\",\"target\":{\"@type\":\"EntryPoint\",\"urlTemplate\":\"https:\/\/ueberlebenskunst.at\/survivalshop\/?s={search_term_string}\"},\"query-input\":{\"@type\":\"PropertyValueSpecification\",\"valueRequired\":true,\"valueName\":\"search_term_string\"}}],\"inLanguage\":\"de\"}]}<\/script>\n<!-- \/ Yoast SEO plugin. -->","yoast_head_json":{"title":"Nalgene Flasche Weithals 1 Liter absolut robust f\u00fcr den Outdooreinsatz","description":"Die Nalgene Flasche Weithals 1 Liter ist \u00e4u\u00dferst robust, hitzeunempfindlich und absolut dicht. Das macht sie ideal f\u00fcr den Einsat Drau\u00dfen.","robots":{"index":"index","follow":"follow","max-snippet":"max-snippet:-1","max-image-preview":"max-image-preview:large","max-video-preview":"max-video-preview:-1"},"canonical":"https:\/\/ueberlebenskunst.at\/survivalshop\/shop\/nalgene-flasche-weithals-1-liter\/","og_locale":"de_DE","og_type":"article","og_title":"Nalgene Flasche Weithals 1 Liter absolut robust f\u00fcr den Outdooreinsatz","og_description":"Die Nalgene Flasche Weithals 1 Liter ist \u00e4u\u00dferst robust, hitzeunempfindlich und absolut dicht. Das macht sie ideal f\u00fcr den Einsat Drau\u00dfen.","og_url":"https:\/\/ueberlebenskunst.at\/survivalshop\/shop\/nalgene-flasche-weithals-1-liter\/","og_site_name":"Reini Rossmann - Survival Shop","article_publisher":"https:\/\/www.facebook.com\/survival24.org\/","article_modified_time":"2024-03-21T06:26:58+00:00","og_image":[{"width":103,"height":149,"url":"https:\/\/ueberlebenskunst.at\/survivalshop\/wp-content\/uploads\/2020\/11\/457312-e1605020240359.jpg","type":"image\/jpeg"}],"twitter_card":"summary_large_image","twitter_misc":{"Gesch\u00e4tzte Lesezeit":"1\u00a0Minute"},"schema":{"@context":"https:\/\/schema.org","@graph":[{"@type":"WebPage","@id":"https:\/\/ueberlebenskunst.at\/survivalshop\/shop\/nalgene-flasche-weithals-1-liter\/","url":"https:\/\/ueberlebenskunst.at\/survivalshop\/shop\/nalgene-flasche-weithals-1-liter\/","name":"Nalgene Flasche Weithals 1 Liter absolut robust f\u00fcr den Outdooreinsatz","isPartOf":{"@id":"https:\/\/ueberlebenskunst.at\/survivalshop\/#website"},"primaryImageOfPage":{"@id":"https:\/\/ueberlebenskunst.at\/survivalshop\/shop\/nalgene-flasche-weithals-1-liter\/#primaryimage"},"image":{"@id":"https:\/\/ueberlebenskunst.at\/survivalshop\/shop\/nalgene-flasche-weithals-1-liter\/#primaryimage"},"thumbnailUrl":"https:\/\/ueberlebenskunst.at\/survivalshop\/wp-content\/uploads\/2020\/11\/457312-e1605020240359.jpg","datePublished":"2020-11-10T13:50:09+00:00","dateModified":"2024-03-21T06:26:58+00:00","description":"Die Nalgene Flasche Weithals 1 Liter ist \u00e4u\u00dferst robust, hitzeunempfindlich und absolut dicht. Das macht sie ideal f\u00fcr den Einsat Drau\u00dfen.","breadcrumb":{"@id":"https:\/\/ueberlebenskunst.at\/survivalshop\/shop\/nalgene-flasche-weithals-1-liter\/#breadcrumb"},"inLanguage":"de","potentialAction":[{"@type":"ReadAction","target":["https:\/\/ueberlebenskunst.at\/survivalshop\/shop\/nalgene-flasche-weithals-1-liter\/"]}]},{"@type":"ImageObject","inLanguage":"de","@id":"https:\/\/ueberlebenskunst.at\/survivalshop\/shop\/nalgene-flasche-weithals-1-liter\/#primaryimage","url":"https:\/\/ueberlebenskunst.at\/survivalshop\/wp-content\/uploads\/2020\/11\/457312-e1605020240359.jpg","contentUrl":"https:\/\/ueberlebenskunst.at\/survivalshop\/wp-content\/uploads\/2020\/11\/457312-e1605020240359.jpg","width":103,"height":149},{"@type":"BreadcrumbList","@id":"https:\/\/ueberlebenskunst.at\/survivalshop\/shop\/nalgene-flasche-weithals-1-liter\/#breadcrumb","itemListElement":[{"@type":"ListItem","position":1,"name":"Startseite","item":"https:\/\/ueberlebenskunst.at\/survivalshop\/"},{"@type":"ListItem","position":2,"name":"Shop","item":"https:\/\/ueberlebenskunst.at\/survivalshop\/shop\/"},{"@type":"ListItem","position":3,"name":"Nalgene Flasche Weithals 1 Liter"}]},{"@type":"WebSite","@id":"https:\/\/ueberlebenskunst.at\/survivalshop\/#website","url":"https:\/\/ueberlebenskunst.at\/survivalshop\/","name":"Reini Rossmann - Survival Shop","description":"Survival Shop f\u00fcr Survival, Bushcraft und Prepper","potentialAction":[{"@type":"SearchAction","target":{"@type":"EntryPoint","urlTemplate":"https:\/\/ueberlebenskunst.at\/survivalshop\/?s={search_term_string}"},"query-input":{"@type":"PropertyValueSpecification","valueRequired":true,"valueName":"search_term_string"}}],"inLanguage":"de"}]}},"_links":{"self":[{"href":"https:\/\/ueberlebenskunst.at\/survivalshop\/wp-json\/wp\/v2\/product\/19144","targetHints":{"allow":["GET"]}}],"collection":[{"href":"https:\/\/ueberlebenskunst.at\/survivalshop\/wp-json\/wp\/v2\/product"}],"about":[{"href":"https:\/\/ueberlebenskunst.at\/survivalshop\/wp-json\/wp\/v2\/types\/product"}],"replies":[{"embeddable":true,"href":"https:\/\/ueberlebenskunst.at\/survivalshop\/wp-json\/wp\/v2\/comments?post=19144"}],"wp:featuredmedia":[{"embeddable":true,"href":"https:\/\/ueberlebenskunst.at\/survivalshop\/wp-json\/wp\/v2\/media\/19016"}],"wp:attachment":[{"href":"https:\/\/ueberlebenskunst.at\/survivalshop\/wp-json\/wp\/v2\/media?parent=19144"}],"wp:term":[{"taxonomy":"product_brand","embeddable":true,"href":"https:\/\/ueberlebenskunst.at\/survivalshop\/wp-json\/wp\/v2\/product_brand?post=19144"},{"taxonomy":"product_cat","embeddable":true,"href":"https:\/\/ueberlebenskunst.at\/survivalshop\/wp-json\/wp\/v2\/product_cat?post=19144"},{"taxonomy":"product_tag","embeddable":true,"href":"https:\/\/ueberlebenskunst.at\/survivalshop\/wp-json\/wp\/v2\/product_tag?post=19144"}],"curies":[{"name":"wp","href":"https:\/\/api.w.org\/{rel}","templated":true}]}}