{"id":191294,"date":"2025-05-30T13:46:10","date_gmt":"2025-05-30T11:46:10","guid":{"rendered":"https:\/\/ueberlebenskunst.at\/survivalshop\/?post_type=product&#038;p=191294"},"modified":"2025-06-02T07:24:17","modified_gmt":"2025-06-02T05:24:17","slug":"flohmarktware-x-bow-fma-supersonic-rev-tactical-xl-120-lbs-bastlerpaket","status":"seo-produkt","type":"product","link":"https:\/\/ueberlebenskunst.at\/survivalshop\/shop\/flohmarktware-x-bow-fma-supersonic-rev-tactical-xl-120-lbs-bastlerpaket\/","title":{"rendered":"Flohmarktware: X-BOW FMA Supersonic REV TACTICAL XL 120 lbs Bastlerpaket"},"content":{"rendered":"<p>Was bedeutet Flohmarktware? So wie abgebildet. Das Produkt war einmal im Einsatz und weist eine Besch\u00e4digung auf. Wir k\u00f6nnen die Vollst\u00e4ndigkeit und Funktion nicht garantieren. Der Neupreis des gesamten Sets liegt bei 790 Euro.<\/p>\n<p><strong>WICHTIG! Verkauf erfolgt erst ab 18 Jahren.<\/strong><br \/>\n<strong>AUSWEIS ERFORDERLICH<\/strong><br \/>\n<strong>Achtung: Die Armbrust kann nur an Personen \u00fcber 18 Jahre abgegeben werden. Bitte deine Ausweiskopie beim Bestellabschluss hochladen.<\/strong><\/p>\n","protected":false},"excerpt":{"rendered":"<p>Was bedeutet Flohmarktware? So wie abgebildet. Das Produkt war einmal im Einsatz und weist eine Besch\u00e4digung auf. Wir k\u00f6nnen die Vollst\u00e4ndigkeit und Funktion nicht garantieren. Der Neupreis des gesamten Sets liegt bei 790 Euro. WICHTIG! Verkauf erfolgt erst ab 18 Jahren. AUSWEIS ERFORDERLICH Achtung: Die Armbrust kann nur an Personen \u00fcber 18 Jahre abgegeben werden. [&hellip;]<\/p>\n","protected":false},"featured_media":191299,"comment_status":"open","ping_status":"closed","template":"","meta":{"_acf_changed":false},"product_brand":[],"product_cat":[2389],"product_tag":[2390],"class_list":{"0":"post-191294","1":"product","2":"type-product","3":"status-seo-produkt","4":"has-post-thumbnail","6":"product_cat-flohmarkt","7":"product_tag-flohmarkt","8":"pa_platform-l-schaft","9":"pa_platform-triangel-schaft","11":"first","12":"outofstock","13":"taxable","14":"shipping-taxable","15":"product-type-variable","16":"has-default-attributes"},"acf":[],"yoast_head":"<!-- This site is optimized with the Yoast SEO plugin v27.1.1 - https:\/\/yoast.com\/product\/yoast-seo-wordpress\/ -->\n<title>Flohmarktware: X-BOW FMA Supersonic REV TACTICAL XL 120 lbs Bastlerpaket<\/title>\n<meta name=\"description\" content=\"Mit dem zus\u00e4tzlichen Schaft bringt es die Supersonic REV XL auf eine maximale L\u00e4nge von 67 cm. Dank der Option, die L\u00e4nge einzustellen, ist eine Anpassung auf minimal 61 cm m\u00f6glich.\" \/>\n<meta name=\"robots\" content=\"index, follow, max-snippet:-1, max-image-preview:large, max-video-preview:-1\" \/>\n<link rel=\"canonical\" href=\"https:\/\/ueberlebenskunst.at\/survivalshop\/shop\/flohmarktware-x-bow-fma-supersonic-rev-tactical-xl-120-lbs-bastlerpaket\/\" \/>\n<meta property=\"og:locale\" content=\"de_DE\" \/>\n<meta property=\"og:type\" content=\"article\" \/>\n<meta property=\"og:title\" content=\"Flohmarktware: X-BOW FMA Supersonic REV TACTICAL XL 120 lbs Bastlerpaket\" \/>\n<meta property=\"og:description\" content=\"Mit dem zus\u00e4tzlichen Schaft bringt es die Supersonic REV XL auf eine maximale L\u00e4nge von 67 cm. Dank der Option, die L\u00e4nge einzustellen, ist eine Anpassung auf minimal 61 cm m\u00f6glich.\" \/>\n<meta property=\"og:url\" content=\"https:\/\/ueberlebenskunst.at\/survivalshop\/shop\/flohmarktware-x-bow-fma-supersonic-rev-tactical-xl-120-lbs-bastlerpaket\/\" \/>\n<meta property=\"og:site_name\" content=\"Reini Rossmann - Survival Shop\" \/>\n<meta property=\"article:publisher\" content=\"https:\/\/www.facebook.com\/survival24.org\/\" \/>\n<meta property=\"article:modified_time\" content=\"2025-06-02T05:24:17+00:00\" \/>\n<meta property=\"og:image\" content=\"https:\/\/ueberlebenskunst.at\/survivalshop\/wp-content\/uploads\/2025\/05\/rev.jpg\" \/>\n\t<meta property=\"og:image:width\" content=\"374\" \/>\n\t<meta property=\"og:image:height\" content=\"540\" \/>\n\t<meta property=\"og:image:type\" content=\"image\/jpeg\" \/>\n<meta name=\"twitter:card\" content=\"summary_large_image\" \/>\n<meta name=\"twitter:label1\" content=\"Gesch\u00e4tzte Lesezeit\" \/>\n\t<meta name=\"twitter:data1\" content=\"1\u00a0Minute\" \/>\n<script type=\"application\/ld+json\" class=\"yoast-schema-graph\">{\"@context\":\"https:\/\/schema.org\",\"@graph\":[{\"@type\":\"WebPage\",\"@id\":\"https:\/\/ueberlebenskunst.at\/survivalshop\/shop\/flohmarktware-x-bow-fma-supersonic-rev-tactical-xl-120-lbs-bastlerpaket\/\",\"url\":\"https:\/\/ueberlebenskunst.at\/survivalshop\/shop\/flohmarktware-x-bow-fma-supersonic-rev-tactical-xl-120-lbs-bastlerpaket\/\",\"name\":\"Flohmarktware: X-BOW FMA Supersonic REV TACTICAL XL 120 lbs Bastlerpaket\",\"isPartOf\":{\"@id\":\"https:\/\/ueberlebenskunst.at\/survivalshop\/#website\"},\"primaryImageOfPage\":{\"@id\":\"https:\/\/ueberlebenskunst.at\/survivalshop\/shop\/flohmarktware-x-bow-fma-supersonic-rev-tactical-xl-120-lbs-bastlerpaket\/#primaryimage\"},\"image\":{\"@id\":\"https:\/\/ueberlebenskunst.at\/survivalshop\/shop\/flohmarktware-x-bow-fma-supersonic-rev-tactical-xl-120-lbs-bastlerpaket\/#primaryimage\"},\"thumbnailUrl\":\"https:\/\/ueberlebenskunst.at\/survivalshop\/wp-content\/uploads\/2025\/05\/rev.jpg\",\"datePublished\":\"2025-05-30T11:46:10+00:00\",\"dateModified\":\"2025-06-02T05:24:17+00:00\",\"description\":\"Mit dem zus\u00e4tzlichen Schaft bringt es die Supersonic REV XL auf eine maximale L\u00e4nge von 67 cm. Dank der Option, die L\u00e4nge einzustellen, ist eine Anpassung auf minimal 61 cm m\u00f6glich.\",\"breadcrumb\":{\"@id\":\"https:\/\/ueberlebenskunst.at\/survivalshop\/shop\/flohmarktware-x-bow-fma-supersonic-rev-tactical-xl-120-lbs-bastlerpaket\/#breadcrumb\"},\"inLanguage\":\"de\",\"potentialAction\":[{\"@type\":\"ReadAction\",\"target\":[\"https:\/\/ueberlebenskunst.at\/survivalshop\/shop\/flohmarktware-x-bow-fma-supersonic-rev-tactical-xl-120-lbs-bastlerpaket\/\"]}]},{\"@type\":\"ImageObject\",\"inLanguage\":\"de\",\"@id\":\"https:\/\/ueberlebenskunst.at\/survivalshop\/shop\/flohmarktware-x-bow-fma-supersonic-rev-tactical-xl-120-lbs-bastlerpaket\/#primaryimage\",\"url\":\"https:\/\/ueberlebenskunst.at\/survivalshop\/wp-content\/uploads\/2025\/05\/rev.jpg\",\"contentUrl\":\"https:\/\/ueberlebenskunst.at\/survivalshop\/wp-content\/uploads\/2025\/05\/rev.jpg\",\"width\":374,\"height\":540},{\"@type\":\"BreadcrumbList\",\"@id\":\"https:\/\/ueberlebenskunst.at\/survivalshop\/shop\/flohmarktware-x-bow-fma-supersonic-rev-tactical-xl-120-lbs-bastlerpaket\/#breadcrumb\",\"itemListElement\":[{\"@type\":\"ListItem\",\"position\":1,\"name\":\"Startseite\",\"item\":\"https:\/\/ueberlebenskunst.at\/survivalshop\/\"},{\"@type\":\"ListItem\",\"position\":2,\"name\":\"Shop\",\"item\":\"https:\/\/ueberlebenskunst.at\/survivalshop\/shop\/\"},{\"@type\":\"ListItem\",\"position\":3,\"name\":\"Flohmarktware: X-BOW FMA Supersonic REV TACTICAL XL 120 lbs Bastlerpaket\"}]},{\"@type\":\"WebSite\",\"@id\":\"https:\/\/ueberlebenskunst.at\/survivalshop\/#website\",\"url\":\"https:\/\/ueberlebenskunst.at\/survivalshop\/\",\"name\":\"Reini Rossmann - Survival Shop\",\"description\":\"Survival Shop f\u00fcr Survival, Bushcraft und Prepper\",\"potentialAction\":[{\"@type\":\"SearchAction\",\"target\":{\"@type\":\"EntryPoint\",\"urlTemplate\":\"https:\/\/ueberlebenskunst.at\/survivalshop\/?s={search_term_string}\"},\"query-input\":{\"@type\":\"PropertyValueSpecification\",\"valueRequired\":true,\"valueName\":\"search_term_string\"}}],\"inLanguage\":\"de\"}]}<\/script>\n<!-- \/ Yoast SEO plugin. -->","yoast_head_json":{"title":"Flohmarktware: X-BOW FMA Supersonic REV TACTICAL XL 120 lbs Bastlerpaket","description":"Mit dem zus\u00e4tzlichen Schaft bringt es die Supersonic REV XL auf eine maximale L\u00e4nge von 67 cm. Dank der Option, die L\u00e4nge einzustellen, ist eine Anpassung auf minimal 61 cm m\u00f6glich.","robots":{"index":"index","follow":"follow","max-snippet":"max-snippet:-1","max-image-preview":"max-image-preview:large","max-video-preview":"max-video-preview:-1"},"canonical":"https:\/\/ueberlebenskunst.at\/survivalshop\/shop\/flohmarktware-x-bow-fma-supersonic-rev-tactical-xl-120-lbs-bastlerpaket\/","og_locale":"de_DE","og_type":"article","og_title":"Flohmarktware: X-BOW FMA Supersonic REV TACTICAL XL 120 lbs Bastlerpaket","og_description":"Mit dem zus\u00e4tzlichen Schaft bringt es die Supersonic REV XL auf eine maximale L\u00e4nge von 67 cm. Dank der Option, die L\u00e4nge einzustellen, ist eine Anpassung auf minimal 61 cm m\u00f6glich.","og_url":"https:\/\/ueberlebenskunst.at\/survivalshop\/shop\/flohmarktware-x-bow-fma-supersonic-rev-tactical-xl-120-lbs-bastlerpaket\/","og_site_name":"Reini Rossmann - Survival Shop","article_publisher":"https:\/\/www.facebook.com\/survival24.org\/","article_modified_time":"2025-06-02T05:24:17+00:00","og_image":[{"width":374,"height":540,"url":"https:\/\/ueberlebenskunst.at\/survivalshop\/wp-content\/uploads\/2025\/05\/rev.jpg","type":"image\/jpeg"}],"twitter_card":"summary_large_image","twitter_misc":{"Gesch\u00e4tzte Lesezeit":"1\u00a0Minute"},"schema":{"@context":"https:\/\/schema.org","@graph":[{"@type":"WebPage","@id":"https:\/\/ueberlebenskunst.at\/survivalshop\/shop\/flohmarktware-x-bow-fma-supersonic-rev-tactical-xl-120-lbs-bastlerpaket\/","url":"https:\/\/ueberlebenskunst.at\/survivalshop\/shop\/flohmarktware-x-bow-fma-supersonic-rev-tactical-xl-120-lbs-bastlerpaket\/","name":"Flohmarktware: X-BOW FMA Supersonic REV TACTICAL XL 120 lbs Bastlerpaket","isPartOf":{"@id":"https:\/\/ueberlebenskunst.at\/survivalshop\/#website"},"primaryImageOfPage":{"@id":"https:\/\/ueberlebenskunst.at\/survivalshop\/shop\/flohmarktware-x-bow-fma-supersonic-rev-tactical-xl-120-lbs-bastlerpaket\/#primaryimage"},"image":{"@id":"https:\/\/ueberlebenskunst.at\/survivalshop\/shop\/flohmarktware-x-bow-fma-supersonic-rev-tactical-xl-120-lbs-bastlerpaket\/#primaryimage"},"thumbnailUrl":"https:\/\/ueberlebenskunst.at\/survivalshop\/wp-content\/uploads\/2025\/05\/rev.jpg","datePublished":"2025-05-30T11:46:10+00:00","dateModified":"2025-06-02T05:24:17+00:00","description":"Mit dem zus\u00e4tzlichen Schaft bringt es die Supersonic REV XL auf eine maximale L\u00e4nge von 67 cm. Dank der Option, die L\u00e4nge einzustellen, ist eine Anpassung auf minimal 61 cm m\u00f6glich.","breadcrumb":{"@id":"https:\/\/ueberlebenskunst.at\/survivalshop\/shop\/flohmarktware-x-bow-fma-supersonic-rev-tactical-xl-120-lbs-bastlerpaket\/#breadcrumb"},"inLanguage":"de","potentialAction":[{"@type":"ReadAction","target":["https:\/\/ueberlebenskunst.at\/survivalshop\/shop\/flohmarktware-x-bow-fma-supersonic-rev-tactical-xl-120-lbs-bastlerpaket\/"]}]},{"@type":"ImageObject","inLanguage":"de","@id":"https:\/\/ueberlebenskunst.at\/survivalshop\/shop\/flohmarktware-x-bow-fma-supersonic-rev-tactical-xl-120-lbs-bastlerpaket\/#primaryimage","url":"https:\/\/ueberlebenskunst.at\/survivalshop\/wp-content\/uploads\/2025\/05\/rev.jpg","contentUrl":"https:\/\/ueberlebenskunst.at\/survivalshop\/wp-content\/uploads\/2025\/05\/rev.jpg","width":374,"height":540},{"@type":"BreadcrumbList","@id":"https:\/\/ueberlebenskunst.at\/survivalshop\/shop\/flohmarktware-x-bow-fma-supersonic-rev-tactical-xl-120-lbs-bastlerpaket\/#breadcrumb","itemListElement":[{"@type":"ListItem","position":1,"name":"Startseite","item":"https:\/\/ueberlebenskunst.at\/survivalshop\/"},{"@type":"ListItem","position":2,"name":"Shop","item":"https:\/\/ueberlebenskunst.at\/survivalshop\/shop\/"},{"@type":"ListItem","position":3,"name":"Flohmarktware: X-BOW FMA Supersonic REV TACTICAL XL 120 lbs Bastlerpaket"}]},{"@type":"WebSite","@id":"https:\/\/ueberlebenskunst.at\/survivalshop\/#website","url":"https:\/\/ueberlebenskunst.at\/survivalshop\/","name":"Reini Rossmann - Survival Shop","description":"Survival Shop f\u00fcr Survival, Bushcraft und Prepper","potentialAction":[{"@type":"SearchAction","target":{"@type":"EntryPoint","urlTemplate":"https:\/\/ueberlebenskunst.at\/survivalshop\/?s={search_term_string}"},"query-input":{"@type":"PropertyValueSpecification","valueRequired":true,"valueName":"search_term_string"}}],"inLanguage":"de"}]}},"_links":{"self":[{"href":"https:\/\/ueberlebenskunst.at\/survivalshop\/wp-json\/wp\/v2\/product\/191294","targetHints":{"allow":["GET"]}}],"collection":[{"href":"https:\/\/ueberlebenskunst.at\/survivalshop\/wp-json\/wp\/v2\/product"}],"about":[{"href":"https:\/\/ueberlebenskunst.at\/survivalshop\/wp-json\/wp\/v2\/types\/product"}],"replies":[{"embeddable":true,"href":"https:\/\/ueberlebenskunst.at\/survivalshop\/wp-json\/wp\/v2\/comments?post=191294"}],"wp:featuredmedia":[{"embeddable":true,"href":"https:\/\/ueberlebenskunst.at\/survivalshop\/wp-json\/wp\/v2\/media\/191299"}],"wp:attachment":[{"href":"https:\/\/ueberlebenskunst.at\/survivalshop\/wp-json\/wp\/v2\/media?parent=191294"}],"wp:term":[{"taxonomy":"product_brand","embeddable":true,"href":"https:\/\/ueberlebenskunst.at\/survivalshop\/wp-json\/wp\/v2\/product_brand?post=191294"},{"taxonomy":"product_cat","embeddable":true,"href":"https:\/\/ueberlebenskunst.at\/survivalshop\/wp-json\/wp\/v2\/product_cat?post=191294"},{"taxonomy":"product_tag","embeddable":true,"href":"https:\/\/ueberlebenskunst.at\/survivalshop\/wp-json\/wp\/v2\/product_tag?post=191294"}],"curies":[{"name":"wp","href":"https:\/\/api.w.org\/{rel}","templated":true}]}}