{"id":190988,"date":"2025-05-26T14:36:31","date_gmt":"2025-05-26T12:36:31","guid":{"rendered":"https:\/\/ueberlebenskunst.at\/survivalshop\/?post_type=product&#038;p=190988"},"modified":"2026-03-30T20:56:01","modified_gmt":"2026-03-30T18:56:01","slug":"flohmarktware-wrecking-ball-1-stueck","status":"publish","type":"product","link":"https:\/\/ueberlebenskunst.at\/survivalshop\/shop\/flohmarktware-wrecking-ball-1-stueck\/","title":{"rendered":"Flohmarktware: Cold Steel Cheap Shot Wrecking Ball 1 St\u00fcck"},"content":{"rendered":"<p>Was bedeutet Flohmarktware? Ungebrauchte Neuware. 1 St\u00fcck wird geliefert, solange der Vorrat reicht.<\/p>\n<p>Der <span class=\"description\">Cheap Shot Wrecking Ball wurde aus einem s<\/span>peziellem Polymer, das eigentlich f\u00fcr die Raumfahrt ausgelegt ist, gefertigt, um Stahl zu ersetzen. Dadurch ist er \u00e4u\u00dferst robust und best\u00e4ndig gegen Korrosion.<\/p>\n<p><strong>Technische Daten:<\/strong><\/p>\n<ul>\n<li>Material: Polymer<\/li>\n<li>Gewicht: ca. 6,5 g (100 Grain)<\/li>\n<li>Abmessungen: 1,6 cm x 3 cm<\/li>\n<\/ul>\n","protected":false},"excerpt":{"rendered":"<p>Was bedeutet Flohmarktware? Ungebrauchte Neuware. 1 St\u00fcck wird geliefert, solange der Vorrat reicht. Der Cheap Shot Wrecking Ball wurde aus einem speziellem Polymer, das eigentlich f\u00fcr die Raumfahrt ausgelegt ist, gefertigt, um Stahl zu ersetzen. Dadurch ist er \u00e4u\u00dferst robust und best\u00e4ndig gegen Korrosion. Technische Daten: Material: Polymer Gewicht: ca. 6,5 g (100 Grain) Abmessungen: [&hellip;]<\/p>\n","protected":false},"featured_media":190990,"comment_status":"open","ping_status":"closed","template":"","meta":{"_acf_changed":false},"product_brand":[],"product_cat":[2389],"product_tag":[2390],"class_list":{"0":"post-190988","1":"product","2":"type-product","3":"status-publish","4":"has-post-thumbnail","6":"product_cat-flohmarkt","7":"product_tag-flohmarkt","9":"first","10":"instock","11":"sale","12":"taxable","13":"shipping-taxable","14":"purchasable","15":"product-type-simple"},"acf":[],"yoast_head":"<!-- This site is optimized with the Yoast SEO plugin v27.1.1 - https:\/\/yoast.com\/product\/yoast-seo-wordpress\/ -->\n<title>Flohmarktware: Cold Steel Cheap Shot Wrecking Ball 1 St\u00fcck a<\/title>\n<meta name=\"description\" content=\"Die Wrecking Ball Broadheads treffen mit voller Wucht auf. Sollte einmal einer kaputt gehen wird einfach ein neuer aufgeschraubt.\" \/>\n<meta name=\"robots\" content=\"index, follow, max-snippet:-1, max-image-preview:large, max-video-preview:-1\" \/>\n<link rel=\"canonical\" href=\"https:\/\/ueberlebenskunst.at\/survivalshop\/shop\/flohmarktware-wrecking-ball-1-stueck\/\" \/>\n<meta property=\"og:locale\" content=\"de_DE\" \/>\n<meta property=\"og:type\" content=\"article\" \/>\n<meta property=\"og:title\" content=\"Flohmarktware: Cold Steel Cheap Shot Wrecking Ball 1 St\u00fcck a\" \/>\n<meta property=\"og:description\" content=\"Die Wrecking Ball Broadheads treffen mit voller Wucht auf. Sollte einmal einer kaputt gehen wird einfach ein neuer aufgeschraubt.\" \/>\n<meta property=\"og:url\" content=\"https:\/\/ueberlebenskunst.at\/survivalshop\/shop\/flohmarktware-wrecking-ball-1-stueck\/\" \/>\n<meta property=\"og:site_name\" content=\"Reini Rossmann - Survival Shop\" \/>\n<meta property=\"article:publisher\" content=\"https:\/\/www.facebook.com\/survival24.org\/\" \/>\n<meta property=\"article:modified_time\" content=\"2026-03-30T18:56:01+00:00\" \/>\n<meta property=\"og:image\" content=\"https:\/\/ueberlebenskunst.at\/survivalshop\/wp-content\/uploads\/2025\/05\/wreckingball.jpg\" \/>\n\t<meta property=\"og:image:width\" content=\"358\" \/>\n\t<meta property=\"og:image:height\" content=\"468\" \/>\n\t<meta property=\"og:image:type\" content=\"image\/jpeg\" \/>\n<meta name=\"twitter:card\" content=\"summary_large_image\" \/>\n<meta name=\"twitter:label1\" content=\"Gesch\u00e4tzte Lesezeit\" \/>\n\t<meta name=\"twitter:data1\" content=\"1\u00a0Minute\" \/>\n<script type=\"application\/ld+json\" class=\"yoast-schema-graph\">{\"@context\":\"https:\/\/schema.org\",\"@graph\":[{\"@type\":\"WebPage\",\"@id\":\"https:\/\/ueberlebenskunst.at\/survivalshop\/shop\/flohmarktware-wrecking-ball-1-stueck\/\",\"url\":\"https:\/\/ueberlebenskunst.at\/survivalshop\/shop\/flohmarktware-wrecking-ball-1-stueck\/\",\"name\":\"Flohmarktware: Cold Steel Cheap Shot Wrecking Ball 1 St\u00fcck a\",\"isPartOf\":{\"@id\":\"https:\/\/ueberlebenskunst.at\/survivalshop\/#website\"},\"primaryImageOfPage\":{\"@id\":\"https:\/\/ueberlebenskunst.at\/survivalshop\/shop\/flohmarktware-wrecking-ball-1-stueck\/#primaryimage\"},\"image\":{\"@id\":\"https:\/\/ueberlebenskunst.at\/survivalshop\/shop\/flohmarktware-wrecking-ball-1-stueck\/#primaryimage\"},\"thumbnailUrl\":\"https:\/\/ueberlebenskunst.at\/survivalshop\/wp-content\/uploads\/2025\/05\/wreckingball.jpg\",\"datePublished\":\"2025-05-26T12:36:31+00:00\",\"dateModified\":\"2026-03-30T18:56:01+00:00\",\"description\":\"Die Wrecking Ball Broadheads treffen mit voller Wucht auf. Sollte einmal einer kaputt gehen wird einfach ein neuer aufgeschraubt.\",\"breadcrumb\":{\"@id\":\"https:\/\/ueberlebenskunst.at\/survivalshop\/shop\/flohmarktware-wrecking-ball-1-stueck\/#breadcrumb\"},\"inLanguage\":\"de\",\"potentialAction\":[{\"@type\":\"ReadAction\",\"target\":[\"https:\/\/ueberlebenskunst.at\/survivalshop\/shop\/flohmarktware-wrecking-ball-1-stueck\/\"]}]},{\"@type\":\"ImageObject\",\"inLanguage\":\"de\",\"@id\":\"https:\/\/ueberlebenskunst.at\/survivalshop\/shop\/flohmarktware-wrecking-ball-1-stueck\/#primaryimage\",\"url\":\"https:\/\/ueberlebenskunst.at\/survivalshop\/wp-content\/uploads\/2025\/05\/wreckingball.jpg\",\"contentUrl\":\"https:\/\/ueberlebenskunst.at\/survivalshop\/wp-content\/uploads\/2025\/05\/wreckingball.jpg\",\"width\":358,\"height\":468},{\"@type\":\"BreadcrumbList\",\"@id\":\"https:\/\/ueberlebenskunst.at\/survivalshop\/shop\/flohmarktware-wrecking-ball-1-stueck\/#breadcrumb\",\"itemListElement\":[{\"@type\":\"ListItem\",\"position\":1,\"name\":\"Startseite\",\"item\":\"https:\/\/ueberlebenskunst.at\/survivalshop\/\"},{\"@type\":\"ListItem\",\"position\":2,\"name\":\"Shop\",\"item\":\"https:\/\/ueberlebenskunst.at\/survivalshop\/shop\/\"},{\"@type\":\"ListItem\",\"position\":3,\"name\":\"Flohmarktware: Cold Steel Cheap Shot Wrecking Ball 1 St\u00fcck\"}]},{\"@type\":\"WebSite\",\"@id\":\"https:\/\/ueberlebenskunst.at\/survivalshop\/#website\",\"url\":\"https:\/\/ueberlebenskunst.at\/survivalshop\/\",\"name\":\"Reini Rossmann - Survival Shop\",\"description\":\"Survival Shop f\u00fcr Survival, Bushcraft und Prepper\",\"potentialAction\":[{\"@type\":\"SearchAction\",\"target\":{\"@type\":\"EntryPoint\",\"urlTemplate\":\"https:\/\/ueberlebenskunst.at\/survivalshop\/?s={search_term_string}\"},\"query-input\":{\"@type\":\"PropertyValueSpecification\",\"valueRequired\":true,\"valueName\":\"search_term_string\"}}],\"inLanguage\":\"de\"}]}<\/script>\n<!-- \/ Yoast SEO plugin. -->","yoast_head_json":{"title":"Flohmarktware: Cold Steel Cheap Shot Wrecking Ball 1 St\u00fcck a","description":"Die Wrecking Ball Broadheads treffen mit voller Wucht auf. Sollte einmal einer kaputt gehen wird einfach ein neuer aufgeschraubt.","robots":{"index":"index","follow":"follow","max-snippet":"max-snippet:-1","max-image-preview":"max-image-preview:large","max-video-preview":"max-video-preview:-1"},"canonical":"https:\/\/ueberlebenskunst.at\/survivalshop\/shop\/flohmarktware-wrecking-ball-1-stueck\/","og_locale":"de_DE","og_type":"article","og_title":"Flohmarktware: Cold Steel Cheap Shot Wrecking Ball 1 St\u00fcck a","og_description":"Die Wrecking Ball Broadheads treffen mit voller Wucht auf. Sollte einmal einer kaputt gehen wird einfach ein neuer aufgeschraubt.","og_url":"https:\/\/ueberlebenskunst.at\/survivalshop\/shop\/flohmarktware-wrecking-ball-1-stueck\/","og_site_name":"Reini Rossmann - Survival Shop","article_publisher":"https:\/\/www.facebook.com\/survival24.org\/","article_modified_time":"2026-03-30T18:56:01+00:00","og_image":[{"width":358,"height":468,"url":"https:\/\/ueberlebenskunst.at\/survivalshop\/wp-content\/uploads\/2025\/05\/wreckingball.jpg","type":"image\/jpeg"}],"twitter_card":"summary_large_image","twitter_misc":{"Gesch\u00e4tzte Lesezeit":"1\u00a0Minute"},"schema":{"@context":"https:\/\/schema.org","@graph":[{"@type":"WebPage","@id":"https:\/\/ueberlebenskunst.at\/survivalshop\/shop\/flohmarktware-wrecking-ball-1-stueck\/","url":"https:\/\/ueberlebenskunst.at\/survivalshop\/shop\/flohmarktware-wrecking-ball-1-stueck\/","name":"Flohmarktware: Cold Steel Cheap Shot Wrecking Ball 1 St\u00fcck a","isPartOf":{"@id":"https:\/\/ueberlebenskunst.at\/survivalshop\/#website"},"primaryImageOfPage":{"@id":"https:\/\/ueberlebenskunst.at\/survivalshop\/shop\/flohmarktware-wrecking-ball-1-stueck\/#primaryimage"},"image":{"@id":"https:\/\/ueberlebenskunst.at\/survivalshop\/shop\/flohmarktware-wrecking-ball-1-stueck\/#primaryimage"},"thumbnailUrl":"https:\/\/ueberlebenskunst.at\/survivalshop\/wp-content\/uploads\/2025\/05\/wreckingball.jpg","datePublished":"2025-05-26T12:36:31+00:00","dateModified":"2026-03-30T18:56:01+00:00","description":"Die Wrecking Ball Broadheads treffen mit voller Wucht auf. Sollte einmal einer kaputt gehen wird einfach ein neuer aufgeschraubt.","breadcrumb":{"@id":"https:\/\/ueberlebenskunst.at\/survivalshop\/shop\/flohmarktware-wrecking-ball-1-stueck\/#breadcrumb"},"inLanguage":"de","potentialAction":[{"@type":"ReadAction","target":["https:\/\/ueberlebenskunst.at\/survivalshop\/shop\/flohmarktware-wrecking-ball-1-stueck\/"]}]},{"@type":"ImageObject","inLanguage":"de","@id":"https:\/\/ueberlebenskunst.at\/survivalshop\/shop\/flohmarktware-wrecking-ball-1-stueck\/#primaryimage","url":"https:\/\/ueberlebenskunst.at\/survivalshop\/wp-content\/uploads\/2025\/05\/wreckingball.jpg","contentUrl":"https:\/\/ueberlebenskunst.at\/survivalshop\/wp-content\/uploads\/2025\/05\/wreckingball.jpg","width":358,"height":468},{"@type":"BreadcrumbList","@id":"https:\/\/ueberlebenskunst.at\/survivalshop\/shop\/flohmarktware-wrecking-ball-1-stueck\/#breadcrumb","itemListElement":[{"@type":"ListItem","position":1,"name":"Startseite","item":"https:\/\/ueberlebenskunst.at\/survivalshop\/"},{"@type":"ListItem","position":2,"name":"Shop","item":"https:\/\/ueberlebenskunst.at\/survivalshop\/shop\/"},{"@type":"ListItem","position":3,"name":"Flohmarktware: Cold Steel Cheap Shot Wrecking Ball 1 St\u00fcck"}]},{"@type":"WebSite","@id":"https:\/\/ueberlebenskunst.at\/survivalshop\/#website","url":"https:\/\/ueberlebenskunst.at\/survivalshop\/","name":"Reini Rossmann - Survival Shop","description":"Survival Shop f\u00fcr Survival, Bushcraft und Prepper","potentialAction":[{"@type":"SearchAction","target":{"@type":"EntryPoint","urlTemplate":"https:\/\/ueberlebenskunst.at\/survivalshop\/?s={search_term_string}"},"query-input":{"@type":"PropertyValueSpecification","valueRequired":true,"valueName":"search_term_string"}}],"inLanguage":"de"}]}},"_links":{"self":[{"href":"https:\/\/ueberlebenskunst.at\/survivalshop\/wp-json\/wp\/v2\/product\/190988","targetHints":{"allow":["GET"]}}],"collection":[{"href":"https:\/\/ueberlebenskunst.at\/survivalshop\/wp-json\/wp\/v2\/product"}],"about":[{"href":"https:\/\/ueberlebenskunst.at\/survivalshop\/wp-json\/wp\/v2\/types\/product"}],"replies":[{"embeddable":true,"href":"https:\/\/ueberlebenskunst.at\/survivalshop\/wp-json\/wp\/v2\/comments?post=190988"}],"wp:featuredmedia":[{"embeddable":true,"href":"https:\/\/ueberlebenskunst.at\/survivalshop\/wp-json\/wp\/v2\/media\/190990"}],"wp:attachment":[{"href":"https:\/\/ueberlebenskunst.at\/survivalshop\/wp-json\/wp\/v2\/media?parent=190988"}],"wp:term":[{"taxonomy":"product_brand","embeddable":true,"href":"https:\/\/ueberlebenskunst.at\/survivalshop\/wp-json\/wp\/v2\/product_brand?post=190988"},{"taxonomy":"product_cat","embeddable":true,"href":"https:\/\/ueberlebenskunst.at\/survivalshop\/wp-json\/wp\/v2\/product_cat?post=190988"},{"taxonomy":"product_tag","embeddable":true,"href":"https:\/\/ueberlebenskunst.at\/survivalshop\/wp-json\/wp\/v2\/product_tag?post=190988"}],"curies":[{"name":"wp","href":"https:\/\/api.w.org\/{rel}","templated":true}]}}