{"id":189961,"date":"2025-05-06T12:30:06","date_gmt":"2025-05-06T10:30:06","guid":{"rendered":"https:\/\/ueberlebenskunst.at\/survivalshop\/?post_type=product&#038;p=189961"},"modified":"2025-05-27T06:37:46","modified_gmt":"2025-05-27T04:37:46","slug":"t4e-performance-trb-68-nachtleuchtend","status":"seo-produkt","type":"product","link":"https:\/\/ueberlebenskunst.at\/survivalshop\/shop\/t4e-performance-trb-68-nachtleuchtend\/","title":{"rendered":"Flohmarktware: T4E Performance TRB 68 nachtleuchtend 100er, wei\u00df\/fluoresz, 2,87 g, Polybeutel"},"content":{"rendered":"<p>Selbstleuchtende Rundkugeln aus nachleuchtendem Gummi bieten dem Sch\u00fctzen auch bei schlechter Sicht die volle Kontrolle \u00fcber jeden Schuss seines Magazins. Als Kontrollschuss zwischen anderen Munitionsarten oder ausschlie\u00dflich geladen, dienen sie auch Markierern ohne Visierung als Trefferkontrolle. Der fluoreszierende Effekt wird durch Einwirken von UV-Licht, Tageslicht oder der Taschenlampe erreicht.<\/p>\n<p>Kaliber: .68<br \/>\nGewicht: 2,87 g<br \/>\nInhalt: 100 St.<\/p>\n","protected":false},"excerpt":{"rendered":"<p>Selbstleuchtende Rundkugeln aus nachleuchtendem Gummi bieten dem Sch\u00fctzen auch bei schlechter Sicht die volle Kontrolle \u00fcber jeden Schuss seines Magazins. Als Kontrollschuss zwischen anderen Munitionsarten oder ausschlie\u00dflich geladen, dienen sie auch Markierern ohne Visierung als Trefferkontrolle. Der fluoreszierende Effekt wird durch Einwirken von UV-Licht, Tageslicht oder der Taschenlampe erreicht. Kaliber: .68 Gewicht: 2,87 g Inhalt: [&hellip;]<\/p>\n","protected":false},"featured_media":189962,"comment_status":"open","ping_status":"closed","template":"","meta":{"_acf_changed":false},"product_brand":[],"product_cat":[2389],"product_tag":[2390],"class_list":{"0":"post-189961","1":"product","2":"type-product","3":"status-seo-produkt","4":"has-post-thumbnail","6":"product_cat-flohmarkt","7":"product_tag-flohmarkt","9":"first","10":"outofstock","11":"sale","12":"taxable","13":"shipping-taxable","14":"product-type-simple"},"acf":[],"yoast_head":"<!-- This site is optimized with the Yoast SEO plugin v27.1.1 - https:\/\/yoast.com\/product\/yoast-seo-wordpress\/ -->\n<title>Flohmarktware: T4E Performance TRB 68 nachtleuchtend 100er, wei\u00df\/fluoresz, 2,87 g, Polybeutel - Reini Rossmann - Survival Shop<\/title>\n<meta name=\"robots\" content=\"index, follow, max-snippet:-1, max-image-preview:large, max-video-preview:-1\" \/>\n<link rel=\"canonical\" href=\"https:\/\/ueberlebenskunst.at\/survivalshop\/shop\/t4e-performance-trb-68-nachtleuchtend\/\" \/>\n<meta property=\"og:locale\" content=\"de_DE\" \/>\n<meta property=\"og:type\" content=\"article\" \/>\n<meta property=\"og:title\" content=\"Flohmarktware: T4E Performance TRB 68 nachtleuchtend 100er, wei\u00df\/fluoresz, 2,87 g, Polybeutel - Reini Rossmann - Survival Shop\" \/>\n<meta property=\"og:description\" content=\"Selbstleuchtende Rundkugeln aus nachleuchtendem Gummi bieten dem Sch\u00fctzen auch bei schlechter Sicht die volle Kontrolle \u00fcber jeden Schuss seines Magazins. Als Kontrollschuss zwischen anderen Munitionsarten oder ausschlie\u00dflich geladen, dienen sie auch Markierern ohne Visierung als Trefferkontrolle. Der fluoreszierende Effekt wird durch Einwirken von UV-Licht, Tageslicht oder der Taschenlampe erreicht. Kaliber: .68 Gewicht: 2,87 g Inhalt: [&hellip;]\" \/>\n<meta property=\"og:url\" content=\"https:\/\/ueberlebenskunst.at\/survivalshop\/shop\/t4e-performance-trb-68-nachtleuchtend\/\" \/>\n<meta property=\"og:site_name\" content=\"Reini Rossmann - Survival Shop\" \/>\n<meta property=\"article:publisher\" content=\"https:\/\/www.facebook.com\/survival24.org\/\" \/>\n<meta property=\"article:modified_time\" content=\"2025-05-27T04:37:46+00:00\" \/>\n<meta property=\"og:image\" content=\"https:\/\/ueberlebenskunst.at\/survivalshop\/wp-content\/uploads\/2025\/05\/2.4494.jpg\" \/>\n\t<meta property=\"og:image:width\" content=\"400\" \/>\n\t<meta property=\"og:image:height\" content=\"637\" \/>\n\t<meta property=\"og:image:type\" content=\"image\/jpeg\" \/>\n<meta name=\"twitter:card\" content=\"summary_large_image\" \/>\n<meta name=\"twitter:label1\" content=\"Gesch\u00e4tzte Lesezeit\" \/>\n\t<meta name=\"twitter:data1\" content=\"1\u00a0Minute\" \/>\n<script type=\"application\/ld+json\" class=\"yoast-schema-graph\">{\"@context\":\"https:\/\/schema.org\",\"@graph\":[{\"@type\":\"WebPage\",\"@id\":\"https:\/\/ueberlebenskunst.at\/survivalshop\/shop\/t4e-performance-trb-68-nachtleuchtend\/\",\"url\":\"https:\/\/ueberlebenskunst.at\/survivalshop\/shop\/t4e-performance-trb-68-nachtleuchtend\/\",\"name\":\"Flohmarktware: T4E Performance TRB 68 nachtleuchtend 100er, wei\u00df\/fluoresz, 2,87 g, Polybeutel - Reini Rossmann - Survival Shop\",\"isPartOf\":{\"@id\":\"https:\/\/ueberlebenskunst.at\/survivalshop\/#website\"},\"primaryImageOfPage\":{\"@id\":\"https:\/\/ueberlebenskunst.at\/survivalshop\/shop\/t4e-performance-trb-68-nachtleuchtend\/#primaryimage\"},\"image\":{\"@id\":\"https:\/\/ueberlebenskunst.at\/survivalshop\/shop\/t4e-performance-trb-68-nachtleuchtend\/#primaryimage\"},\"thumbnailUrl\":\"https:\/\/ueberlebenskunst.at\/survivalshop\/wp-content\/uploads\/2025\/05\/2.4494.jpg\",\"datePublished\":\"2025-05-06T10:30:06+00:00\",\"dateModified\":\"2025-05-27T04:37:46+00:00\",\"breadcrumb\":{\"@id\":\"https:\/\/ueberlebenskunst.at\/survivalshop\/shop\/t4e-performance-trb-68-nachtleuchtend\/#breadcrumb\"},\"inLanguage\":\"de\",\"potentialAction\":[{\"@type\":\"ReadAction\",\"target\":[\"https:\/\/ueberlebenskunst.at\/survivalshop\/shop\/t4e-performance-trb-68-nachtleuchtend\/\"]}]},{\"@type\":\"ImageObject\",\"inLanguage\":\"de\",\"@id\":\"https:\/\/ueberlebenskunst.at\/survivalshop\/shop\/t4e-performance-trb-68-nachtleuchtend\/#primaryimage\",\"url\":\"https:\/\/ueberlebenskunst.at\/survivalshop\/wp-content\/uploads\/2025\/05\/2.4494.jpg\",\"contentUrl\":\"https:\/\/ueberlebenskunst.at\/survivalshop\/wp-content\/uploads\/2025\/05\/2.4494.jpg\",\"width\":400,\"height\":637},{\"@type\":\"BreadcrumbList\",\"@id\":\"https:\/\/ueberlebenskunst.at\/survivalshop\/shop\/t4e-performance-trb-68-nachtleuchtend\/#breadcrumb\",\"itemListElement\":[{\"@type\":\"ListItem\",\"position\":1,\"name\":\"Startseite\",\"item\":\"https:\/\/ueberlebenskunst.at\/survivalshop\/\"},{\"@type\":\"ListItem\",\"position\":2,\"name\":\"Shop\",\"item\":\"https:\/\/ueberlebenskunst.at\/survivalshop\/shop\/\"},{\"@type\":\"ListItem\",\"position\":3,\"name\":\"Flohmarktware: T4E Performance TRB 68 nachtleuchtend 100er, wei\u00df\/fluoresz, 2,87 g, Polybeutel\"}]},{\"@type\":\"WebSite\",\"@id\":\"https:\/\/ueberlebenskunst.at\/survivalshop\/#website\",\"url\":\"https:\/\/ueberlebenskunst.at\/survivalshop\/\",\"name\":\"Reini Rossmann - Survival Shop\",\"description\":\"Survival Shop f\u00fcr Survival, Bushcraft und Prepper\",\"potentialAction\":[{\"@type\":\"SearchAction\",\"target\":{\"@type\":\"EntryPoint\",\"urlTemplate\":\"https:\/\/ueberlebenskunst.at\/survivalshop\/?s={search_term_string}\"},\"query-input\":{\"@type\":\"PropertyValueSpecification\",\"valueRequired\":true,\"valueName\":\"search_term_string\"}}],\"inLanguage\":\"de\"}]}<\/script>\n<!-- \/ Yoast SEO plugin. -->","yoast_head_json":{"title":"Flohmarktware: T4E Performance TRB 68 nachtleuchtend 100er, wei\u00df\/fluoresz, 2,87 g, Polybeutel - Reini Rossmann - Survival Shop","robots":{"index":"index","follow":"follow","max-snippet":"max-snippet:-1","max-image-preview":"max-image-preview:large","max-video-preview":"max-video-preview:-1"},"canonical":"https:\/\/ueberlebenskunst.at\/survivalshop\/shop\/t4e-performance-trb-68-nachtleuchtend\/","og_locale":"de_DE","og_type":"article","og_title":"Flohmarktware: T4E Performance TRB 68 nachtleuchtend 100er, wei\u00df\/fluoresz, 2,87 g, Polybeutel - Reini Rossmann - Survival Shop","og_description":"Selbstleuchtende Rundkugeln aus nachleuchtendem Gummi bieten dem Sch\u00fctzen auch bei schlechter Sicht die volle Kontrolle \u00fcber jeden Schuss seines Magazins. Als Kontrollschuss zwischen anderen Munitionsarten oder ausschlie\u00dflich geladen, dienen sie auch Markierern ohne Visierung als Trefferkontrolle. Der fluoreszierende Effekt wird durch Einwirken von UV-Licht, Tageslicht oder der Taschenlampe erreicht. Kaliber: .68 Gewicht: 2,87 g Inhalt: [&hellip;]","og_url":"https:\/\/ueberlebenskunst.at\/survivalshop\/shop\/t4e-performance-trb-68-nachtleuchtend\/","og_site_name":"Reini Rossmann - Survival Shop","article_publisher":"https:\/\/www.facebook.com\/survival24.org\/","article_modified_time":"2025-05-27T04:37:46+00:00","og_image":[{"width":400,"height":637,"url":"https:\/\/ueberlebenskunst.at\/survivalshop\/wp-content\/uploads\/2025\/05\/2.4494.jpg","type":"image\/jpeg"}],"twitter_card":"summary_large_image","twitter_misc":{"Gesch\u00e4tzte Lesezeit":"1\u00a0Minute"},"schema":{"@context":"https:\/\/schema.org","@graph":[{"@type":"WebPage","@id":"https:\/\/ueberlebenskunst.at\/survivalshop\/shop\/t4e-performance-trb-68-nachtleuchtend\/","url":"https:\/\/ueberlebenskunst.at\/survivalshop\/shop\/t4e-performance-trb-68-nachtleuchtend\/","name":"Flohmarktware: T4E Performance TRB 68 nachtleuchtend 100er, wei\u00df\/fluoresz, 2,87 g, Polybeutel - Reini Rossmann - Survival Shop","isPartOf":{"@id":"https:\/\/ueberlebenskunst.at\/survivalshop\/#website"},"primaryImageOfPage":{"@id":"https:\/\/ueberlebenskunst.at\/survivalshop\/shop\/t4e-performance-trb-68-nachtleuchtend\/#primaryimage"},"image":{"@id":"https:\/\/ueberlebenskunst.at\/survivalshop\/shop\/t4e-performance-trb-68-nachtleuchtend\/#primaryimage"},"thumbnailUrl":"https:\/\/ueberlebenskunst.at\/survivalshop\/wp-content\/uploads\/2025\/05\/2.4494.jpg","datePublished":"2025-05-06T10:30:06+00:00","dateModified":"2025-05-27T04:37:46+00:00","breadcrumb":{"@id":"https:\/\/ueberlebenskunst.at\/survivalshop\/shop\/t4e-performance-trb-68-nachtleuchtend\/#breadcrumb"},"inLanguage":"de","potentialAction":[{"@type":"ReadAction","target":["https:\/\/ueberlebenskunst.at\/survivalshop\/shop\/t4e-performance-trb-68-nachtleuchtend\/"]}]},{"@type":"ImageObject","inLanguage":"de","@id":"https:\/\/ueberlebenskunst.at\/survivalshop\/shop\/t4e-performance-trb-68-nachtleuchtend\/#primaryimage","url":"https:\/\/ueberlebenskunst.at\/survivalshop\/wp-content\/uploads\/2025\/05\/2.4494.jpg","contentUrl":"https:\/\/ueberlebenskunst.at\/survivalshop\/wp-content\/uploads\/2025\/05\/2.4494.jpg","width":400,"height":637},{"@type":"BreadcrumbList","@id":"https:\/\/ueberlebenskunst.at\/survivalshop\/shop\/t4e-performance-trb-68-nachtleuchtend\/#breadcrumb","itemListElement":[{"@type":"ListItem","position":1,"name":"Startseite","item":"https:\/\/ueberlebenskunst.at\/survivalshop\/"},{"@type":"ListItem","position":2,"name":"Shop","item":"https:\/\/ueberlebenskunst.at\/survivalshop\/shop\/"},{"@type":"ListItem","position":3,"name":"Flohmarktware: T4E Performance TRB 68 nachtleuchtend 100er, wei\u00df\/fluoresz, 2,87 g, Polybeutel"}]},{"@type":"WebSite","@id":"https:\/\/ueberlebenskunst.at\/survivalshop\/#website","url":"https:\/\/ueberlebenskunst.at\/survivalshop\/","name":"Reini Rossmann - Survival Shop","description":"Survival Shop f\u00fcr Survival, Bushcraft und Prepper","potentialAction":[{"@type":"SearchAction","target":{"@type":"EntryPoint","urlTemplate":"https:\/\/ueberlebenskunst.at\/survivalshop\/?s={search_term_string}"},"query-input":{"@type":"PropertyValueSpecification","valueRequired":true,"valueName":"search_term_string"}}],"inLanguage":"de"}]}},"_links":{"self":[{"href":"https:\/\/ueberlebenskunst.at\/survivalshop\/wp-json\/wp\/v2\/product\/189961","targetHints":{"allow":["GET"]}}],"collection":[{"href":"https:\/\/ueberlebenskunst.at\/survivalshop\/wp-json\/wp\/v2\/product"}],"about":[{"href":"https:\/\/ueberlebenskunst.at\/survivalshop\/wp-json\/wp\/v2\/types\/product"}],"replies":[{"embeddable":true,"href":"https:\/\/ueberlebenskunst.at\/survivalshop\/wp-json\/wp\/v2\/comments?post=189961"}],"wp:featuredmedia":[{"embeddable":true,"href":"https:\/\/ueberlebenskunst.at\/survivalshop\/wp-json\/wp\/v2\/media\/189962"}],"wp:attachment":[{"href":"https:\/\/ueberlebenskunst.at\/survivalshop\/wp-json\/wp\/v2\/media?parent=189961"}],"wp:term":[{"taxonomy":"product_brand","embeddable":true,"href":"https:\/\/ueberlebenskunst.at\/survivalshop\/wp-json\/wp\/v2\/product_brand?post=189961"},{"taxonomy":"product_cat","embeddable":true,"href":"https:\/\/ueberlebenskunst.at\/survivalshop\/wp-json\/wp\/v2\/product_cat?post=189961"},{"taxonomy":"product_tag","embeddable":true,"href":"https:\/\/ueberlebenskunst.at\/survivalshop\/wp-json\/wp\/v2\/product_tag?post=189961"}],"curies":[{"name":"wp","href":"https:\/\/api.w.org\/{rel}","templated":true}]}}